{"id":26369,"date":"2023-07-20T19:15:52","date_gmt":"2023-07-20T19:15:52","guid":{"rendered":"https:\/\/kidsplay.lt\/?post_type=product&#038;p=26369"},"modified":"2025-12-24T09:02:58","modified_gmt":"2025-12-24T07:02:58","slug":"medine-klasikine-vaikiska-virtuve","status":"publish","type":"product","link":"https:\/\/kidsplay.lt\/lv\/products\/medine-klasikine-vaikiska-virtuve\/","title":{"rendered":"Koka klasisk\u0101 b\u0113rnu virtuve"},"content":{"rendered":"<p>Auk\u0161\u010diausios kokyb\u0117s, presti\u017ein\u0117, medin\u0117 virtuv\u0117 smagiam gaminimui.\u00a0Tiksliai baigtas ir gausiai \u012frengtas.\u00a0Pridedamas laikrodis, kuris gali b\u016bti naudingas mokantis j\u012f skaityti, ir priedai, kurie suteiks daug valand\u0173 nepamir\u0161tam\u0173 pramog\u0173.<\/p>\n<p>\u012e komplektacij\u0105 \u012feina: virtuv\u0117 su dviem degikliais su judamomis ranken\u0117l\u0117mis, orkait\u0117 su termoreguliacija ir dviem kameromis, metalin\u0117 kriaukl\u0117 su \u010diaupu ir kilnojamos ranken\u0117l\u0117s kar\u0161tam ir \u0161altam vandeniui, lentynos gaminiams, laikrodis, gartraukis.<\/p>\n<p>Priedai yra puodas, keptuv\u0117, apsaugin\u0117 pir\u0161tin\u0117, virtuv\u0117s reikmenys, druskos ir pipir\u0173 plaktuvai.<\/p>\n<ul>\n<li>Matmenys: 60x30x75 cm.<\/li>\n<li>Stalvir\u0161io auk\u0161tis: 45,5 cm.<\/li>\n<\/ul>","protected":false},"excerpt":{"rendered":"<p>Vaiki\u0161ka virtuv\u0117l\u0117 lavina vaizduot\u0119 ir skatina k\u016brybi\u0161kum\u0105, o b\u016bdama didesn\u0117je grup\u0117je moko bendrauti, bendradarbiauti grup\u0117je ir tobulina socialinius bei integracijos \u012fg\u016bd\u017eius; didina rankinius \u012fg\u016bd\u017eius, taip pat gali tapti \u012fkv\u0117pimu ir prisid\u0117ti prie b\u016bsimo vir\u0117jo s\u0117km\u0117s.<\/p>","protected":false},"featured_media":26365,"template":"","meta":{"_acf_changed":false,"_glsr_average":0,"_glsr_ranking":0,"_glsr_reviews":0},"product_brand":[],"product_cat":[399,282,229],"product_tag":[],"class_list":{"0":"post-26369","1":"product","2":"type-product","3":"status-publish","4":"has-post-thumbnail","6":"product_cat-vaidmenu-zaidimai-2","7":"product_cat-virtuves-reikmenys-vaidmenu-zaidimai","8":"product_cat-zaislai-vaikams","9":"\"style=\"background-color: #2ecc711c;\"","11":"first","12":"instock","13":"purchasable","14":"product-type-simple"},"acf":[],"yoast_head":"<!-- This site is optimized with the Yoast SEO plugin v27.4 - https:\/\/yoast.com\/product\/yoast-seo-wordpress\/ -->\n<title>Medin\u0117 klasikin\u0117 vaiki\u0161ka virtuv\u0117 - KidsPlay<\/title>\n<meta name=\"description\" content=\"Vaiki\u0161ka virtuv\u0117l\u0117 lavina vaizduot\u0119 ir skatina k\u016brybi\u0161kum\u0105, o b\u016bdama didesn\u0117je grup\u0117je moko bendrauti, bendradarbiauti grup\u0117je.\" \/>\n<meta name=\"robots\" content=\"index, follow, max-snippet:-1, max-image-preview:large, max-video-preview:-1\" \/>\n<link rel=\"canonical\" href=\"https:\/\/kidsplay.lt\/lv\/products\/medine-klasikine-vaikiska-virtuve\/\" \/>\n<meta property=\"og:locale\" content=\"lv_LV\" \/>\n<meta property=\"og:type\" content=\"article\" \/>\n<meta property=\"og:title\" content=\"Medin\u0117 klasikin\u0117 vaiki\u0161ka virtuv\u0117 - KidsPlay\" \/>\n<meta property=\"og:description\" content=\"Vaiki\u0161ka virtuv\u0117l\u0117 lavina vaizduot\u0119 ir skatina k\u016brybi\u0161kum\u0105, o b\u016bdama didesn\u0117je grup\u0117je moko bendrauti, bendradarbiauti grup\u0117je.\" \/>\n<meta property=\"og:url\" content=\"https:\/\/kidsplay.lt\/lv\/products\/medine-klasikine-vaikiska-virtuve\/\" \/>\n<meta property=\"og:site_name\" content=\"KidsPlay\" \/>\n<meta property=\"article:publisher\" content=\"https:\/\/www.facebook.com\/www.kidsplay.lt\" \/>\n<meta property=\"article:modified_time\" content=\"2025-12-24T07:02:58+00:00\" \/>\n<meta property=\"og:image\" content=\"https:\/\/kidsplay.lt\/wp-content\/uploads\/2023\/07\/Klasikine-vaikiska-virtuvele.jpg\" \/>\n\t<meta property=\"og:image:width\" content=\"1200\" \/>\n\t<meta property=\"og:image:height\" content=\"1402\" \/>\n\t<meta property=\"og:image:type\" content=\"image\/jpeg\" \/>\n<meta name=\"twitter:card\" content=\"summary_large_image\" \/>\n<meta name=\"twitter:label1\" content=\"Est. reading time\" \/>\n\t<meta name=\"twitter:data1\" content=\"1 min\u016bte\" \/>\n<script type=\"application\/ld+json\" class=\"yoast-schema-graph\">{\"@context\":\"https:\\\/\\\/schema.org\",\"@graph\":[{\"@type\":\"WebPage\",\"@id\":\"https:\\\/\\\/kidsplay.lt\\\/produktas\\\/medine-klasikine-vaikiska-virtuve\\\/\",\"url\":\"https:\\\/\\\/kidsplay.lt\\\/produktas\\\/medine-klasikine-vaikiska-virtuve\\\/\",\"name\":\"Medin\u0117 klasikin\u0117 vaiki\u0161ka virtuv\u0117 - KidsPlay\",\"isPartOf\":{\"@id\":\"https:\\\/\\\/kidsplay.lt\\\/#website\"},\"primaryImageOfPage\":{\"@id\":\"https:\\\/\\\/kidsplay.lt\\\/produktas\\\/medine-klasikine-vaikiska-virtuve\\\/#primaryimage\"},\"image\":{\"@id\":\"https:\\\/\\\/kidsplay.lt\\\/produktas\\\/medine-klasikine-vaikiska-virtuve\\\/#primaryimage\"},\"thumbnailUrl\":\"https:\\\/\\\/kidsplay.lt\\\/wp-content\\\/uploads\\\/2023\\\/07\\\/Klasikine-vaikiska-virtuvele.jpg\",\"datePublished\":\"2023-07-20T19:15:52+00:00\",\"dateModified\":\"2025-12-24T07:02:58+00:00\",\"description\":\"Vaiki\u0161ka virtuv\u0117l\u0117 lavina vaizduot\u0119 ir skatina k\u016brybi\u0161kum\u0105, o b\u016bdama didesn\u0117je grup\u0117je moko bendrauti, bendradarbiauti grup\u0117je.\",\"breadcrumb\":{\"@id\":\"https:\\\/\\\/kidsplay.lt\\\/produktas\\\/medine-klasikine-vaikiska-virtuve\\\/#breadcrumb\"},\"inLanguage\":\"lv-LV\",\"potentialAction\":[{\"@type\":\"ReadAction\",\"target\":[\"https:\\\/\\\/kidsplay.lt\\\/produktas\\\/medine-klasikine-vaikiska-virtuve\\\/\"]}]},{\"@type\":\"ImageObject\",\"inLanguage\":\"lv-LV\",\"@id\":\"https:\\\/\\\/kidsplay.lt\\\/produktas\\\/medine-klasikine-vaikiska-virtuve\\\/#primaryimage\",\"url\":\"https:\\\/\\\/kidsplay.lt\\\/wp-content\\\/uploads\\\/2023\\\/07\\\/Klasikine-vaikiska-virtuvele.jpg\",\"contentUrl\":\"https:\\\/\\\/kidsplay.lt\\\/wp-content\\\/uploads\\\/2023\\\/07\\\/Klasikine-vaikiska-virtuvele.jpg\",\"width\":1200,\"height\":1402,\"caption\":\"Medin\u0117 klasikin\u0117 vaiki\u0161ka virtuv\u0117\"},{\"@type\":\"BreadcrumbList\",\"@id\":\"https:\\\/\\\/kidsplay.lt\\\/produktas\\\/medine-klasikine-vaikiska-virtuve\\\/#breadcrumb\",\"itemListElement\":[{\"@type\":\"ListItem\",\"position\":1,\"name\":\"Pagrindinis\",\"item\":\"https:\\\/\\\/kidsplay.lt\\\/\"},{\"@type\":\"ListItem\",\"position\":2,\"name\":\"Parduotuv\u0117\",\"item\":\"https:\\\/\\\/kidsplay.lt\\\/parduotuve\\\/\"},{\"@type\":\"ListItem\",\"position\":3,\"name\":\"Medin\u0117 klasikin\u0117 vaiki\u0161ka virtuv\u0117\"}]},{\"@type\":\"WebSite\",\"@id\":\"https:\\\/\\\/kidsplay.lt\\\/#website\",\"url\":\"https:\\\/\\\/kidsplay.lt\\\/\",\"name\":\"Kidsplay.lt\",\"description\":\"\u012evairios prek\u0117s vaikams\",\"publisher\":{\"@id\":\"https:\\\/\\\/kidsplay.lt\\\/#organization\"},\"alternateName\":\"Kidsplay\",\"potentialAction\":[{\"@type\":\"SearchAction\",\"target\":{\"@type\":\"EntryPoint\",\"urlTemplate\":\"https:\\\/\\\/kidsplay.lt\\\/?s={search_term_string}\"},\"query-input\":{\"@type\":\"PropertyValueSpecification\",\"valueRequired\":true,\"valueName\":\"search_term_string\"}}],\"inLanguage\":\"lv-LV\"},{\"@type\":\"Organization\",\"@id\":\"https:\\\/\\\/kidsplay.lt\\\/#organization\",\"name\":\"KidsPlay\",\"url\":\"https:\\\/\\\/kidsplay.lt\\\/\",\"logo\":{\"@type\":\"ImageObject\",\"inLanguage\":\"lv-LV\",\"@id\":\"https:\\\/\\\/kidsplay.lt\\\/#\\\/schema\\\/logo\\\/image\\\/\",\"url\":\"https:\\\/\\\/kidsplay.lt\\\/wp-content\\\/uploads\\\/2023\\\/07\\\/kidsplay-logo.png\",\"contentUrl\":\"https:\\\/\\\/kidsplay.lt\\\/wp-content\\\/uploads\\\/2023\\\/07\\\/kidsplay-logo.png\",\"width\":451,\"height\":98,\"caption\":\"KidsPlay\"},\"image\":{\"@id\":\"https:\\\/\\\/kidsplay.lt\\\/#\\\/schema\\\/logo\\\/image\\\/\"},\"sameAs\":[\"https:\\\/\\\/www.facebook.com\\\/www.kidsplay.lt\"]}]}<\/script>\n<!-- \/ Yoast SEO plugin. -->","yoast_head_json":{"title":"Medin\u0117 klasikin\u0117 vaiki\u0161ka virtuv\u0117 - KidsPlay","description":"Vaiki\u0161ka virtuv\u0117l\u0117 lavina vaizduot\u0119 ir skatina k\u016brybi\u0161kum\u0105, o b\u016bdama didesn\u0117je grup\u0117je moko bendrauti, bendradarbiauti grup\u0117je.","robots":{"index":"index","follow":"follow","max-snippet":"max-snippet:-1","max-image-preview":"max-image-preview:large","max-video-preview":"max-video-preview:-1"},"canonical":"https:\/\/kidsplay.lt\/lv\/products\/medine-klasikine-vaikiska-virtuve\/","og_locale":"lv_LV","og_type":"article","og_title":"Medin\u0117 klasikin\u0117 vaiki\u0161ka virtuv\u0117 - KidsPlay","og_description":"Vaiki\u0161ka virtuv\u0117l\u0117 lavina vaizduot\u0119 ir skatina k\u016brybi\u0161kum\u0105, o b\u016bdama didesn\u0117je grup\u0117je moko bendrauti, bendradarbiauti grup\u0117je.","og_url":"https:\/\/kidsplay.lt\/lv\/products\/medine-klasikine-vaikiska-virtuve\/","og_site_name":"KidsPlay","article_publisher":"https:\/\/www.facebook.com\/www.kidsplay.lt","article_modified_time":"2025-12-24T07:02:58+00:00","og_image":[{"width":1200,"height":1402,"url":"https:\/\/kidsplay.lt\/wp-content\/uploads\/2023\/07\/Klasikine-vaikiska-virtuvele.jpg","type":"image\/jpeg"}],"twitter_card":"summary_large_image","twitter_misc":{"Est. reading time":"1 min\u016bte"},"schema":{"@context":"https:\/\/schema.org","@graph":[{"@type":"WebPage","@id":"https:\/\/kidsplay.lt\/produktas\/medine-klasikine-vaikiska-virtuve\/","url":"https:\/\/kidsplay.lt\/produktas\/medine-klasikine-vaikiska-virtuve\/","name":"Medin\u0117 klasikin\u0117 vaiki\u0161ka virtuv\u0117 - KidsPlay","isPartOf":{"@id":"https:\/\/kidsplay.lt\/#website"},"primaryImageOfPage":{"@id":"https:\/\/kidsplay.lt\/produktas\/medine-klasikine-vaikiska-virtuve\/#primaryimage"},"image":{"@id":"https:\/\/kidsplay.lt\/produktas\/medine-klasikine-vaikiska-virtuve\/#primaryimage"},"thumbnailUrl":"https:\/\/kidsplay.lt\/wp-content\/uploads\/2023\/07\/Klasikine-vaikiska-virtuvele.jpg","datePublished":"2023-07-20T19:15:52+00:00","dateModified":"2025-12-24T07:02:58+00:00","description":"Vaiki\u0161ka virtuv\u0117l\u0117 lavina vaizduot\u0119 ir skatina k\u016brybi\u0161kum\u0105, o b\u016bdama didesn\u0117je grup\u0117je moko bendrauti, bendradarbiauti grup\u0117je.","breadcrumb":{"@id":"https:\/\/kidsplay.lt\/produktas\/medine-klasikine-vaikiska-virtuve\/#breadcrumb"},"inLanguage":"lv-LV","potentialAction":[{"@type":"ReadAction","target":["https:\/\/kidsplay.lt\/produktas\/medine-klasikine-vaikiska-virtuve\/"]}]},{"@type":"ImageObject","inLanguage":"lv-LV","@id":"https:\/\/kidsplay.lt\/produktas\/medine-klasikine-vaikiska-virtuve\/#primaryimage","url":"https:\/\/kidsplay.lt\/wp-content\/uploads\/2023\/07\/Klasikine-vaikiska-virtuvele.jpg","contentUrl":"https:\/\/kidsplay.lt\/wp-content\/uploads\/2023\/07\/Klasikine-vaikiska-virtuvele.jpg","width":1200,"height":1402,"caption":"Medin\u0117 klasikin\u0117 vaiki\u0161ka virtuv\u0117"},{"@type":"BreadcrumbList","@id":"https:\/\/kidsplay.lt\/produktas\/medine-klasikine-vaikiska-virtuve\/#breadcrumb","itemListElement":[{"@type":"ListItem","position":1,"name":"Pagrindinis","item":"https:\/\/kidsplay.lt\/"},{"@type":"ListItem","position":2,"name":"Parduotuv\u0117","item":"https:\/\/kidsplay.lt\/parduotuve\/"},{"@type":"ListItem","position":3,"name":"Medin\u0117 klasikin\u0117 vaiki\u0161ka virtuv\u0117"}]},{"@type":"WebSite","@id":"https:\/\/kidsplay.lt\/#website","url":"https:\/\/kidsplay.lt\/","name":"B\u0113rnu sp\u0113les.lv","description":"\u012evairios prek\u0117s vaikams","publisher":{"@id":"https:\/\/kidsplay.lt\/#organization"},"alternateName":"Kidsplay","potentialAction":[{"@type":"SearchAction","target":{"@type":"EntryPoint","urlTemplate":"https:\/\/kidsplay.lt\/?s={search_term_string}"},"query-input":{"@type":"PropertyValueSpecification","valueRequired":true,"valueName":"search_term_string"}}],"inLanguage":"lv-LV"},{"@type":"Organization","@id":"https:\/\/kidsplay.lt\/#organization","name":"B\u0113rnu sp\u0113le","url":"https:\/\/kidsplay.lt\/","logo":{"@type":"ImageObject","inLanguage":"lv-LV","@id":"https:\/\/kidsplay.lt\/#\/schema\/logo\/image\/","url":"https:\/\/kidsplay.lt\/wp-content\/uploads\/2023\/07\/kidsplay-logo.png","contentUrl":"https:\/\/kidsplay.lt\/wp-content\/uploads\/2023\/07\/kidsplay-logo.png","width":451,"height":98,"caption":"KidsPlay"},"image":{"@id":"https:\/\/kidsplay.lt\/#\/schema\/logo\/image\/"},"sameAs":["https:\/\/www.facebook.com\/www.kidsplay.lt"]}]}},"_links":{"self":[{"href":"https:\/\/kidsplay.lt\/lv\/wp-json\/wp\/v2\/product\/26369","targetHints":{"allow":["GET"]}}],"collection":[{"href":"https:\/\/kidsplay.lt\/lv\/wp-json\/wp\/v2\/product"}],"about":[{"href":"https:\/\/kidsplay.lt\/lv\/wp-json\/wp\/v2\/types\/product"}],"version-history":[{"count":2,"href":"https:\/\/kidsplay.lt\/lv\/wp-json\/wp\/v2\/product\/26369\/revisions"}],"predecessor-version":[{"id":74358,"href":"https:\/\/kidsplay.lt\/lv\/wp-json\/wp\/v2\/product\/26369\/revisions\/74358"}],"wp:featuredmedia":[{"embeddable":true,"href":"https:\/\/kidsplay.lt\/lv\/wp-json\/wp\/v2\/media\/26365"}],"wp:attachment":[{"href":"https:\/\/kidsplay.lt\/lv\/wp-json\/wp\/v2\/media?parent=26369"}],"wp:term":[{"taxonomy":"product_brand","embeddable":true,"href":"https:\/\/kidsplay.lt\/lv\/wp-json\/wp\/v2\/product_brand?post=26369"},{"taxonomy":"product_cat","embeddable":true,"href":"https:\/\/kidsplay.lt\/lv\/wp-json\/wp\/v2\/product_cat?post=26369"},{"taxonomy":"product_tag","embeddable":true,"href":"https:\/\/kidsplay.lt\/lv\/wp-json\/wp\/v2\/product_tag?post=26369"}],"curies":[{"name":"wp","href":"https:\/\/api.w.org\/{rel}","templated":true}]}}