{"id":26455,"date":"2023-07-20T23:56:58","date_gmt":"2023-07-20T20:56:58","guid":{"rendered":"https:\/\/kidsplay.lt\/?post_type=product&#038;p=26455"},"modified":"2025-10-04T14:44:14","modified_gmt":"2025-10-04T11:44:14","slug":"aukso-spalvos-balionas-skaicius-5-100cm-1vnt","status":"publish","type":"product","link":"https:\/\/kidsplay.lt\/lv\/products\/aukso-spalvos-balionas-skaicius-5-100cm-1vnt\/","title":{"rendered":"Aukso spalvos balionas skai\u010dius 5 100cm. 1vnt."},"content":{"rendered":"<p>Aukso spalvos balionas skai\u010dius <strong>5<\/strong> 100cm. 1 vnt.<br \/>\nBalionas yra su \u0161iaudeliu, kad b\u016bt\u0173 lengva prip\u016bsti.<br \/>\nNeatsiejama kiekvieno gimtadienio ar renginio dalis.<\/p>\n<p><strong>Pakuot\u0117je<\/strong>: 1 vnt.<br \/>\n<strong>Dydis<\/strong>: 100 cm.<br \/>\n<strong>Kr\u0101sa<\/strong>: Aukso<\/p>","protected":false},"excerpt":{"rendered":"<p>Aukso spalvos balionas skai\u010dius 5 100cm. 1vnt.<\/p>","protected":false},"featured_media":26456,"template":"","meta":{"_acf_changed":false,"_glsr_average":0,"_glsr_ranking":0,"_glsr_reviews":0},"product_brand":[],"product_cat":[374,372],"product_tag":[],"class_list":{"0":"post-26455","1":"product","2":"type-product","3":"status-publish","4":"has-post-thumbnail","6":"product_cat-balionai","7":"product_cat-vaiku-sventems","8":"\"style=\"background-color: #2ecc711c;\"","10":"first","11":"instock","12":"sale","13":"shipping-taxable","14":"purchasable","15":"product-type-simple"},"acf":[],"yoast_head":"<!-- This site is optimized with the Yoast SEO plugin v27.3 - https:\/\/yoast.com\/product\/yoast-seo-wordpress\/ -->\n<title>Aukso spalvos balionas skai\u010dius 5 100cm. 1vnt. - KidsPlay<\/title>\n<meta name=\"description\" content=\"Aukso spalvos balionas skai\u010dius 5 100cm. 1 vnt. Balionas yra su \u0161iaudeliu, kad b\u016bt\u0173 lengva prip\u016bsti. Neatsiejama kiekvieno gimtadienio ar renginio dalis.\" \/>\n<meta name=\"robots\" content=\"index, follow, max-snippet:-1, max-image-preview:large, max-video-preview:-1\" \/>\n<link rel=\"canonical\" href=\"https:\/\/kidsplay.lt\/lv\/products\/aukso-spalvos-balionas-skaicius-5-100cm-1vnt\/\" \/>\n<meta property=\"og:locale\" content=\"lv_LV\" \/>\n<meta property=\"og:type\" content=\"article\" \/>\n<meta property=\"og:title\" content=\"Aukso spalvos balionas skai\u010dius 5 100cm. 1vnt. - KidsPlay\" \/>\n<meta property=\"og:description\" content=\"Aukso spalvos balionas skai\u010dius 5 100cm. 1 vnt. Balionas yra su \u0161iaudeliu, kad b\u016bt\u0173 lengva prip\u016bsti. Neatsiejama kiekvieno gimtadienio ar renginio dalis.\" \/>\n<meta property=\"og:url\" content=\"https:\/\/kidsplay.lt\/lv\/products\/aukso-spalvos-balionas-skaicius-5-100cm-1vnt\/\" \/>\n<meta property=\"og:site_name\" content=\"KidsPlay\" \/>\n<meta property=\"article:publisher\" content=\"https:\/\/www.facebook.com\/www.kidsplay.lt\" \/>\n<meta property=\"article:modified_time\" content=\"2025-10-04T11:44:14+00:00\" \/>\n<meta property=\"og:image\" content=\"https:\/\/kidsplay.lt\/wp-content\/uploads\/2023\/07\/balionas-skaicius-penki.png\" \/>\n\t<meta property=\"og:image:width\" content=\"615\" \/>\n\t<meta property=\"og:image:height\" content=\"846\" \/>\n\t<meta property=\"og:image:type\" content=\"image\/png\" \/>\n<meta name=\"twitter:card\" content=\"summary_large_image\" \/>\n<meta name=\"twitter:label1\" content=\"Est. reading time\" \/>\n\t<meta name=\"twitter:data1\" content=\"1 min\u016bte\" \/>\n<script type=\"application\/ld+json\" class=\"yoast-schema-graph\">{\"@context\":\"https:\\\/\\\/schema.org\",\"@graph\":[{\"@type\":\"WebPage\",\"@id\":\"https:\\\/\\\/kidsplay.lt\\\/produktas\\\/aukso-spalvos-balionas-skaicius-5-100cm-1vnt\\\/\",\"url\":\"https:\\\/\\\/kidsplay.lt\\\/produktas\\\/aukso-spalvos-balionas-skaicius-5-100cm-1vnt\\\/\",\"name\":\"Aukso spalvos balionas skai\u010dius 5 100cm. 1vnt. - KidsPlay\",\"isPartOf\":{\"@id\":\"https:\\\/\\\/kidsplay.lt\\\/#website\"},\"primaryImageOfPage\":{\"@id\":\"https:\\\/\\\/kidsplay.lt\\\/produktas\\\/aukso-spalvos-balionas-skaicius-5-100cm-1vnt\\\/#primaryimage\"},\"image\":{\"@id\":\"https:\\\/\\\/kidsplay.lt\\\/produktas\\\/aukso-spalvos-balionas-skaicius-5-100cm-1vnt\\\/#primaryimage\"},\"thumbnailUrl\":\"https:\\\/\\\/kidsplay.lt\\\/wp-content\\\/uploads\\\/2023\\\/07\\\/balionas-skaicius-penki.png\",\"datePublished\":\"2023-07-20T20:56:58+00:00\",\"dateModified\":\"2025-10-04T11:44:14+00:00\",\"description\":\"Aukso spalvos balionas skai\u010dius 5 100cm. 1 vnt. Balionas yra su \u0161iaudeliu, kad b\u016bt\u0173 lengva prip\u016bsti. Neatsiejama kiekvieno gimtadienio ar renginio dalis.\",\"breadcrumb\":{\"@id\":\"https:\\\/\\\/kidsplay.lt\\\/produktas\\\/aukso-spalvos-balionas-skaicius-5-100cm-1vnt\\\/#breadcrumb\"},\"inLanguage\":\"lv-LV\",\"potentialAction\":[{\"@type\":\"ReadAction\",\"target\":[\"https:\\\/\\\/kidsplay.lt\\\/produktas\\\/aukso-spalvos-balionas-skaicius-5-100cm-1vnt\\\/\"]}]},{\"@type\":\"ImageObject\",\"inLanguage\":\"lv-LV\",\"@id\":\"https:\\\/\\\/kidsplay.lt\\\/produktas\\\/aukso-spalvos-balionas-skaicius-5-100cm-1vnt\\\/#primaryimage\",\"url\":\"https:\\\/\\\/kidsplay.lt\\\/wp-content\\\/uploads\\\/2023\\\/07\\\/balionas-skaicius-penki.png\",\"contentUrl\":\"https:\\\/\\\/kidsplay.lt\\\/wp-content\\\/uploads\\\/2023\\\/07\\\/balionas-skaicius-penki.png\",\"width\":615,\"height\":846,\"caption\":\"balionas skai\u010dius penki\"},{\"@type\":\"BreadcrumbList\",\"@id\":\"https:\\\/\\\/kidsplay.lt\\\/produktas\\\/aukso-spalvos-balionas-skaicius-5-100cm-1vnt\\\/#breadcrumb\",\"itemListElement\":[{\"@type\":\"ListItem\",\"position\":1,\"name\":\"Pagrindinis\",\"item\":\"https:\\\/\\\/kidsplay.lt\\\/\"},{\"@type\":\"ListItem\",\"position\":2,\"name\":\"Parduotuv\u0117\",\"item\":\"https:\\\/\\\/kidsplay.lt\\\/parduotuve\\\/\"},{\"@type\":\"ListItem\",\"position\":3,\"name\":\"Aukso spalvos balionas skai\u010dius 5 100cm. 1vnt.\"}]},{\"@type\":\"WebSite\",\"@id\":\"https:\\\/\\\/kidsplay.lt\\\/#website\",\"url\":\"https:\\\/\\\/kidsplay.lt\\\/\",\"name\":\"Kidsplay.lt\",\"description\":\"\u012evairios prek\u0117s vaikams\",\"publisher\":{\"@id\":\"https:\\\/\\\/kidsplay.lt\\\/#organization\"},\"alternateName\":\"Kidsplay\",\"potentialAction\":[{\"@type\":\"SearchAction\",\"target\":{\"@type\":\"EntryPoint\",\"urlTemplate\":\"https:\\\/\\\/kidsplay.lt\\\/?s={search_term_string}\"},\"query-input\":{\"@type\":\"PropertyValueSpecification\",\"valueRequired\":true,\"valueName\":\"search_term_string\"}}],\"inLanguage\":\"lv-LV\"},{\"@type\":\"Organization\",\"@id\":\"https:\\\/\\\/kidsplay.lt\\\/#organization\",\"name\":\"KidsPlay\",\"url\":\"https:\\\/\\\/kidsplay.lt\\\/\",\"logo\":{\"@type\":\"ImageObject\",\"inLanguage\":\"lv-LV\",\"@id\":\"https:\\\/\\\/kidsplay.lt\\\/#\\\/schema\\\/logo\\\/image\\\/\",\"url\":\"https:\\\/\\\/kidsplay.lt\\\/wp-content\\\/uploads\\\/2023\\\/07\\\/kidsplay-logo.png\",\"contentUrl\":\"https:\\\/\\\/kidsplay.lt\\\/wp-content\\\/uploads\\\/2023\\\/07\\\/kidsplay-logo.png\",\"width\":451,\"height\":98,\"caption\":\"KidsPlay\"},\"image\":{\"@id\":\"https:\\\/\\\/kidsplay.lt\\\/#\\\/schema\\\/logo\\\/image\\\/\"},\"sameAs\":[\"https:\\\/\\\/www.facebook.com\\\/www.kidsplay.lt\"]}]}<\/script>\n<!-- \/ Yoast SEO plugin. -->","yoast_head_json":{"title":"Aukso spalvos balionas skai\u010dius 5 100cm. 1vnt. - KidsPlay","description":"Aukso spalvos balionas skai\u010dius 5 100cm. 1 vnt. Balionas yra su \u0161iaudeliu, kad b\u016bt\u0173 lengva prip\u016bsti. Neatsiejama kiekvieno gimtadienio ar renginio dalis.","robots":{"index":"index","follow":"follow","max-snippet":"max-snippet:-1","max-image-preview":"max-image-preview:large","max-video-preview":"max-video-preview:-1"},"canonical":"https:\/\/kidsplay.lt\/lv\/products\/aukso-spalvos-balionas-skaicius-5-100cm-1vnt\/","og_locale":"lv_LV","og_type":"article","og_title":"Aukso spalvos balionas skai\u010dius 5 100cm. 1vnt. - KidsPlay","og_description":"Aukso spalvos balionas skai\u010dius 5 100cm. 1 vnt. Balionas yra su \u0161iaudeliu, kad b\u016bt\u0173 lengva prip\u016bsti. Neatsiejama kiekvieno gimtadienio ar renginio dalis.","og_url":"https:\/\/kidsplay.lt\/lv\/products\/aukso-spalvos-balionas-skaicius-5-100cm-1vnt\/","og_site_name":"KidsPlay","article_publisher":"https:\/\/www.facebook.com\/www.kidsplay.lt","article_modified_time":"2025-10-04T11:44:14+00:00","og_image":[{"width":615,"height":846,"url":"https:\/\/kidsplay.lt\/wp-content\/uploads\/2023\/07\/balionas-skaicius-penki.png","type":"image\/png"}],"twitter_card":"summary_large_image","twitter_misc":{"Est. reading time":"1 min\u016bte"},"schema":{"@context":"https:\/\/schema.org","@graph":[{"@type":"WebPage","@id":"https:\/\/kidsplay.lt\/produktas\/aukso-spalvos-balionas-skaicius-5-100cm-1vnt\/","url":"https:\/\/kidsplay.lt\/produktas\/aukso-spalvos-balionas-skaicius-5-100cm-1vnt\/","name":"Aukso spalvos balionas skai\u010dius 5 100cm. 1vnt. - KidsPlay","isPartOf":{"@id":"https:\/\/kidsplay.lt\/#website"},"primaryImageOfPage":{"@id":"https:\/\/kidsplay.lt\/produktas\/aukso-spalvos-balionas-skaicius-5-100cm-1vnt\/#primaryimage"},"image":{"@id":"https:\/\/kidsplay.lt\/produktas\/aukso-spalvos-balionas-skaicius-5-100cm-1vnt\/#primaryimage"},"thumbnailUrl":"https:\/\/kidsplay.lt\/wp-content\/uploads\/2023\/07\/balionas-skaicius-penki.png","datePublished":"2023-07-20T20:56:58+00:00","dateModified":"2025-10-04T11:44:14+00:00","description":"Aukso spalvos balionas skai\u010dius 5 100cm. 1 vnt. Balionas yra su \u0161iaudeliu, kad b\u016bt\u0173 lengva prip\u016bsti. Neatsiejama kiekvieno gimtadienio ar renginio dalis.","breadcrumb":{"@id":"https:\/\/kidsplay.lt\/produktas\/aukso-spalvos-balionas-skaicius-5-100cm-1vnt\/#breadcrumb"},"inLanguage":"lv-LV","potentialAction":[{"@type":"ReadAction","target":["https:\/\/kidsplay.lt\/produktas\/aukso-spalvos-balionas-skaicius-5-100cm-1vnt\/"]}]},{"@type":"ImageObject","inLanguage":"lv-LV","@id":"https:\/\/kidsplay.lt\/produktas\/aukso-spalvos-balionas-skaicius-5-100cm-1vnt\/#primaryimage","url":"https:\/\/kidsplay.lt\/wp-content\/uploads\/2023\/07\/balionas-skaicius-penki.png","contentUrl":"https:\/\/kidsplay.lt\/wp-content\/uploads\/2023\/07\/balionas-skaicius-penki.png","width":615,"height":846,"caption":"balionas skai\u010dius penki"},{"@type":"BreadcrumbList","@id":"https:\/\/kidsplay.lt\/produktas\/aukso-spalvos-balionas-skaicius-5-100cm-1vnt\/#breadcrumb","itemListElement":[{"@type":"ListItem","position":1,"name":"Pagrindinis","item":"https:\/\/kidsplay.lt\/"},{"@type":"ListItem","position":2,"name":"Parduotuv\u0117","item":"https:\/\/kidsplay.lt\/parduotuve\/"},{"@type":"ListItem","position":3,"name":"Aukso spalvos balionas skai\u010dius 5 100cm. 1vnt."}]},{"@type":"WebSite","@id":"https:\/\/kidsplay.lt\/#website","url":"https:\/\/kidsplay.lt\/","name":"B\u0113rnu sp\u0113les.lv","description":"\u012evairios prek\u0117s vaikams","publisher":{"@id":"https:\/\/kidsplay.lt\/#organization"},"alternateName":"Kidsplay","potentialAction":[{"@type":"SearchAction","target":{"@type":"EntryPoint","urlTemplate":"https:\/\/kidsplay.lt\/?s={search_term_string}"},"query-input":{"@type":"PropertyValueSpecification","valueRequired":true,"valueName":"search_term_string"}}],"inLanguage":"lv-LV"},{"@type":"Organization","@id":"https:\/\/kidsplay.lt\/#organization","name":"B\u0113rnu sp\u0113le","url":"https:\/\/kidsplay.lt\/","logo":{"@type":"ImageObject","inLanguage":"lv-LV","@id":"https:\/\/kidsplay.lt\/#\/schema\/logo\/image\/","url":"https:\/\/kidsplay.lt\/wp-content\/uploads\/2023\/07\/kidsplay-logo.png","contentUrl":"https:\/\/kidsplay.lt\/wp-content\/uploads\/2023\/07\/kidsplay-logo.png","width":451,"height":98,"caption":"KidsPlay"},"image":{"@id":"https:\/\/kidsplay.lt\/#\/schema\/logo\/image\/"},"sameAs":["https:\/\/www.facebook.com\/www.kidsplay.lt"]}]}},"_links":{"self":[{"href":"https:\/\/kidsplay.lt\/lv\/wp-json\/wp\/v2\/product\/26455","targetHints":{"allow":["GET"]}}],"collection":[{"href":"https:\/\/kidsplay.lt\/lv\/wp-json\/wp\/v2\/product"}],"about":[{"href":"https:\/\/kidsplay.lt\/lv\/wp-json\/wp\/v2\/types\/product"}],"version-history":[{"count":2,"href":"https:\/\/kidsplay.lt\/lv\/wp-json\/wp\/v2\/product\/26455\/revisions"}],"predecessor-version":[{"id":74327,"href":"https:\/\/kidsplay.lt\/lv\/wp-json\/wp\/v2\/product\/26455\/revisions\/74327"}],"wp:featuredmedia":[{"embeddable":true,"href":"https:\/\/kidsplay.lt\/lv\/wp-json\/wp\/v2\/media\/26456"}],"wp:attachment":[{"href":"https:\/\/kidsplay.lt\/lv\/wp-json\/wp\/v2\/media?parent=26455"}],"wp:term":[{"taxonomy":"product_brand","embeddable":true,"href":"https:\/\/kidsplay.lt\/lv\/wp-json\/wp\/v2\/product_brand?post=26455"},{"taxonomy":"product_cat","embeddable":true,"href":"https:\/\/kidsplay.lt\/lv\/wp-json\/wp\/v2\/product_cat?post=26455"},{"taxonomy":"product_tag","embeddable":true,"href":"https:\/\/kidsplay.lt\/lv\/wp-json\/wp\/v2\/product_tag?post=26455"}],"curies":[{"name":"wp","href":"https:\/\/api.w.org\/{rel}","templated":true}]}}