{"id":26470,"date":"2023-07-21T00:18:32","date_gmt":"2023-07-20T21:18:32","guid":{"rendered":"https:\/\/kidsplay.lt\/?post_type=product&#038;p=26470"},"modified":"2026-04-19T09:59:36","modified_gmt":"2026-04-19T06:59:36","slug":"stovas-balionams-70cm-aukscio","status":"publish","type":"product","link":"https:\/\/kidsplay.lt\/lv\/products\/stovas-balionams-70cm-aukscio\/","title":{"rendered":"Balonu stat\u012bvs 70 cm augsts"},"content":{"rendered":"<p>Stovas balionams 70cm auk\u0161\u010dio, galima u\u017ed\u0117ti 7 balionus.<\/p>\n<p>Komplekt\u0101 ietilpst:<\/p>\n<p>11 lazdeli\u0173.<br \/>\n7 krep\u0161eliai.<br \/>\n5 jungtys.<br \/>\n1 stovas.<\/p>\n<p>UNIVERSALUS &#8211; balion\u0173 stovas leis sukurti unikali\u0105 dekoracij\u0105 nenaudojant helio! Puikiai tinka bet kokiam renginiui: gimtadieniams, vestuv\u0117ms, \u012fvairioms \u0161vent\u0117ms.<\/p>\n<p>BET KOKIOS KOMPOZICIJOS &#8211; dekoratyvinis stovas susideda i\u0161 11 pagaliuk\u0173, 5 jung\u010di\u0173, 7 krep\u0161eli\u0173 ir pagrindo. Galima derinti \u012fvairaus ilgio pagaliukus ir kurti skirtingas kompozicijas. Papildoma dekoracija lankelio ar g\u0117li\u0173 pavidalu leis kompozicijai atrodyti i\u0161skirtinai ir itin efektingai.<\/p>\n<p>LENGVAS SURINKIMAS &#8211; gaminys skirtas montuoti savaranki\u0161kai. Jo surinkimas itin paprastas ir u\u017etrunka vos kelias minutes. Jums nereikia galvoti ar ie\u0161koti instrukcij\u0173, visas procesas yra labai lengvas.<\/p>\n<p>STABILUS PAGRINDAS\u00a0 &#8211; stovas turi apval\u0173 pagrind\u0105, kurio d\u0117ka stovi stabiliai. Nereikia jaudintis, kad su stipresniu v\u0117jo g\u016bsiu ar stumtel\u0117jimu jis apvirs ir sugadins dekoracij\u0105.<\/p>\n<p>SPECIFIKACIJA<br \/>\nspalva: balta;<br \/>\nmed\u017eiaga: plastikas;<br \/>\nelement\u0173 skai\u010dius: 24;<br \/>\nmatmenys (plotis\/auk\u0161tis): 17\/93cm;<br \/>\nsvoris pakuot\u0117je: 0,079 kg<\/p>","protected":false},"excerpt":{"rendered":"<p>Balonu stat\u012bvs 70 cm augsts<\/p>","protected":false},"featured_media":26471,"template":"","meta":{"_acf_changed":false,"_glsr_average":0,"_glsr_ranking":0,"_glsr_reviews":0},"product_brand":[],"product_cat":[372],"product_tag":[],"class_list":{"0":"post-26470","1":"product","2":"type-product","3":"status-publish","4":"has-post-thumbnail","6":"product_cat-vaiku-sventems","7":"\"style=\"background-color: #2ecc711c;\"","9":"first","10":"instock","11":"featured","12":"shipping-taxable","13":"purchasable","14":"product-type-simple"},"acf":[],"yoast_head":"<!-- This site is optimized with the Yoast SEO plugin v27.4 - https:\/\/yoast.com\/product\/yoast-seo-wordpress\/ -->\n<title>Stovas balionams 70cm. auk\u0161\u010dio - KidsPlay<\/title>\n<meta name=\"description\" content=\"balion\u0173 stovas leis sukurti unikali\u0105 dekoracij\u0105 nenaudojant helio! Puikiai tinka bet kokiam renginiui: gimtadieniams, vestuv\u0117ms, \u012fvairioms \u0161vent\u0117ms.\" \/>\n<meta name=\"robots\" content=\"index, follow, max-snippet:-1, max-image-preview:large, max-video-preview:-1\" \/>\n<link rel=\"canonical\" href=\"https:\/\/kidsplay.lt\/lv\/products\/stovas-balionams-70cm-aukscio\/\" \/>\n<meta property=\"og:locale\" content=\"lv_LV\" \/>\n<meta property=\"og:type\" content=\"article\" \/>\n<meta property=\"og:title\" content=\"Stovas balionams 70cm. auk\u0161\u010dio - KidsPlay\" \/>\n<meta property=\"og:description\" content=\"balion\u0173 stovas leis sukurti unikali\u0105 dekoracij\u0105 nenaudojant helio! Puikiai tinka bet kokiam renginiui: gimtadieniams, vestuv\u0117ms, \u012fvairioms \u0161vent\u0117ms.\" \/>\n<meta property=\"og:url\" content=\"https:\/\/kidsplay.lt\/lv\/products\/stovas-balionams-70cm-aukscio\/\" \/>\n<meta property=\"og:site_name\" content=\"KidsPlay\" \/>\n<meta property=\"article:publisher\" content=\"https:\/\/www.facebook.com\/www.kidsplay.lt\" \/>\n<meta property=\"article:modified_time\" content=\"2026-04-19T06:59:36+00:00\" \/>\n<meta property=\"og:image\" content=\"https:\/\/kidsplay.lt\/wp-content\/uploads\/2023\/07\/stovas-balionams.png\" \/>\n\t<meta property=\"og:image:width\" content=\"536\" \/>\n\t<meta property=\"og:image:height\" content=\"532\" \/>\n\t<meta property=\"og:image:type\" content=\"image\/png\" \/>\n<meta name=\"twitter:card\" content=\"summary_large_image\" \/>\n<meta name=\"twitter:label1\" content=\"Est. reading time\" \/>\n\t<meta name=\"twitter:data1\" content=\"1 min\u016bte\" \/>\n<script type=\"application\/ld+json\" class=\"yoast-schema-graph\">{\"@context\":\"https:\\\/\\\/schema.org\",\"@graph\":[{\"@type\":\"WebPage\",\"@id\":\"https:\\\/\\\/kidsplay.lt\\\/produktas\\\/stovas-balionams-70cm-aukscio\\\/\",\"url\":\"https:\\\/\\\/kidsplay.lt\\\/produktas\\\/stovas-balionams-70cm-aukscio\\\/\",\"name\":\"Stovas balionams 70cm. auk\u0161\u010dio - KidsPlay\",\"isPartOf\":{\"@id\":\"https:\\\/\\\/kidsplay.lt\\\/#website\"},\"primaryImageOfPage\":{\"@id\":\"https:\\\/\\\/kidsplay.lt\\\/produktas\\\/stovas-balionams-70cm-aukscio\\\/#primaryimage\"},\"image\":{\"@id\":\"https:\\\/\\\/kidsplay.lt\\\/produktas\\\/stovas-balionams-70cm-aukscio\\\/#primaryimage\"},\"thumbnailUrl\":\"https:\\\/\\\/kidsplay.lt\\\/wp-content\\\/uploads\\\/2023\\\/07\\\/stovas-balionams.png\",\"datePublished\":\"2023-07-20T21:18:32+00:00\",\"dateModified\":\"2026-04-19T06:59:36+00:00\",\"description\":\"balion\u0173 stovas leis sukurti unikali\u0105 dekoracij\u0105 nenaudojant helio! Puikiai tinka bet kokiam renginiui: gimtadieniams, vestuv\u0117ms, \u012fvairioms \u0161vent\u0117ms.\",\"breadcrumb\":{\"@id\":\"https:\\\/\\\/kidsplay.lt\\\/produktas\\\/stovas-balionams-70cm-aukscio\\\/#breadcrumb\"},\"inLanguage\":\"lv-LV\",\"potentialAction\":[{\"@type\":\"ReadAction\",\"target\":[\"https:\\\/\\\/kidsplay.lt\\\/produktas\\\/stovas-balionams-70cm-aukscio\\\/\"]}]},{\"@type\":\"ImageObject\",\"inLanguage\":\"lv-LV\",\"@id\":\"https:\\\/\\\/kidsplay.lt\\\/produktas\\\/stovas-balionams-70cm-aukscio\\\/#primaryimage\",\"url\":\"https:\\\/\\\/kidsplay.lt\\\/wp-content\\\/uploads\\\/2023\\\/07\\\/stovas-balionams.png\",\"contentUrl\":\"https:\\\/\\\/kidsplay.lt\\\/wp-content\\\/uploads\\\/2023\\\/07\\\/stovas-balionams.png\",\"width\":536,\"height\":532,\"caption\":\"stovas balionams\"},{\"@type\":\"BreadcrumbList\",\"@id\":\"https:\\\/\\\/kidsplay.lt\\\/produktas\\\/stovas-balionams-70cm-aukscio\\\/#breadcrumb\",\"itemListElement\":[{\"@type\":\"ListItem\",\"position\":1,\"name\":\"Pagrindinis\",\"item\":\"https:\\\/\\\/kidsplay.lt\\\/\"},{\"@type\":\"ListItem\",\"position\":2,\"name\":\"Parduotuv\u0117\",\"item\":\"https:\\\/\\\/kidsplay.lt\\\/parduotuve\\\/\"},{\"@type\":\"ListItem\",\"position\":3,\"name\":\"Stovas balionams 70cm. auk\u0161\u010dio\"}]},{\"@type\":\"WebSite\",\"@id\":\"https:\\\/\\\/kidsplay.lt\\\/#website\",\"url\":\"https:\\\/\\\/kidsplay.lt\\\/\",\"name\":\"Kidsplay.lt\",\"description\":\"\u012evairios prek\u0117s vaikams\",\"publisher\":{\"@id\":\"https:\\\/\\\/kidsplay.lt\\\/#organization\"},\"alternateName\":\"Kidsplay\",\"potentialAction\":[{\"@type\":\"SearchAction\",\"target\":{\"@type\":\"EntryPoint\",\"urlTemplate\":\"https:\\\/\\\/kidsplay.lt\\\/?s={search_term_string}\"},\"query-input\":{\"@type\":\"PropertyValueSpecification\",\"valueRequired\":true,\"valueName\":\"search_term_string\"}}],\"inLanguage\":\"lv-LV\"},{\"@type\":\"Organization\",\"@id\":\"https:\\\/\\\/kidsplay.lt\\\/#organization\",\"name\":\"KidsPlay\",\"url\":\"https:\\\/\\\/kidsplay.lt\\\/\",\"logo\":{\"@type\":\"ImageObject\",\"inLanguage\":\"lv-LV\",\"@id\":\"https:\\\/\\\/kidsplay.lt\\\/#\\\/schema\\\/logo\\\/image\\\/\",\"url\":\"https:\\\/\\\/kidsplay.lt\\\/wp-content\\\/uploads\\\/2023\\\/07\\\/kidsplay-logo.png\",\"contentUrl\":\"https:\\\/\\\/kidsplay.lt\\\/wp-content\\\/uploads\\\/2023\\\/07\\\/kidsplay-logo.png\",\"width\":451,\"height\":98,\"caption\":\"KidsPlay\"},\"image\":{\"@id\":\"https:\\\/\\\/kidsplay.lt\\\/#\\\/schema\\\/logo\\\/image\\\/\"},\"sameAs\":[\"https:\\\/\\\/www.facebook.com\\\/www.kidsplay.lt\"]}]}<\/script>\n<!-- \/ Yoast SEO plugin. -->","yoast_head_json":{"title":"Stovas balionams 70cm. auk\u0161\u010dio - KidsPlay","description":"balion\u0173 stovas leis sukurti unikali\u0105 dekoracij\u0105 nenaudojant helio! Puikiai tinka bet kokiam renginiui: gimtadieniams, vestuv\u0117ms, \u012fvairioms \u0161vent\u0117ms.","robots":{"index":"index","follow":"follow","max-snippet":"max-snippet:-1","max-image-preview":"max-image-preview:large","max-video-preview":"max-video-preview:-1"},"canonical":"https:\/\/kidsplay.lt\/lv\/products\/stovas-balionams-70cm-aukscio\/","og_locale":"lv_LV","og_type":"article","og_title":"Stovas balionams 70cm. auk\u0161\u010dio - KidsPlay","og_description":"balion\u0173 stovas leis sukurti unikali\u0105 dekoracij\u0105 nenaudojant helio! Puikiai tinka bet kokiam renginiui: gimtadieniams, vestuv\u0117ms, \u012fvairioms \u0161vent\u0117ms.","og_url":"https:\/\/kidsplay.lt\/lv\/products\/stovas-balionams-70cm-aukscio\/","og_site_name":"KidsPlay","article_publisher":"https:\/\/www.facebook.com\/www.kidsplay.lt","article_modified_time":"2026-04-19T06:59:36+00:00","og_image":[{"width":536,"height":532,"url":"https:\/\/kidsplay.lt\/wp-content\/uploads\/2023\/07\/stovas-balionams.png","type":"image\/png"}],"twitter_card":"summary_large_image","twitter_misc":{"Est. reading time":"1 min\u016bte"},"schema":{"@context":"https:\/\/schema.org","@graph":[{"@type":"WebPage","@id":"https:\/\/kidsplay.lt\/produktas\/stovas-balionams-70cm-aukscio\/","url":"https:\/\/kidsplay.lt\/produktas\/stovas-balionams-70cm-aukscio\/","name":"Stovas balionams 70cm. auk\u0161\u010dio - KidsPlay","isPartOf":{"@id":"https:\/\/kidsplay.lt\/#website"},"primaryImageOfPage":{"@id":"https:\/\/kidsplay.lt\/produktas\/stovas-balionams-70cm-aukscio\/#primaryimage"},"image":{"@id":"https:\/\/kidsplay.lt\/produktas\/stovas-balionams-70cm-aukscio\/#primaryimage"},"thumbnailUrl":"https:\/\/kidsplay.lt\/wp-content\/uploads\/2023\/07\/stovas-balionams.png","datePublished":"2023-07-20T21:18:32+00:00","dateModified":"2026-04-19T06:59:36+00:00","description":"balion\u0173 stovas leis sukurti unikali\u0105 dekoracij\u0105 nenaudojant helio! Puikiai tinka bet kokiam renginiui: gimtadieniams, vestuv\u0117ms, \u012fvairioms \u0161vent\u0117ms.","breadcrumb":{"@id":"https:\/\/kidsplay.lt\/produktas\/stovas-balionams-70cm-aukscio\/#breadcrumb"},"inLanguage":"lv-LV","potentialAction":[{"@type":"ReadAction","target":["https:\/\/kidsplay.lt\/produktas\/stovas-balionams-70cm-aukscio\/"]}]},{"@type":"ImageObject","inLanguage":"lv-LV","@id":"https:\/\/kidsplay.lt\/produktas\/stovas-balionams-70cm-aukscio\/#primaryimage","url":"https:\/\/kidsplay.lt\/wp-content\/uploads\/2023\/07\/stovas-balionams.png","contentUrl":"https:\/\/kidsplay.lt\/wp-content\/uploads\/2023\/07\/stovas-balionams.png","width":536,"height":532,"caption":"stovas balionams"},{"@type":"BreadcrumbList","@id":"https:\/\/kidsplay.lt\/produktas\/stovas-balionams-70cm-aukscio\/#breadcrumb","itemListElement":[{"@type":"ListItem","position":1,"name":"Pagrindinis","item":"https:\/\/kidsplay.lt\/"},{"@type":"ListItem","position":2,"name":"Parduotuv\u0117","item":"https:\/\/kidsplay.lt\/parduotuve\/"},{"@type":"ListItem","position":3,"name":"Stovas balionams 70cm. auk\u0161\u010dio"}]},{"@type":"WebSite","@id":"https:\/\/kidsplay.lt\/#website","url":"https:\/\/kidsplay.lt\/","name":"B\u0113rnu sp\u0113les.lv","description":"\u012evairios prek\u0117s vaikams","publisher":{"@id":"https:\/\/kidsplay.lt\/#organization"},"alternateName":"Kidsplay","potentialAction":[{"@type":"SearchAction","target":{"@type":"EntryPoint","urlTemplate":"https:\/\/kidsplay.lt\/?s={search_term_string}"},"query-input":{"@type":"PropertyValueSpecification","valueRequired":true,"valueName":"search_term_string"}}],"inLanguage":"lv-LV"},{"@type":"Organization","@id":"https:\/\/kidsplay.lt\/#organization","name":"B\u0113rnu sp\u0113le","url":"https:\/\/kidsplay.lt\/","logo":{"@type":"ImageObject","inLanguage":"lv-LV","@id":"https:\/\/kidsplay.lt\/#\/schema\/logo\/image\/","url":"https:\/\/kidsplay.lt\/wp-content\/uploads\/2023\/07\/kidsplay-logo.png","contentUrl":"https:\/\/kidsplay.lt\/wp-content\/uploads\/2023\/07\/kidsplay-logo.png","width":451,"height":98,"caption":"KidsPlay"},"image":{"@id":"https:\/\/kidsplay.lt\/#\/schema\/logo\/image\/"},"sameAs":["https:\/\/www.facebook.com\/www.kidsplay.lt"]}]}},"_links":{"self":[{"href":"https:\/\/kidsplay.lt\/lv\/wp-json\/wp\/v2\/product\/26470","targetHints":{"allow":["GET"]}}],"collection":[{"href":"https:\/\/kidsplay.lt\/lv\/wp-json\/wp\/v2\/product"}],"about":[{"href":"https:\/\/kidsplay.lt\/lv\/wp-json\/wp\/v2\/types\/product"}],"version-history":[{"count":2,"href":"https:\/\/kidsplay.lt\/lv\/wp-json\/wp\/v2\/product\/26470\/revisions"}],"predecessor-version":[{"id":74321,"href":"https:\/\/kidsplay.lt\/lv\/wp-json\/wp\/v2\/product\/26470\/revisions\/74321"}],"wp:featuredmedia":[{"embeddable":true,"href":"https:\/\/kidsplay.lt\/lv\/wp-json\/wp\/v2\/media\/26471"}],"wp:attachment":[{"href":"https:\/\/kidsplay.lt\/lv\/wp-json\/wp\/v2\/media?parent=26470"}],"wp:term":[{"taxonomy":"product_brand","embeddable":true,"href":"https:\/\/kidsplay.lt\/lv\/wp-json\/wp\/v2\/product_brand?post=26470"},{"taxonomy":"product_cat","embeddable":true,"href":"https:\/\/kidsplay.lt\/lv\/wp-json\/wp\/v2\/product_cat?post=26470"},{"taxonomy":"product_tag","embeddable":true,"href":"https:\/\/kidsplay.lt\/lv\/wp-json\/wp\/v2\/product_tag?post=26470"}],"curies":[{"name":"wp","href":"https:\/\/api.w.org\/{rel}","templated":true}]}}