{"id":26577,"date":"2023-07-21T17:56:04","date_gmt":"2023-07-21T14:56:04","guid":{"rendered":"https:\/\/kidsplay.lt\/?post_type=product&#038;p=26577"},"modified":"2025-10-04T14:57:02","modified_gmt":"2025-10-04T11:57:02","slug":"pliusinis-zaislas-kaciukas","status":"publish","type":"product","link":"https:\/\/kidsplay.lt\/lv\/products\/pliusinis-zaislas-kaciukas\/","title":{"rendered":"Pliu\u0161inis \u017eaislas &#8222;Ka\u010diukas&#8221;"},"content":{"rendered":"<p>Pliu\u0161inis \u017eaislas &#8222;ka\u010diukas&#8221; &#8211; pagalv\u0117, pliu\u0161inis \u017eaislas.<br \/>\nSpalva: balta-oran\u017ein\u0117, dydis: S &#8211; 70 cm.<br \/>\nIlgo ka\u010diuko pavidalo \u017eaislas \u2013 puiki dovana bet kokio am\u017eiaus vaikui. D\u0117l kokybi\u0161kos, labai mink\u0161tos med\u017eiagos, tai malonus aksesuaras, kuris gali b\u016bti naudojamas kaip pagalv\u0117, galvos atrama ar mielas \u017eaislas. Taip pat gaminys puikiai tiks kaip maloni puo\u0161mena bet kuriame kambaryje.<\/p>\n<p>Med\u017eiaga, i\u0161 kurios buvo pagamintas \u017eaislas, atspari tempimui ir susiglam\u017eymui. Galite laisvai \u017eaisti su juo nesibaimindami, kad jis praras savo form\u0105, nes ka\u010diukas net ir po ilgo glaustymosi gr\u012f\u017eta \u012f pradin\u0119 i\u0161vaizd\u0105. Jis taip pat yra visi\u0161kai saugus ir netoksi\u0161kas, o prisilietimas ir glostymas yra malonus ir atpalaiduojantis. Ka\u010diukas u\u017epildytas labai mink\u0161tu putplas\u010diu, kur\u012f galima i\u0161traukti ir \u012fd\u0117ti atgal per ma\u017e\u0105 ang\u0105 su u\u017etrauktuku vir\u0161utin\u0117je dalyje. Tai leid\u017eia rankiniu b\u016bdu kloti putas, kai, pavyzd\u017eiui, \u017eaid\u017eiant ji per daug jud\u0117s arba i\u0161sitepus i\u0161skalbti i\u0161orin\u012f audin\u012f.<\/p>\n<p>PASTABA: nuotraukose esan\u010dio pliu\u0161inio \u017eaislo spalva gali \u0161iek tiek skirtis nuo tikrosios, nes fotoaparatas ir ekranas visada \u0161iek tiek i\u0161kraipo tikr\u0105sias spalvas.<\/p>","protected":false},"excerpt":{"rendered":"<p>Pliu\u0161inis \u017eaislas &#8222;Ka\u010diukas&#8221;<\/p>","protected":false},"featured_media":26578,"template":"","meta":{"_acf_changed":false,"_glsr_average":0,"_glsr_ranking":0,"_glsr_reviews":0},"product_brand":[],"product_cat":[265,366,365,375,229],"product_tag":[],"class_list":{"0":"post-26577","1":"product","2":"type-product","3":"status-publish","4":"has-post-thumbnail","6":"product_cat-dovanu-idejos","7":"product_cat-dovanu-idejos-berniukams","8":"product_cat-dovanu-idejos-mergaitems","9":"product_cat-pliusiniai-zaislai","10":"product_cat-zaislai-vaikams","11":"\"style=\"background-color: #2ecc711c;\"","13":"first","14":"instock","15":"shipping-taxable","16":"purchasable","17":"product-type-simple"},"acf":[],"yoast_head":"<!-- This site is optimized with the Yoast SEO plugin v27.3 - https:\/\/yoast.com\/product\/yoast-seo-wordpress\/ -->\n<title>Pliu\u0161inis \u017eaislas &quot;Ka\u010diukas&quot; - KidsPlay<\/title>\n<meta name=\"description\" content=\"Pliu\u0161inis \u017eaislas &quot;ka\u010diukas&quot; - pagalv\u0117, pliu\u0161inis \u017eaislas. Ilgo ka\u010diuko pavidalo \u017eaislas \u2013 puiki dovana bet kokio am\u017eiaus vaikui.\" \/>\n<meta name=\"robots\" content=\"index, follow, max-snippet:-1, max-image-preview:large, max-video-preview:-1\" \/>\n<link rel=\"canonical\" href=\"https:\/\/kidsplay.lt\/lv\/products\/pliusinis-zaislas-kaciukas\/\" \/>\n<meta property=\"og:locale\" content=\"lv_LV\" \/>\n<meta property=\"og:type\" content=\"article\" \/>\n<meta property=\"og:title\" content=\"Pliu\u0161inis \u017eaislas &quot;Ka\u010diukas&quot; - KidsPlay\" \/>\n<meta property=\"og:description\" content=\"Pliu\u0161inis \u017eaislas &quot;ka\u010diukas&quot; - pagalv\u0117, pliu\u0161inis \u017eaislas. Ilgo ka\u010diuko pavidalo \u017eaislas \u2013 puiki dovana bet kokio am\u017eiaus vaikui.\" \/>\n<meta property=\"og:url\" content=\"https:\/\/kidsplay.lt\/lv\/products\/pliusinis-zaislas-kaciukas\/\" \/>\n<meta property=\"og:site_name\" content=\"KidsPlay\" \/>\n<meta property=\"article:publisher\" content=\"https:\/\/www.facebook.com\/www.kidsplay.lt\" \/>\n<meta property=\"article:modified_time\" content=\"2025-10-04T11:57:02+00:00\" \/>\n<meta property=\"og:image\" content=\"https:\/\/kidsplay.lt\/wp-content\/uploads\/2023\/07\/pliusinis-zaislas-kaciukas.png\" \/>\n\t<meta property=\"og:image:width\" content=\"800\" \/>\n\t<meta property=\"og:image:height\" content=\"737\" \/>\n\t<meta property=\"og:image:type\" content=\"image\/png\" \/>\n<meta name=\"twitter:card\" content=\"summary_large_image\" \/>\n<meta name=\"twitter:label1\" content=\"Est. reading time\" \/>\n\t<meta name=\"twitter:data1\" content=\"1 min\u016bte\" \/>\n<script type=\"application\/ld+json\" class=\"yoast-schema-graph\">{\"@context\":\"https:\\\/\\\/schema.org\",\"@graph\":[{\"@type\":\"WebPage\",\"@id\":\"https:\\\/\\\/kidsplay.lt\\\/produktas\\\/pliusinis-zaislas-kaciukas\\\/\",\"url\":\"https:\\\/\\\/kidsplay.lt\\\/produktas\\\/pliusinis-zaislas-kaciukas\\\/\",\"name\":\"Pliu\u0161inis \u017eaislas \\\"Ka\u010diukas\\\" - KidsPlay\",\"isPartOf\":{\"@id\":\"https:\\\/\\\/kidsplay.lt\\\/#website\"},\"primaryImageOfPage\":{\"@id\":\"https:\\\/\\\/kidsplay.lt\\\/produktas\\\/pliusinis-zaislas-kaciukas\\\/#primaryimage\"},\"image\":{\"@id\":\"https:\\\/\\\/kidsplay.lt\\\/produktas\\\/pliusinis-zaislas-kaciukas\\\/#primaryimage\"},\"thumbnailUrl\":\"https:\\\/\\\/kidsplay.lt\\\/wp-content\\\/uploads\\\/2023\\\/07\\\/pliusinis-zaislas-kaciukas.png\",\"datePublished\":\"2023-07-21T14:56:04+00:00\",\"dateModified\":\"2025-10-04T11:57:02+00:00\",\"description\":\"Pliu\u0161inis \u017eaislas \\\"ka\u010diukas\\\" - pagalv\u0117, pliu\u0161inis \u017eaislas. Ilgo ka\u010diuko pavidalo \u017eaislas \u2013 puiki dovana bet kokio am\u017eiaus vaikui.\",\"breadcrumb\":{\"@id\":\"https:\\\/\\\/kidsplay.lt\\\/produktas\\\/pliusinis-zaislas-kaciukas\\\/#breadcrumb\"},\"inLanguage\":\"lv-LV\",\"potentialAction\":[{\"@type\":\"ReadAction\",\"target\":[\"https:\\\/\\\/kidsplay.lt\\\/produktas\\\/pliusinis-zaislas-kaciukas\\\/\"]}]},{\"@type\":\"ImageObject\",\"inLanguage\":\"lv-LV\",\"@id\":\"https:\\\/\\\/kidsplay.lt\\\/produktas\\\/pliusinis-zaislas-kaciukas\\\/#primaryimage\",\"url\":\"https:\\\/\\\/kidsplay.lt\\\/wp-content\\\/uploads\\\/2023\\\/07\\\/pliusinis-zaislas-kaciukas.png\",\"contentUrl\":\"https:\\\/\\\/kidsplay.lt\\\/wp-content\\\/uploads\\\/2023\\\/07\\\/pliusinis-zaislas-kaciukas.png\",\"width\":800,\"height\":737,\"caption\":\"pliu\u0161inis \u017eaislas ka\u010diukas\"},{\"@type\":\"BreadcrumbList\",\"@id\":\"https:\\\/\\\/kidsplay.lt\\\/produktas\\\/pliusinis-zaislas-kaciukas\\\/#breadcrumb\",\"itemListElement\":[{\"@type\":\"ListItem\",\"position\":1,\"name\":\"Pagrindinis\",\"item\":\"https:\\\/\\\/kidsplay.lt\\\/\"},{\"@type\":\"ListItem\",\"position\":2,\"name\":\"Parduotuv\u0117\",\"item\":\"https:\\\/\\\/kidsplay.lt\\\/parduotuve\\\/\"},{\"@type\":\"ListItem\",\"position\":3,\"name\":\"Pliu\u0161inis \u017eaislas &#8222;Ka\u010diukas&#8221;\"}]},{\"@type\":\"WebSite\",\"@id\":\"https:\\\/\\\/kidsplay.lt\\\/#website\",\"url\":\"https:\\\/\\\/kidsplay.lt\\\/\",\"name\":\"Kidsplay.lt\",\"description\":\"\u012evairios prek\u0117s vaikams\",\"publisher\":{\"@id\":\"https:\\\/\\\/kidsplay.lt\\\/#organization\"},\"alternateName\":\"Kidsplay\",\"potentialAction\":[{\"@type\":\"SearchAction\",\"target\":{\"@type\":\"EntryPoint\",\"urlTemplate\":\"https:\\\/\\\/kidsplay.lt\\\/?s={search_term_string}\"},\"query-input\":{\"@type\":\"PropertyValueSpecification\",\"valueRequired\":true,\"valueName\":\"search_term_string\"}}],\"inLanguage\":\"lv-LV\"},{\"@type\":\"Organization\",\"@id\":\"https:\\\/\\\/kidsplay.lt\\\/#organization\",\"name\":\"KidsPlay\",\"url\":\"https:\\\/\\\/kidsplay.lt\\\/\",\"logo\":{\"@type\":\"ImageObject\",\"inLanguage\":\"lv-LV\",\"@id\":\"https:\\\/\\\/kidsplay.lt\\\/#\\\/schema\\\/logo\\\/image\\\/\",\"url\":\"https:\\\/\\\/kidsplay.lt\\\/wp-content\\\/uploads\\\/2023\\\/07\\\/kidsplay-logo.png\",\"contentUrl\":\"https:\\\/\\\/kidsplay.lt\\\/wp-content\\\/uploads\\\/2023\\\/07\\\/kidsplay-logo.png\",\"width\":451,\"height\":98,\"caption\":\"KidsPlay\"},\"image\":{\"@id\":\"https:\\\/\\\/kidsplay.lt\\\/#\\\/schema\\\/logo\\\/image\\\/\"},\"sameAs\":[\"https:\\\/\\\/www.facebook.com\\\/www.kidsplay.lt\"]}]}<\/script>\n<!-- \/ Yoast SEO plugin. -->","yoast_head_json":{"title":"Pliu\u0161inis \u017eaislas \"Ka\u010diukas\" - KidsPlay","description":"Pliu\u0161inis \u017eaislas \"ka\u010diukas\" - pagalv\u0117, pliu\u0161inis \u017eaislas. Ilgo ka\u010diuko pavidalo \u017eaislas \u2013 puiki dovana bet kokio am\u017eiaus vaikui.","robots":{"index":"index","follow":"follow","max-snippet":"max-snippet:-1","max-image-preview":"max-image-preview:large","max-video-preview":"max-video-preview:-1"},"canonical":"https:\/\/kidsplay.lt\/lv\/products\/pliusinis-zaislas-kaciukas\/","og_locale":"lv_LV","og_type":"article","og_title":"Pliu\u0161inis \u017eaislas \"Ka\u010diukas\" - KidsPlay","og_description":"Pliu\u0161inis \u017eaislas \"ka\u010diukas\" - pagalv\u0117, pliu\u0161inis \u017eaislas. Ilgo ka\u010diuko pavidalo \u017eaislas \u2013 puiki dovana bet kokio am\u017eiaus vaikui.","og_url":"https:\/\/kidsplay.lt\/lv\/products\/pliusinis-zaislas-kaciukas\/","og_site_name":"KidsPlay","article_publisher":"https:\/\/www.facebook.com\/www.kidsplay.lt","article_modified_time":"2025-10-04T11:57:02+00:00","og_image":[{"width":800,"height":737,"url":"https:\/\/kidsplay.lt\/wp-content\/uploads\/2023\/07\/pliusinis-zaislas-kaciukas.png","type":"image\/png"}],"twitter_card":"summary_large_image","twitter_misc":{"Est. reading time":"1 min\u016bte"},"schema":{"@context":"https:\/\/schema.org","@graph":[{"@type":"WebPage","@id":"https:\/\/kidsplay.lt\/produktas\/pliusinis-zaislas-kaciukas\/","url":"https:\/\/kidsplay.lt\/produktas\/pliusinis-zaislas-kaciukas\/","name":"Pliu\u0161inis \u017eaislas \"Ka\u010diukas\" - KidsPlay","isPartOf":{"@id":"https:\/\/kidsplay.lt\/#website"},"primaryImageOfPage":{"@id":"https:\/\/kidsplay.lt\/produktas\/pliusinis-zaislas-kaciukas\/#primaryimage"},"image":{"@id":"https:\/\/kidsplay.lt\/produktas\/pliusinis-zaislas-kaciukas\/#primaryimage"},"thumbnailUrl":"https:\/\/kidsplay.lt\/wp-content\/uploads\/2023\/07\/pliusinis-zaislas-kaciukas.png","datePublished":"2023-07-21T14:56:04+00:00","dateModified":"2025-10-04T11:57:02+00:00","description":"Pliu\u0161inis \u017eaislas \"ka\u010diukas\" - pagalv\u0117, pliu\u0161inis \u017eaislas. Ilgo ka\u010diuko pavidalo \u017eaislas \u2013 puiki dovana bet kokio am\u017eiaus vaikui.","breadcrumb":{"@id":"https:\/\/kidsplay.lt\/produktas\/pliusinis-zaislas-kaciukas\/#breadcrumb"},"inLanguage":"lv-LV","potentialAction":[{"@type":"ReadAction","target":["https:\/\/kidsplay.lt\/produktas\/pliusinis-zaislas-kaciukas\/"]}]},{"@type":"ImageObject","inLanguage":"lv-LV","@id":"https:\/\/kidsplay.lt\/produktas\/pliusinis-zaislas-kaciukas\/#primaryimage","url":"https:\/\/kidsplay.lt\/wp-content\/uploads\/2023\/07\/pliusinis-zaislas-kaciukas.png","contentUrl":"https:\/\/kidsplay.lt\/wp-content\/uploads\/2023\/07\/pliusinis-zaislas-kaciukas.png","width":800,"height":737,"caption":"pliu\u0161inis \u017eaislas ka\u010diukas"},{"@type":"BreadcrumbList","@id":"https:\/\/kidsplay.lt\/produktas\/pliusinis-zaislas-kaciukas\/#breadcrumb","itemListElement":[{"@type":"ListItem","position":1,"name":"Pagrindinis","item":"https:\/\/kidsplay.lt\/"},{"@type":"ListItem","position":2,"name":"Parduotuv\u0117","item":"https:\/\/kidsplay.lt\/parduotuve\/"},{"@type":"ListItem","position":3,"name":"Pliu\u0161inis \u017eaislas &#8222;Ka\u010diukas&#8221;"}]},{"@type":"WebSite","@id":"https:\/\/kidsplay.lt\/#website","url":"https:\/\/kidsplay.lt\/","name":"B\u0113rnu sp\u0113les.lv","description":"\u012evairios prek\u0117s vaikams","publisher":{"@id":"https:\/\/kidsplay.lt\/#organization"},"alternateName":"Kidsplay","potentialAction":[{"@type":"SearchAction","target":{"@type":"EntryPoint","urlTemplate":"https:\/\/kidsplay.lt\/?s={search_term_string}"},"query-input":{"@type":"PropertyValueSpecification","valueRequired":true,"valueName":"search_term_string"}}],"inLanguage":"lv-LV"},{"@type":"Organization","@id":"https:\/\/kidsplay.lt\/#organization","name":"B\u0113rnu sp\u0113le","url":"https:\/\/kidsplay.lt\/","logo":{"@type":"ImageObject","inLanguage":"lv-LV","@id":"https:\/\/kidsplay.lt\/#\/schema\/logo\/image\/","url":"https:\/\/kidsplay.lt\/wp-content\/uploads\/2023\/07\/kidsplay-logo.png","contentUrl":"https:\/\/kidsplay.lt\/wp-content\/uploads\/2023\/07\/kidsplay-logo.png","width":451,"height":98,"caption":"KidsPlay"},"image":{"@id":"https:\/\/kidsplay.lt\/#\/schema\/logo\/image\/"},"sameAs":["https:\/\/www.facebook.com\/www.kidsplay.lt"]}]}},"_links":{"self":[{"href":"https:\/\/kidsplay.lt\/lv\/wp-json\/wp\/v2\/product\/26577","targetHints":{"allow":["GET"]}}],"collection":[{"href":"https:\/\/kidsplay.lt\/lv\/wp-json\/wp\/v2\/product"}],"about":[{"href":"https:\/\/kidsplay.lt\/lv\/wp-json\/wp\/v2\/types\/product"}],"version-history":[{"count":2,"href":"https:\/\/kidsplay.lt\/lv\/wp-json\/wp\/v2\/product\/26577\/revisions"}],"predecessor-version":[{"id":74320,"href":"https:\/\/kidsplay.lt\/lv\/wp-json\/wp\/v2\/product\/26577\/revisions\/74320"}],"wp:featuredmedia":[{"embeddable":true,"href":"https:\/\/kidsplay.lt\/lv\/wp-json\/wp\/v2\/media\/26578"}],"wp:attachment":[{"href":"https:\/\/kidsplay.lt\/lv\/wp-json\/wp\/v2\/media?parent=26577"}],"wp:term":[{"taxonomy":"product_brand","embeddable":true,"href":"https:\/\/kidsplay.lt\/lv\/wp-json\/wp\/v2\/product_brand?post=26577"},{"taxonomy":"product_cat","embeddable":true,"href":"https:\/\/kidsplay.lt\/lv\/wp-json\/wp\/v2\/product_cat?post=26577"},{"taxonomy":"product_tag","embeddable":true,"href":"https:\/\/kidsplay.lt\/lv\/wp-json\/wp\/v2\/product_tag?post=26577"}],"curies":[{"name":"wp","href":"https:\/\/api.w.org\/{rel}","templated":true}]}}