{"id":26591,"date":"2023-07-21T23:26:24","date_gmt":"2023-07-21T20:26:24","guid":{"rendered":"https:\/\/kidsplay.lt\/?post_type=product&#038;p=26591"},"modified":"2025-12-01T16:26:44","modified_gmt":"2025-12-01T14:26:44","slug":"pliusinis-zaislas-mielas-meskiukas","status":"publish","type":"product","link":"https:\/\/kidsplay.lt\/lv\/product\/pliusinis-zaislas-mielas-meskiukas\/","title":{"rendered":"Pliu\u0161inis \u017eaislas &#8222;Mielas me\u0161kiukas&#8221;"},"content":{"rendered":"<p>Mielas pliu\u0161inis me\u0161kiukas.<br \/>\nLabai \u0161velnus ir draugi\u0161kas me\u0161kiukas, kuris J\u016bs\u0173 vaikams suteiks daug d\u017eiaugsmo \u2665 Puikiai tiks kaip dovana mylimam vaikui.<\/p>\n<p>Me\u0161kiuko \u016bgis 24 cm.<br \/>\nVisas ilgis 32 cm.<br \/>\nPlotis 22 cm.<br \/>\nMed\u017eiaga: 100% poliesteris.<br \/>\nSpalva: \u0161viesiai ruda.<br \/>\nGamintojas: Captain Mike\u00ae<\/p>\n<p>SAUGUS \u2013 pagamintas i\u0161 netoksi\u0161k\u0173 med\u017eiag\u0173, kurios yra saugios net patiems ma\u017eiausiems.<br \/>\nTOBULAS DYDIS &#8211; ne per ma\u017eas, ne per didelis. galite j\u012f apkabinti ir pasiimti su savimi, jis veiks kaip talismanas ir mielas \u017eaislas.<\/p>","protected":false},"excerpt":{"rendered":"<p>Pliu\u0161inis \u017eaislas &#8222;Mielas me\u0161kiukas&#8221;<\/p>","protected":false},"featured_media":26593,"template":"","meta":{"_acf_changed":false,"_glsr_average":0,"_glsr_ranking":0,"_glsr_reviews":0},"product_brand":[],"product_cat":[265,366,365,375,229],"product_tag":[],"class_list":{"0":"post-26591","1":"product","2":"type-product","3":"status-publish","4":"has-post-thumbnail","6":"product_cat-dovanu-idejos","7":"product_cat-dovanu-idejos-berniukams","8":"product_cat-dovanu-idejos-mergaitems","9":"product_cat-pliusiniai-zaislai","10":"product_cat-zaislai-vaikams","11":"\"style=\"background-color: #2ecc711c;\"","13":"first","14":"instock","15":"shipping-taxable","16":"purchasable","17":"product-type-simple"},"acf":[],"yoast_head":"<!-- This site is optimized with the Yoast SEO plugin v27.3 - https:\/\/yoast.com\/product\/yoast-seo-wordpress\/ -->\n<title>Pliu\u0161inis \u017eaislas &quot;Mielas me\u0161kiukas&quot; - KidsPlay<\/title>\n<meta name=\"description\" content=\"Mielas pliu\u0161inis me\u0161kiukas.Labai \u0161velnus ir draugi\u0161kas me\u0161kiukas, kuris J\u016bs\u0173 vaikams suteiks daug d\u017eiaugsmo. Puikiai tiks kaip dovana mylimam vaikui.\" \/>\n<meta name=\"robots\" content=\"index, follow, max-snippet:-1, max-image-preview:large, max-video-preview:-1\" \/>\n<link rel=\"canonical\" href=\"https:\/\/kidsplay.lt\/lv\/product\/pliusinis-zaislas-mielas-meskiukas\/\" \/>\n<meta property=\"og:locale\" content=\"lv_LV\" \/>\n<meta property=\"og:type\" content=\"article\" \/>\n<meta property=\"og:title\" content=\"Pliu\u0161inis \u017eaislas &quot;Mielas me\u0161kiukas&quot; - KidsPlay\" \/>\n<meta property=\"og:description\" content=\"Mielas pliu\u0161inis me\u0161kiukas.Labai \u0161velnus ir draugi\u0161kas me\u0161kiukas, kuris J\u016bs\u0173 vaikams suteiks daug d\u017eiaugsmo. Puikiai tiks kaip dovana mylimam vaikui.\" \/>\n<meta property=\"og:url\" content=\"https:\/\/kidsplay.lt\/lv\/product\/pliusinis-zaislas-mielas-meskiukas\/\" \/>\n<meta property=\"og:site_name\" content=\"KidsPlay\" \/>\n<meta property=\"article:publisher\" content=\"https:\/\/www.facebook.com\/www.kidsplay.lt\" \/>\n<meta property=\"article:modified_time\" content=\"2025-12-01T14:26:44+00:00\" \/>\n<meta property=\"og:image\" content=\"https:\/\/kidsplay.lt\/wp-content\/uploads\/2023\/07\/pliusinis-zaislas-mielas-meskiukas-1.png\" \/>\n\t<meta property=\"og:image:width\" content=\"506\" \/>\n\t<meta property=\"og:image:height\" content=\"510\" \/>\n\t<meta property=\"og:image:type\" content=\"image\/png\" \/>\n<meta name=\"twitter:card\" content=\"summary_large_image\" \/>\n<meta name=\"twitter:label1\" content=\"Est. reading time\" \/>\n\t<meta name=\"twitter:data1\" content=\"1 min\u016bte\" \/>\n<script type=\"application\/ld+json\" class=\"yoast-schema-graph\">{\"@context\":\"https:\\\/\\\/schema.org\",\"@graph\":[{\"@type\":\"WebPage\",\"@id\":\"https:\\\/\\\/kidsplay.lt\\\/produktas\\\/pliusinis-zaislas-mielas-meskiukas\\\/\",\"url\":\"https:\\\/\\\/kidsplay.lt\\\/produktas\\\/pliusinis-zaislas-mielas-meskiukas\\\/\",\"name\":\"Pliu\u0161inis \u017eaislas \\\"Mielas me\u0161kiukas\\\" - KidsPlay\",\"isPartOf\":{\"@id\":\"https:\\\/\\\/kidsplay.lt\\\/#website\"},\"primaryImageOfPage\":{\"@id\":\"https:\\\/\\\/kidsplay.lt\\\/produktas\\\/pliusinis-zaislas-mielas-meskiukas\\\/#primaryimage\"},\"image\":{\"@id\":\"https:\\\/\\\/kidsplay.lt\\\/produktas\\\/pliusinis-zaislas-mielas-meskiukas\\\/#primaryimage\"},\"thumbnailUrl\":\"https:\\\/\\\/kidsplay.lt\\\/wp-content\\\/uploads\\\/2023\\\/07\\\/pliusinis-zaislas-mielas-meskiukas-1.png\",\"datePublished\":\"2023-07-21T20:26:24+00:00\",\"dateModified\":\"2025-12-01T14:26:44+00:00\",\"description\":\"Mielas pliu\u0161inis me\u0161kiukas.Labai \u0161velnus ir draugi\u0161kas me\u0161kiukas, kuris J\u016bs\u0173 vaikams suteiks daug d\u017eiaugsmo. Puikiai tiks kaip dovana mylimam vaikui.\",\"breadcrumb\":{\"@id\":\"https:\\\/\\\/kidsplay.lt\\\/produktas\\\/pliusinis-zaislas-mielas-meskiukas\\\/#breadcrumb\"},\"inLanguage\":\"lv-LV\",\"potentialAction\":[{\"@type\":\"ReadAction\",\"target\":[\"https:\\\/\\\/kidsplay.lt\\\/produktas\\\/pliusinis-zaislas-mielas-meskiukas\\\/\"]}]},{\"@type\":\"ImageObject\",\"inLanguage\":\"lv-LV\",\"@id\":\"https:\\\/\\\/kidsplay.lt\\\/produktas\\\/pliusinis-zaislas-mielas-meskiukas\\\/#primaryimage\",\"url\":\"https:\\\/\\\/kidsplay.lt\\\/wp-content\\\/uploads\\\/2023\\\/07\\\/pliusinis-zaislas-mielas-meskiukas-1.png\",\"contentUrl\":\"https:\\\/\\\/kidsplay.lt\\\/wp-content\\\/uploads\\\/2023\\\/07\\\/pliusinis-zaislas-mielas-meskiukas-1.png\",\"width\":506,\"height\":510,\"caption\":\"pliu\u0161inis \u017eaislas \\\"mielas me\u0161kiukas\\\"\"},{\"@type\":\"BreadcrumbList\",\"@id\":\"https:\\\/\\\/kidsplay.lt\\\/produktas\\\/pliusinis-zaislas-mielas-meskiukas\\\/#breadcrumb\",\"itemListElement\":[{\"@type\":\"ListItem\",\"position\":1,\"name\":\"Pagrindinis\",\"item\":\"https:\\\/\\\/kidsplay.lt\\\/\"},{\"@type\":\"ListItem\",\"position\":2,\"name\":\"Parduotuv\u0117\",\"item\":\"https:\\\/\\\/kidsplay.lt\\\/parduotuve\\\/\"},{\"@type\":\"ListItem\",\"position\":3,\"name\":\"Pliu\u0161inis \u017eaislas &#8222;Mielas me\u0161kiukas&#8221;\"}]},{\"@type\":\"WebSite\",\"@id\":\"https:\\\/\\\/kidsplay.lt\\\/#website\",\"url\":\"https:\\\/\\\/kidsplay.lt\\\/\",\"name\":\"Kidsplay.lt\",\"description\":\"\u012evairios prek\u0117s vaikams\",\"publisher\":{\"@id\":\"https:\\\/\\\/kidsplay.lt\\\/#organization\"},\"alternateName\":\"Kidsplay\",\"potentialAction\":[{\"@type\":\"SearchAction\",\"target\":{\"@type\":\"EntryPoint\",\"urlTemplate\":\"https:\\\/\\\/kidsplay.lt\\\/?s={search_term_string}\"},\"query-input\":{\"@type\":\"PropertyValueSpecification\",\"valueRequired\":true,\"valueName\":\"search_term_string\"}}],\"inLanguage\":\"lv-LV\"},{\"@type\":\"Organization\",\"@id\":\"https:\\\/\\\/kidsplay.lt\\\/#organization\",\"name\":\"KidsPlay\",\"url\":\"https:\\\/\\\/kidsplay.lt\\\/\",\"logo\":{\"@type\":\"ImageObject\",\"inLanguage\":\"lv-LV\",\"@id\":\"https:\\\/\\\/kidsplay.lt\\\/#\\\/schema\\\/logo\\\/image\\\/\",\"url\":\"https:\\\/\\\/kidsplay.lt\\\/wp-content\\\/uploads\\\/2023\\\/07\\\/kidsplay-logo.png\",\"contentUrl\":\"https:\\\/\\\/kidsplay.lt\\\/wp-content\\\/uploads\\\/2023\\\/07\\\/kidsplay-logo.png\",\"width\":451,\"height\":98,\"caption\":\"KidsPlay\"},\"image\":{\"@id\":\"https:\\\/\\\/kidsplay.lt\\\/#\\\/schema\\\/logo\\\/image\\\/\"},\"sameAs\":[\"https:\\\/\\\/www.facebook.com\\\/www.kidsplay.lt\"]}]}<\/script>\n<!-- \/ Yoast SEO plugin. -->","yoast_head_json":{"title":"Pliu\u0161inis \u017eaislas \"Mielas me\u0161kiukas\" - KidsPlay","description":"Mielas pliu\u0161inis me\u0161kiukas.Labai \u0161velnus ir draugi\u0161kas me\u0161kiukas, kuris J\u016bs\u0173 vaikams suteiks daug d\u017eiaugsmo. Puikiai tiks kaip dovana mylimam vaikui.","robots":{"index":"index","follow":"follow","max-snippet":"max-snippet:-1","max-image-preview":"max-image-preview:large","max-video-preview":"max-video-preview:-1"},"canonical":"https:\/\/kidsplay.lt\/lv\/product\/pliusinis-zaislas-mielas-meskiukas\/","og_locale":"lv_LV","og_type":"article","og_title":"Pliu\u0161inis \u017eaislas \"Mielas me\u0161kiukas\" - KidsPlay","og_description":"Mielas pliu\u0161inis me\u0161kiukas.Labai \u0161velnus ir draugi\u0161kas me\u0161kiukas, kuris J\u016bs\u0173 vaikams suteiks daug d\u017eiaugsmo. Puikiai tiks kaip dovana mylimam vaikui.","og_url":"https:\/\/kidsplay.lt\/lv\/product\/pliusinis-zaislas-mielas-meskiukas\/","og_site_name":"KidsPlay","article_publisher":"https:\/\/www.facebook.com\/www.kidsplay.lt","article_modified_time":"2025-12-01T14:26:44+00:00","og_image":[{"width":506,"height":510,"url":"https:\/\/kidsplay.lt\/wp-content\/uploads\/2023\/07\/pliusinis-zaislas-mielas-meskiukas-1.png","type":"image\/png"}],"twitter_card":"summary_large_image","twitter_misc":{"Est. reading time":"1 min\u016bte"},"schema":{"@context":"https:\/\/schema.org","@graph":[{"@type":"WebPage","@id":"https:\/\/kidsplay.lt\/produktas\/pliusinis-zaislas-mielas-meskiukas\/","url":"https:\/\/kidsplay.lt\/produktas\/pliusinis-zaislas-mielas-meskiukas\/","name":"Pliu\u0161inis \u017eaislas \"Mielas me\u0161kiukas\" - KidsPlay","isPartOf":{"@id":"https:\/\/kidsplay.lt\/#website"},"primaryImageOfPage":{"@id":"https:\/\/kidsplay.lt\/produktas\/pliusinis-zaislas-mielas-meskiukas\/#primaryimage"},"image":{"@id":"https:\/\/kidsplay.lt\/produktas\/pliusinis-zaislas-mielas-meskiukas\/#primaryimage"},"thumbnailUrl":"https:\/\/kidsplay.lt\/wp-content\/uploads\/2023\/07\/pliusinis-zaislas-mielas-meskiukas-1.png","datePublished":"2023-07-21T20:26:24+00:00","dateModified":"2025-12-01T14:26:44+00:00","description":"Mielas pliu\u0161inis me\u0161kiukas.Labai \u0161velnus ir draugi\u0161kas me\u0161kiukas, kuris J\u016bs\u0173 vaikams suteiks daug d\u017eiaugsmo. Puikiai tiks kaip dovana mylimam vaikui.","breadcrumb":{"@id":"https:\/\/kidsplay.lt\/produktas\/pliusinis-zaislas-mielas-meskiukas\/#breadcrumb"},"inLanguage":"lv-LV","potentialAction":[{"@type":"ReadAction","target":["https:\/\/kidsplay.lt\/produktas\/pliusinis-zaislas-mielas-meskiukas\/"]}]},{"@type":"ImageObject","inLanguage":"lv-LV","@id":"https:\/\/kidsplay.lt\/produktas\/pliusinis-zaislas-mielas-meskiukas\/#primaryimage","url":"https:\/\/kidsplay.lt\/wp-content\/uploads\/2023\/07\/pliusinis-zaislas-mielas-meskiukas-1.png","contentUrl":"https:\/\/kidsplay.lt\/wp-content\/uploads\/2023\/07\/pliusinis-zaislas-mielas-meskiukas-1.png","width":506,"height":510,"caption":"pliu\u0161inis \u017eaislas \"mielas me\u0161kiukas\""},{"@type":"BreadcrumbList","@id":"https:\/\/kidsplay.lt\/produktas\/pliusinis-zaislas-mielas-meskiukas\/#breadcrumb","itemListElement":[{"@type":"ListItem","position":1,"name":"Pagrindinis","item":"https:\/\/kidsplay.lt\/"},{"@type":"ListItem","position":2,"name":"Parduotuv\u0117","item":"https:\/\/kidsplay.lt\/parduotuve\/"},{"@type":"ListItem","position":3,"name":"Pliu\u0161inis \u017eaislas &#8222;Mielas me\u0161kiukas&#8221;"}]},{"@type":"WebSite","@id":"https:\/\/kidsplay.lt\/#website","url":"https:\/\/kidsplay.lt\/","name":"B\u0113rnu sp\u0113les.lv","description":"\u012evairios prek\u0117s vaikams","publisher":{"@id":"https:\/\/kidsplay.lt\/#organization"},"alternateName":"Kidsplay","potentialAction":[{"@type":"SearchAction","target":{"@type":"EntryPoint","urlTemplate":"https:\/\/kidsplay.lt\/?s={search_term_string}"},"query-input":{"@type":"PropertyValueSpecification","valueRequired":true,"valueName":"search_term_string"}}],"inLanguage":"lv-LV"},{"@type":"Organization","@id":"https:\/\/kidsplay.lt\/#organization","name":"B\u0113rnu sp\u0113le","url":"https:\/\/kidsplay.lt\/","logo":{"@type":"ImageObject","inLanguage":"lv-LV","@id":"https:\/\/kidsplay.lt\/#\/schema\/logo\/image\/","url":"https:\/\/kidsplay.lt\/wp-content\/uploads\/2023\/07\/kidsplay-logo.png","contentUrl":"https:\/\/kidsplay.lt\/wp-content\/uploads\/2023\/07\/kidsplay-logo.png","width":451,"height":98,"caption":"KidsPlay"},"image":{"@id":"https:\/\/kidsplay.lt\/#\/schema\/logo\/image\/"},"sameAs":["https:\/\/www.facebook.com\/www.kidsplay.lt"]}]}},"_links":{"self":[{"href":"https:\/\/kidsplay.lt\/lv\/wp-json\/wp\/v2\/product\/26591","targetHints":{"allow":["GET"]}}],"collection":[{"href":"https:\/\/kidsplay.lt\/lv\/wp-json\/wp\/v2\/product"}],"about":[{"href":"https:\/\/kidsplay.lt\/lv\/wp-json\/wp\/v2\/types\/product"}],"version-history":[{"count":2,"href":"https:\/\/kidsplay.lt\/lv\/wp-json\/wp\/v2\/product\/26591\/revisions"}],"predecessor-version":[{"id":74318,"href":"https:\/\/kidsplay.lt\/lv\/wp-json\/wp\/v2\/product\/26591\/revisions\/74318"}],"wp:featuredmedia":[{"embeddable":true,"href":"https:\/\/kidsplay.lt\/lv\/wp-json\/wp\/v2\/media\/26593"}],"wp:attachment":[{"href":"https:\/\/kidsplay.lt\/lv\/wp-json\/wp\/v2\/media?parent=26591"}],"wp:term":[{"taxonomy":"product_brand","embeddable":true,"href":"https:\/\/kidsplay.lt\/lv\/wp-json\/wp\/v2\/product_brand?post=26591"},{"taxonomy":"product_cat","embeddable":true,"href":"https:\/\/kidsplay.lt\/lv\/wp-json\/wp\/v2\/product_cat?post=26591"},{"taxonomy":"product_tag","embeddable":true,"href":"https:\/\/kidsplay.lt\/lv\/wp-json\/wp\/v2\/product_tag?post=26591"}],"curies":[{"name":"wp","href":"https:\/\/api.w.org\/{rel}","templated":true}]}}