{"id":26761,"date":"2023-07-25T14:42:02","date_gmt":"2023-07-25T11:42:02","guid":{"rendered":"https:\/\/kidsplay.lt\/?post_type=product&#038;p=26761"},"modified":"2025-12-24T09:09:50","modified_gmt":"2025-12-24T07:09:50","slug":"daugiafunkcis-vezimelis-kinderkraft-a-tour-3in1","status":"publish","type":"product","link":"https:\/\/kidsplay.lt\/lv\/products\/daugiafunkcis-vezimelis-kinderkraft-a-tour-3in1\/","title":{"rendered":"Daudzfunkcion\u0101li rati\u0146i Kinderkraft A-TOUR 3in1"},"content":{"rendered":"<h2>Daudzfunkcion\u0101li rati\u0146i Kinderkraft A-TOUR 3in1<\/h2>\n<p>Ve\u017eim\u0117lis 3 viename;<br \/>\nS\u0117dyn\u0117 2 viename: lengva lop\u0161\u012f paversti ve\u017eim\u0117liu;<br \/>\nVaikams nuo gimimo iki 22 kg;<br \/>\nPriedai: puodeli\u0173 laikiklis, tinklelis nuo uod\u0173, u\u017edangalas nuo lietaus, koj\u0173 u\u017edangalas, krep\u0161ys t\u0117vams, mink\u0161tas \u012fd\u0117klas s\u0117dynei ir lop\u0161iui, adapteriai<br \/>\n2 ve\u017eim\u0117lio va\u017eiavimo kryptys;<br \/>\n360 laipsni\u0173 besisukantis apsauginis barjeras;<br \/>\nSTOP &#038; RIDE stabdis, valdomas i\u0161 vir\u0161aus;<br \/>\n5 ta\u0161k\u0173 saugos dir\u017eai su apsaugomis;<br \/>\nPriekiniai pasukami ratai su tiesiai \u012f priek\u012f nukreiptu u\u017eraktu;<br \/>\nKrep\u0161elis su apkrova iki 4 kg;<br \/>\nSpalva: juoda;<\/p>\n<h2>Lengvas ir judrus daugiafunkcis ve\u017eim\u0117lis Kinderkraft A-TOUR 3in1<\/h2>\n<p>A-TOUR k\u016bdiki\u0173 <a href=\"https:\/\/kidsplay.lt\/lv\/produkta-kategorija\/vezimeliai\/\">ve\u017eim\u0117lis<\/a> yra lengvas ir manevringas. Jis sukurtas taip, kad j\u012f b\u016bt\u0173 lengva valdyti viena ranka. Tai palengvina patogi t\u0117v\u0173 rankena, 360 laipsni\u0173 kampu besisukantys priekiniai ratai ir galimyb\u0117 juos u\u017efiksuoti, kad va\u017eiuotum\u0117te tiesiai einant sunkesn\u0117je vietov\u0117je.<\/p>\n<h2>2 viename s\u0117dyn\u0117<\/h2>\n<p>A-TOUR yra ve\u017eim\u0117lis vaikams nuo gimimo iki 22 kg, t.y apie 4 met\u0173. Transformuojam\u0105 s\u0117dyn\u0119 i\u0161 gondolos nesunkiai pakeisite \u012f ve\u017eim\u0117l\u012f. \u0160is sprendimas leis jums sutaupyti vietos ne\u0161ant atskir\u0105 lop\u0161\u012f, kai vaikas i\u0161 jo i\u0161augs. Ve\u017eim\u0117lio k\u0117dut\u0119 galite pritvirtinti \u012f priek\u012f arba atgal pagal va\u017eiavimo krypt\u012f, pritaikydami j\u0105 vaiko poreikiams.<\/p>\n<h2>Ratai, kuri\u0173 nereikia p\u016bsti<\/h2>\n<p>A-TOUR ve\u017eim\u0117lis turi 4 rat\u0173 pakab\u0105, kurios d\u0117ka jis nebijos kelkra\u0161\u010di\u0173 ar mi\u0161ko tak\u0173. J\u0173 nereikia p\u016bsti, tod\u0117l bet kada gal\u0117site eiti pasivaik\u0161\u010dioti \u2013 netikrindami oro padangose. Ratai puikiai tinka bet kokiam reljefui.<\/p>\n<h2>Galimyb\u0117 s\u0117dyn\u0119 pritvirtinti prie r\u0117mo<\/h2>\n<p>A-TOUR turi galimyb\u0119 pritvirtinti pridedam\u0105 automobilin\u0119 k\u0117dut\u0119 prie ve\u017eim\u0117lio r\u0117mo. K\u016bdikis u\u017emigo automobilyje ir norite ka\u017ekur i\u0161eiti? Nieko neprarandate: atsegate automobilin\u0119 k\u0117dut\u0119, pritvirtinate prie ve\u017eim\u0117lio r\u0117mo.<\/p>\n<h2>Platus reguliavimo diapazonas<\/h2>\n<p>A-TOUR ve\u017eim\u0117lis si\u016blo vis\u0105 spektr\u0105 reguliavimo \u2013 tiek s\u0117dyn\u0117s, tiek gaubto, tiek t\u0117v\u0173 rankenos at\u017evilgiu. S\u0117dyn\u0119 galite nustatyti vienoje i\u0161 3 pad\u0117\u010di\u0173, o vandeniui atspar\u0173 stogel\u012f su UPF 50+ filtru galima padidinti, kad jis geriau apsaugot\u0173 vaik\u0105. Turi papildom\u0105 stogel\u012f nuo saul\u0117s ir audiniu aptraukt\u0105 ventiliacijos plok\u0161t\u0119.<\/p>\n<h2>Ergonomi\u0161kas pasivaik\u0161\u010diojimas su daugiafunkciniu ve\u017eim\u0117liu<\/h2>\n<p>\u017dema mama, auk\u0161tas t\u0117tis? Ve\u017eim\u0117l\u012f vairuojan\u010dio t\u0117vo pakeitimas netur\u0117s \u012ftakos vaik\u0161\u010diojimo patogumui \u2013 rankena ne tik reguliuojama 8 \u017eingsniais, bet ir turi ergonomi\u0161k\u0105 form\u0105. Tai u\u017etikrina patogesn\u012f sukibim\u0105, taigi ir lengvesn\u012f ve\u017eim\u0117lio manevravim\u0105.<\/p>\n<h2>Specifik\u0101cija<\/h2>\n<p>Med\u017eiagos<br \/>\nR\u0117mas: plieninis;<br \/>\nApvalkalas: poliesteris;<br \/>\nT\u0117v\u0173 barjeras ir rankena: eco oda;<br \/>\nRatai: guminiai su putplas\u010dio u\u017epildu;<\/p>\n<p>Izm\u0113ri:<br \/>\nSulenktas: 72x60x26;<br \/>\nI\u0161skleistas: 105 x 60 x 90;<br \/>\nPriekiniai \/ galiniai ratai: 20 cm \/ 30 cm;<br \/>\nVe\u017eim\u0117lio svoris (s\u0117dyn\u0117s ir r\u0117mo): 12 kg;<br \/>\nPa\u010dios s\u0117dyn\u0117s svoris: 4 kg;<br \/>\nR\u0117mo svoris: 8 kg;<\/p>","protected":false},"excerpt":{"rendered":"<p>Daudzfunkcion\u0101li rati\u0146i Kinderkraft A-TOUR 3in1<\/p>","protected":false},"featured_media":26762,"template":"","meta":{"_acf_changed":false,"_glsr_average":0,"_glsr_ranking":0,"_glsr_reviews":0},"product_brand":[],"product_cat":[246],"product_tag":[],"class_list":{"0":"post-26761","1":"product","2":"type-product","3":"status-publish","4":"has-post-thumbnail","6":"product_cat-vezimeliai","7":"\"style=\"background-color: #2ecc711c;\"","9":"first","10":"instock","11":"shipping-taxable","12":"purchasable","13":"product-type-simple"},"acf":[],"yoast_head":"<!-- This site is optimized with the Yoast SEO plugin v27.3 - https:\/\/yoast.com\/product\/yoast-seo-wordpress\/ -->\n<title>Daugiafunkcis ve\u017eim\u0117lis Kinderkraft A-TOUR 3in1 - KidsPlay<\/title>\n<meta name=\"description\" content=\"Daugiafunkcinis 3in1 ve\u017eim\u0117lis k\u016bdikiams iki 22kg. A-TOUR k\u016bdiki\u0173 ve\u017eim\u0117lis yra lengvas ir manevringas, sukurtas taip, kad b\u016bt\u0173 lengva valdyti viena ranka.\" \/>\n<meta name=\"robots\" content=\"index, follow, max-snippet:-1, max-image-preview:large, max-video-preview:-1\" \/>\n<link rel=\"canonical\" href=\"https:\/\/kidsplay.lt\/lv\/products\/daugiafunkcis-vezimelis-kinderkraft-a-tour-3in1\/\" \/>\n<meta property=\"og:locale\" content=\"lv_LV\" \/>\n<meta property=\"og:type\" content=\"article\" \/>\n<meta property=\"og:title\" content=\"Daugiafunkcis ve\u017eim\u0117lis Kinderkraft A-TOUR 3in1 - KidsPlay\" \/>\n<meta property=\"og:description\" content=\"Daugiafunkcinis 3in1 ve\u017eim\u0117lis k\u016bdikiams iki 22kg. A-TOUR k\u016bdiki\u0173 ve\u017eim\u0117lis yra lengvas ir manevringas, sukurtas taip, kad b\u016bt\u0173 lengva valdyti viena ranka.\" \/>\n<meta property=\"og:url\" content=\"https:\/\/kidsplay.lt\/lv\/products\/daugiafunkcis-vezimelis-kinderkraft-a-tour-3in1\/\" \/>\n<meta property=\"og:site_name\" content=\"KidsPlay\" \/>\n<meta property=\"article:publisher\" content=\"https:\/\/www.facebook.com\/www.kidsplay.lt\" \/>\n<meta property=\"article:modified_time\" content=\"2025-12-24T07:09:50+00:00\" \/>\n<meta property=\"og:image\" content=\"https:\/\/kidsplay.lt\/wp-content\/uploads\/2023\/07\/vaikiskas-vezimelis.png\" \/>\n\t<meta property=\"og:image:width\" content=\"680\" \/>\n\t<meta property=\"og:image:height\" content=\"608\" \/>\n\t<meta property=\"og:image:type\" content=\"image\/png\" \/>\n<meta name=\"twitter:card\" content=\"summary_large_image\" \/>\n<meta name=\"twitter:label1\" content=\"Est. reading time\" \/>\n\t<meta name=\"twitter:data1\" content=\"3 min\u016btes\" \/>\n<script type=\"application\/ld+json\" class=\"yoast-schema-graph\">{\"@context\":\"https:\\\/\\\/schema.org\",\"@graph\":[{\"@type\":\"WebPage\",\"@id\":\"https:\\\/\\\/kidsplay.lt\\\/produktas\\\/daugiafunkcis-vezimelis-kinderkraft-a-tour-3in1\\\/\",\"url\":\"https:\\\/\\\/kidsplay.lt\\\/produktas\\\/daugiafunkcis-vezimelis-kinderkraft-a-tour-3in1\\\/\",\"name\":\"Daugiafunkcis ve\u017eim\u0117lis Kinderkraft A-TOUR 3in1 - KidsPlay\",\"isPartOf\":{\"@id\":\"https:\\\/\\\/kidsplay.lt\\\/#website\"},\"primaryImageOfPage\":{\"@id\":\"https:\\\/\\\/kidsplay.lt\\\/produktas\\\/daugiafunkcis-vezimelis-kinderkraft-a-tour-3in1\\\/#primaryimage\"},\"image\":{\"@id\":\"https:\\\/\\\/kidsplay.lt\\\/produktas\\\/daugiafunkcis-vezimelis-kinderkraft-a-tour-3in1\\\/#primaryimage\"},\"thumbnailUrl\":\"https:\\\/\\\/kidsplay.lt\\\/wp-content\\\/uploads\\\/2023\\\/07\\\/vaikiskas-vezimelis.png\",\"datePublished\":\"2023-07-25T11:42:02+00:00\",\"dateModified\":\"2025-12-24T07:09:50+00:00\",\"description\":\"Daugiafunkcinis 3in1 ve\u017eim\u0117lis k\u016bdikiams iki 22kg. A-TOUR k\u016bdiki\u0173 ve\u017eim\u0117lis yra lengvas ir manevringas, sukurtas taip, kad b\u016bt\u0173 lengva valdyti viena ranka.\",\"breadcrumb\":{\"@id\":\"https:\\\/\\\/kidsplay.lt\\\/produktas\\\/daugiafunkcis-vezimelis-kinderkraft-a-tour-3in1\\\/#breadcrumb\"},\"inLanguage\":\"lv-LV\",\"potentialAction\":[{\"@type\":\"ReadAction\",\"target\":[\"https:\\\/\\\/kidsplay.lt\\\/produktas\\\/daugiafunkcis-vezimelis-kinderkraft-a-tour-3in1\\\/\"]}]},{\"@type\":\"ImageObject\",\"inLanguage\":\"lv-LV\",\"@id\":\"https:\\\/\\\/kidsplay.lt\\\/produktas\\\/daugiafunkcis-vezimelis-kinderkraft-a-tour-3in1\\\/#primaryimage\",\"url\":\"https:\\\/\\\/kidsplay.lt\\\/wp-content\\\/uploads\\\/2023\\\/07\\\/vaikiskas-vezimelis.png\",\"contentUrl\":\"https:\\\/\\\/kidsplay.lt\\\/wp-content\\\/uploads\\\/2023\\\/07\\\/vaikiskas-vezimelis.png\",\"width\":680,\"height\":608,\"caption\":\"vaiki\u0161kas daugiafunkcinis ve\u017eim\u0117lis\"},{\"@type\":\"BreadcrumbList\",\"@id\":\"https:\\\/\\\/kidsplay.lt\\\/produktas\\\/daugiafunkcis-vezimelis-kinderkraft-a-tour-3in1\\\/#breadcrumb\",\"itemListElement\":[{\"@type\":\"ListItem\",\"position\":1,\"name\":\"Pagrindinis\",\"item\":\"https:\\\/\\\/kidsplay.lt\\\/\"},{\"@type\":\"ListItem\",\"position\":2,\"name\":\"Parduotuv\u0117\",\"item\":\"https:\\\/\\\/kidsplay.lt\\\/parduotuve\\\/\"},{\"@type\":\"ListItem\",\"position\":3,\"name\":\"Daugiafunkcis ve\u017eim\u0117lis Kinderkraft A-TOUR 3in1\"}]},{\"@type\":\"WebSite\",\"@id\":\"https:\\\/\\\/kidsplay.lt\\\/#website\",\"url\":\"https:\\\/\\\/kidsplay.lt\\\/\",\"name\":\"Kidsplay.lt\",\"description\":\"\u012evairios prek\u0117s vaikams\",\"publisher\":{\"@id\":\"https:\\\/\\\/kidsplay.lt\\\/#organization\"},\"alternateName\":\"Kidsplay\",\"potentialAction\":[{\"@type\":\"SearchAction\",\"target\":{\"@type\":\"EntryPoint\",\"urlTemplate\":\"https:\\\/\\\/kidsplay.lt\\\/?s={search_term_string}\"},\"query-input\":{\"@type\":\"PropertyValueSpecification\",\"valueRequired\":true,\"valueName\":\"search_term_string\"}}],\"inLanguage\":\"lv-LV\"},{\"@type\":\"Organization\",\"@id\":\"https:\\\/\\\/kidsplay.lt\\\/#organization\",\"name\":\"KidsPlay\",\"url\":\"https:\\\/\\\/kidsplay.lt\\\/\",\"logo\":{\"@type\":\"ImageObject\",\"inLanguage\":\"lv-LV\",\"@id\":\"https:\\\/\\\/kidsplay.lt\\\/#\\\/schema\\\/logo\\\/image\\\/\",\"url\":\"https:\\\/\\\/kidsplay.lt\\\/wp-content\\\/uploads\\\/2023\\\/07\\\/kidsplay-logo.png\",\"contentUrl\":\"https:\\\/\\\/kidsplay.lt\\\/wp-content\\\/uploads\\\/2023\\\/07\\\/kidsplay-logo.png\",\"width\":451,\"height\":98,\"caption\":\"KidsPlay\"},\"image\":{\"@id\":\"https:\\\/\\\/kidsplay.lt\\\/#\\\/schema\\\/logo\\\/image\\\/\"},\"sameAs\":[\"https:\\\/\\\/www.facebook.com\\\/www.kidsplay.lt\"]}]}<\/script>\n<!-- \/ Yoast SEO plugin. -->","yoast_head_json":{"title":"Daugiafunkcis ve\u017eim\u0117lis Kinderkraft A-TOUR 3in1 - KidsPlay","description":"Daugiafunkcinis 3in1 ve\u017eim\u0117lis k\u016bdikiams iki 22kg. A-TOUR k\u016bdiki\u0173 ve\u017eim\u0117lis yra lengvas ir manevringas, sukurtas taip, kad b\u016bt\u0173 lengva valdyti viena ranka.","robots":{"index":"index","follow":"follow","max-snippet":"max-snippet:-1","max-image-preview":"max-image-preview:large","max-video-preview":"max-video-preview:-1"},"canonical":"https:\/\/kidsplay.lt\/lv\/products\/daugiafunkcis-vezimelis-kinderkraft-a-tour-3in1\/","og_locale":"lv_LV","og_type":"article","og_title":"Daugiafunkcis ve\u017eim\u0117lis Kinderkraft A-TOUR 3in1 - KidsPlay","og_description":"Daugiafunkcinis 3in1 ve\u017eim\u0117lis k\u016bdikiams iki 22kg. A-TOUR k\u016bdiki\u0173 ve\u017eim\u0117lis yra lengvas ir manevringas, sukurtas taip, kad b\u016bt\u0173 lengva valdyti viena ranka.","og_url":"https:\/\/kidsplay.lt\/lv\/products\/daugiafunkcis-vezimelis-kinderkraft-a-tour-3in1\/","og_site_name":"KidsPlay","article_publisher":"https:\/\/www.facebook.com\/www.kidsplay.lt","article_modified_time":"2025-12-24T07:09:50+00:00","og_image":[{"width":680,"height":608,"url":"https:\/\/kidsplay.lt\/wp-content\/uploads\/2023\/07\/vaikiskas-vezimelis.png","type":"image\/png"}],"twitter_card":"summary_large_image","twitter_misc":{"Est. reading time":"3 min\u016btes"},"schema":{"@context":"https:\/\/schema.org","@graph":[{"@type":"WebPage","@id":"https:\/\/kidsplay.lt\/produktas\/daugiafunkcis-vezimelis-kinderkraft-a-tour-3in1\/","url":"https:\/\/kidsplay.lt\/produktas\/daugiafunkcis-vezimelis-kinderkraft-a-tour-3in1\/","name":"Daugiafunkcis ve\u017eim\u0117lis Kinderkraft A-TOUR 3in1 - KidsPlay","isPartOf":{"@id":"https:\/\/kidsplay.lt\/#website"},"primaryImageOfPage":{"@id":"https:\/\/kidsplay.lt\/produktas\/daugiafunkcis-vezimelis-kinderkraft-a-tour-3in1\/#primaryimage"},"image":{"@id":"https:\/\/kidsplay.lt\/produktas\/daugiafunkcis-vezimelis-kinderkraft-a-tour-3in1\/#primaryimage"},"thumbnailUrl":"https:\/\/kidsplay.lt\/wp-content\/uploads\/2023\/07\/vaikiskas-vezimelis.png","datePublished":"2023-07-25T11:42:02+00:00","dateModified":"2025-12-24T07:09:50+00:00","description":"Daugiafunkcinis 3in1 ve\u017eim\u0117lis k\u016bdikiams iki 22kg. A-TOUR k\u016bdiki\u0173 ve\u017eim\u0117lis yra lengvas ir manevringas, sukurtas taip, kad b\u016bt\u0173 lengva valdyti viena ranka.","breadcrumb":{"@id":"https:\/\/kidsplay.lt\/produktas\/daugiafunkcis-vezimelis-kinderkraft-a-tour-3in1\/#breadcrumb"},"inLanguage":"lv-LV","potentialAction":[{"@type":"ReadAction","target":["https:\/\/kidsplay.lt\/produktas\/daugiafunkcis-vezimelis-kinderkraft-a-tour-3in1\/"]}]},{"@type":"ImageObject","inLanguage":"lv-LV","@id":"https:\/\/kidsplay.lt\/produktas\/daugiafunkcis-vezimelis-kinderkraft-a-tour-3in1\/#primaryimage","url":"https:\/\/kidsplay.lt\/wp-content\/uploads\/2023\/07\/vaikiskas-vezimelis.png","contentUrl":"https:\/\/kidsplay.lt\/wp-content\/uploads\/2023\/07\/vaikiskas-vezimelis.png","width":680,"height":608,"caption":"vaiki\u0161kas daugiafunkcinis ve\u017eim\u0117lis"},{"@type":"BreadcrumbList","@id":"https:\/\/kidsplay.lt\/produktas\/daugiafunkcis-vezimelis-kinderkraft-a-tour-3in1\/#breadcrumb","itemListElement":[{"@type":"ListItem","position":1,"name":"Pagrindinis","item":"https:\/\/kidsplay.lt\/"},{"@type":"ListItem","position":2,"name":"Parduotuv\u0117","item":"https:\/\/kidsplay.lt\/parduotuve\/"},{"@type":"ListItem","position":3,"name":"Daugiafunkcis ve\u017eim\u0117lis Kinderkraft A-TOUR 3in1"}]},{"@type":"WebSite","@id":"https:\/\/kidsplay.lt\/#website","url":"https:\/\/kidsplay.lt\/","name":"B\u0113rnu sp\u0113les.lv","description":"\u012evairios prek\u0117s vaikams","publisher":{"@id":"https:\/\/kidsplay.lt\/#organization"},"alternateName":"Kidsplay","potentialAction":[{"@type":"SearchAction","target":{"@type":"EntryPoint","urlTemplate":"https:\/\/kidsplay.lt\/?s={search_term_string}"},"query-input":{"@type":"PropertyValueSpecification","valueRequired":true,"valueName":"search_term_string"}}],"inLanguage":"lv-LV"},{"@type":"Organization","@id":"https:\/\/kidsplay.lt\/#organization","name":"B\u0113rnu sp\u0113le","url":"https:\/\/kidsplay.lt\/","logo":{"@type":"ImageObject","inLanguage":"lv-LV","@id":"https:\/\/kidsplay.lt\/#\/schema\/logo\/image\/","url":"https:\/\/kidsplay.lt\/wp-content\/uploads\/2023\/07\/kidsplay-logo.png","contentUrl":"https:\/\/kidsplay.lt\/wp-content\/uploads\/2023\/07\/kidsplay-logo.png","width":451,"height":98,"caption":"KidsPlay"},"image":{"@id":"https:\/\/kidsplay.lt\/#\/schema\/logo\/image\/"},"sameAs":["https:\/\/www.facebook.com\/www.kidsplay.lt"]}]}},"_links":{"self":[{"href":"https:\/\/kidsplay.lt\/lv\/wp-json\/wp\/v2\/product\/26761","targetHints":{"allow":["GET"]}}],"collection":[{"href":"https:\/\/kidsplay.lt\/lv\/wp-json\/wp\/v2\/product"}],"about":[{"href":"https:\/\/kidsplay.lt\/lv\/wp-json\/wp\/v2\/types\/product"}],"version-history":[{"count":3,"href":"https:\/\/kidsplay.lt\/lv\/wp-json\/wp\/v2\/product\/26761\/revisions"}],"predecessor-version":[{"id":74334,"href":"https:\/\/kidsplay.lt\/lv\/wp-json\/wp\/v2\/product\/26761\/revisions\/74334"}],"wp:featuredmedia":[{"embeddable":true,"href":"https:\/\/kidsplay.lt\/lv\/wp-json\/wp\/v2\/media\/26762"}],"wp:attachment":[{"href":"https:\/\/kidsplay.lt\/lv\/wp-json\/wp\/v2\/media?parent=26761"}],"wp:term":[{"taxonomy":"product_brand","embeddable":true,"href":"https:\/\/kidsplay.lt\/lv\/wp-json\/wp\/v2\/product_brand?post=26761"},{"taxonomy":"product_cat","embeddable":true,"href":"https:\/\/kidsplay.lt\/lv\/wp-json\/wp\/v2\/product_cat?post=26761"},{"taxonomy":"product_tag","embeddable":true,"href":"https:\/\/kidsplay.lt\/lv\/wp-json\/wp\/v2\/product_tag?post=26761"}],"curies":[{"name":"wp","href":"https:\/\/api.w.org\/{rel}","templated":true}]}}