{"id":27544,"date":"2023-07-31T22:02:30","date_gmt":"2023-07-31T19:02:30","guid":{"rendered":"https:\/\/kidsplay.lt\/?post_type=product&#038;p=27544"},"modified":"2026-04-19T09:59:35","modified_gmt":"2026-04-19T06:59:35","slug":"maitinimo-kedute-omna-3in1","status":"publish","type":"product","link":"https:\/\/kidsplay.lt\/lv\/products\/maitinimo-kedute-omna-3in1\/","title":{"rendered":"B\u0113rnu baro\u0161anas kr\u0113sli\u0146\u0161 Omna 3in1"},"content":{"rendered":"<h2>Maitinimo k\u0117dut\u0117 Omna 3in1 &#8211; sm\u0117lio spalvos<\/h2>\n<p>Komplekte \u012ftraukas nuimamas stalvir\u0161io d\u0117klas.<br \/>\nAuk\u0161ta k\u0117dut\u0117 + k\u0117dut\u0117 didesniems vaikams.<br \/>\nAtlaiko iki 20kg.<\/p>\n<p>Labai prakti\u0161ka, lengva ir funkcionali 3 viename k\u0117dut\u0117 vaikams nuo 6 m\u0117n.<\/p>\n<h2>Mink\u0161ta ir patogi<\/h2>\n<p>Maitinimo k\u0117dut\u0117 \u201etrys viename\u201c yra puikus sprendimas j\u016bs\u0173 vaiko kasdieniam maitinimui. Fotelis yra mink\u0161tas ir patogus naudoti, o tai teigiamai veikia vaiko komfort\u0105.<br \/>\nK\u0117dut\u0117 tinkama nuo 6 m\u0117n. K\u0117dut\u0117je yra nuimama ekologi\u0161ka odin\u0117 s\u0117dyn\u0117, 3 stalvir\u0161io atstumo reguliavimo lygiai ir nuimamas pad\u0117klas, tod\u0117l j\u012f labai patogu naudoti ir lengva valyti.<br \/>\nD\u0117l lengvai nuimam\u0173 koj\u0173 k\u0117d\u0119 galima laisvai reguliuoti \u012f du auk\u0161\u010dius. Auk\u0161tesn\u0117 skirta ma\u017eesniems vaikams maitinti, o \u017eemesn\u0117 \u2013 kaip tradicin\u0117 s\u0117d\u0117jimo k\u0117dut\u0117.<br \/>\nBe to, 4 neslid\u017eios kojel\u0117s su tarpais tinkamu kampu u\u017etikrina k\u0117d\u0117s stabilum\u0105 ir ilgaam\u017ei\u0161kum\u0105.<\/p>\n<p>Charekteristika:<br \/>\n&#8211; Tvirta konstrukcija;<br \/>\n&#8211; Neslystan\u010dios kojos;<br \/>\n&#8211; Koj\u0173 atrama;<br \/>\n&#8211; Nuimamas u\u017evalkalas pagamintas i\u0161 EKO ODOS, kur\u012f lengva valyti!<br \/>\n&#8211; 5 ta\u0161k\u0173 saugos dir\u017eai su auk\u0161\u010dio reguliavimu;<br \/>\n&#8211; Papildomas profiliuotas saugos elementas tarp koj\u0173, neleid\u017eiantis vaikui i\u0161slysti i\u0161 k\u0117dut\u0117s;<br \/>\n&#8211; Itin lengvas: tik 3,8 kg.<br \/>\n&#8211; Vaikams: nuo 6 m\u0117n.<br \/>\n&#8211; CE sertifikatas.<\/p>","protected":false},"excerpt":{"rendered":"<p>B\u0113rnu baro\u0161anas kr\u0113sli\u0146\u0161 Omna 3in1<\/p>","protected":false},"featured_media":27546,"template":"","meta":{"_acf_changed":false,"_glsr_average":0,"_glsr_ranking":0,"_glsr_reviews":0},"product_brand":[],"product_cat":[259],"product_tag":[],"class_list":{"0":"post-27544","1":"product","2":"type-product","3":"status-publish","4":"has-post-thumbnail","6":"product_cat-maitinimo-kedutes","7":"\"style=\"background-color: #2ecc711c;\"","9":"first","10":"instock","11":"featured","12":"shipping-taxable","13":"purchasable","14":"product-type-simple"},"acf":[],"yoast_head":"<!-- This site is optimized with the Yoast SEO plugin v27.4 - https:\/\/yoast.com\/product\/yoast-seo-wordpress\/ -->\n<title>Maitinimo k\u0117dut\u0117 Omna 3in1 - KidsPlay<\/title>\n<meta name=\"description\" content=\"Maitinimo k\u0117dut\u0117 \u201e3in1\u201c yra puikus sprendimas j\u016bs\u0173 vaiko kasdieniam maitinimui. Fotelis yra mink\u0161tas ir patogus naudoti, o tai teigiamai veikia vaiko komfort\u0105.\" \/>\n<meta name=\"robots\" content=\"index, follow, max-snippet:-1, max-image-preview:large, max-video-preview:-1\" \/>\n<link rel=\"canonical\" href=\"https:\/\/kidsplay.lt\/lv\/products\/maitinimo-kedute-omna-3in1\/\" \/>\n<meta property=\"og:locale\" content=\"lv_LV\" \/>\n<meta property=\"og:type\" content=\"article\" \/>\n<meta property=\"og:title\" content=\"Maitinimo k\u0117dut\u0117 Omna 3in1 - KidsPlay\" \/>\n<meta property=\"og:description\" content=\"Maitinimo k\u0117dut\u0117 \u201e3in1\u201c yra puikus sprendimas j\u016bs\u0173 vaiko kasdieniam maitinimui. Fotelis yra mink\u0161tas ir patogus naudoti, o tai teigiamai veikia vaiko komfort\u0105.\" \/>\n<meta property=\"og:url\" content=\"https:\/\/kidsplay.lt\/lv\/products\/maitinimo-kedute-omna-3in1\/\" \/>\n<meta property=\"og:site_name\" content=\"KidsPlay\" \/>\n<meta property=\"article:publisher\" content=\"https:\/\/www.facebook.com\/www.kidsplay.lt\" \/>\n<meta property=\"article:modified_time\" content=\"2026-04-19T06:59:35+00:00\" \/>\n<meta property=\"og:image\" content=\"https:\/\/kidsplay.lt\/wp-content\/uploads\/2023\/07\/Maitinimo-kedute-Omna-3in1-2.png\" \/>\n\t<meta property=\"og:image:width\" content=\"540\" \/>\n\t<meta property=\"og:image:height\" content=\"487\" \/>\n\t<meta property=\"og:image:type\" content=\"image\/png\" \/>\n<meta name=\"twitter:card\" content=\"summary_large_image\" \/>\n<meta name=\"twitter:label1\" content=\"Est. reading time\" \/>\n\t<meta name=\"twitter:data1\" content=\"1 min\u016bte\" \/>\n<script type=\"application\/ld+json\" class=\"yoast-schema-graph\">{\"@context\":\"https:\\\/\\\/schema.org\",\"@graph\":[{\"@type\":\"WebPage\",\"@id\":\"https:\\\/\\\/kidsplay.lt\\\/produktas\\\/maitinimo-kedute-omna-3in1\\\/\",\"url\":\"https:\\\/\\\/kidsplay.lt\\\/produktas\\\/maitinimo-kedute-omna-3in1\\\/\",\"name\":\"Maitinimo k\u0117dut\u0117 Omna 3in1 - KidsPlay\",\"isPartOf\":{\"@id\":\"https:\\\/\\\/kidsplay.lt\\\/#website\"},\"primaryImageOfPage\":{\"@id\":\"https:\\\/\\\/kidsplay.lt\\\/produktas\\\/maitinimo-kedute-omna-3in1\\\/#primaryimage\"},\"image\":{\"@id\":\"https:\\\/\\\/kidsplay.lt\\\/produktas\\\/maitinimo-kedute-omna-3in1\\\/#primaryimage\"},\"thumbnailUrl\":\"https:\\\/\\\/kidsplay.lt\\\/wp-content\\\/uploads\\\/2023\\\/07\\\/Maitinimo-kedute-Omna-3in1-2.png\",\"datePublished\":\"2023-07-31T19:02:30+00:00\",\"dateModified\":\"2026-04-19T06:59:35+00:00\",\"description\":\"Maitinimo k\u0117dut\u0117 \u201e3in1\u201c yra puikus sprendimas j\u016bs\u0173 vaiko kasdieniam maitinimui. Fotelis yra mink\u0161tas ir patogus naudoti, o tai teigiamai veikia vaiko komfort\u0105.\",\"breadcrumb\":{\"@id\":\"https:\\\/\\\/kidsplay.lt\\\/produktas\\\/maitinimo-kedute-omna-3in1\\\/#breadcrumb\"},\"inLanguage\":\"lv-LV\",\"potentialAction\":[{\"@type\":\"ReadAction\",\"target\":[\"https:\\\/\\\/kidsplay.lt\\\/produktas\\\/maitinimo-kedute-omna-3in1\\\/\"]}]},{\"@type\":\"ImageObject\",\"inLanguage\":\"lv-LV\",\"@id\":\"https:\\\/\\\/kidsplay.lt\\\/produktas\\\/maitinimo-kedute-omna-3in1\\\/#primaryimage\",\"url\":\"https:\\\/\\\/kidsplay.lt\\\/wp-content\\\/uploads\\\/2023\\\/07\\\/Maitinimo-kedute-Omna-3in1-2.png\",\"contentUrl\":\"https:\\\/\\\/kidsplay.lt\\\/wp-content\\\/uploads\\\/2023\\\/07\\\/Maitinimo-kedute-Omna-3in1-2.png\",\"width\":540,\"height\":487,\"caption\":\"Maitinimo k\u0117dut\u0117 Omna 3in1\"},{\"@type\":\"BreadcrumbList\",\"@id\":\"https:\\\/\\\/kidsplay.lt\\\/produktas\\\/maitinimo-kedute-omna-3in1\\\/#breadcrumb\",\"itemListElement\":[{\"@type\":\"ListItem\",\"position\":1,\"name\":\"Pagrindinis\",\"item\":\"https:\\\/\\\/kidsplay.lt\\\/\"},{\"@type\":\"ListItem\",\"position\":2,\"name\":\"Parduotuv\u0117\",\"item\":\"https:\\\/\\\/kidsplay.lt\\\/parduotuve\\\/\"},{\"@type\":\"ListItem\",\"position\":3,\"name\":\"Maitinimo k\u0117dut\u0117 Omna 3in1\"}]},{\"@type\":\"WebSite\",\"@id\":\"https:\\\/\\\/kidsplay.lt\\\/#website\",\"url\":\"https:\\\/\\\/kidsplay.lt\\\/\",\"name\":\"Kidsplay.lt\",\"description\":\"\u012evairios prek\u0117s vaikams\",\"publisher\":{\"@id\":\"https:\\\/\\\/kidsplay.lt\\\/#organization\"},\"alternateName\":\"Kidsplay\",\"potentialAction\":[{\"@type\":\"SearchAction\",\"target\":{\"@type\":\"EntryPoint\",\"urlTemplate\":\"https:\\\/\\\/kidsplay.lt\\\/?s={search_term_string}\"},\"query-input\":{\"@type\":\"PropertyValueSpecification\",\"valueRequired\":true,\"valueName\":\"search_term_string\"}}],\"inLanguage\":\"lv-LV\"},{\"@type\":\"Organization\",\"@id\":\"https:\\\/\\\/kidsplay.lt\\\/#organization\",\"name\":\"KidsPlay\",\"url\":\"https:\\\/\\\/kidsplay.lt\\\/\",\"logo\":{\"@type\":\"ImageObject\",\"inLanguage\":\"lv-LV\",\"@id\":\"https:\\\/\\\/kidsplay.lt\\\/#\\\/schema\\\/logo\\\/image\\\/\",\"url\":\"https:\\\/\\\/kidsplay.lt\\\/wp-content\\\/uploads\\\/2023\\\/07\\\/kidsplay-logo.png\",\"contentUrl\":\"https:\\\/\\\/kidsplay.lt\\\/wp-content\\\/uploads\\\/2023\\\/07\\\/kidsplay-logo.png\",\"width\":451,\"height\":98,\"caption\":\"KidsPlay\"},\"image\":{\"@id\":\"https:\\\/\\\/kidsplay.lt\\\/#\\\/schema\\\/logo\\\/image\\\/\"},\"sameAs\":[\"https:\\\/\\\/www.facebook.com\\\/www.kidsplay.lt\"]}]}<\/script>\n<!-- \/ Yoast SEO plugin. -->","yoast_head_json":{"title":"Maitinimo k\u0117dut\u0117 Omna 3in1 - KidsPlay","description":"Maitinimo k\u0117dut\u0117 \u201e3in1\u201c yra puikus sprendimas j\u016bs\u0173 vaiko kasdieniam maitinimui. Fotelis yra mink\u0161tas ir patogus naudoti, o tai teigiamai veikia vaiko komfort\u0105.","robots":{"index":"index","follow":"follow","max-snippet":"max-snippet:-1","max-image-preview":"max-image-preview:large","max-video-preview":"max-video-preview:-1"},"canonical":"https:\/\/kidsplay.lt\/lv\/products\/maitinimo-kedute-omna-3in1\/","og_locale":"lv_LV","og_type":"article","og_title":"Maitinimo k\u0117dut\u0117 Omna 3in1 - KidsPlay","og_description":"Maitinimo k\u0117dut\u0117 \u201e3in1\u201c yra puikus sprendimas j\u016bs\u0173 vaiko kasdieniam maitinimui. Fotelis yra mink\u0161tas ir patogus naudoti, o tai teigiamai veikia vaiko komfort\u0105.","og_url":"https:\/\/kidsplay.lt\/lv\/products\/maitinimo-kedute-omna-3in1\/","og_site_name":"KidsPlay","article_publisher":"https:\/\/www.facebook.com\/www.kidsplay.lt","article_modified_time":"2026-04-19T06:59:35+00:00","og_image":[{"width":540,"height":487,"url":"https:\/\/kidsplay.lt\/wp-content\/uploads\/2023\/07\/Maitinimo-kedute-Omna-3in1-2.png","type":"image\/png"}],"twitter_card":"summary_large_image","twitter_misc":{"Est. reading time":"1 min\u016bte"},"schema":{"@context":"https:\/\/schema.org","@graph":[{"@type":"WebPage","@id":"https:\/\/kidsplay.lt\/produktas\/maitinimo-kedute-omna-3in1\/","url":"https:\/\/kidsplay.lt\/produktas\/maitinimo-kedute-omna-3in1\/","name":"Maitinimo k\u0117dut\u0117 Omna 3in1 - KidsPlay","isPartOf":{"@id":"https:\/\/kidsplay.lt\/#website"},"primaryImageOfPage":{"@id":"https:\/\/kidsplay.lt\/produktas\/maitinimo-kedute-omna-3in1\/#primaryimage"},"image":{"@id":"https:\/\/kidsplay.lt\/produktas\/maitinimo-kedute-omna-3in1\/#primaryimage"},"thumbnailUrl":"https:\/\/kidsplay.lt\/wp-content\/uploads\/2023\/07\/Maitinimo-kedute-Omna-3in1-2.png","datePublished":"2023-07-31T19:02:30+00:00","dateModified":"2026-04-19T06:59:35+00:00","description":"Maitinimo k\u0117dut\u0117 \u201e3in1\u201c yra puikus sprendimas j\u016bs\u0173 vaiko kasdieniam maitinimui. Fotelis yra mink\u0161tas ir patogus naudoti, o tai teigiamai veikia vaiko komfort\u0105.","breadcrumb":{"@id":"https:\/\/kidsplay.lt\/produktas\/maitinimo-kedute-omna-3in1\/#breadcrumb"},"inLanguage":"lv-LV","potentialAction":[{"@type":"ReadAction","target":["https:\/\/kidsplay.lt\/produktas\/maitinimo-kedute-omna-3in1\/"]}]},{"@type":"ImageObject","inLanguage":"lv-LV","@id":"https:\/\/kidsplay.lt\/produktas\/maitinimo-kedute-omna-3in1\/#primaryimage","url":"https:\/\/kidsplay.lt\/wp-content\/uploads\/2023\/07\/Maitinimo-kedute-Omna-3in1-2.png","contentUrl":"https:\/\/kidsplay.lt\/wp-content\/uploads\/2023\/07\/Maitinimo-kedute-Omna-3in1-2.png","width":540,"height":487,"caption":"Maitinimo k\u0117dut\u0117 Omna 3in1"},{"@type":"BreadcrumbList","@id":"https:\/\/kidsplay.lt\/produktas\/maitinimo-kedute-omna-3in1\/#breadcrumb","itemListElement":[{"@type":"ListItem","position":1,"name":"Pagrindinis","item":"https:\/\/kidsplay.lt\/"},{"@type":"ListItem","position":2,"name":"Parduotuv\u0117","item":"https:\/\/kidsplay.lt\/parduotuve\/"},{"@type":"ListItem","position":3,"name":"Maitinimo k\u0117dut\u0117 Omna 3in1"}]},{"@type":"WebSite","@id":"https:\/\/kidsplay.lt\/#website","url":"https:\/\/kidsplay.lt\/","name":"B\u0113rnu sp\u0113les.lv","description":"\u012evairios prek\u0117s vaikams","publisher":{"@id":"https:\/\/kidsplay.lt\/#organization"},"alternateName":"Kidsplay","potentialAction":[{"@type":"SearchAction","target":{"@type":"EntryPoint","urlTemplate":"https:\/\/kidsplay.lt\/?s={search_term_string}"},"query-input":{"@type":"PropertyValueSpecification","valueRequired":true,"valueName":"search_term_string"}}],"inLanguage":"lv-LV"},{"@type":"Organization","@id":"https:\/\/kidsplay.lt\/#organization","name":"B\u0113rnu sp\u0113le","url":"https:\/\/kidsplay.lt\/","logo":{"@type":"ImageObject","inLanguage":"lv-LV","@id":"https:\/\/kidsplay.lt\/#\/schema\/logo\/image\/","url":"https:\/\/kidsplay.lt\/wp-content\/uploads\/2023\/07\/kidsplay-logo.png","contentUrl":"https:\/\/kidsplay.lt\/wp-content\/uploads\/2023\/07\/kidsplay-logo.png","width":451,"height":98,"caption":"KidsPlay"},"image":{"@id":"https:\/\/kidsplay.lt\/#\/schema\/logo\/image\/"},"sameAs":["https:\/\/www.facebook.com\/www.kidsplay.lt"]}]}},"_links":{"self":[{"href":"https:\/\/kidsplay.lt\/lv\/wp-json\/wp\/v2\/product\/27544","targetHints":{"allow":["GET"]}}],"collection":[{"href":"https:\/\/kidsplay.lt\/lv\/wp-json\/wp\/v2\/product"}],"about":[{"href":"https:\/\/kidsplay.lt\/lv\/wp-json\/wp\/v2\/types\/product"}],"version-history":[{"count":2,"href":"https:\/\/kidsplay.lt\/lv\/wp-json\/wp\/v2\/product\/27544\/revisions"}],"predecessor-version":[{"id":74315,"href":"https:\/\/kidsplay.lt\/lv\/wp-json\/wp\/v2\/product\/27544\/revisions\/74315"}],"wp:featuredmedia":[{"embeddable":true,"href":"https:\/\/kidsplay.lt\/lv\/wp-json\/wp\/v2\/media\/27546"}],"wp:attachment":[{"href":"https:\/\/kidsplay.lt\/lv\/wp-json\/wp\/v2\/media?parent=27544"}],"wp:term":[{"taxonomy":"product_brand","embeddable":true,"href":"https:\/\/kidsplay.lt\/lv\/wp-json\/wp\/v2\/product_brand?post=27544"},{"taxonomy":"product_cat","embeddable":true,"href":"https:\/\/kidsplay.lt\/lv\/wp-json\/wp\/v2\/product_cat?post=27544"},{"taxonomy":"product_tag","embeddable":true,"href":"https:\/\/kidsplay.lt\/lv\/wp-json\/wp\/v2\/product_tag?post=27544"}],"curies":[{"name":"wp","href":"https:\/\/api.w.org\/{rel}","templated":true}]}}