{"id":46023,"date":"2023-09-26T08:59:58","date_gmt":"2023-09-26T05:59:58","guid":{"rendered":"https:\/\/kidsplay.lt\/?post_type=product&#038;p=46023"},"modified":"2025-10-04T15:01:50","modified_gmt":"2025-10-04T12:01:50","slug":"medine-vaikiska-virtuvele-xl-su-led-apsvietimu-ir-priedais","status":"publish","type":"product","link":"https:\/\/kidsplay.lt\/lv\/products\/medine-vaikiska-virtuvele-xl-su-led-apsvietimu-ir-priedais\/","title":{"rendered":"Koka b\u0113rnu virtuve XL ar LED apgaismojumu un aksesu\u0101riem"},"content":{"rendered":"<p>Medin\u0117 vaiki\u0161ka virtuv\u0117l\u0117 XL su LED ap\u0161vietimu ir priedais &#8211; virtuv\u0117je yra LED lemput\u0117, kuri\u0105 galite \u012fd\u0117ti po spintel\u0117mis, spintel\u0117je arba orkait\u0117je &#8211; pasirinkimas priklauso nuo J\u016bs\u0173! \u0160viesa padarys, kad vaikas jaust\u0173si kaip tikroje virtuv\u0117je, dar didesn\u012f efekt\u0105 pasieks, kai kambarys jau taps tamsus, o lemput\u0117 leis vaikui paruo\u0161ti vakarien\u0119 l\u0117l\u0117ms, me\u0161kiukams arba savo t\u0117vams. J\u016bs\u0173 vaikas bus su\u017eav\u0117tas &#8211; \u0161i virtuv\u0117 suteiks daug valand\u0173 \u017eaidimui.<\/p>\n<p>SPECIFIKACIJA<\/p>\n<p>Am\u017eius: nuo 3+;<br \/>\nMed\u017eiaga: mediena;<br \/>\nSpalva: tamsi;<br \/>\nLempos maitinimas: 3 x AAA baterijos (\u012f komplekt\u0105 ne\u012feina);<br \/>\nMatmenys (plotis\/auk\u0161tis): 80\/80,5\/24cm.<br \/>\nKomplekto svoris: 12,7kg<br \/>\nSvoris su pakuote: 13,65 kg<\/p>","protected":false},"excerpt":{"rendered":"<p>Koka b\u0113rnu virtuve XL ar LED apgaismojumu un aksesu\u0101riem<\/p>","protected":false},"featured_media":46026,"template":"","meta":{"_acf_changed":false,"_glsr_average":0,"_glsr_ranking":0,"_glsr_reviews":0},"product_brand":[],"product_cat":[282,229],"product_tag":[],"class_list":{"0":"post-46023","1":"product","2":"type-product","3":"status-publish","4":"has-post-thumbnail","6":"product_cat-virtuves-reikmenys-vaidmenu-zaidimai","7":"product_cat-zaislai-vaikams","8":"\"style=\"background-color: #2ecc711c;\"","10":"first","11":"instock","12":"shipping-taxable","13":"purchasable","14":"product-type-simple"},"acf":[],"yoast_head":"<!-- This site is optimized with the Yoast SEO plugin v27.4 - https:\/\/yoast.com\/product\/yoast-seo-wordpress\/ -->\n<title>Medin\u0117 vaiki\u0161ka virtuv\u0117l\u0117 XL su LED ap\u0161vietimu ir priedais - KidsPlay<\/title>\n<meta name=\"description\" content=\"Medin\u0117 vaiki\u0161ka virtuv\u0117l\u0117 XL su LED ap\u0161vietimu ir priedais - virtuv\u0117je yra LED lemput\u0117, kuri\u0105 galite \u012fd\u0117ti po spintel\u0117mis, spintel\u0117je arba orkait\u0117je.\" \/>\n<meta name=\"robots\" content=\"index, follow, max-snippet:-1, max-image-preview:large, max-video-preview:-1\" \/>\n<link rel=\"canonical\" href=\"https:\/\/kidsplay.lt\/lv\/products\/medine-vaikiska-virtuvele-xl-su-led-apsvietimu-ir-priedais\/\" \/>\n<meta property=\"og:locale\" content=\"lv_LV\" \/>\n<meta property=\"og:type\" content=\"article\" \/>\n<meta property=\"og:title\" content=\"Medin\u0117 vaiki\u0161ka virtuv\u0117l\u0117 XL su LED ap\u0161vietimu ir priedais - KidsPlay\" \/>\n<meta property=\"og:description\" content=\"Medin\u0117 vaiki\u0161ka virtuv\u0117l\u0117 XL su LED ap\u0161vietimu ir priedais - virtuv\u0117je yra LED lemput\u0117, kuri\u0105 galite \u012fd\u0117ti po spintel\u0117mis, spintel\u0117je arba orkait\u0117je.\" \/>\n<meta property=\"og:url\" content=\"https:\/\/kidsplay.lt\/lv\/products\/medine-vaikiska-virtuvele-xl-su-led-apsvietimu-ir-priedais\/\" \/>\n<meta property=\"og:site_name\" content=\"KidsPlay\" \/>\n<meta property=\"article:publisher\" content=\"https:\/\/www.facebook.com\/www.kidsplay.lt\" \/>\n<meta property=\"article:modified_time\" content=\"2025-10-04T12:01:50+00:00\" \/>\n<meta property=\"og:image\" content=\"https:\/\/kidsplay.lt\/wp-content\/uploads\/2023\/09\/medine-virtuvele-vaikams-1.png\" \/>\n\t<meta property=\"og:image:width\" content=\"872\" \/>\n\t<meta property=\"og:image:height\" content=\"851\" \/>\n\t<meta property=\"og:image:type\" content=\"image\/png\" \/>\n<meta name=\"twitter:card\" content=\"summary_large_image\" \/>\n<meta name=\"twitter:label1\" content=\"Est. reading time\" \/>\n\t<meta name=\"twitter:data1\" content=\"1 min\u016bte\" \/>\n<script type=\"application\/ld+json\" class=\"yoast-schema-graph\">{\"@context\":\"https:\\\/\\\/schema.org\",\"@graph\":[{\"@type\":\"WebPage\",\"@id\":\"https:\\\/\\\/kidsplay.lt\\\/produktas\\\/medine-vaikiska-virtuvele-xl-su-led-apsvietimu-ir-priedais\\\/\",\"url\":\"https:\\\/\\\/kidsplay.lt\\\/produktas\\\/medine-vaikiska-virtuvele-xl-su-led-apsvietimu-ir-priedais\\\/\",\"name\":\"Medin\u0117 vaiki\u0161ka virtuv\u0117l\u0117 XL su LED ap\u0161vietimu ir priedais - KidsPlay\",\"isPartOf\":{\"@id\":\"https:\\\/\\\/kidsplay.lt\\\/#website\"},\"primaryImageOfPage\":{\"@id\":\"https:\\\/\\\/kidsplay.lt\\\/produktas\\\/medine-vaikiska-virtuvele-xl-su-led-apsvietimu-ir-priedais\\\/#primaryimage\"},\"image\":{\"@id\":\"https:\\\/\\\/kidsplay.lt\\\/produktas\\\/medine-vaikiska-virtuvele-xl-su-led-apsvietimu-ir-priedais\\\/#primaryimage\"},\"thumbnailUrl\":\"https:\\\/\\\/kidsplay.lt\\\/wp-content\\\/uploads\\\/2023\\\/09\\\/medine-virtuvele-vaikams-1.png\",\"datePublished\":\"2023-09-26T05:59:58+00:00\",\"dateModified\":\"2025-10-04T12:01:50+00:00\",\"description\":\"Medin\u0117 vaiki\u0161ka virtuv\u0117l\u0117 XL su LED ap\u0161vietimu ir priedais - virtuv\u0117je yra LED lemput\u0117, kuri\u0105 galite \u012fd\u0117ti po spintel\u0117mis, spintel\u0117je arba orkait\u0117je.\",\"breadcrumb\":{\"@id\":\"https:\\\/\\\/kidsplay.lt\\\/produktas\\\/medine-vaikiska-virtuvele-xl-su-led-apsvietimu-ir-priedais\\\/#breadcrumb\"},\"inLanguage\":\"lv-LV\",\"potentialAction\":[{\"@type\":\"ReadAction\",\"target\":[\"https:\\\/\\\/kidsplay.lt\\\/produktas\\\/medine-vaikiska-virtuvele-xl-su-led-apsvietimu-ir-priedais\\\/\"]}]},{\"@type\":\"ImageObject\",\"inLanguage\":\"lv-LV\",\"@id\":\"https:\\\/\\\/kidsplay.lt\\\/produktas\\\/medine-vaikiska-virtuvele-xl-su-led-apsvietimu-ir-priedais\\\/#primaryimage\",\"url\":\"https:\\\/\\\/kidsplay.lt\\\/wp-content\\\/uploads\\\/2023\\\/09\\\/medine-virtuvele-vaikams-1.png\",\"contentUrl\":\"https:\\\/\\\/kidsplay.lt\\\/wp-content\\\/uploads\\\/2023\\\/09\\\/medine-virtuvele-vaikams-1.png\",\"width\":872,\"height\":851,\"caption\":\"Medin\u0117 vaiki\u0161ka virtuv\u0117l\u0117 vaikams\"},{\"@type\":\"BreadcrumbList\",\"@id\":\"https:\\\/\\\/kidsplay.lt\\\/produktas\\\/medine-vaikiska-virtuvele-xl-su-led-apsvietimu-ir-priedais\\\/#breadcrumb\",\"itemListElement\":[{\"@type\":\"ListItem\",\"position\":1,\"name\":\"Pagrindinis\",\"item\":\"https:\\\/\\\/kidsplay.lt\\\/\"},{\"@type\":\"ListItem\",\"position\":2,\"name\":\"Parduotuv\u0117\",\"item\":\"https:\\\/\\\/kidsplay.lt\\\/parduotuve\\\/\"},{\"@type\":\"ListItem\",\"position\":3,\"name\":\"Medin\u0117 vaiki\u0161ka virtuv\u0117l\u0117 XL su LED ap\u0161vietimu ir priedais\"}]},{\"@type\":\"WebSite\",\"@id\":\"https:\\\/\\\/kidsplay.lt\\\/#website\",\"url\":\"https:\\\/\\\/kidsplay.lt\\\/\",\"name\":\"Kidsplay.lt\",\"description\":\"\u012evairios prek\u0117s vaikams\",\"publisher\":{\"@id\":\"https:\\\/\\\/kidsplay.lt\\\/#organization\"},\"alternateName\":\"Kidsplay\",\"potentialAction\":[{\"@type\":\"SearchAction\",\"target\":{\"@type\":\"EntryPoint\",\"urlTemplate\":\"https:\\\/\\\/kidsplay.lt\\\/?s={search_term_string}\"},\"query-input\":{\"@type\":\"PropertyValueSpecification\",\"valueRequired\":true,\"valueName\":\"search_term_string\"}}],\"inLanguage\":\"lv-LV\"},{\"@type\":\"Organization\",\"@id\":\"https:\\\/\\\/kidsplay.lt\\\/#organization\",\"name\":\"KidsPlay\",\"url\":\"https:\\\/\\\/kidsplay.lt\\\/\",\"logo\":{\"@type\":\"ImageObject\",\"inLanguage\":\"lv-LV\",\"@id\":\"https:\\\/\\\/kidsplay.lt\\\/#\\\/schema\\\/logo\\\/image\\\/\",\"url\":\"https:\\\/\\\/kidsplay.lt\\\/wp-content\\\/uploads\\\/2023\\\/07\\\/kidsplay-logo.png\",\"contentUrl\":\"https:\\\/\\\/kidsplay.lt\\\/wp-content\\\/uploads\\\/2023\\\/07\\\/kidsplay-logo.png\",\"width\":451,\"height\":98,\"caption\":\"KidsPlay\"},\"image\":{\"@id\":\"https:\\\/\\\/kidsplay.lt\\\/#\\\/schema\\\/logo\\\/image\\\/\"},\"sameAs\":[\"https:\\\/\\\/www.facebook.com\\\/www.kidsplay.lt\"]}]}<\/script>\n<!-- \/ Yoast SEO plugin. -->","yoast_head_json":{"title":"Medin\u0117 vaiki\u0161ka virtuv\u0117l\u0117 XL su LED ap\u0161vietimu ir priedais - KidsPlay","description":"Medin\u0117 vaiki\u0161ka virtuv\u0117l\u0117 XL su LED ap\u0161vietimu ir priedais - virtuv\u0117je yra LED lemput\u0117, kuri\u0105 galite \u012fd\u0117ti po spintel\u0117mis, spintel\u0117je arba orkait\u0117je.","robots":{"index":"index","follow":"follow","max-snippet":"max-snippet:-1","max-image-preview":"max-image-preview:large","max-video-preview":"max-video-preview:-1"},"canonical":"https:\/\/kidsplay.lt\/lv\/products\/medine-vaikiska-virtuvele-xl-su-led-apsvietimu-ir-priedais\/","og_locale":"lv_LV","og_type":"article","og_title":"Medin\u0117 vaiki\u0161ka virtuv\u0117l\u0117 XL su LED ap\u0161vietimu ir priedais - KidsPlay","og_description":"Medin\u0117 vaiki\u0161ka virtuv\u0117l\u0117 XL su LED ap\u0161vietimu ir priedais - virtuv\u0117je yra LED lemput\u0117, kuri\u0105 galite \u012fd\u0117ti po spintel\u0117mis, spintel\u0117je arba orkait\u0117je.","og_url":"https:\/\/kidsplay.lt\/lv\/products\/medine-vaikiska-virtuvele-xl-su-led-apsvietimu-ir-priedais\/","og_site_name":"KidsPlay","article_publisher":"https:\/\/www.facebook.com\/www.kidsplay.lt","article_modified_time":"2025-10-04T12:01:50+00:00","og_image":[{"width":872,"height":851,"url":"https:\/\/kidsplay.lt\/wp-content\/uploads\/2023\/09\/medine-virtuvele-vaikams-1.png","type":"image\/png"}],"twitter_card":"summary_large_image","twitter_misc":{"Est. reading time":"1 min\u016bte"},"schema":{"@context":"https:\/\/schema.org","@graph":[{"@type":"WebPage","@id":"https:\/\/kidsplay.lt\/produktas\/medine-vaikiska-virtuvele-xl-su-led-apsvietimu-ir-priedais\/","url":"https:\/\/kidsplay.lt\/produktas\/medine-vaikiska-virtuvele-xl-su-led-apsvietimu-ir-priedais\/","name":"Medin\u0117 vaiki\u0161ka virtuv\u0117l\u0117 XL su LED ap\u0161vietimu ir priedais - KidsPlay","isPartOf":{"@id":"https:\/\/kidsplay.lt\/#website"},"primaryImageOfPage":{"@id":"https:\/\/kidsplay.lt\/produktas\/medine-vaikiska-virtuvele-xl-su-led-apsvietimu-ir-priedais\/#primaryimage"},"image":{"@id":"https:\/\/kidsplay.lt\/produktas\/medine-vaikiska-virtuvele-xl-su-led-apsvietimu-ir-priedais\/#primaryimage"},"thumbnailUrl":"https:\/\/kidsplay.lt\/wp-content\/uploads\/2023\/09\/medine-virtuvele-vaikams-1.png","datePublished":"2023-09-26T05:59:58+00:00","dateModified":"2025-10-04T12:01:50+00:00","description":"Medin\u0117 vaiki\u0161ka virtuv\u0117l\u0117 XL su LED ap\u0161vietimu ir priedais - virtuv\u0117je yra LED lemput\u0117, kuri\u0105 galite \u012fd\u0117ti po spintel\u0117mis, spintel\u0117je arba orkait\u0117je.","breadcrumb":{"@id":"https:\/\/kidsplay.lt\/produktas\/medine-vaikiska-virtuvele-xl-su-led-apsvietimu-ir-priedais\/#breadcrumb"},"inLanguage":"lv-LV","potentialAction":[{"@type":"ReadAction","target":["https:\/\/kidsplay.lt\/produktas\/medine-vaikiska-virtuvele-xl-su-led-apsvietimu-ir-priedais\/"]}]},{"@type":"ImageObject","inLanguage":"lv-LV","@id":"https:\/\/kidsplay.lt\/produktas\/medine-vaikiska-virtuvele-xl-su-led-apsvietimu-ir-priedais\/#primaryimage","url":"https:\/\/kidsplay.lt\/wp-content\/uploads\/2023\/09\/medine-virtuvele-vaikams-1.png","contentUrl":"https:\/\/kidsplay.lt\/wp-content\/uploads\/2023\/09\/medine-virtuvele-vaikams-1.png","width":872,"height":851,"caption":"Medin\u0117 vaiki\u0161ka virtuv\u0117l\u0117 vaikams"},{"@type":"BreadcrumbList","@id":"https:\/\/kidsplay.lt\/produktas\/medine-vaikiska-virtuvele-xl-su-led-apsvietimu-ir-priedais\/#breadcrumb","itemListElement":[{"@type":"ListItem","position":1,"name":"Pagrindinis","item":"https:\/\/kidsplay.lt\/"},{"@type":"ListItem","position":2,"name":"Parduotuv\u0117","item":"https:\/\/kidsplay.lt\/parduotuve\/"},{"@type":"ListItem","position":3,"name":"Medin\u0117 vaiki\u0161ka virtuv\u0117l\u0117 XL su LED ap\u0161vietimu ir priedais"}]},{"@type":"WebSite","@id":"https:\/\/kidsplay.lt\/#website","url":"https:\/\/kidsplay.lt\/","name":"B\u0113rnu sp\u0113les.lv","description":"\u012evairios prek\u0117s vaikams","publisher":{"@id":"https:\/\/kidsplay.lt\/#organization"},"alternateName":"Kidsplay","potentialAction":[{"@type":"SearchAction","target":{"@type":"EntryPoint","urlTemplate":"https:\/\/kidsplay.lt\/?s={search_term_string}"},"query-input":{"@type":"PropertyValueSpecification","valueRequired":true,"valueName":"search_term_string"}}],"inLanguage":"lv-LV"},{"@type":"Organization","@id":"https:\/\/kidsplay.lt\/#organization","name":"B\u0113rnu sp\u0113le","url":"https:\/\/kidsplay.lt\/","logo":{"@type":"ImageObject","inLanguage":"lv-LV","@id":"https:\/\/kidsplay.lt\/#\/schema\/logo\/image\/","url":"https:\/\/kidsplay.lt\/wp-content\/uploads\/2023\/07\/kidsplay-logo.png","contentUrl":"https:\/\/kidsplay.lt\/wp-content\/uploads\/2023\/07\/kidsplay-logo.png","width":451,"height":98,"caption":"KidsPlay"},"image":{"@id":"https:\/\/kidsplay.lt\/#\/schema\/logo\/image\/"},"sameAs":["https:\/\/www.facebook.com\/www.kidsplay.lt"]}]}},"_links":{"self":[{"href":"https:\/\/kidsplay.lt\/lv\/wp-json\/wp\/v2\/product\/46023","targetHints":{"allow":["GET"]}}],"collection":[{"href":"https:\/\/kidsplay.lt\/lv\/wp-json\/wp\/v2\/product"}],"about":[{"href":"https:\/\/kidsplay.lt\/lv\/wp-json\/wp\/v2\/types\/product"}],"version-history":[{"count":2,"href":"https:\/\/kidsplay.lt\/lv\/wp-json\/wp\/v2\/product\/46023\/revisions"}],"predecessor-version":[{"id":74312,"href":"https:\/\/kidsplay.lt\/lv\/wp-json\/wp\/v2\/product\/46023\/revisions\/74312"}],"wp:featuredmedia":[{"embeddable":true,"href":"https:\/\/kidsplay.lt\/lv\/wp-json\/wp\/v2\/media\/46026"}],"wp:attachment":[{"href":"https:\/\/kidsplay.lt\/lv\/wp-json\/wp\/v2\/media?parent=46023"}],"wp:term":[{"taxonomy":"product_brand","embeddable":true,"href":"https:\/\/kidsplay.lt\/lv\/wp-json\/wp\/v2\/product_brand?post=46023"},{"taxonomy":"product_cat","embeddable":true,"href":"https:\/\/kidsplay.lt\/lv\/wp-json\/wp\/v2\/product_cat?post=46023"},{"taxonomy":"product_tag","embeddable":true,"href":"https:\/\/kidsplay.lt\/lv\/wp-json\/wp\/v2\/product_tag?post=46023"}],"curies":[{"name":"wp","href":"https:\/\/api.w.org\/{rel}","templated":true}]}}