{"id":46070,"date":"2023-09-29T21:18:21","date_gmt":"2023-09-29T18:18:21","guid":{"rendered":"https:\/\/kidsplay.lt\/?post_type=product&#038;p=46070"},"modified":"2025-10-04T15:03:41","modified_gmt":"2025-10-04T12:03:41","slug":"pliusinis-zaislas-zasis","status":"publish","type":"product","link":"https:\/\/kidsplay.lt\/lv\/products\/pliusinis-zaislas-zasis\/","title":{"rendered":"Pliu\u0161inis \u017eaislas \u017d\u0105sis 130cm"},"content":{"rendered":"<p>\u017d\u0105sis, pliu\u0161inis \u017eaislas pagamintas i\u0161 prigludusio, malonaus odai ir subtilaus audinio, o vidus u\u017epildytas itin puria, mink\u0161ta med\u017eiaga, tod\u0117l gal\u0117site pilnai m\u0117gautis p\u016bk\u0173 mink\u0161tumu.<\/p>\n<p>Puikus \u017eaislas, tinkantis \u012fvairaus am\u017eiaus mergait\u0117ms, berniukams, k\u016bdikiams ir suaugusiems.<\/p>\n<p>Pliu\u0161inis \u017eaislas \u017d\u0105sis bus puiki dovana keliaujant \u012f \u012fvairias \u0161ventes bei garantuojame, kad nustebins ne tik dovanos gav\u0117j\u0105, bet ir visus kitus.<\/p>","protected":false},"excerpt":{"rendered":"<p>Pliu\u0161inis \u017eaislas \u017d\u0105sis 130cm<\/p>","protected":false},"featured_media":46075,"template":"","meta":{"_acf_changed":false,"_glsr_average":0,"_glsr_ranking":0,"_glsr_reviews":0},"product_brand":[],"product_cat":[265,366,365,375,229],"product_tag":[],"class_list":{"0":"post-46070","1":"product","2":"type-product","3":"status-publish","4":"has-post-thumbnail","6":"product_cat-dovanu-idejos","7":"product_cat-dovanu-idejos-berniukams","8":"product_cat-dovanu-idejos-mergaitems","9":"product_cat-pliusiniai-zaislai","10":"product_cat-zaislai-vaikams","11":"\"style=\"background-color: #2ecc711c;\"","13":"first","14":"instock","15":"shipping-taxable","16":"purchasable","17":"product-type-simple"},"acf":[],"yoast_head":"<!-- This site is optimized with the Yoast SEO plugin v27.3 - https:\/\/yoast.com\/product\/yoast-seo-wordpress\/ -->\n<title>Pliu\u0161inis \u017eaislas \u017d\u0105sis 130cm - KidsPlay<\/title>\n<meta name=\"description\" content=\"Pliu\u0161in\u0117 \u017d\u0105sis. Puikus \u017eaislas, tinkantis \u012fvairaus am\u017eiaus mergait\u0117ms, berniukams, k\u016bdikiams ir vaikams.\" \/>\n<meta name=\"robots\" content=\"index, follow, max-snippet:-1, max-image-preview:large, max-video-preview:-1\" \/>\n<link rel=\"canonical\" href=\"https:\/\/kidsplay.lt\/lv\/products\/pliusinis-zaislas-zasis\/\" \/>\n<meta property=\"og:locale\" content=\"lv_LV\" \/>\n<meta property=\"og:type\" content=\"article\" \/>\n<meta property=\"og:title\" content=\"Pliu\u0161inis \u017eaislas \u017d\u0105sis 130cm - KidsPlay\" \/>\n<meta property=\"og:description\" content=\"Pliu\u0161in\u0117 \u017d\u0105sis. Puikus \u017eaislas, tinkantis \u012fvairaus am\u017eiaus mergait\u0117ms, berniukams, k\u016bdikiams ir vaikams.\" \/>\n<meta property=\"og:url\" content=\"https:\/\/kidsplay.lt\/lv\/products\/pliusinis-zaislas-zasis\/\" \/>\n<meta property=\"og:site_name\" content=\"KidsPlay\" \/>\n<meta property=\"article:publisher\" content=\"https:\/\/www.facebook.com\/www.kidsplay.lt\" \/>\n<meta property=\"article:modified_time\" content=\"2025-10-04T12:03:41+00:00\" \/>\n<meta property=\"og:image\" content=\"https:\/\/kidsplay.lt\/wp-content\/uploads\/2023\/09\/DUZA-GES-KACZKA-MASKOTKA-PODUSZKA-PLUSZAK-130-CM-Rodzaj-ptak.jpg\" \/>\n\t<meta property=\"og:image:width\" content=\"720\" \/>\n\t<meta property=\"og:image:height\" content=\"720\" \/>\n\t<meta property=\"og:image:type\" content=\"image\/jpeg\" \/>\n<meta name=\"twitter:card\" content=\"summary_large_image\" \/>\n<meta name=\"twitter:label1\" content=\"Est. reading time\" \/>\n\t<meta name=\"twitter:data1\" content=\"1 min\u016bte\" \/>\n<script type=\"application\/ld+json\" class=\"yoast-schema-graph\">{\"@context\":\"https:\\\/\\\/schema.org\",\"@graph\":[{\"@type\":\"WebPage\",\"@id\":\"https:\\\/\\\/kidsplay.lt\\\/produktas\\\/pliusinis-zaislas-zasis\\\/\",\"url\":\"https:\\\/\\\/kidsplay.lt\\\/produktas\\\/pliusinis-zaislas-zasis\\\/\",\"name\":\"Pliu\u0161inis \u017eaislas \u017d\u0105sis 130cm - KidsPlay\",\"isPartOf\":{\"@id\":\"https:\\\/\\\/kidsplay.lt\\\/#website\"},\"primaryImageOfPage\":{\"@id\":\"https:\\\/\\\/kidsplay.lt\\\/produktas\\\/pliusinis-zaislas-zasis\\\/#primaryimage\"},\"image\":{\"@id\":\"https:\\\/\\\/kidsplay.lt\\\/produktas\\\/pliusinis-zaislas-zasis\\\/#primaryimage\"},\"thumbnailUrl\":\"https:\\\/\\\/kidsplay.lt\\\/wp-content\\\/uploads\\\/2023\\\/09\\\/DUZA-GES-KACZKA-MASKOTKA-PODUSZKA-PLUSZAK-130-CM-Rodzaj-ptak.jpg\",\"datePublished\":\"2023-09-29T18:18:21+00:00\",\"dateModified\":\"2025-10-04T12:03:41+00:00\",\"description\":\"Pliu\u0161in\u0117 \u017d\u0105sis. Puikus \u017eaislas, tinkantis \u012fvairaus am\u017eiaus mergait\u0117ms, berniukams, k\u016bdikiams ir vaikams.\",\"breadcrumb\":{\"@id\":\"https:\\\/\\\/kidsplay.lt\\\/produktas\\\/pliusinis-zaislas-zasis\\\/#breadcrumb\"},\"inLanguage\":\"lv-LV\",\"potentialAction\":[{\"@type\":\"ReadAction\",\"target\":[\"https:\\\/\\\/kidsplay.lt\\\/produktas\\\/pliusinis-zaislas-zasis\\\/\"]}]},{\"@type\":\"ImageObject\",\"inLanguage\":\"lv-LV\",\"@id\":\"https:\\\/\\\/kidsplay.lt\\\/produktas\\\/pliusinis-zaislas-zasis\\\/#primaryimage\",\"url\":\"https:\\\/\\\/kidsplay.lt\\\/wp-content\\\/uploads\\\/2023\\\/09\\\/DUZA-GES-KACZKA-MASKOTKA-PODUSZKA-PLUSZAK-130-CM-Rodzaj-ptak.jpg\",\"contentUrl\":\"https:\\\/\\\/kidsplay.lt\\\/wp-content\\\/uploads\\\/2023\\\/09\\\/DUZA-GES-KACZKA-MASKOTKA-PODUSZKA-PLUSZAK-130-CM-Rodzaj-ptak.jpg\",\"width\":720,\"height\":720},{\"@type\":\"BreadcrumbList\",\"@id\":\"https:\\\/\\\/kidsplay.lt\\\/produktas\\\/pliusinis-zaislas-zasis\\\/#breadcrumb\",\"itemListElement\":[{\"@type\":\"ListItem\",\"position\":1,\"name\":\"Pagrindinis\",\"item\":\"https:\\\/\\\/kidsplay.lt\\\/\"},{\"@type\":\"ListItem\",\"position\":2,\"name\":\"Parduotuv\u0117\",\"item\":\"https:\\\/\\\/kidsplay.lt\\\/parduotuve\\\/\"},{\"@type\":\"ListItem\",\"position\":3,\"name\":\"Pliu\u0161inis \u017eaislas \u017d\u0105sis 130cm\"}]},{\"@type\":\"WebSite\",\"@id\":\"https:\\\/\\\/kidsplay.lt\\\/#website\",\"url\":\"https:\\\/\\\/kidsplay.lt\\\/\",\"name\":\"Kidsplay.lt\",\"description\":\"\u012evairios prek\u0117s vaikams\",\"publisher\":{\"@id\":\"https:\\\/\\\/kidsplay.lt\\\/#organization\"},\"alternateName\":\"Kidsplay\",\"potentialAction\":[{\"@type\":\"SearchAction\",\"target\":{\"@type\":\"EntryPoint\",\"urlTemplate\":\"https:\\\/\\\/kidsplay.lt\\\/?s={search_term_string}\"},\"query-input\":{\"@type\":\"PropertyValueSpecification\",\"valueRequired\":true,\"valueName\":\"search_term_string\"}}],\"inLanguage\":\"lv-LV\"},{\"@type\":\"Organization\",\"@id\":\"https:\\\/\\\/kidsplay.lt\\\/#organization\",\"name\":\"KidsPlay\",\"url\":\"https:\\\/\\\/kidsplay.lt\\\/\",\"logo\":{\"@type\":\"ImageObject\",\"inLanguage\":\"lv-LV\",\"@id\":\"https:\\\/\\\/kidsplay.lt\\\/#\\\/schema\\\/logo\\\/image\\\/\",\"url\":\"https:\\\/\\\/kidsplay.lt\\\/wp-content\\\/uploads\\\/2023\\\/07\\\/kidsplay-logo.png\",\"contentUrl\":\"https:\\\/\\\/kidsplay.lt\\\/wp-content\\\/uploads\\\/2023\\\/07\\\/kidsplay-logo.png\",\"width\":451,\"height\":98,\"caption\":\"KidsPlay\"},\"image\":{\"@id\":\"https:\\\/\\\/kidsplay.lt\\\/#\\\/schema\\\/logo\\\/image\\\/\"},\"sameAs\":[\"https:\\\/\\\/www.facebook.com\\\/www.kidsplay.lt\"]}]}<\/script>\n<!-- \/ Yoast SEO plugin. -->","yoast_head_json":{"title":"Pliu\u0161inis \u017eaislas \u017d\u0105sis 130cm - KidsPlay","description":"Pliu\u0161in\u0117 \u017d\u0105sis. Puikus \u017eaislas, tinkantis \u012fvairaus am\u017eiaus mergait\u0117ms, berniukams, k\u016bdikiams ir vaikams.","robots":{"index":"index","follow":"follow","max-snippet":"max-snippet:-1","max-image-preview":"max-image-preview:large","max-video-preview":"max-video-preview:-1"},"canonical":"https:\/\/kidsplay.lt\/lv\/products\/pliusinis-zaislas-zasis\/","og_locale":"lv_LV","og_type":"article","og_title":"Pliu\u0161inis \u017eaislas \u017d\u0105sis 130cm - KidsPlay","og_description":"Pliu\u0161in\u0117 \u017d\u0105sis. Puikus \u017eaislas, tinkantis \u012fvairaus am\u017eiaus mergait\u0117ms, berniukams, k\u016bdikiams ir vaikams.","og_url":"https:\/\/kidsplay.lt\/lv\/products\/pliusinis-zaislas-zasis\/","og_site_name":"KidsPlay","article_publisher":"https:\/\/www.facebook.com\/www.kidsplay.lt","article_modified_time":"2025-10-04T12:03:41+00:00","og_image":[{"width":720,"height":720,"url":"https:\/\/kidsplay.lt\/wp-content\/uploads\/2023\/09\/DUZA-GES-KACZKA-MASKOTKA-PODUSZKA-PLUSZAK-130-CM-Rodzaj-ptak.jpg","type":"image\/jpeg"}],"twitter_card":"summary_large_image","twitter_misc":{"Est. reading time":"1 min\u016bte"},"schema":{"@context":"https:\/\/schema.org","@graph":[{"@type":"WebPage","@id":"https:\/\/kidsplay.lt\/produktas\/pliusinis-zaislas-zasis\/","url":"https:\/\/kidsplay.lt\/produktas\/pliusinis-zaislas-zasis\/","name":"Pliu\u0161inis \u017eaislas \u017d\u0105sis 130cm - KidsPlay","isPartOf":{"@id":"https:\/\/kidsplay.lt\/#website"},"primaryImageOfPage":{"@id":"https:\/\/kidsplay.lt\/produktas\/pliusinis-zaislas-zasis\/#primaryimage"},"image":{"@id":"https:\/\/kidsplay.lt\/produktas\/pliusinis-zaislas-zasis\/#primaryimage"},"thumbnailUrl":"https:\/\/kidsplay.lt\/wp-content\/uploads\/2023\/09\/DUZA-GES-KACZKA-MASKOTKA-PODUSZKA-PLUSZAK-130-CM-Rodzaj-ptak.jpg","datePublished":"2023-09-29T18:18:21+00:00","dateModified":"2025-10-04T12:03:41+00:00","description":"Pliu\u0161in\u0117 \u017d\u0105sis. Puikus \u017eaislas, tinkantis \u012fvairaus am\u017eiaus mergait\u0117ms, berniukams, k\u016bdikiams ir vaikams.","breadcrumb":{"@id":"https:\/\/kidsplay.lt\/produktas\/pliusinis-zaislas-zasis\/#breadcrumb"},"inLanguage":"lv-LV","potentialAction":[{"@type":"ReadAction","target":["https:\/\/kidsplay.lt\/produktas\/pliusinis-zaislas-zasis\/"]}]},{"@type":"ImageObject","inLanguage":"lv-LV","@id":"https:\/\/kidsplay.lt\/produktas\/pliusinis-zaislas-zasis\/#primaryimage","url":"https:\/\/kidsplay.lt\/wp-content\/uploads\/2023\/09\/DUZA-GES-KACZKA-MASKOTKA-PODUSZKA-PLUSZAK-130-CM-Rodzaj-ptak.jpg","contentUrl":"https:\/\/kidsplay.lt\/wp-content\/uploads\/2023\/09\/DUZA-GES-KACZKA-MASKOTKA-PODUSZKA-PLUSZAK-130-CM-Rodzaj-ptak.jpg","width":720,"height":720},{"@type":"BreadcrumbList","@id":"https:\/\/kidsplay.lt\/produktas\/pliusinis-zaislas-zasis\/#breadcrumb","itemListElement":[{"@type":"ListItem","position":1,"name":"Pagrindinis","item":"https:\/\/kidsplay.lt\/"},{"@type":"ListItem","position":2,"name":"Parduotuv\u0117","item":"https:\/\/kidsplay.lt\/parduotuve\/"},{"@type":"ListItem","position":3,"name":"Pliu\u0161inis \u017eaislas \u017d\u0105sis 130cm"}]},{"@type":"WebSite","@id":"https:\/\/kidsplay.lt\/#website","url":"https:\/\/kidsplay.lt\/","name":"B\u0113rnu sp\u0113les.lv","description":"\u012evairios prek\u0117s vaikams","publisher":{"@id":"https:\/\/kidsplay.lt\/#organization"},"alternateName":"Kidsplay","potentialAction":[{"@type":"SearchAction","target":{"@type":"EntryPoint","urlTemplate":"https:\/\/kidsplay.lt\/?s={search_term_string}"},"query-input":{"@type":"PropertyValueSpecification","valueRequired":true,"valueName":"search_term_string"}}],"inLanguage":"lv-LV"},{"@type":"Organization","@id":"https:\/\/kidsplay.lt\/#organization","name":"B\u0113rnu sp\u0113le","url":"https:\/\/kidsplay.lt\/","logo":{"@type":"ImageObject","inLanguage":"lv-LV","@id":"https:\/\/kidsplay.lt\/#\/schema\/logo\/image\/","url":"https:\/\/kidsplay.lt\/wp-content\/uploads\/2023\/07\/kidsplay-logo.png","contentUrl":"https:\/\/kidsplay.lt\/wp-content\/uploads\/2023\/07\/kidsplay-logo.png","width":451,"height":98,"caption":"KidsPlay"},"image":{"@id":"https:\/\/kidsplay.lt\/#\/schema\/logo\/image\/"},"sameAs":["https:\/\/www.facebook.com\/www.kidsplay.lt"]}]}},"_links":{"self":[{"href":"https:\/\/kidsplay.lt\/lv\/wp-json\/wp\/v2\/product\/46070","targetHints":{"allow":["GET"]}}],"collection":[{"href":"https:\/\/kidsplay.lt\/lv\/wp-json\/wp\/v2\/product"}],"about":[{"href":"https:\/\/kidsplay.lt\/lv\/wp-json\/wp\/v2\/types\/product"}],"version-history":[{"count":2,"href":"https:\/\/kidsplay.lt\/lv\/wp-json\/wp\/v2\/product\/46070\/revisions"}],"predecessor-version":[{"id":74311,"href":"https:\/\/kidsplay.lt\/lv\/wp-json\/wp\/v2\/product\/46070\/revisions\/74311"}],"wp:featuredmedia":[{"embeddable":true,"href":"https:\/\/kidsplay.lt\/lv\/wp-json\/wp\/v2\/media\/46075"}],"wp:attachment":[{"href":"https:\/\/kidsplay.lt\/lv\/wp-json\/wp\/v2\/media?parent=46070"}],"wp:term":[{"taxonomy":"product_brand","embeddable":true,"href":"https:\/\/kidsplay.lt\/lv\/wp-json\/wp\/v2\/product_brand?post=46070"},{"taxonomy":"product_cat","embeddable":true,"href":"https:\/\/kidsplay.lt\/lv\/wp-json\/wp\/v2\/product_cat?post=46070"},{"taxonomy":"product_tag","embeddable":true,"href":"https:\/\/kidsplay.lt\/lv\/wp-json\/wp\/v2\/product_tag?post=46070"}],"curies":[{"name":"wp","href":"https:\/\/api.w.org\/{rel}","templated":true}]}}