{"id":46096,"date":"2023-10-01T19:36:36","date_gmt":"2023-10-01T16:36:36","guid":{"rendered":"https:\/\/kidsplay.lt\/?post_type=product&#038;p=46096"},"modified":"2025-12-24T09:12:16","modified_gmt":"2025-12-24T07:12:16","slug":"medinis-leliu-namas-su-led-apsvietimu-kinderplay","status":"publish","type":"product","link":"https:\/\/kidsplay.lt\/lv\/products\/medinis-leliu-namas-su-led-apsvietimu-kinderplay\/","title":{"rendered":"Koka le\u013c\u013cu nami\u0146\u0161 ar LED apgaismojumu KINDERPLAY"},"content":{"rendered":"<p>VILA SU SODU IR GARA\u017dU KINDERPLAY GREEN GS0020<\/p>\n<p>Gra\u017eus trij\u0173 auk\u0161t\u0173 medinis l\u0117li\u0173 namelis yra pilnai \u012frengtas ir turi didelius erdvius kambarius, kuriuose galite nuolat pertvarkyti gra\u017eius medinius baldus ir aksesuarus. Turtinga \u012franga u\u017etikrins ilgas ir puikias pramogas kiekvienam vaikui. Namelis suteiks daug d\u017eiaugsmo kiekvienam vaikui, nesunkiai leis vienu metu \u017eaisti 2 ar 3 vaikams. LED ap\u0161vietimo ilgis 300 cm Maitinamas 3 x AA 1,5V baterijomis (\u012f komplekt\u0105 ne\u012feina).<\/p>\n<p>Didelis medinis namas<br \/>\n\u0160viesa namuose (LED ap\u0161vietimas)<br \/>\nTrij\u0173 auk\u0161t\u0173 namas<br \/>\nDideli ro\u017einiai laiptai<br \/>\n9 skirtingi kambariai: Vonios kambarys, virtuv\u0117, valgomasis, svetain\u0117, miegamasis, terasa, balkonas, gara\u017eas, sodas.<br \/>\n\u012e komplekt\u0105 \u012feina baldai: dviauk\u0161t\u0117 lova su kop\u0117\u010diomis, du\u0161as, tualetas, praustuvas su veidrod\u017eiu, sofa, sofa, stalas, lempa, supamasis arkliukas, virtuv\u0117s komplektas, tualetinis staliukas su s\u0117dyne, valgomojo stalas, dvi k\u0117d\u0117s<br \/>\nVisi elementai pagaminti labai kruop\u0161\u010diai<\/p>\n<p>Namelio matmenys: 90-60-90<\/p>","protected":false},"excerpt":{"rendered":"<p>Koka le\u013c\u013cu nami\u0146\u0161 ar LED apgaismojumu KINDERPLAY<\/p>","protected":false},"featured_media":46099,"template":"","meta":{"_acf_changed":false,"_glsr_average":0,"_glsr_ranking":0,"_glsr_reviews":0},"product_brand":[],"product_cat":[283],"product_tag":[],"class_list":{"0":"post-46096","1":"product","2":"type-product","3":"status-publish","4":"has-post-thumbnail","6":"product_cat-leliu-nameliai","7":"\"style=\"background-color: #2ecc711c;\"","9":"first","10":"instock","11":"shipping-taxable","12":"purchasable","13":"product-type-simple"},"acf":[],"yoast_head":"<!-- This site is optimized with the Yoast SEO plugin v27.3 - https:\/\/yoast.com\/product\/yoast-seo-wordpress\/ -->\n<title>Medinis l\u0117li\u0173 namas su LED ap\u0161vietimu KINDERPLAY - KidsPlay<\/title>\n<meta name=\"description\" content=\"Gra\u017eus trij\u0173 auk\u0161t\u0173 medinis l\u0117li\u0173 namelis yra pilnai \u012frengtas ir turi didelius erdvius kambarius. Namelis suteiks daug d\u017eiaugsmo kiekvienam vaikui.\" \/>\n<meta name=\"robots\" content=\"index, follow, max-snippet:-1, max-image-preview:large, max-video-preview:-1\" \/>\n<link rel=\"canonical\" href=\"https:\/\/kidsplay.lt\/lv\/products\/medinis-leliu-namas-su-led-apsvietimu-kinderplay\/\" \/>\n<meta property=\"og:locale\" content=\"lv_LV\" \/>\n<meta property=\"og:type\" content=\"article\" \/>\n<meta property=\"og:title\" content=\"Medinis l\u0117li\u0173 namas su LED ap\u0161vietimu KINDERPLAY - KidsPlay\" \/>\n<meta property=\"og:description\" content=\"Gra\u017eus trij\u0173 auk\u0161t\u0173 medinis l\u0117li\u0173 namelis yra pilnai \u012frengtas ir turi didelius erdvius kambarius. Namelis suteiks daug d\u017eiaugsmo kiekvienam vaikui.\" \/>\n<meta property=\"og:url\" content=\"https:\/\/kidsplay.lt\/lv\/products\/medinis-leliu-namas-su-led-apsvietimu-kinderplay\/\" \/>\n<meta property=\"og:site_name\" content=\"KidsPlay\" \/>\n<meta property=\"article:publisher\" content=\"https:\/\/www.facebook.com\/www.kidsplay.lt\" \/>\n<meta property=\"article:modified_time\" content=\"2025-12-24T07:12:16+00:00\" \/>\n<meta property=\"og:image\" content=\"https:\/\/kidsplay.lt\/wp-content\/uploads\/2023\/10\/Leliu-namelis1-800x800.jpg\" \/>\n\t<meta property=\"og:image:width\" content=\"800\" \/>\n\t<meta property=\"og:image:height\" content=\"800\" \/>\n\t<meta property=\"og:image:type\" content=\"image\/jpeg\" \/>\n<meta name=\"twitter:card\" content=\"summary_large_image\" \/>\n<meta name=\"twitter:label1\" content=\"Est. reading time\" \/>\n\t<meta name=\"twitter:data1\" content=\"1 min\u016bte\" \/>\n<script type=\"application\/ld+json\" class=\"yoast-schema-graph\">{\"@context\":\"https:\\\/\\\/schema.org\",\"@graph\":[{\"@type\":\"WebPage\",\"@id\":\"https:\\\/\\\/kidsplay.lt\\\/produktas\\\/medinis-leliu-namas-su-led-apsvietimu-kinderplay\\\/\",\"url\":\"https:\\\/\\\/kidsplay.lt\\\/produktas\\\/medinis-leliu-namas-su-led-apsvietimu-kinderplay\\\/\",\"name\":\"Medinis l\u0117li\u0173 namas su LED ap\u0161vietimu KINDERPLAY - KidsPlay\",\"isPartOf\":{\"@id\":\"https:\\\/\\\/kidsplay.lt\\\/#website\"},\"primaryImageOfPage\":{\"@id\":\"https:\\\/\\\/kidsplay.lt\\\/produktas\\\/medinis-leliu-namas-su-led-apsvietimu-kinderplay\\\/#primaryimage\"},\"image\":{\"@id\":\"https:\\\/\\\/kidsplay.lt\\\/produktas\\\/medinis-leliu-namas-su-led-apsvietimu-kinderplay\\\/#primaryimage\"},\"thumbnailUrl\":\"https:\\\/\\\/kidsplay.lt\\\/wp-content\\\/uploads\\\/2023\\\/10\\\/Leliu-namelis1.jpg\",\"datePublished\":\"2023-10-01T16:36:36+00:00\",\"dateModified\":\"2025-12-24T07:12:16+00:00\",\"description\":\"Gra\u017eus trij\u0173 auk\u0161t\u0173 medinis l\u0117li\u0173 namelis yra pilnai \u012frengtas ir turi didelius erdvius kambarius. Namelis suteiks daug d\u017eiaugsmo kiekvienam vaikui.\",\"breadcrumb\":{\"@id\":\"https:\\\/\\\/kidsplay.lt\\\/produktas\\\/medinis-leliu-namas-su-led-apsvietimu-kinderplay\\\/#breadcrumb\"},\"inLanguage\":\"lv-LV\",\"potentialAction\":[{\"@type\":\"ReadAction\",\"target\":[\"https:\\\/\\\/kidsplay.lt\\\/produktas\\\/medinis-leliu-namas-su-led-apsvietimu-kinderplay\\\/\"]}]},{\"@type\":\"ImageObject\",\"inLanguage\":\"lv-LV\",\"@id\":\"https:\\\/\\\/kidsplay.lt\\\/produktas\\\/medinis-leliu-namas-su-led-apsvietimu-kinderplay\\\/#primaryimage\",\"url\":\"https:\\\/\\\/kidsplay.lt\\\/wp-content\\\/uploads\\\/2023\\\/10\\\/Leliu-namelis1.jpg\",\"contentUrl\":\"https:\\\/\\\/kidsplay.lt\\\/wp-content\\\/uploads\\\/2023\\\/10\\\/Leliu-namelis1.jpg\",\"width\":2048,\"height\":2048},{\"@type\":\"BreadcrumbList\",\"@id\":\"https:\\\/\\\/kidsplay.lt\\\/produktas\\\/medinis-leliu-namas-su-led-apsvietimu-kinderplay\\\/#breadcrumb\",\"itemListElement\":[{\"@type\":\"ListItem\",\"position\":1,\"name\":\"Pagrindinis\",\"item\":\"https:\\\/\\\/kidsplay.lt\\\/\"},{\"@type\":\"ListItem\",\"position\":2,\"name\":\"Parduotuv\u0117\",\"item\":\"https:\\\/\\\/kidsplay.lt\\\/parduotuve\\\/\"},{\"@type\":\"ListItem\",\"position\":3,\"name\":\"Medinis l\u0117li\u0173 namas su LED ap\u0161vietimu KINDERPLAY\"}]},{\"@type\":\"WebSite\",\"@id\":\"https:\\\/\\\/kidsplay.lt\\\/#website\",\"url\":\"https:\\\/\\\/kidsplay.lt\\\/\",\"name\":\"Kidsplay.lt\",\"description\":\"\u012evairios prek\u0117s vaikams\",\"publisher\":{\"@id\":\"https:\\\/\\\/kidsplay.lt\\\/#organization\"},\"alternateName\":\"Kidsplay\",\"potentialAction\":[{\"@type\":\"SearchAction\",\"target\":{\"@type\":\"EntryPoint\",\"urlTemplate\":\"https:\\\/\\\/kidsplay.lt\\\/?s={search_term_string}\"},\"query-input\":{\"@type\":\"PropertyValueSpecification\",\"valueRequired\":true,\"valueName\":\"search_term_string\"}}],\"inLanguage\":\"lv-LV\"},{\"@type\":\"Organization\",\"@id\":\"https:\\\/\\\/kidsplay.lt\\\/#organization\",\"name\":\"KidsPlay\",\"url\":\"https:\\\/\\\/kidsplay.lt\\\/\",\"logo\":{\"@type\":\"ImageObject\",\"inLanguage\":\"lv-LV\",\"@id\":\"https:\\\/\\\/kidsplay.lt\\\/#\\\/schema\\\/logo\\\/image\\\/\",\"url\":\"https:\\\/\\\/kidsplay.lt\\\/wp-content\\\/uploads\\\/2023\\\/07\\\/kidsplay-logo.png\",\"contentUrl\":\"https:\\\/\\\/kidsplay.lt\\\/wp-content\\\/uploads\\\/2023\\\/07\\\/kidsplay-logo.png\",\"width\":451,\"height\":98,\"caption\":\"KidsPlay\"},\"image\":{\"@id\":\"https:\\\/\\\/kidsplay.lt\\\/#\\\/schema\\\/logo\\\/image\\\/\"},\"sameAs\":[\"https:\\\/\\\/www.facebook.com\\\/www.kidsplay.lt\"]}]}<\/script>\n<!-- \/ Yoast SEO plugin. -->","yoast_head_json":{"title":"Medinis l\u0117li\u0173 namas su LED ap\u0161vietimu KINDERPLAY - KidsPlay","description":"Gra\u017eus trij\u0173 auk\u0161t\u0173 medinis l\u0117li\u0173 namelis yra pilnai \u012frengtas ir turi didelius erdvius kambarius. Namelis suteiks daug d\u017eiaugsmo kiekvienam vaikui.","robots":{"index":"index","follow":"follow","max-snippet":"max-snippet:-1","max-image-preview":"max-image-preview:large","max-video-preview":"max-video-preview:-1"},"canonical":"https:\/\/kidsplay.lt\/lv\/products\/medinis-leliu-namas-su-led-apsvietimu-kinderplay\/","og_locale":"lv_LV","og_type":"article","og_title":"Medinis l\u0117li\u0173 namas su LED ap\u0161vietimu KINDERPLAY - KidsPlay","og_description":"Gra\u017eus trij\u0173 auk\u0161t\u0173 medinis l\u0117li\u0173 namelis yra pilnai \u012frengtas ir turi didelius erdvius kambarius. Namelis suteiks daug d\u017eiaugsmo kiekvienam vaikui.","og_url":"https:\/\/kidsplay.lt\/lv\/products\/medinis-leliu-namas-su-led-apsvietimu-kinderplay\/","og_site_name":"KidsPlay","article_publisher":"https:\/\/www.facebook.com\/www.kidsplay.lt","article_modified_time":"2025-12-24T07:12:16+00:00","og_image":[{"width":800,"height":800,"url":"https:\/\/kidsplay.lt\/wp-content\/uploads\/2023\/10\/Leliu-namelis1-800x800.jpg","type":"image\/jpeg"}],"twitter_card":"summary_large_image","twitter_misc":{"Est. reading time":"1 min\u016bte"},"schema":{"@context":"https:\/\/schema.org","@graph":[{"@type":"WebPage","@id":"https:\/\/kidsplay.lt\/produktas\/medinis-leliu-namas-su-led-apsvietimu-kinderplay\/","url":"https:\/\/kidsplay.lt\/produktas\/medinis-leliu-namas-su-led-apsvietimu-kinderplay\/","name":"Medinis l\u0117li\u0173 namas su LED ap\u0161vietimu KINDERPLAY - KidsPlay","isPartOf":{"@id":"https:\/\/kidsplay.lt\/#website"},"primaryImageOfPage":{"@id":"https:\/\/kidsplay.lt\/produktas\/medinis-leliu-namas-su-led-apsvietimu-kinderplay\/#primaryimage"},"image":{"@id":"https:\/\/kidsplay.lt\/produktas\/medinis-leliu-namas-su-led-apsvietimu-kinderplay\/#primaryimage"},"thumbnailUrl":"https:\/\/kidsplay.lt\/wp-content\/uploads\/2023\/10\/Leliu-namelis1.jpg","datePublished":"2023-10-01T16:36:36+00:00","dateModified":"2025-12-24T07:12:16+00:00","description":"Gra\u017eus trij\u0173 auk\u0161t\u0173 medinis l\u0117li\u0173 namelis yra pilnai \u012frengtas ir turi didelius erdvius kambarius. Namelis suteiks daug d\u017eiaugsmo kiekvienam vaikui.","breadcrumb":{"@id":"https:\/\/kidsplay.lt\/produktas\/medinis-leliu-namas-su-led-apsvietimu-kinderplay\/#breadcrumb"},"inLanguage":"lv-LV","potentialAction":[{"@type":"ReadAction","target":["https:\/\/kidsplay.lt\/produktas\/medinis-leliu-namas-su-led-apsvietimu-kinderplay\/"]}]},{"@type":"ImageObject","inLanguage":"lv-LV","@id":"https:\/\/kidsplay.lt\/produktas\/medinis-leliu-namas-su-led-apsvietimu-kinderplay\/#primaryimage","url":"https:\/\/kidsplay.lt\/wp-content\/uploads\/2023\/10\/Leliu-namelis1.jpg","contentUrl":"https:\/\/kidsplay.lt\/wp-content\/uploads\/2023\/10\/Leliu-namelis1.jpg","width":2048,"height":2048},{"@type":"BreadcrumbList","@id":"https:\/\/kidsplay.lt\/produktas\/medinis-leliu-namas-su-led-apsvietimu-kinderplay\/#breadcrumb","itemListElement":[{"@type":"ListItem","position":1,"name":"Pagrindinis","item":"https:\/\/kidsplay.lt\/"},{"@type":"ListItem","position":2,"name":"Parduotuv\u0117","item":"https:\/\/kidsplay.lt\/parduotuve\/"},{"@type":"ListItem","position":3,"name":"Medinis l\u0117li\u0173 namas su LED ap\u0161vietimu KINDERPLAY"}]},{"@type":"WebSite","@id":"https:\/\/kidsplay.lt\/#website","url":"https:\/\/kidsplay.lt\/","name":"B\u0113rnu sp\u0113les.lv","description":"\u012evairios prek\u0117s vaikams","publisher":{"@id":"https:\/\/kidsplay.lt\/#organization"},"alternateName":"Kidsplay","potentialAction":[{"@type":"SearchAction","target":{"@type":"EntryPoint","urlTemplate":"https:\/\/kidsplay.lt\/?s={search_term_string}"},"query-input":{"@type":"PropertyValueSpecification","valueRequired":true,"valueName":"search_term_string"}}],"inLanguage":"lv-LV"},{"@type":"Organization","@id":"https:\/\/kidsplay.lt\/#organization","name":"B\u0113rnu sp\u0113le","url":"https:\/\/kidsplay.lt\/","logo":{"@type":"ImageObject","inLanguage":"lv-LV","@id":"https:\/\/kidsplay.lt\/#\/schema\/logo\/image\/","url":"https:\/\/kidsplay.lt\/wp-content\/uploads\/2023\/07\/kidsplay-logo.png","contentUrl":"https:\/\/kidsplay.lt\/wp-content\/uploads\/2023\/07\/kidsplay-logo.png","width":451,"height":98,"caption":"KidsPlay"},"image":{"@id":"https:\/\/kidsplay.lt\/#\/schema\/logo\/image\/"},"sameAs":["https:\/\/www.facebook.com\/www.kidsplay.lt"]}]}},"_links":{"self":[{"href":"https:\/\/kidsplay.lt\/lv\/wp-json\/wp\/v2\/product\/46096","targetHints":{"allow":["GET"]}}],"collection":[{"href":"https:\/\/kidsplay.lt\/lv\/wp-json\/wp\/v2\/product"}],"about":[{"href":"https:\/\/kidsplay.lt\/lv\/wp-json\/wp\/v2\/types\/product"}],"version-history":[{"count":2,"href":"https:\/\/kidsplay.lt\/lv\/wp-json\/wp\/v2\/product\/46096\/revisions"}],"predecessor-version":[{"id":74308,"href":"https:\/\/kidsplay.lt\/lv\/wp-json\/wp\/v2\/product\/46096\/revisions\/74308"}],"wp:featuredmedia":[{"embeddable":true,"href":"https:\/\/kidsplay.lt\/lv\/wp-json\/wp\/v2\/media\/46099"}],"wp:attachment":[{"href":"https:\/\/kidsplay.lt\/lv\/wp-json\/wp\/v2\/media?parent=46096"}],"wp:term":[{"taxonomy":"product_brand","embeddable":true,"href":"https:\/\/kidsplay.lt\/lv\/wp-json\/wp\/v2\/product_brand?post=46096"},{"taxonomy":"product_cat","embeddable":true,"href":"https:\/\/kidsplay.lt\/lv\/wp-json\/wp\/v2\/product_cat?post=46096"},{"taxonomy":"product_tag","embeddable":true,"href":"https:\/\/kidsplay.lt\/lv\/wp-json\/wp\/v2\/product_tag?post=46096"}],"curies":[{"name":"wp","href":"https:\/\/api.w.org\/{rel}","templated":true}]}}