{"id":46183,"date":"2023-10-01T21:41:39","date_gmt":"2023-10-01T18:41:39","guid":{"rendered":"https:\/\/kidsplay.lt\/?post_type=product&#038;p=46183"},"modified":"2026-04-19T09:59:35","modified_gmt":"2026-04-19T06:59:35","slug":"kreidos-lenta-lipdukas","status":"publish","type":"product","link":"https:\/\/kidsplay.lt\/lv\/products\/kreidos-lenta-lipdukas\/","title":{"rendered":"Kr\u012bta t\u0101feles uzl\u012bme"},"content":{"rendered":"<p>Ar j\u016bs\u0173 vaikai vis dar gadina sienas, pie\u0161dami ant j\u0173 kreidel\u0117mis? Paprastos kortel\u0117s yra per ma\u017eas pavir\u0161ius j\u0173 meniniams poreikiams? Tereikia ant vienos i\u0161 sien\u0173 priklijuoti kreidos lent\u0105 ir tur\u0117site didel\u012f pavir\u0161i\u0173 menin\u0117ms demonstracijoms! Dabar galite pie\u0161ti kreida ant lenta u\u017edengtos sienos!<\/p>\n<p>Lenta puikiai tiks visiems namams, ypa\u010d virtuv\u0117je \u2013 ja galite u\u017eklijuoti ant spintel\u0117s, stalvir\u0161io, sienos ar net \u0161aldytuvo \u2013 ir u\u017esira\u0161ykite savo pirkini\u0173 ar darb\u0173 s\u0105ra\u0161\u0105!<\/p>\n<p>Matmenys: 45x200cm<\/p>","protected":false},"excerpt":{"rendered":"<p>Kr\u012bta t\u0101feles uzl\u012bme<\/p>","protected":false},"featured_media":46186,"template":"","meta":{"_acf_changed":false,"_glsr_average":0,"_glsr_ranking":0,"_glsr_reviews":0},"product_brand":[],"product_cat":[388,254],"product_tag":[],"class_list":{"0":"post-46183","1":"product","2":"type-product","3":"status-publish","4":"has-post-thumbnail","6":"product_cat-edukaciniai-lavinamieji-zaislai","7":"product_cat-vaiko-kambarys","8":"\"style=\"background-color: #2ecc711c;\"","10":"first","11":"instock","12":"featured","13":"shipping-taxable","14":"purchasable","15":"product-type-simple"},"acf":[],"yoast_head":"<!-- This site is optimized with the Yoast SEO plugin v27.4 - https:\/\/yoast.com\/product\/yoast-seo-wordpress\/ -->\n<title>Kreidos lenta-lipdukas - KidsPlay<\/title>\n<meta name=\"description\" content=\"Ar j\u016bs\u0173 vaikai vis dar gadina sienas, pie\u0161dami ant j\u0173 kreidel\u0117mis? Paprastos kortel\u0117s yra per ma\u017eas pavir\u0161ius j\u0173 meniniams poreikiams? \u0160tai sprendimas.\" \/>\n<meta name=\"robots\" content=\"index, follow, max-snippet:-1, max-image-preview:large, max-video-preview:-1\" \/>\n<link rel=\"canonical\" href=\"https:\/\/kidsplay.lt\/lv\/products\/kreidos-lenta-lipdukas\/\" \/>\n<meta property=\"og:locale\" content=\"lv_LV\" \/>\n<meta property=\"og:type\" content=\"article\" \/>\n<meta property=\"og:title\" content=\"Kreidos lenta-lipdukas - KidsPlay\" \/>\n<meta property=\"og:description\" content=\"Ar j\u016bs\u0173 vaikai vis dar gadina sienas, pie\u0161dami ant j\u0173 kreidel\u0117mis? Paprastos kortel\u0117s yra per ma\u017eas pavir\u0161ius j\u0173 meniniams poreikiams? \u0160tai sprendimas.\" \/>\n<meta property=\"og:url\" content=\"https:\/\/kidsplay.lt\/lv\/products\/kreidos-lenta-lipdukas\/\" \/>\n<meta property=\"og:site_name\" content=\"KidsPlay\" \/>\n<meta property=\"article:publisher\" content=\"https:\/\/www.facebook.com\/www.kidsplay.lt\" \/>\n<meta property=\"article:modified_time\" content=\"2026-04-19T06:59:35+00:00\" \/>\n<meta property=\"og:image\" content=\"https:\/\/kidsplay.lt\/wp-content\/uploads\/2023\/10\/SAMOPRZYLEPNA-TABLICA-KREDOWA-magnetyczna-KREDA.jpg\" \/>\n\t<meta property=\"og:image:width\" content=\"1200\" \/>\n\t<meta property=\"og:image:height\" content=\"1200\" \/>\n\t<meta property=\"og:image:type\" content=\"image\/jpeg\" \/>\n<meta name=\"twitter:card\" content=\"summary_large_image\" \/>\n<meta name=\"twitter:label1\" content=\"Est. reading time\" \/>\n\t<meta name=\"twitter:data1\" content=\"1 min\u016bte\" \/>\n<script type=\"application\/ld+json\" class=\"yoast-schema-graph\">{\"@context\":\"https:\\\/\\\/schema.org\",\"@graph\":[{\"@type\":\"WebPage\",\"@id\":\"https:\\\/\\\/kidsplay.lt\\\/produktas\\\/kreidos-lenta-lipdukas\\\/\",\"url\":\"https:\\\/\\\/kidsplay.lt\\\/produktas\\\/kreidos-lenta-lipdukas\\\/\",\"name\":\"Kreidos lenta-lipdukas - KidsPlay\",\"isPartOf\":{\"@id\":\"https:\\\/\\\/kidsplay.lt\\\/#website\"},\"primaryImageOfPage\":{\"@id\":\"https:\\\/\\\/kidsplay.lt\\\/produktas\\\/kreidos-lenta-lipdukas\\\/#primaryimage\"},\"image\":{\"@id\":\"https:\\\/\\\/kidsplay.lt\\\/produktas\\\/kreidos-lenta-lipdukas\\\/#primaryimage\"},\"thumbnailUrl\":\"https:\\\/\\\/kidsplay.lt\\\/wp-content\\\/uploads\\\/2023\\\/10\\\/SAMOPRZYLEPNA-TABLICA-KREDOWA-magnetyczna-KREDA.jpg\",\"datePublished\":\"2023-10-01T18:41:39+00:00\",\"dateModified\":\"2026-04-19T06:59:35+00:00\",\"description\":\"Ar j\u016bs\u0173 vaikai vis dar gadina sienas, pie\u0161dami ant j\u0173 kreidel\u0117mis? Paprastos kortel\u0117s yra per ma\u017eas pavir\u0161ius j\u0173 meniniams poreikiams? \u0160tai sprendimas.\",\"breadcrumb\":{\"@id\":\"https:\\\/\\\/kidsplay.lt\\\/produktas\\\/kreidos-lenta-lipdukas\\\/#breadcrumb\"},\"inLanguage\":\"lv-LV\",\"potentialAction\":[{\"@type\":\"ReadAction\",\"target\":[\"https:\\\/\\\/kidsplay.lt\\\/produktas\\\/kreidos-lenta-lipdukas\\\/\"]}]},{\"@type\":\"ImageObject\",\"inLanguage\":\"lv-LV\",\"@id\":\"https:\\\/\\\/kidsplay.lt\\\/produktas\\\/kreidos-lenta-lipdukas\\\/#primaryimage\",\"url\":\"https:\\\/\\\/kidsplay.lt\\\/wp-content\\\/uploads\\\/2023\\\/10\\\/SAMOPRZYLEPNA-TABLICA-KREDOWA-magnetyczna-KREDA.jpg\",\"contentUrl\":\"https:\\\/\\\/kidsplay.lt\\\/wp-content\\\/uploads\\\/2023\\\/10\\\/SAMOPRZYLEPNA-TABLICA-KREDOWA-magnetyczna-KREDA.jpg\",\"width\":1200,\"height\":1200},{\"@type\":\"BreadcrumbList\",\"@id\":\"https:\\\/\\\/kidsplay.lt\\\/produktas\\\/kreidos-lenta-lipdukas\\\/#breadcrumb\",\"itemListElement\":[{\"@type\":\"ListItem\",\"position\":1,\"name\":\"Pagrindinis\",\"item\":\"https:\\\/\\\/kidsplay.lt\\\/\"},{\"@type\":\"ListItem\",\"position\":2,\"name\":\"Parduotuv\u0117\",\"item\":\"https:\\\/\\\/kidsplay.lt\\\/parduotuve\\\/\"},{\"@type\":\"ListItem\",\"position\":3,\"name\":\"Kreidos lenta-lipdukas\"}]},{\"@type\":\"WebSite\",\"@id\":\"https:\\\/\\\/kidsplay.lt\\\/#website\",\"url\":\"https:\\\/\\\/kidsplay.lt\\\/\",\"name\":\"Kidsplay.lt\",\"description\":\"\u012evairios prek\u0117s vaikams\",\"publisher\":{\"@id\":\"https:\\\/\\\/kidsplay.lt\\\/#organization\"},\"alternateName\":\"Kidsplay\",\"potentialAction\":[{\"@type\":\"SearchAction\",\"target\":{\"@type\":\"EntryPoint\",\"urlTemplate\":\"https:\\\/\\\/kidsplay.lt\\\/?s={search_term_string}\"},\"query-input\":{\"@type\":\"PropertyValueSpecification\",\"valueRequired\":true,\"valueName\":\"search_term_string\"}}],\"inLanguage\":\"lv-LV\"},{\"@type\":\"Organization\",\"@id\":\"https:\\\/\\\/kidsplay.lt\\\/#organization\",\"name\":\"KidsPlay\",\"url\":\"https:\\\/\\\/kidsplay.lt\\\/\",\"logo\":{\"@type\":\"ImageObject\",\"inLanguage\":\"lv-LV\",\"@id\":\"https:\\\/\\\/kidsplay.lt\\\/#\\\/schema\\\/logo\\\/image\\\/\",\"url\":\"https:\\\/\\\/kidsplay.lt\\\/wp-content\\\/uploads\\\/2023\\\/07\\\/kidsplay-logo.png\",\"contentUrl\":\"https:\\\/\\\/kidsplay.lt\\\/wp-content\\\/uploads\\\/2023\\\/07\\\/kidsplay-logo.png\",\"width\":451,\"height\":98,\"caption\":\"KidsPlay\"},\"image\":{\"@id\":\"https:\\\/\\\/kidsplay.lt\\\/#\\\/schema\\\/logo\\\/image\\\/\"},\"sameAs\":[\"https:\\\/\\\/www.facebook.com\\\/www.kidsplay.lt\"]}]}<\/script>\n<!-- \/ Yoast SEO plugin. -->","yoast_head_json":{"title":"Kreidos lenta-lipdukas - KidsPlay","description":"Ar j\u016bs\u0173 vaikai vis dar gadina sienas, pie\u0161dami ant j\u0173 kreidel\u0117mis? Paprastos kortel\u0117s yra per ma\u017eas pavir\u0161ius j\u0173 meniniams poreikiams? \u0160tai sprendimas.","robots":{"index":"index","follow":"follow","max-snippet":"max-snippet:-1","max-image-preview":"max-image-preview:large","max-video-preview":"max-video-preview:-1"},"canonical":"https:\/\/kidsplay.lt\/lv\/products\/kreidos-lenta-lipdukas\/","og_locale":"lv_LV","og_type":"article","og_title":"Kreidos lenta-lipdukas - KidsPlay","og_description":"Ar j\u016bs\u0173 vaikai vis dar gadina sienas, pie\u0161dami ant j\u0173 kreidel\u0117mis? Paprastos kortel\u0117s yra per ma\u017eas pavir\u0161ius j\u0173 meniniams poreikiams? \u0160tai sprendimas.","og_url":"https:\/\/kidsplay.lt\/lv\/products\/kreidos-lenta-lipdukas\/","og_site_name":"KidsPlay","article_publisher":"https:\/\/www.facebook.com\/www.kidsplay.lt","article_modified_time":"2026-04-19T06:59:35+00:00","og_image":[{"width":1200,"height":1200,"url":"https:\/\/kidsplay.lt\/wp-content\/uploads\/2023\/10\/SAMOPRZYLEPNA-TABLICA-KREDOWA-magnetyczna-KREDA.jpg","type":"image\/jpeg"}],"twitter_card":"summary_large_image","twitter_misc":{"Est. reading time":"1 min\u016bte"},"schema":{"@context":"https:\/\/schema.org","@graph":[{"@type":"WebPage","@id":"https:\/\/kidsplay.lt\/produktas\/kreidos-lenta-lipdukas\/","url":"https:\/\/kidsplay.lt\/produktas\/kreidos-lenta-lipdukas\/","name":"Kreidos lenta-lipdukas - KidsPlay","isPartOf":{"@id":"https:\/\/kidsplay.lt\/#website"},"primaryImageOfPage":{"@id":"https:\/\/kidsplay.lt\/produktas\/kreidos-lenta-lipdukas\/#primaryimage"},"image":{"@id":"https:\/\/kidsplay.lt\/produktas\/kreidos-lenta-lipdukas\/#primaryimage"},"thumbnailUrl":"https:\/\/kidsplay.lt\/wp-content\/uploads\/2023\/10\/SAMOPRZYLEPNA-TABLICA-KREDOWA-magnetyczna-KREDA.jpg","datePublished":"2023-10-01T18:41:39+00:00","dateModified":"2026-04-19T06:59:35+00:00","description":"Ar j\u016bs\u0173 vaikai vis dar gadina sienas, pie\u0161dami ant j\u0173 kreidel\u0117mis? Paprastos kortel\u0117s yra per ma\u017eas pavir\u0161ius j\u0173 meniniams poreikiams? \u0160tai sprendimas.","breadcrumb":{"@id":"https:\/\/kidsplay.lt\/produktas\/kreidos-lenta-lipdukas\/#breadcrumb"},"inLanguage":"lv-LV","potentialAction":[{"@type":"ReadAction","target":["https:\/\/kidsplay.lt\/produktas\/kreidos-lenta-lipdukas\/"]}]},{"@type":"ImageObject","inLanguage":"lv-LV","@id":"https:\/\/kidsplay.lt\/produktas\/kreidos-lenta-lipdukas\/#primaryimage","url":"https:\/\/kidsplay.lt\/wp-content\/uploads\/2023\/10\/SAMOPRZYLEPNA-TABLICA-KREDOWA-magnetyczna-KREDA.jpg","contentUrl":"https:\/\/kidsplay.lt\/wp-content\/uploads\/2023\/10\/SAMOPRZYLEPNA-TABLICA-KREDOWA-magnetyczna-KREDA.jpg","width":1200,"height":1200},{"@type":"BreadcrumbList","@id":"https:\/\/kidsplay.lt\/produktas\/kreidos-lenta-lipdukas\/#breadcrumb","itemListElement":[{"@type":"ListItem","position":1,"name":"Pagrindinis","item":"https:\/\/kidsplay.lt\/"},{"@type":"ListItem","position":2,"name":"Parduotuv\u0117","item":"https:\/\/kidsplay.lt\/parduotuve\/"},{"@type":"ListItem","position":3,"name":"Kreidos lenta-lipdukas"}]},{"@type":"WebSite","@id":"https:\/\/kidsplay.lt\/#website","url":"https:\/\/kidsplay.lt\/","name":"B\u0113rnu sp\u0113les.lv","description":"\u012evairios prek\u0117s vaikams","publisher":{"@id":"https:\/\/kidsplay.lt\/#organization"},"alternateName":"Kidsplay","potentialAction":[{"@type":"SearchAction","target":{"@type":"EntryPoint","urlTemplate":"https:\/\/kidsplay.lt\/?s={search_term_string}"},"query-input":{"@type":"PropertyValueSpecification","valueRequired":true,"valueName":"search_term_string"}}],"inLanguage":"lv-LV"},{"@type":"Organization","@id":"https:\/\/kidsplay.lt\/#organization","name":"B\u0113rnu sp\u0113le","url":"https:\/\/kidsplay.lt\/","logo":{"@type":"ImageObject","inLanguage":"lv-LV","@id":"https:\/\/kidsplay.lt\/#\/schema\/logo\/image\/","url":"https:\/\/kidsplay.lt\/wp-content\/uploads\/2023\/07\/kidsplay-logo.png","contentUrl":"https:\/\/kidsplay.lt\/wp-content\/uploads\/2023\/07\/kidsplay-logo.png","width":451,"height":98,"caption":"KidsPlay"},"image":{"@id":"https:\/\/kidsplay.lt\/#\/schema\/logo\/image\/"},"sameAs":["https:\/\/www.facebook.com\/www.kidsplay.lt"]}]}},"_links":{"self":[{"href":"https:\/\/kidsplay.lt\/lv\/wp-json\/wp\/v2\/product\/46183","targetHints":{"allow":["GET"]}}],"collection":[{"href":"https:\/\/kidsplay.lt\/lv\/wp-json\/wp\/v2\/product"}],"about":[{"href":"https:\/\/kidsplay.lt\/lv\/wp-json\/wp\/v2\/types\/product"}],"version-history":[{"count":3,"href":"https:\/\/kidsplay.lt\/lv\/wp-json\/wp\/v2\/product\/46183\/revisions"}],"predecessor-version":[{"id":74306,"href":"https:\/\/kidsplay.lt\/lv\/wp-json\/wp\/v2\/product\/46183\/revisions\/74306"}],"wp:featuredmedia":[{"embeddable":true,"href":"https:\/\/kidsplay.lt\/lv\/wp-json\/wp\/v2\/media\/46186"}],"wp:attachment":[{"href":"https:\/\/kidsplay.lt\/lv\/wp-json\/wp\/v2\/media?parent=46183"}],"wp:term":[{"taxonomy":"product_brand","embeddable":true,"href":"https:\/\/kidsplay.lt\/lv\/wp-json\/wp\/v2\/product_brand?post=46183"},{"taxonomy":"product_cat","embeddable":true,"href":"https:\/\/kidsplay.lt\/lv\/wp-json\/wp\/v2\/product_cat?post=46183"},{"taxonomy":"product_tag","embeddable":true,"href":"https:\/\/kidsplay.lt\/lv\/wp-json\/wp\/v2\/product_tag?post=46183"}],"curies":[{"name":"wp","href":"https:\/\/api.w.org\/{rel}","templated":true}]}}