{"id":46336,"date":"2023-10-03T21:55:26","date_gmt":"2023-10-03T18:55:26","guid":{"rendered":"https:\/\/kidsplay.lt\/?post_type=product&#038;p=46336"},"modified":"2025-12-24T09:13:48","modified_gmt":"2025-12-24T07:13:48","slug":"dvipusiai-markeriai-flomasteriai-touch-80-vnt","status":"publish","type":"product","link":"https:\/\/kidsplay.lt\/lv\/products\/dvipusiai-markeriai-flomasteriai-touch-80-vnt\/","title":{"rendered":"Divpus\u0113jie mar\u0137ieri Touch, 80 gab."},"content":{"rendered":"<p>80 vnt. \u012fvairi\u0173 spalv\u0173 \u017eymekli\u0173 rinkinys \u2013 tai pasi\u016blymas visiems, kurie pradeda savo nuotykius su pie\u0161imu ir tiems, kurie pie\u0161ia kiekvien\u0105 dien\u0105.<\/p>\n<p>puiki pigmentacija<br \/>\npatvarumas \u2013 ilgas ra\u0161ymo laikas ir dvigubas antgalis atsparus pa\u017eeidimams<br \/>\ndviej\u0173 galiuk\u0173 stori\u0173<br \/>\nai\u0161ki terminal\u0173 numeracija<br \/>\nestetinis laikymo d\u0117klas<br \/>\npuikiai tinka dovanai!<\/p>\n<p>Spalvot\u0173 \u017eymekli\u0173 rinkinys yra puikus pasirinkimas kiekvienam, norin\u010diam lavinti savo k\u016brybi\u0161kum\u0105 \u012fvairiose pie\u0161imo srityse. D\u0117l kruop\u0161\u010diai atrinkt\u0173 spalv\u0173, kurios bus naudojamos tiek kuriant drabu\u017eius, tiek kuriant gaminius, architekt\u016br\u0105 ir kra\u0161tovaizd\u012f, \u0161is rinkinys yra b\u016btinas kiekvieno menininko \u012frankis. Nesvarbu, ar kuriate tikrovi\u0161kus portretus, ar fantasti\u0161kus mang\u0173 persona\u017eus, \u0161ie ra\u0161ikliai leis jums i\u0161reik\u0161ti save ir sukurti unikalius meno k\u016brinius. Nelaukite, i\u0161bandykite ir paleiskite savo k\u016brybi\u0161kum\u0105!<\/p>","protected":false},"excerpt":{"rendered":"<p>Divpus\u0113jie mar\u0137ieri Touch, 80 gab.<\/p>","protected":false},"featured_media":46337,"template":"","meta":{"_acf_changed":false,"_glsr_average":0,"_glsr_ranking":0,"_glsr_reviews":0},"product_brand":[],"product_cat":[337,345],"product_tag":[],"class_list":{"0":"post-46336","1":"product","2":"type-product","3":"status-publish","4":"has-post-thumbnail","6":"product_cat-mokyklines-prekes","7":"product_cat-piesimo-reikmenys","8":"\"style=\"background-color: #2ecc711c;\"","10":"first","11":"instock","12":"shipping-taxable","13":"purchasable","14":"product-type-simple"},"acf":[],"yoast_head":"<!-- This site is optimized with the Yoast SEO plugin v27.3 - https:\/\/yoast.com\/product\/yoast-seo-wordpress\/ -->\n<title>Dvipusiai markeriai-flomasteriai Touch, 80 vnt - KidsPlay<\/title>\n<meta name=\"description\" content=\"80 vnt. \u012fvairi\u0173 spalv\u0173 \u017eymekli\u0173 rinkinys \u2013 tai pasi\u016blymas visiems, kurie pradeda savo nuotykius su pie\u0161imu ir tiems, kurie pie\u0161ia kiekvien\u0105 dien\u0105.\" \/>\n<meta name=\"robots\" content=\"index, follow, max-snippet:-1, max-image-preview:large, max-video-preview:-1\" \/>\n<link rel=\"canonical\" href=\"https:\/\/kidsplay.lt\/lv\/products\/dvipusiai-markeriai-flomasteriai-touch-80-vnt\/\" \/>\n<meta property=\"og:locale\" content=\"lv_LV\" \/>\n<meta property=\"og:type\" content=\"article\" \/>\n<meta property=\"og:title\" content=\"Dvipusiai markeriai-flomasteriai Touch, 80 vnt - KidsPlay\" \/>\n<meta property=\"og:description\" content=\"80 vnt. \u012fvairi\u0173 spalv\u0173 \u017eymekli\u0173 rinkinys \u2013 tai pasi\u016blymas visiems, kurie pradeda savo nuotykius su pie\u0161imu ir tiems, kurie pie\u0161ia kiekvien\u0105 dien\u0105.\" \/>\n<meta property=\"og:url\" content=\"https:\/\/kidsplay.lt\/lv\/products\/dvipusiai-markeriai-flomasteriai-touch-80-vnt\/\" \/>\n<meta property=\"og:site_name\" content=\"KidsPlay\" \/>\n<meta property=\"article:publisher\" content=\"https:\/\/www.facebook.com\/www.kidsplay.lt\" \/>\n<meta property=\"article:modified_time\" content=\"2025-12-24T07:13:48+00:00\" \/>\n<meta property=\"og:image\" content=\"https:\/\/kidsplay.lt\/wp-content\/uploads\/2023\/10\/dvipusiai-markeriai-flomasteriai-touch-80-vnt-uzrasu-62a8b-kaina_reference.jpg\" \/>\n\t<meta property=\"og:image:width\" content=\"1000\" \/>\n\t<meta property=\"og:image:height\" content=\"750\" \/>\n\t<meta property=\"og:image:type\" content=\"image\/jpeg\" \/>\n<meta name=\"twitter:card\" content=\"summary_large_image\" \/>\n<meta name=\"twitter:label1\" content=\"Est. reading time\" \/>\n\t<meta name=\"twitter:data1\" content=\"1 min\u016bte\" \/>\n<script type=\"application\/ld+json\" class=\"yoast-schema-graph\">{\"@context\":\"https:\\\/\\\/schema.org\",\"@graph\":[{\"@type\":\"WebPage\",\"@id\":\"https:\\\/\\\/kidsplay.lt\\\/produktas\\\/dvipusiai-markeriai-flomasteriai-touch-80-vnt\\\/\",\"url\":\"https:\\\/\\\/kidsplay.lt\\\/produktas\\\/dvipusiai-markeriai-flomasteriai-touch-80-vnt\\\/\",\"name\":\"Dvipusiai markeriai-flomasteriai Touch, 80 vnt - KidsPlay\",\"isPartOf\":{\"@id\":\"https:\\\/\\\/kidsplay.lt\\\/#website\"},\"primaryImageOfPage\":{\"@id\":\"https:\\\/\\\/kidsplay.lt\\\/produktas\\\/dvipusiai-markeriai-flomasteriai-touch-80-vnt\\\/#primaryimage\"},\"image\":{\"@id\":\"https:\\\/\\\/kidsplay.lt\\\/produktas\\\/dvipusiai-markeriai-flomasteriai-touch-80-vnt\\\/#primaryimage\"},\"thumbnailUrl\":\"https:\\\/\\\/kidsplay.lt\\\/wp-content\\\/uploads\\\/2023\\\/10\\\/dvipusiai-markeriai-flomasteriai-touch-80-vnt-uzrasu-62a8b-kaina_reference.jpg\",\"datePublished\":\"2023-10-03T18:55:26+00:00\",\"dateModified\":\"2025-12-24T07:13:48+00:00\",\"description\":\"80 vnt. \u012fvairi\u0173 spalv\u0173 \u017eymekli\u0173 rinkinys \u2013 tai pasi\u016blymas visiems, kurie pradeda savo nuotykius su pie\u0161imu ir tiems, kurie pie\u0161ia kiekvien\u0105 dien\u0105.\",\"breadcrumb\":{\"@id\":\"https:\\\/\\\/kidsplay.lt\\\/produktas\\\/dvipusiai-markeriai-flomasteriai-touch-80-vnt\\\/#breadcrumb\"},\"inLanguage\":\"lv-LV\",\"potentialAction\":[{\"@type\":\"ReadAction\",\"target\":[\"https:\\\/\\\/kidsplay.lt\\\/produktas\\\/dvipusiai-markeriai-flomasteriai-touch-80-vnt\\\/\"]}]},{\"@type\":\"ImageObject\",\"inLanguage\":\"lv-LV\",\"@id\":\"https:\\\/\\\/kidsplay.lt\\\/produktas\\\/dvipusiai-markeriai-flomasteriai-touch-80-vnt\\\/#primaryimage\",\"url\":\"https:\\\/\\\/kidsplay.lt\\\/wp-content\\\/uploads\\\/2023\\\/10\\\/dvipusiai-markeriai-flomasteriai-touch-80-vnt-uzrasu-62a8b-kaina_reference.jpg\",\"contentUrl\":\"https:\\\/\\\/kidsplay.lt\\\/wp-content\\\/uploads\\\/2023\\\/10\\\/dvipusiai-markeriai-flomasteriai-touch-80-vnt-uzrasu-62a8b-kaina_reference.jpg\",\"width\":1000,\"height\":750},{\"@type\":\"BreadcrumbList\",\"@id\":\"https:\\\/\\\/kidsplay.lt\\\/produktas\\\/dvipusiai-markeriai-flomasteriai-touch-80-vnt\\\/#breadcrumb\",\"itemListElement\":[{\"@type\":\"ListItem\",\"position\":1,\"name\":\"Pagrindinis\",\"item\":\"https:\\\/\\\/kidsplay.lt\\\/\"},{\"@type\":\"ListItem\",\"position\":2,\"name\":\"Parduotuv\u0117\",\"item\":\"https:\\\/\\\/kidsplay.lt\\\/parduotuve\\\/\"},{\"@type\":\"ListItem\",\"position\":3,\"name\":\"Dvipusiai markeriai-flomasteriai Touch, 80 vnt\"}]},{\"@type\":\"WebSite\",\"@id\":\"https:\\\/\\\/kidsplay.lt\\\/#website\",\"url\":\"https:\\\/\\\/kidsplay.lt\\\/\",\"name\":\"Kidsplay.lt\",\"description\":\"\u012evairios prek\u0117s vaikams\",\"publisher\":{\"@id\":\"https:\\\/\\\/kidsplay.lt\\\/#organization\"},\"alternateName\":\"Kidsplay\",\"potentialAction\":[{\"@type\":\"SearchAction\",\"target\":{\"@type\":\"EntryPoint\",\"urlTemplate\":\"https:\\\/\\\/kidsplay.lt\\\/?s={search_term_string}\"},\"query-input\":{\"@type\":\"PropertyValueSpecification\",\"valueRequired\":true,\"valueName\":\"search_term_string\"}}],\"inLanguage\":\"lv-LV\"},{\"@type\":\"Organization\",\"@id\":\"https:\\\/\\\/kidsplay.lt\\\/#organization\",\"name\":\"KidsPlay\",\"url\":\"https:\\\/\\\/kidsplay.lt\\\/\",\"logo\":{\"@type\":\"ImageObject\",\"inLanguage\":\"lv-LV\",\"@id\":\"https:\\\/\\\/kidsplay.lt\\\/#\\\/schema\\\/logo\\\/image\\\/\",\"url\":\"https:\\\/\\\/kidsplay.lt\\\/wp-content\\\/uploads\\\/2023\\\/07\\\/kidsplay-logo.png\",\"contentUrl\":\"https:\\\/\\\/kidsplay.lt\\\/wp-content\\\/uploads\\\/2023\\\/07\\\/kidsplay-logo.png\",\"width\":451,\"height\":98,\"caption\":\"KidsPlay\"},\"image\":{\"@id\":\"https:\\\/\\\/kidsplay.lt\\\/#\\\/schema\\\/logo\\\/image\\\/\"},\"sameAs\":[\"https:\\\/\\\/www.facebook.com\\\/www.kidsplay.lt\"]}]}<\/script>\n<!-- \/ Yoast SEO plugin. -->","yoast_head_json":{"title":"Dvipusiai markeriai-flomasteriai Touch, 80 vnt - KidsPlay","description":"80 vnt. \u012fvairi\u0173 spalv\u0173 \u017eymekli\u0173 rinkinys \u2013 tai pasi\u016blymas visiems, kurie pradeda savo nuotykius su pie\u0161imu ir tiems, kurie pie\u0161ia kiekvien\u0105 dien\u0105.","robots":{"index":"index","follow":"follow","max-snippet":"max-snippet:-1","max-image-preview":"max-image-preview:large","max-video-preview":"max-video-preview:-1"},"canonical":"https:\/\/kidsplay.lt\/lv\/products\/dvipusiai-markeriai-flomasteriai-touch-80-vnt\/","og_locale":"lv_LV","og_type":"article","og_title":"Dvipusiai markeriai-flomasteriai Touch, 80 vnt - KidsPlay","og_description":"80 vnt. \u012fvairi\u0173 spalv\u0173 \u017eymekli\u0173 rinkinys \u2013 tai pasi\u016blymas visiems, kurie pradeda savo nuotykius su pie\u0161imu ir tiems, kurie pie\u0161ia kiekvien\u0105 dien\u0105.","og_url":"https:\/\/kidsplay.lt\/lv\/products\/dvipusiai-markeriai-flomasteriai-touch-80-vnt\/","og_site_name":"KidsPlay","article_publisher":"https:\/\/www.facebook.com\/www.kidsplay.lt","article_modified_time":"2025-12-24T07:13:48+00:00","og_image":[{"width":1000,"height":750,"url":"https:\/\/kidsplay.lt\/wp-content\/uploads\/2023\/10\/dvipusiai-markeriai-flomasteriai-touch-80-vnt-uzrasu-62a8b-kaina_reference.jpg","type":"image\/jpeg"}],"twitter_card":"summary_large_image","twitter_misc":{"Est. reading time":"1 min\u016bte"},"schema":{"@context":"https:\/\/schema.org","@graph":[{"@type":"WebPage","@id":"https:\/\/kidsplay.lt\/produktas\/dvipusiai-markeriai-flomasteriai-touch-80-vnt\/","url":"https:\/\/kidsplay.lt\/produktas\/dvipusiai-markeriai-flomasteriai-touch-80-vnt\/","name":"Dvipusiai markeriai-flomasteriai Touch, 80 vnt - KidsPlay","isPartOf":{"@id":"https:\/\/kidsplay.lt\/#website"},"primaryImageOfPage":{"@id":"https:\/\/kidsplay.lt\/produktas\/dvipusiai-markeriai-flomasteriai-touch-80-vnt\/#primaryimage"},"image":{"@id":"https:\/\/kidsplay.lt\/produktas\/dvipusiai-markeriai-flomasteriai-touch-80-vnt\/#primaryimage"},"thumbnailUrl":"https:\/\/kidsplay.lt\/wp-content\/uploads\/2023\/10\/dvipusiai-markeriai-flomasteriai-touch-80-vnt-uzrasu-62a8b-kaina_reference.jpg","datePublished":"2023-10-03T18:55:26+00:00","dateModified":"2025-12-24T07:13:48+00:00","description":"80 vnt. \u012fvairi\u0173 spalv\u0173 \u017eymekli\u0173 rinkinys \u2013 tai pasi\u016blymas visiems, kurie pradeda savo nuotykius su pie\u0161imu ir tiems, kurie pie\u0161ia kiekvien\u0105 dien\u0105.","breadcrumb":{"@id":"https:\/\/kidsplay.lt\/produktas\/dvipusiai-markeriai-flomasteriai-touch-80-vnt\/#breadcrumb"},"inLanguage":"lv-LV","potentialAction":[{"@type":"ReadAction","target":["https:\/\/kidsplay.lt\/produktas\/dvipusiai-markeriai-flomasteriai-touch-80-vnt\/"]}]},{"@type":"ImageObject","inLanguage":"lv-LV","@id":"https:\/\/kidsplay.lt\/produktas\/dvipusiai-markeriai-flomasteriai-touch-80-vnt\/#primaryimage","url":"https:\/\/kidsplay.lt\/wp-content\/uploads\/2023\/10\/dvipusiai-markeriai-flomasteriai-touch-80-vnt-uzrasu-62a8b-kaina_reference.jpg","contentUrl":"https:\/\/kidsplay.lt\/wp-content\/uploads\/2023\/10\/dvipusiai-markeriai-flomasteriai-touch-80-vnt-uzrasu-62a8b-kaina_reference.jpg","width":1000,"height":750},{"@type":"BreadcrumbList","@id":"https:\/\/kidsplay.lt\/produktas\/dvipusiai-markeriai-flomasteriai-touch-80-vnt\/#breadcrumb","itemListElement":[{"@type":"ListItem","position":1,"name":"Pagrindinis","item":"https:\/\/kidsplay.lt\/"},{"@type":"ListItem","position":2,"name":"Parduotuv\u0117","item":"https:\/\/kidsplay.lt\/parduotuve\/"},{"@type":"ListItem","position":3,"name":"Dvipusiai markeriai-flomasteriai Touch, 80 vnt"}]},{"@type":"WebSite","@id":"https:\/\/kidsplay.lt\/#website","url":"https:\/\/kidsplay.lt\/","name":"B\u0113rnu sp\u0113les.lv","description":"\u012evairios prek\u0117s vaikams","publisher":{"@id":"https:\/\/kidsplay.lt\/#organization"},"alternateName":"Kidsplay","potentialAction":[{"@type":"SearchAction","target":{"@type":"EntryPoint","urlTemplate":"https:\/\/kidsplay.lt\/?s={search_term_string}"},"query-input":{"@type":"PropertyValueSpecification","valueRequired":true,"valueName":"search_term_string"}}],"inLanguage":"lv-LV"},{"@type":"Organization","@id":"https:\/\/kidsplay.lt\/#organization","name":"B\u0113rnu sp\u0113le","url":"https:\/\/kidsplay.lt\/","logo":{"@type":"ImageObject","inLanguage":"lv-LV","@id":"https:\/\/kidsplay.lt\/#\/schema\/logo\/image\/","url":"https:\/\/kidsplay.lt\/wp-content\/uploads\/2023\/07\/kidsplay-logo.png","contentUrl":"https:\/\/kidsplay.lt\/wp-content\/uploads\/2023\/07\/kidsplay-logo.png","width":451,"height":98,"caption":"KidsPlay"},"image":{"@id":"https:\/\/kidsplay.lt\/#\/schema\/logo\/image\/"},"sameAs":["https:\/\/www.facebook.com\/www.kidsplay.lt"]}]}},"_links":{"self":[{"href":"https:\/\/kidsplay.lt\/lv\/wp-json\/wp\/v2\/product\/46336","targetHints":{"allow":["GET"]}}],"collection":[{"href":"https:\/\/kidsplay.lt\/lv\/wp-json\/wp\/v2\/product"}],"about":[{"href":"https:\/\/kidsplay.lt\/lv\/wp-json\/wp\/v2\/types\/product"}],"version-history":[{"count":3,"href":"https:\/\/kidsplay.lt\/lv\/wp-json\/wp\/v2\/product\/46336\/revisions"}],"predecessor-version":[{"id":74303,"href":"https:\/\/kidsplay.lt\/lv\/wp-json\/wp\/v2\/product\/46336\/revisions\/74303"}],"wp:featuredmedia":[{"embeddable":true,"href":"https:\/\/kidsplay.lt\/lv\/wp-json\/wp\/v2\/media\/46337"}],"wp:attachment":[{"href":"https:\/\/kidsplay.lt\/lv\/wp-json\/wp\/v2\/media?parent=46336"}],"wp:term":[{"taxonomy":"product_brand","embeddable":true,"href":"https:\/\/kidsplay.lt\/lv\/wp-json\/wp\/v2\/product_brand?post=46336"},{"taxonomy":"product_cat","embeddable":true,"href":"https:\/\/kidsplay.lt\/lv\/wp-json\/wp\/v2\/product_cat?post=46336"},{"taxonomy":"product_tag","embeddable":true,"href":"https:\/\/kidsplay.lt\/lv\/wp-json\/wp\/v2\/product_tag?post=46336"}],"curies":[{"name":"wp","href":"https:\/\/api.w.org\/{rel}","templated":true}]}}