{"id":46351,"date":"2023-10-03T22:24:23","date_gmt":"2023-10-03T19:24:23","guid":{"rendered":"https:\/\/kidsplay.lt\/?post_type=product&#038;p=46351"},"modified":"2025-10-04T15:08:22","modified_gmt":"2025-10-04T12:08:22","slug":"naktine-lempa-projektorius","status":"publish","type":"product","link":"https:\/\/kidsplay.lt\/lv\/products\/naktine-lempa-projektorius\/","title":{"rendered":"Naktslampas projektors"},"content":{"rendered":"<p>Pasinerkite \u012f nuostab\u0173 kosmini\u0173 dangaus k\u016bn\u0173 pasaul\u012f su m\u016bs\u0173 \u201eAstronautas\u201c \u017evaig\u017ed\u017ei\u0173 projektoriumi. \u0160is unikalus projektorius n\u0117ra tik paprasta naktin\u0117 lempa \u2013 tai j\u016bs\u0173 asmeninis langas \u012f erdv\u0117s begalyb\u0119, beveik kaip astronauto!<\/p>\n<p>Mokomasis \u017eaislas: \u017dvaig\u017ed\u017ei\u0173 projektorius yra ne tik puikus dekoratyvinis dalyk\u0117lis, bet ir edukacin\u0117 priemon\u0117 vaikams. Tai gali pad\u0117ti mokyti astronomijos, nes ugdo susidom\u0117jim\u0105 mokytis ir tyrin\u0117ti.<\/p>\n<p>Tobula lempa: puikiai tinka kaip naktin\u0117 lempa vaikams ir suaugusiems. \u0160velni, rami \u0161viesa sukuria idealias s\u0105lygas atsipalaiduoti ir pails\u0117ti, padeda vaikams pasiruo\u0161ti miegoti.<\/p>\n<p>Astronautas sukurtas taip, kad b\u016bt\u0173 lengva reguliuoti. Projekcijos krypt\u012f galite reguliuoti keisdami astronauto galvos kamp\u0105. Prie\u0161 naudodami \u012fsitikinkite, kad jo kojos yra tvirtai pritvirtintos prie pagrindo. Be to, galva ir korpusas yra magneti\u0161kai sujungti, tod\u0117l galima reguliuoti beveik 360 laipsni\u0173 kampu. Nepamir\u0161kite j\u0173 nepriversti, kad i\u0161vengtum\u0117te \u017ealos.<\/p>","protected":false},"excerpt":{"rendered":"<p>Naktslampas projektors<\/p>","protected":false},"featured_media":46353,"template":"","meta":{"_acf_changed":false,"_glsr_average":0,"_glsr_ranking":0,"_glsr_reviews":0},"product_brand":[],"product_cat":[362],"product_tag":[],"class_list":{"0":"post-46351","1":"product","2":"type-product","3":"status-publish","4":"has-post-thumbnail","6":"product_cat-lempos","7":"\"style=\"background-color: #2ecc711c;\"","9":"first","10":"instock","11":"shipping-taxable","12":"purchasable","13":"product-type-simple"},"acf":[],"yoast_head":"<!-- This site is optimized with the Yoast SEO plugin v27.3 - https:\/\/yoast.com\/product\/yoast-seo-wordpress\/ -->\n<title>Naktin\u0117 lempa-projektorius - KidsPlay<\/title>\n<meta name=\"description\" content=\"Pasinerkite \u012f nuostab\u0173 kosmini\u0173 dangaus k\u016bn\u0173 pasaul\u012f su m\u016bs\u0173 \u201eAstronautas\u201c \u017evaig\u017ed\u017ei\u0173 projektoriumi. Astronautas sukurtas taip, kad b\u016bt\u0173 lengva reguliuoti.\" \/>\n<meta name=\"robots\" content=\"index, follow, max-snippet:-1, max-image-preview:large, max-video-preview:-1\" \/>\n<link rel=\"canonical\" href=\"https:\/\/kidsplay.lt\/lv\/products\/naktine-lempa-projektorius\/\" \/>\n<meta property=\"og:locale\" content=\"lv_LV\" \/>\n<meta property=\"og:type\" content=\"article\" \/>\n<meta property=\"og:title\" content=\"Naktin\u0117 lempa-projektorius - KidsPlay\" \/>\n<meta property=\"og:description\" content=\"Pasinerkite \u012f nuostab\u0173 kosmini\u0173 dangaus k\u016bn\u0173 pasaul\u012f su m\u016bs\u0173 \u201eAstronautas\u201c \u017evaig\u017ed\u017ei\u0173 projektoriumi. Astronautas sukurtas taip, kad b\u016bt\u0173 lengva reguliuoti.\" \/>\n<meta property=\"og:url\" content=\"https:\/\/kidsplay.lt\/lv\/products\/naktine-lempa-projektorius\/\" \/>\n<meta property=\"og:site_name\" content=\"KidsPlay\" \/>\n<meta property=\"article:publisher\" content=\"https:\/\/www.facebook.com\/www.kidsplay.lt\" \/>\n<meta property=\"article:modified_time\" content=\"2025-10-04T12:08:22+00:00\" \/>\n<meta property=\"og:image\" content=\"https:\/\/kidsplay.lt\/wp-content\/uploads\/2023\/10\/LAMPKA-NOCNA-LED-PROJEKTOR-GWIAZD-NIEBA-ASTRONAUTA.jpg\" \/>\n\t<meta property=\"og:image:width\" content=\"1155\" \/>\n\t<meta property=\"og:image:height\" content=\"1500\" \/>\n\t<meta property=\"og:image:type\" content=\"image\/jpeg\" \/>\n<meta name=\"twitter:card\" content=\"summary_large_image\" \/>\n<meta name=\"twitter:label1\" content=\"Est. reading time\" \/>\n\t<meta name=\"twitter:data1\" content=\"1 min\u016bte\" \/>\n<script type=\"application\/ld+json\" class=\"yoast-schema-graph\">{\"@context\":\"https:\\\/\\\/schema.org\",\"@graph\":[{\"@type\":\"WebPage\",\"@id\":\"https:\\\/\\\/kidsplay.lt\\\/produktas\\\/naktine-lempa-projektorius\\\/\",\"url\":\"https:\\\/\\\/kidsplay.lt\\\/produktas\\\/naktine-lempa-projektorius\\\/\",\"name\":\"Naktin\u0117 lempa-projektorius - KidsPlay\",\"isPartOf\":{\"@id\":\"https:\\\/\\\/kidsplay.lt\\\/#website\"},\"primaryImageOfPage\":{\"@id\":\"https:\\\/\\\/kidsplay.lt\\\/produktas\\\/naktine-lempa-projektorius\\\/#primaryimage\"},\"image\":{\"@id\":\"https:\\\/\\\/kidsplay.lt\\\/produktas\\\/naktine-lempa-projektorius\\\/#primaryimage\"},\"thumbnailUrl\":\"https:\\\/\\\/kidsplay.lt\\\/wp-content\\\/uploads\\\/2023\\\/10\\\/LAMPKA-NOCNA-LED-PROJEKTOR-GWIAZD-NIEBA-ASTRONAUTA.jpg\",\"datePublished\":\"2023-10-03T19:24:23+00:00\",\"dateModified\":\"2025-10-04T12:08:22+00:00\",\"description\":\"Pasinerkite \u012f nuostab\u0173 kosmini\u0173 dangaus k\u016bn\u0173 pasaul\u012f su m\u016bs\u0173 \u201eAstronautas\u201c \u017evaig\u017ed\u017ei\u0173 projektoriumi. Astronautas sukurtas taip, kad b\u016bt\u0173 lengva reguliuoti.\",\"breadcrumb\":{\"@id\":\"https:\\\/\\\/kidsplay.lt\\\/produktas\\\/naktine-lempa-projektorius\\\/#breadcrumb\"},\"inLanguage\":\"lv-LV\",\"potentialAction\":[{\"@type\":\"ReadAction\",\"target\":[\"https:\\\/\\\/kidsplay.lt\\\/produktas\\\/naktine-lempa-projektorius\\\/\"]}]},{\"@type\":\"ImageObject\",\"inLanguage\":\"lv-LV\",\"@id\":\"https:\\\/\\\/kidsplay.lt\\\/produktas\\\/naktine-lempa-projektorius\\\/#primaryimage\",\"url\":\"https:\\\/\\\/kidsplay.lt\\\/wp-content\\\/uploads\\\/2023\\\/10\\\/LAMPKA-NOCNA-LED-PROJEKTOR-GWIAZD-NIEBA-ASTRONAUTA.jpg\",\"contentUrl\":\"https:\\\/\\\/kidsplay.lt\\\/wp-content\\\/uploads\\\/2023\\\/10\\\/LAMPKA-NOCNA-LED-PROJEKTOR-GWIAZD-NIEBA-ASTRONAUTA.jpg\",\"width\":1155,\"height\":1500},{\"@type\":\"BreadcrumbList\",\"@id\":\"https:\\\/\\\/kidsplay.lt\\\/produktas\\\/naktine-lempa-projektorius\\\/#breadcrumb\",\"itemListElement\":[{\"@type\":\"ListItem\",\"position\":1,\"name\":\"Pagrindinis\",\"item\":\"https:\\\/\\\/kidsplay.lt\\\/\"},{\"@type\":\"ListItem\",\"position\":2,\"name\":\"Parduotuv\u0117\",\"item\":\"https:\\\/\\\/kidsplay.lt\\\/parduotuve\\\/\"},{\"@type\":\"ListItem\",\"position\":3,\"name\":\"Naktin\u0117 lempa-projektorius\"}]},{\"@type\":\"WebSite\",\"@id\":\"https:\\\/\\\/kidsplay.lt\\\/#website\",\"url\":\"https:\\\/\\\/kidsplay.lt\\\/\",\"name\":\"Kidsplay.lt\",\"description\":\"\u012evairios prek\u0117s vaikams\",\"publisher\":{\"@id\":\"https:\\\/\\\/kidsplay.lt\\\/#organization\"},\"alternateName\":\"Kidsplay\",\"potentialAction\":[{\"@type\":\"SearchAction\",\"target\":{\"@type\":\"EntryPoint\",\"urlTemplate\":\"https:\\\/\\\/kidsplay.lt\\\/?s={search_term_string}\"},\"query-input\":{\"@type\":\"PropertyValueSpecification\",\"valueRequired\":true,\"valueName\":\"search_term_string\"}}],\"inLanguage\":\"lv-LV\"},{\"@type\":\"Organization\",\"@id\":\"https:\\\/\\\/kidsplay.lt\\\/#organization\",\"name\":\"KidsPlay\",\"url\":\"https:\\\/\\\/kidsplay.lt\\\/\",\"logo\":{\"@type\":\"ImageObject\",\"inLanguage\":\"lv-LV\",\"@id\":\"https:\\\/\\\/kidsplay.lt\\\/#\\\/schema\\\/logo\\\/image\\\/\",\"url\":\"https:\\\/\\\/kidsplay.lt\\\/wp-content\\\/uploads\\\/2023\\\/07\\\/kidsplay-logo.png\",\"contentUrl\":\"https:\\\/\\\/kidsplay.lt\\\/wp-content\\\/uploads\\\/2023\\\/07\\\/kidsplay-logo.png\",\"width\":451,\"height\":98,\"caption\":\"KidsPlay\"},\"image\":{\"@id\":\"https:\\\/\\\/kidsplay.lt\\\/#\\\/schema\\\/logo\\\/image\\\/\"},\"sameAs\":[\"https:\\\/\\\/www.facebook.com\\\/www.kidsplay.lt\"]}]}<\/script>\n<!-- \/ Yoast SEO plugin. -->","yoast_head_json":{"title":"Naktin\u0117 lempa-projektorius - KidsPlay","description":"Pasinerkite \u012f nuostab\u0173 kosmini\u0173 dangaus k\u016bn\u0173 pasaul\u012f su m\u016bs\u0173 \u201eAstronautas\u201c \u017evaig\u017ed\u017ei\u0173 projektoriumi. Astronautas sukurtas taip, kad b\u016bt\u0173 lengva reguliuoti.","robots":{"index":"index","follow":"follow","max-snippet":"max-snippet:-1","max-image-preview":"max-image-preview:large","max-video-preview":"max-video-preview:-1"},"canonical":"https:\/\/kidsplay.lt\/lv\/products\/naktine-lempa-projektorius\/","og_locale":"lv_LV","og_type":"article","og_title":"Naktin\u0117 lempa-projektorius - KidsPlay","og_description":"Pasinerkite \u012f nuostab\u0173 kosmini\u0173 dangaus k\u016bn\u0173 pasaul\u012f su m\u016bs\u0173 \u201eAstronautas\u201c \u017evaig\u017ed\u017ei\u0173 projektoriumi. Astronautas sukurtas taip, kad b\u016bt\u0173 lengva reguliuoti.","og_url":"https:\/\/kidsplay.lt\/lv\/products\/naktine-lempa-projektorius\/","og_site_name":"KidsPlay","article_publisher":"https:\/\/www.facebook.com\/www.kidsplay.lt","article_modified_time":"2025-10-04T12:08:22+00:00","og_image":[{"width":1155,"height":1500,"url":"https:\/\/kidsplay.lt\/wp-content\/uploads\/2023\/10\/LAMPKA-NOCNA-LED-PROJEKTOR-GWIAZD-NIEBA-ASTRONAUTA.jpg","type":"image\/jpeg"}],"twitter_card":"summary_large_image","twitter_misc":{"Est. reading time":"1 min\u016bte"},"schema":{"@context":"https:\/\/schema.org","@graph":[{"@type":"WebPage","@id":"https:\/\/kidsplay.lt\/produktas\/naktine-lempa-projektorius\/","url":"https:\/\/kidsplay.lt\/produktas\/naktine-lempa-projektorius\/","name":"Naktin\u0117 lempa-projektorius - KidsPlay","isPartOf":{"@id":"https:\/\/kidsplay.lt\/#website"},"primaryImageOfPage":{"@id":"https:\/\/kidsplay.lt\/produktas\/naktine-lempa-projektorius\/#primaryimage"},"image":{"@id":"https:\/\/kidsplay.lt\/produktas\/naktine-lempa-projektorius\/#primaryimage"},"thumbnailUrl":"https:\/\/kidsplay.lt\/wp-content\/uploads\/2023\/10\/LAMPKA-NOCNA-LED-PROJEKTOR-GWIAZD-NIEBA-ASTRONAUTA.jpg","datePublished":"2023-10-03T19:24:23+00:00","dateModified":"2025-10-04T12:08:22+00:00","description":"Pasinerkite \u012f nuostab\u0173 kosmini\u0173 dangaus k\u016bn\u0173 pasaul\u012f su m\u016bs\u0173 \u201eAstronautas\u201c \u017evaig\u017ed\u017ei\u0173 projektoriumi. Astronautas sukurtas taip, kad b\u016bt\u0173 lengva reguliuoti.","breadcrumb":{"@id":"https:\/\/kidsplay.lt\/produktas\/naktine-lempa-projektorius\/#breadcrumb"},"inLanguage":"lv-LV","potentialAction":[{"@type":"ReadAction","target":["https:\/\/kidsplay.lt\/produktas\/naktine-lempa-projektorius\/"]}]},{"@type":"ImageObject","inLanguage":"lv-LV","@id":"https:\/\/kidsplay.lt\/produktas\/naktine-lempa-projektorius\/#primaryimage","url":"https:\/\/kidsplay.lt\/wp-content\/uploads\/2023\/10\/LAMPKA-NOCNA-LED-PROJEKTOR-GWIAZD-NIEBA-ASTRONAUTA.jpg","contentUrl":"https:\/\/kidsplay.lt\/wp-content\/uploads\/2023\/10\/LAMPKA-NOCNA-LED-PROJEKTOR-GWIAZD-NIEBA-ASTRONAUTA.jpg","width":1155,"height":1500},{"@type":"BreadcrumbList","@id":"https:\/\/kidsplay.lt\/produktas\/naktine-lempa-projektorius\/#breadcrumb","itemListElement":[{"@type":"ListItem","position":1,"name":"Pagrindinis","item":"https:\/\/kidsplay.lt\/"},{"@type":"ListItem","position":2,"name":"Parduotuv\u0117","item":"https:\/\/kidsplay.lt\/parduotuve\/"},{"@type":"ListItem","position":3,"name":"Naktin\u0117 lempa-projektorius"}]},{"@type":"WebSite","@id":"https:\/\/kidsplay.lt\/#website","url":"https:\/\/kidsplay.lt\/","name":"B\u0113rnu sp\u0113les.lv","description":"\u012evairios prek\u0117s vaikams","publisher":{"@id":"https:\/\/kidsplay.lt\/#organization"},"alternateName":"Kidsplay","potentialAction":[{"@type":"SearchAction","target":{"@type":"EntryPoint","urlTemplate":"https:\/\/kidsplay.lt\/?s={search_term_string}"},"query-input":{"@type":"PropertyValueSpecification","valueRequired":true,"valueName":"search_term_string"}}],"inLanguage":"lv-LV"},{"@type":"Organization","@id":"https:\/\/kidsplay.lt\/#organization","name":"B\u0113rnu sp\u0113le","url":"https:\/\/kidsplay.lt\/","logo":{"@type":"ImageObject","inLanguage":"lv-LV","@id":"https:\/\/kidsplay.lt\/#\/schema\/logo\/image\/","url":"https:\/\/kidsplay.lt\/wp-content\/uploads\/2023\/07\/kidsplay-logo.png","contentUrl":"https:\/\/kidsplay.lt\/wp-content\/uploads\/2023\/07\/kidsplay-logo.png","width":451,"height":98,"caption":"KidsPlay"},"image":{"@id":"https:\/\/kidsplay.lt\/#\/schema\/logo\/image\/"},"sameAs":["https:\/\/www.facebook.com\/www.kidsplay.lt"]}]}},"_links":{"self":[{"href":"https:\/\/kidsplay.lt\/lv\/wp-json\/wp\/v2\/product\/46351","targetHints":{"allow":["GET"]}}],"collection":[{"href":"https:\/\/kidsplay.lt\/lv\/wp-json\/wp\/v2\/product"}],"about":[{"href":"https:\/\/kidsplay.lt\/lv\/wp-json\/wp\/v2\/types\/product"}],"version-history":[{"count":2,"href":"https:\/\/kidsplay.lt\/lv\/wp-json\/wp\/v2\/product\/46351\/revisions"}],"predecessor-version":[{"id":74300,"href":"https:\/\/kidsplay.lt\/lv\/wp-json\/wp\/v2\/product\/46351\/revisions\/74300"}],"wp:featuredmedia":[{"embeddable":true,"href":"https:\/\/kidsplay.lt\/lv\/wp-json\/wp\/v2\/media\/46353"}],"wp:attachment":[{"href":"https:\/\/kidsplay.lt\/lv\/wp-json\/wp\/v2\/media?parent=46351"}],"wp:term":[{"taxonomy":"product_brand","embeddable":true,"href":"https:\/\/kidsplay.lt\/lv\/wp-json\/wp\/v2\/product_brand?post=46351"},{"taxonomy":"product_cat","embeddable":true,"href":"https:\/\/kidsplay.lt\/lv\/wp-json\/wp\/v2\/product_cat?post=46351"},{"taxonomy":"product_tag","embeddable":true,"href":"https:\/\/kidsplay.lt\/lv\/wp-json\/wp\/v2\/product_tag?post=46351"}],"curies":[{"name":"wp","href":"https:\/\/api.w.org\/{rel}","templated":true}]}}