{"id":46368,"date":"2023-10-03T22:53:51","date_gmt":"2023-10-03T19:53:51","guid":{"rendered":"https:\/\/kidsplay.lt\/?post_type=product&#038;p=46368"},"modified":"2025-10-04T15:09:22","modified_gmt":"2025-10-04T12:09:22","slug":"vezimelio-pirstines","status":"publish","type":"product","link":"https:\/\/kidsplay.lt\/lv\/products\/vezimelio-pirstines\/","title":{"rendered":"B\u0113rnu rati\u0146u cimdi"},"content":{"rendered":"<p>\u0160ilta ir prakti\u0161ka!<br \/>\nPagaminta i\u0161 labai geros kokyb\u0117s med\u017eiagos<br \/>\nJie idealiai tinka ve\u017eim\u0117liams ir rogut\u0117ms<br \/>\nU\u017esegama spaustukais, tod\u0117l lengva montuoti<br \/>\nPuikiai apsaugo rankas nuo \u0161al\u010dio ir v\u0117jo<br \/>\nTelefono ki\u0161en\u0117 leid\u017eia juo naudotis bet kuriuo metu<br \/>\nlenki\u0161kas gaminys<br \/>\nIZM\u0112RI:<\/p>\n<p>Gylis 22 cm<br \/>\nPlotis 45 cm<br \/>\nKi\u0161en\u0117 telefonui 19,5 x 10,5 cm<\/p>","protected":false},"excerpt":{"rendered":"<p>B\u0113rnu rati\u0146u cimdi<\/p>","protected":false},"featured_media":46370,"template":"","meta":{"_acf_changed":false,"_glsr_average":0,"_glsr_ranking":0,"_glsr_reviews":0},"product_brand":[],"product_cat":[328],"product_tag":[],"class_list":{"0":"post-46368","1":"product","2":"type-product","3":"status-publish","4":"has-post-thumbnail","6":"product_cat-priedai-vezimeliams","7":"\"style=\"background-color: #2ecc711c;\"","9":"first","10":"instock","11":"shipping-taxable","12":"purchasable","13":"product-type-simple"},"acf":[],"yoast_head":"<!-- This site is optimized with the Yoast SEO plugin v27.3 - https:\/\/yoast.com\/product\/yoast-seo-wordpress\/ -->\n<title>Ve\u017eim\u0117lio pir\u0161tin\u0117s - KidsPlay<\/title>\n<meta name=\"description\" content=\"\u0160ilta ir prakti\u0161ka! Pagaminta i\u0161 labai geros kokyb\u0117s med\u017eiagosJie idealiai tinka ve\u017eim\u0117liams ir rogut\u0117msU\u017esegama spaustukais, tod\u0117l lengva montuoti.\" \/>\n<meta name=\"robots\" content=\"index, follow, max-snippet:-1, max-image-preview:large, max-video-preview:-1\" \/>\n<link rel=\"canonical\" href=\"https:\/\/kidsplay.lt\/lv\/products\/vezimelio-pirstines\/\" \/>\n<meta property=\"og:locale\" content=\"lv_LV\" \/>\n<meta property=\"og:type\" content=\"article\" \/>\n<meta property=\"og:title\" content=\"Ve\u017eim\u0117lio pir\u0161tin\u0117s - KidsPlay\" \/>\n<meta property=\"og:description\" content=\"\u0160ilta ir prakti\u0161ka! Pagaminta i\u0161 labai geros kokyb\u0117s med\u017eiagosJie idealiai tinka ve\u017eim\u0117liams ir rogut\u0117msU\u017esegama spaustukais, tod\u0117l lengva montuoti.\" \/>\n<meta property=\"og:url\" content=\"https:\/\/kidsplay.lt\/lv\/products\/vezimelio-pirstines\/\" \/>\n<meta property=\"og:site_name\" content=\"KidsPlay\" \/>\n<meta property=\"article:publisher\" content=\"https:\/\/www.facebook.com\/www.kidsplay.lt\" \/>\n<meta property=\"article:modified_time\" content=\"2025-10-04T12:09:22+00:00\" \/>\n<meta property=\"og:image\" content=\"https:\/\/kidsplay.lt\/wp-content\/uploads\/2023\/10\/Mufka-Mufki-Ocieplane-Rekawiczki-do-Wozka-Welna.jpg\" \/>\n\t<meta property=\"og:image:width\" content=\"1280\" \/>\n\t<meta property=\"og:image:height\" content=\"1280\" \/>\n\t<meta property=\"og:image:type\" content=\"image\/jpeg\" \/>\n<meta name=\"twitter:card\" content=\"summary_large_image\" \/>\n<meta name=\"twitter:label1\" content=\"Est. reading time\" \/>\n\t<meta name=\"twitter:data1\" content=\"1 min\u016bte\" \/>\n<script type=\"application\/ld+json\" class=\"yoast-schema-graph\">{\"@context\":\"https:\\\/\\\/schema.org\",\"@graph\":[{\"@type\":\"WebPage\",\"@id\":\"https:\\\/\\\/kidsplay.lt\\\/produktas\\\/vezimelio-pirstines\\\/\",\"url\":\"https:\\\/\\\/kidsplay.lt\\\/produktas\\\/vezimelio-pirstines\\\/\",\"name\":\"Ve\u017eim\u0117lio pir\u0161tin\u0117s - KidsPlay\",\"isPartOf\":{\"@id\":\"https:\\\/\\\/kidsplay.lt\\\/#website\"},\"primaryImageOfPage\":{\"@id\":\"https:\\\/\\\/kidsplay.lt\\\/produktas\\\/vezimelio-pirstines\\\/#primaryimage\"},\"image\":{\"@id\":\"https:\\\/\\\/kidsplay.lt\\\/produktas\\\/vezimelio-pirstines\\\/#primaryimage\"},\"thumbnailUrl\":\"https:\\\/\\\/kidsplay.lt\\\/wp-content\\\/uploads\\\/2023\\\/10\\\/Mufka-Mufki-Ocieplane-Rekawiczki-do-Wozka-Welna.jpg\",\"datePublished\":\"2023-10-03T19:53:51+00:00\",\"dateModified\":\"2025-10-04T12:09:22+00:00\",\"description\":\"\u0160ilta ir prakti\u0161ka! Pagaminta i\u0161 labai geros kokyb\u0117s med\u017eiagosJie idealiai tinka ve\u017eim\u0117liams ir rogut\u0117msU\u017esegama spaustukais, tod\u0117l lengva montuoti.\",\"breadcrumb\":{\"@id\":\"https:\\\/\\\/kidsplay.lt\\\/produktas\\\/vezimelio-pirstines\\\/#breadcrumb\"},\"inLanguage\":\"lv-LV\",\"potentialAction\":[{\"@type\":\"ReadAction\",\"target\":[\"https:\\\/\\\/kidsplay.lt\\\/produktas\\\/vezimelio-pirstines\\\/\"]}]},{\"@type\":\"ImageObject\",\"inLanguage\":\"lv-LV\",\"@id\":\"https:\\\/\\\/kidsplay.lt\\\/produktas\\\/vezimelio-pirstines\\\/#primaryimage\",\"url\":\"https:\\\/\\\/kidsplay.lt\\\/wp-content\\\/uploads\\\/2023\\\/10\\\/Mufka-Mufki-Ocieplane-Rekawiczki-do-Wozka-Welna.jpg\",\"contentUrl\":\"https:\\\/\\\/kidsplay.lt\\\/wp-content\\\/uploads\\\/2023\\\/10\\\/Mufka-Mufki-Ocieplane-Rekawiczki-do-Wozka-Welna.jpg\",\"width\":1280,\"height\":1280},{\"@type\":\"BreadcrumbList\",\"@id\":\"https:\\\/\\\/kidsplay.lt\\\/produktas\\\/vezimelio-pirstines\\\/#breadcrumb\",\"itemListElement\":[{\"@type\":\"ListItem\",\"position\":1,\"name\":\"Pagrindinis\",\"item\":\"https:\\\/\\\/kidsplay.lt\\\/\"},{\"@type\":\"ListItem\",\"position\":2,\"name\":\"Parduotuv\u0117\",\"item\":\"https:\\\/\\\/kidsplay.lt\\\/parduotuve\\\/\"},{\"@type\":\"ListItem\",\"position\":3,\"name\":\"Ve\u017eim\u0117lio pir\u0161tin\u0117s\"}]},{\"@type\":\"WebSite\",\"@id\":\"https:\\\/\\\/kidsplay.lt\\\/#website\",\"url\":\"https:\\\/\\\/kidsplay.lt\\\/\",\"name\":\"Kidsplay.lt\",\"description\":\"\u012evairios prek\u0117s vaikams\",\"publisher\":{\"@id\":\"https:\\\/\\\/kidsplay.lt\\\/#organization\"},\"alternateName\":\"Kidsplay\",\"potentialAction\":[{\"@type\":\"SearchAction\",\"target\":{\"@type\":\"EntryPoint\",\"urlTemplate\":\"https:\\\/\\\/kidsplay.lt\\\/?s={search_term_string}\"},\"query-input\":{\"@type\":\"PropertyValueSpecification\",\"valueRequired\":true,\"valueName\":\"search_term_string\"}}],\"inLanguage\":\"lv-LV\"},{\"@type\":\"Organization\",\"@id\":\"https:\\\/\\\/kidsplay.lt\\\/#organization\",\"name\":\"KidsPlay\",\"url\":\"https:\\\/\\\/kidsplay.lt\\\/\",\"logo\":{\"@type\":\"ImageObject\",\"inLanguage\":\"lv-LV\",\"@id\":\"https:\\\/\\\/kidsplay.lt\\\/#\\\/schema\\\/logo\\\/image\\\/\",\"url\":\"https:\\\/\\\/kidsplay.lt\\\/wp-content\\\/uploads\\\/2023\\\/07\\\/kidsplay-logo.png\",\"contentUrl\":\"https:\\\/\\\/kidsplay.lt\\\/wp-content\\\/uploads\\\/2023\\\/07\\\/kidsplay-logo.png\",\"width\":451,\"height\":98,\"caption\":\"KidsPlay\"},\"image\":{\"@id\":\"https:\\\/\\\/kidsplay.lt\\\/#\\\/schema\\\/logo\\\/image\\\/\"},\"sameAs\":[\"https:\\\/\\\/www.facebook.com\\\/www.kidsplay.lt\"]}]}<\/script>\n<!-- \/ Yoast SEO plugin. -->","yoast_head_json":{"title":"Ve\u017eim\u0117lio pir\u0161tin\u0117s - KidsPlay","description":"\u0160ilta ir prakti\u0161ka! Pagaminta i\u0161 labai geros kokyb\u0117s med\u017eiagosJie idealiai tinka ve\u017eim\u0117liams ir rogut\u0117msU\u017esegama spaustukais, tod\u0117l lengva montuoti.","robots":{"index":"index","follow":"follow","max-snippet":"max-snippet:-1","max-image-preview":"max-image-preview:large","max-video-preview":"max-video-preview:-1"},"canonical":"https:\/\/kidsplay.lt\/lv\/products\/vezimelio-pirstines\/","og_locale":"lv_LV","og_type":"article","og_title":"Ve\u017eim\u0117lio pir\u0161tin\u0117s - KidsPlay","og_description":"\u0160ilta ir prakti\u0161ka! Pagaminta i\u0161 labai geros kokyb\u0117s med\u017eiagosJie idealiai tinka ve\u017eim\u0117liams ir rogut\u0117msU\u017esegama spaustukais, tod\u0117l lengva montuoti.","og_url":"https:\/\/kidsplay.lt\/lv\/products\/vezimelio-pirstines\/","og_site_name":"KidsPlay","article_publisher":"https:\/\/www.facebook.com\/www.kidsplay.lt","article_modified_time":"2025-10-04T12:09:22+00:00","og_image":[{"width":1280,"height":1280,"url":"https:\/\/kidsplay.lt\/wp-content\/uploads\/2023\/10\/Mufka-Mufki-Ocieplane-Rekawiczki-do-Wozka-Welna.jpg","type":"image\/jpeg"}],"twitter_card":"summary_large_image","twitter_misc":{"Est. reading time":"1 min\u016bte"},"schema":{"@context":"https:\/\/schema.org","@graph":[{"@type":"WebPage","@id":"https:\/\/kidsplay.lt\/produktas\/vezimelio-pirstines\/","url":"https:\/\/kidsplay.lt\/produktas\/vezimelio-pirstines\/","name":"Ve\u017eim\u0117lio pir\u0161tin\u0117s - KidsPlay","isPartOf":{"@id":"https:\/\/kidsplay.lt\/#website"},"primaryImageOfPage":{"@id":"https:\/\/kidsplay.lt\/produktas\/vezimelio-pirstines\/#primaryimage"},"image":{"@id":"https:\/\/kidsplay.lt\/produktas\/vezimelio-pirstines\/#primaryimage"},"thumbnailUrl":"https:\/\/kidsplay.lt\/wp-content\/uploads\/2023\/10\/Mufka-Mufki-Ocieplane-Rekawiczki-do-Wozka-Welna.jpg","datePublished":"2023-10-03T19:53:51+00:00","dateModified":"2025-10-04T12:09:22+00:00","description":"\u0160ilta ir prakti\u0161ka! Pagaminta i\u0161 labai geros kokyb\u0117s med\u017eiagosJie idealiai tinka ve\u017eim\u0117liams ir rogut\u0117msU\u017esegama spaustukais, tod\u0117l lengva montuoti.","breadcrumb":{"@id":"https:\/\/kidsplay.lt\/produktas\/vezimelio-pirstines\/#breadcrumb"},"inLanguage":"lv-LV","potentialAction":[{"@type":"ReadAction","target":["https:\/\/kidsplay.lt\/produktas\/vezimelio-pirstines\/"]}]},{"@type":"ImageObject","inLanguage":"lv-LV","@id":"https:\/\/kidsplay.lt\/produktas\/vezimelio-pirstines\/#primaryimage","url":"https:\/\/kidsplay.lt\/wp-content\/uploads\/2023\/10\/Mufka-Mufki-Ocieplane-Rekawiczki-do-Wozka-Welna.jpg","contentUrl":"https:\/\/kidsplay.lt\/wp-content\/uploads\/2023\/10\/Mufka-Mufki-Ocieplane-Rekawiczki-do-Wozka-Welna.jpg","width":1280,"height":1280},{"@type":"BreadcrumbList","@id":"https:\/\/kidsplay.lt\/produktas\/vezimelio-pirstines\/#breadcrumb","itemListElement":[{"@type":"ListItem","position":1,"name":"Pagrindinis","item":"https:\/\/kidsplay.lt\/"},{"@type":"ListItem","position":2,"name":"Parduotuv\u0117","item":"https:\/\/kidsplay.lt\/parduotuve\/"},{"@type":"ListItem","position":3,"name":"Ve\u017eim\u0117lio pir\u0161tin\u0117s"}]},{"@type":"WebSite","@id":"https:\/\/kidsplay.lt\/#website","url":"https:\/\/kidsplay.lt\/","name":"B\u0113rnu sp\u0113les.lv","description":"\u012evairios prek\u0117s vaikams","publisher":{"@id":"https:\/\/kidsplay.lt\/#organization"},"alternateName":"Kidsplay","potentialAction":[{"@type":"SearchAction","target":{"@type":"EntryPoint","urlTemplate":"https:\/\/kidsplay.lt\/?s={search_term_string}"},"query-input":{"@type":"PropertyValueSpecification","valueRequired":true,"valueName":"search_term_string"}}],"inLanguage":"lv-LV"},{"@type":"Organization","@id":"https:\/\/kidsplay.lt\/#organization","name":"B\u0113rnu sp\u0113le","url":"https:\/\/kidsplay.lt\/","logo":{"@type":"ImageObject","inLanguage":"lv-LV","@id":"https:\/\/kidsplay.lt\/#\/schema\/logo\/image\/","url":"https:\/\/kidsplay.lt\/wp-content\/uploads\/2023\/07\/kidsplay-logo.png","contentUrl":"https:\/\/kidsplay.lt\/wp-content\/uploads\/2023\/07\/kidsplay-logo.png","width":451,"height":98,"caption":"KidsPlay"},"image":{"@id":"https:\/\/kidsplay.lt\/#\/schema\/logo\/image\/"},"sameAs":["https:\/\/www.facebook.com\/www.kidsplay.lt"]}]}},"_links":{"self":[{"href":"https:\/\/kidsplay.lt\/lv\/wp-json\/wp\/v2\/product\/46368","targetHints":{"allow":["GET"]}}],"collection":[{"href":"https:\/\/kidsplay.lt\/lv\/wp-json\/wp\/v2\/product"}],"about":[{"href":"https:\/\/kidsplay.lt\/lv\/wp-json\/wp\/v2\/types\/product"}],"version-history":[{"count":2,"href":"https:\/\/kidsplay.lt\/lv\/wp-json\/wp\/v2\/product\/46368\/revisions"}],"predecessor-version":[{"id":74298,"href":"https:\/\/kidsplay.lt\/lv\/wp-json\/wp\/v2\/product\/46368\/revisions\/74298"}],"wp:featuredmedia":[{"embeddable":true,"href":"https:\/\/kidsplay.lt\/lv\/wp-json\/wp\/v2\/media\/46370"}],"wp:attachment":[{"href":"https:\/\/kidsplay.lt\/lv\/wp-json\/wp\/v2\/media?parent=46368"}],"wp:term":[{"taxonomy":"product_brand","embeddable":true,"href":"https:\/\/kidsplay.lt\/lv\/wp-json\/wp\/v2\/product_brand?post=46368"},{"taxonomy":"product_cat","embeddable":true,"href":"https:\/\/kidsplay.lt\/lv\/wp-json\/wp\/v2\/product_cat?post=46368"},{"taxonomy":"product_tag","embeddable":true,"href":"https:\/\/kidsplay.lt\/lv\/wp-json\/wp\/v2\/product_tag?post=46368"}],"curies":[{"name":"wp","href":"https:\/\/api.w.org\/{rel}","templated":true}]}}