{"id":46689,"date":"2023-10-09T19:06:33","date_gmt":"2023-10-09T16:06:33","guid":{"rendered":"https:\/\/kidsplay.lt\/?post_type=product&#038;p=46689"},"modified":"2025-12-24T09:19:37","modified_gmt":"2025-12-24T07:19:37","slug":"mokomasis-kilimelis-ricokids-boho-110-x-100-cm","status":"publish","type":"product","link":"https:\/\/kidsplay.lt\/lv\/products\/mokomasis-kilimelis-ricokids-boho-110-x-100-cm\/","title":{"rendered":"Izgl\u012btojo\u0161ais pakl\u0101ji\u0146\u0161 Ricokids Boho 110 x 100 cm"},"content":{"rendered":"<p>7 daugiafunkciniai original\u016bs \u017eaislai, galimyb\u0117 i\u0161skleisti kilim\u0117l\u012f 3 deriniais, mink\u0161tas, neslidus, puikiai izoliuojantis dugnas, lengvai plaunama ir labai maloni liesti med\u017eiaga, originalios spalvos, skatinan\u010dios vaiko vystym\u0105si.<\/p>\n<p>Vienas produktas, daug galimybi\u0173 labai lengvas ir greitas surinkimas, visi elementai gali b\u016bti laisvai judinami,\u00a0 didelis dydis &#8211; suteikia komfort\u0105 ir patogum\u0105.<\/p>\n<p>\u017daisti ant kilim\u0117lio rei\u0161kia tuo pa\u010diu pa\u017einti draugi\u0161k\u0173 gyv\u016bn\u0173 karalyst\u0119. Naminiai gyv\u016bnai ir glob\u0117jai u\u017etikrina ger\u0105 ir saugi\u0105 pramog\u0105.<\/p>\n<p>Jie lavina vaizduot\u0119 ir padaro vis\u0105 kilim\u0117l\u012f tikrai unikal\u0173.<\/p>\n<p>Ricokids kilim\u0117lis \u2013 tai saugios \u017eaidim\u0173 erdv\u0117s derinys, turintis ne\u012fkainojam\u0105 \u012ftak\u0105 vaiko motorikos vystymuisi nuo pirm\u0173j\u0173 dien\u0173.<\/p>","protected":false},"excerpt":{"rendered":"<p>Izgl\u012btojo\u0161ais pakl\u0101ji\u0146\u0161 Ricokids Boho 110 x 100 cm<\/p>","protected":false},"featured_media":46695,"template":"","meta":{"_acf_changed":false,"_glsr_average":0,"_glsr_ranking":0,"_glsr_reviews":0},"product_brand":[],"product_cat":[887],"product_tag":[],"class_list":{"0":"post-46689","1":"product","2":"type-product","3":"status-publish","4":"has-post-thumbnail","6":"product_cat-sensoriniai-kilimeliai-kudikiams","7":"\"style=\"background-color: #2ecc711c;\"","9":"first","10":"instock","11":"shipping-taxable","12":"purchasable","13":"product-type-simple"},"acf":[],"yoast_head":"<!-- This site is optimized with the Yoast SEO plugin v27.3 - https:\/\/yoast.com\/product\/yoast-seo-wordpress\/ -->\n<title>Mokomasis kilim\u0117lis Ricokids Boho 110 x 100 cm - KidsPlay<\/title>\n<meta name=\"description\" content=\"Vienas produktas, daug galimybi\u0173 labai lengvas ir greitas surinkimas, visi elementai gali b\u016bti laisvai judinami,\u00a0 didelis dydis - suteikia komfort\u0105 ir patogum\u0105.\" \/>\n<meta name=\"robots\" content=\"index, follow, max-snippet:-1, max-image-preview:large, max-video-preview:-1\" \/>\n<link rel=\"canonical\" href=\"https:\/\/kidsplay.lt\/lv\/products\/mokomasis-kilimelis-ricokids-boho-110-x-100-cm\/\" \/>\n<meta property=\"og:locale\" content=\"lv_LV\" \/>\n<meta property=\"og:type\" content=\"article\" \/>\n<meta property=\"og:title\" content=\"Mokomasis kilim\u0117lis Ricokids Boho 110 x 100 cm - KidsPlay\" \/>\n<meta property=\"og:description\" content=\"Vienas produktas, daug galimybi\u0173 labai lengvas ir greitas surinkimas, visi elementai gali b\u016bti laisvai judinami,\u00a0 didelis dydis - suteikia komfort\u0105 ir patogum\u0105.\" \/>\n<meta property=\"og:url\" content=\"https:\/\/kidsplay.lt\/lv\/products\/mokomasis-kilimelis-ricokids-boho-110-x-100-cm\/\" \/>\n<meta property=\"og:site_name\" content=\"KidsPlay\" \/>\n<meta property=\"article:publisher\" content=\"https:\/\/www.facebook.com\/www.kidsplay.lt\" \/>\n<meta property=\"article:modified_time\" content=\"2025-12-24T07:19:37+00:00\" \/>\n<meta property=\"og:image\" content=\"https:\/\/kidsplay.lt\/wp-content\/uploads\/2023\/10\/DUZA-MATA-EDUKACYJNA-INTERAKTYWNA-MIEKKA-GRATIS.jpg\" \/>\n\t<meta property=\"og:image:width\" content=\"2500\" \/>\n\t<meta property=\"og:image:height\" content=\"2500\" \/>\n\t<meta property=\"og:image:type\" content=\"image\/jpeg\" \/>\n<meta name=\"twitter:card\" content=\"summary_large_image\" \/>\n<meta name=\"twitter:label1\" content=\"Est. reading time\" \/>\n\t<meta name=\"twitter:data1\" content=\"1 min\u016bte\" \/>\n<script type=\"application\/ld+json\" class=\"yoast-schema-graph\">{\"@context\":\"https:\\\/\\\/schema.org\",\"@graph\":[{\"@type\":\"WebPage\",\"@id\":\"https:\\\/\\\/kidsplay.lt\\\/produktas\\\/mokomasis-kilimelis-ricokids-boho-110-x-100-cm\\\/\",\"url\":\"https:\\\/\\\/kidsplay.lt\\\/produktas\\\/mokomasis-kilimelis-ricokids-boho-110-x-100-cm\\\/\",\"name\":\"Mokomasis kilim\u0117lis Ricokids Boho 110 x 100 cm - KidsPlay\",\"isPartOf\":{\"@id\":\"https:\\\/\\\/kidsplay.lt\\\/#website\"},\"primaryImageOfPage\":{\"@id\":\"https:\\\/\\\/kidsplay.lt\\\/produktas\\\/mokomasis-kilimelis-ricokids-boho-110-x-100-cm\\\/#primaryimage\"},\"image\":{\"@id\":\"https:\\\/\\\/kidsplay.lt\\\/produktas\\\/mokomasis-kilimelis-ricokids-boho-110-x-100-cm\\\/#primaryimage\"},\"thumbnailUrl\":\"https:\\\/\\\/kidsplay.lt\\\/wp-content\\\/uploads\\\/2023\\\/10\\\/DUZA-MATA-EDUKACYJNA-INTERAKTYWNA-MIEKKA-GRATIS.jpg\",\"datePublished\":\"2023-10-09T16:06:33+00:00\",\"dateModified\":\"2025-12-24T07:19:37+00:00\",\"description\":\"Vienas produktas, daug galimybi\u0173 labai lengvas ir greitas surinkimas, visi elementai gali b\u016bti laisvai judinami,\u00a0 didelis dydis - suteikia komfort\u0105 ir patogum\u0105.\",\"breadcrumb\":{\"@id\":\"https:\\\/\\\/kidsplay.lt\\\/produktas\\\/mokomasis-kilimelis-ricokids-boho-110-x-100-cm\\\/#breadcrumb\"},\"inLanguage\":\"lv-LV\",\"potentialAction\":[{\"@type\":\"ReadAction\",\"target\":[\"https:\\\/\\\/kidsplay.lt\\\/produktas\\\/mokomasis-kilimelis-ricokids-boho-110-x-100-cm\\\/\"]}]},{\"@type\":\"ImageObject\",\"inLanguage\":\"lv-LV\",\"@id\":\"https:\\\/\\\/kidsplay.lt\\\/produktas\\\/mokomasis-kilimelis-ricokids-boho-110-x-100-cm\\\/#primaryimage\",\"url\":\"https:\\\/\\\/kidsplay.lt\\\/wp-content\\\/uploads\\\/2023\\\/10\\\/DUZA-MATA-EDUKACYJNA-INTERAKTYWNA-MIEKKA-GRATIS.jpg\",\"contentUrl\":\"https:\\\/\\\/kidsplay.lt\\\/wp-content\\\/uploads\\\/2023\\\/10\\\/DUZA-MATA-EDUKACYJNA-INTERAKTYWNA-MIEKKA-GRATIS.jpg\",\"width\":2500,\"height\":2500},{\"@type\":\"BreadcrumbList\",\"@id\":\"https:\\\/\\\/kidsplay.lt\\\/produktas\\\/mokomasis-kilimelis-ricokids-boho-110-x-100-cm\\\/#breadcrumb\",\"itemListElement\":[{\"@type\":\"ListItem\",\"position\":1,\"name\":\"Pagrindinis\",\"item\":\"https:\\\/\\\/kidsplay.lt\\\/\"},{\"@type\":\"ListItem\",\"position\":2,\"name\":\"Parduotuv\u0117\",\"item\":\"https:\\\/\\\/kidsplay.lt\\\/parduotuve\\\/\"},{\"@type\":\"ListItem\",\"position\":3,\"name\":\"Mokomasis kilim\u0117lis Ricokids Boho 110 x 100 cm\"}]},{\"@type\":\"WebSite\",\"@id\":\"https:\\\/\\\/kidsplay.lt\\\/#website\",\"url\":\"https:\\\/\\\/kidsplay.lt\\\/\",\"name\":\"Kidsplay.lt\",\"description\":\"\u012evairios prek\u0117s vaikams\",\"publisher\":{\"@id\":\"https:\\\/\\\/kidsplay.lt\\\/#organization\"},\"alternateName\":\"Kidsplay\",\"potentialAction\":[{\"@type\":\"SearchAction\",\"target\":{\"@type\":\"EntryPoint\",\"urlTemplate\":\"https:\\\/\\\/kidsplay.lt\\\/?s={search_term_string}\"},\"query-input\":{\"@type\":\"PropertyValueSpecification\",\"valueRequired\":true,\"valueName\":\"search_term_string\"}}],\"inLanguage\":\"lv-LV\"},{\"@type\":\"Organization\",\"@id\":\"https:\\\/\\\/kidsplay.lt\\\/#organization\",\"name\":\"KidsPlay\",\"url\":\"https:\\\/\\\/kidsplay.lt\\\/\",\"logo\":{\"@type\":\"ImageObject\",\"inLanguage\":\"lv-LV\",\"@id\":\"https:\\\/\\\/kidsplay.lt\\\/#\\\/schema\\\/logo\\\/image\\\/\",\"url\":\"https:\\\/\\\/kidsplay.lt\\\/wp-content\\\/uploads\\\/2023\\\/07\\\/kidsplay-logo.png\",\"contentUrl\":\"https:\\\/\\\/kidsplay.lt\\\/wp-content\\\/uploads\\\/2023\\\/07\\\/kidsplay-logo.png\",\"width\":451,\"height\":98,\"caption\":\"KidsPlay\"},\"image\":{\"@id\":\"https:\\\/\\\/kidsplay.lt\\\/#\\\/schema\\\/logo\\\/image\\\/\"},\"sameAs\":[\"https:\\\/\\\/www.facebook.com\\\/www.kidsplay.lt\"]}]}<\/script>\n<!-- \/ Yoast SEO plugin. -->","yoast_head_json":{"title":"Mokomasis kilim\u0117lis Ricokids Boho 110 x 100 cm - KidsPlay","description":"Vienas produktas, daug galimybi\u0173 labai lengvas ir greitas surinkimas, visi elementai gali b\u016bti laisvai judinami,\u00a0 didelis dydis - suteikia komfort\u0105 ir patogum\u0105.","robots":{"index":"index","follow":"follow","max-snippet":"max-snippet:-1","max-image-preview":"max-image-preview:large","max-video-preview":"max-video-preview:-1"},"canonical":"https:\/\/kidsplay.lt\/lv\/products\/mokomasis-kilimelis-ricokids-boho-110-x-100-cm\/","og_locale":"lv_LV","og_type":"article","og_title":"Mokomasis kilim\u0117lis Ricokids Boho 110 x 100 cm - KidsPlay","og_description":"Vienas produktas, daug galimybi\u0173 labai lengvas ir greitas surinkimas, visi elementai gali b\u016bti laisvai judinami,\u00a0 didelis dydis - suteikia komfort\u0105 ir patogum\u0105.","og_url":"https:\/\/kidsplay.lt\/lv\/products\/mokomasis-kilimelis-ricokids-boho-110-x-100-cm\/","og_site_name":"KidsPlay","article_publisher":"https:\/\/www.facebook.com\/www.kidsplay.lt","article_modified_time":"2025-12-24T07:19:37+00:00","og_image":[{"width":2500,"height":2500,"url":"https:\/\/kidsplay.lt\/wp-content\/uploads\/2023\/10\/DUZA-MATA-EDUKACYJNA-INTERAKTYWNA-MIEKKA-GRATIS.jpg","type":"image\/jpeg"}],"twitter_card":"summary_large_image","twitter_misc":{"Est. reading time":"1 min\u016bte"},"schema":{"@context":"https:\/\/schema.org","@graph":[{"@type":"WebPage","@id":"https:\/\/kidsplay.lt\/produktas\/mokomasis-kilimelis-ricokids-boho-110-x-100-cm\/","url":"https:\/\/kidsplay.lt\/produktas\/mokomasis-kilimelis-ricokids-boho-110-x-100-cm\/","name":"Mokomasis kilim\u0117lis Ricokids Boho 110 x 100 cm - KidsPlay","isPartOf":{"@id":"https:\/\/kidsplay.lt\/#website"},"primaryImageOfPage":{"@id":"https:\/\/kidsplay.lt\/produktas\/mokomasis-kilimelis-ricokids-boho-110-x-100-cm\/#primaryimage"},"image":{"@id":"https:\/\/kidsplay.lt\/produktas\/mokomasis-kilimelis-ricokids-boho-110-x-100-cm\/#primaryimage"},"thumbnailUrl":"https:\/\/kidsplay.lt\/wp-content\/uploads\/2023\/10\/DUZA-MATA-EDUKACYJNA-INTERAKTYWNA-MIEKKA-GRATIS.jpg","datePublished":"2023-10-09T16:06:33+00:00","dateModified":"2025-12-24T07:19:37+00:00","description":"Vienas produktas, daug galimybi\u0173 labai lengvas ir greitas surinkimas, visi elementai gali b\u016bti laisvai judinami,\u00a0 didelis dydis - suteikia komfort\u0105 ir patogum\u0105.","breadcrumb":{"@id":"https:\/\/kidsplay.lt\/produktas\/mokomasis-kilimelis-ricokids-boho-110-x-100-cm\/#breadcrumb"},"inLanguage":"lv-LV","potentialAction":[{"@type":"ReadAction","target":["https:\/\/kidsplay.lt\/produktas\/mokomasis-kilimelis-ricokids-boho-110-x-100-cm\/"]}]},{"@type":"ImageObject","inLanguage":"lv-LV","@id":"https:\/\/kidsplay.lt\/produktas\/mokomasis-kilimelis-ricokids-boho-110-x-100-cm\/#primaryimage","url":"https:\/\/kidsplay.lt\/wp-content\/uploads\/2023\/10\/DUZA-MATA-EDUKACYJNA-INTERAKTYWNA-MIEKKA-GRATIS.jpg","contentUrl":"https:\/\/kidsplay.lt\/wp-content\/uploads\/2023\/10\/DUZA-MATA-EDUKACYJNA-INTERAKTYWNA-MIEKKA-GRATIS.jpg","width":2500,"height":2500},{"@type":"BreadcrumbList","@id":"https:\/\/kidsplay.lt\/produktas\/mokomasis-kilimelis-ricokids-boho-110-x-100-cm\/#breadcrumb","itemListElement":[{"@type":"ListItem","position":1,"name":"Pagrindinis","item":"https:\/\/kidsplay.lt\/"},{"@type":"ListItem","position":2,"name":"Parduotuv\u0117","item":"https:\/\/kidsplay.lt\/parduotuve\/"},{"@type":"ListItem","position":3,"name":"Mokomasis kilim\u0117lis Ricokids Boho 110 x 100 cm"}]},{"@type":"WebSite","@id":"https:\/\/kidsplay.lt\/#website","url":"https:\/\/kidsplay.lt\/","name":"B\u0113rnu sp\u0113les.lv","description":"\u012evairios prek\u0117s vaikams","publisher":{"@id":"https:\/\/kidsplay.lt\/#organization"},"alternateName":"Kidsplay","potentialAction":[{"@type":"SearchAction","target":{"@type":"EntryPoint","urlTemplate":"https:\/\/kidsplay.lt\/?s={search_term_string}"},"query-input":{"@type":"PropertyValueSpecification","valueRequired":true,"valueName":"search_term_string"}}],"inLanguage":"lv-LV"},{"@type":"Organization","@id":"https:\/\/kidsplay.lt\/#organization","name":"B\u0113rnu sp\u0113le","url":"https:\/\/kidsplay.lt\/","logo":{"@type":"ImageObject","inLanguage":"lv-LV","@id":"https:\/\/kidsplay.lt\/#\/schema\/logo\/image\/","url":"https:\/\/kidsplay.lt\/wp-content\/uploads\/2023\/07\/kidsplay-logo.png","contentUrl":"https:\/\/kidsplay.lt\/wp-content\/uploads\/2023\/07\/kidsplay-logo.png","width":451,"height":98,"caption":"KidsPlay"},"image":{"@id":"https:\/\/kidsplay.lt\/#\/schema\/logo\/image\/"},"sameAs":["https:\/\/www.facebook.com\/www.kidsplay.lt"]}]}},"_links":{"self":[{"href":"https:\/\/kidsplay.lt\/lv\/wp-json\/wp\/v2\/product\/46689","targetHints":{"allow":["GET"]}}],"collection":[{"href":"https:\/\/kidsplay.lt\/lv\/wp-json\/wp\/v2\/product"}],"about":[{"href":"https:\/\/kidsplay.lt\/lv\/wp-json\/wp\/v2\/types\/product"}],"version-history":[{"count":3,"href":"https:\/\/kidsplay.lt\/lv\/wp-json\/wp\/v2\/product\/46689\/revisions"}],"predecessor-version":[{"id":74363,"href":"https:\/\/kidsplay.lt\/lv\/wp-json\/wp\/v2\/product\/46689\/revisions\/74363"}],"wp:featuredmedia":[{"embeddable":true,"href":"https:\/\/kidsplay.lt\/lv\/wp-json\/wp\/v2\/media\/46695"}],"wp:attachment":[{"href":"https:\/\/kidsplay.lt\/lv\/wp-json\/wp\/v2\/media?parent=46689"}],"wp:term":[{"taxonomy":"product_brand","embeddable":true,"href":"https:\/\/kidsplay.lt\/lv\/wp-json\/wp\/v2\/product_brand?post=46689"},{"taxonomy":"product_cat","embeddable":true,"href":"https:\/\/kidsplay.lt\/lv\/wp-json\/wp\/v2\/product_cat?post=46689"},{"taxonomy":"product_tag","embeddable":true,"href":"https:\/\/kidsplay.lt\/lv\/wp-json\/wp\/v2\/product_tag?post=46689"}],"curies":[{"name":"wp","href":"https:\/\/api.w.org\/{rel}","templated":true}]}}