{"id":46699,"date":"2023-10-09T19:21:29","date_gmt":"2023-10-09T16:21:29","guid":{"rendered":"https:\/\/kidsplay.lt\/?post_type=product&#038;p=46699"},"modified":"2025-12-24T09:19:58","modified_gmt":"2025-12-24T07:19:58","slug":"automobiline-kedute-lionelo-hugo-isofix-15-36-kg","status":"publish","type":"product","link":"https:\/\/kidsplay.lt\/lv\/products\/automobiline-kedute-lionelo-hugo-isofix-15-36-kg\/","title":{"rendered":"Automobilin\u0117 k\u0117dut\u0117 Lionelo Hugo Isofix 15-36 kg"},"content":{"rendered":"<p>Atitinka grie\u017et\u0105 i-Size standart\u0105<br \/>\nAuk\u0161tis 100-150 cm<br \/>\nMontavimas naudojant ISOFIX sistem\u0105 ir 3 ta\u0161k\u0173 automobilio saugos dir\u017eus<br \/>\n8 pakop\u0173 galvos atramos auk\u0161\u010dio reguliavimas<br \/>\nPlati, patogi s\u0117dyn\u0117<br \/>\nVisa s\u0117dyn\u0117 padengta EPE putomis<br \/>\nJis auga kartu su vaiku<br \/>\nPa\u017eangi \u0161onin\u0117 apsauga<br \/>\nSustiprinta galvos atrama su atminties putomis<br \/>\nFWF montavimas &#8211; nukreiptas \u012f priek\u012f<br \/>\nNuimamas, skalbiamas apmu\u0161alas<br \/>\nGalimyb\u0117 naudoti stov\u0105 vaikams nuo 135 cm \u016bgio<br \/>\nLionelo HUGO ISOFIX autok\u0117dut\u0117 15-36 kg<br \/>\nAtitinka grie\u017et\u0105 i-Size standart\u0105<br \/>\n\u201eI-Size\u201c yra naujausias automobili\u0173 s\u0117dyni\u0173 patvirtinimas, kuris \u017eymiai pagerina keleivi\u0173 saugum\u0105. Jis pagr\u012fstas daugelio met\u0173 tyrimais ir bandymais.<\/p>\n<p>Pagrindiniai \u201ei-Size\u201c patvirtinimo standartai:<\/p>\n<p>Grie\u017eti susid\u016brimo testai \u2013 kiekviena \u201ei-Size\u201c s\u0117dyn\u0117 turi i\u0161laikyti grie\u017etus susid\u016brimo testus \u2013 priekin\u0119, galin\u0119 ir \u0161onin\u0119.<br \/>\nGeriau priglunda \u2013 i-Size k\u0117dut\u0117s parenkamos pagal vaiko \u016bg\u012f, o ne svor\u012f.<br \/>\nSaugus montavimas \u2013 i-Size standartas pabr\u0117\u017eia s\u0117dyni\u0173 montavim\u0105 naudojant ISOFIX sistem\u0105.<\/p>\n<p>Auk\u0161\u010diausias saugos standartas<br \/>\nSustiprinta galvos atrama i\u0161 PP plastiko apsaugo vaiko galv\u0105 ir kakl\u0105 nuo traum\u0173. Naudojamas Memory Foam d\u0117l didelio elastingumo puikiai sugeria perkrovas, u\u017etikrindamas auk\u0161\u010diausi\u0105 apsaugos lyg\u012f.<br \/>\nLionelo HUGO ISOFIX autok\u0117dut\u0117 15-36 kg Modelis Oda Juoda<br \/>\n\u0160onuose sustiprinta papildoma \u0161onin\u0117 apsauga sugeria sm\u016bgio j\u0117g\u0105. Pagalv\u0117 ant galvos atramos palaiko kakl\u0105 ir apsaugo vaiko galv\u0105.<br \/>\nGili s\u0117dyn\u0117 \u2013 platus atlo\u0161as ir papildomas putplas\u010dio u\u017epildas u\u017etikrina komfort\u0105 ir saugum\u0105<\/p>","protected":false},"excerpt":{"rendered":"<p>Automobilin\u0117 k\u0117dut\u0117 Lionelo Hugo Isofix 15-36 kg<\/p>","protected":false},"featured_media":46701,"template":"","meta":{"_acf_changed":false,"_glsr_average":0,"_glsr_ranking":0,"_glsr_reviews":0},"product_brand":[],"product_cat":[242,241],"product_tag":[],"class_list":{"0":"post-46699","1":"product","2":"type-product","3":"status-publish","4":"has-post-thumbnail","6":"product_cat-15-36-kg","7":"product_cat-automobilines-kedutes","8":"\"style=\"background-color: #2ecc711c;\"","10":"first","11":"instock","12":"shipping-taxable","13":"purchasable","14":"product-type-simple"},"acf":[],"yoast_head":"<!-- This site is optimized with the Yoast SEO plugin v27.4 - https:\/\/yoast.com\/product\/yoast-seo-wordpress\/ -->\n<title>Automobilin\u0117 k\u0117dut\u0117 Lionelo Hugo Isofix 15-36 kg - KidsPlay<\/title>\n<meta name=\"description\" content=\"M\u016bs\u0173 nuotykiai kartu nesibaigia \u012fsigyjant automobilin\u0119 k\u0117dut\u0119. Tai tik prad\u017eia.\" \/>\n<meta name=\"robots\" content=\"index, follow, max-snippet:-1, max-image-preview:large, max-video-preview:-1\" \/>\n<link rel=\"canonical\" href=\"https:\/\/kidsplay.lt\/lv\/products\/automobiline-kedute-lionelo-hugo-isofix-15-36-kg\/\" \/>\n<meta property=\"og:locale\" content=\"lv_LV\" \/>\n<meta property=\"og:type\" content=\"article\" \/>\n<meta property=\"og:title\" content=\"Automobilin\u0117 k\u0117dut\u0117 Lionelo Hugo Isofix 15-36 kg - KidsPlay\" \/>\n<meta property=\"og:description\" content=\"M\u016bs\u0173 nuotykiai kartu nesibaigia \u012fsigyjant automobilin\u0119 k\u0117dut\u0119. Tai tik prad\u017eia.\" \/>\n<meta property=\"og:url\" content=\"https:\/\/kidsplay.lt\/lv\/products\/automobiline-kedute-lionelo-hugo-isofix-15-36-kg\/\" \/>\n<meta property=\"og:site_name\" content=\"KidsPlay\" \/>\n<meta property=\"article:publisher\" content=\"https:\/\/www.facebook.com\/www.kidsplay.lt\" \/>\n<meta property=\"article:modified_time\" content=\"2025-12-24T07:19:58+00:00\" \/>\n<meta property=\"og:image\" content=\"https:\/\/kidsplay.lt\/wp-content\/uploads\/2023\/10\/Fotelik-samochodowy-Lionelo-HUGO-ISOFIX-15-36-kg-800x800.jpg\" \/>\n\t<meta property=\"og:image:width\" content=\"800\" \/>\n\t<meta property=\"og:image:height\" content=\"800\" \/>\n\t<meta property=\"og:image:type\" content=\"image\/jpeg\" \/>\n<meta name=\"twitter:card\" content=\"summary_large_image\" \/>\n<meta name=\"twitter:label1\" content=\"Est. reading time\" \/>\n\t<meta name=\"twitter:data1\" content=\"2 min\u016btes\" \/>\n<script type=\"application\/ld+json\" class=\"yoast-schema-graph\">{\"@context\":\"https:\\\/\\\/schema.org\",\"@graph\":[{\"@type\":\"WebPage\",\"@id\":\"https:\\\/\\\/kidsplay.lt\\\/produktas\\\/automobiline-kedute-lionelo-hugo-isofix-15-36-kg\\\/\",\"url\":\"https:\\\/\\\/kidsplay.lt\\\/produktas\\\/automobiline-kedute-lionelo-hugo-isofix-15-36-kg\\\/\",\"name\":\"Automobilin\u0117 k\u0117dut\u0117 Lionelo Hugo Isofix 15-36 kg - KidsPlay\",\"isPartOf\":{\"@id\":\"https:\\\/\\\/kidsplay.lt\\\/#website\"},\"primaryImageOfPage\":{\"@id\":\"https:\\\/\\\/kidsplay.lt\\\/produktas\\\/automobiline-kedute-lionelo-hugo-isofix-15-36-kg\\\/#primaryimage\"},\"image\":{\"@id\":\"https:\\\/\\\/kidsplay.lt\\\/produktas\\\/automobiline-kedute-lionelo-hugo-isofix-15-36-kg\\\/#primaryimage\"},\"thumbnailUrl\":\"https:\\\/\\\/kidsplay.lt\\\/wp-content\\\/uploads\\\/2023\\\/10\\\/Fotelik-samochodowy-Lionelo-HUGO-ISOFIX-15-36-kg.jpg\",\"datePublished\":\"2023-10-09T16:21:29+00:00\",\"dateModified\":\"2025-12-24T07:19:58+00:00\",\"description\":\"M\u016bs\u0173 nuotykiai kartu nesibaigia \u012fsigyjant automobilin\u0119 k\u0117dut\u0119. Tai tik prad\u017eia.\",\"breadcrumb\":{\"@id\":\"https:\\\/\\\/kidsplay.lt\\\/produktas\\\/automobiline-kedute-lionelo-hugo-isofix-15-36-kg\\\/#breadcrumb\"},\"inLanguage\":\"lv-LV\",\"potentialAction\":[{\"@type\":\"ReadAction\",\"target\":[\"https:\\\/\\\/kidsplay.lt\\\/produktas\\\/automobiline-kedute-lionelo-hugo-isofix-15-36-kg\\\/\"]}]},{\"@type\":\"ImageObject\",\"inLanguage\":\"lv-LV\",\"@id\":\"https:\\\/\\\/kidsplay.lt\\\/produktas\\\/automobiline-kedute-lionelo-hugo-isofix-15-36-kg\\\/#primaryimage\",\"url\":\"https:\\\/\\\/kidsplay.lt\\\/wp-content\\\/uploads\\\/2023\\\/10\\\/Fotelik-samochodowy-Lionelo-HUGO-ISOFIX-15-36-kg.jpg\",\"contentUrl\":\"https:\\\/\\\/kidsplay.lt\\\/wp-content\\\/uploads\\\/2023\\\/10\\\/Fotelik-samochodowy-Lionelo-HUGO-ISOFIX-15-36-kg.jpg\",\"width\":2560,\"height\":2560},{\"@type\":\"BreadcrumbList\",\"@id\":\"https:\\\/\\\/kidsplay.lt\\\/produktas\\\/automobiline-kedute-lionelo-hugo-isofix-15-36-kg\\\/#breadcrumb\",\"itemListElement\":[{\"@type\":\"ListItem\",\"position\":1,\"name\":\"Pagrindinis\",\"item\":\"https:\\\/\\\/kidsplay.lt\\\/\"},{\"@type\":\"ListItem\",\"position\":2,\"name\":\"Parduotuv\u0117\",\"item\":\"https:\\\/\\\/kidsplay.lt\\\/parduotuve\\\/\"},{\"@type\":\"ListItem\",\"position\":3,\"name\":\"Automobilin\u0117 k\u0117dut\u0117 Lionelo Hugo Isofix 15-36 kg\"}]},{\"@type\":\"WebSite\",\"@id\":\"https:\\\/\\\/kidsplay.lt\\\/#website\",\"url\":\"https:\\\/\\\/kidsplay.lt\\\/\",\"name\":\"Kidsplay.lt\",\"description\":\"\u012evairios prek\u0117s vaikams\",\"publisher\":{\"@id\":\"https:\\\/\\\/kidsplay.lt\\\/#organization\"},\"alternateName\":\"Kidsplay\",\"potentialAction\":[{\"@type\":\"SearchAction\",\"target\":{\"@type\":\"EntryPoint\",\"urlTemplate\":\"https:\\\/\\\/kidsplay.lt\\\/?s={search_term_string}\"},\"query-input\":{\"@type\":\"PropertyValueSpecification\",\"valueRequired\":true,\"valueName\":\"search_term_string\"}}],\"inLanguage\":\"lv-LV\"},{\"@type\":\"Organization\",\"@id\":\"https:\\\/\\\/kidsplay.lt\\\/#organization\",\"name\":\"KidsPlay\",\"url\":\"https:\\\/\\\/kidsplay.lt\\\/\",\"logo\":{\"@type\":\"ImageObject\",\"inLanguage\":\"lv-LV\",\"@id\":\"https:\\\/\\\/kidsplay.lt\\\/#\\\/schema\\\/logo\\\/image\\\/\",\"url\":\"https:\\\/\\\/kidsplay.lt\\\/wp-content\\\/uploads\\\/2023\\\/07\\\/kidsplay-logo.png\",\"contentUrl\":\"https:\\\/\\\/kidsplay.lt\\\/wp-content\\\/uploads\\\/2023\\\/07\\\/kidsplay-logo.png\",\"width\":451,\"height\":98,\"caption\":\"KidsPlay\"},\"image\":{\"@id\":\"https:\\\/\\\/kidsplay.lt\\\/#\\\/schema\\\/logo\\\/image\\\/\"},\"sameAs\":[\"https:\\\/\\\/www.facebook.com\\\/www.kidsplay.lt\"]}]}<\/script>\n<!-- \/ Yoast SEO plugin. -->","yoast_head_json":{"title":"Automobilin\u0117 k\u0117dut\u0117 Lionelo Hugo Isofix 15-36 kg - KidsPlay","description":"M\u016bs\u0173 nuotykiai kartu nesibaigia \u012fsigyjant automobilin\u0119 k\u0117dut\u0119. Tai tik prad\u017eia.","robots":{"index":"index","follow":"follow","max-snippet":"max-snippet:-1","max-image-preview":"max-image-preview:large","max-video-preview":"max-video-preview:-1"},"canonical":"https:\/\/kidsplay.lt\/lv\/products\/automobiline-kedute-lionelo-hugo-isofix-15-36-kg\/","og_locale":"lv_LV","og_type":"article","og_title":"Automobilin\u0117 k\u0117dut\u0117 Lionelo Hugo Isofix 15-36 kg - KidsPlay","og_description":"M\u016bs\u0173 nuotykiai kartu nesibaigia \u012fsigyjant automobilin\u0119 k\u0117dut\u0119. Tai tik prad\u017eia.","og_url":"https:\/\/kidsplay.lt\/lv\/products\/automobiline-kedute-lionelo-hugo-isofix-15-36-kg\/","og_site_name":"KidsPlay","article_publisher":"https:\/\/www.facebook.com\/www.kidsplay.lt","article_modified_time":"2025-12-24T07:19:58+00:00","og_image":[{"width":800,"height":800,"url":"https:\/\/kidsplay.lt\/wp-content\/uploads\/2023\/10\/Fotelik-samochodowy-Lionelo-HUGO-ISOFIX-15-36-kg-800x800.jpg","type":"image\/jpeg"}],"twitter_card":"summary_large_image","twitter_misc":{"Est. reading time":"2 min\u016btes"},"schema":{"@context":"https:\/\/schema.org","@graph":[{"@type":"WebPage","@id":"https:\/\/kidsplay.lt\/produktas\/automobiline-kedute-lionelo-hugo-isofix-15-36-kg\/","url":"https:\/\/kidsplay.lt\/produktas\/automobiline-kedute-lionelo-hugo-isofix-15-36-kg\/","name":"Automobilin\u0117 k\u0117dut\u0117 Lionelo Hugo Isofix 15-36 kg - KidsPlay","isPartOf":{"@id":"https:\/\/kidsplay.lt\/#website"},"primaryImageOfPage":{"@id":"https:\/\/kidsplay.lt\/produktas\/automobiline-kedute-lionelo-hugo-isofix-15-36-kg\/#primaryimage"},"image":{"@id":"https:\/\/kidsplay.lt\/produktas\/automobiline-kedute-lionelo-hugo-isofix-15-36-kg\/#primaryimage"},"thumbnailUrl":"https:\/\/kidsplay.lt\/wp-content\/uploads\/2023\/10\/Fotelik-samochodowy-Lionelo-HUGO-ISOFIX-15-36-kg.jpg","datePublished":"2023-10-09T16:21:29+00:00","dateModified":"2025-12-24T07:19:58+00:00","description":"M\u016bs\u0173 nuotykiai kartu nesibaigia \u012fsigyjant automobilin\u0119 k\u0117dut\u0119. Tai tik prad\u017eia.","breadcrumb":{"@id":"https:\/\/kidsplay.lt\/produktas\/automobiline-kedute-lionelo-hugo-isofix-15-36-kg\/#breadcrumb"},"inLanguage":"lv-LV","potentialAction":[{"@type":"ReadAction","target":["https:\/\/kidsplay.lt\/produktas\/automobiline-kedute-lionelo-hugo-isofix-15-36-kg\/"]}]},{"@type":"ImageObject","inLanguage":"lv-LV","@id":"https:\/\/kidsplay.lt\/produktas\/automobiline-kedute-lionelo-hugo-isofix-15-36-kg\/#primaryimage","url":"https:\/\/kidsplay.lt\/wp-content\/uploads\/2023\/10\/Fotelik-samochodowy-Lionelo-HUGO-ISOFIX-15-36-kg.jpg","contentUrl":"https:\/\/kidsplay.lt\/wp-content\/uploads\/2023\/10\/Fotelik-samochodowy-Lionelo-HUGO-ISOFIX-15-36-kg.jpg","width":2560,"height":2560},{"@type":"BreadcrumbList","@id":"https:\/\/kidsplay.lt\/produktas\/automobiline-kedute-lionelo-hugo-isofix-15-36-kg\/#breadcrumb","itemListElement":[{"@type":"ListItem","position":1,"name":"Pagrindinis","item":"https:\/\/kidsplay.lt\/"},{"@type":"ListItem","position":2,"name":"Parduotuv\u0117","item":"https:\/\/kidsplay.lt\/parduotuve\/"},{"@type":"ListItem","position":3,"name":"Automobilin\u0117 k\u0117dut\u0117 Lionelo Hugo Isofix 15-36 kg"}]},{"@type":"WebSite","@id":"https:\/\/kidsplay.lt\/#website","url":"https:\/\/kidsplay.lt\/","name":"B\u0113rnu sp\u0113les.lv","description":"\u012evairios prek\u0117s vaikams","publisher":{"@id":"https:\/\/kidsplay.lt\/#organization"},"alternateName":"Kidsplay","potentialAction":[{"@type":"SearchAction","target":{"@type":"EntryPoint","urlTemplate":"https:\/\/kidsplay.lt\/?s={search_term_string}"},"query-input":{"@type":"PropertyValueSpecification","valueRequired":true,"valueName":"search_term_string"}}],"inLanguage":"lv-LV"},{"@type":"Organization","@id":"https:\/\/kidsplay.lt\/#organization","name":"B\u0113rnu sp\u0113le","url":"https:\/\/kidsplay.lt\/","logo":{"@type":"ImageObject","inLanguage":"lv-LV","@id":"https:\/\/kidsplay.lt\/#\/schema\/logo\/image\/","url":"https:\/\/kidsplay.lt\/wp-content\/uploads\/2023\/07\/kidsplay-logo.png","contentUrl":"https:\/\/kidsplay.lt\/wp-content\/uploads\/2023\/07\/kidsplay-logo.png","width":451,"height":98,"caption":"KidsPlay"},"image":{"@id":"https:\/\/kidsplay.lt\/#\/schema\/logo\/image\/"},"sameAs":["https:\/\/www.facebook.com\/www.kidsplay.lt"]}]}},"_links":{"self":[{"href":"https:\/\/kidsplay.lt\/lv\/wp-json\/wp\/v2\/product\/46699","targetHints":{"allow":["GET"]}}],"collection":[{"href":"https:\/\/kidsplay.lt\/lv\/wp-json\/wp\/v2\/product"}],"about":[{"href":"https:\/\/kidsplay.lt\/lv\/wp-json\/wp\/v2\/types\/product"}],"version-history":[{"count":2,"href":"https:\/\/kidsplay.lt\/lv\/wp-json\/wp\/v2\/product\/46699\/revisions"}],"predecessor-version":[{"id":74285,"href":"https:\/\/kidsplay.lt\/lv\/wp-json\/wp\/v2\/product\/46699\/revisions\/74285"}],"wp:featuredmedia":[{"embeddable":true,"href":"https:\/\/kidsplay.lt\/lv\/wp-json\/wp\/v2\/media\/46701"}],"wp:attachment":[{"href":"https:\/\/kidsplay.lt\/lv\/wp-json\/wp\/v2\/media?parent=46699"}],"wp:term":[{"taxonomy":"product_brand","embeddable":true,"href":"https:\/\/kidsplay.lt\/lv\/wp-json\/wp\/v2\/product_brand?post=46699"},{"taxonomy":"product_cat","embeddable":true,"href":"https:\/\/kidsplay.lt\/lv\/wp-json\/wp\/v2\/product_cat?post=46699"},{"taxonomy":"product_tag","embeddable":true,"href":"https:\/\/kidsplay.lt\/lv\/wp-json\/wp\/v2\/product_tag?post=46699"}],"curies":[{"name":"wp","href":"https:\/\/api.w.org\/{rel}","templated":true}]}}