{"id":46718,"date":"2023-10-09T19:39:38","date_gmt":"2023-10-09T16:39:38","guid":{"rendered":"https:\/\/kidsplay.lt\/?post_type=product&#038;p=46718"},"modified":"2025-10-04T18:26:25","modified_gmt":"2025-10-04T15:26:25","slug":"sautuvas-nerf-n-strike-elite-e0011","status":"publish","type":"product","link":"https:\/\/kidsplay.lt\/lv\/products\/sautuvas-nerf-n-strike-elite-e0011\/","title":{"rendered":"\u0160autuvas NERF N-Strike Elite E0011"},"content":{"rendered":"<p>Nerf Surgefire yra rankiniu b\u016bdu perkraunama paleidimo priemon\u0117 su besisukan\u010dia b\u016bgno d\u0117tuv\u0117, skirta 15 smigini\u0173. N-Strike Elite Surgefire veikia nereg\u0117tu grei\u010diu! Mechanizmas veikia ne tik greitai, bet ir tyliai bei leid\u017eia tiksliai pasiekti taikin\u012f iki 27 m. D\u0117tuv\u0117je yra net 15 str\u0117li\u0173, o toks didelis j\u0173 kiekis leis \u012fgyti nemenk\u0105 prana\u0161um\u0105 vir\u0161 savo prie\u0161ininko. Nerf Elite Surgefire paleidimo \u012frenginys yra modernaus dizaino, kuris patiks kiekvienam berniukui. Griebkite greitaeig\u012f Surgefire ir \u012fgykite prana\u0161um\u0105 prie\u0161 savo prie\u0161ininkus!<\/p>\n<p>Surgefire paleidimo priemon\u0117s prana\u0161umai:<\/p>\n<p>Nepertraukiamo \u0161audymo re\u017eimas leid\u017eia fotografuoti nepertraukiamomis serijomis<br \/>\npatogi perkrovimo rankena<br \/>\ndidelis nuotolis, leid\u017eiantis \u0161audyti iki 27 metr\u0173<br \/>\nbesisukantis b\u016bgno d\u0117tuv\u0117 15 smigini\u0173<br \/>\ntaktinis b\u0117gis Nerf priedams ir priedams<br \/>\nNustatyti turin\u012f:<\/p>\n<p>Nerf Elite Surgefire blasteris<br \/>\n15 str\u0117li\u0173<\/p>","protected":false},"excerpt":{"rendered":"<p>\u0160autuvas NERF N-Strike Elite E0011<\/p>","protected":false},"featured_media":46720,"template":"","meta":{"_acf_changed":false,"_glsr_average":0,"_glsr_ranking":0,"_glsr_reviews":0},"product_brand":[],"product_cat":[457,229],"product_tag":[],"class_list":{"0":"post-46718","1":"product","2":"type-product","3":"status-publish","4":"has-post-thumbnail","6":"product_cat-sautuvai","7":"product_cat-zaislai-vaikams","8":"\"style=\"background-color: #2ecc711c;\"","10":"first","11":"instock","12":"shipping-taxable","13":"purchasable","14":"product-type-simple"},"acf":[],"yoast_head":"<!-- This site is optimized with the Yoast SEO plugin v27.3 - https:\/\/yoast.com\/product\/yoast-seo-wordpress\/ -->\n<title>\u0160autuvas NERF N-Strike Elite E0011 - KidsPlay<\/title>\n<meta name=\"description\" content=\"Nerf Surgefire yra rankiniu b\u016bdu perkraunama paleidimo \u0161autuvas su besisukan\u010dia b\u016bgno d\u0117tuv\u0117, skirta 15 \u0161ovini\u0173. Mechanizmas veikia greitai ir tyliai.\" \/>\n<meta name=\"robots\" content=\"index, follow, max-snippet:-1, max-image-preview:large, max-video-preview:-1\" \/>\n<link rel=\"canonical\" href=\"https:\/\/kidsplay.lt\/lv\/products\/sautuvas-nerf-n-strike-elite-e0011\/\" \/>\n<meta property=\"og:locale\" content=\"lv_LV\" \/>\n<meta property=\"og:type\" content=\"article\" \/>\n<meta property=\"og:title\" content=\"\u0160autuvas NERF N-Strike Elite E0011 - KidsPlay\" \/>\n<meta property=\"og:description\" content=\"Nerf Surgefire yra rankiniu b\u016bdu perkraunama paleidimo \u0161autuvas su besisukan\u010dia b\u016bgno d\u0117tuv\u0117, skirta 15 \u0161ovini\u0173. Mechanizmas veikia greitai ir tyliai.\" \/>\n<meta property=\"og:url\" content=\"https:\/\/kidsplay.lt\/lv\/products\/sautuvas-nerf-n-strike-elite-e0011\/\" \/>\n<meta property=\"og:site_name\" content=\"KidsPlay\" \/>\n<meta property=\"article:publisher\" content=\"https:\/\/www.facebook.com\/www.kidsplay.lt\" \/>\n<meta property=\"article:modified_time\" content=\"2025-10-04T15:26:25+00:00\" \/>\n<meta property=\"og:image\" content=\"https:\/\/kidsplay.lt\/wp-content\/uploads\/2023\/10\/NERF-N-STRIKE-ELITE-SURGEFIRE-E0011-MEGASZYBKI.jpg\" \/>\n\t<meta property=\"og:image:width\" content=\"1000\" \/>\n\t<meta property=\"og:image:height\" content=\"1000\" \/>\n\t<meta property=\"og:image:type\" content=\"image\/jpeg\" \/>\n<meta name=\"twitter:card\" content=\"summary_large_image\" \/>\n<meta name=\"twitter:label1\" content=\"Est. reading time\" \/>\n\t<meta name=\"twitter:data1\" content=\"1 min\u016bte\" \/>\n<script type=\"application\/ld+json\" class=\"yoast-schema-graph\">{\"@context\":\"https:\\\/\\\/schema.org\",\"@graph\":[{\"@type\":\"WebPage\",\"@id\":\"https:\\\/\\\/kidsplay.lt\\\/produktas\\\/sautuvas-nerf-n-strike-elite-e0011\\\/\",\"url\":\"https:\\\/\\\/kidsplay.lt\\\/produktas\\\/sautuvas-nerf-n-strike-elite-e0011\\\/\",\"name\":\"\u0160autuvas NERF N-Strike Elite E0011 - KidsPlay\",\"isPartOf\":{\"@id\":\"https:\\\/\\\/kidsplay.lt\\\/#website\"},\"primaryImageOfPage\":{\"@id\":\"https:\\\/\\\/kidsplay.lt\\\/produktas\\\/sautuvas-nerf-n-strike-elite-e0011\\\/#primaryimage\"},\"image\":{\"@id\":\"https:\\\/\\\/kidsplay.lt\\\/produktas\\\/sautuvas-nerf-n-strike-elite-e0011\\\/#primaryimage\"},\"thumbnailUrl\":\"https:\\\/\\\/kidsplay.lt\\\/wp-content\\\/uploads\\\/2023\\\/10\\\/NERF-N-STRIKE-ELITE-SURGEFIRE-E0011-MEGASZYBKI.jpg\",\"datePublished\":\"2023-10-09T16:39:38+00:00\",\"dateModified\":\"2025-10-04T15:26:25+00:00\",\"description\":\"Nerf Surgefire yra rankiniu b\u016bdu perkraunama paleidimo \u0161autuvas su besisukan\u010dia b\u016bgno d\u0117tuv\u0117, skirta 15 \u0161ovini\u0173. Mechanizmas veikia greitai ir tyliai.\",\"breadcrumb\":{\"@id\":\"https:\\\/\\\/kidsplay.lt\\\/produktas\\\/sautuvas-nerf-n-strike-elite-e0011\\\/#breadcrumb\"},\"inLanguage\":\"lv-LV\",\"potentialAction\":[{\"@type\":\"ReadAction\",\"target\":[\"https:\\\/\\\/kidsplay.lt\\\/produktas\\\/sautuvas-nerf-n-strike-elite-e0011\\\/\"]}]},{\"@type\":\"ImageObject\",\"inLanguage\":\"lv-LV\",\"@id\":\"https:\\\/\\\/kidsplay.lt\\\/produktas\\\/sautuvas-nerf-n-strike-elite-e0011\\\/#primaryimage\",\"url\":\"https:\\\/\\\/kidsplay.lt\\\/wp-content\\\/uploads\\\/2023\\\/10\\\/NERF-N-STRIKE-ELITE-SURGEFIRE-E0011-MEGASZYBKI.jpg\",\"contentUrl\":\"https:\\\/\\\/kidsplay.lt\\\/wp-content\\\/uploads\\\/2023\\\/10\\\/NERF-N-STRIKE-ELITE-SURGEFIRE-E0011-MEGASZYBKI.jpg\",\"width\":1000,\"height\":1000},{\"@type\":\"BreadcrumbList\",\"@id\":\"https:\\\/\\\/kidsplay.lt\\\/produktas\\\/sautuvas-nerf-n-strike-elite-e0011\\\/#breadcrumb\",\"itemListElement\":[{\"@type\":\"ListItem\",\"position\":1,\"name\":\"Pagrindinis\",\"item\":\"https:\\\/\\\/kidsplay.lt\\\/\"},{\"@type\":\"ListItem\",\"position\":2,\"name\":\"Parduotuv\u0117\",\"item\":\"https:\\\/\\\/kidsplay.lt\\\/parduotuve\\\/\"},{\"@type\":\"ListItem\",\"position\":3,\"name\":\"\u0160autuvas NERF N-Strike Elite E0011\"}]},{\"@type\":\"WebSite\",\"@id\":\"https:\\\/\\\/kidsplay.lt\\\/#website\",\"url\":\"https:\\\/\\\/kidsplay.lt\\\/\",\"name\":\"Kidsplay.lt\",\"description\":\"\u012evairios prek\u0117s vaikams\",\"publisher\":{\"@id\":\"https:\\\/\\\/kidsplay.lt\\\/#organization\"},\"alternateName\":\"Kidsplay\",\"potentialAction\":[{\"@type\":\"SearchAction\",\"target\":{\"@type\":\"EntryPoint\",\"urlTemplate\":\"https:\\\/\\\/kidsplay.lt\\\/?s={search_term_string}\"},\"query-input\":{\"@type\":\"PropertyValueSpecification\",\"valueRequired\":true,\"valueName\":\"search_term_string\"}}],\"inLanguage\":\"lv-LV\"},{\"@type\":\"Organization\",\"@id\":\"https:\\\/\\\/kidsplay.lt\\\/#organization\",\"name\":\"KidsPlay\",\"url\":\"https:\\\/\\\/kidsplay.lt\\\/\",\"logo\":{\"@type\":\"ImageObject\",\"inLanguage\":\"lv-LV\",\"@id\":\"https:\\\/\\\/kidsplay.lt\\\/#\\\/schema\\\/logo\\\/image\\\/\",\"url\":\"https:\\\/\\\/kidsplay.lt\\\/wp-content\\\/uploads\\\/2023\\\/07\\\/kidsplay-logo.png\",\"contentUrl\":\"https:\\\/\\\/kidsplay.lt\\\/wp-content\\\/uploads\\\/2023\\\/07\\\/kidsplay-logo.png\",\"width\":451,\"height\":98,\"caption\":\"KidsPlay\"},\"image\":{\"@id\":\"https:\\\/\\\/kidsplay.lt\\\/#\\\/schema\\\/logo\\\/image\\\/\"},\"sameAs\":[\"https:\\\/\\\/www.facebook.com\\\/www.kidsplay.lt\"]}]}<\/script>\n<!-- \/ Yoast SEO plugin. -->","yoast_head_json":{"title":"\u0160autuvas NERF N-Strike Elite E0011 - KidsPlay","description":"Nerf Surgefire yra rankiniu b\u016bdu perkraunama paleidimo \u0161autuvas su besisukan\u010dia b\u016bgno d\u0117tuv\u0117, skirta 15 \u0161ovini\u0173. Mechanizmas veikia greitai ir tyliai.","robots":{"index":"index","follow":"follow","max-snippet":"max-snippet:-1","max-image-preview":"max-image-preview:large","max-video-preview":"max-video-preview:-1"},"canonical":"https:\/\/kidsplay.lt\/lv\/products\/sautuvas-nerf-n-strike-elite-e0011\/","og_locale":"lv_LV","og_type":"article","og_title":"\u0160autuvas NERF N-Strike Elite E0011 - KidsPlay","og_description":"Nerf Surgefire yra rankiniu b\u016bdu perkraunama paleidimo \u0161autuvas su besisukan\u010dia b\u016bgno d\u0117tuv\u0117, skirta 15 \u0161ovini\u0173. Mechanizmas veikia greitai ir tyliai.","og_url":"https:\/\/kidsplay.lt\/lv\/products\/sautuvas-nerf-n-strike-elite-e0011\/","og_site_name":"KidsPlay","article_publisher":"https:\/\/www.facebook.com\/www.kidsplay.lt","article_modified_time":"2025-10-04T15:26:25+00:00","og_image":[{"width":1000,"height":1000,"url":"https:\/\/kidsplay.lt\/wp-content\/uploads\/2023\/10\/NERF-N-STRIKE-ELITE-SURGEFIRE-E0011-MEGASZYBKI.jpg","type":"image\/jpeg"}],"twitter_card":"summary_large_image","twitter_misc":{"Est. reading time":"1 min\u016bte"},"schema":{"@context":"https:\/\/schema.org","@graph":[{"@type":"WebPage","@id":"https:\/\/kidsplay.lt\/produktas\/sautuvas-nerf-n-strike-elite-e0011\/","url":"https:\/\/kidsplay.lt\/produktas\/sautuvas-nerf-n-strike-elite-e0011\/","name":"\u0160autuvas NERF N-Strike Elite E0011 - KidsPlay","isPartOf":{"@id":"https:\/\/kidsplay.lt\/#website"},"primaryImageOfPage":{"@id":"https:\/\/kidsplay.lt\/produktas\/sautuvas-nerf-n-strike-elite-e0011\/#primaryimage"},"image":{"@id":"https:\/\/kidsplay.lt\/produktas\/sautuvas-nerf-n-strike-elite-e0011\/#primaryimage"},"thumbnailUrl":"https:\/\/kidsplay.lt\/wp-content\/uploads\/2023\/10\/NERF-N-STRIKE-ELITE-SURGEFIRE-E0011-MEGASZYBKI.jpg","datePublished":"2023-10-09T16:39:38+00:00","dateModified":"2025-10-04T15:26:25+00:00","description":"Nerf Surgefire yra rankiniu b\u016bdu perkraunama paleidimo \u0161autuvas su besisukan\u010dia b\u016bgno d\u0117tuv\u0117, skirta 15 \u0161ovini\u0173. Mechanizmas veikia greitai ir tyliai.","breadcrumb":{"@id":"https:\/\/kidsplay.lt\/produktas\/sautuvas-nerf-n-strike-elite-e0011\/#breadcrumb"},"inLanguage":"lv-LV","potentialAction":[{"@type":"ReadAction","target":["https:\/\/kidsplay.lt\/produktas\/sautuvas-nerf-n-strike-elite-e0011\/"]}]},{"@type":"ImageObject","inLanguage":"lv-LV","@id":"https:\/\/kidsplay.lt\/produktas\/sautuvas-nerf-n-strike-elite-e0011\/#primaryimage","url":"https:\/\/kidsplay.lt\/wp-content\/uploads\/2023\/10\/NERF-N-STRIKE-ELITE-SURGEFIRE-E0011-MEGASZYBKI.jpg","contentUrl":"https:\/\/kidsplay.lt\/wp-content\/uploads\/2023\/10\/NERF-N-STRIKE-ELITE-SURGEFIRE-E0011-MEGASZYBKI.jpg","width":1000,"height":1000},{"@type":"BreadcrumbList","@id":"https:\/\/kidsplay.lt\/produktas\/sautuvas-nerf-n-strike-elite-e0011\/#breadcrumb","itemListElement":[{"@type":"ListItem","position":1,"name":"Pagrindinis","item":"https:\/\/kidsplay.lt\/"},{"@type":"ListItem","position":2,"name":"Parduotuv\u0117","item":"https:\/\/kidsplay.lt\/parduotuve\/"},{"@type":"ListItem","position":3,"name":"\u0160autuvas NERF N-Strike Elite E0011"}]},{"@type":"WebSite","@id":"https:\/\/kidsplay.lt\/#website","url":"https:\/\/kidsplay.lt\/","name":"B\u0113rnu sp\u0113les.lv","description":"\u012evairios prek\u0117s vaikams","publisher":{"@id":"https:\/\/kidsplay.lt\/#organization"},"alternateName":"Kidsplay","potentialAction":[{"@type":"SearchAction","target":{"@type":"EntryPoint","urlTemplate":"https:\/\/kidsplay.lt\/?s={search_term_string}"},"query-input":{"@type":"PropertyValueSpecification","valueRequired":true,"valueName":"search_term_string"}}],"inLanguage":"lv-LV"},{"@type":"Organization","@id":"https:\/\/kidsplay.lt\/#organization","name":"B\u0113rnu sp\u0113le","url":"https:\/\/kidsplay.lt\/","logo":{"@type":"ImageObject","inLanguage":"lv-LV","@id":"https:\/\/kidsplay.lt\/#\/schema\/logo\/image\/","url":"https:\/\/kidsplay.lt\/wp-content\/uploads\/2023\/07\/kidsplay-logo.png","contentUrl":"https:\/\/kidsplay.lt\/wp-content\/uploads\/2023\/07\/kidsplay-logo.png","width":451,"height":98,"caption":"KidsPlay"},"image":{"@id":"https:\/\/kidsplay.lt\/#\/schema\/logo\/image\/"},"sameAs":["https:\/\/www.facebook.com\/www.kidsplay.lt"]}]}},"_links":{"self":[{"href":"https:\/\/kidsplay.lt\/lv\/wp-json\/wp\/v2\/product\/46718","targetHints":{"allow":["GET"]}}],"collection":[{"href":"https:\/\/kidsplay.lt\/lv\/wp-json\/wp\/v2\/product"}],"about":[{"href":"https:\/\/kidsplay.lt\/lv\/wp-json\/wp\/v2\/types\/product"}],"version-history":[{"count":2,"href":"https:\/\/kidsplay.lt\/lv\/wp-json\/wp\/v2\/product\/46718\/revisions"}],"predecessor-version":[{"id":74286,"href":"https:\/\/kidsplay.lt\/lv\/wp-json\/wp\/v2\/product\/46718\/revisions\/74286"}],"wp:featuredmedia":[{"embeddable":true,"href":"https:\/\/kidsplay.lt\/lv\/wp-json\/wp\/v2\/media\/46720"}],"wp:attachment":[{"href":"https:\/\/kidsplay.lt\/lv\/wp-json\/wp\/v2\/media?parent=46718"}],"wp:term":[{"taxonomy":"product_brand","embeddable":true,"href":"https:\/\/kidsplay.lt\/lv\/wp-json\/wp\/v2\/product_brand?post=46718"},{"taxonomy":"product_cat","embeddable":true,"href":"https:\/\/kidsplay.lt\/lv\/wp-json\/wp\/v2\/product_cat?post=46718"},{"taxonomy":"product_tag","embeddable":true,"href":"https:\/\/kidsplay.lt\/lv\/wp-json\/wp\/v2\/product_tag?post=46718"}],"curies":[{"name":"wp","href":"https:\/\/api.w.org\/{rel}","templated":true}]}}