{"id":46788,"date":"2023-10-11T21:48:12","date_gmt":"2023-10-11T18:48:12","guid":{"rendered":"https:\/\/kidsplay.lt\/?post_type=product&#038;p=46788"},"modified":"2025-12-24T09:22:15","modified_gmt":"2025-12-24T07:22:15","slug":"medines-vaikiskos-dirbtuves","status":"publish","type":"product","link":"https:\/\/kidsplay.lt\/lv\/product\/medines-vaikiskos-dirbtuves\/","title":{"rendered":"Medin\u0117s vaiki\u0161kos dirbtuv\u0117s"},"content":{"rendered":"<p>Kiekvienas vaikas m\u0117gsta m\u0117gd\u017eioti suaugusiuosius. \u017daidimas su tikrais \u012frankiais tikriausiai n\u0117ra pati geriausia id\u0117ja, tod\u0117l medin\u0117s dirbtuv\u0117s gali b\u016bti alternatyva.<\/p>\n<p>Labai gerai pagamintas rinkinys suteiks ma\u017eajam meistrui daug pramog\u0173 su neribotomis vini\u0173 \u012fkalimo ir surinkimo galimyb\u0117mis.<\/p>\n<p>Darbastalyje yra lentynos ir \u012franki\u0173 komplektas, pana\u0161us \u012f tikrus i\u0161 med\u017eio.<\/p>\n<p>Stalas turi kelet\u0105 judan\u010di\u0173 element\u0173, toki\u0173 kaip diskinis pj\u016bklas, imituojantis suaugusi\u0173j\u0173 technines u\u017eduotis arba kuriantis savo konstrukcijas.<\/p>\n<p>MEDINIAI DIRBTUV\u0116S VAIK\u0172 DIY PRIEDAI<br \/>\nSpecifikacija:<br \/>\nStabilus ir tvirtas darbas<\/p>\n<p>Stilingas<\/p>\n<p>medinis<\/p>\n<p>Padengtas saugiais da\u017eais<\/p>\n<p>Kruop\u0161\u010diai apdirbta &#8211; be a\u0161tri\u0173 kra\u0161t\u0173<\/p>\n<p>Dalinai nuda\u017eyta lentos da\u017eais<\/p>\n<p>Labai lavina smulki\u0105j\u0105 motorik\u0105<\/p>\n<p>Turi kilnojamus elementus<\/p>\n<p>Nuimamas organizatorius<\/p>\n<p>MEDIN\u0116S SEMINAR\u0116S VAIK\u0172 DIY PRIEDAI EAN (GTIN) 5905258906553<br \/>\nMEDIN\u0116S DIRBTUV\u0116S VAIKAMS Pasidaryk pats PRIEDAI Gamintojo kodas MEDIN\u0116S DIRBTUV\u0116S VAIKAMS<br \/>\n\u2699\ufe0fPerkant i\u0161 \u0161io aukciono J\u016bs gausite:<br \/>\nDiskinis pj\u016bklas<\/p>\n<p>Nuimamas organizatorius<\/p>\n<p>Plaktukas<\/p>\n<p>Raktas<\/p>\n<p>Klij\u0173 pistoletas<\/p>\n<p>Guls\u010diukas<\/p>\n<p>Atsuktuvas<\/p>\n<p>Pasidaryk pats juostel\u0117s<\/p>\n<p>\u2699\ufe0fDirbtuvi\u0173 matmenys:<br \/>\nbendras auk\u0161tis: 71,5 cm<br \/>\nauk\u0161tis iki stalvir\u0161io: 50 cm<br \/>\nplotis: 56 cm<br \/>\ngylis: 25 cm<br \/>\nPried\u0173 matmenys:<br \/>\nplaktukas: 16,5 cm<br \/>\natsuktuvas: 15 cm<br \/>\nguls\u010diukas: 20 cm<br \/>\nraktas: 16,5 cm<br \/>\npj\u016bklas: 15 cm<br \/>\nklij\u0173 pistoletas: 17&#215;10 cm<br \/>\nlentos auk\u0161tis: 21,5 cm<\/p>","protected":false},"excerpt":{"rendered":"<p>Medin\u0117s vaiki\u0161kos dirbtuv\u0117s<\/p>","protected":false},"featured_media":46794,"template":"","meta":{"_acf_changed":false,"_glsr_average":0,"_glsr_ranking":0,"_glsr_reviews":0},"product_brand":[],"product_cat":[402,399],"product_tag":[],"class_list":{"0":"post-46788","1":"product","2":"type-product","3":"status-publish","4":"has-post-thumbnail","6":"product_cat-dirbtuves-ir-irankiai","7":"product_cat-vaidmenu-zaidimai-2","8":"\"style=\"background-color: #2ecc711c;\"","10":"first","11":"instock","12":"shipping-taxable","13":"purchasable","14":"product-type-simple"},"acf":[],"yoast_head":"<!-- This site is optimized with the Yoast SEO plugin v27.3 - https:\/\/yoast.com\/product\/yoast-seo-wordpress\/ -->\n<title>Medin\u0117s vaiki\u0161kos dirbtuv\u0117s - KidsPlay<\/title>\n<meta name=\"description\" content=\"Kiekvienas vaikas m\u0117gsta m\u0117gd\u017eioti suaugusiuosius. \u017daidimas su tikrais \u012frankiais tikriausiai n\u0117ra pati geriausia id\u0117ja, tod\u0117l medin\u0117s dirbtuv\u0117s tam tiks.\" \/>\n<meta name=\"robots\" content=\"index, follow, max-snippet:-1, max-image-preview:large, max-video-preview:-1\" \/>\n<link rel=\"canonical\" href=\"https:\/\/kidsplay.lt\/lv\/product\/medines-vaikiskos-dirbtuves\/\" \/>\n<meta property=\"og:locale\" content=\"lv_LV\" \/>\n<meta property=\"og:type\" content=\"article\" \/>\n<meta property=\"og:title\" content=\"Medin\u0117s vaiki\u0161kos dirbtuv\u0117s - KidsPlay\" \/>\n<meta property=\"og:description\" content=\"Kiekvienas vaikas m\u0117gsta m\u0117gd\u017eioti suaugusiuosius. \u017daidimas su tikrais \u012frankiais tikriausiai n\u0117ra pati geriausia id\u0117ja, tod\u0117l medin\u0117s dirbtuv\u0117s tam tiks.\" \/>\n<meta property=\"og:url\" content=\"https:\/\/kidsplay.lt\/lv\/product\/medines-vaikiskos-dirbtuves\/\" \/>\n<meta property=\"og:site_name\" content=\"KidsPlay\" \/>\n<meta property=\"article:publisher\" content=\"https:\/\/www.facebook.com\/www.kidsplay.lt\" \/>\n<meta property=\"article:modified_time\" content=\"2025-12-24T07:22:15+00:00\" \/>\n<meta property=\"og:image\" content=\"https:\/\/kidsplay.lt\/wp-content\/uploads\/2023\/10\/DREWNIANY-WARSZTAT-DZIECI-MAJSTERKOWANIE-AKCESORIA-Marka-inna-1.jpg\" \/>\n\t<meta property=\"og:image:width\" content=\"1116\" \/>\n\t<meta property=\"og:image:height\" content=\"1050\" \/>\n\t<meta property=\"og:image:type\" content=\"image\/jpeg\" \/>\n<meta name=\"twitter:card\" content=\"summary_large_image\" \/>\n<meta name=\"twitter:label1\" content=\"Est. reading time\" \/>\n\t<meta name=\"twitter:data1\" content=\"1 min\u016bte\" \/>\n<script type=\"application\/ld+json\" class=\"yoast-schema-graph\">{\"@context\":\"https:\\\/\\\/schema.org\",\"@graph\":[{\"@type\":\"WebPage\",\"@id\":\"https:\\\/\\\/kidsplay.lt\\\/produktas\\\/medines-vaikiskos-dirbtuves\\\/\",\"url\":\"https:\\\/\\\/kidsplay.lt\\\/produktas\\\/medines-vaikiskos-dirbtuves\\\/\",\"name\":\"Medin\u0117s vaiki\u0161kos dirbtuv\u0117s - KidsPlay\",\"isPartOf\":{\"@id\":\"https:\\\/\\\/kidsplay.lt\\\/#website\"},\"primaryImageOfPage\":{\"@id\":\"https:\\\/\\\/kidsplay.lt\\\/produktas\\\/medines-vaikiskos-dirbtuves\\\/#primaryimage\"},\"image\":{\"@id\":\"https:\\\/\\\/kidsplay.lt\\\/produktas\\\/medines-vaikiskos-dirbtuves\\\/#primaryimage\"},\"thumbnailUrl\":\"https:\\\/\\\/kidsplay.lt\\\/wp-content\\\/uploads\\\/2023\\\/10\\\/DREWNIANY-WARSZTAT-DZIECI-MAJSTERKOWANIE-AKCESORIA-Marka-inna-1.jpg\",\"datePublished\":\"2023-10-11T18:48:12+00:00\",\"dateModified\":\"2025-12-24T07:22:15+00:00\",\"description\":\"Kiekvienas vaikas m\u0117gsta m\u0117gd\u017eioti suaugusiuosius. \u017daidimas su tikrais \u012frankiais tikriausiai n\u0117ra pati geriausia id\u0117ja, tod\u0117l medin\u0117s dirbtuv\u0117s tam tiks.\",\"breadcrumb\":{\"@id\":\"https:\\\/\\\/kidsplay.lt\\\/produktas\\\/medines-vaikiskos-dirbtuves\\\/#breadcrumb\"},\"inLanguage\":\"lv-LV\",\"potentialAction\":[{\"@type\":\"ReadAction\",\"target\":[\"https:\\\/\\\/kidsplay.lt\\\/produktas\\\/medines-vaikiskos-dirbtuves\\\/\"]}]},{\"@type\":\"ImageObject\",\"inLanguage\":\"lv-LV\",\"@id\":\"https:\\\/\\\/kidsplay.lt\\\/produktas\\\/medines-vaikiskos-dirbtuves\\\/#primaryimage\",\"url\":\"https:\\\/\\\/kidsplay.lt\\\/wp-content\\\/uploads\\\/2023\\\/10\\\/DREWNIANY-WARSZTAT-DZIECI-MAJSTERKOWANIE-AKCESORIA-Marka-inna-1.jpg\",\"contentUrl\":\"https:\\\/\\\/kidsplay.lt\\\/wp-content\\\/uploads\\\/2023\\\/10\\\/DREWNIANY-WARSZTAT-DZIECI-MAJSTERKOWANIE-AKCESORIA-Marka-inna-1.jpg\",\"width\":1116,\"height\":1050},{\"@type\":\"BreadcrumbList\",\"@id\":\"https:\\\/\\\/kidsplay.lt\\\/produktas\\\/medines-vaikiskos-dirbtuves\\\/#breadcrumb\",\"itemListElement\":[{\"@type\":\"ListItem\",\"position\":1,\"name\":\"Pagrindinis\",\"item\":\"https:\\\/\\\/kidsplay.lt\\\/\"},{\"@type\":\"ListItem\",\"position\":2,\"name\":\"Parduotuv\u0117\",\"item\":\"https:\\\/\\\/kidsplay.lt\\\/parduotuve\\\/\"},{\"@type\":\"ListItem\",\"position\":3,\"name\":\"Medin\u0117s vaiki\u0161kos dirbtuv\u0117s\"}]},{\"@type\":\"WebSite\",\"@id\":\"https:\\\/\\\/kidsplay.lt\\\/#website\",\"url\":\"https:\\\/\\\/kidsplay.lt\\\/\",\"name\":\"Kidsplay.lt\",\"description\":\"\u012evairios prek\u0117s vaikams\",\"publisher\":{\"@id\":\"https:\\\/\\\/kidsplay.lt\\\/#organization\"},\"alternateName\":\"Kidsplay\",\"potentialAction\":[{\"@type\":\"SearchAction\",\"target\":{\"@type\":\"EntryPoint\",\"urlTemplate\":\"https:\\\/\\\/kidsplay.lt\\\/?s={search_term_string}\"},\"query-input\":{\"@type\":\"PropertyValueSpecification\",\"valueRequired\":true,\"valueName\":\"search_term_string\"}}],\"inLanguage\":\"lv-LV\"},{\"@type\":\"Organization\",\"@id\":\"https:\\\/\\\/kidsplay.lt\\\/#organization\",\"name\":\"KidsPlay\",\"url\":\"https:\\\/\\\/kidsplay.lt\\\/\",\"logo\":{\"@type\":\"ImageObject\",\"inLanguage\":\"lv-LV\",\"@id\":\"https:\\\/\\\/kidsplay.lt\\\/#\\\/schema\\\/logo\\\/image\\\/\",\"url\":\"https:\\\/\\\/kidsplay.lt\\\/wp-content\\\/uploads\\\/2023\\\/07\\\/kidsplay-logo.png\",\"contentUrl\":\"https:\\\/\\\/kidsplay.lt\\\/wp-content\\\/uploads\\\/2023\\\/07\\\/kidsplay-logo.png\",\"width\":451,\"height\":98,\"caption\":\"KidsPlay\"},\"image\":{\"@id\":\"https:\\\/\\\/kidsplay.lt\\\/#\\\/schema\\\/logo\\\/image\\\/\"},\"sameAs\":[\"https:\\\/\\\/www.facebook.com\\\/www.kidsplay.lt\"]}]}<\/script>\n<!-- \/ Yoast SEO plugin. -->","yoast_head_json":{"title":"Medin\u0117s vaiki\u0161kos dirbtuv\u0117s - KidsPlay","description":"Kiekvienas vaikas m\u0117gsta m\u0117gd\u017eioti suaugusiuosius. \u017daidimas su tikrais \u012frankiais tikriausiai n\u0117ra pati geriausia id\u0117ja, tod\u0117l medin\u0117s dirbtuv\u0117s tam tiks.","robots":{"index":"index","follow":"follow","max-snippet":"max-snippet:-1","max-image-preview":"max-image-preview:large","max-video-preview":"max-video-preview:-1"},"canonical":"https:\/\/kidsplay.lt\/lv\/product\/medines-vaikiskos-dirbtuves\/","og_locale":"lv_LV","og_type":"article","og_title":"Medin\u0117s vaiki\u0161kos dirbtuv\u0117s - KidsPlay","og_description":"Kiekvienas vaikas m\u0117gsta m\u0117gd\u017eioti suaugusiuosius. \u017daidimas su tikrais \u012frankiais tikriausiai n\u0117ra pati geriausia id\u0117ja, tod\u0117l medin\u0117s dirbtuv\u0117s tam tiks.","og_url":"https:\/\/kidsplay.lt\/lv\/product\/medines-vaikiskos-dirbtuves\/","og_site_name":"KidsPlay","article_publisher":"https:\/\/www.facebook.com\/www.kidsplay.lt","article_modified_time":"2025-12-24T07:22:15+00:00","og_image":[{"width":1116,"height":1050,"url":"https:\/\/kidsplay.lt\/wp-content\/uploads\/2023\/10\/DREWNIANY-WARSZTAT-DZIECI-MAJSTERKOWANIE-AKCESORIA-Marka-inna-1.jpg","type":"image\/jpeg"}],"twitter_card":"summary_large_image","twitter_misc":{"Est. reading time":"1 min\u016bte"},"schema":{"@context":"https:\/\/schema.org","@graph":[{"@type":"WebPage","@id":"https:\/\/kidsplay.lt\/produktas\/medines-vaikiskos-dirbtuves\/","url":"https:\/\/kidsplay.lt\/produktas\/medines-vaikiskos-dirbtuves\/","name":"Medin\u0117s vaiki\u0161kos dirbtuv\u0117s - KidsPlay","isPartOf":{"@id":"https:\/\/kidsplay.lt\/#website"},"primaryImageOfPage":{"@id":"https:\/\/kidsplay.lt\/produktas\/medines-vaikiskos-dirbtuves\/#primaryimage"},"image":{"@id":"https:\/\/kidsplay.lt\/produktas\/medines-vaikiskos-dirbtuves\/#primaryimage"},"thumbnailUrl":"https:\/\/kidsplay.lt\/wp-content\/uploads\/2023\/10\/DREWNIANY-WARSZTAT-DZIECI-MAJSTERKOWANIE-AKCESORIA-Marka-inna-1.jpg","datePublished":"2023-10-11T18:48:12+00:00","dateModified":"2025-12-24T07:22:15+00:00","description":"Kiekvienas vaikas m\u0117gsta m\u0117gd\u017eioti suaugusiuosius. \u017daidimas su tikrais \u012frankiais tikriausiai n\u0117ra pati geriausia id\u0117ja, tod\u0117l medin\u0117s dirbtuv\u0117s tam tiks.","breadcrumb":{"@id":"https:\/\/kidsplay.lt\/produktas\/medines-vaikiskos-dirbtuves\/#breadcrumb"},"inLanguage":"lv-LV","potentialAction":[{"@type":"ReadAction","target":["https:\/\/kidsplay.lt\/produktas\/medines-vaikiskos-dirbtuves\/"]}]},{"@type":"ImageObject","inLanguage":"lv-LV","@id":"https:\/\/kidsplay.lt\/produktas\/medines-vaikiskos-dirbtuves\/#primaryimage","url":"https:\/\/kidsplay.lt\/wp-content\/uploads\/2023\/10\/DREWNIANY-WARSZTAT-DZIECI-MAJSTERKOWANIE-AKCESORIA-Marka-inna-1.jpg","contentUrl":"https:\/\/kidsplay.lt\/wp-content\/uploads\/2023\/10\/DREWNIANY-WARSZTAT-DZIECI-MAJSTERKOWANIE-AKCESORIA-Marka-inna-1.jpg","width":1116,"height":1050},{"@type":"BreadcrumbList","@id":"https:\/\/kidsplay.lt\/produktas\/medines-vaikiskos-dirbtuves\/#breadcrumb","itemListElement":[{"@type":"ListItem","position":1,"name":"Pagrindinis","item":"https:\/\/kidsplay.lt\/"},{"@type":"ListItem","position":2,"name":"Parduotuv\u0117","item":"https:\/\/kidsplay.lt\/parduotuve\/"},{"@type":"ListItem","position":3,"name":"Medin\u0117s vaiki\u0161kos dirbtuv\u0117s"}]},{"@type":"WebSite","@id":"https:\/\/kidsplay.lt\/#website","url":"https:\/\/kidsplay.lt\/","name":"B\u0113rnu sp\u0113les.lv","description":"\u012evairios prek\u0117s vaikams","publisher":{"@id":"https:\/\/kidsplay.lt\/#organization"},"alternateName":"Kidsplay","potentialAction":[{"@type":"SearchAction","target":{"@type":"EntryPoint","urlTemplate":"https:\/\/kidsplay.lt\/?s={search_term_string}"},"query-input":{"@type":"PropertyValueSpecification","valueRequired":true,"valueName":"search_term_string"}}],"inLanguage":"lv-LV"},{"@type":"Organization","@id":"https:\/\/kidsplay.lt\/#organization","name":"B\u0113rnu sp\u0113le","url":"https:\/\/kidsplay.lt\/","logo":{"@type":"ImageObject","inLanguage":"lv-LV","@id":"https:\/\/kidsplay.lt\/#\/schema\/logo\/image\/","url":"https:\/\/kidsplay.lt\/wp-content\/uploads\/2023\/07\/kidsplay-logo.png","contentUrl":"https:\/\/kidsplay.lt\/wp-content\/uploads\/2023\/07\/kidsplay-logo.png","width":451,"height":98,"caption":"KidsPlay"},"image":{"@id":"https:\/\/kidsplay.lt\/#\/schema\/logo\/image\/"},"sameAs":["https:\/\/www.facebook.com\/www.kidsplay.lt"]}]}},"_links":{"self":[{"href":"https:\/\/kidsplay.lt\/lv\/wp-json\/wp\/v2\/product\/46788","targetHints":{"allow":["GET"]}}],"collection":[{"href":"https:\/\/kidsplay.lt\/lv\/wp-json\/wp\/v2\/product"}],"about":[{"href":"https:\/\/kidsplay.lt\/lv\/wp-json\/wp\/v2\/types\/product"}],"version-history":[{"count":2,"href":"https:\/\/kidsplay.lt\/lv\/wp-json\/wp\/v2\/product\/46788\/revisions"}],"predecessor-version":[{"id":74280,"href":"https:\/\/kidsplay.lt\/lv\/wp-json\/wp\/v2\/product\/46788\/revisions\/74280"}],"wp:featuredmedia":[{"embeddable":true,"href":"https:\/\/kidsplay.lt\/lv\/wp-json\/wp\/v2\/media\/46794"}],"wp:attachment":[{"href":"https:\/\/kidsplay.lt\/lv\/wp-json\/wp\/v2\/media?parent=46788"}],"wp:term":[{"taxonomy":"product_brand","embeddable":true,"href":"https:\/\/kidsplay.lt\/lv\/wp-json\/wp\/v2\/product_brand?post=46788"},{"taxonomy":"product_cat","embeddable":true,"href":"https:\/\/kidsplay.lt\/lv\/wp-json\/wp\/v2\/product_cat?post=46788"},{"taxonomy":"product_tag","embeddable":true,"href":"https:\/\/kidsplay.lt\/lv\/wp-json\/wp\/v2\/product_tag?post=46788"}],"curies":[{"name":"wp","href":"https:\/\/api.w.org\/{rel}","templated":true}]}}