{"id":47396,"date":"2023-10-29T00:20:09","date_gmt":"2023-10-28T21:20:09","guid":{"rendered":"https:\/\/kidsplay.lt\/?post_type=product&#038;p=47396"},"modified":"2025-10-04T18:45:15","modified_gmt":"2025-10-04T15:45:15","slug":"zaislu-krepsys","status":"publish","type":"product","link":"https:\/\/kidsplay.lt\/lv\/products\/zaislu-krepsys\/","title":{"rendered":"Rota\u013clietu soma"},"content":{"rendered":"<p>Akivaizdu, kad be d\u0117\u017ei\u0173, konteineri\u0173 ar krep\u0161eli\u0173 ne\u012fmanoma patenkinamai sutvarkyti ir sutvarkyti savo nam\u0173 erdv\u0119. Tegul Springos\u00ae krep\u0161elis pad\u0117s \u012fvesti tvark\u0105 j\u016bs\u0173 kambaryje, vaiko kambaryje, vonioje ar miegamajame!<\/p>\n<p>M\u016bs\u0173 gaminio ilgaam\u017ei\u0161kum\u0105 garantuoja vandeniui atsparus polietileno pamu\u0161alas krep\u0161elio vidin\u0117je pus\u0117je. Nereikia jaudintis d\u0117l dr\u0117gn\u0173 med\u017eiag\u0173, pvz., \u0161vie\u017ei\u0173 i\u0161 skalbimo ma\u0161inos, drabu\u017ei\u0173. Taip pat galite nuvalyti \u0161lapi\u0105. Sutvirtintas vir\u0161utinis ovalo formos kra\u0161tas suteikia krep\u0161eliui stabili\u0105 strukt\u016br\u0105, kurios d\u0117ka gaminys gali ilgai stov\u0117ti vienoje vietoje, net ir pripildytas iki kra\u0161t\u0173 \u012fvairi\u0173 daikt\u0173.<\/p>\n<p>Prekinis \u017eenklas: Springos\u00ae<br \/>\nSpalva: kremin\u0117 su juodos, pilkos ir rudos spalvos elementais<br \/>\nI\u0161orin\u0117 med\u017eiaga: 70% linas, 30% medviln\u0117<br \/>\nPaskirtis: saugojimui<br \/>\nRa\u0161tas: dramblys + \u017evaig\u017ed\u0117s<br \/>\nAuk\u0161tis: apie 50 cm<br \/>\nSkersmuo: apie 40 cm<\/p>","protected":false},"excerpt":{"rendered":"<p>Rota\u013clietu soma<\/p>","protected":false},"featured_media":47408,"template":"","meta":{"_acf_changed":false,"_glsr_average":0,"_glsr_ranking":0,"_glsr_reviews":0},"product_brand":[],"product_cat":[311,254],"product_tag":[],"class_list":{"0":"post-47396","1":"product","2":"type-product","3":"status-publish","4":"has-post-thumbnail","6":"product_cat-lentynos","7":"product_cat-vaiko-kambarys","8":"\"style=\"background-color: #2ecc711c;\"","10":"first","11":"instock","12":"shipping-taxable","13":"purchasable","14":"product-type-simple"},"acf":[],"yoast_head":"<!-- This site is optimized with the Yoast SEO plugin v27.3 - https:\/\/yoast.com\/product\/yoast-seo-wordpress\/ -->\n<title>\u017daisl\u0173 krep\u0161ys - KidsPlay<\/title>\n<meta name=\"description\" content=\"Akivaizdu, kad be d\u0117\u017ei\u0173, konteineri\u0173 ar krep\u0161eli\u0173 ne\u012fmanoma patenkinamai sutvarkyti ir sutvarkyti savo nam\u0173 erdv\u0119. Springos\u00ae krep\u0161elis pad\u0117s \u012fvesti tvark\u0105.\" \/>\n<meta name=\"robots\" content=\"index, follow, max-snippet:-1, max-image-preview:large, max-video-preview:-1\" \/>\n<link rel=\"canonical\" href=\"https:\/\/kidsplay.lt\/lv\/products\/zaislu-krepsys\/\" \/>\n<meta property=\"og:locale\" content=\"lv_LV\" \/>\n<meta property=\"og:type\" content=\"article\" \/>\n<meta property=\"og:title\" content=\"\u017daisl\u0173 krep\u0161ys - KidsPlay\" \/>\n<meta property=\"og:description\" content=\"Akivaizdu, kad be d\u0117\u017ei\u0173, konteineri\u0173 ar krep\u0161eli\u0173 ne\u012fmanoma patenkinamai sutvarkyti ir sutvarkyti savo nam\u0173 erdv\u0119. Springos\u00ae krep\u0161elis pad\u0117s \u012fvesti tvark\u0105.\" \/>\n<meta property=\"og:url\" content=\"https:\/\/kidsplay.lt\/lv\/products\/zaislu-krepsys\/\" \/>\n<meta property=\"og:site_name\" content=\"KidsPlay\" \/>\n<meta property=\"article:publisher\" content=\"https:\/\/www.facebook.com\/www.kidsplay.lt\" \/>\n<meta property=\"article:modified_time\" content=\"2025-10-04T15:45:15+00:00\" \/>\n<meta property=\"og:image\" content=\"https:\/\/kidsplay.lt\/wp-content\/uploads\/2023\/10\/DUZY-POJEMNIK-NA-ZABAWKI-PRANIE-ORGANIZER-WOREK.jpg\" \/>\n\t<meta property=\"og:image:width\" content=\"1200\" \/>\n\t<meta property=\"og:image:height\" content=\"1200\" \/>\n\t<meta property=\"og:image:type\" content=\"image\/jpeg\" \/>\n<meta name=\"twitter:card\" content=\"summary_large_image\" \/>\n<meta name=\"twitter:label1\" content=\"Est. reading time\" \/>\n\t<meta name=\"twitter:data1\" content=\"1 min\u016bte\" \/>\n<script type=\"application\/ld+json\" class=\"yoast-schema-graph\">{\"@context\":\"https:\\\/\\\/schema.org\",\"@graph\":[{\"@type\":\"WebPage\",\"@id\":\"https:\\\/\\\/kidsplay.lt\\\/produktas\\\/zaislu-krepsys\\\/\",\"url\":\"https:\\\/\\\/kidsplay.lt\\\/produktas\\\/zaislu-krepsys\\\/\",\"name\":\"\u017daisl\u0173 krep\u0161ys - KidsPlay\",\"isPartOf\":{\"@id\":\"https:\\\/\\\/kidsplay.lt\\\/#website\"},\"primaryImageOfPage\":{\"@id\":\"https:\\\/\\\/kidsplay.lt\\\/produktas\\\/zaislu-krepsys\\\/#primaryimage\"},\"image\":{\"@id\":\"https:\\\/\\\/kidsplay.lt\\\/produktas\\\/zaislu-krepsys\\\/#primaryimage\"},\"thumbnailUrl\":\"https:\\\/\\\/kidsplay.lt\\\/wp-content\\\/uploads\\\/2023\\\/10\\\/DUZY-POJEMNIK-NA-ZABAWKI-PRANIE-ORGANIZER-WOREK.jpg\",\"datePublished\":\"2023-10-28T21:20:09+00:00\",\"dateModified\":\"2025-10-04T15:45:15+00:00\",\"description\":\"Akivaizdu, kad be d\u0117\u017ei\u0173, konteineri\u0173 ar krep\u0161eli\u0173 ne\u012fmanoma patenkinamai sutvarkyti ir sutvarkyti savo nam\u0173 erdv\u0119. Springos\u00ae krep\u0161elis pad\u0117s \u012fvesti tvark\u0105.\",\"breadcrumb\":{\"@id\":\"https:\\\/\\\/kidsplay.lt\\\/produktas\\\/zaislu-krepsys\\\/#breadcrumb\"},\"inLanguage\":\"lv-LV\",\"potentialAction\":[{\"@type\":\"ReadAction\",\"target\":[\"https:\\\/\\\/kidsplay.lt\\\/produktas\\\/zaislu-krepsys\\\/\"]}]},{\"@type\":\"ImageObject\",\"inLanguage\":\"lv-LV\",\"@id\":\"https:\\\/\\\/kidsplay.lt\\\/produktas\\\/zaislu-krepsys\\\/#primaryimage\",\"url\":\"https:\\\/\\\/kidsplay.lt\\\/wp-content\\\/uploads\\\/2023\\\/10\\\/DUZY-POJEMNIK-NA-ZABAWKI-PRANIE-ORGANIZER-WOREK.jpg\",\"contentUrl\":\"https:\\\/\\\/kidsplay.lt\\\/wp-content\\\/uploads\\\/2023\\\/10\\\/DUZY-POJEMNIK-NA-ZABAWKI-PRANIE-ORGANIZER-WOREK.jpg\",\"width\":1200,\"height\":1200},{\"@type\":\"BreadcrumbList\",\"@id\":\"https:\\\/\\\/kidsplay.lt\\\/produktas\\\/zaislu-krepsys\\\/#breadcrumb\",\"itemListElement\":[{\"@type\":\"ListItem\",\"position\":1,\"name\":\"Pagrindinis\",\"item\":\"https:\\\/\\\/kidsplay.lt\\\/\"},{\"@type\":\"ListItem\",\"position\":2,\"name\":\"Parduotuv\u0117\",\"item\":\"https:\\\/\\\/kidsplay.lt\\\/parduotuve\\\/\"},{\"@type\":\"ListItem\",\"position\":3,\"name\":\"\u017daisl\u0173 krep\u0161ys\"}]},{\"@type\":\"WebSite\",\"@id\":\"https:\\\/\\\/kidsplay.lt\\\/#website\",\"url\":\"https:\\\/\\\/kidsplay.lt\\\/\",\"name\":\"Kidsplay.lt\",\"description\":\"\u012evairios prek\u0117s vaikams\",\"publisher\":{\"@id\":\"https:\\\/\\\/kidsplay.lt\\\/#organization\"},\"alternateName\":\"Kidsplay\",\"potentialAction\":[{\"@type\":\"SearchAction\",\"target\":{\"@type\":\"EntryPoint\",\"urlTemplate\":\"https:\\\/\\\/kidsplay.lt\\\/?s={search_term_string}\"},\"query-input\":{\"@type\":\"PropertyValueSpecification\",\"valueRequired\":true,\"valueName\":\"search_term_string\"}}],\"inLanguage\":\"lv-LV\"},{\"@type\":\"Organization\",\"@id\":\"https:\\\/\\\/kidsplay.lt\\\/#organization\",\"name\":\"KidsPlay\",\"url\":\"https:\\\/\\\/kidsplay.lt\\\/\",\"logo\":{\"@type\":\"ImageObject\",\"inLanguage\":\"lv-LV\",\"@id\":\"https:\\\/\\\/kidsplay.lt\\\/#\\\/schema\\\/logo\\\/image\\\/\",\"url\":\"https:\\\/\\\/kidsplay.lt\\\/wp-content\\\/uploads\\\/2023\\\/07\\\/kidsplay-logo.png\",\"contentUrl\":\"https:\\\/\\\/kidsplay.lt\\\/wp-content\\\/uploads\\\/2023\\\/07\\\/kidsplay-logo.png\",\"width\":451,\"height\":98,\"caption\":\"KidsPlay\"},\"image\":{\"@id\":\"https:\\\/\\\/kidsplay.lt\\\/#\\\/schema\\\/logo\\\/image\\\/\"},\"sameAs\":[\"https:\\\/\\\/www.facebook.com\\\/www.kidsplay.lt\"]}]}<\/script>\n<!-- \/ Yoast SEO plugin. -->","yoast_head_json":{"title":"\u017daisl\u0173 krep\u0161ys - KidsPlay","description":"Akivaizdu, kad be d\u0117\u017ei\u0173, konteineri\u0173 ar krep\u0161eli\u0173 ne\u012fmanoma patenkinamai sutvarkyti ir sutvarkyti savo nam\u0173 erdv\u0119. Springos\u00ae krep\u0161elis pad\u0117s \u012fvesti tvark\u0105.","robots":{"index":"index","follow":"follow","max-snippet":"max-snippet:-1","max-image-preview":"max-image-preview:large","max-video-preview":"max-video-preview:-1"},"canonical":"https:\/\/kidsplay.lt\/lv\/products\/zaislu-krepsys\/","og_locale":"lv_LV","og_type":"article","og_title":"\u017daisl\u0173 krep\u0161ys - KidsPlay","og_description":"Akivaizdu, kad be d\u0117\u017ei\u0173, konteineri\u0173 ar krep\u0161eli\u0173 ne\u012fmanoma patenkinamai sutvarkyti ir sutvarkyti savo nam\u0173 erdv\u0119. Springos\u00ae krep\u0161elis pad\u0117s \u012fvesti tvark\u0105.","og_url":"https:\/\/kidsplay.lt\/lv\/products\/zaislu-krepsys\/","og_site_name":"KidsPlay","article_publisher":"https:\/\/www.facebook.com\/www.kidsplay.lt","article_modified_time":"2025-10-04T15:45:15+00:00","og_image":[{"width":1200,"height":1200,"url":"https:\/\/kidsplay.lt\/wp-content\/uploads\/2023\/10\/DUZY-POJEMNIK-NA-ZABAWKI-PRANIE-ORGANIZER-WOREK.jpg","type":"image\/jpeg"}],"twitter_card":"summary_large_image","twitter_misc":{"Est. reading time":"1 min\u016bte"},"schema":{"@context":"https:\/\/schema.org","@graph":[{"@type":"WebPage","@id":"https:\/\/kidsplay.lt\/produktas\/zaislu-krepsys\/","url":"https:\/\/kidsplay.lt\/produktas\/zaislu-krepsys\/","name":"\u017daisl\u0173 krep\u0161ys - KidsPlay","isPartOf":{"@id":"https:\/\/kidsplay.lt\/#website"},"primaryImageOfPage":{"@id":"https:\/\/kidsplay.lt\/produktas\/zaislu-krepsys\/#primaryimage"},"image":{"@id":"https:\/\/kidsplay.lt\/produktas\/zaislu-krepsys\/#primaryimage"},"thumbnailUrl":"https:\/\/kidsplay.lt\/wp-content\/uploads\/2023\/10\/DUZY-POJEMNIK-NA-ZABAWKI-PRANIE-ORGANIZER-WOREK.jpg","datePublished":"2023-10-28T21:20:09+00:00","dateModified":"2025-10-04T15:45:15+00:00","description":"Akivaizdu, kad be d\u0117\u017ei\u0173, konteineri\u0173 ar krep\u0161eli\u0173 ne\u012fmanoma patenkinamai sutvarkyti ir sutvarkyti savo nam\u0173 erdv\u0119. Springos\u00ae krep\u0161elis pad\u0117s \u012fvesti tvark\u0105.","breadcrumb":{"@id":"https:\/\/kidsplay.lt\/produktas\/zaislu-krepsys\/#breadcrumb"},"inLanguage":"lv-LV","potentialAction":[{"@type":"ReadAction","target":["https:\/\/kidsplay.lt\/produktas\/zaislu-krepsys\/"]}]},{"@type":"ImageObject","inLanguage":"lv-LV","@id":"https:\/\/kidsplay.lt\/produktas\/zaislu-krepsys\/#primaryimage","url":"https:\/\/kidsplay.lt\/wp-content\/uploads\/2023\/10\/DUZY-POJEMNIK-NA-ZABAWKI-PRANIE-ORGANIZER-WOREK.jpg","contentUrl":"https:\/\/kidsplay.lt\/wp-content\/uploads\/2023\/10\/DUZY-POJEMNIK-NA-ZABAWKI-PRANIE-ORGANIZER-WOREK.jpg","width":1200,"height":1200},{"@type":"BreadcrumbList","@id":"https:\/\/kidsplay.lt\/produktas\/zaislu-krepsys\/#breadcrumb","itemListElement":[{"@type":"ListItem","position":1,"name":"Pagrindinis","item":"https:\/\/kidsplay.lt\/"},{"@type":"ListItem","position":2,"name":"Parduotuv\u0117","item":"https:\/\/kidsplay.lt\/parduotuve\/"},{"@type":"ListItem","position":3,"name":"\u017daisl\u0173 krep\u0161ys"}]},{"@type":"WebSite","@id":"https:\/\/kidsplay.lt\/#website","url":"https:\/\/kidsplay.lt\/","name":"B\u0113rnu sp\u0113les.lv","description":"\u012evairios prek\u0117s vaikams","publisher":{"@id":"https:\/\/kidsplay.lt\/#organization"},"alternateName":"Kidsplay","potentialAction":[{"@type":"SearchAction","target":{"@type":"EntryPoint","urlTemplate":"https:\/\/kidsplay.lt\/?s={search_term_string}"},"query-input":{"@type":"PropertyValueSpecification","valueRequired":true,"valueName":"search_term_string"}}],"inLanguage":"lv-LV"},{"@type":"Organization","@id":"https:\/\/kidsplay.lt\/#organization","name":"B\u0113rnu sp\u0113le","url":"https:\/\/kidsplay.lt\/","logo":{"@type":"ImageObject","inLanguage":"lv-LV","@id":"https:\/\/kidsplay.lt\/#\/schema\/logo\/image\/","url":"https:\/\/kidsplay.lt\/wp-content\/uploads\/2023\/07\/kidsplay-logo.png","contentUrl":"https:\/\/kidsplay.lt\/wp-content\/uploads\/2023\/07\/kidsplay-logo.png","width":451,"height":98,"caption":"KidsPlay"},"image":{"@id":"https:\/\/kidsplay.lt\/#\/schema\/logo\/image\/"},"sameAs":["https:\/\/www.facebook.com\/www.kidsplay.lt"]}]}},"_links":{"self":[{"href":"https:\/\/kidsplay.lt\/lv\/wp-json\/wp\/v2\/product\/47396","targetHints":{"allow":["GET"]}}],"collection":[{"href":"https:\/\/kidsplay.lt\/lv\/wp-json\/wp\/v2\/product"}],"about":[{"href":"https:\/\/kidsplay.lt\/lv\/wp-json\/wp\/v2\/types\/product"}],"version-history":[{"count":2,"href":"https:\/\/kidsplay.lt\/lv\/wp-json\/wp\/v2\/product\/47396\/revisions"}],"predecessor-version":[{"id":74271,"href":"https:\/\/kidsplay.lt\/lv\/wp-json\/wp\/v2\/product\/47396\/revisions\/74271"}],"wp:featuredmedia":[{"embeddable":true,"href":"https:\/\/kidsplay.lt\/lv\/wp-json\/wp\/v2\/media\/47408"}],"wp:attachment":[{"href":"https:\/\/kidsplay.lt\/lv\/wp-json\/wp\/v2\/media?parent=47396"}],"wp:term":[{"taxonomy":"product_brand","embeddable":true,"href":"https:\/\/kidsplay.lt\/lv\/wp-json\/wp\/v2\/product_brand?post=47396"},{"taxonomy":"product_cat","embeddable":true,"href":"https:\/\/kidsplay.lt\/lv\/wp-json\/wp\/v2\/product_cat?post=47396"},{"taxonomy":"product_tag","embeddable":true,"href":"https:\/\/kidsplay.lt\/lv\/wp-json\/wp\/v2\/product_tag?post=47396"}],"curies":[{"name":"wp","href":"https:\/\/api.w.org\/{rel}","templated":true}]}}