{"id":47437,"date":"2023-10-29T21:35:43","date_gmt":"2023-10-29T19:35:43","guid":{"rendered":"https:\/\/kidsplay.lt\/?post_type=product&#038;p=47437"},"modified":"2025-10-04T18:49:12","modified_gmt":"2025-10-04T15:49:12","slug":"kalbanti-ir-dainuojanti-lele_klara","status":"publish","type":"product","link":"https:\/\/kidsplay.lt\/lv\/products\/kalbanti-ir-dainuojanti-lele_klara\/","title":{"rendered":"Kalbanti ir dainuojanti L\u0117l\u0117 Klara"},"content":{"rendered":"<p>M\u016bs\u0173 l\u0117l\u0117 buvo sukurta atsi\u017evelgiant \u012f ma\u017eiausio d\u017eiaugsm\u0105 ir vaizduot\u0119. Pagaminta skiriant did\u017eiausi\u0105 d\u0117mes\u012f detal\u0117ms, ji d\u017eiugina tikrovi\u0161ka i\u0161vaizda ir draugi\u0161ka \u0161ypsena, kuri i\u0161kart pavogs vaik\u0173 \u0161irdis.<\/p>\n<p>Sveiki, mano vardas Klara. Nuo \u0161iandien a\u0161 visada b\u016bsiu tik su tavimi. Tapk mano geriausiu draugu! \u017daisk su manimi, kartok \u017eod\u017eius ir sakinius po man\u0119s lenk\u0173 ir angl\u0173 kalbomis. Dainuokime dainas kartu.<\/p>\n<p>L\u0117l\u0117s auk\u0161tis: 47 cm<br \/>\nVaiko am\u017eius: 3 metai +<br \/>\nPapildomas drabu\u017ei\u0173 komplektas<br \/>\nM\u016bs\u0173 rinkinyje taip pat yra vienas papildomas drabu\u017ei\u0173 komplektas, tod\u0117l vaikai gali keisti savo l\u0117l\u0117s stili\u0173 ir \u017eaisti su mada. Leiskite vaik\u0173 k\u016brybi\u0161kumui \u017eyd\u0117ti, kai jie renkasi \u012fvairius drabu\u017eius savo m\u0117gstamam draugui.<\/p>\n<p>U\u017emerkia akis<br \/>\nL\u0117l\u0117s akys atviros stovint ir u\u017emerktos gulint.<\/p>\n<p>Komplekte yra:<br \/>\nL\u0117l\u0117<br \/>\nSuknel\u0117<br \/>\nSkryb\u0117l\u0117<br \/>\nAvalyn\u0117<br \/>\nPapildomas drabu\u017ei\u0173 komplektas<br \/>\nSpecifik\u0101cija:<br \/>\nPrekinis \u017eenklas: Kinderplay<br \/>\nGamintojo kodas: KP6069+drabuziai<br \/>\nSerija: Klara mokytoja<br \/>\nKalba ir dainuoja: lenki\u0161kai ir angli\u0161kai<br \/>\nMaitinimas: 2 x AG10, 2 x AG13 (baterijos \u012ftrauktos \u2013 i\u0161bandymas, prie\u0161 pirm\u0105 naudojim\u0105 reikia nuimti apsaug\u0105, kuri \u012fjungs l\u0117l\u0119)<br \/>\nL\u0117l\u0117s auk\u0161tis: 47 cm<br \/>\nL\u0117l\u0117s svoris: 0,7 kg<br \/>\nRekomenduojamas am\u017eius: nuo 36 m\u0117n<\/p>","protected":false},"excerpt":{"rendered":"<p>Kalbanti ir dainuojanti L\u0117l\u0117 Klara<\/p>","protected":false},"featured_media":47444,"template":"","meta":{"_acf_changed":false,"_glsr_average":0,"_glsr_ranking":0,"_glsr_reviews":0},"product_brand":[],"product_cat":[443,229],"product_tag":[],"class_list":{"0":"post-47437","1":"product","2":"type-product","3":"status-publish","4":"has-post-thumbnail","6":"product_cat-leles-ir-priedai","7":"product_cat-zaislai-vaikams","8":"\"style=\"background-color: #2ecc711c;\"","10":"first","11":"instock","12":"shipping-taxable","13":"purchasable","14":"product-type-variable"},"acf":[],"yoast_head":"<!-- This site is optimized with the Yoast SEO plugin v27.3 - https:\/\/yoast.com\/product\/yoast-seo-wordpress\/ -->\n<title>Kalbanti ir dainuojanti L\u0117l\u0117 Klara - KidsPlay<\/title>\n<meta name=\"description\" content=\"M\u016bs\u0173 l\u0117l\u0117 buvo sukurta atsi\u017evelgiant \u012f ma\u017eiausio d\u017eiaugsm\u0105 ir vaizduot\u0119. Pagaminta skiriant did\u017eiausi\u0105 d\u0117mes\u012f detal\u0117ms ir smulkmenoms.\" \/>\n<meta name=\"robots\" content=\"index, follow, max-snippet:-1, max-image-preview:large, max-video-preview:-1\" \/>\n<link rel=\"canonical\" href=\"https:\/\/kidsplay.lt\/lv\/products\/kalbanti-ir-dainuojanti-lele_klara\/\" \/>\n<meta property=\"og:locale\" content=\"lv_LV\" \/>\n<meta property=\"og:type\" content=\"article\" \/>\n<meta property=\"og:title\" content=\"Kalbanti ir dainuojanti L\u0117l\u0117 Klara - KidsPlay\" \/>\n<meta property=\"og:description\" content=\"M\u016bs\u0173 l\u0117l\u0117 buvo sukurta atsi\u017evelgiant \u012f ma\u017eiausio d\u017eiaugsm\u0105 ir vaizduot\u0119. Pagaminta skiriant did\u017eiausi\u0105 d\u0117mes\u012f detal\u0117ms ir smulkmenoms.\" \/>\n<meta property=\"og:url\" content=\"https:\/\/kidsplay.lt\/lv\/products\/kalbanti-ir-dainuojanti-lele_klara\/\" \/>\n<meta property=\"og:site_name\" content=\"KidsPlay\" \/>\n<meta property=\"article:publisher\" content=\"https:\/\/www.facebook.com\/www.kidsplay.lt\" \/>\n<meta property=\"article:modified_time\" content=\"2025-10-04T15:49:12+00:00\" \/>\n<meta property=\"og:image\" content=\"https:\/\/kidsplay.lt\/wp-content\/uploads\/2023\/10\/DUZA-LALKA-BOBAS-INTERAKTYWNA-SPIEWA-I-MOWI-PL-EN.jpg\" \/>\n\t<meta property=\"og:image:width\" content=\"2560\" \/>\n\t<meta property=\"og:image:height\" content=\"2560\" \/>\n\t<meta property=\"og:image:type\" content=\"image\/jpeg\" \/>\n<meta name=\"twitter:card\" content=\"summary_large_image\" \/>\n<meta name=\"twitter:label1\" content=\"Est. reading time\" \/>\n\t<meta name=\"twitter:data1\" content=\"1 min\u016bte\" \/>\n<script type=\"application\/ld+json\" class=\"yoast-schema-graph\">{\"@context\":\"https:\\\/\\\/schema.org\",\"@graph\":[{\"@type\":\"WebPage\",\"@id\":\"https:\\\/\\\/kidsplay.lt\\\/produktas\\\/kalbanti-ir-dainuojanti-lele_klara\\\/\",\"url\":\"https:\\\/\\\/kidsplay.lt\\\/produktas\\\/kalbanti-ir-dainuojanti-lele_klara\\\/\",\"name\":\"Kalbanti ir dainuojanti L\u0117l\u0117 Klara - KidsPlay\",\"isPartOf\":{\"@id\":\"https:\\\/\\\/kidsplay.lt\\\/#website\"},\"primaryImageOfPage\":{\"@id\":\"https:\\\/\\\/kidsplay.lt\\\/produktas\\\/kalbanti-ir-dainuojanti-lele_klara\\\/#primaryimage\"},\"image\":{\"@id\":\"https:\\\/\\\/kidsplay.lt\\\/produktas\\\/kalbanti-ir-dainuojanti-lele_klara\\\/#primaryimage\"},\"thumbnailUrl\":\"https:\\\/\\\/kidsplay.lt\\\/wp-content\\\/uploads\\\/2023\\\/10\\\/DUZA-LALKA-BOBAS-INTERAKTYWNA-SPIEWA-I-MOWI-PL-EN.jpg\",\"datePublished\":\"2023-10-29T19:35:43+00:00\",\"dateModified\":\"2025-10-04T15:49:12+00:00\",\"description\":\"M\u016bs\u0173 l\u0117l\u0117 buvo sukurta atsi\u017evelgiant \u012f ma\u017eiausio d\u017eiaugsm\u0105 ir vaizduot\u0119. Pagaminta skiriant did\u017eiausi\u0105 d\u0117mes\u012f detal\u0117ms ir smulkmenoms.\",\"breadcrumb\":{\"@id\":\"https:\\\/\\\/kidsplay.lt\\\/produktas\\\/kalbanti-ir-dainuojanti-lele_klara\\\/#breadcrumb\"},\"inLanguage\":\"lv-LV\",\"potentialAction\":[{\"@type\":\"ReadAction\",\"target\":[\"https:\\\/\\\/kidsplay.lt\\\/produktas\\\/kalbanti-ir-dainuojanti-lele_klara\\\/\"]}]},{\"@type\":\"ImageObject\",\"inLanguage\":\"lv-LV\",\"@id\":\"https:\\\/\\\/kidsplay.lt\\\/produktas\\\/kalbanti-ir-dainuojanti-lele_klara\\\/#primaryimage\",\"url\":\"https:\\\/\\\/kidsplay.lt\\\/wp-content\\\/uploads\\\/2023\\\/10\\\/DUZA-LALKA-BOBAS-INTERAKTYWNA-SPIEWA-I-MOWI-PL-EN.jpg\",\"contentUrl\":\"https:\\\/\\\/kidsplay.lt\\\/wp-content\\\/uploads\\\/2023\\\/10\\\/DUZA-LALKA-BOBAS-INTERAKTYWNA-SPIEWA-I-MOWI-PL-EN.jpg\",\"width\":2560,\"height\":2560},{\"@type\":\"BreadcrumbList\",\"@id\":\"https:\\\/\\\/kidsplay.lt\\\/produktas\\\/kalbanti-ir-dainuojanti-lele_klara\\\/#breadcrumb\",\"itemListElement\":[{\"@type\":\"ListItem\",\"position\":1,\"name\":\"Pagrindinis\",\"item\":\"https:\\\/\\\/kidsplay.lt\\\/\"},{\"@type\":\"ListItem\",\"position\":2,\"name\":\"Parduotuv\u0117\",\"item\":\"https:\\\/\\\/kidsplay.lt\\\/parduotuve\\\/\"},{\"@type\":\"ListItem\",\"position\":3,\"name\":\"Kalbanti ir dainuojanti L\u0117l\u0117 Klara\"}]},{\"@type\":\"WebSite\",\"@id\":\"https:\\\/\\\/kidsplay.lt\\\/#website\",\"url\":\"https:\\\/\\\/kidsplay.lt\\\/\",\"name\":\"Kidsplay.lt\",\"description\":\"\u012evairios prek\u0117s vaikams\",\"publisher\":{\"@id\":\"https:\\\/\\\/kidsplay.lt\\\/#organization\"},\"alternateName\":\"Kidsplay\",\"potentialAction\":[{\"@type\":\"SearchAction\",\"target\":{\"@type\":\"EntryPoint\",\"urlTemplate\":\"https:\\\/\\\/kidsplay.lt\\\/?s={search_term_string}\"},\"query-input\":{\"@type\":\"PropertyValueSpecification\",\"valueRequired\":true,\"valueName\":\"search_term_string\"}}],\"inLanguage\":\"lv-LV\"},{\"@type\":\"Organization\",\"@id\":\"https:\\\/\\\/kidsplay.lt\\\/#organization\",\"name\":\"KidsPlay\",\"url\":\"https:\\\/\\\/kidsplay.lt\\\/\",\"logo\":{\"@type\":\"ImageObject\",\"inLanguage\":\"lv-LV\",\"@id\":\"https:\\\/\\\/kidsplay.lt\\\/#\\\/schema\\\/logo\\\/image\\\/\",\"url\":\"https:\\\/\\\/kidsplay.lt\\\/wp-content\\\/uploads\\\/2023\\\/07\\\/kidsplay-logo.png\",\"contentUrl\":\"https:\\\/\\\/kidsplay.lt\\\/wp-content\\\/uploads\\\/2023\\\/07\\\/kidsplay-logo.png\",\"width\":451,\"height\":98,\"caption\":\"KidsPlay\"},\"image\":{\"@id\":\"https:\\\/\\\/kidsplay.lt\\\/#\\\/schema\\\/logo\\\/image\\\/\"},\"sameAs\":[\"https:\\\/\\\/www.facebook.com\\\/www.kidsplay.lt\"]}]}<\/script>\n<!-- \/ Yoast SEO plugin. -->","yoast_head_json":{"title":"Kalbanti ir dainuojanti L\u0117l\u0117 Klara - KidsPlay","description":"M\u016bs\u0173 l\u0117l\u0117 buvo sukurta atsi\u017evelgiant \u012f ma\u017eiausio d\u017eiaugsm\u0105 ir vaizduot\u0119. Pagaminta skiriant did\u017eiausi\u0105 d\u0117mes\u012f detal\u0117ms ir smulkmenoms.","robots":{"index":"index","follow":"follow","max-snippet":"max-snippet:-1","max-image-preview":"max-image-preview:large","max-video-preview":"max-video-preview:-1"},"canonical":"https:\/\/kidsplay.lt\/lv\/products\/kalbanti-ir-dainuojanti-lele_klara\/","og_locale":"lv_LV","og_type":"article","og_title":"Kalbanti ir dainuojanti L\u0117l\u0117 Klara - KidsPlay","og_description":"M\u016bs\u0173 l\u0117l\u0117 buvo sukurta atsi\u017evelgiant \u012f ma\u017eiausio d\u017eiaugsm\u0105 ir vaizduot\u0119. Pagaminta skiriant did\u017eiausi\u0105 d\u0117mes\u012f detal\u0117ms ir smulkmenoms.","og_url":"https:\/\/kidsplay.lt\/lv\/products\/kalbanti-ir-dainuojanti-lele_klara\/","og_site_name":"KidsPlay","article_publisher":"https:\/\/www.facebook.com\/www.kidsplay.lt","article_modified_time":"2025-10-04T15:49:12+00:00","og_image":[{"width":2560,"height":2560,"url":"https:\/\/kidsplay.lt\/wp-content\/uploads\/2023\/10\/DUZA-LALKA-BOBAS-INTERAKTYWNA-SPIEWA-I-MOWI-PL-EN.jpg","type":"image\/jpeg"}],"twitter_card":"summary_large_image","twitter_misc":{"Est. reading time":"1 min\u016bte"},"schema":{"@context":"https:\/\/schema.org","@graph":[{"@type":"WebPage","@id":"https:\/\/kidsplay.lt\/produktas\/kalbanti-ir-dainuojanti-lele_klara\/","url":"https:\/\/kidsplay.lt\/produktas\/kalbanti-ir-dainuojanti-lele_klara\/","name":"Kalbanti ir dainuojanti L\u0117l\u0117 Klara - KidsPlay","isPartOf":{"@id":"https:\/\/kidsplay.lt\/#website"},"primaryImageOfPage":{"@id":"https:\/\/kidsplay.lt\/produktas\/kalbanti-ir-dainuojanti-lele_klara\/#primaryimage"},"image":{"@id":"https:\/\/kidsplay.lt\/produktas\/kalbanti-ir-dainuojanti-lele_klara\/#primaryimage"},"thumbnailUrl":"https:\/\/kidsplay.lt\/wp-content\/uploads\/2023\/10\/DUZA-LALKA-BOBAS-INTERAKTYWNA-SPIEWA-I-MOWI-PL-EN.jpg","datePublished":"2023-10-29T19:35:43+00:00","dateModified":"2025-10-04T15:49:12+00:00","description":"M\u016bs\u0173 l\u0117l\u0117 buvo sukurta atsi\u017evelgiant \u012f ma\u017eiausio d\u017eiaugsm\u0105 ir vaizduot\u0119. Pagaminta skiriant did\u017eiausi\u0105 d\u0117mes\u012f detal\u0117ms ir smulkmenoms.","breadcrumb":{"@id":"https:\/\/kidsplay.lt\/produktas\/kalbanti-ir-dainuojanti-lele_klara\/#breadcrumb"},"inLanguage":"lv-LV","potentialAction":[{"@type":"ReadAction","target":["https:\/\/kidsplay.lt\/produktas\/kalbanti-ir-dainuojanti-lele_klara\/"]}]},{"@type":"ImageObject","inLanguage":"lv-LV","@id":"https:\/\/kidsplay.lt\/produktas\/kalbanti-ir-dainuojanti-lele_klara\/#primaryimage","url":"https:\/\/kidsplay.lt\/wp-content\/uploads\/2023\/10\/DUZA-LALKA-BOBAS-INTERAKTYWNA-SPIEWA-I-MOWI-PL-EN.jpg","contentUrl":"https:\/\/kidsplay.lt\/wp-content\/uploads\/2023\/10\/DUZA-LALKA-BOBAS-INTERAKTYWNA-SPIEWA-I-MOWI-PL-EN.jpg","width":2560,"height":2560},{"@type":"BreadcrumbList","@id":"https:\/\/kidsplay.lt\/produktas\/kalbanti-ir-dainuojanti-lele_klara\/#breadcrumb","itemListElement":[{"@type":"ListItem","position":1,"name":"Pagrindinis","item":"https:\/\/kidsplay.lt\/"},{"@type":"ListItem","position":2,"name":"Parduotuv\u0117","item":"https:\/\/kidsplay.lt\/parduotuve\/"},{"@type":"ListItem","position":3,"name":"Kalbanti ir dainuojanti L\u0117l\u0117 Klara"}]},{"@type":"WebSite","@id":"https:\/\/kidsplay.lt\/#website","url":"https:\/\/kidsplay.lt\/","name":"B\u0113rnu sp\u0113les.lv","description":"\u012evairios prek\u0117s vaikams","publisher":{"@id":"https:\/\/kidsplay.lt\/#organization"},"alternateName":"Kidsplay","potentialAction":[{"@type":"SearchAction","target":{"@type":"EntryPoint","urlTemplate":"https:\/\/kidsplay.lt\/?s={search_term_string}"},"query-input":{"@type":"PropertyValueSpecification","valueRequired":true,"valueName":"search_term_string"}}],"inLanguage":"lv-LV"},{"@type":"Organization","@id":"https:\/\/kidsplay.lt\/#organization","name":"B\u0113rnu sp\u0113le","url":"https:\/\/kidsplay.lt\/","logo":{"@type":"ImageObject","inLanguage":"lv-LV","@id":"https:\/\/kidsplay.lt\/#\/schema\/logo\/image\/","url":"https:\/\/kidsplay.lt\/wp-content\/uploads\/2023\/07\/kidsplay-logo.png","contentUrl":"https:\/\/kidsplay.lt\/wp-content\/uploads\/2023\/07\/kidsplay-logo.png","width":451,"height":98,"caption":"KidsPlay"},"image":{"@id":"https:\/\/kidsplay.lt\/#\/schema\/logo\/image\/"},"sameAs":["https:\/\/www.facebook.com\/www.kidsplay.lt"]}]}},"_links":{"self":[{"href":"https:\/\/kidsplay.lt\/lv\/wp-json\/wp\/v2\/product\/47437","targetHints":{"allow":["GET"]}}],"collection":[{"href":"https:\/\/kidsplay.lt\/lv\/wp-json\/wp\/v2\/product"}],"about":[{"href":"https:\/\/kidsplay.lt\/lv\/wp-json\/wp\/v2\/types\/product"}],"version-history":[{"count":2,"href":"https:\/\/kidsplay.lt\/lv\/wp-json\/wp\/v2\/product\/47437\/revisions"}],"predecessor-version":[{"id":74270,"href":"https:\/\/kidsplay.lt\/lv\/wp-json\/wp\/v2\/product\/47437\/revisions\/74270"}],"wp:featuredmedia":[{"embeddable":true,"href":"https:\/\/kidsplay.lt\/lv\/wp-json\/wp\/v2\/media\/47444"}],"wp:attachment":[{"href":"https:\/\/kidsplay.lt\/lv\/wp-json\/wp\/v2\/media?parent=47437"}],"wp:term":[{"taxonomy":"product_brand","embeddable":true,"href":"https:\/\/kidsplay.lt\/lv\/wp-json\/wp\/v2\/product_brand?post=47437"},{"taxonomy":"product_cat","embeddable":true,"href":"https:\/\/kidsplay.lt\/lv\/wp-json\/wp\/v2\/product_cat?post=47437"},{"taxonomy":"product_tag","embeddable":true,"href":"https:\/\/kidsplay.lt\/lv\/wp-json\/wp\/v2\/product_tag?post=47437"}],"curies":[{"name":"wp","href":"https:\/\/api.w.org\/{rel}","templated":true}]}}