{"id":47453,"date":"2023-10-29T21:57:05","date_gmt":"2023-10-29T19:57:05","guid":{"rendered":"https:\/\/kidsplay.lt\/?post_type=product&#038;p=47453"},"modified":"2025-12-24T10:35:11","modified_gmt":"2025-12-24T08:35:11","slug":"advento-kalendorius-tuscias-pildyti-patiems","status":"publish","type":"product","link":"https:\/\/kidsplay.lt\/lv\/products\/advento-kalendorius-tuscias-pildyti-patiems\/","title":{"rendered":"Adventes kalend\u0101rs ir tuk\u0161s (aizpildiet pats)"},"content":{"rendered":"<p>Daugkartinis Spielwerk\u00ae Advento kalendorius kasmet sukelia \u0161ypsen\u0105 j\u016bs\u0173 vaik\u0173 ar dovanos gav\u0117jo veiduose ir sukuria tikr\u0105 Kal\u0117d\u0173 atmosfer\u0105.<\/p>\n<p>Medinis Advento kalendorius, LED ap\u0161vietimas<\/p>\n<p>\u010cia daug erdv\u0117s k\u016brybingoms Advento id\u0117joms.<\/p>\n<p>Medinis Advento kalendorius LED ap\u0161vietimas Kalendoriaus turinys tu\u0161\u010dias (pildyti savaranki\u0161kai)<br \/>\nStilingas gaminys turi daug rafinuot\u0173 detali\u0173 ir ap\u0161vietimo.<\/p>\n<p>Baterija maitinamas LED foninis ap\u0161vietimas gra\u017eiai papuo\u0161 kambar\u012f vakare ir suteiks \u0161ven\u010di\u0173 magijos.<\/p>\n<p>Medinis Advento kalendorius LED ap\u0161vietimas Skirting\u0173 preki\u0173 \u017eenkl\u0173<br \/>\n10 \u0161iltai balt\u0173 LED lempu\u010di\u0173 ap\u0161vie\u010dia centrinius kalendoriaus langus. \u012ejungimo \/ i\u0161jungimo jungiklis yra gale. Kalendorius maitinamas 2 AA baterijomis. (\u012f pristatym\u0105 ne\u012feina)<\/p>\n<p>Kartu su LED ap\u0161vietimu sukuriamas 3D efektas.<br \/>\nProdukto privalumai:<br \/>\ndaugkartinio naudojimo Advento kalendorius \u2013 draugi\u0161kas aplinkai<br \/>\n10 \u0161iltai balt\u0173 \u0161viesos diod\u0173 atmosferos atmosferai<br \/>\n24 durys su raudonais numeriais<br \/>\nDidel\u0117s durys su daug vietos saldumynams<br \/>\npatvari, stabili ir patvari MDF mediena<br \/>\nsud\u0117tingas 3D efektas<br \/>\n10 \u0161iltai balt\u0173 \u0161viesos diod\u0173<br \/>\ntinka vaikams ir suaugusiems<br \/>\n\u012fjungimo\/i\u0161jungimo jungiklis kalendoriaus gale<\/p>","protected":false},"excerpt":{"rendered":"<p>Adventes kalend\u0101rs ir tuk\u0161s (aizpildiet pats)<\/p>","protected":false},"featured_media":47455,"template":"","meta":{"_acf_changed":false,"_glsr_average":0,"_glsr_ranking":0,"_glsr_reviews":0},"product_brand":[],"product_cat":[360],"product_tag":[],"class_list":{"0":"post-47453","1":"product","2":"type-product","3":"status-publish","4":"has-post-thumbnail","6":"product_cat-advento-kalendoriai","7":"\"style=\"background-color: #2ecc711c;\"","9":"first","10":"instock","11":"sale","12":"shipping-taxable","13":"purchasable","14":"product-type-simple"},"acf":[],"yoast_head":"<!-- This site is optimized with the Yoast SEO plugin v27.4 - https:\/\/yoast.com\/product\/yoast-seo-wordpress\/ -->\n<title>Advento kalendorius tu\u0161\u010dias (pildyti patiems) - KidsPlay<\/title>\n<meta name=\"description\" content=\"Daugkartinis Spielwerk\u00ae Advento kalendorius kasmet sukelia \u0161ypsen\u0105 j\u016bs\u0173 vaik\u0173 ar dovanos gav\u0117jo veiduose ir sukuria tikr\u0105 Kal\u0117d\u0173 atmosfer\u0105.\" \/>\n<meta name=\"robots\" content=\"index, follow, max-snippet:-1, max-image-preview:large, max-video-preview:-1\" \/>\n<link rel=\"canonical\" href=\"https:\/\/kidsplay.lt\/lv\/products\/advento-kalendorius-tuscias-pildyti-patiems\/\" \/>\n<meta property=\"og:locale\" content=\"lv_LV\" \/>\n<meta property=\"og:type\" content=\"article\" \/>\n<meta property=\"og:title\" content=\"Advento kalendorius tu\u0161\u010dias (pildyti patiems) - KidsPlay\" \/>\n<meta property=\"og:description\" content=\"Daugkartinis Spielwerk\u00ae Advento kalendorius kasmet sukelia \u0161ypsen\u0105 j\u016bs\u0173 vaik\u0173 ar dovanos gav\u0117jo veiduose ir sukuria tikr\u0105 Kal\u0117d\u0173 atmosfer\u0105.\" \/>\n<meta property=\"og:url\" content=\"https:\/\/kidsplay.lt\/lv\/products\/advento-kalendorius-tuscias-pildyti-patiems\/\" \/>\n<meta property=\"og:site_name\" content=\"KidsPlay\" \/>\n<meta property=\"article:publisher\" content=\"https:\/\/www.facebook.com\/www.kidsplay.lt\" \/>\n<meta property=\"article:modified_time\" content=\"2025-12-24T08:35:11+00:00\" \/>\n<meta property=\"og:image\" content=\"https:\/\/kidsplay.lt\/wp-content\/uploads\/2023\/10\/Kalendarz-Adwentowy-Drewniany-Oswietlenie-LED.jpg\" \/>\n\t<meta property=\"og:image:width\" content=\"1000\" \/>\n\t<meta property=\"og:image:height\" content=\"1000\" \/>\n\t<meta property=\"og:image:type\" content=\"image\/jpeg\" \/>\n<meta name=\"twitter:card\" content=\"summary_large_image\" \/>\n<meta name=\"twitter:label1\" content=\"Est. reading time\" \/>\n\t<meta name=\"twitter:data1\" content=\"1 min\u016bte\" \/>\n<script type=\"application\/ld+json\" class=\"yoast-schema-graph\">{\"@context\":\"https:\\\/\\\/schema.org\",\"@graph\":[{\"@type\":\"WebPage\",\"@id\":\"https:\\\/\\\/kidsplay.lt\\\/produktas\\\/advento-kalendorius-tuscias-pildyti-patiems\\\/\",\"url\":\"https:\\\/\\\/kidsplay.lt\\\/produktas\\\/advento-kalendorius-tuscias-pildyti-patiems\\\/\",\"name\":\"Advento kalendorius tu\u0161\u010dias (pildyti patiems) - KidsPlay\",\"isPartOf\":{\"@id\":\"https:\\\/\\\/kidsplay.lt\\\/#website\"},\"primaryImageOfPage\":{\"@id\":\"https:\\\/\\\/kidsplay.lt\\\/produktas\\\/advento-kalendorius-tuscias-pildyti-patiems\\\/#primaryimage\"},\"image\":{\"@id\":\"https:\\\/\\\/kidsplay.lt\\\/produktas\\\/advento-kalendorius-tuscias-pildyti-patiems\\\/#primaryimage\"},\"thumbnailUrl\":\"https:\\\/\\\/kidsplay.lt\\\/wp-content\\\/uploads\\\/2023\\\/10\\\/Kalendarz-Adwentowy-Drewniany-Oswietlenie-LED.jpg\",\"datePublished\":\"2023-10-29T19:57:05+00:00\",\"dateModified\":\"2025-12-24T08:35:11+00:00\",\"description\":\"Daugkartinis Spielwerk\u00ae Advento kalendorius kasmet sukelia \u0161ypsen\u0105 j\u016bs\u0173 vaik\u0173 ar dovanos gav\u0117jo veiduose ir sukuria tikr\u0105 Kal\u0117d\u0173 atmosfer\u0105.\",\"breadcrumb\":{\"@id\":\"https:\\\/\\\/kidsplay.lt\\\/produktas\\\/advento-kalendorius-tuscias-pildyti-patiems\\\/#breadcrumb\"},\"inLanguage\":\"lv-LV\",\"potentialAction\":[{\"@type\":\"ReadAction\",\"target\":[\"https:\\\/\\\/kidsplay.lt\\\/produktas\\\/advento-kalendorius-tuscias-pildyti-patiems\\\/\"]}]},{\"@type\":\"ImageObject\",\"inLanguage\":\"lv-LV\",\"@id\":\"https:\\\/\\\/kidsplay.lt\\\/produktas\\\/advento-kalendorius-tuscias-pildyti-patiems\\\/#primaryimage\",\"url\":\"https:\\\/\\\/kidsplay.lt\\\/wp-content\\\/uploads\\\/2023\\\/10\\\/Kalendarz-Adwentowy-Drewniany-Oswietlenie-LED.jpg\",\"contentUrl\":\"https:\\\/\\\/kidsplay.lt\\\/wp-content\\\/uploads\\\/2023\\\/10\\\/Kalendarz-Adwentowy-Drewniany-Oswietlenie-LED.jpg\",\"width\":1000,\"height\":1000},{\"@type\":\"BreadcrumbList\",\"@id\":\"https:\\\/\\\/kidsplay.lt\\\/produktas\\\/advento-kalendorius-tuscias-pildyti-patiems\\\/#breadcrumb\",\"itemListElement\":[{\"@type\":\"ListItem\",\"position\":1,\"name\":\"Pagrindinis\",\"item\":\"https:\\\/\\\/kidsplay.lt\\\/\"},{\"@type\":\"ListItem\",\"position\":2,\"name\":\"Parduotuv\u0117\",\"item\":\"https:\\\/\\\/kidsplay.lt\\\/parduotuve\\\/\"},{\"@type\":\"ListItem\",\"position\":3,\"name\":\"Advento kalendorius tu\u0161\u010dias (pildyti patiems)\"}]},{\"@type\":\"WebSite\",\"@id\":\"https:\\\/\\\/kidsplay.lt\\\/#website\",\"url\":\"https:\\\/\\\/kidsplay.lt\\\/\",\"name\":\"Kidsplay.lt\",\"description\":\"\u012evairios prek\u0117s vaikams\",\"publisher\":{\"@id\":\"https:\\\/\\\/kidsplay.lt\\\/#organization\"},\"alternateName\":\"Kidsplay\",\"potentialAction\":[{\"@type\":\"SearchAction\",\"target\":{\"@type\":\"EntryPoint\",\"urlTemplate\":\"https:\\\/\\\/kidsplay.lt\\\/?s={search_term_string}\"},\"query-input\":{\"@type\":\"PropertyValueSpecification\",\"valueRequired\":true,\"valueName\":\"search_term_string\"}}],\"inLanguage\":\"lv-LV\"},{\"@type\":\"Organization\",\"@id\":\"https:\\\/\\\/kidsplay.lt\\\/#organization\",\"name\":\"KidsPlay\",\"url\":\"https:\\\/\\\/kidsplay.lt\\\/\",\"logo\":{\"@type\":\"ImageObject\",\"inLanguage\":\"lv-LV\",\"@id\":\"https:\\\/\\\/kidsplay.lt\\\/#\\\/schema\\\/logo\\\/image\\\/\",\"url\":\"https:\\\/\\\/kidsplay.lt\\\/wp-content\\\/uploads\\\/2023\\\/07\\\/kidsplay-logo.png\",\"contentUrl\":\"https:\\\/\\\/kidsplay.lt\\\/wp-content\\\/uploads\\\/2023\\\/07\\\/kidsplay-logo.png\",\"width\":451,\"height\":98,\"caption\":\"KidsPlay\"},\"image\":{\"@id\":\"https:\\\/\\\/kidsplay.lt\\\/#\\\/schema\\\/logo\\\/image\\\/\"},\"sameAs\":[\"https:\\\/\\\/www.facebook.com\\\/www.kidsplay.lt\"]}]}<\/script>\n<!-- \/ Yoast SEO plugin. -->","yoast_head_json":{"title":"Advento kalendorius tu\u0161\u010dias (pildyti patiems) - KidsPlay","description":"Daugkartinis Spielwerk\u00ae Advento kalendorius kasmet sukelia \u0161ypsen\u0105 j\u016bs\u0173 vaik\u0173 ar dovanos gav\u0117jo veiduose ir sukuria tikr\u0105 Kal\u0117d\u0173 atmosfer\u0105.","robots":{"index":"index","follow":"follow","max-snippet":"max-snippet:-1","max-image-preview":"max-image-preview:large","max-video-preview":"max-video-preview:-1"},"canonical":"https:\/\/kidsplay.lt\/lv\/products\/advento-kalendorius-tuscias-pildyti-patiems\/","og_locale":"lv_LV","og_type":"article","og_title":"Advento kalendorius tu\u0161\u010dias (pildyti patiems) - KidsPlay","og_description":"Daugkartinis Spielwerk\u00ae Advento kalendorius kasmet sukelia \u0161ypsen\u0105 j\u016bs\u0173 vaik\u0173 ar dovanos gav\u0117jo veiduose ir sukuria tikr\u0105 Kal\u0117d\u0173 atmosfer\u0105.","og_url":"https:\/\/kidsplay.lt\/lv\/products\/advento-kalendorius-tuscias-pildyti-patiems\/","og_site_name":"KidsPlay","article_publisher":"https:\/\/www.facebook.com\/www.kidsplay.lt","article_modified_time":"2025-12-24T08:35:11+00:00","og_image":[{"width":1000,"height":1000,"url":"https:\/\/kidsplay.lt\/wp-content\/uploads\/2023\/10\/Kalendarz-Adwentowy-Drewniany-Oswietlenie-LED.jpg","type":"image\/jpeg"}],"twitter_card":"summary_large_image","twitter_misc":{"Est. reading time":"1 min\u016bte"},"schema":{"@context":"https:\/\/schema.org","@graph":[{"@type":"WebPage","@id":"https:\/\/kidsplay.lt\/produktas\/advento-kalendorius-tuscias-pildyti-patiems\/","url":"https:\/\/kidsplay.lt\/produktas\/advento-kalendorius-tuscias-pildyti-patiems\/","name":"Advento kalendorius tu\u0161\u010dias (pildyti patiems) - KidsPlay","isPartOf":{"@id":"https:\/\/kidsplay.lt\/#website"},"primaryImageOfPage":{"@id":"https:\/\/kidsplay.lt\/produktas\/advento-kalendorius-tuscias-pildyti-patiems\/#primaryimage"},"image":{"@id":"https:\/\/kidsplay.lt\/produktas\/advento-kalendorius-tuscias-pildyti-patiems\/#primaryimage"},"thumbnailUrl":"https:\/\/kidsplay.lt\/wp-content\/uploads\/2023\/10\/Kalendarz-Adwentowy-Drewniany-Oswietlenie-LED.jpg","datePublished":"2023-10-29T19:57:05+00:00","dateModified":"2025-12-24T08:35:11+00:00","description":"Daugkartinis Spielwerk\u00ae Advento kalendorius kasmet sukelia \u0161ypsen\u0105 j\u016bs\u0173 vaik\u0173 ar dovanos gav\u0117jo veiduose ir sukuria tikr\u0105 Kal\u0117d\u0173 atmosfer\u0105.","breadcrumb":{"@id":"https:\/\/kidsplay.lt\/produktas\/advento-kalendorius-tuscias-pildyti-patiems\/#breadcrumb"},"inLanguage":"lv-LV","potentialAction":[{"@type":"ReadAction","target":["https:\/\/kidsplay.lt\/produktas\/advento-kalendorius-tuscias-pildyti-patiems\/"]}]},{"@type":"ImageObject","inLanguage":"lv-LV","@id":"https:\/\/kidsplay.lt\/produktas\/advento-kalendorius-tuscias-pildyti-patiems\/#primaryimage","url":"https:\/\/kidsplay.lt\/wp-content\/uploads\/2023\/10\/Kalendarz-Adwentowy-Drewniany-Oswietlenie-LED.jpg","contentUrl":"https:\/\/kidsplay.lt\/wp-content\/uploads\/2023\/10\/Kalendarz-Adwentowy-Drewniany-Oswietlenie-LED.jpg","width":1000,"height":1000},{"@type":"BreadcrumbList","@id":"https:\/\/kidsplay.lt\/produktas\/advento-kalendorius-tuscias-pildyti-patiems\/#breadcrumb","itemListElement":[{"@type":"ListItem","position":1,"name":"Pagrindinis","item":"https:\/\/kidsplay.lt\/"},{"@type":"ListItem","position":2,"name":"Parduotuv\u0117","item":"https:\/\/kidsplay.lt\/parduotuve\/"},{"@type":"ListItem","position":3,"name":"Advento kalendorius tu\u0161\u010dias (pildyti patiems)"}]},{"@type":"WebSite","@id":"https:\/\/kidsplay.lt\/#website","url":"https:\/\/kidsplay.lt\/","name":"B\u0113rnu sp\u0113les.lv","description":"\u012evairios prek\u0117s vaikams","publisher":{"@id":"https:\/\/kidsplay.lt\/#organization"},"alternateName":"Kidsplay","potentialAction":[{"@type":"SearchAction","target":{"@type":"EntryPoint","urlTemplate":"https:\/\/kidsplay.lt\/?s={search_term_string}"},"query-input":{"@type":"PropertyValueSpecification","valueRequired":true,"valueName":"search_term_string"}}],"inLanguage":"lv-LV"},{"@type":"Organization","@id":"https:\/\/kidsplay.lt\/#organization","name":"B\u0113rnu sp\u0113le","url":"https:\/\/kidsplay.lt\/","logo":{"@type":"ImageObject","inLanguage":"lv-LV","@id":"https:\/\/kidsplay.lt\/#\/schema\/logo\/image\/","url":"https:\/\/kidsplay.lt\/wp-content\/uploads\/2023\/07\/kidsplay-logo.png","contentUrl":"https:\/\/kidsplay.lt\/wp-content\/uploads\/2023\/07\/kidsplay-logo.png","width":451,"height":98,"caption":"KidsPlay"},"image":{"@id":"https:\/\/kidsplay.lt\/#\/schema\/logo\/image\/"},"sameAs":["https:\/\/www.facebook.com\/www.kidsplay.lt"]}]}},"_links":{"self":[{"href":"https:\/\/kidsplay.lt\/lv\/wp-json\/wp\/v2\/product\/47453","targetHints":{"allow":["GET"]}}],"collection":[{"href":"https:\/\/kidsplay.lt\/lv\/wp-json\/wp\/v2\/product"}],"about":[{"href":"https:\/\/kidsplay.lt\/lv\/wp-json\/wp\/v2\/types\/product"}],"version-history":[{"count":4,"href":"https:\/\/kidsplay.lt\/lv\/wp-json\/wp\/v2\/product\/47453\/revisions"}],"predecessor-version":[{"id":74269,"href":"https:\/\/kidsplay.lt\/lv\/wp-json\/wp\/v2\/product\/47453\/revisions\/74269"}],"wp:featuredmedia":[{"embeddable":true,"href":"https:\/\/kidsplay.lt\/lv\/wp-json\/wp\/v2\/media\/47455"}],"wp:attachment":[{"href":"https:\/\/kidsplay.lt\/lv\/wp-json\/wp\/v2\/media?parent=47453"}],"wp:term":[{"taxonomy":"product_brand","embeddable":true,"href":"https:\/\/kidsplay.lt\/lv\/wp-json\/wp\/v2\/product_brand?post=47453"},{"taxonomy":"product_cat","embeddable":true,"href":"https:\/\/kidsplay.lt\/lv\/wp-json\/wp\/v2\/product_cat?post=47453"},{"taxonomy":"product_tag","embeddable":true,"href":"https:\/\/kidsplay.lt\/lv\/wp-json\/wp\/v2\/product_tag?post=47453"}],"curies":[{"name":"wp","href":"https:\/\/api.w.org\/{rel}","templated":true}]}}