{"id":47742,"date":"2023-11-12T23:47:02","date_gmt":"2023-11-12T21:47:02","guid":{"rendered":"https:\/\/kidsplay.lt\/?post_type=product&#038;p=47742"},"modified":"2026-02-25T16:16:52","modified_gmt":"2026-02-25T14:16:52","slug":"interaktyvi-vaikstyne-ir-stalas-2in1-malplay","status":"publish","type":"product","link":"https:\/\/kidsplay.lt\/lv\/products\/interaktyvi-vaikstyne-ir-stalas-2in1-malplay\/","title":{"rendered":"Interakt\u012bvs staigul\u012btis un galds 2in1 MalPlay"},"content":{"rendered":"<p>\u201e&quot;WALKER PUSH&quot; IZGL\u012aTOJO\u0160AIS GALDS INTERAKT\u012aVS 5 VIEN\u0100 B\u0112RNIEM<br \/>\nINTERAKT\u012aVA ROTA\u013bLIETA &quot;WALKER PUSH PUH&quot; B\u0112RNIEM<br \/>\nM\u016bsu pied\u0101v\u0101tais produkts apvieno st\u016bm\u0113ja, izgl\u012btojo\u0161a galda, vairoga, basketbola bumbas un klavieru funkcijas. St\u016bm\u0113ju iesak\u0101m visiem mazu\u013ciem no 12 m\u0113ne\u0161u vecuma. Tas ir lielisks pal\u012bgs patst\u0101v\u012bgas staig\u0101\u0161anas apguvei. Staigul\u012btis tika izstr\u0101d\u0101ts, dom\u0101jot par pa\u0161iem maz\u0101kajiem b\u0113rniem, kas garant\u0113 dro\u0161u konstrukciju un augstas kvalit\u0101tes materi\u0101lus, no kuriem tas ir izgatavots. &quot;WALKER PUSH&quot; IZGL\u012aTOJO\u0160AIS GALDS - INTERAKT\u012aVS GROZS B\u0112RNIEM. Pied\u0101v\u0101tais velosip\u0113ds kop\u0101 ar izgl\u012btojo\u0161o galdu darbojas ne tikai k\u0101 staig\u0101\u0161anas apguves l\u012bdzeklis, bet ar\u012b atbalsta mazu\u013ca lingvistisko, sensorisko un motorisko att\u012bst\u012bbu, k\u0101 ar\u012b m\u0101ca. Izgl\u012btojo\u0161o staigul\u012bti ar interakt\u012bvu ska\u0146as d\u0113li ir \u013coti viegli lietot un salikt. Rota\u013clieta ir iepakota liel\u0101, est\u0113tisk\u0101 kast\u0113, t\u0101p\u0113c t\u0101 b\u016bs piem\u0113rota k\u0101 d\u0101vana jaunajiem vec\u0101kiem. M\u0101c\u012bbu staigul\u012b\u0161a rokturi var regul\u0113t uz aug\u0161u un uz leju, piel\u0101gojoties b\u0113rna augumam un lietot\u0101ja kust\u012bb\u0101m.<\/p>\n<p>PARAMETRI:<br \/>\nIepakojuma izm\u0113ri: 46,0 x 14,0 x 35,5 cm<\/p>\n<p>Zilo\u0146a izm\u0113ri: 19,5 x 11,5 x 3,0 cm<\/p>\n<p>St\u016bm\u0113ja izm\u0113ri: 45,0\u201343,0 (regul\u0113jams augstums) x 41,0 (dzi\u013cums) x 42 cm (platums)<\/p>\n<p>Pane\u013ca izm\u0113rs: 34,0 x 25,0 cm<\/p>\n<p>Galda augstums: 21,0 cm<\/p>\n<p>Klavieru baro\u0161anas bloks: 3xAAA (nav iek\u013cauts komplekt\u0101 - pieejams m\u016bsu cit\u0101 izsol\u0113)<\/p>","protected":false},"excerpt":{"rendered":"<p>Interakt\u012bvs staigul\u012btis un galds 2in1 MalPlay<\/p>","protected":false},"featured_media":47745,"template":"","meta":{"_acf_changed":false,"_glsr_average":0,"_glsr_ranking":0,"_glsr_reviews":0},"product_brand":[],"product_cat":[392],"product_tag":[],"class_list":{"0":"post-47742","1":"product","2":"type-product","3":"status-publish","4":"has-post-thumbnail","6":"product_cat-stumdukai-ir-vaikstynes","7":"\"style=\"background-color: #2ecc711c;\"","9":"first","10":"instock","11":"shipping-taxable","12":"purchasable","13":"product-type-simple"},"acf":[],"yoast_head":"<!-- This site is optimized with the Yoast SEO plugin v27.4 - https:\/\/yoast.com\/product\/yoast-seo-wordpress\/ -->\n<title>Interaktyvi vaik\u0161tyn\u0117 ir stalas 2in1 MalPlay - KidsPlay<\/title>\n<meta name=\"description\" content=\"Pristatomas dviratukas kartu su lavinamuoju stalu veikia ne tik kaip mokym\u0105si vaik\u0161\u010dioti, bet ir palaiko k\u016bdikio kalbin\u0119, sensorin\u0119 ir motorin\u0119 raid\u0105.\" \/>\n<meta name=\"robots\" content=\"index, follow, max-snippet:-1, max-image-preview:large, max-video-preview:-1\" \/>\n<link rel=\"canonical\" href=\"https:\/\/kidsplay.lt\/lv\/products\/interaktyvi-vaikstyne-ir-stalas-2in1-malplay\/\" \/>\n<meta property=\"og:locale\" content=\"lv_LV\" \/>\n<meta property=\"og:type\" content=\"article\" \/>\n<meta property=\"og:title\" content=\"Interaktyvi vaik\u0161tyn\u0117 ir stalas 2in1 MalPlay - KidsPlay\" \/>\n<meta property=\"og:description\" content=\"Pristatomas dviratukas kartu su lavinamuoju stalu veikia ne tik kaip mokym\u0105si vaik\u0161\u010dioti, bet ir palaiko k\u016bdikio kalbin\u0119, sensorin\u0119 ir motorin\u0119 raid\u0105.\" \/>\n<meta property=\"og:url\" content=\"https:\/\/kidsplay.lt\/lv\/products\/interaktyvi-vaikstyne-ir-stalas-2in1-malplay\/\" \/>\n<meta property=\"og:site_name\" content=\"KidsPlay\" \/>\n<meta property=\"article:publisher\" content=\"https:\/\/www.facebook.com\/www.kidsplay.lt\" \/>\n<meta property=\"article:modified_time\" content=\"2026-02-25T14:16:52+00:00\" \/>\n<meta property=\"og:image\" content=\"https:\/\/kidsplay.lt\/wp-content\/uploads\/2023\/11\/CHODZIK-PCHACZ-STOLIK-EDUKACYJNY-INTERAKTYWNY-PANEL-KOSZY-5W1-DLA-DZIECI.jpg\" \/>\n\t<meta property=\"og:image:width\" content=\"2560\" \/>\n\t<meta property=\"og:image:height\" content=\"2560\" \/>\n\t<meta property=\"og:image:type\" content=\"image\/jpeg\" \/>\n<meta name=\"twitter:card\" content=\"summary_large_image\" \/>\n<meta name=\"twitter:label1\" content=\"Est. reading time\" \/>\n\t<meta name=\"twitter:data1\" content=\"1 min\u016bte\" \/>\n<script type=\"application\/ld+json\" class=\"yoast-schema-graph\">{\"@context\":\"https:\\\/\\\/schema.org\",\"@graph\":[{\"@type\":\"WebPage\",\"@id\":\"https:\\\/\\\/kidsplay.lt\\\/produktas\\\/interaktyvi-vaikstyne-ir-stalas-2in1-malplay\\\/\",\"url\":\"https:\\\/\\\/kidsplay.lt\\\/produktas\\\/interaktyvi-vaikstyne-ir-stalas-2in1-malplay\\\/\",\"name\":\"Interaktyvi vaik\u0161tyn\u0117 ir stalas 2in1 MalPlay - KidsPlay\",\"isPartOf\":{\"@id\":\"https:\\\/\\\/kidsplay.lt\\\/#website\"},\"primaryImageOfPage\":{\"@id\":\"https:\\\/\\\/kidsplay.lt\\\/produktas\\\/interaktyvi-vaikstyne-ir-stalas-2in1-malplay\\\/#primaryimage\"},\"image\":{\"@id\":\"https:\\\/\\\/kidsplay.lt\\\/produktas\\\/interaktyvi-vaikstyne-ir-stalas-2in1-malplay\\\/#primaryimage\"},\"thumbnailUrl\":\"https:\\\/\\\/kidsplay.lt\\\/wp-content\\\/uploads\\\/2023\\\/11\\\/CHODZIK-PCHACZ-STOLIK-EDUKACYJNY-INTERAKTYWNY-PANEL-KOSZY-5W1-DLA-DZIECI.jpg\",\"datePublished\":\"2023-11-12T21:47:02+00:00\",\"dateModified\":\"2026-02-25T14:16:52+00:00\",\"description\":\"Pristatomas dviratukas kartu su lavinamuoju stalu veikia ne tik kaip mokym\u0105si vaik\u0161\u010dioti, bet ir palaiko k\u016bdikio kalbin\u0119, sensorin\u0119 ir motorin\u0119 raid\u0105.\",\"breadcrumb\":{\"@id\":\"https:\\\/\\\/kidsplay.lt\\\/produktas\\\/interaktyvi-vaikstyne-ir-stalas-2in1-malplay\\\/#breadcrumb\"},\"inLanguage\":\"lv-LV\",\"potentialAction\":[{\"@type\":\"ReadAction\",\"target\":[\"https:\\\/\\\/kidsplay.lt\\\/produktas\\\/interaktyvi-vaikstyne-ir-stalas-2in1-malplay\\\/\"]}]},{\"@type\":\"ImageObject\",\"inLanguage\":\"lv-LV\",\"@id\":\"https:\\\/\\\/kidsplay.lt\\\/produktas\\\/interaktyvi-vaikstyne-ir-stalas-2in1-malplay\\\/#primaryimage\",\"url\":\"https:\\\/\\\/kidsplay.lt\\\/wp-content\\\/uploads\\\/2023\\\/11\\\/CHODZIK-PCHACZ-STOLIK-EDUKACYJNY-INTERAKTYWNY-PANEL-KOSZY-5W1-DLA-DZIECI.jpg\",\"contentUrl\":\"https:\\\/\\\/kidsplay.lt\\\/wp-content\\\/uploads\\\/2023\\\/11\\\/CHODZIK-PCHACZ-STOLIK-EDUKACYJNY-INTERAKTYWNY-PANEL-KOSZY-5W1-DLA-DZIECI.jpg\",\"width\":2560,\"height\":2560},{\"@type\":\"BreadcrumbList\",\"@id\":\"https:\\\/\\\/kidsplay.lt\\\/produktas\\\/interaktyvi-vaikstyne-ir-stalas-2in1-malplay\\\/#breadcrumb\",\"itemListElement\":[{\"@type\":\"ListItem\",\"position\":1,\"name\":\"Pagrindinis\",\"item\":\"https:\\\/\\\/kidsplay.lt\\\/\"},{\"@type\":\"ListItem\",\"position\":2,\"name\":\"Parduotuv\u0117\",\"item\":\"https:\\\/\\\/kidsplay.lt\\\/parduotuve\\\/\"},{\"@type\":\"ListItem\",\"position\":3,\"name\":\"Interaktyvi vaik\u0161tyn\u0117 ir stalas 2in1 MalPlay\"}]},{\"@type\":\"WebSite\",\"@id\":\"https:\\\/\\\/kidsplay.lt\\\/#website\",\"url\":\"https:\\\/\\\/kidsplay.lt\\\/\",\"name\":\"Kidsplay.lt\",\"description\":\"\u012evairios prek\u0117s vaikams\",\"publisher\":{\"@id\":\"https:\\\/\\\/kidsplay.lt\\\/#organization\"},\"alternateName\":\"Kidsplay\",\"potentialAction\":[{\"@type\":\"SearchAction\",\"target\":{\"@type\":\"EntryPoint\",\"urlTemplate\":\"https:\\\/\\\/kidsplay.lt\\\/?s={search_term_string}\"},\"query-input\":{\"@type\":\"PropertyValueSpecification\",\"valueRequired\":true,\"valueName\":\"search_term_string\"}}],\"inLanguage\":\"lv-LV\"},{\"@type\":\"Organization\",\"@id\":\"https:\\\/\\\/kidsplay.lt\\\/#organization\",\"name\":\"KidsPlay\",\"url\":\"https:\\\/\\\/kidsplay.lt\\\/\",\"logo\":{\"@type\":\"ImageObject\",\"inLanguage\":\"lv-LV\",\"@id\":\"https:\\\/\\\/kidsplay.lt\\\/#\\\/schema\\\/logo\\\/image\\\/\",\"url\":\"https:\\\/\\\/kidsplay.lt\\\/wp-content\\\/uploads\\\/2023\\\/07\\\/kidsplay-logo.png\",\"contentUrl\":\"https:\\\/\\\/kidsplay.lt\\\/wp-content\\\/uploads\\\/2023\\\/07\\\/kidsplay-logo.png\",\"width\":451,\"height\":98,\"caption\":\"KidsPlay\"},\"image\":{\"@id\":\"https:\\\/\\\/kidsplay.lt\\\/#\\\/schema\\\/logo\\\/image\\\/\"},\"sameAs\":[\"https:\\\/\\\/www.facebook.com\\\/www.kidsplay.lt\"]}]}<\/script>\n<!-- \/ Yoast SEO plugin. -->","yoast_head_json":{"title":"Interaktyvi vaik\u0161tyn\u0117 ir stalas 2in1 MalPlay - KidsPlay","description":"Pristatomas dviratukas kartu su lavinamuoju stalu veikia ne tik kaip mokym\u0105si vaik\u0161\u010dioti, bet ir palaiko k\u016bdikio kalbin\u0119, sensorin\u0119 ir motorin\u0119 raid\u0105.","robots":{"index":"index","follow":"follow","max-snippet":"max-snippet:-1","max-image-preview":"max-image-preview:large","max-video-preview":"max-video-preview:-1"},"canonical":"https:\/\/kidsplay.lt\/lv\/products\/interaktyvi-vaikstyne-ir-stalas-2in1-malplay\/","og_locale":"lv_LV","og_type":"article","og_title":"Interaktyvi vaik\u0161tyn\u0117 ir stalas 2in1 MalPlay - KidsPlay","og_description":"Pristatomas dviratukas kartu su lavinamuoju stalu veikia ne tik kaip mokym\u0105si vaik\u0161\u010dioti, bet ir palaiko k\u016bdikio kalbin\u0119, sensorin\u0119 ir motorin\u0119 raid\u0105.","og_url":"https:\/\/kidsplay.lt\/lv\/products\/interaktyvi-vaikstyne-ir-stalas-2in1-malplay\/","og_site_name":"KidsPlay","article_publisher":"https:\/\/www.facebook.com\/www.kidsplay.lt","article_modified_time":"2026-02-25T14:16:52+00:00","og_image":[{"width":2560,"height":2560,"url":"https:\/\/kidsplay.lt\/wp-content\/uploads\/2023\/11\/CHODZIK-PCHACZ-STOLIK-EDUKACYJNY-INTERAKTYWNY-PANEL-KOSZY-5W1-DLA-DZIECI.jpg","type":"image\/jpeg"}],"twitter_card":"summary_large_image","twitter_misc":{"Est. reading time":"1 min\u016bte"},"schema":{"@context":"https:\/\/schema.org","@graph":[{"@type":"WebPage","@id":"https:\/\/kidsplay.lt\/produktas\/interaktyvi-vaikstyne-ir-stalas-2in1-malplay\/","url":"https:\/\/kidsplay.lt\/produktas\/interaktyvi-vaikstyne-ir-stalas-2in1-malplay\/","name":"Interaktyvi vaik\u0161tyn\u0117 ir stalas 2in1 MalPlay - KidsPlay","isPartOf":{"@id":"https:\/\/kidsplay.lt\/#website"},"primaryImageOfPage":{"@id":"https:\/\/kidsplay.lt\/produktas\/interaktyvi-vaikstyne-ir-stalas-2in1-malplay\/#primaryimage"},"image":{"@id":"https:\/\/kidsplay.lt\/produktas\/interaktyvi-vaikstyne-ir-stalas-2in1-malplay\/#primaryimage"},"thumbnailUrl":"https:\/\/kidsplay.lt\/wp-content\/uploads\/2023\/11\/CHODZIK-PCHACZ-STOLIK-EDUKACYJNY-INTERAKTYWNY-PANEL-KOSZY-5W1-DLA-DZIECI.jpg","datePublished":"2023-11-12T21:47:02+00:00","dateModified":"2026-02-25T14:16:52+00:00","description":"Pristatomas dviratukas kartu su lavinamuoju stalu veikia ne tik kaip mokym\u0105si vaik\u0161\u010dioti, bet ir palaiko k\u016bdikio kalbin\u0119, sensorin\u0119 ir motorin\u0119 raid\u0105.","breadcrumb":{"@id":"https:\/\/kidsplay.lt\/produktas\/interaktyvi-vaikstyne-ir-stalas-2in1-malplay\/#breadcrumb"},"inLanguage":"lv-LV","potentialAction":[{"@type":"ReadAction","target":["https:\/\/kidsplay.lt\/produktas\/interaktyvi-vaikstyne-ir-stalas-2in1-malplay\/"]}]},{"@type":"ImageObject","inLanguage":"lv-LV","@id":"https:\/\/kidsplay.lt\/produktas\/interaktyvi-vaikstyne-ir-stalas-2in1-malplay\/#primaryimage","url":"https:\/\/kidsplay.lt\/wp-content\/uploads\/2023\/11\/CHODZIK-PCHACZ-STOLIK-EDUKACYJNY-INTERAKTYWNY-PANEL-KOSZY-5W1-DLA-DZIECI.jpg","contentUrl":"https:\/\/kidsplay.lt\/wp-content\/uploads\/2023\/11\/CHODZIK-PCHACZ-STOLIK-EDUKACYJNY-INTERAKTYWNY-PANEL-KOSZY-5W1-DLA-DZIECI.jpg","width":2560,"height":2560},{"@type":"BreadcrumbList","@id":"https:\/\/kidsplay.lt\/produktas\/interaktyvi-vaikstyne-ir-stalas-2in1-malplay\/#breadcrumb","itemListElement":[{"@type":"ListItem","position":1,"name":"Pagrindinis","item":"https:\/\/kidsplay.lt\/"},{"@type":"ListItem","position":2,"name":"Parduotuv\u0117","item":"https:\/\/kidsplay.lt\/parduotuve\/"},{"@type":"ListItem","position":3,"name":"Interaktyvi vaik\u0161tyn\u0117 ir stalas 2in1 MalPlay"}]},{"@type":"WebSite","@id":"https:\/\/kidsplay.lt\/#website","url":"https:\/\/kidsplay.lt\/","name":"B\u0113rnu sp\u0113les.lv","description":"\u012evairios prek\u0117s vaikams","publisher":{"@id":"https:\/\/kidsplay.lt\/#organization"},"alternateName":"Kidsplay","potentialAction":[{"@type":"SearchAction","target":{"@type":"EntryPoint","urlTemplate":"https:\/\/kidsplay.lt\/?s={search_term_string}"},"query-input":{"@type":"PropertyValueSpecification","valueRequired":true,"valueName":"search_term_string"}}],"inLanguage":"lv-LV"},{"@type":"Organization","@id":"https:\/\/kidsplay.lt\/#organization","name":"B\u0113rnu sp\u0113le","url":"https:\/\/kidsplay.lt\/","logo":{"@type":"ImageObject","inLanguage":"lv-LV","@id":"https:\/\/kidsplay.lt\/#\/schema\/logo\/image\/","url":"https:\/\/kidsplay.lt\/wp-content\/uploads\/2023\/07\/kidsplay-logo.png","contentUrl":"https:\/\/kidsplay.lt\/wp-content\/uploads\/2023\/07\/kidsplay-logo.png","width":451,"height":98,"caption":"KidsPlay"},"image":{"@id":"https:\/\/kidsplay.lt\/#\/schema\/logo\/image\/"},"sameAs":["https:\/\/www.facebook.com\/www.kidsplay.lt"]}]}},"_links":{"self":[{"href":"https:\/\/kidsplay.lt\/lv\/wp-json\/wp\/v2\/product\/47742","targetHints":{"allow":["GET"]}}],"collection":[{"href":"https:\/\/kidsplay.lt\/lv\/wp-json\/wp\/v2\/product"}],"about":[{"href":"https:\/\/kidsplay.lt\/lv\/wp-json\/wp\/v2\/types\/product"}],"version-history":[{"count":2,"href":"https:\/\/kidsplay.lt\/lv\/wp-json\/wp\/v2\/product\/47742\/revisions"}],"predecessor-version":[{"id":74263,"href":"https:\/\/kidsplay.lt\/lv\/wp-json\/wp\/v2\/product\/47742\/revisions\/74263"}],"wp:featuredmedia":[{"embeddable":true,"href":"https:\/\/kidsplay.lt\/lv\/wp-json\/wp\/v2\/media\/47745"}],"wp:attachment":[{"href":"https:\/\/kidsplay.lt\/lv\/wp-json\/wp\/v2\/media?parent=47742"}],"wp:term":[{"taxonomy":"product_brand","embeddable":true,"href":"https:\/\/kidsplay.lt\/lv\/wp-json\/wp\/v2\/product_brand?post=47742"},{"taxonomy":"product_cat","embeddable":true,"href":"https:\/\/kidsplay.lt\/lv\/wp-json\/wp\/v2\/product_cat?post=47742"},{"taxonomy":"product_tag","embeddable":true,"href":"https:\/\/kidsplay.lt\/lv\/wp-json\/wp\/v2\/product_tag?post=47742"}],"curies":[{"name":"wp","href":"https:\/\/api.w.org\/{rel}","templated":true}]}}