{"id":48345,"date":"2023-12-12T22:35:20","date_gmt":"2023-12-12T20:35:20","guid":{"rendered":"https:\/\/kidsplay.lt\/?post_type=product&#038;p=48345"},"modified":"2025-10-04T18:54:48","modified_gmt":"2025-10-04T15:54:48","slug":"metalines-roges-su-vokeliu","status":"publish","type":"product","link":"https:\/\/kidsplay.lt\/lv\/products\/metalines-roges-su-vokeliu\/","title":{"rendered":"Met\u0101la ragavas ar aploksni"},"content":{"rendered":"<p>Rogut\u0117s su atlo\u0161u ir miegmai\u0161iu vaikams.<br \/>\nRogutes pagamino Lenkijos gamintojas i\u0161 storo briaunoto plieno ir tvirtos s\u0117dyn\u0117s i\u0161 buko medienos. M\u016bs\u0173 rog\u0117s yra pla\u010dios pad\u0117ties, tod\u0117l jas lengva apversti. Skirtingai nuo kini\u0161ko tanicho, rusta, i\u0161 kurios jis pagamintas, atrodo grubus ir tvirtas.<\/p>\n<p>Miegmai\u0161is yra i\u0161klotas vilna ant s\u0117dyn\u0117s ir peilio dalyje bei i\u0161klotas vandeniui atsparia med\u017eiaga. Ilgas ir auk\u0161tas miegmai\u0161is apgaubia k\u016bdikio nugar\u0117l\u0119, apsaugodamas nuo v\u0117jo ir \u0161al\u010dio. Miegmai\u0161is yra universalus sprendimas mai\u0161ui, gondolai ar rogut\u0117ms. Nugaroje yra atlo\u0161as.<\/p>\n<p>Rinkinys puikiai tinka NEMOKAMAI naudojimui &#8211; dir\u017eas u\u017ededamas u\u017e atlo\u0161o, per miegmai\u0161io tarpus ir tvirtinamas prie vaiko pilvo.<\/p>\n<p>Sandal\u0173 stiprumas &#8211; 130 KG<\/p>","protected":false},"excerpt":{"rendered":"<p>Met\u0101la ragavas ar aploksni<\/p>","protected":false},"featured_media":48355,"template":"","meta":{"_acf_changed":false,"_glsr_average":0,"_glsr_ranking":0,"_glsr_reviews":0},"product_brand":[],"product_cat":[297],"product_tag":[],"class_list":{"0":"post-48345","1":"product","2":"type-product","3":"status-publish","4":"has-post-thumbnail","6":"product_cat-ziemos-pramogos","7":"\"style=\"background-color: #2ecc711c;\"","9":"first","10":"instock","11":"shipping-taxable","12":"purchasable","13":"product-type-simple"},"acf":[],"yoast_head":"<!-- This site is optimized with the Yoast SEO plugin v27.4 - https:\/\/yoast.com\/product\/yoast-seo-wordpress\/ -->\n<title>Metalin\u0117s rog\u0117s su vokeliu - KidsPlay<\/title>\n<meta name=\"description\" content=\"Rogut\u0117s su atlo\u0161u ir miegmai\u0161iu vaikams.Rogutes pagamino Lenkijos gamintojas i\u0161 storo briaunoto plieno ir tvirtos s\u0117dyn\u0117s i\u0161 buko medienos.\" \/>\n<meta name=\"robots\" content=\"index, follow, max-snippet:-1, max-image-preview:large, max-video-preview:-1\" \/>\n<link rel=\"canonical\" href=\"https:\/\/kidsplay.lt\/lv\/products\/metalines-roges-su-vokeliu\/\" \/>\n<meta property=\"og:locale\" content=\"lv_LV\" \/>\n<meta property=\"og:type\" content=\"article\" \/>\n<meta property=\"og:title\" content=\"Metalin\u0117s rog\u0117s su vokeliu - KidsPlay\" \/>\n<meta property=\"og:description\" content=\"Rogut\u0117s su atlo\u0161u ir miegmai\u0161iu vaikams.Rogutes pagamino Lenkijos gamintojas i\u0161 storo briaunoto plieno ir tvirtos s\u0117dyn\u0117s i\u0161 buko medienos.\" \/>\n<meta property=\"og:url\" content=\"https:\/\/kidsplay.lt\/lv\/products\/metalines-roges-su-vokeliu\/\" \/>\n<meta property=\"og:site_name\" content=\"KidsPlay\" \/>\n<meta property=\"article:publisher\" content=\"https:\/\/www.facebook.com\/www.kidsplay.lt\" \/>\n<meta property=\"article:modified_time\" content=\"2025-10-04T15:54:48+00:00\" \/>\n<meta property=\"og:image\" content=\"https:\/\/kidsplay.lt\/wp-content\/uploads\/2023\/12\/Polskie-Sanki-dla-dzieci-z-oparciem-i-spiworkiem.jpg\" \/>\n\t<meta property=\"og:image:width\" content=\"2560\" \/>\n\t<meta property=\"og:image:height\" content=\"1706\" \/>\n\t<meta property=\"og:image:type\" content=\"image\/jpeg\" \/>\n<meta name=\"twitter:card\" content=\"summary_large_image\" \/>\n<meta name=\"twitter:label1\" content=\"Est. reading time\" \/>\n\t<meta name=\"twitter:data1\" content=\"1 min\u016bte\" \/>\n<script type=\"application\/ld+json\" class=\"yoast-schema-graph\">{\"@context\":\"https:\\\/\\\/schema.org\",\"@graph\":[{\"@type\":\"WebPage\",\"@id\":\"https:\\\/\\\/kidsplay.lt\\\/produktas\\\/metalines-roges-su-vokeliu\\\/\",\"url\":\"https:\\\/\\\/kidsplay.lt\\\/produktas\\\/metalines-roges-su-vokeliu\\\/\",\"name\":\"Metalin\u0117s rog\u0117s su vokeliu - KidsPlay\",\"isPartOf\":{\"@id\":\"https:\\\/\\\/kidsplay.lt\\\/#website\"},\"primaryImageOfPage\":{\"@id\":\"https:\\\/\\\/kidsplay.lt\\\/produktas\\\/metalines-roges-su-vokeliu\\\/#primaryimage\"},\"image\":{\"@id\":\"https:\\\/\\\/kidsplay.lt\\\/produktas\\\/metalines-roges-su-vokeliu\\\/#primaryimage\"},\"thumbnailUrl\":\"https:\\\/\\\/kidsplay.lt\\\/wp-content\\\/uploads\\\/2023\\\/12\\\/Polskie-Sanki-dla-dzieci-z-oparciem-i-spiworkiem.jpg\",\"datePublished\":\"2023-12-12T20:35:20+00:00\",\"dateModified\":\"2025-10-04T15:54:48+00:00\",\"description\":\"Rogut\u0117s su atlo\u0161u ir miegmai\u0161iu vaikams.Rogutes pagamino Lenkijos gamintojas i\u0161 storo briaunoto plieno ir tvirtos s\u0117dyn\u0117s i\u0161 buko medienos.\",\"breadcrumb\":{\"@id\":\"https:\\\/\\\/kidsplay.lt\\\/produktas\\\/metalines-roges-su-vokeliu\\\/#breadcrumb\"},\"inLanguage\":\"lv-LV\",\"potentialAction\":[{\"@type\":\"ReadAction\",\"target\":[\"https:\\\/\\\/kidsplay.lt\\\/produktas\\\/metalines-roges-su-vokeliu\\\/\"]}]},{\"@type\":\"ImageObject\",\"inLanguage\":\"lv-LV\",\"@id\":\"https:\\\/\\\/kidsplay.lt\\\/produktas\\\/metalines-roges-su-vokeliu\\\/#primaryimage\",\"url\":\"https:\\\/\\\/kidsplay.lt\\\/wp-content\\\/uploads\\\/2023\\\/12\\\/Polskie-Sanki-dla-dzieci-z-oparciem-i-spiworkiem.jpg\",\"contentUrl\":\"https:\\\/\\\/kidsplay.lt\\\/wp-content\\\/uploads\\\/2023\\\/12\\\/Polskie-Sanki-dla-dzieci-z-oparciem-i-spiworkiem.jpg\",\"width\":2560,\"height\":1706},{\"@type\":\"BreadcrumbList\",\"@id\":\"https:\\\/\\\/kidsplay.lt\\\/produktas\\\/metalines-roges-su-vokeliu\\\/#breadcrumb\",\"itemListElement\":[{\"@type\":\"ListItem\",\"position\":1,\"name\":\"Pagrindinis\",\"item\":\"https:\\\/\\\/kidsplay.lt\\\/\"},{\"@type\":\"ListItem\",\"position\":2,\"name\":\"Parduotuv\u0117\",\"item\":\"https:\\\/\\\/kidsplay.lt\\\/parduotuve\\\/\"},{\"@type\":\"ListItem\",\"position\":3,\"name\":\"Metalin\u0117s rog\u0117s su vokeliu\"}]},{\"@type\":\"WebSite\",\"@id\":\"https:\\\/\\\/kidsplay.lt\\\/#website\",\"url\":\"https:\\\/\\\/kidsplay.lt\\\/\",\"name\":\"Kidsplay.lt\",\"description\":\"\u012evairios prek\u0117s vaikams\",\"publisher\":{\"@id\":\"https:\\\/\\\/kidsplay.lt\\\/#organization\"},\"alternateName\":\"Kidsplay\",\"potentialAction\":[{\"@type\":\"SearchAction\",\"target\":{\"@type\":\"EntryPoint\",\"urlTemplate\":\"https:\\\/\\\/kidsplay.lt\\\/?s={search_term_string}\"},\"query-input\":{\"@type\":\"PropertyValueSpecification\",\"valueRequired\":true,\"valueName\":\"search_term_string\"}}],\"inLanguage\":\"lv-LV\"},{\"@type\":\"Organization\",\"@id\":\"https:\\\/\\\/kidsplay.lt\\\/#organization\",\"name\":\"KidsPlay\",\"url\":\"https:\\\/\\\/kidsplay.lt\\\/\",\"logo\":{\"@type\":\"ImageObject\",\"inLanguage\":\"lv-LV\",\"@id\":\"https:\\\/\\\/kidsplay.lt\\\/#\\\/schema\\\/logo\\\/image\\\/\",\"url\":\"https:\\\/\\\/kidsplay.lt\\\/wp-content\\\/uploads\\\/2023\\\/07\\\/kidsplay-logo.png\",\"contentUrl\":\"https:\\\/\\\/kidsplay.lt\\\/wp-content\\\/uploads\\\/2023\\\/07\\\/kidsplay-logo.png\",\"width\":451,\"height\":98,\"caption\":\"KidsPlay\"},\"image\":{\"@id\":\"https:\\\/\\\/kidsplay.lt\\\/#\\\/schema\\\/logo\\\/image\\\/\"},\"sameAs\":[\"https:\\\/\\\/www.facebook.com\\\/www.kidsplay.lt\"]}]}<\/script>\n<!-- \/ Yoast SEO plugin. -->","yoast_head_json":{"title":"Metalin\u0117s rog\u0117s su vokeliu - KidsPlay","description":"Rogut\u0117s su atlo\u0161u ir miegmai\u0161iu vaikams.Rogutes pagamino Lenkijos gamintojas i\u0161 storo briaunoto plieno ir tvirtos s\u0117dyn\u0117s i\u0161 buko medienos.","robots":{"index":"index","follow":"follow","max-snippet":"max-snippet:-1","max-image-preview":"max-image-preview:large","max-video-preview":"max-video-preview:-1"},"canonical":"https:\/\/kidsplay.lt\/lv\/products\/metalines-roges-su-vokeliu\/","og_locale":"lv_LV","og_type":"article","og_title":"Metalin\u0117s rog\u0117s su vokeliu - KidsPlay","og_description":"Rogut\u0117s su atlo\u0161u ir miegmai\u0161iu vaikams.Rogutes pagamino Lenkijos gamintojas i\u0161 storo briaunoto plieno ir tvirtos s\u0117dyn\u0117s i\u0161 buko medienos.","og_url":"https:\/\/kidsplay.lt\/lv\/products\/metalines-roges-su-vokeliu\/","og_site_name":"KidsPlay","article_publisher":"https:\/\/www.facebook.com\/www.kidsplay.lt","article_modified_time":"2025-10-04T15:54:48+00:00","og_image":[{"width":2560,"height":1706,"url":"https:\/\/kidsplay.lt\/wp-content\/uploads\/2023\/12\/Polskie-Sanki-dla-dzieci-z-oparciem-i-spiworkiem.jpg","type":"image\/jpeg"}],"twitter_card":"summary_large_image","twitter_misc":{"Est. reading time":"1 min\u016bte"},"schema":{"@context":"https:\/\/schema.org","@graph":[{"@type":"WebPage","@id":"https:\/\/kidsplay.lt\/produktas\/metalines-roges-su-vokeliu\/","url":"https:\/\/kidsplay.lt\/produktas\/metalines-roges-su-vokeliu\/","name":"Metalin\u0117s rog\u0117s su vokeliu - KidsPlay","isPartOf":{"@id":"https:\/\/kidsplay.lt\/#website"},"primaryImageOfPage":{"@id":"https:\/\/kidsplay.lt\/produktas\/metalines-roges-su-vokeliu\/#primaryimage"},"image":{"@id":"https:\/\/kidsplay.lt\/produktas\/metalines-roges-su-vokeliu\/#primaryimage"},"thumbnailUrl":"https:\/\/kidsplay.lt\/wp-content\/uploads\/2023\/12\/Polskie-Sanki-dla-dzieci-z-oparciem-i-spiworkiem.jpg","datePublished":"2023-12-12T20:35:20+00:00","dateModified":"2025-10-04T15:54:48+00:00","description":"Rogut\u0117s su atlo\u0161u ir miegmai\u0161iu vaikams.Rogutes pagamino Lenkijos gamintojas i\u0161 storo briaunoto plieno ir tvirtos s\u0117dyn\u0117s i\u0161 buko medienos.","breadcrumb":{"@id":"https:\/\/kidsplay.lt\/produktas\/metalines-roges-su-vokeliu\/#breadcrumb"},"inLanguage":"lv-LV","potentialAction":[{"@type":"ReadAction","target":["https:\/\/kidsplay.lt\/produktas\/metalines-roges-su-vokeliu\/"]}]},{"@type":"ImageObject","inLanguage":"lv-LV","@id":"https:\/\/kidsplay.lt\/produktas\/metalines-roges-su-vokeliu\/#primaryimage","url":"https:\/\/kidsplay.lt\/wp-content\/uploads\/2023\/12\/Polskie-Sanki-dla-dzieci-z-oparciem-i-spiworkiem.jpg","contentUrl":"https:\/\/kidsplay.lt\/wp-content\/uploads\/2023\/12\/Polskie-Sanki-dla-dzieci-z-oparciem-i-spiworkiem.jpg","width":2560,"height":1706},{"@type":"BreadcrumbList","@id":"https:\/\/kidsplay.lt\/produktas\/metalines-roges-su-vokeliu\/#breadcrumb","itemListElement":[{"@type":"ListItem","position":1,"name":"Pagrindinis","item":"https:\/\/kidsplay.lt\/"},{"@type":"ListItem","position":2,"name":"Parduotuv\u0117","item":"https:\/\/kidsplay.lt\/parduotuve\/"},{"@type":"ListItem","position":3,"name":"Metalin\u0117s rog\u0117s su vokeliu"}]},{"@type":"WebSite","@id":"https:\/\/kidsplay.lt\/#website","url":"https:\/\/kidsplay.lt\/","name":"B\u0113rnu sp\u0113les.lv","description":"\u012evairios prek\u0117s vaikams","publisher":{"@id":"https:\/\/kidsplay.lt\/#organization"},"alternateName":"Kidsplay","potentialAction":[{"@type":"SearchAction","target":{"@type":"EntryPoint","urlTemplate":"https:\/\/kidsplay.lt\/?s={search_term_string}"},"query-input":{"@type":"PropertyValueSpecification","valueRequired":true,"valueName":"search_term_string"}}],"inLanguage":"lv-LV"},{"@type":"Organization","@id":"https:\/\/kidsplay.lt\/#organization","name":"B\u0113rnu sp\u0113le","url":"https:\/\/kidsplay.lt\/","logo":{"@type":"ImageObject","inLanguage":"lv-LV","@id":"https:\/\/kidsplay.lt\/#\/schema\/logo\/image\/","url":"https:\/\/kidsplay.lt\/wp-content\/uploads\/2023\/07\/kidsplay-logo.png","contentUrl":"https:\/\/kidsplay.lt\/wp-content\/uploads\/2023\/07\/kidsplay-logo.png","width":451,"height":98,"caption":"KidsPlay"},"image":{"@id":"https:\/\/kidsplay.lt\/#\/schema\/logo\/image\/"},"sameAs":["https:\/\/www.facebook.com\/www.kidsplay.lt"]}]}},"_links":{"self":[{"href":"https:\/\/kidsplay.lt\/lv\/wp-json\/wp\/v2\/product\/48345","targetHints":{"allow":["GET"]}}],"collection":[{"href":"https:\/\/kidsplay.lt\/lv\/wp-json\/wp\/v2\/product"}],"about":[{"href":"https:\/\/kidsplay.lt\/lv\/wp-json\/wp\/v2\/types\/product"}],"version-history":[{"count":3,"href":"https:\/\/kidsplay.lt\/lv\/wp-json\/wp\/v2\/product\/48345\/revisions"}],"predecessor-version":[{"id":74370,"href":"https:\/\/kidsplay.lt\/lv\/wp-json\/wp\/v2\/product\/48345\/revisions\/74370"}],"wp:featuredmedia":[{"embeddable":true,"href":"https:\/\/kidsplay.lt\/lv\/wp-json\/wp\/v2\/media\/48355"}],"wp:attachment":[{"href":"https:\/\/kidsplay.lt\/lv\/wp-json\/wp\/v2\/media?parent=48345"}],"wp:term":[{"taxonomy":"product_brand","embeddable":true,"href":"https:\/\/kidsplay.lt\/lv\/wp-json\/wp\/v2\/product_brand?post=48345"},{"taxonomy":"product_cat","embeddable":true,"href":"https:\/\/kidsplay.lt\/lv\/wp-json\/wp\/v2\/product_cat?post=48345"},{"taxonomy":"product_tag","embeddable":true,"href":"https:\/\/kidsplay.lt\/lv\/wp-json\/wp\/v2\/product_tag?post=48345"}],"curies":[{"name":"wp","href":"https:\/\/api.w.org\/{rel}","templated":true}]}}