{"id":56841,"date":"2024-09-28T09:58:10","date_gmt":"2024-09-28T06:58:10","guid":{"rendered":"https:\/\/kidsplay.lt\/?post_type=product&#038;p=56841"},"modified":"2025-10-04T19:00:25","modified_gmt":"2025-10-04T16:00:25","slug":"dideles-roges-su-miegmaisiu-ir-kailiu-bei-pirstinemis","status":"publish","type":"product","link":"https:\/\/kidsplay.lt\/lv\/products\/dideles-roges-su-miegmaisiu-ir-kailiu-bei-pirstinemis\/","title":{"rendered":"Didel\u0117s rog\u0117s su miegmai\u0161iu ir kailiu bei pir\u0161tin\u0117mis"},"content":{"rendered":"<h1>Lenki\u0161kos DIDIBABY ROG\u0116S su auk\u0161ta ATGARA ir reguliuojamu PUSHER + 2-j\u0173 funkcij\u0173 miegmai\u0161is + BODYNA su kailiu + be MUFKA<\/h1>\n<h1>NAUJAUSIO DIZAINO 2024\/2025 \u017eiemos kolekcija<\/h1>\n<h1>\u2757 Rogut\u0117s su saugos dir\u017eais\u2757<\/h1>\n<h1>MAKSIMALI APkrova IKI 150 KG<\/h1>\n<h2>Esame rogu\u010di\u0173, ve\u017eim\u0117li\u0173 ir vaiki\u0161k\u0173 aksesuar\u0173 gamintojas. Savo pasi\u016bloje turime plat\u0173 si\u016blom\u0173 preki\u0173 asortiment\u0105.<\/h2>\n<h1>\u2757 100% lenki\u0161kas \u2757 PRODUKTAS<\/h1>\n<h1>Pirkdami i\u0161 m\u016bs\u0173, perkate tiesiai i\u0161 gamintojo<\/h1>\n<h1>Si\u016bloma spalva: juoda+ priedai sm\u0117lio spalvos<\/h1>\n<h1>Komplekt\u0101 ietilpst:<\/h1>\n<ul>\n<li>rog\u0117s su traukimo dir\u017eeliu<\/li>\n<li>koj\u0173 atramos<\/li>\n<li>auk\u0161tas atlo\u0161as su saugos dir\u017eu<\/li>\n<li>reguliuojamas st\u016bmiklis<\/li>\n<li>tvirtinimo var\u017et\u0173 rinkinys<\/li>\n<li>reguliuojama kabina su kailiuku<\/li>\n<li>2 funkcij\u0173 miegmai\u0161is<\/li>\n<li>vilnon\u0117s movos (2 atskiros pir\u0161tin\u0117s) be<\/li>\n<li>\n<h1>MODELIO APRA\u0160YMAS<\/h1>\n<ul>\n<li>Rogut\u0117s skirtos vaikams, kurie gali s\u0117d\u0117ti patys<\/li>\n<li>gaminys Polikas pagamintas i\u0161\u00a0<b>plieno su storu profiliu<\/b><\/li>\n<li><b>tvirtos suvirinimo si\u016bl\u0117s<\/b>\u00a0yra patvarios konstrukcijos garantija<\/li>\n<li>moderni elektrostatiniu b\u016bdu da\u017eyta konstrukcija, kuri pasi\u017eymi ypatingu atsparumu mechaniniams pa\u017eeidimams<\/li>\n<li>slydimai su dideliais tarpais padidina m\u016bs\u0173 vaik\u0173 vairavimo saugum\u0105<\/li>\n<li>auk\u0161tas atlo\u0161as su\u00a0<b>saugos dir\u017eu<\/b><\/li>\n<li><b>reguliuojamas st\u016bmikas<\/b>\u00a0yra su guminiu \u012ftempimu<\/li>\n<li>Koj\u0173 atramos padidina vyresni\u0173 vaik\u0173 vairavimo komfort\u0105<\/li>\n<li>atlo\u0161as ir st\u016bmiklis gali b\u016bti lengvai ir greitai nuimami, atsi\u017evelgiant \u012f j\u016bs\u0173 poreikius<\/li>\n<li>rog\u0117se yra\u00a0<b>traukiama juosta<\/b>\u00a0, ilgis 220 cm<\/li>\n<li>Miegmai\u0161is pagamintas i\u0161 vandeniui atsparaus audinio, viduje\u00a0<b>pa\u0161ildytas mink\u0161tu pliu\u0161iniu audiniu<\/b>\u00a0, ona ir mink\u0161tu apmu\u0161al\u0173 putplas\u010diu<\/li>\n<li>miegmai\u0161is i\u0161traukus\u00a0<b>u\u017erakt\u0105 veikia kaip \u0161ilta\u00a0<\/b><b>s\u0117dyn\u0117<\/b><\/li>\n<li>Miegmai\u0161is u\u017ededamas ant rogu\u010di\u0173 nugar\u0117l\u0117s, dugnas prie s\u0117dyn\u0117s tvirtinamas Velcro juostele<\/li>\n<li><b>naujausio dizaino-b\u016bdel\u0117 turi kokybi\u0161k\u0105 kail\u012f,<\/b>\u00a0kailis lengvai ir greitai nuimamas<\/li>\n<li>Stovas gali b\u016bti visi\u0161kai i\u0161montuotas, atsi\u017evelgiant \u012f j\u016bs\u0173 poreikius.<\/li>\n<li><b>100% lenki\u0161kas produktas<\/b><\/li>\n<\/ul>\n<\/li>\n<li>\n<h1>TECHNINIAI DUOMENYS<\/h1>\n<ul>\n<li>Bendri matmenys: 115\/40\/110 cm (I\/W\/H)<\/li>\n<li>S\u0117dyn\u0117s matmenys: 60\/26 cm (L\/P)<\/li>\n<li>St\u016bmiklio auk\u0161tis: 110 cm<\/li>\n<li>Koj\u0173 atramos matmenys: 60\/5 cm (L\/P)<\/li>\n<li>Maksimali apkrova: 150 kg<\/li>\n<li>Rogu\u010di\u0173 svoris: 6 kg<\/li>\n<li>Miegmai\u0161io i\u0161matavimai: 85\/45 cm<\/li>\n<li>\n<div class=\"mpof_ki myre_zn myre_8v_l m389_6m_l\">\n<div class=\"mp4t_16_s mryx_16_s mr3m_1 mli2_1 mh85_56 mh85_0_l\">\n<div class=\"mgn2_16 _0d3bd_am0a-\">\n<h1>MUFAI NEMOKAMAI<\/h1>\n<ul>\n<li>Blynait\u0117s viduje ap\u0161iltintos \u0161velniu pliu\u0161iniu audiniu ir storomis ona<\/li>\n<li>I\u0161 i\u0161or\u0117s jie pagaminti i\u0161 vandeniui ir orui atsparaus audinio<\/li>\n<li>Pir\u0161tin\u0117s u\u017esegamos tinkamai i\u0161d\u0117stytu snapu<\/li>\n<li>Universalus dydis<\/li>\n<\/ul>\n<\/div>\n<\/div>\n<\/div>\n<div class=\"mpof_ki myre_zn myre_8v_l m389_6m_l\">\n<div class=\"mp4t_16_s mryx_16_s mr3m_1 mli2_1 mh85_56 mh85_0_l\">\n<div class=\"mgn2_16 _0d3bd_am0a-\">\n<h2>Nugar\u0105 ir st\u016bmikl\u012f galima lengvai ir greitai nuimti.<\/h2>\n<p>&nbsp;<\/p>\n<\/div>\n<\/div>\n<\/div>\n<\/li>\n<\/ul>\n<\/li>\n<\/ul>","protected":false},"excerpt":{"rendered":"<p>Didel\u0117s rog\u0117s su miegmai\u0161iu ir kailiu bei pir\u0161tin\u0117mis<\/p>","protected":false},"featured_media":56843,"template":"","meta":{"_acf_changed":false,"_glsr_average":0,"_glsr_ranking":0,"_glsr_reviews":0},"product_brand":[],"product_cat":[297],"product_tag":[],"class_list":{"0":"post-56841","1":"product","2":"type-product","3":"status-publish","4":"has-post-thumbnail","6":"product_cat-ziemos-pramogos","7":"\"style=\"background-color: #2ecc711c;\"","9":"first","10":"instock","11":"shipping-taxable","12":"purchasable","13":"product-type-simple"},"acf":[],"yoast_head":"<!-- This site is optimized with the Yoast SEO plugin v27.3 - https:\/\/yoast.com\/product\/yoast-seo-wordpress\/ -->\n<title>Didel\u0117s rog\u0117s su miegmai\u0161iu ir kailiu bei pir\u0161tin\u0117mis - KidsPlay<\/title>\n<meta name=\"description\" content=\"Didel\u0117s rog\u0117s su miegmai\u0161iu ir kailiu bei pir\u0161tin\u0117mis\" \/>\n<meta name=\"robots\" content=\"index, follow, max-snippet:-1, max-image-preview:large, max-video-preview:-1\" \/>\n<link rel=\"canonical\" href=\"https:\/\/kidsplay.lt\/lv\/products\/dideles-roges-su-miegmaisiu-ir-kailiu-bei-pirstinemis\/\" \/>\n<meta property=\"og:locale\" content=\"lv_LV\" \/>\n<meta property=\"og:type\" content=\"article\" \/>\n<meta property=\"og:title\" content=\"Didel\u0117s rog\u0117s su miegmai\u0161iu ir kailiu bei pir\u0161tin\u0117mis - KidsPlay\" \/>\n<meta property=\"og:description\" content=\"Didel\u0117s rog\u0117s su miegmai\u0161iu ir kailiu bei pir\u0161tin\u0117mis\" \/>\n<meta property=\"og:url\" content=\"https:\/\/kidsplay.lt\/lv\/products\/dideles-roges-su-miegmaisiu-ir-kailiu-bei-pirstinemis\/\" \/>\n<meta property=\"og:site_name\" content=\"KidsPlay\" \/>\n<meta property=\"article:publisher\" content=\"https:\/\/www.facebook.com\/www.kidsplay.lt\" \/>\n<meta property=\"article:modified_time\" content=\"2025-10-04T16:00:25+00:00\" \/>\n<meta property=\"og:image\" content=\"https:\/\/kidsplay.lt\/wp-content\/uploads\/2024\/09\/Screenshot_18.png\" \/>\n\t<meta property=\"og:image:width\" content=\"1145\" \/>\n\t<meta property=\"og:image:height\" content=\"870\" \/>\n\t<meta property=\"og:image:type\" content=\"image\/png\" \/>\n<meta name=\"twitter:card\" content=\"summary_large_image\" \/>\n<meta name=\"twitter:label1\" content=\"Est. reading time\" \/>\n\t<meta name=\"twitter:data1\" content=\"2 min\u016btes\" \/>\n<script type=\"application\/ld+json\" class=\"yoast-schema-graph\">{\"@context\":\"https:\\\/\\\/schema.org\",\"@graph\":[{\"@type\":\"WebPage\",\"@id\":\"https:\\\/\\\/kidsplay.lt\\\/produktas\\\/dideles-roges-su-miegmaisiu-ir-kailiu-bei-pirstinemis\\\/\",\"url\":\"https:\\\/\\\/kidsplay.lt\\\/produktas\\\/dideles-roges-su-miegmaisiu-ir-kailiu-bei-pirstinemis\\\/\",\"name\":\"Didel\u0117s rog\u0117s su miegmai\u0161iu ir kailiu bei pir\u0161tin\u0117mis - KidsPlay\",\"isPartOf\":{\"@id\":\"https:\\\/\\\/kidsplay.lt\\\/#website\"},\"primaryImageOfPage\":{\"@id\":\"https:\\\/\\\/kidsplay.lt\\\/produktas\\\/dideles-roges-su-miegmaisiu-ir-kailiu-bei-pirstinemis\\\/#primaryimage\"},\"image\":{\"@id\":\"https:\\\/\\\/kidsplay.lt\\\/produktas\\\/dideles-roges-su-miegmaisiu-ir-kailiu-bei-pirstinemis\\\/#primaryimage\"},\"thumbnailUrl\":\"https:\\\/\\\/kidsplay.lt\\\/wp-content\\\/uploads\\\/2024\\\/09\\\/Screenshot_18.png\",\"datePublished\":\"2024-09-28T06:58:10+00:00\",\"dateModified\":\"2025-10-04T16:00:25+00:00\",\"description\":\"Didel\u0117s rog\u0117s su miegmai\u0161iu ir kailiu bei pir\u0161tin\u0117mis\",\"breadcrumb\":{\"@id\":\"https:\\\/\\\/kidsplay.lt\\\/produktas\\\/dideles-roges-su-miegmaisiu-ir-kailiu-bei-pirstinemis\\\/#breadcrumb\"},\"inLanguage\":\"lv-LV\",\"potentialAction\":[{\"@type\":\"ReadAction\",\"target\":[\"https:\\\/\\\/kidsplay.lt\\\/produktas\\\/dideles-roges-su-miegmaisiu-ir-kailiu-bei-pirstinemis\\\/\"]}]},{\"@type\":\"ImageObject\",\"inLanguage\":\"lv-LV\",\"@id\":\"https:\\\/\\\/kidsplay.lt\\\/produktas\\\/dideles-roges-su-miegmaisiu-ir-kailiu-bei-pirstinemis\\\/#primaryimage\",\"url\":\"https:\\\/\\\/kidsplay.lt\\\/wp-content\\\/uploads\\\/2024\\\/09\\\/Screenshot_18.png\",\"contentUrl\":\"https:\\\/\\\/kidsplay.lt\\\/wp-content\\\/uploads\\\/2024\\\/09\\\/Screenshot_18.png\",\"width\":1145,\"height\":870},{\"@type\":\"BreadcrumbList\",\"@id\":\"https:\\\/\\\/kidsplay.lt\\\/produktas\\\/dideles-roges-su-miegmaisiu-ir-kailiu-bei-pirstinemis\\\/#breadcrumb\",\"itemListElement\":[{\"@type\":\"ListItem\",\"position\":1,\"name\":\"Pagrindinis\",\"item\":\"https:\\\/\\\/kidsplay.lt\\\/\"},{\"@type\":\"ListItem\",\"position\":2,\"name\":\"Parduotuv\u0117\",\"item\":\"https:\\\/\\\/kidsplay.lt\\\/parduotuve\\\/\"},{\"@type\":\"ListItem\",\"position\":3,\"name\":\"Didel\u0117s rog\u0117s su miegmai\u0161iu ir kailiu bei pir\u0161tin\u0117mis\"}]},{\"@type\":\"WebSite\",\"@id\":\"https:\\\/\\\/kidsplay.lt\\\/#website\",\"url\":\"https:\\\/\\\/kidsplay.lt\\\/\",\"name\":\"Kidsplay.lt\",\"description\":\"\u012evairios prek\u0117s vaikams\",\"publisher\":{\"@id\":\"https:\\\/\\\/kidsplay.lt\\\/#organization\"},\"alternateName\":\"Kidsplay\",\"potentialAction\":[{\"@type\":\"SearchAction\",\"target\":{\"@type\":\"EntryPoint\",\"urlTemplate\":\"https:\\\/\\\/kidsplay.lt\\\/?s={search_term_string}\"},\"query-input\":{\"@type\":\"PropertyValueSpecification\",\"valueRequired\":true,\"valueName\":\"search_term_string\"}}],\"inLanguage\":\"lv-LV\"},{\"@type\":\"Organization\",\"@id\":\"https:\\\/\\\/kidsplay.lt\\\/#organization\",\"name\":\"KidsPlay\",\"url\":\"https:\\\/\\\/kidsplay.lt\\\/\",\"logo\":{\"@type\":\"ImageObject\",\"inLanguage\":\"lv-LV\",\"@id\":\"https:\\\/\\\/kidsplay.lt\\\/#\\\/schema\\\/logo\\\/image\\\/\",\"url\":\"https:\\\/\\\/kidsplay.lt\\\/wp-content\\\/uploads\\\/2023\\\/07\\\/kidsplay-logo.png\",\"contentUrl\":\"https:\\\/\\\/kidsplay.lt\\\/wp-content\\\/uploads\\\/2023\\\/07\\\/kidsplay-logo.png\",\"width\":451,\"height\":98,\"caption\":\"KidsPlay\"},\"image\":{\"@id\":\"https:\\\/\\\/kidsplay.lt\\\/#\\\/schema\\\/logo\\\/image\\\/\"},\"sameAs\":[\"https:\\\/\\\/www.facebook.com\\\/www.kidsplay.lt\"]}]}<\/script>\n<!-- \/ Yoast SEO plugin. -->","yoast_head_json":{"title":"Didel\u0117s rog\u0117s su miegmai\u0161iu ir kailiu bei pir\u0161tin\u0117mis - KidsPlay","description":"Didel\u0117s rog\u0117s su miegmai\u0161iu ir kailiu bei pir\u0161tin\u0117mis","robots":{"index":"index","follow":"follow","max-snippet":"max-snippet:-1","max-image-preview":"max-image-preview:large","max-video-preview":"max-video-preview:-1"},"canonical":"https:\/\/kidsplay.lt\/lv\/products\/dideles-roges-su-miegmaisiu-ir-kailiu-bei-pirstinemis\/","og_locale":"lv_LV","og_type":"article","og_title":"Didel\u0117s rog\u0117s su miegmai\u0161iu ir kailiu bei pir\u0161tin\u0117mis - KidsPlay","og_description":"Didel\u0117s rog\u0117s su miegmai\u0161iu ir kailiu bei pir\u0161tin\u0117mis","og_url":"https:\/\/kidsplay.lt\/lv\/products\/dideles-roges-su-miegmaisiu-ir-kailiu-bei-pirstinemis\/","og_site_name":"KidsPlay","article_publisher":"https:\/\/www.facebook.com\/www.kidsplay.lt","article_modified_time":"2025-10-04T16:00:25+00:00","og_image":[{"width":1145,"height":870,"url":"https:\/\/kidsplay.lt\/wp-content\/uploads\/2024\/09\/Screenshot_18.png","type":"image\/png"}],"twitter_card":"summary_large_image","twitter_misc":{"Est. reading time":"2 min\u016btes"},"schema":{"@context":"https:\/\/schema.org","@graph":[{"@type":"WebPage","@id":"https:\/\/kidsplay.lt\/produktas\/dideles-roges-su-miegmaisiu-ir-kailiu-bei-pirstinemis\/","url":"https:\/\/kidsplay.lt\/produktas\/dideles-roges-su-miegmaisiu-ir-kailiu-bei-pirstinemis\/","name":"Didel\u0117s rog\u0117s su miegmai\u0161iu ir kailiu bei pir\u0161tin\u0117mis - KidsPlay","isPartOf":{"@id":"https:\/\/kidsplay.lt\/#website"},"primaryImageOfPage":{"@id":"https:\/\/kidsplay.lt\/produktas\/dideles-roges-su-miegmaisiu-ir-kailiu-bei-pirstinemis\/#primaryimage"},"image":{"@id":"https:\/\/kidsplay.lt\/produktas\/dideles-roges-su-miegmaisiu-ir-kailiu-bei-pirstinemis\/#primaryimage"},"thumbnailUrl":"https:\/\/kidsplay.lt\/wp-content\/uploads\/2024\/09\/Screenshot_18.png","datePublished":"2024-09-28T06:58:10+00:00","dateModified":"2025-10-04T16:00:25+00:00","description":"Didel\u0117s rog\u0117s su miegmai\u0161iu ir kailiu bei pir\u0161tin\u0117mis","breadcrumb":{"@id":"https:\/\/kidsplay.lt\/produktas\/dideles-roges-su-miegmaisiu-ir-kailiu-bei-pirstinemis\/#breadcrumb"},"inLanguage":"lv-LV","potentialAction":[{"@type":"ReadAction","target":["https:\/\/kidsplay.lt\/produktas\/dideles-roges-su-miegmaisiu-ir-kailiu-bei-pirstinemis\/"]}]},{"@type":"ImageObject","inLanguage":"lv-LV","@id":"https:\/\/kidsplay.lt\/produktas\/dideles-roges-su-miegmaisiu-ir-kailiu-bei-pirstinemis\/#primaryimage","url":"https:\/\/kidsplay.lt\/wp-content\/uploads\/2024\/09\/Screenshot_18.png","contentUrl":"https:\/\/kidsplay.lt\/wp-content\/uploads\/2024\/09\/Screenshot_18.png","width":1145,"height":870},{"@type":"BreadcrumbList","@id":"https:\/\/kidsplay.lt\/produktas\/dideles-roges-su-miegmaisiu-ir-kailiu-bei-pirstinemis\/#breadcrumb","itemListElement":[{"@type":"ListItem","position":1,"name":"Pagrindinis","item":"https:\/\/kidsplay.lt\/"},{"@type":"ListItem","position":2,"name":"Parduotuv\u0117","item":"https:\/\/kidsplay.lt\/parduotuve\/"},{"@type":"ListItem","position":3,"name":"Didel\u0117s rog\u0117s su miegmai\u0161iu ir kailiu bei pir\u0161tin\u0117mis"}]},{"@type":"WebSite","@id":"https:\/\/kidsplay.lt\/#website","url":"https:\/\/kidsplay.lt\/","name":"B\u0113rnu sp\u0113les.lv","description":"\u012evairios prek\u0117s vaikams","publisher":{"@id":"https:\/\/kidsplay.lt\/#organization"},"alternateName":"Kidsplay","potentialAction":[{"@type":"SearchAction","target":{"@type":"EntryPoint","urlTemplate":"https:\/\/kidsplay.lt\/?s={search_term_string}"},"query-input":{"@type":"PropertyValueSpecification","valueRequired":true,"valueName":"search_term_string"}}],"inLanguage":"lv-LV"},{"@type":"Organization","@id":"https:\/\/kidsplay.lt\/#organization","name":"B\u0113rnu sp\u0113le","url":"https:\/\/kidsplay.lt\/","logo":{"@type":"ImageObject","inLanguage":"lv-LV","@id":"https:\/\/kidsplay.lt\/#\/schema\/logo\/image\/","url":"https:\/\/kidsplay.lt\/wp-content\/uploads\/2023\/07\/kidsplay-logo.png","contentUrl":"https:\/\/kidsplay.lt\/wp-content\/uploads\/2023\/07\/kidsplay-logo.png","width":451,"height":98,"caption":"KidsPlay"},"image":{"@id":"https:\/\/kidsplay.lt\/#\/schema\/logo\/image\/"},"sameAs":["https:\/\/www.facebook.com\/www.kidsplay.lt"]}]}},"_links":{"self":[{"href":"https:\/\/kidsplay.lt\/lv\/wp-json\/wp\/v2\/product\/56841","targetHints":{"allow":["GET"]}}],"collection":[{"href":"https:\/\/kidsplay.lt\/lv\/wp-json\/wp\/v2\/product"}],"about":[{"href":"https:\/\/kidsplay.lt\/lv\/wp-json\/wp\/v2\/types\/product"}],"version-history":[{"count":3,"href":"https:\/\/kidsplay.lt\/lv\/wp-json\/wp\/v2\/product\/56841\/revisions"}],"predecessor-version":[{"id":74245,"href":"https:\/\/kidsplay.lt\/lv\/wp-json\/wp\/v2\/product\/56841\/revisions\/74245"}],"wp:featuredmedia":[{"embeddable":true,"href":"https:\/\/kidsplay.lt\/lv\/wp-json\/wp\/v2\/media\/56843"}],"wp:attachment":[{"href":"https:\/\/kidsplay.lt\/lv\/wp-json\/wp\/v2\/media?parent=56841"}],"wp:term":[{"taxonomy":"product_brand","embeddable":true,"href":"https:\/\/kidsplay.lt\/lv\/wp-json\/wp\/v2\/product_brand?post=56841"},{"taxonomy":"product_cat","embeddable":true,"href":"https:\/\/kidsplay.lt\/lv\/wp-json\/wp\/v2\/product_cat?post=56841"},{"taxonomy":"product_tag","embeddable":true,"href":"https:\/\/kidsplay.lt\/lv\/wp-json\/wp\/v2\/product_tag?post=56841"}],"curies":[{"name":"wp","href":"https:\/\/api.w.org\/{rel}","templated":true}]}}