{"id":57197,"date":"2024-10-22T19:10:37","date_gmt":"2024-10-22T16:10:37","guid":{"rendered":"https:\/\/kidsplay.lt\/?post_type=product&#038;p=57197"},"modified":"2025-12-24T10:38:25","modified_gmt":"2025-12-24T08:38:25","slug":"lego-advento-kalendorius","status":"publish","type":"product","link":"https:\/\/kidsplay.lt\/lv\/products\/lego-advento-kalendorius\/","title":{"rendered":"Lego advento kalendorius"},"content":{"rendered":"<h2><span>\u2b50\u2b50\u2b50ORIGINALUS LEGO FRIENDS ADVENTO KALENDORIAUS RINKINYS\u2b50\u2b50\u2b50<\/span><\/h2>\n<h2><span>\u2705 Pakuot\u0117je net 231 prek\u0117<\/span><\/h2>\n<h2><span>\u2705Galima derinti su kitais LEGO\u00ae FRIENDS rinkiniais<\/span><\/h2>\n<h2><span>\u2705 Paprastos instrukcijos<\/span><\/h2>\n<h2><span>\u2705Naujos kartos Heirleiko miestas\u00a0<\/span><\/h2>\n<h2><span>Kiekvien\u0105 dien\u0105 naujas rinkinys\u2757\u2757\u2757<\/span><\/h2>\n<p><span>\u27a1 LEGO\u00ae FRIENDS Advento kalendorius pad\u0117s\u00a0<\/span><b><span>skai\u010diuoti iki Kal\u0117d\u0173<\/span><\/b><span>\u00a0! Kiekvien\u0105 dien\u0105 galite atverti duris ir atrasti\u00a0<\/span><b><span>nauj\u0105 staigmen\u0105<\/span><\/b><span>\u00a0, \u012fskaitant \u0161aunius minimodelius ir \u012fdomius aksesuarus.<\/span><\/p>\n<p><span>\u27a1 LEGO\u00ae FRIENDS Advento kalendorius\u00a0<\/span><b><span>d\u017eiaug\u0117si, kad vaikai lauk\u0117<\/span><\/b><span>\u00a0\u0161ven\u010di\u0173 \u2013 jame yra mini modeliukai<\/span><\/p>\n<p><b><span>\u27a1 K\u016brybingas \u017eaidimas<\/span><\/b><span>\u00a0i\u0161tisus metus Vaikai gali\u00a0<\/span><b><span>derinti \u0161i\u0105 nuostabi\u0173 konstravimo \u017eaisl\u0173 kolekcij\u0105 su kitais LEGO rinkiniais,<\/span><\/b><span>\u00a0kad i\u0161tisus metus tur\u0117t\u0173 dar daugiau galimybi\u0173 k\u016brybi\u0161kai \u017eaisti.<\/span><\/p>\n<p><span>\u27a1\u00a0<\/span><b><span>NAUJAS<\/span><\/b><span>\u00a0PRODUKTAS I\u0160PAKUOTAS<\/span><\/p>\n<h2><span>Advento dovanos, kurios i\u0161lieka ilgiau<\/span><\/h2>\n<p><b><span>\u2705\u0160iuose 24 languose<\/span><\/b><span>\u00a0diena i\u0161 dienos yra visa magija detali\u0173, kurios sukuria \u0161ventin\u0119 atmosfer\u0105.<\/span><\/p>\n<p><b><span>\u2705<\/span><\/b><span>\u00a0U\u017e kiekvien\u0173 dur\u0173 laukia mini l\u0117l\u0117s, mikrol\u0117l\u0117s ar mini modeliukai, ty\u00a0<\/span><b><span>kasdien\u0117 Kal\u0117d\u0173 magijos porcija.<\/span><\/b><\/p>\n<p><b><span>\u2705<\/span><\/b><span>\u00a0Leiskite vaikams linksmintis per tobulas Kal\u0117das, o lang\u0173 magija paver\u010dia\u00a0<\/span><b><span>atgalin\u012f skai\u010diavim\u0105 iki did\u017eiosios dienos dvigubai malonesn\u012f.<\/span><\/b><\/p>\n<h2><span>\u25b6 K\u016brybinga dovana \u012fsimyl\u0117j\u0117liams<\/span><\/h2>\n<h2><span>gyv\u016bnai<\/span><\/h2>\n<p><b><span>\u0160is advento kalendorius skirtas Heartlake City augintiniams.<\/span><\/b><span>\u00a0Vaikams patiks tyrin\u0117ti \u012fvairius gyv\u016bnus, mini l\u0117les, mini modelius ir aksesuarus, kurie kartu\u00a0<\/span><b><span>sukuria \u0161ventin\u0119 namini\u0173 gyv\u016bn\u0117li\u0173 \u017eaidim\u0173 aik\u0161tel\u0119<\/span><\/b><span>\u00a0. Gyv\u016bnai gali \u017eaisti ant jo arba va\u017eiuoti Kal\u0117d\u0173 gele\u017einkeliu.\u00a0<\/span><b><span>Vaikai gali b\u016bti k\u016brybingi, nes<\/span><\/b><span>\u00a0padeda Li\u016btui ir Rudeniui papuo\u0161ti Kal\u0117d\u0173 eglut\u0119.<\/span><\/p>\n<h2><span>\u25b6 Kal\u0117din\u0117 dekoracija savaranki\u0161kam gyvenimui<\/span><\/h2>\n<h2><span>dekoracijos<\/span><\/h2>\n<p><b><span>Kalendorius komplektuojamas su kilim\u0117liu ir \u012fvairiais moduliais<\/span><\/b><span>\u00a0, kuriuos derinant ir pertvarkant galima sukurti \u017eaidim\u0173 aik\u0161tel\u0119 naminiams gyv\u016bn\u0117liams. Vaikai taip pat turi kal\u0117din\u0119 d\u0117\u017eut\u0119 ir gali\u00a0<\/span><b><span>papuo\u0161ti bei suasmeninti eglut\u0119<\/span><\/b><span>\u00a0daugybe spalving\u0173 ta\u0161keli\u0173.<\/span><\/p>\n<h2><span>\u25b6 ADVENTO DOVANOS TAI<\/span><\/h2>\n<h2><span>PASILIEKTI ILGIAU<\/span><\/h2>\n<p><span>\u0160ias Kal\u0117das\u00a0<\/span><b><span>LEGO\u00ae Friends gerb\u0117jai<\/span><\/b><span>\u00a0, sulauk\u0119 \u0161e\u0161eri\u0173 met\u0173, nustebina LEGO Friends 2023 m. Advento kalendoriaus rinkiniu.\u00a0<\/span><b><span>Kiekvienos durys atsidaro, rodoma mini l\u0117l\u0117, mikro l\u0117l\u0117 ar minimodelis, d\u0117l kuri\u0173 atgalinis skai\u010diavimas iki Kal\u0117d\u0173 bus ypatingas.<\/span><\/b><\/p>\n<h1><b><span>Sauga:<\/span><\/b><\/h1>\n<p><b><span>\u2705<\/span><\/b><span>\u00a0Visi LEGO\u00ae Marvel konstravimo \u017eaislai yra\u00a0<\/span><b><span>auk\u0161tos kokyb\u0117s rinkiniai<\/span><\/b><span>\u00a0, suteikiantys jauniems superherojams daug galimybi\u0173 vaizduot\u0117s pramogoms.<\/span><\/p>\n<p><b><span>\u2705<\/span><\/b><span>\u00a0LEGO\u00ae\u00a0<\/span><b><span>konstravimo rinkiniai atitinka grie\u017etus pramon\u0117s kokyb\u0117s standartus<\/span><\/b><span>\u00a0, tod\u0117l kalad\u0117l\u0117s visada dera viena prie kitos ir jas kiekvien\u0105 kart\u0105 b\u016bt\u0173 galima lengvai sujungti ir atskirti \u2013 taip yra nuo 1958 m.<\/span><\/p>\n<p><b><span>\u2705<\/span><\/b><span>\u00a0LEGO\u00ae detal\u0117s\u00a0<\/span><b><span>numetamos, kaitinamos, trai\u0161komos, sukamos ir tyrin\u0117jamos daugeliu kit\u0173 b\u016bd\u0173.<\/span><\/b><span>\u00a0Tai u\u017etikrina, kad jie atitinka grie\u017etus pasaulinius saugos standartus.<\/span><\/p>\n<h2><span>\u27a1 PRAKTI\u0160KA ATLANKAMA LENTA<\/span><\/h2>\n<p><span>Galime nedelsdami pastatyti, pastatyti modelius ir \u017eaisti savo\u00a0<\/span><b><span>Kal\u0117d\u0173 nuotykius Lego Friends stiliumi!<\/span><\/b><\/p>\n<h2><span>\u27a1 KAIP PRADEDAME ATSISKAITINIM\u0104?<\/span><\/h2>\n<p><span>Nud\u017eiuginkite\u00a0<\/span><b><span>ma\u017e\u0105j\u0105 Lego Friends<\/span><\/b><span>\u00a0gerb\u0117j\u0105 \u2013 padovanokite jai advento kalendori\u0173, kuris gruod\u012f pavers dvigubu\u00a0<\/span><b><span>magi\u0161ku laukimo ir k\u016brimo laiku.<\/span><\/b><\/p>\n<h2><span>CHARAKTERISTIKOS<\/span><\/h2>\n<ul>\n<li><b><span>\u2705Advento kalendorius konstravimui ir \u017eaidimams \u2013<\/span><\/b><span>\u00a0LEGO\u00ae Friends Advento kalendorius sukurs \u0161ventin\u0119 atmosfer\u0105. Apima konstruojamus persona\u017eus, priedus ir si\u016blo \u012fvairi\u0105 veikl\u0105<\/span><\/li>\n<li><b><span>\u2705Pastatykite kal\u0117din\u0119 \u017eaidim\u0173 aik\u0161tel\u0119 gyv\u016bnams \u2013<\/span><\/b><span>\u00a0atidar\u0119 atskiras duris vaikai gali pastatyti \u017eaidim\u0173 aik\u0161tel\u0119 gyv\u016bnams<\/span><\/li>\n<li><b><span>\u2705Pajuskite \u0161ventin\u0119 atmosfer\u0105 \u2013<\/span><\/b><span>\u00a0yra de\u0161imt LEGO\u00ae Friends persona\u017e\u0173 ir smagi\u0173 kal\u0117dini\u0173 atrakcij\u0173<\/span><\/li>\n<li><b><span>\u2705Daug valand\u0173 \u017eaidimo vaidmenimis \u2013<\/span><\/b><span>\u00a024 sukonstruoti mini \u017eaislai leid\u017eia vaikams sugalvoti \u012fvairi\u0173 nuotyki\u0173 su augintiniais \u017eaidim\u0173 aik\u0161tel\u0117je<\/span><\/li>\n<li><b><span>\u2705Advento dovana \u2013<\/span><\/b><span>\u00a0\u0160is k\u016brybingas advento kalendorius gali b\u016bti dovanojamas vaikams nuo \u0161e\u0161eri\u0173 met\u0173. Tai tikrai juos linksmins vis\u0105 gruod\u012f ir v\u0117liau<\/span><\/li>\n<li><b><span>\u2705Matmenys \u2013<\/span><\/b><span>\u00a0LEGO\u00ae Friends Advento kalendoriaus dovan\u0173 d\u0117\u017eut\u0117s matmenys yra daugiau nei 9 coli\u0173 (25 cm) auk\u0161\u010dio, 14 coli\u0173 (37 cm) plo\u010dio ir 2 coli\u0173 (6 cm) gylio.<\/span><\/li>\n<li><b><span>\u2705Naujos kartos Heartlake City \u2013<\/span><\/b><span>\u00a02023 m. sausio m\u0117n. LEGO\u00ae Friends pasaulis i\u0161sipl\u0117s naujais persona\u017eais ir vietomis, kurios \u012fkv\u0117ps naujiems nuotykiams.<\/span><\/li>\n<li><b><span>\u2705 Kokyb\u0117s garantija \u2013<\/span><\/b><span>\u00a0LEGO\u00ae Friends serija atitinka auk\u0161\u010diausius pramon\u0117s kokyb\u0117s standartus, tod\u0117l kalad\u0117l\u0117s visada dera ir gali b\u016bti puikiai derinamos kiekvien\u0105 kart\u0105<\/span><\/li>\n<\/ul>","protected":false},"excerpt":{"rendered":"<p>Lego advento kalendorius<\/p>","protected":false},"featured_media":57198,"template":"","meta":{"_acf_changed":false,"_glsr_average":0,"_glsr_ranking":0,"_glsr_reviews":0},"product_brand":[],"product_cat":[360],"product_tag":[],"class_list":{"0":"post-57197","1":"product","2":"type-product","3":"status-publish","4":"has-post-thumbnail","6":"product_cat-advento-kalendoriai","7":"\"style=\"background-color: #2ecc711c;\"","9":"first","10":"instock","11":"shipping-taxable","12":"purchasable","13":"product-type-simple"},"acf":[],"yoast_head":"<!-- This site is optimized with the Yoast SEO plugin v27.3 - https:\/\/yoast.com\/product\/yoast-seo-wordpress\/ -->\n<title>Lego advento kalendorius - KidsPlay<\/title>\n<meta name=\"description\" content=\"Lego advento kalendorius\" \/>\n<meta name=\"robots\" content=\"index, follow, max-snippet:-1, max-image-preview:large, max-video-preview:-1\" \/>\n<link rel=\"canonical\" href=\"https:\/\/kidsplay.lt\/lv\/products\/lego-advento-kalendorius\/\" \/>\n<meta property=\"og:locale\" content=\"lv_LV\" \/>\n<meta property=\"og:type\" content=\"article\" \/>\n<meta property=\"og:title\" content=\"Lego advento kalendorius - KidsPlay\" \/>\n<meta property=\"og:description\" content=\"Lego advento kalendorius\" \/>\n<meta property=\"og:url\" content=\"https:\/\/kidsplay.lt\/lv\/products\/lego-advento-kalendorius\/\" \/>\n<meta property=\"og:site_name\" content=\"KidsPlay\" \/>\n<meta property=\"article:publisher\" content=\"https:\/\/www.facebook.com\/www.kidsplay.lt\" \/>\n<meta property=\"article:modified_time\" content=\"2025-12-24T08:38:25+00:00\" \/>\n<meta property=\"og:image\" content=\"https:\/\/kidsplay.lt\/wp-content\/uploads\/2024\/10\/Screenshot_45.png\" \/>\n\t<meta property=\"og:image:width\" content=\"645\" \/>\n\t<meta property=\"og:image:height\" content=\"429\" \/>\n\t<meta property=\"og:image:type\" content=\"image\/png\" \/>\n<meta name=\"twitter:card\" content=\"summary_large_image\" \/>\n<meta name=\"twitter:label1\" content=\"Est. reading time\" \/>\n\t<meta name=\"twitter:data1\" content=\"3 min\u016btes\" \/>\n<script type=\"application\/ld+json\" class=\"yoast-schema-graph\">{\"@context\":\"https:\\\/\\\/schema.org\",\"@graph\":[{\"@type\":\"WebPage\",\"@id\":\"https:\\\/\\\/kidsplay.lt\\\/produktas\\\/lego-advento-kalendorius\\\/\",\"url\":\"https:\\\/\\\/kidsplay.lt\\\/produktas\\\/lego-advento-kalendorius\\\/\",\"name\":\"Lego advento kalendorius - KidsPlay\",\"isPartOf\":{\"@id\":\"https:\\\/\\\/kidsplay.lt\\\/#website\"},\"primaryImageOfPage\":{\"@id\":\"https:\\\/\\\/kidsplay.lt\\\/produktas\\\/lego-advento-kalendorius\\\/#primaryimage\"},\"image\":{\"@id\":\"https:\\\/\\\/kidsplay.lt\\\/produktas\\\/lego-advento-kalendorius\\\/#primaryimage\"},\"thumbnailUrl\":\"https:\\\/\\\/kidsplay.lt\\\/wp-content\\\/uploads\\\/2024\\\/10\\\/Screenshot_45.png\",\"datePublished\":\"2024-10-22T16:10:37+00:00\",\"dateModified\":\"2025-12-24T08:38:25+00:00\",\"description\":\"Lego advento kalendorius\",\"breadcrumb\":{\"@id\":\"https:\\\/\\\/kidsplay.lt\\\/produktas\\\/lego-advento-kalendorius\\\/#breadcrumb\"},\"inLanguage\":\"lv-LV\",\"potentialAction\":[{\"@type\":\"ReadAction\",\"target\":[\"https:\\\/\\\/kidsplay.lt\\\/produktas\\\/lego-advento-kalendorius\\\/\"]}]},{\"@type\":\"ImageObject\",\"inLanguage\":\"lv-LV\",\"@id\":\"https:\\\/\\\/kidsplay.lt\\\/produktas\\\/lego-advento-kalendorius\\\/#primaryimage\",\"url\":\"https:\\\/\\\/kidsplay.lt\\\/wp-content\\\/uploads\\\/2024\\\/10\\\/Screenshot_45.png\",\"contentUrl\":\"https:\\\/\\\/kidsplay.lt\\\/wp-content\\\/uploads\\\/2024\\\/10\\\/Screenshot_45.png\",\"width\":645,\"height\":429},{\"@type\":\"BreadcrumbList\",\"@id\":\"https:\\\/\\\/kidsplay.lt\\\/produktas\\\/lego-advento-kalendorius\\\/#breadcrumb\",\"itemListElement\":[{\"@type\":\"ListItem\",\"position\":1,\"name\":\"Pagrindinis\",\"item\":\"https:\\\/\\\/kidsplay.lt\\\/\"},{\"@type\":\"ListItem\",\"position\":2,\"name\":\"Parduotuv\u0117\",\"item\":\"https:\\\/\\\/kidsplay.lt\\\/parduotuve\\\/\"},{\"@type\":\"ListItem\",\"position\":3,\"name\":\"Lego advento kalendorius\"}]},{\"@type\":\"WebSite\",\"@id\":\"https:\\\/\\\/kidsplay.lt\\\/#website\",\"url\":\"https:\\\/\\\/kidsplay.lt\\\/\",\"name\":\"Kidsplay.lt\",\"description\":\"\u012evairios prek\u0117s vaikams\",\"publisher\":{\"@id\":\"https:\\\/\\\/kidsplay.lt\\\/#organization\"},\"alternateName\":\"Kidsplay\",\"potentialAction\":[{\"@type\":\"SearchAction\",\"target\":{\"@type\":\"EntryPoint\",\"urlTemplate\":\"https:\\\/\\\/kidsplay.lt\\\/?s={search_term_string}\"},\"query-input\":{\"@type\":\"PropertyValueSpecification\",\"valueRequired\":true,\"valueName\":\"search_term_string\"}}],\"inLanguage\":\"lv-LV\"},{\"@type\":\"Organization\",\"@id\":\"https:\\\/\\\/kidsplay.lt\\\/#organization\",\"name\":\"KidsPlay\",\"url\":\"https:\\\/\\\/kidsplay.lt\\\/\",\"logo\":{\"@type\":\"ImageObject\",\"inLanguage\":\"lv-LV\",\"@id\":\"https:\\\/\\\/kidsplay.lt\\\/#\\\/schema\\\/logo\\\/image\\\/\",\"url\":\"https:\\\/\\\/kidsplay.lt\\\/wp-content\\\/uploads\\\/2023\\\/07\\\/kidsplay-logo.png\",\"contentUrl\":\"https:\\\/\\\/kidsplay.lt\\\/wp-content\\\/uploads\\\/2023\\\/07\\\/kidsplay-logo.png\",\"width\":451,\"height\":98,\"caption\":\"KidsPlay\"},\"image\":{\"@id\":\"https:\\\/\\\/kidsplay.lt\\\/#\\\/schema\\\/logo\\\/image\\\/\"},\"sameAs\":[\"https:\\\/\\\/www.facebook.com\\\/www.kidsplay.lt\"]}]}<\/script>\n<!-- \/ Yoast SEO plugin. -->","yoast_head_json":{"title":"Lego advento kalendorius - KidsPlay","description":"Lego advento kalendorius","robots":{"index":"index","follow":"follow","max-snippet":"max-snippet:-1","max-image-preview":"max-image-preview:large","max-video-preview":"max-video-preview:-1"},"canonical":"https:\/\/kidsplay.lt\/lv\/products\/lego-advento-kalendorius\/","og_locale":"lv_LV","og_type":"article","og_title":"Lego advento kalendorius - KidsPlay","og_description":"Lego advento kalendorius","og_url":"https:\/\/kidsplay.lt\/lv\/products\/lego-advento-kalendorius\/","og_site_name":"KidsPlay","article_publisher":"https:\/\/www.facebook.com\/www.kidsplay.lt","article_modified_time":"2025-12-24T08:38:25+00:00","og_image":[{"width":645,"height":429,"url":"https:\/\/kidsplay.lt\/wp-content\/uploads\/2024\/10\/Screenshot_45.png","type":"image\/png"}],"twitter_card":"summary_large_image","twitter_misc":{"Est. reading time":"3 min\u016btes"},"schema":{"@context":"https:\/\/schema.org","@graph":[{"@type":"WebPage","@id":"https:\/\/kidsplay.lt\/produktas\/lego-advento-kalendorius\/","url":"https:\/\/kidsplay.lt\/produktas\/lego-advento-kalendorius\/","name":"Lego advento kalendorius - KidsPlay","isPartOf":{"@id":"https:\/\/kidsplay.lt\/#website"},"primaryImageOfPage":{"@id":"https:\/\/kidsplay.lt\/produktas\/lego-advento-kalendorius\/#primaryimage"},"image":{"@id":"https:\/\/kidsplay.lt\/produktas\/lego-advento-kalendorius\/#primaryimage"},"thumbnailUrl":"https:\/\/kidsplay.lt\/wp-content\/uploads\/2024\/10\/Screenshot_45.png","datePublished":"2024-10-22T16:10:37+00:00","dateModified":"2025-12-24T08:38:25+00:00","description":"Lego advento kalendorius","breadcrumb":{"@id":"https:\/\/kidsplay.lt\/produktas\/lego-advento-kalendorius\/#breadcrumb"},"inLanguage":"lv-LV","potentialAction":[{"@type":"ReadAction","target":["https:\/\/kidsplay.lt\/produktas\/lego-advento-kalendorius\/"]}]},{"@type":"ImageObject","inLanguage":"lv-LV","@id":"https:\/\/kidsplay.lt\/produktas\/lego-advento-kalendorius\/#primaryimage","url":"https:\/\/kidsplay.lt\/wp-content\/uploads\/2024\/10\/Screenshot_45.png","contentUrl":"https:\/\/kidsplay.lt\/wp-content\/uploads\/2024\/10\/Screenshot_45.png","width":645,"height":429},{"@type":"BreadcrumbList","@id":"https:\/\/kidsplay.lt\/produktas\/lego-advento-kalendorius\/#breadcrumb","itemListElement":[{"@type":"ListItem","position":1,"name":"Pagrindinis","item":"https:\/\/kidsplay.lt\/"},{"@type":"ListItem","position":2,"name":"Parduotuv\u0117","item":"https:\/\/kidsplay.lt\/parduotuve\/"},{"@type":"ListItem","position":3,"name":"Lego advento kalendorius"}]},{"@type":"WebSite","@id":"https:\/\/kidsplay.lt\/#website","url":"https:\/\/kidsplay.lt\/","name":"B\u0113rnu sp\u0113les.lv","description":"\u012evairios prek\u0117s vaikams","publisher":{"@id":"https:\/\/kidsplay.lt\/#organization"},"alternateName":"Kidsplay","potentialAction":[{"@type":"SearchAction","target":{"@type":"EntryPoint","urlTemplate":"https:\/\/kidsplay.lt\/?s={search_term_string}"},"query-input":{"@type":"PropertyValueSpecification","valueRequired":true,"valueName":"search_term_string"}}],"inLanguage":"lv-LV"},{"@type":"Organization","@id":"https:\/\/kidsplay.lt\/#organization","name":"B\u0113rnu sp\u0113le","url":"https:\/\/kidsplay.lt\/","logo":{"@type":"ImageObject","inLanguage":"lv-LV","@id":"https:\/\/kidsplay.lt\/#\/schema\/logo\/image\/","url":"https:\/\/kidsplay.lt\/wp-content\/uploads\/2023\/07\/kidsplay-logo.png","contentUrl":"https:\/\/kidsplay.lt\/wp-content\/uploads\/2023\/07\/kidsplay-logo.png","width":451,"height":98,"caption":"KidsPlay"},"image":{"@id":"https:\/\/kidsplay.lt\/#\/schema\/logo\/image\/"},"sameAs":["https:\/\/www.facebook.com\/www.kidsplay.lt"]}]}},"_links":{"self":[{"href":"https:\/\/kidsplay.lt\/lv\/wp-json\/wp\/v2\/product\/57197","targetHints":{"allow":["GET"]}}],"collection":[{"href":"https:\/\/kidsplay.lt\/lv\/wp-json\/wp\/v2\/product"}],"about":[{"href":"https:\/\/kidsplay.lt\/lv\/wp-json\/wp\/v2\/types\/product"}],"version-history":[{"count":2,"href":"https:\/\/kidsplay.lt\/lv\/wp-json\/wp\/v2\/product\/57197\/revisions"}],"predecessor-version":[{"id":74238,"href":"https:\/\/kidsplay.lt\/lv\/wp-json\/wp\/v2\/product\/57197\/revisions\/74238"}],"wp:featuredmedia":[{"embeddable":true,"href":"https:\/\/kidsplay.lt\/lv\/wp-json\/wp\/v2\/media\/57198"}],"wp:attachment":[{"href":"https:\/\/kidsplay.lt\/lv\/wp-json\/wp\/v2\/media?parent=57197"}],"wp:term":[{"taxonomy":"product_brand","embeddable":true,"href":"https:\/\/kidsplay.lt\/lv\/wp-json\/wp\/v2\/product_brand?post=57197"},{"taxonomy":"product_cat","embeddable":true,"href":"https:\/\/kidsplay.lt\/lv\/wp-json\/wp\/v2\/product_cat?post=57197"},{"taxonomy":"product_tag","embeddable":true,"href":"https:\/\/kidsplay.lt\/lv\/wp-json\/wp\/v2\/product_tag?post=57197"}],"curies":[{"name":"wp","href":"https:\/\/api.w.org\/{rel}","templated":true}]}}