{"id":57202,"date":"2024-10-22T19:14:28","date_gmt":"2024-10-22T16:14:28","guid":{"rendered":"https:\/\/kidsplay.lt\/?post_type=product&#038;p=57202"},"modified":"2025-12-24T10:38:48","modified_gmt":"2025-12-24T08:38:48","slug":"medinis-advento-kalendorius-lokomatyvas","status":"publish","type":"product","link":"https:\/\/kidsplay.lt\/lv\/products\/medinis-advento-kalendorius-lokomatyvas\/","title":{"rendered":"Koka Adventes kalend\u0101ra lokomot\u012bve"},"content":{"rendered":"<h2><span>MEDINIS ADVENTO KALENDORIUS LOKOMOTYVO KAL\u0116D\u0172 PUO\u0160AS<\/span><\/h2>\n<p><span>Katalogo numeris:\u00a0<\/span><b><span>ART-2452<\/span><\/b><\/p>\n<p>&nbsp;<\/p>\n<p><span>Mielas raudonas lokomotyvas su gra\u017eiomis detal\u0117mis yra unikalus kalendorius, kur\u012f galite naudoti kiekvienais metais ir u\u017epildyti naujomis id\u0117jomis.<\/span><\/p>\n<p><span>\u012e 24 sunumeruotus medinius stal\u010dius galite sud\u0117ti staigmenas. Vairuotojo kabinos stogelis yra nuimamas, tod\u0117l galima \u012fd\u0117ti papildom\u0105 dovan\u0105. Vidiniai stal\u010di\u0173 i\u0161matavimai 37mm x 26mm x 23mm, juos galima lengvai atidaryti naudojant ranken\u0117l\u0119. Kal\u0117dinis Advento kalendorius \u2013 tinkama dovana tiek vaikams, tiek suaugusiems. M\u016bs\u0173 Advento kalendori\u0173 d\u0117ka pasaldinsite savo vaiku\u010dius ilgai laukti iki K\u016b\u010di\u0173 ir \u012fne\u0161ite po truput\u012f d\u017eiaugsmo \u012f kiekvien\u0105 dien\u0105. Advento kalendorius neribojamas am\u017eiaus ir net neu\u017epildydamas lang\u0173 staigmen\u0173, \u012fne\u0161a \u012f namus \u0161ventin\u0119 atmosfer\u0105.\u00a0<\/span><\/p>\n<p><b><span>Savyb\u0117s ir privalumai:<\/span><\/b><\/p>\n<ul>\n<li>24 mediniai rakinami skyriai (12 kiekvienoje pus\u0117je)<\/li>\n<li>Dekoratyviniai langai<\/li>\n<li>Skyrius galima u\u017epildyti atskirai<\/li>\n<li>Daugkartinio naudojimo<\/li>\n<li>Puikiai tinka lango ar stalo dekoravimui<\/li>\n<li>Papildoma saugojimo vieta vairuotojo kabinoje<\/li>\n<li>PASTABA: netinka vaikams iki 3 met\u0173. Sud\u0117tyje yra smulki\u0173 dali\u0173, u\u017espringimo pavojus!<\/li>\n<li><b>Tehniskie dati:<\/b>\n<ul>\n<li>Katalogo numeris:\u00a0<b>ART-2452<\/b><\/li>\n<li>Bendri matmenys:\u00a0<b>(P x P x A) 42 x 23 x 11cm<\/b><\/li>\n<li>Vidiniai stal\u010di\u0173 i\u0161matavimai:\u00a0<b>(P x P x A) 37 x 26 x 23mm<\/b><\/li>\n<li>Materi\u0101ls:\u00a0<b>Mediena<\/b><\/li>\n<li>Kr\u0101sa:\u00a0<b><b>Daugiaspalv\u0117<\/b><\/b><b><span>Siuntos turinys:<\/span><\/b>\n<ul>\n<li><span>Lokomotyvo advento kalendorius<\/span><\/li>\n<li><span>Instrukcija<\/span><\/li>\n<\/ul>\n<\/li>\n<\/ul>\n<\/li>\n<\/ul>","protected":false},"excerpt":{"rendered":"<p>Koka Adventes kalend\u0101ra lokomot\u012bve<\/p>","protected":false},"featured_media":57203,"template":"","meta":{"_acf_changed":false,"_glsr_average":0,"_glsr_ranking":0,"_glsr_reviews":0},"product_brand":[],"product_cat":[360],"product_tag":[],"class_list":{"0":"post-57202","1":"product","2":"type-product","3":"status-publish","4":"has-post-thumbnail","6":"product_cat-advento-kalendoriai","7":"\"style=\"background-color: #2ecc711c;\"","9":"first","10":"instock","11":"sale","12":"shipping-taxable","13":"purchasable","14":"product-type-simple"},"acf":[],"yoast_head":"<!-- This site is optimized with the Yoast SEO plugin v27.3 - https:\/\/yoast.com\/product\/yoast-seo-wordpress\/ -->\n<title>Medinis advento kalendorius lokomatyvas - KidsPlay<\/title>\n<meta name=\"description\" content=\"Medinis advento kalendorius lokomatyvas\" \/>\n<meta name=\"robots\" content=\"index, follow, max-snippet:-1, max-image-preview:large, max-video-preview:-1\" \/>\n<link rel=\"canonical\" href=\"https:\/\/kidsplay.lt\/lv\/products\/medinis-advento-kalendorius-lokomatyvas\/\" \/>\n<meta property=\"og:locale\" content=\"lv_LV\" \/>\n<meta property=\"og:type\" content=\"article\" \/>\n<meta property=\"og:title\" content=\"Medinis advento kalendorius lokomatyvas - KidsPlay\" \/>\n<meta property=\"og:description\" content=\"Medinis advento kalendorius lokomatyvas\" \/>\n<meta property=\"og:url\" content=\"https:\/\/kidsplay.lt\/lv\/products\/medinis-advento-kalendorius-lokomatyvas\/\" \/>\n<meta property=\"og:site_name\" content=\"KidsPlay\" \/>\n<meta property=\"article:publisher\" content=\"https:\/\/www.facebook.com\/www.kidsplay.lt\" \/>\n<meta property=\"article:modified_time\" content=\"2025-12-24T08:38:48+00:00\" \/>\n<meta property=\"og:image\" content=\"https:\/\/kidsplay.lt\/wp-content\/uploads\/2024\/10\/Screenshot_46.png\" \/>\n\t<meta property=\"og:image:width\" content=\"579\" \/>\n\t<meta property=\"og:image:height\" content=\"399\" \/>\n\t<meta property=\"og:image:type\" content=\"image\/png\" \/>\n<meta name=\"twitter:card\" content=\"summary_large_image\" \/>\n<meta name=\"twitter:label1\" content=\"Est. reading time\" \/>\n\t<meta name=\"twitter:data1\" content=\"2 min\u016btes\" \/>\n<script type=\"application\/ld+json\" class=\"yoast-schema-graph\">{\"@context\":\"https:\\\/\\\/schema.org\",\"@graph\":[{\"@type\":\"WebPage\",\"@id\":\"https:\\\/\\\/kidsplay.lt\\\/produktas\\\/medinis-advento-kalendorius-lokomatyvas\\\/\",\"url\":\"https:\\\/\\\/kidsplay.lt\\\/produktas\\\/medinis-advento-kalendorius-lokomatyvas\\\/\",\"name\":\"Medinis advento kalendorius lokomatyvas - KidsPlay\",\"isPartOf\":{\"@id\":\"https:\\\/\\\/kidsplay.lt\\\/#website\"},\"primaryImageOfPage\":{\"@id\":\"https:\\\/\\\/kidsplay.lt\\\/produktas\\\/medinis-advento-kalendorius-lokomatyvas\\\/#primaryimage\"},\"image\":{\"@id\":\"https:\\\/\\\/kidsplay.lt\\\/produktas\\\/medinis-advento-kalendorius-lokomatyvas\\\/#primaryimage\"},\"thumbnailUrl\":\"https:\\\/\\\/kidsplay.lt\\\/wp-content\\\/uploads\\\/2024\\\/10\\\/Screenshot_46.png\",\"datePublished\":\"2024-10-22T16:14:28+00:00\",\"dateModified\":\"2025-12-24T08:38:48+00:00\",\"description\":\"Medinis advento kalendorius lokomatyvas\",\"breadcrumb\":{\"@id\":\"https:\\\/\\\/kidsplay.lt\\\/produktas\\\/medinis-advento-kalendorius-lokomatyvas\\\/#breadcrumb\"},\"inLanguage\":\"lv-LV\",\"potentialAction\":[{\"@type\":\"ReadAction\",\"target\":[\"https:\\\/\\\/kidsplay.lt\\\/produktas\\\/medinis-advento-kalendorius-lokomatyvas\\\/\"]}]},{\"@type\":\"ImageObject\",\"inLanguage\":\"lv-LV\",\"@id\":\"https:\\\/\\\/kidsplay.lt\\\/produktas\\\/medinis-advento-kalendorius-lokomatyvas\\\/#primaryimage\",\"url\":\"https:\\\/\\\/kidsplay.lt\\\/wp-content\\\/uploads\\\/2024\\\/10\\\/Screenshot_46.png\",\"contentUrl\":\"https:\\\/\\\/kidsplay.lt\\\/wp-content\\\/uploads\\\/2024\\\/10\\\/Screenshot_46.png\",\"width\":579,\"height\":399},{\"@type\":\"BreadcrumbList\",\"@id\":\"https:\\\/\\\/kidsplay.lt\\\/produktas\\\/medinis-advento-kalendorius-lokomatyvas\\\/#breadcrumb\",\"itemListElement\":[{\"@type\":\"ListItem\",\"position\":1,\"name\":\"Pagrindinis\",\"item\":\"https:\\\/\\\/kidsplay.lt\\\/\"},{\"@type\":\"ListItem\",\"position\":2,\"name\":\"Parduotuv\u0117\",\"item\":\"https:\\\/\\\/kidsplay.lt\\\/parduotuve\\\/\"},{\"@type\":\"ListItem\",\"position\":3,\"name\":\"Medinis advento kalendorius lokomatyvas\"}]},{\"@type\":\"WebSite\",\"@id\":\"https:\\\/\\\/kidsplay.lt\\\/#website\",\"url\":\"https:\\\/\\\/kidsplay.lt\\\/\",\"name\":\"Kidsplay.lt\",\"description\":\"\u012evairios prek\u0117s vaikams\",\"publisher\":{\"@id\":\"https:\\\/\\\/kidsplay.lt\\\/#organization\"},\"alternateName\":\"Kidsplay\",\"potentialAction\":[{\"@type\":\"SearchAction\",\"target\":{\"@type\":\"EntryPoint\",\"urlTemplate\":\"https:\\\/\\\/kidsplay.lt\\\/?s={search_term_string}\"},\"query-input\":{\"@type\":\"PropertyValueSpecification\",\"valueRequired\":true,\"valueName\":\"search_term_string\"}}],\"inLanguage\":\"lv-LV\"},{\"@type\":\"Organization\",\"@id\":\"https:\\\/\\\/kidsplay.lt\\\/#organization\",\"name\":\"KidsPlay\",\"url\":\"https:\\\/\\\/kidsplay.lt\\\/\",\"logo\":{\"@type\":\"ImageObject\",\"inLanguage\":\"lv-LV\",\"@id\":\"https:\\\/\\\/kidsplay.lt\\\/#\\\/schema\\\/logo\\\/image\\\/\",\"url\":\"https:\\\/\\\/kidsplay.lt\\\/wp-content\\\/uploads\\\/2023\\\/07\\\/kidsplay-logo.png\",\"contentUrl\":\"https:\\\/\\\/kidsplay.lt\\\/wp-content\\\/uploads\\\/2023\\\/07\\\/kidsplay-logo.png\",\"width\":451,\"height\":98,\"caption\":\"KidsPlay\"},\"image\":{\"@id\":\"https:\\\/\\\/kidsplay.lt\\\/#\\\/schema\\\/logo\\\/image\\\/\"},\"sameAs\":[\"https:\\\/\\\/www.facebook.com\\\/www.kidsplay.lt\"]}]}<\/script>\n<!-- \/ Yoast SEO plugin. -->","yoast_head_json":{"title":"Medinis advento kalendorius lokomatyvas - KidsPlay","description":"Koka Adventes kalend\u0101ra lokomot\u012bve","robots":{"index":"index","follow":"follow","max-snippet":"max-snippet:-1","max-image-preview":"max-image-preview:large","max-video-preview":"max-video-preview:-1"},"canonical":"https:\/\/kidsplay.lt\/lv\/products\/medinis-advento-kalendorius-lokomatyvas\/","og_locale":"lv_LV","og_type":"article","og_title":"Medinis advento kalendorius lokomatyvas - KidsPlay","og_description":"Medinis advento kalendorius lokomatyvas","og_url":"https:\/\/kidsplay.lt\/lv\/products\/medinis-advento-kalendorius-lokomatyvas\/","og_site_name":"KidsPlay","article_publisher":"https:\/\/www.facebook.com\/www.kidsplay.lt","article_modified_time":"2025-12-24T08:38:48+00:00","og_image":[{"width":579,"height":399,"url":"https:\/\/kidsplay.lt\/wp-content\/uploads\/2024\/10\/Screenshot_46.png","type":"image\/png"}],"twitter_card":"summary_large_image","twitter_misc":{"Est. reading time":"2 min\u016btes"},"schema":{"@context":"https:\/\/schema.org","@graph":[{"@type":"WebPage","@id":"https:\/\/kidsplay.lt\/produktas\/medinis-advento-kalendorius-lokomatyvas\/","url":"https:\/\/kidsplay.lt\/produktas\/medinis-advento-kalendorius-lokomatyvas\/","name":"Medinis advento kalendorius lokomatyvas - KidsPlay","isPartOf":{"@id":"https:\/\/kidsplay.lt\/#website"},"primaryImageOfPage":{"@id":"https:\/\/kidsplay.lt\/produktas\/medinis-advento-kalendorius-lokomatyvas\/#primaryimage"},"image":{"@id":"https:\/\/kidsplay.lt\/produktas\/medinis-advento-kalendorius-lokomatyvas\/#primaryimage"},"thumbnailUrl":"https:\/\/kidsplay.lt\/wp-content\/uploads\/2024\/10\/Screenshot_46.png","datePublished":"2024-10-22T16:14:28+00:00","dateModified":"2025-12-24T08:38:48+00:00","description":"Koka Adventes kalend\u0101ra lokomot\u012bve","breadcrumb":{"@id":"https:\/\/kidsplay.lt\/produktas\/medinis-advento-kalendorius-lokomatyvas\/#breadcrumb"},"inLanguage":"lv-LV","potentialAction":[{"@type":"ReadAction","target":["https:\/\/kidsplay.lt\/produktas\/medinis-advento-kalendorius-lokomatyvas\/"]}]},{"@type":"ImageObject","inLanguage":"lv-LV","@id":"https:\/\/kidsplay.lt\/produktas\/medinis-advento-kalendorius-lokomatyvas\/#primaryimage","url":"https:\/\/kidsplay.lt\/wp-content\/uploads\/2024\/10\/Screenshot_46.png","contentUrl":"https:\/\/kidsplay.lt\/wp-content\/uploads\/2024\/10\/Screenshot_46.png","width":579,"height":399},{"@type":"BreadcrumbList","@id":"https:\/\/kidsplay.lt\/produktas\/medinis-advento-kalendorius-lokomatyvas\/#breadcrumb","itemListElement":[{"@type":"ListItem","position":1,"name":"Pagrindinis","item":"https:\/\/kidsplay.lt\/"},{"@type":"ListItem","position":2,"name":"Parduotuv\u0117","item":"https:\/\/kidsplay.lt\/parduotuve\/"},{"@type":"ListItem","position":3,"name":"Medinis advento kalendorius lokomatyvas"}]},{"@type":"WebSite","@id":"https:\/\/kidsplay.lt\/#website","url":"https:\/\/kidsplay.lt\/","name":"B\u0113rnu sp\u0113les.lv","description":"\u012evairios prek\u0117s vaikams","publisher":{"@id":"https:\/\/kidsplay.lt\/#organization"},"alternateName":"Kidsplay","potentialAction":[{"@type":"SearchAction","target":{"@type":"EntryPoint","urlTemplate":"https:\/\/kidsplay.lt\/?s={search_term_string}"},"query-input":{"@type":"PropertyValueSpecification","valueRequired":true,"valueName":"search_term_string"}}],"inLanguage":"lv-LV"},{"@type":"Organization","@id":"https:\/\/kidsplay.lt\/#organization","name":"B\u0113rnu sp\u0113le","url":"https:\/\/kidsplay.lt\/","logo":{"@type":"ImageObject","inLanguage":"lv-LV","@id":"https:\/\/kidsplay.lt\/#\/schema\/logo\/image\/","url":"https:\/\/kidsplay.lt\/wp-content\/uploads\/2023\/07\/kidsplay-logo.png","contentUrl":"https:\/\/kidsplay.lt\/wp-content\/uploads\/2023\/07\/kidsplay-logo.png","width":451,"height":98,"caption":"KidsPlay"},"image":{"@id":"https:\/\/kidsplay.lt\/#\/schema\/logo\/image\/"},"sameAs":["https:\/\/www.facebook.com\/www.kidsplay.lt"]}]}},"_links":{"self":[{"href":"https:\/\/kidsplay.lt\/lv\/wp-json\/wp\/v2\/product\/57202","targetHints":{"allow":["GET"]}}],"collection":[{"href":"https:\/\/kidsplay.lt\/lv\/wp-json\/wp\/v2\/product"}],"about":[{"href":"https:\/\/kidsplay.lt\/lv\/wp-json\/wp\/v2\/types\/product"}],"version-history":[{"count":2,"href":"https:\/\/kidsplay.lt\/lv\/wp-json\/wp\/v2\/product\/57202\/revisions"}],"predecessor-version":[{"id":74237,"href":"https:\/\/kidsplay.lt\/lv\/wp-json\/wp\/v2\/product\/57202\/revisions\/74237"}],"wp:featuredmedia":[{"embeddable":true,"href":"https:\/\/kidsplay.lt\/lv\/wp-json\/wp\/v2\/media\/57203"}],"wp:attachment":[{"href":"https:\/\/kidsplay.lt\/lv\/wp-json\/wp\/v2\/media?parent=57202"}],"wp:term":[{"taxonomy":"product_brand","embeddable":true,"href":"https:\/\/kidsplay.lt\/lv\/wp-json\/wp\/v2\/product_brand?post=57202"},{"taxonomy":"product_cat","embeddable":true,"href":"https:\/\/kidsplay.lt\/lv\/wp-json\/wp\/v2\/product_cat?post=57202"},{"taxonomy":"product_tag","embeddable":true,"href":"https:\/\/kidsplay.lt\/lv\/wp-json\/wp\/v2\/product_tag?post=57202"}],"curies":[{"name":"wp","href":"https:\/\/api.w.org\/{rel}","templated":true}]}}