{"id":57265,"date":"2024-10-23T12:50:53","date_gmt":"2024-10-23T09:50:53","guid":{"rendered":"https:\/\/kidsplay.lt\/?post_type=product&#038;p=57265"},"modified":"2025-10-04T19:14:20","modified_gmt":"2025-10-04T16:14:20","slug":"meninis-lagaminelis","status":"publish","type":"product","link":"https:\/\/kidsplay.lt\/lv\/products\/meninis-lagaminelis\/","title":{"rendered":"Meninis lagamin\u0117lis"},"content":{"rendered":"<div class=\"mpof_ki myre_zn myre_8v_l m389_6m_l\">\n<div class=\"mp4t_16_s mryx_16_s mr3m_1 mli2_1 mh85_56 mh85_0_l\">\n<div class=\"mgn2_16 _0d3bd_am0a-\">\n<h1><span>DA\u017dYMO RINKINYS SU VIENRAGIS 144 el. + lagaminas<\/span><\/h1>\n<\/div>\n<\/div>\n<\/div>\n<div class=\"mpof_ki myre_zn myre_8v_l m389_6m_l\">\n<div class=\"mp4t_16_s mryx_16_s mr3m_1 mli2_1 mh85_56 mh85_0_l\">\n<div class=\"mgn2_16 _0d3bd_am0a-\">\n<ul>\n<li><b>U\u017dSAKYMAS PRIVALO B\u016aTI<\/b>\u00a0\u2013 atidarius lagamin\u0105 rasite nema\u017eai kokybi\u0161k\u0173 menini\u0173 med\u017eiag\u0173, kruop\u0161\u010diai sutvarkyt\u0173 ir pritvirtint\u0173 tam skirtuose skyreliuose. Taip lengviau tvarkyti ir tvarkingus savo indus, nesijaudinant, kad nesugadinsite ar nesulau\u017eysite m\u0117gstam\u0173 kreideli\u0173. Meno rinkinyje yra ka\u017ekas kiekvienam \u2013\u00a0<b>spalvinimo ra\u0161ikliai<\/b>\u00a0,\u00a0<b>pie\u0161tukai<\/b>\u00a0un\u00a0<b>tapybos da\u017eai<\/b>\u00a0. Visa tai prisotintomis spalvomis, kurios puikiai atrodo ant popieriaus ar drob\u0117s.<\/li>\n<\/ul>\n<ul>\n<li><b>VISA VIENOJE<\/b>\u00a0&#8211; rinkinyje yra du skirtingo storio pie\u0161tukai, leid\u017eiantys pasiekti skirtingus \u0161e\u0161\u0117li\u0173 lygius ir detalius br\u0117\u017einius. Spalvoti pie\u0161tukai si\u016blo plat\u0173 ry\u0161ki\u0173, so\u010di\u0173j\u0173 spalv\u0173 asortiment\u0105, suteikiant\u012f meno k\u016briniui gylio ir dimensijos. \u017dymekliai suteikia ry\u0161kias ir tikslias linijas, akriliniai da\u017eai puikiai tiks tapyti ant drob\u0117s, o akvareliniai da\u017eai \u0161velniai ir subtiliai padengia paveiksl\u0117lius ant korteli\u0173. Be to, rinkinyje yra nauding\u0173 pried\u0173, toki\u0173 kaip trintukai, teptukai, gal\u0105stuvas ir da\u017e\u0173 palet\u0117s.<\/li>\n<\/ul>\n<ul>\n<li><b>ILGAMOS VALANDOS LINKSMUMAS \u2013<\/b>\u00a0komplekte esan\u010di\u0173 pried\u0173 \u012fvairov\u0117 leid\u017eia pie\u0161ti kartu didel\u0117je grup\u0117je. Grupinis vieno didelio paveikslo paveikslas? O gal greitas konkursas, kam geriau nupie\u0161ti drambl\u012f? Da\u017enos j\u016bs\u0173 paguodos akimirkos?<\/li>\n<\/ul>\n<ul>\n<li><b>TEIGIAMAS POVEIKIS<\/b>\u00a0\u2013 pie\u0161imo privalumai yra daug. Tai puikus b\u016bdas lavinti vaik\u0173 smulki\u0105j\u0105 motorik\u0105 ir protinius \u012fg\u016bd\u017eius. K\u016bryba \u2013 tai b\u016bdas steb\u0117ti vaiko raid\u0105, ugdyti jo jautrum\u0105, skatinti susikaupim\u0105. Skatina lavinti vaizduot\u0119 ir k\u016brybi\u0161kum\u0105.<\/li>\n<\/ul>\n<ul>\n<li><b>SPECIFIKACIJA &#8211;<\/b> med\u017eiaga: plastikas, metalas, mediena; lagamino spalva: ro\u017einiai atspalviai; element\u0173 skai\u010dius: 144; dydis: 34 x 23 x 8,5; svoris: 1 919 kg; pakuot\u0117s svoris: 2135 kg.<\/li>\n<li><b>GAMINIO SPECIFIKACIJA:<\/b>\n<ul>\n<li>med\u017eiaga: plastikas, metalas, medis<\/li>\n<li>lagamino spalva: ro\u017einiai atspalviai<\/li>\n<li>element\u0173 skai\u010dius: 144<\/li>\n<li>Matmenys: 34 x 23 x 8,5<\/li>\n<li>Svoris: 1 919 kg<\/li>\n<li>Pakuot\u0117s svoris: 2135 kg<\/li>\n<\/ul>\n<p><b>Komplekt\u0101 ietilpst:<\/b><\/p>\n<ul>\n<li>spalvoti pie\u0161tukai 28 vnt.<\/li>\n<li>ra\u0161ikliai 33 vnt.<\/li>\n<li>Aliejin\u0117s pastel\u0117s 24 vnt.<\/li>\n<li>akvareliniai da\u017eai 24 vnt.<\/li>\n<li>akriliniai da\u017eai 24 vnt.<\/li>\n<li>trintukai trin\u010diai 2 vnt.<\/li>\n<li>da\u017e\u0173 mai\u0161ymo palet\u0117s 2 vnt.<\/li>\n<li>Pie\u0161tukai 2 vnt.<\/li>\n<li>\u0161epe\u010diai 4 vnt.<\/li>\n<li>pie\u0161tuk\u0173 dro\u017etukas 1 vnt<\/li>\n<li>lagaminas 1 vnt<\/li>\n<li><\/li>\n<li>Tapybos ir pie\u0161imo rinkinys yra puikus dalykas norint prad\u0117ti meninius nuotykius. Rinkinys yra funkcionalus ir susideda i\u0161 viso i\u0161 144 nauding\u0173 dali\u0173. Didelis element\u0173 skai\u010dius leid\u017eia prakti\u0161kai naudoti ir leis \u012fgyvendinti \u012fvairias k\u016brybines id\u0117jas.\u00a0<b><\/b>Indai yra pagaminti i\u0161 geros kokyb\u0117s med\u017eiag\u0173 ir pasi\u017eymi pla\u010dia patrauklia spalv\u0173 gama.<\/li>\n<\/ul>\n<\/li>\n<li>\n<h1>LAGAMIN\u0116JE KOMPLEKTAVIMO PRIVALUMAI:<\/h1>\n<ul>\n<li>geb\u0117jimas kurti paveikslus \u012fvairiais meniniais metodais<\/li>\n<li>auk\u0161tos kokyb\u0117s priedai<\/li>\n<li>ry\u0161ki\u0173 ir so\u010di\u0173j\u0173 spalv\u0173<\/li>\n<li>Taip pat \u012ftrauktos pastelin\u0117s spalvos<\/li>\n<li>puikiai dengia akrilinius da\u017eus<\/li>\n<li>Aksesuar\u0173 \u012fvairov\u0117<\/li>\n<li>galimyb\u0117 naudoti didesn\u0117je grup\u0117je<\/li>\n<li>Lavinti rankinius ir meninius \u012fg\u016bd\u017eius<\/li>\n<li>galimyb\u0117 viename rinkinyje panaudoti \u012fvairias menines technikas<\/li>\n<li>Idealiai tinka vis\u0173 lygi\u0173 menininkams<\/li>\n<li>eleganti\u0161kas metalinis lagaminas su vienaragiu<\/li>\n<li>lagaminas pritvirtintas prie kamp\u0173, kad neb\u016bt\u0173 pa\u017eeistas transportuojant<\/li>\n<li>IDEALI DOVAN\u0172 ID\u0116JA<\/li>\n<li>MAALEO prek\u0117s \u017eenklas<\/li>\n<\/ul>\n<\/li>\n<li>\n<h1>GERAI \u017dINOMAS IR GERBIAMAS PREK\u0116S \u017eenklas MAALEO<\/h1>\n<p>M\u016bs\u0173 prek\u0117s \u017eenklu MAALEO jau pasitik\u0117jo t\u016bkstan\u010diai vartotoj\u0173 visame pasaulyje. Taigi nelaukite iki paskutin\u0117s minut\u0117s ir \u012fsigykite j\u012f \u0161iandien!<\/li>\n<\/ul>\n<h1>Kelyje<\/h1>\n<p>Auk\u0161tos kokyb\u0117s meno rinkinys puikiai tinka \u012fvairaus am\u017eiaus menininkams. Jis puikiai tinka kelion\u0117ms, nesvarbu, ar vykstate \u012f dail\u0117s pamokas, ar vykstate \u012f kelion\u0119, ar aplankote mo\u010diut\u0119 ar draug\u0105. Aksesuar\u0173 rinkinys leis menininkams tyrin\u0117ti \u012fvairias technikas ir stilius visur, kur tik atsiranda \u012fkv\u0117pimas. Tai taip pat bus puiki dovanos id\u0117ja.<\/p>\n<h1>GRA\u017dUS lagaminas<\/h1>\n<p>Visa \u012fd\u0117ta \u012f gra\u017e\u0173 ro\u017ein\u012f lagamin\u0105. I\u0161skleidus jis yra dviej\u0173 lygi\u0173\u00a0<b><\/b>, kas neabejotinai padidina jo estetin\u0119 vert\u0119, taip pat turi \u012ftakos ilgaam\u017ei\u0161kumui. Lagaminas turi patvari\u0105 ir patogi\u0105 ranken\u0105, tod\u0117l vis\u0105 turin\u012f gabenti paprasta ir patogu.<\/p>\n<h1><span>SAUGUMAS TRANSPORTAVIMO METU<\/span><\/h1>\n<p><span>Lagaminas papildomai tvirtinamas kampuose, kad neb\u016bt\u0173 sugadintas transportuojant pas jus!<\/span><\/p>\n<p>&nbsp;<\/p>\n<\/div>\n<\/div>\n<\/div>","protected":false},"excerpt":{"rendered":"<p>Meninis lagamin\u0117lis<\/p>","protected":false},"featured_media":57266,"template":"","meta":{"_acf_changed":false,"_glsr_average":0,"_glsr_ranking":0,"_glsr_reviews":0},"product_brand":[],"product_cat":[337,345],"product_tag":[],"class_list":{"0":"post-57265","1":"product","2":"type-product","3":"status-publish","4":"has-post-thumbnail","6":"product_cat-mokyklines-prekes","7":"product_cat-piesimo-reikmenys","8":"\"style=\"background-color: #2ecc711c;\"","10":"first","11":"instock","12":"shipping-taxable","13":"purchasable","14":"product-type-simple"},"acf":[],"yoast_head":"<!-- This site is optimized with the Yoast SEO plugin v27.3 - https:\/\/yoast.com\/product\/yoast-seo-wordpress\/ -->\n<title>Meninis lagamin\u0117lis - KidsPlay<\/title>\n<meta name=\"description\" content=\"Meninis lagamin\u0117lis\" \/>\n<meta name=\"robots\" content=\"index, follow, max-snippet:-1, max-image-preview:large, max-video-preview:-1\" \/>\n<link rel=\"canonical\" href=\"https:\/\/kidsplay.lt\/lv\/products\/meninis-lagaminelis\/\" \/>\n<meta property=\"og:locale\" content=\"lv_LV\" \/>\n<meta property=\"og:type\" content=\"article\" \/>\n<meta property=\"og:title\" content=\"Meninis lagamin\u0117lis - KidsPlay\" \/>\n<meta property=\"og:description\" content=\"Meninis lagamin\u0117lis\" \/>\n<meta property=\"og:url\" content=\"https:\/\/kidsplay.lt\/lv\/products\/meninis-lagaminelis\/\" \/>\n<meta property=\"og:site_name\" content=\"KidsPlay\" \/>\n<meta property=\"article:publisher\" content=\"https:\/\/www.facebook.com\/www.kidsplay.lt\" \/>\n<meta property=\"article:modified_time\" content=\"2025-10-04T16:14:20+00:00\" \/>\n<meta property=\"og:image\" content=\"https:\/\/kidsplay.lt\/wp-content\/uploads\/2024\/10\/Screenshot_7.png\" \/>\n\t<meta property=\"og:image:width\" content=\"526\" \/>\n\t<meta property=\"og:image:height\" content=\"460\" \/>\n\t<meta property=\"og:image:type\" content=\"image\/png\" \/>\n<meta name=\"twitter:card\" content=\"summary_large_image\" \/>\n<meta name=\"twitter:label1\" content=\"Est. reading time\" \/>\n\t<meta name=\"twitter:data1\" content=\"4 min\u016btes\" \/>\n<script type=\"application\/ld+json\" class=\"yoast-schema-graph\">{\"@context\":\"https:\\\/\\\/schema.org\",\"@graph\":[{\"@type\":\"WebPage\",\"@id\":\"https:\\\/\\\/kidsplay.lt\\\/produktas\\\/meninis-lagaminelis\\\/\",\"url\":\"https:\\\/\\\/kidsplay.lt\\\/produktas\\\/meninis-lagaminelis\\\/\",\"name\":\"Meninis lagamin\u0117lis - KidsPlay\",\"isPartOf\":{\"@id\":\"https:\\\/\\\/kidsplay.lt\\\/#website\"},\"primaryImageOfPage\":{\"@id\":\"https:\\\/\\\/kidsplay.lt\\\/produktas\\\/meninis-lagaminelis\\\/#primaryimage\"},\"image\":{\"@id\":\"https:\\\/\\\/kidsplay.lt\\\/produktas\\\/meninis-lagaminelis\\\/#primaryimage\"},\"thumbnailUrl\":\"https:\\\/\\\/kidsplay.lt\\\/wp-content\\\/uploads\\\/2024\\\/10\\\/Screenshot_7.png\",\"datePublished\":\"2024-10-23T09:50:53+00:00\",\"dateModified\":\"2025-10-04T16:14:20+00:00\",\"description\":\"Meninis lagamin\u0117lis\",\"breadcrumb\":{\"@id\":\"https:\\\/\\\/kidsplay.lt\\\/produktas\\\/meninis-lagaminelis\\\/#breadcrumb\"},\"inLanguage\":\"lv-LV\",\"potentialAction\":[{\"@type\":\"ReadAction\",\"target\":[\"https:\\\/\\\/kidsplay.lt\\\/produktas\\\/meninis-lagaminelis\\\/\"]}]},{\"@type\":\"ImageObject\",\"inLanguage\":\"lv-LV\",\"@id\":\"https:\\\/\\\/kidsplay.lt\\\/produktas\\\/meninis-lagaminelis\\\/#primaryimage\",\"url\":\"https:\\\/\\\/kidsplay.lt\\\/wp-content\\\/uploads\\\/2024\\\/10\\\/Screenshot_7.png\",\"contentUrl\":\"https:\\\/\\\/kidsplay.lt\\\/wp-content\\\/uploads\\\/2024\\\/10\\\/Screenshot_7.png\",\"width\":526,\"height\":460},{\"@type\":\"BreadcrumbList\",\"@id\":\"https:\\\/\\\/kidsplay.lt\\\/produktas\\\/meninis-lagaminelis\\\/#breadcrumb\",\"itemListElement\":[{\"@type\":\"ListItem\",\"position\":1,\"name\":\"Pagrindinis\",\"item\":\"https:\\\/\\\/kidsplay.lt\\\/\"},{\"@type\":\"ListItem\",\"position\":2,\"name\":\"Parduotuv\u0117\",\"item\":\"https:\\\/\\\/kidsplay.lt\\\/parduotuve\\\/\"},{\"@type\":\"ListItem\",\"position\":3,\"name\":\"Meninis lagamin\u0117lis\"}]},{\"@type\":\"WebSite\",\"@id\":\"https:\\\/\\\/kidsplay.lt\\\/#website\",\"url\":\"https:\\\/\\\/kidsplay.lt\\\/\",\"name\":\"Kidsplay.lt\",\"description\":\"\u012evairios prek\u0117s vaikams\",\"publisher\":{\"@id\":\"https:\\\/\\\/kidsplay.lt\\\/#organization\"},\"alternateName\":\"Kidsplay\",\"potentialAction\":[{\"@type\":\"SearchAction\",\"target\":{\"@type\":\"EntryPoint\",\"urlTemplate\":\"https:\\\/\\\/kidsplay.lt\\\/?s={search_term_string}\"},\"query-input\":{\"@type\":\"PropertyValueSpecification\",\"valueRequired\":true,\"valueName\":\"search_term_string\"}}],\"inLanguage\":\"lv-LV\"},{\"@type\":\"Organization\",\"@id\":\"https:\\\/\\\/kidsplay.lt\\\/#organization\",\"name\":\"KidsPlay\",\"url\":\"https:\\\/\\\/kidsplay.lt\\\/\",\"logo\":{\"@type\":\"ImageObject\",\"inLanguage\":\"lv-LV\",\"@id\":\"https:\\\/\\\/kidsplay.lt\\\/#\\\/schema\\\/logo\\\/image\\\/\",\"url\":\"https:\\\/\\\/kidsplay.lt\\\/wp-content\\\/uploads\\\/2023\\\/07\\\/kidsplay-logo.png\",\"contentUrl\":\"https:\\\/\\\/kidsplay.lt\\\/wp-content\\\/uploads\\\/2023\\\/07\\\/kidsplay-logo.png\",\"width\":451,\"height\":98,\"caption\":\"KidsPlay\"},\"image\":{\"@id\":\"https:\\\/\\\/kidsplay.lt\\\/#\\\/schema\\\/logo\\\/image\\\/\"},\"sameAs\":[\"https:\\\/\\\/www.facebook.com\\\/www.kidsplay.lt\"]}]}<\/script>\n<!-- \/ Yoast SEO plugin. -->","yoast_head_json":{"title":"Meninis lagamin\u0117lis - KidsPlay","description":"Meninis lagamin\u0117lis","robots":{"index":"index","follow":"follow","max-snippet":"max-snippet:-1","max-image-preview":"max-image-preview:large","max-video-preview":"max-video-preview:-1"},"canonical":"https:\/\/kidsplay.lt\/lv\/products\/meninis-lagaminelis\/","og_locale":"lv_LV","og_type":"article","og_title":"Meninis lagamin\u0117lis - KidsPlay","og_description":"Meninis lagamin\u0117lis","og_url":"https:\/\/kidsplay.lt\/lv\/products\/meninis-lagaminelis\/","og_site_name":"KidsPlay","article_publisher":"https:\/\/www.facebook.com\/www.kidsplay.lt","article_modified_time":"2025-10-04T16:14:20+00:00","og_image":[{"width":526,"height":460,"url":"https:\/\/kidsplay.lt\/wp-content\/uploads\/2024\/10\/Screenshot_7.png","type":"image\/png"}],"twitter_card":"summary_large_image","twitter_misc":{"Est. reading time":"4 min\u016btes"},"schema":{"@context":"https:\/\/schema.org","@graph":[{"@type":"WebPage","@id":"https:\/\/kidsplay.lt\/produktas\/meninis-lagaminelis\/","url":"https:\/\/kidsplay.lt\/produktas\/meninis-lagaminelis\/","name":"Meninis lagamin\u0117lis - KidsPlay","isPartOf":{"@id":"https:\/\/kidsplay.lt\/#website"},"primaryImageOfPage":{"@id":"https:\/\/kidsplay.lt\/produktas\/meninis-lagaminelis\/#primaryimage"},"image":{"@id":"https:\/\/kidsplay.lt\/produktas\/meninis-lagaminelis\/#primaryimage"},"thumbnailUrl":"https:\/\/kidsplay.lt\/wp-content\/uploads\/2024\/10\/Screenshot_7.png","datePublished":"2024-10-23T09:50:53+00:00","dateModified":"2025-10-04T16:14:20+00:00","description":"Meninis lagamin\u0117lis","breadcrumb":{"@id":"https:\/\/kidsplay.lt\/produktas\/meninis-lagaminelis\/#breadcrumb"},"inLanguage":"lv-LV","potentialAction":[{"@type":"ReadAction","target":["https:\/\/kidsplay.lt\/produktas\/meninis-lagaminelis\/"]}]},{"@type":"ImageObject","inLanguage":"lv-LV","@id":"https:\/\/kidsplay.lt\/produktas\/meninis-lagaminelis\/#primaryimage","url":"https:\/\/kidsplay.lt\/wp-content\/uploads\/2024\/10\/Screenshot_7.png","contentUrl":"https:\/\/kidsplay.lt\/wp-content\/uploads\/2024\/10\/Screenshot_7.png","width":526,"height":460},{"@type":"BreadcrumbList","@id":"https:\/\/kidsplay.lt\/produktas\/meninis-lagaminelis\/#breadcrumb","itemListElement":[{"@type":"ListItem","position":1,"name":"Pagrindinis","item":"https:\/\/kidsplay.lt\/"},{"@type":"ListItem","position":2,"name":"Parduotuv\u0117","item":"https:\/\/kidsplay.lt\/parduotuve\/"},{"@type":"ListItem","position":3,"name":"Meninis lagamin\u0117lis"}]},{"@type":"WebSite","@id":"https:\/\/kidsplay.lt\/#website","url":"https:\/\/kidsplay.lt\/","name":"B\u0113rnu sp\u0113les.lv","description":"\u012evairios prek\u0117s vaikams","publisher":{"@id":"https:\/\/kidsplay.lt\/#organization"},"alternateName":"Kidsplay","potentialAction":[{"@type":"SearchAction","target":{"@type":"EntryPoint","urlTemplate":"https:\/\/kidsplay.lt\/?s={search_term_string}"},"query-input":{"@type":"PropertyValueSpecification","valueRequired":true,"valueName":"search_term_string"}}],"inLanguage":"lv-LV"},{"@type":"Organization","@id":"https:\/\/kidsplay.lt\/#organization","name":"B\u0113rnu sp\u0113le","url":"https:\/\/kidsplay.lt\/","logo":{"@type":"ImageObject","inLanguage":"lv-LV","@id":"https:\/\/kidsplay.lt\/#\/schema\/logo\/image\/","url":"https:\/\/kidsplay.lt\/wp-content\/uploads\/2023\/07\/kidsplay-logo.png","contentUrl":"https:\/\/kidsplay.lt\/wp-content\/uploads\/2023\/07\/kidsplay-logo.png","width":451,"height":98,"caption":"KidsPlay"},"image":{"@id":"https:\/\/kidsplay.lt\/#\/schema\/logo\/image\/"},"sameAs":["https:\/\/www.facebook.com\/www.kidsplay.lt"]}]}},"_links":{"self":[{"href":"https:\/\/kidsplay.lt\/lv\/wp-json\/wp\/v2\/product\/57265","targetHints":{"allow":["GET"]}}],"collection":[{"href":"https:\/\/kidsplay.lt\/lv\/wp-json\/wp\/v2\/product"}],"about":[{"href":"https:\/\/kidsplay.lt\/lv\/wp-json\/wp\/v2\/types\/product"}],"version-history":[{"count":2,"href":"https:\/\/kidsplay.lt\/lv\/wp-json\/wp\/v2\/product\/57265\/revisions"}],"predecessor-version":[{"id":74232,"href":"https:\/\/kidsplay.lt\/lv\/wp-json\/wp\/v2\/product\/57265\/revisions\/74232"}],"wp:featuredmedia":[{"embeddable":true,"href":"https:\/\/kidsplay.lt\/lv\/wp-json\/wp\/v2\/media\/57266"}],"wp:attachment":[{"href":"https:\/\/kidsplay.lt\/lv\/wp-json\/wp\/v2\/media?parent=57265"}],"wp:term":[{"taxonomy":"product_brand","embeddable":true,"href":"https:\/\/kidsplay.lt\/lv\/wp-json\/wp\/v2\/product_brand?post=57265"},{"taxonomy":"product_cat","embeddable":true,"href":"https:\/\/kidsplay.lt\/lv\/wp-json\/wp\/v2\/product_cat?post=57265"},{"taxonomy":"product_tag","embeddable":true,"href":"https:\/\/kidsplay.lt\/lv\/wp-json\/wp\/v2\/product_tag?post=57265"}],"curies":[{"name":"wp","href":"https:\/\/api.w.org\/{rel}","templated":true}]}}