{"id":57333,"date":"2024-10-23T23:23:02","date_gmt":"2024-10-23T20:23:02","guid":{"rendered":"https:\/\/kidsplay.lt\/?post_type=product&#038;p=57333"},"modified":"2025-12-24T10:40:07","modified_gmt":"2025-12-24T08:40:07","slug":"automobiliu-lenktyniu-takas-700cm","status":"publish","type":"product","link":"https:\/\/kidsplay.lt\/lv\/products\/automobiliu-lenktyniu-takas-700cm\/","title":{"rendered":"Autosac\u012bk\u0161u trase 700 cm"},"content":{"rendered":"<h2><span>\u2b50 Privalumai<\/span><\/h2>\n<ul>\n<li><span>Net 192 elementai<\/span><\/li>\n<li><span>Puikus surinkimo ir b\u0117gi\u0173 surinkimo paprastumas<\/span><\/li>\n<li><span>Auk\u0161tos kokyb\u0117s apdirbimas<\/span><\/li>\n<li><span>Baterijomis varoma elektros eil\u0117<\/span><\/li>\n<li><span>Pramogos vienam ar keliems \u017emon\u0117ms<\/span><\/li>\n<li><span>Linksmyb\u0117s lavina vaizduot\u0119<\/span><\/li>\n<li><span>Jud\u0117jimo ir rank\u0173 treniruot\u0117s<\/span><\/li>\n<li><span>Linksma, palanki vystymuisi<\/span><\/li>\n<li><span>Suteikite ilgas \u017eaving\u0173 pramog\u0173 valandas<\/span><\/li>\n<\/ul>\n<h2><span>\u2b50 Parametrai<\/span><\/h2>\n<p><b><span>\u2705Eil\u0117s i\u0161matavimai:<\/span><\/b><span>\u00a089,0 cm x 69,0 cm x 31,5 cm<\/span><\/p>\n<p><b><span>\u2705Pakuot\u0117s matmenys:<\/span><\/b><span>\u00a048 cm x 32 cm x 12 cm<\/span><\/p>\n<p><b><span>\u2705B\u0117gio plotis:<\/span><\/b><span>\u00a06,0 cm<\/span><\/p>\n<p><b><span>\u2705 Maitinimas:<\/span><\/b><span>\u00a03xAA (\u012f komplekt\u0105 ne\u012feina)<\/span><\/p>\n<p><b><span>\u2705Preki\u0173 skai\u010dius:<\/span><\/b><span>\u00a0192<\/span><\/p>\n<p><b><span>\u2705Lokomotyvo matmenys:<\/span><\/b><\/p>\n<ul>\n<li><b><span>Ilgis:<\/span><\/b><span>\u00a09,5 cm<\/span><\/li>\n<li><b><span>Auk\u0161tis:<\/span><\/b><span>\u00a06,5 cm<\/span><\/li>\n<li><b><span>Plotis:<\/span><\/b><span>\u00a05 cm<\/span><\/li>\n<\/ul>\n<p><b><span>\u2705 Automobilio matmenys<\/span><\/b><\/p>\n<ul>\n<li><b><span>Ilgis:<\/span><\/b><span>\u00a08,5 cm<\/span><\/li>\n<li><b><span>Auk\u0161tis:<\/span><\/b><span>\u00a04,5 cm<\/span><\/li>\n<li><b><span>Plotis:<\/span><\/b><span>\u00a04 cm<\/span><\/li>\n<\/ul>\n<p><span>\u2705\u017daislas skirtas vaikams nuo 3 met\u0173<\/span><\/p>\n<p><span>\u2705Komplekte buvo: dviej\u0173 lygi\u0173 gele\u017einkelio b\u0117giai, automobili\u0173 b\u0117giai, lokomotyvas su vagonais, automobilis ir daug kit\u0173 pried\u0173.<\/span><\/p>\n<p><span>\u2705Rinkinys turi daug privalum\u0173: \u017daislas skatina k\u016brybi\u0161kum\u0105 ir vaizduot\u0119, lavina rank\u0173 \u012fg\u016bd\u017eius ir motorin\u0119 koordinacij\u0105.<\/span><\/p>\n<p><span>\u2705 Kruop\u0161\u010diai pagaminti elementai leid\u017eia sukurti nuostabi\u0105 strukt\u016br\u0105, susidedan\u010di\u0105 i\u0161 staigi\u0173 pos\u016bki\u0173 ir tiesi\u0173 atkarp\u0173. Viskas priklauso nuo m\u016bs\u0173 vaizduot\u0117s!<\/span><\/p>\n<p><span>\u2705Lokomotyvas juda, traukia vagonus ir skleid\u017eia gars\u0105, imituojant\u012f t\u0105, kur\u012f i\u0161 tikr\u0173j\u0173 skleid\u017eia traukinio lokomotyvas. 3 nuimami vagonai leid\u017eia atlikti bet koki\u0105 konfig\u016bracij\u0105 pagal j\u016bs\u0173 id\u0117j\u0105.<\/span><\/p>\n<p><span>\u2705B\u0117giai suprojektuoti taip, kad traukinys prilipt\u0173 prie kelio ir nenukrist\u0173 nuo b\u0117gi\u0173.<\/span><\/p>\n<p><span>\u2705 Bendras takeli\u0173 ilgis apytiksl. 700 m!<\/span><\/p>\n<p>&nbsp;<\/p>\n<h2><span>\u2705 192 prek\u0117s!<\/span><\/h2>\n<p><span>Eil\u0117je yra daug skirting\u0173 element\u0173, tod\u0117l trasos gali b\u016bti i\u0161d\u0117stytos \u012fvairiose kli\u016btyse.<\/span><\/p>\n<p><span>Rinkin\u012f sudaro iki 192 element\u0173, o tai leid\u017eia atlikti \u012fvairias konfig\u016bracijas!<\/span><\/p>\n<h2><span>\u2705 \u0160vytintis tiltas<\/span><\/h2>\n<p><span>Kai traukinys kerta tilt\u0105, jis pradeda \u0161viesti spalvingomis \u0161viesomis.<\/span><\/p>\n<p><span>Tam reikia tik 3 AA baterij\u0173<\/span><\/p>\n<h2><span>\u2705 Papildomi elementai<\/span><\/h2>\n<p><span>Linksmyb\u0119 neabejotinai patrauklesnes pavers\u00a0<\/span><b><span>aplinkos elementai \u2013 \u017eenklai, med\u017eiai<\/span><\/b><span>\u00a0. \u017daisdamas vaikas\u00a0<\/span><b><span>lavina vaizduot\u0119, rankinius \u012fg\u016bd\u017eius, su\u017eino apie prie\u017eastinius ry\u0161ius!<\/span><\/b><\/p>\n<h2><span>\u2705 Baterijomis varomas lokomotyvas<\/span><\/h2>\n<p><span>Lokomotyvas va\u017eiuojant skleid\u017eia tikro garve\u017eio garsus! Tam reikia 2 AA baterij\u0173. Nor\u0117dami prid\u0117ti akumuliatori\u0173, turite atjungti lokomotyvo vir\u0161\u0173 nuo apa\u010dios.<\/span><\/p>\n<h2><span>\u2705Akumuliatorinis automobilis<\/span><\/h2>\n<p><span>Be gele\u017einkelio b\u0117gi\u0173, komplekte yra ir takelis automobiliui! Nurodytu keliu jis va\u017eiuoja vienas. Tiesiog \u012fd\u0117kite vien\u0105 AA baterij\u0105!<\/span><\/p>\n<h2><span>\u2705Komplekto surinkimas<\/span><\/h2>\n<p><span>Visus elementus lengva sud\u0117ti ir i\u0161skleisti. J\u016bs\u0173 vaiko ma\u017eos rankyt\u0117s gali visk\u0105 susitvarkyti!<\/span><\/p>\n<p>&nbsp;<\/p>","protected":false},"excerpt":{"rendered":"<p>Automobili\u0173 lenktyni\u0173 takas<\/p>","protected":false},"featured_media":57334,"template":"","meta":{"_acf_changed":false,"_glsr_average":0,"_glsr_ranking":0,"_glsr_reviews":0},"product_brand":[],"product_cat":[448],"product_tag":[],"class_list":{"0":"post-57333","1":"product","2":"type-product","3":"status-publish","4":"has-post-thumbnail","6":"product_cat-automobiliai-ir-transportas","7":"\"style=\"background-color: #2ecc711c;\"","9":"first","10":"instock","11":"shipping-taxable","12":"purchasable","13":"product-type-simple"},"acf":[],"yoast_head":"<!-- This site is optimized with the Yoast SEO plugin v27.4 - https:\/\/yoast.com\/product\/yoast-seo-wordpress\/ -->\n<title>Automobili\u0173 lenktyni\u0173 takas 700cm - KidsPlay<\/title>\n<meta name=\"description\" content=\"Automobili\u0173 lenktyni\u0173 takas\" \/>\n<meta name=\"robots\" content=\"index, follow, max-snippet:-1, max-image-preview:large, max-video-preview:-1\" \/>\n<link rel=\"canonical\" href=\"https:\/\/kidsplay.lt\/lv\/products\/automobiliu-lenktyniu-takas-700cm\/\" \/>\n<meta property=\"og:locale\" content=\"lv_LV\" \/>\n<meta property=\"og:type\" content=\"article\" \/>\n<meta property=\"og:title\" content=\"Automobili\u0173 lenktyni\u0173 takas 700cm - KidsPlay\" \/>\n<meta property=\"og:description\" content=\"Automobili\u0173 lenktyni\u0173 takas\" \/>\n<meta property=\"og:url\" content=\"https:\/\/kidsplay.lt\/lv\/products\/automobiliu-lenktyniu-takas-700cm\/\" \/>\n<meta property=\"og:site_name\" content=\"KidsPlay\" \/>\n<meta property=\"article:publisher\" content=\"https:\/\/www.facebook.com\/www.kidsplay.lt\" \/>\n<meta property=\"article:modified_time\" content=\"2025-12-24T08:40:07+00:00\" \/>\n<meta property=\"og:image\" content=\"https:\/\/kidsplay.lt\/wp-content\/uploads\/2024\/10\/Ekrano-kopija-2024-10-23-231915.png\" \/>\n\t<meta property=\"og:image:width\" content=\"772\" \/>\n\t<meta property=\"og:image:height\" content=\"760\" \/>\n\t<meta property=\"og:image:type\" content=\"image\/png\" \/>\n<meta name=\"twitter:card\" content=\"summary_large_image\" \/>\n<meta name=\"twitter:label1\" content=\"Est. reading time\" \/>\n\t<meta name=\"twitter:data1\" content=\"2 min\u016btes\" \/>\n<script type=\"application\/ld+json\" class=\"yoast-schema-graph\">{\"@context\":\"https:\\\/\\\/schema.org\",\"@graph\":[{\"@type\":\"WebPage\",\"@id\":\"https:\\\/\\\/kidsplay.lt\\\/produktas\\\/automobiliu-lenktyniu-takas-700cm\\\/\",\"url\":\"https:\\\/\\\/kidsplay.lt\\\/produktas\\\/automobiliu-lenktyniu-takas-700cm\\\/\",\"name\":\"Automobili\u0173 lenktyni\u0173 takas 700cm - KidsPlay\",\"isPartOf\":{\"@id\":\"https:\\\/\\\/kidsplay.lt\\\/#website\"},\"primaryImageOfPage\":{\"@id\":\"https:\\\/\\\/kidsplay.lt\\\/produktas\\\/automobiliu-lenktyniu-takas-700cm\\\/#primaryimage\"},\"image\":{\"@id\":\"https:\\\/\\\/kidsplay.lt\\\/produktas\\\/automobiliu-lenktyniu-takas-700cm\\\/#primaryimage\"},\"thumbnailUrl\":\"https:\\\/\\\/kidsplay.lt\\\/wp-content\\\/uploads\\\/2024\\\/10\\\/Ekrano-kopija-2024-10-23-231915.png\",\"datePublished\":\"2024-10-23T20:23:02+00:00\",\"dateModified\":\"2025-12-24T08:40:07+00:00\",\"description\":\"Automobili\u0173 lenktyni\u0173 takas\",\"breadcrumb\":{\"@id\":\"https:\\\/\\\/kidsplay.lt\\\/produktas\\\/automobiliu-lenktyniu-takas-700cm\\\/#breadcrumb\"},\"inLanguage\":\"lv-LV\",\"potentialAction\":[{\"@type\":\"ReadAction\",\"target\":[\"https:\\\/\\\/kidsplay.lt\\\/produktas\\\/automobiliu-lenktyniu-takas-700cm\\\/\"]}]},{\"@type\":\"ImageObject\",\"inLanguage\":\"lv-LV\",\"@id\":\"https:\\\/\\\/kidsplay.lt\\\/produktas\\\/automobiliu-lenktyniu-takas-700cm\\\/#primaryimage\",\"url\":\"https:\\\/\\\/kidsplay.lt\\\/wp-content\\\/uploads\\\/2024\\\/10\\\/Ekrano-kopija-2024-10-23-231915.png\",\"contentUrl\":\"https:\\\/\\\/kidsplay.lt\\\/wp-content\\\/uploads\\\/2024\\\/10\\\/Ekrano-kopija-2024-10-23-231915.png\",\"width\":772,\"height\":760},{\"@type\":\"BreadcrumbList\",\"@id\":\"https:\\\/\\\/kidsplay.lt\\\/produktas\\\/automobiliu-lenktyniu-takas-700cm\\\/#breadcrumb\",\"itemListElement\":[{\"@type\":\"ListItem\",\"position\":1,\"name\":\"Pagrindinis\",\"item\":\"https:\\\/\\\/kidsplay.lt\\\/\"},{\"@type\":\"ListItem\",\"position\":2,\"name\":\"Parduotuv\u0117\",\"item\":\"https:\\\/\\\/kidsplay.lt\\\/parduotuve\\\/\"},{\"@type\":\"ListItem\",\"position\":3,\"name\":\"Automobili\u0173 lenktyni\u0173 takas 700cm\"}]},{\"@type\":\"WebSite\",\"@id\":\"https:\\\/\\\/kidsplay.lt\\\/#website\",\"url\":\"https:\\\/\\\/kidsplay.lt\\\/\",\"name\":\"Kidsplay.lt\",\"description\":\"\u012evairios prek\u0117s vaikams\",\"publisher\":{\"@id\":\"https:\\\/\\\/kidsplay.lt\\\/#organization\"},\"alternateName\":\"Kidsplay\",\"potentialAction\":[{\"@type\":\"SearchAction\",\"target\":{\"@type\":\"EntryPoint\",\"urlTemplate\":\"https:\\\/\\\/kidsplay.lt\\\/?s={search_term_string}\"},\"query-input\":{\"@type\":\"PropertyValueSpecification\",\"valueRequired\":true,\"valueName\":\"search_term_string\"}}],\"inLanguage\":\"lv-LV\"},{\"@type\":\"Organization\",\"@id\":\"https:\\\/\\\/kidsplay.lt\\\/#organization\",\"name\":\"KidsPlay\",\"url\":\"https:\\\/\\\/kidsplay.lt\\\/\",\"logo\":{\"@type\":\"ImageObject\",\"inLanguage\":\"lv-LV\",\"@id\":\"https:\\\/\\\/kidsplay.lt\\\/#\\\/schema\\\/logo\\\/image\\\/\",\"url\":\"https:\\\/\\\/kidsplay.lt\\\/wp-content\\\/uploads\\\/2023\\\/07\\\/kidsplay-logo.png\",\"contentUrl\":\"https:\\\/\\\/kidsplay.lt\\\/wp-content\\\/uploads\\\/2023\\\/07\\\/kidsplay-logo.png\",\"width\":451,\"height\":98,\"caption\":\"KidsPlay\"},\"image\":{\"@id\":\"https:\\\/\\\/kidsplay.lt\\\/#\\\/schema\\\/logo\\\/image\\\/\"},\"sameAs\":[\"https:\\\/\\\/www.facebook.com\\\/www.kidsplay.lt\"]}]}<\/script>\n<!-- \/ Yoast SEO plugin. -->","yoast_head_json":{"title":"Automobili\u0173 lenktyni\u0173 takas 700cm - KidsPlay","description":"Automobili\u0173 lenktyni\u0173 takas","robots":{"index":"index","follow":"follow","max-snippet":"max-snippet:-1","max-image-preview":"max-image-preview:large","max-video-preview":"max-video-preview:-1"},"canonical":"https:\/\/kidsplay.lt\/lv\/products\/automobiliu-lenktyniu-takas-700cm\/","og_locale":"lv_LV","og_type":"article","og_title":"Automobili\u0173 lenktyni\u0173 takas 700cm - KidsPlay","og_description":"Automobili\u0173 lenktyni\u0173 takas","og_url":"https:\/\/kidsplay.lt\/lv\/products\/automobiliu-lenktyniu-takas-700cm\/","og_site_name":"KidsPlay","article_publisher":"https:\/\/www.facebook.com\/www.kidsplay.lt","article_modified_time":"2025-12-24T08:40:07+00:00","og_image":[{"width":772,"height":760,"url":"https:\/\/kidsplay.lt\/wp-content\/uploads\/2024\/10\/Ekrano-kopija-2024-10-23-231915.png","type":"image\/png"}],"twitter_card":"summary_large_image","twitter_misc":{"Est. reading time":"2 min\u016btes"},"schema":{"@context":"https:\/\/schema.org","@graph":[{"@type":"WebPage","@id":"https:\/\/kidsplay.lt\/produktas\/automobiliu-lenktyniu-takas-700cm\/","url":"https:\/\/kidsplay.lt\/produktas\/automobiliu-lenktyniu-takas-700cm\/","name":"Automobili\u0173 lenktyni\u0173 takas 700cm - KidsPlay","isPartOf":{"@id":"https:\/\/kidsplay.lt\/#website"},"primaryImageOfPage":{"@id":"https:\/\/kidsplay.lt\/produktas\/automobiliu-lenktyniu-takas-700cm\/#primaryimage"},"image":{"@id":"https:\/\/kidsplay.lt\/produktas\/automobiliu-lenktyniu-takas-700cm\/#primaryimage"},"thumbnailUrl":"https:\/\/kidsplay.lt\/wp-content\/uploads\/2024\/10\/Ekrano-kopija-2024-10-23-231915.png","datePublished":"2024-10-23T20:23:02+00:00","dateModified":"2025-12-24T08:40:07+00:00","description":"Automobili\u0173 lenktyni\u0173 takas","breadcrumb":{"@id":"https:\/\/kidsplay.lt\/produktas\/automobiliu-lenktyniu-takas-700cm\/#breadcrumb"},"inLanguage":"lv-LV","potentialAction":[{"@type":"ReadAction","target":["https:\/\/kidsplay.lt\/produktas\/automobiliu-lenktyniu-takas-700cm\/"]}]},{"@type":"ImageObject","inLanguage":"lv-LV","@id":"https:\/\/kidsplay.lt\/produktas\/automobiliu-lenktyniu-takas-700cm\/#primaryimage","url":"https:\/\/kidsplay.lt\/wp-content\/uploads\/2024\/10\/Ekrano-kopija-2024-10-23-231915.png","contentUrl":"https:\/\/kidsplay.lt\/wp-content\/uploads\/2024\/10\/Ekrano-kopija-2024-10-23-231915.png","width":772,"height":760},{"@type":"BreadcrumbList","@id":"https:\/\/kidsplay.lt\/produktas\/automobiliu-lenktyniu-takas-700cm\/#breadcrumb","itemListElement":[{"@type":"ListItem","position":1,"name":"Pagrindinis","item":"https:\/\/kidsplay.lt\/"},{"@type":"ListItem","position":2,"name":"Parduotuv\u0117","item":"https:\/\/kidsplay.lt\/parduotuve\/"},{"@type":"ListItem","position":3,"name":"Automobili\u0173 lenktyni\u0173 takas 700cm"}]},{"@type":"WebSite","@id":"https:\/\/kidsplay.lt\/#website","url":"https:\/\/kidsplay.lt\/","name":"B\u0113rnu sp\u0113les.lv","description":"\u012evairios prek\u0117s vaikams","publisher":{"@id":"https:\/\/kidsplay.lt\/#organization"},"alternateName":"Kidsplay","potentialAction":[{"@type":"SearchAction","target":{"@type":"EntryPoint","urlTemplate":"https:\/\/kidsplay.lt\/?s={search_term_string}"},"query-input":{"@type":"PropertyValueSpecification","valueRequired":true,"valueName":"search_term_string"}}],"inLanguage":"lv-LV"},{"@type":"Organization","@id":"https:\/\/kidsplay.lt\/#organization","name":"B\u0113rnu sp\u0113le","url":"https:\/\/kidsplay.lt\/","logo":{"@type":"ImageObject","inLanguage":"lv-LV","@id":"https:\/\/kidsplay.lt\/#\/schema\/logo\/image\/","url":"https:\/\/kidsplay.lt\/wp-content\/uploads\/2023\/07\/kidsplay-logo.png","contentUrl":"https:\/\/kidsplay.lt\/wp-content\/uploads\/2023\/07\/kidsplay-logo.png","width":451,"height":98,"caption":"KidsPlay"},"image":{"@id":"https:\/\/kidsplay.lt\/#\/schema\/logo\/image\/"},"sameAs":["https:\/\/www.facebook.com\/www.kidsplay.lt"]}]}},"_links":{"self":[{"href":"https:\/\/kidsplay.lt\/lv\/wp-json\/wp\/v2\/product\/57333","targetHints":{"allow":["GET"]}}],"collection":[{"href":"https:\/\/kidsplay.lt\/lv\/wp-json\/wp\/v2\/product"}],"about":[{"href":"https:\/\/kidsplay.lt\/lv\/wp-json\/wp\/v2\/types\/product"}],"version-history":[{"count":3,"href":"https:\/\/kidsplay.lt\/lv\/wp-json\/wp\/v2\/product\/57333\/revisions"}],"predecessor-version":[{"id":82674,"href":"https:\/\/kidsplay.lt\/lv\/wp-json\/wp\/v2\/product\/57333\/revisions\/82674"}],"wp:featuredmedia":[{"embeddable":true,"href":"https:\/\/kidsplay.lt\/lv\/wp-json\/wp\/v2\/media\/57334"}],"wp:attachment":[{"href":"https:\/\/kidsplay.lt\/lv\/wp-json\/wp\/v2\/media?parent=57333"}],"wp:term":[{"taxonomy":"product_brand","embeddable":true,"href":"https:\/\/kidsplay.lt\/lv\/wp-json\/wp\/v2\/product_brand?post=57333"},{"taxonomy":"product_cat","embeddable":true,"href":"https:\/\/kidsplay.lt\/lv\/wp-json\/wp\/v2\/product_cat?post=57333"},{"taxonomy":"product_tag","embeddable":true,"href":"https:\/\/kidsplay.lt\/lv\/wp-json\/wp\/v2\/product_tag?post=57333"}],"curies":[{"name":"wp","href":"https:\/\/api.w.org\/{rel}","templated":true}]}}