{"id":57577,"date":"2024-10-29T22:50:20","date_gmt":"2024-10-29T20:50:20","guid":{"rendered":"https:\/\/kidsplay.lt\/?post_type=product&#038;p=57577"},"modified":"2025-12-24T10:41:56","modified_gmt":"2025-12-24T08:41:56","slug":"zaidimu-aikstele-vaikams","status":"publish","type":"product","link":"https:\/\/kidsplay.lt\/lv\/products\/zaidimu-aikstele-vaikams\/","title":{"rendered":"\u017daidim\u0173 aik\u0161tel\u0117 vaikams"},"content":{"rendered":"<h1><span>\u2b50 Putplas\u010dio kubeli\u0173 rinkinys 9vnt\/plei\u0161tas\/vir\u0161us\/tunelis\/rampa\/pusvolinis\/laiptai<\/span><\/h1>\n<h2><span>\u2b50 PPZ-217<\/span><\/h2>\n<p><b><span>\u2b50<\/span><\/b><span>\u00a0\u0160is unikalus rinkinys efektyviai \u017eadins vaik\u0173 vaizduot\u0119 ir paveiks k\u016brybin\u012f m\u0105stym\u0105. Jis gali b\u016bti naudojamas paprastam \u017eaidimui, mank\u0161tai ar \u012fvairi\u0173 konstrukcij\u0173 k\u016brimui.<\/span><\/p>\n<p><b><span>\u2b50<\/span><\/b><span>\u00a0Gamybai naudotas plastikas pasi\u017eymi ma\u017eu svoriu ir dideliu atsparumu mechanin\u0117ms deformacijoms.<\/span><\/p>\n<p><b>\u2b50<\/b> Visi elementai turi nuimam\u0105 dangtel\u012f, kuris tikrai palengvina \u017eaisl\u0173 \u0161var\u0105.<\/p>\n<h1><span>\u2b50 Produkto savyb\u0117s:<\/span><\/h1>\n<p><b><span>TIPAS:<\/span><\/b><span>\u00a0putplas\u010dio plyt\u0173 komplektas<\/span><\/p>\n<p><b><span>SPALVA:<\/span><\/b><span>\u00a0\u0161viesiai pilka<\/span><\/p>\n<p><b><span>Putplas\u010dio kubeli\u0173 skai\u010dius:<\/span><\/b><span>\u00a09 kubeliai \u0161viesiai pilkos spalvos<\/span><\/p>\n<p><b><span>Kubo matmenys:<\/span><\/b><span>\u00a0140x140mm<\/span><\/p>\n<p><b><span>Plei\u0161to matmenys:<\/span><\/b><span>\u00a0450x700x200mm<\/span><\/p>\n<p><b><span>Kalno matmenys:<\/span><\/b><span>\u00a0350x500x380mm<\/span><\/p>\n<p><b><span>Tunelio matmenys:<\/span><\/b><span>\u00a0450x500x430mm<\/span><\/p>\n<p><b><span>Rampos matmenys:<\/span><\/b><span>\u00a0450x500x200mm<\/span><\/p>\n<p><b><span>Pusvolinio matmenys:<\/span><\/b><span>\u00a0450x500x200mm<\/span><\/p>\n<p><b><span>Laipt\u0173 i\u0161matavimai:<\/span><\/b><span>\u00a0450x400x300mm<\/span><\/p>\n<p><b><span>AUDINIS:<\/span><\/b><span> 52% medviln\u0117, 40% poliesteris, 8% elastanas.\u00a0<\/span><\/p>","protected":false},"excerpt":{"rendered":"<p>\u017daidim\u0173 aik\u0161tel\u0117 vaikams<\/p>","protected":false},"featured_media":57578,"template":"","meta":{"_acf_changed":false,"_glsr_average":0,"_glsr_ranking":0,"_glsr_reviews":0},"product_brand":[],"product_cat":[674,254,229],"product_tag":[],"class_list":{"0":"post-57577","1":"product","2":"type-product","3":"status-publish","4":"has-post-thumbnail","6":"product_cat-namu-zaidimo-aiksteles","7":"product_cat-vaiko-kambarys","8":"product_cat-zaislai-vaikams","9":"\"style=\"background-color: #2ecc711c;\"","11":"first","12":"instock","13":"shipping-taxable","14":"purchasable","15":"product-type-simple"},"acf":[],"yoast_head":"<!-- This site is optimized with the Yoast SEO plugin v27.4 - https:\/\/yoast.com\/product\/yoast-seo-wordpress\/ -->\n<title>\u017daidim\u0173 aik\u0161tel\u0117 vaikams - KidsPlay<\/title>\n<meta name=\"description\" content=\"\u017daidim\u0173 aik\u0161tel\u0117 vaikams\" \/>\n<meta name=\"robots\" content=\"index, follow, max-snippet:-1, max-image-preview:large, max-video-preview:-1\" \/>\n<link rel=\"canonical\" href=\"https:\/\/kidsplay.lt\/lv\/products\/zaidimu-aikstele-vaikams\/\" \/>\n<meta property=\"og:locale\" content=\"lv_LV\" \/>\n<meta property=\"og:type\" content=\"article\" \/>\n<meta property=\"og:title\" content=\"\u017daidim\u0173 aik\u0161tel\u0117 vaikams - KidsPlay\" \/>\n<meta property=\"og:description\" content=\"\u017daidim\u0173 aik\u0161tel\u0117 vaikams\" \/>\n<meta property=\"og:url\" content=\"https:\/\/kidsplay.lt\/lv\/products\/zaidimu-aikstele-vaikams\/\" \/>\n<meta property=\"og:site_name\" content=\"KidsPlay\" \/>\n<meta property=\"article:publisher\" content=\"https:\/\/www.facebook.com\/www.kidsplay.lt\" \/>\n<meta property=\"article:modified_time\" content=\"2025-12-24T08:41:56+00:00\" \/>\n<meta property=\"og:image\" content=\"https:\/\/kidsplay.lt\/wp-content\/uploads\/2024\/10\/Ekrano-kopija-2024-10-29-224753.png\" \/>\n\t<meta property=\"og:image:width\" content=\"902\" \/>\n\t<meta property=\"og:image:height\" content=\"781\" \/>\n\t<meta property=\"og:image:type\" content=\"image\/png\" \/>\n<meta name=\"twitter:card\" content=\"summary_large_image\" \/>\n<meta name=\"twitter:label1\" content=\"Est. reading time\" \/>\n\t<meta name=\"twitter:data1\" content=\"1 min\u016bte\" \/>\n<script type=\"application\/ld+json\" class=\"yoast-schema-graph\">{\"@context\":\"https:\\\/\\\/schema.org\",\"@graph\":[{\"@type\":\"WebPage\",\"@id\":\"https:\\\/\\\/kidsplay.lt\\\/produktas\\\/zaidimu-aikstele-vaikams\\\/\",\"url\":\"https:\\\/\\\/kidsplay.lt\\\/produktas\\\/zaidimu-aikstele-vaikams\\\/\",\"name\":\"\u017daidim\u0173 aik\u0161tel\u0117 vaikams - KidsPlay\",\"isPartOf\":{\"@id\":\"https:\\\/\\\/kidsplay.lt\\\/#website\"},\"primaryImageOfPage\":{\"@id\":\"https:\\\/\\\/kidsplay.lt\\\/produktas\\\/zaidimu-aikstele-vaikams\\\/#primaryimage\"},\"image\":{\"@id\":\"https:\\\/\\\/kidsplay.lt\\\/produktas\\\/zaidimu-aikstele-vaikams\\\/#primaryimage\"},\"thumbnailUrl\":\"https:\\\/\\\/kidsplay.lt\\\/wp-content\\\/uploads\\\/2024\\\/10\\\/Ekrano-kopija-2024-10-29-224753.png\",\"datePublished\":\"2024-10-29T20:50:20+00:00\",\"dateModified\":\"2025-12-24T08:41:56+00:00\",\"description\":\"\u017daidim\u0173 aik\u0161tel\u0117 vaikams\",\"breadcrumb\":{\"@id\":\"https:\\\/\\\/kidsplay.lt\\\/produktas\\\/zaidimu-aikstele-vaikams\\\/#breadcrumb\"},\"inLanguage\":\"lv-LV\",\"potentialAction\":[{\"@type\":\"ReadAction\",\"target\":[\"https:\\\/\\\/kidsplay.lt\\\/produktas\\\/zaidimu-aikstele-vaikams\\\/\"]}]},{\"@type\":\"ImageObject\",\"inLanguage\":\"lv-LV\",\"@id\":\"https:\\\/\\\/kidsplay.lt\\\/produktas\\\/zaidimu-aikstele-vaikams\\\/#primaryimage\",\"url\":\"https:\\\/\\\/kidsplay.lt\\\/wp-content\\\/uploads\\\/2024\\\/10\\\/Ekrano-kopija-2024-10-29-224753.png\",\"contentUrl\":\"https:\\\/\\\/kidsplay.lt\\\/wp-content\\\/uploads\\\/2024\\\/10\\\/Ekrano-kopija-2024-10-29-224753.png\",\"width\":902,\"height\":781},{\"@type\":\"BreadcrumbList\",\"@id\":\"https:\\\/\\\/kidsplay.lt\\\/produktas\\\/zaidimu-aikstele-vaikams\\\/#breadcrumb\",\"itemListElement\":[{\"@type\":\"ListItem\",\"position\":1,\"name\":\"Pagrindinis\",\"item\":\"https:\\\/\\\/kidsplay.lt\\\/\"},{\"@type\":\"ListItem\",\"position\":2,\"name\":\"Parduotuv\u0117\",\"item\":\"https:\\\/\\\/kidsplay.lt\\\/parduotuve\\\/\"},{\"@type\":\"ListItem\",\"position\":3,\"name\":\"\u017daidim\u0173 aik\u0161tel\u0117 vaikams\"}]},{\"@type\":\"WebSite\",\"@id\":\"https:\\\/\\\/kidsplay.lt\\\/#website\",\"url\":\"https:\\\/\\\/kidsplay.lt\\\/\",\"name\":\"Kidsplay.lt\",\"description\":\"\u012evairios prek\u0117s vaikams\",\"publisher\":{\"@id\":\"https:\\\/\\\/kidsplay.lt\\\/#organization\"},\"alternateName\":\"Kidsplay\",\"potentialAction\":[{\"@type\":\"SearchAction\",\"target\":{\"@type\":\"EntryPoint\",\"urlTemplate\":\"https:\\\/\\\/kidsplay.lt\\\/?s={search_term_string}\"},\"query-input\":{\"@type\":\"PropertyValueSpecification\",\"valueRequired\":true,\"valueName\":\"search_term_string\"}}],\"inLanguage\":\"lv-LV\"},{\"@type\":\"Organization\",\"@id\":\"https:\\\/\\\/kidsplay.lt\\\/#organization\",\"name\":\"KidsPlay\",\"url\":\"https:\\\/\\\/kidsplay.lt\\\/\",\"logo\":{\"@type\":\"ImageObject\",\"inLanguage\":\"lv-LV\",\"@id\":\"https:\\\/\\\/kidsplay.lt\\\/#\\\/schema\\\/logo\\\/image\\\/\",\"url\":\"https:\\\/\\\/kidsplay.lt\\\/wp-content\\\/uploads\\\/2023\\\/07\\\/kidsplay-logo.png\",\"contentUrl\":\"https:\\\/\\\/kidsplay.lt\\\/wp-content\\\/uploads\\\/2023\\\/07\\\/kidsplay-logo.png\",\"width\":451,\"height\":98,\"caption\":\"KidsPlay\"},\"image\":{\"@id\":\"https:\\\/\\\/kidsplay.lt\\\/#\\\/schema\\\/logo\\\/image\\\/\"},\"sameAs\":[\"https:\\\/\\\/www.facebook.com\\\/www.kidsplay.lt\"]}]}<\/script>\n<!-- \/ Yoast SEO plugin. -->","yoast_head_json":{"title":"\u017daidim\u0173 aik\u0161tel\u0117 vaikams - KidsPlay","description":"\u017daidim\u0173 aik\u0161tel\u0117 vaikams","robots":{"index":"index","follow":"follow","max-snippet":"max-snippet:-1","max-image-preview":"max-image-preview:large","max-video-preview":"max-video-preview:-1"},"canonical":"https:\/\/kidsplay.lt\/lv\/products\/zaidimu-aikstele-vaikams\/","og_locale":"lv_LV","og_type":"article","og_title":"\u017daidim\u0173 aik\u0161tel\u0117 vaikams - KidsPlay","og_description":"\u017daidim\u0173 aik\u0161tel\u0117 vaikams","og_url":"https:\/\/kidsplay.lt\/lv\/products\/zaidimu-aikstele-vaikams\/","og_site_name":"KidsPlay","article_publisher":"https:\/\/www.facebook.com\/www.kidsplay.lt","article_modified_time":"2025-12-24T08:41:56+00:00","og_image":[{"width":902,"height":781,"url":"https:\/\/kidsplay.lt\/wp-content\/uploads\/2024\/10\/Ekrano-kopija-2024-10-29-224753.png","type":"image\/png"}],"twitter_card":"summary_large_image","twitter_misc":{"Est. reading time":"1 min\u016bte"},"schema":{"@context":"https:\/\/schema.org","@graph":[{"@type":"WebPage","@id":"https:\/\/kidsplay.lt\/produktas\/zaidimu-aikstele-vaikams\/","url":"https:\/\/kidsplay.lt\/produktas\/zaidimu-aikstele-vaikams\/","name":"\u017daidim\u0173 aik\u0161tel\u0117 vaikams - KidsPlay","isPartOf":{"@id":"https:\/\/kidsplay.lt\/#website"},"primaryImageOfPage":{"@id":"https:\/\/kidsplay.lt\/produktas\/zaidimu-aikstele-vaikams\/#primaryimage"},"image":{"@id":"https:\/\/kidsplay.lt\/produktas\/zaidimu-aikstele-vaikams\/#primaryimage"},"thumbnailUrl":"https:\/\/kidsplay.lt\/wp-content\/uploads\/2024\/10\/Ekrano-kopija-2024-10-29-224753.png","datePublished":"2024-10-29T20:50:20+00:00","dateModified":"2025-12-24T08:41:56+00:00","description":"\u017daidim\u0173 aik\u0161tel\u0117 vaikams","breadcrumb":{"@id":"https:\/\/kidsplay.lt\/produktas\/zaidimu-aikstele-vaikams\/#breadcrumb"},"inLanguage":"lv-LV","potentialAction":[{"@type":"ReadAction","target":["https:\/\/kidsplay.lt\/produktas\/zaidimu-aikstele-vaikams\/"]}]},{"@type":"ImageObject","inLanguage":"lv-LV","@id":"https:\/\/kidsplay.lt\/produktas\/zaidimu-aikstele-vaikams\/#primaryimage","url":"https:\/\/kidsplay.lt\/wp-content\/uploads\/2024\/10\/Ekrano-kopija-2024-10-29-224753.png","contentUrl":"https:\/\/kidsplay.lt\/wp-content\/uploads\/2024\/10\/Ekrano-kopija-2024-10-29-224753.png","width":902,"height":781},{"@type":"BreadcrumbList","@id":"https:\/\/kidsplay.lt\/produktas\/zaidimu-aikstele-vaikams\/#breadcrumb","itemListElement":[{"@type":"ListItem","position":1,"name":"Pagrindinis","item":"https:\/\/kidsplay.lt\/"},{"@type":"ListItem","position":2,"name":"Parduotuv\u0117","item":"https:\/\/kidsplay.lt\/parduotuve\/"},{"@type":"ListItem","position":3,"name":"\u017daidim\u0173 aik\u0161tel\u0117 vaikams"}]},{"@type":"WebSite","@id":"https:\/\/kidsplay.lt\/#website","url":"https:\/\/kidsplay.lt\/","name":"B\u0113rnu sp\u0113les.lv","description":"\u012evairios prek\u0117s vaikams","publisher":{"@id":"https:\/\/kidsplay.lt\/#organization"},"alternateName":"Kidsplay","potentialAction":[{"@type":"SearchAction","target":{"@type":"EntryPoint","urlTemplate":"https:\/\/kidsplay.lt\/?s={search_term_string}"},"query-input":{"@type":"PropertyValueSpecification","valueRequired":true,"valueName":"search_term_string"}}],"inLanguage":"lv-LV"},{"@type":"Organization","@id":"https:\/\/kidsplay.lt\/#organization","name":"B\u0113rnu sp\u0113le","url":"https:\/\/kidsplay.lt\/","logo":{"@type":"ImageObject","inLanguage":"lv-LV","@id":"https:\/\/kidsplay.lt\/#\/schema\/logo\/image\/","url":"https:\/\/kidsplay.lt\/wp-content\/uploads\/2023\/07\/kidsplay-logo.png","contentUrl":"https:\/\/kidsplay.lt\/wp-content\/uploads\/2023\/07\/kidsplay-logo.png","width":451,"height":98,"caption":"KidsPlay"},"image":{"@id":"https:\/\/kidsplay.lt\/#\/schema\/logo\/image\/"},"sameAs":["https:\/\/www.facebook.com\/www.kidsplay.lt"]}]}},"_links":{"self":[{"href":"https:\/\/kidsplay.lt\/lv\/wp-json\/wp\/v2\/product\/57577","targetHints":{"allow":["GET"]}}],"collection":[{"href":"https:\/\/kidsplay.lt\/lv\/wp-json\/wp\/v2\/product"}],"about":[{"href":"https:\/\/kidsplay.lt\/lv\/wp-json\/wp\/v2\/types\/product"}],"version-history":[{"count":2,"href":"https:\/\/kidsplay.lt\/lv\/wp-json\/wp\/v2\/product\/57577\/revisions"}],"predecessor-version":[{"id":74226,"href":"https:\/\/kidsplay.lt\/lv\/wp-json\/wp\/v2\/product\/57577\/revisions\/74226"}],"wp:featuredmedia":[{"embeddable":true,"href":"https:\/\/kidsplay.lt\/lv\/wp-json\/wp\/v2\/media\/57578"}],"wp:attachment":[{"href":"https:\/\/kidsplay.lt\/lv\/wp-json\/wp\/v2\/media?parent=57577"}],"wp:term":[{"taxonomy":"product_brand","embeddable":true,"href":"https:\/\/kidsplay.lt\/lv\/wp-json\/wp\/v2\/product_brand?post=57577"},{"taxonomy":"product_cat","embeddable":true,"href":"https:\/\/kidsplay.lt\/lv\/wp-json\/wp\/v2\/product_cat?post=57577"},{"taxonomy":"product_tag","embeddable":true,"href":"https:\/\/kidsplay.lt\/lv\/wp-json\/wp\/v2\/product_tag?post=57577"}],"curies":[{"name":"wp","href":"https:\/\/api.w.org\/{rel}","templated":true}]}}