{"id":57585,"date":"2024-10-29T22:56:08","date_gmt":"2024-10-29T20:56:08","guid":{"rendered":"https:\/\/kidsplay.lt\/?post_type=product&#038;p=57585"},"modified":"2025-10-04T19:27:33","modified_gmt":"2025-10-04T16:27:33","slug":"dvivietes-rogutes-su-stumimo-rankena","status":"publish","type":"product","link":"https:\/\/kidsplay.lt\/lv\/products\/dvivietes-rogutes-su-stumimo-rankena\/","title":{"rendered":"Divviet\u012bgas ragavas ar stum\u0161anas rokturi"},"content":{"rendered":"<p><span>Daugiafunkcin\u0117s <\/span><b><span>rog\u0117s<\/span><\/b><span>\u00a0su kabina, st\u016bmikliu, s\u0117dyn\u0117mis, \u0161ildytuvais ir koj\u0173 atramos modeliu\u00a0<\/span><b><span>DUO Twin su st\u016bmimo \u0161ildytuvu ir kabina 2024\/2025 sezonui<\/span><\/b><span>\u00a0puikiai tinka snieguotoms dienoms ir suteikia puik\u0173\u00a0<\/span><b><span>poils\u012f bei pramog\u0105<\/span><\/b><span>\u00a0j\u016bs\u0173 vaikui.<\/span><\/p>\n<p><span>Rogut\u0117s labai prakti\u0161kos ir patogios \u2013 jos suteiks puik\u0173\u00a0<\/span><b><span>poils\u012f ir pramog\u0105<\/span><\/b><span>\u00a0J\u016bs\u0173 vaikui.<\/span><\/p>\n<p><span>Jie yra labai patvar\u016bs, nes naudojami\u00a0<\/span><b><span>vamzd\u017eiai<\/span><\/b><span>\u00a0i\u0161 plieno, elektrostati\u0161kai da\u017eyti\u00a0<\/span><b><span>poliesterio da\u017eai, atspar\u016bs UV spinduliams<\/span><\/b><span>\u00a0, su tvirtais tvirtinimo elementais.<\/span><\/p>\n<p><span>Rogut\u0117s turi\u00a0<\/span><b><span>st\u016bmikl\u012f ir\u00a0<\/span><\/b><b><span>atlo\u0161\u0105<\/span><\/b><span> , kuriuos galima lengvai i\u0161ardyti.\u00a0<\/span><\/p>\n<p><span>Rogu\u010di\u0173 matmenys pagal. prid\u0117ta nuotrauka.<\/span><\/p>\n<ul>\n<li><span>Bendri matmenys: 135\/40\/97 cm (ilgis\/plotis\/auk\u0161tis)<\/span><\/li>\n<li><span>S\u0117dyn\u0117s matmenys: 90\/23 cm (L\/W)<\/span><\/li>\n<li><span>St\u016bmiklio auk\u0161tis: 97 cm<\/span><\/li>\n<li><span>Rogu\u010di\u0173 svoris: 6 kg<\/span><\/li>\n<li><span>Rogu\u010di\u0173 svoris su \u012franga: 14 kg<\/span><\/li>\n<li><span>Maksimali apkrova:\u00a0<\/span><b><span>120 kg<\/span><\/b><\/li>\n<\/ul>\n<p><span>Vamzd\u017ei\u0173 dydis fi 20, slydimas i\u0161\u00a0<\/span><b><span>profilio\u00a0<\/span><\/b><b><span>40&#215;18<\/span><\/b><span>\u00a0.<\/span><\/p>\n<h1><span>\u012e RINKIN\u012e \u012eSKAI\u010cIUOTA:<\/span><\/h1>\n<ul>\n<li><span>rogut\u0117mis<\/span><\/li>\n<li><span>kabinoje 2vnt<\/span><\/li>\n<li><span>atlo\u0161as 2 vnt<\/span><\/li>\n<li><span>\u0161il\u010diau 2 vnt<\/span><\/li>\n<li><span>St\u016bmiklis (reguliuojamas)<\/span><\/li>\n<li><span>saugos dir\u017eas<\/span><\/li>\n<li><span>rogi\u0173 traukimo dir\u017eas<\/span><\/li>\n<li><span>koj\u0173 atramos<\/span><\/li>\n<li><span>tvirtinimo var\u017etai<\/span><\/li>\n<\/ul>\n<p><b><span>Kabina komplekte, pagaminta i\u0161 &#8222;oxford&#8221; med\u017eiagos 160g\/m2 \u017einoma nepralaidi vandeniui, tvirtinama ant greito segtuko ir sulankstoma lygiai kaip ve\u017eim\u0117lyje.<\/span><\/b><\/p>\n<p><b><span>Atlo\u0161as<\/span><\/b><span>\u00a0ar\u00a0<\/span><b><span>saugos dir\u017eu<\/span><\/b><span>\u00a0, u\u017esegamu\u00a0<\/span><b><span>segtuku<\/span><\/b><span>\u00a0.<\/span><\/p>\n<p><b><span>St\u016bmiklis<\/span><\/b><span>\u00a0turi\u00a0<\/span><b><span>reguliuojam\u0105 ranken\u0105,<\/span><\/b><span>\u00a0kad b\u016bt\u0173 patogiau.<\/span><\/p>\n<p><b><span>Rogut\u0117s<\/span><\/b><span>\u00a0i\u0161montavus papildom\u0105 \u012frang\u0105\u00a0<\/span><b><span>veiks<\/span><\/b><span>\u00a0, kai vaikai bus\u00a0<\/span><b><span>didesni<\/span><\/b><span>\u00a0.<\/span><\/p>\n<p><span>Komplekts sast\u0101v no\u00a0<\/span><b><span>du var\u017et\u0173 rinkiniai<\/span><\/b><span>\u00a0, tod\u0117l rog\u0117s yra trij\u0173 funkcij\u0173, ty:\u00a0<\/span><b><span>trys panaudojimo galimyb\u0117s:<\/span><\/b><\/p>\n<ol>\n<li>va\u017ein\u0117tis rogut\u0117mis vienas<\/li>\n<li>rog\u0117s + balnas<\/li>\n<li>rog\u0117s + balnas + st\u016bmikas<b>Rogutes ir \u0161iltesnes spalvas galite rinktis i\u0161 \u017eemiau.<\/b>\n<p><b>Rogut\u0117s &#8211; spalva:<\/b><\/p>\n<ul>\n<li><b>antracito juoda<\/b><\/li>\n<\/ul>\n<p><b>spalva &#8211; \u012fd\u0117kite \u012f \u0161ildytuvo kabinos spalv\u0105:<\/b><\/p>\n<ul>\n<li><b>juoda su raudona &#8211; juoda<\/b><\/li>\n<li><b>juoda su m\u0117lyna &#8211; juoda<\/b><\/li>\n<\/ul>\n<p>\u012esigijus, informuokite mane apie\u00a0<b>kabinos spalvos pasirinkim\u0105<\/b><\/p>\n<p><b>Jei spalvos n\u0117ra, kabinos spalva bus supakuota i\u0161 miniati\u016bros.<\/b><\/p>\n<p><b>\u0160ildytuvas<\/b>\u00a0pagamintas i\u0161 &#8222;oxford&#8221; med\u017eiagos, kurio svoris\u00a0<b>160g\/m2.<\/b><\/p>\n<p>\u0160iltuko vidin\u0117 dalis i\u0161klota \u0161ilta ir mink\u0161ta\u00a0<b>ECRU<\/b>\u00a0spalvos aviena, viduje\u00a0<b>owata<\/b>\u00a0, kurios svoris\u00a0<b>180g\/m2,<\/b>\u00a0tod\u0117l itin\u00a0<b>\u0161iltas.<\/b><\/p>\n<p>Jis su\u0161ildys jus net\u00a0<b>\u0161al\u010diausiomis dienomis.<\/b><\/p>\n<p>\u017dinoma, kaip ir kiekviename m\u016bs\u0173 modelio si\u016blomame modelyje, \u010dia ir\u00a0<b>saugos dir\u017eas<\/b> (kaip nuotraukoje).<\/p>\n<p>Rogut\u0117s i\u0161montavus atlo\u0161\u0105 ir st\u016bmikl\u012f puikiai tiks kaip rogut\u0117s\u00a0<b>kuligui<\/b>\u00a0.<\/p>\n<p>Didelis j\u0173 stiprumas iki\u00a0<b>120 kg<\/b>\u00a0ir tvirta konstrukcija leis dviem \u017emon\u0117ms u\u017eimti savo viet\u0105.<\/p>\n<p>S\u0117dyn\u0117s ilgis iki 90cm, tilps du suaug\u0119 arba\u00a0<b>suaug\u0119s + vaikas<\/b><\/p>\n<p><b><span>D\u0117l reguliuojamo rankenos auk\u0161\u010dio rogut\u0117mis labai patogu va\u017eiuoti, galite jas priderinti prie savo fig\u016bros.<\/span><\/b><\/p>\n<p><b><span>Reguliuojamas st\u016bmikas<\/span><\/b><span>\u00a0180&#8243; kampu pad\u0117s sand\u0117liuoti roges po sezono arba transportuojant.<\/span><\/li>\n<\/ol>","protected":false},"excerpt":{"rendered":"<p>Divviet\u012bgas ragavas ar stum\u0161anas rokturi<\/p>","protected":false},"featured_media":57586,"template":"","meta":{"_acf_changed":false,"_glsr_average":0,"_glsr_ranking":0,"_glsr_reviews":0},"product_brand":[],"product_cat":[297],"product_tag":[],"class_list":{"0":"post-57585","1":"product","2":"type-product","3":"status-publish","4":"has-post-thumbnail","6":"product_cat-ziemos-pramogos","7":"\"style=\"background-color: #2ecc711c;\"","9":"first","10":"instock","11":"shipping-taxable","12":"purchasable","13":"product-type-simple"},"acf":[],"yoast_head":"<!-- This site is optimized with the Yoast SEO plugin v27.4 - https:\/\/yoast.com\/product\/yoast-seo-wordpress\/ -->\n<title>Dviviet\u0117s rogut\u0117s su st\u016bmimo rankena - KidsPlay<\/title>\n<meta name=\"description\" content=\"Dviviet\u0117s rogut\u0117s su st\u016bmimo rankena\" \/>\n<meta name=\"robots\" content=\"index, follow, max-snippet:-1, max-image-preview:large, max-video-preview:-1\" \/>\n<link rel=\"canonical\" href=\"https:\/\/kidsplay.lt\/lv\/products\/dvivietes-rogutes-su-stumimo-rankena\/\" \/>\n<meta property=\"og:locale\" content=\"lv_LV\" \/>\n<meta property=\"og:type\" content=\"article\" \/>\n<meta property=\"og:title\" content=\"Dviviet\u0117s rogut\u0117s su st\u016bmimo rankena - KidsPlay\" \/>\n<meta property=\"og:description\" content=\"Dviviet\u0117s rogut\u0117s su st\u016bmimo rankena\" \/>\n<meta property=\"og:url\" content=\"https:\/\/kidsplay.lt\/lv\/products\/dvivietes-rogutes-su-stumimo-rankena\/\" \/>\n<meta property=\"og:site_name\" content=\"KidsPlay\" \/>\n<meta property=\"article:publisher\" content=\"https:\/\/www.facebook.com\/www.kidsplay.lt\" \/>\n<meta property=\"article:modified_time\" content=\"2025-10-04T16:27:33+00:00\" \/>\n<meta property=\"og:image\" content=\"https:\/\/kidsplay.lt\/wp-content\/uploads\/2024\/10\/Ekrano-kopija-2024-10-29-225201.png\" \/>\n\t<meta property=\"og:image:width\" content=\"875\" \/>\n\t<meta property=\"og:image:height\" content=\"711\" \/>\n\t<meta property=\"og:image:type\" content=\"image\/png\" \/>\n<meta name=\"twitter:card\" content=\"summary_large_image\" \/>\n<meta name=\"twitter:label1\" content=\"Est. reading time\" \/>\n\t<meta name=\"twitter:data1\" content=\"3 min\u016btes\" \/>\n<script type=\"application\/ld+json\" class=\"yoast-schema-graph\">{\"@context\":\"https:\\\/\\\/schema.org\",\"@graph\":[{\"@type\":\"WebPage\",\"@id\":\"https:\\\/\\\/kidsplay.lt\\\/produktas\\\/dvivietes-rogutes-su-stumimo-rankena\\\/\",\"url\":\"https:\\\/\\\/kidsplay.lt\\\/produktas\\\/dvivietes-rogutes-su-stumimo-rankena\\\/\",\"name\":\"Dviviet\u0117s rogut\u0117s su st\u016bmimo rankena - KidsPlay\",\"isPartOf\":{\"@id\":\"https:\\\/\\\/kidsplay.lt\\\/#website\"},\"primaryImageOfPage\":{\"@id\":\"https:\\\/\\\/kidsplay.lt\\\/produktas\\\/dvivietes-rogutes-su-stumimo-rankena\\\/#primaryimage\"},\"image\":{\"@id\":\"https:\\\/\\\/kidsplay.lt\\\/produktas\\\/dvivietes-rogutes-su-stumimo-rankena\\\/#primaryimage\"},\"thumbnailUrl\":\"https:\\\/\\\/kidsplay.lt\\\/wp-content\\\/uploads\\\/2024\\\/10\\\/Ekrano-kopija-2024-10-29-225201.png\",\"datePublished\":\"2024-10-29T20:56:08+00:00\",\"dateModified\":\"2025-10-04T16:27:33+00:00\",\"description\":\"Dviviet\u0117s rogut\u0117s su st\u016bmimo rankena\",\"breadcrumb\":{\"@id\":\"https:\\\/\\\/kidsplay.lt\\\/produktas\\\/dvivietes-rogutes-su-stumimo-rankena\\\/#breadcrumb\"},\"inLanguage\":\"lv-LV\",\"potentialAction\":[{\"@type\":\"ReadAction\",\"target\":[\"https:\\\/\\\/kidsplay.lt\\\/produktas\\\/dvivietes-rogutes-su-stumimo-rankena\\\/\"]}]},{\"@type\":\"ImageObject\",\"inLanguage\":\"lv-LV\",\"@id\":\"https:\\\/\\\/kidsplay.lt\\\/produktas\\\/dvivietes-rogutes-su-stumimo-rankena\\\/#primaryimage\",\"url\":\"https:\\\/\\\/kidsplay.lt\\\/wp-content\\\/uploads\\\/2024\\\/10\\\/Ekrano-kopija-2024-10-29-225201.png\",\"contentUrl\":\"https:\\\/\\\/kidsplay.lt\\\/wp-content\\\/uploads\\\/2024\\\/10\\\/Ekrano-kopija-2024-10-29-225201.png\",\"width\":875,\"height\":711},{\"@type\":\"BreadcrumbList\",\"@id\":\"https:\\\/\\\/kidsplay.lt\\\/produktas\\\/dvivietes-rogutes-su-stumimo-rankena\\\/#breadcrumb\",\"itemListElement\":[{\"@type\":\"ListItem\",\"position\":1,\"name\":\"Pagrindinis\",\"item\":\"https:\\\/\\\/kidsplay.lt\\\/\"},{\"@type\":\"ListItem\",\"position\":2,\"name\":\"Parduotuv\u0117\",\"item\":\"https:\\\/\\\/kidsplay.lt\\\/parduotuve\\\/\"},{\"@type\":\"ListItem\",\"position\":3,\"name\":\"Dviviet\u0117s rogut\u0117s su st\u016bmimo rankena\"}]},{\"@type\":\"WebSite\",\"@id\":\"https:\\\/\\\/kidsplay.lt\\\/#website\",\"url\":\"https:\\\/\\\/kidsplay.lt\\\/\",\"name\":\"Kidsplay.lt\",\"description\":\"\u012evairios prek\u0117s vaikams\",\"publisher\":{\"@id\":\"https:\\\/\\\/kidsplay.lt\\\/#organization\"},\"alternateName\":\"Kidsplay\",\"potentialAction\":[{\"@type\":\"SearchAction\",\"target\":{\"@type\":\"EntryPoint\",\"urlTemplate\":\"https:\\\/\\\/kidsplay.lt\\\/?s={search_term_string}\"},\"query-input\":{\"@type\":\"PropertyValueSpecification\",\"valueRequired\":true,\"valueName\":\"search_term_string\"}}],\"inLanguage\":\"lv-LV\"},{\"@type\":\"Organization\",\"@id\":\"https:\\\/\\\/kidsplay.lt\\\/#organization\",\"name\":\"KidsPlay\",\"url\":\"https:\\\/\\\/kidsplay.lt\\\/\",\"logo\":{\"@type\":\"ImageObject\",\"inLanguage\":\"lv-LV\",\"@id\":\"https:\\\/\\\/kidsplay.lt\\\/#\\\/schema\\\/logo\\\/image\\\/\",\"url\":\"https:\\\/\\\/kidsplay.lt\\\/wp-content\\\/uploads\\\/2023\\\/07\\\/kidsplay-logo.png\",\"contentUrl\":\"https:\\\/\\\/kidsplay.lt\\\/wp-content\\\/uploads\\\/2023\\\/07\\\/kidsplay-logo.png\",\"width\":451,\"height\":98,\"caption\":\"KidsPlay\"},\"image\":{\"@id\":\"https:\\\/\\\/kidsplay.lt\\\/#\\\/schema\\\/logo\\\/image\\\/\"},\"sameAs\":[\"https:\\\/\\\/www.facebook.com\\\/www.kidsplay.lt\"]}]}<\/script>\n<!-- \/ Yoast SEO plugin. -->","yoast_head_json":{"title":"Dviviet\u0117s rogut\u0117s su st\u016bmimo rankena - KidsPlay","description":"Divviet\u012bgas ragavas ar stum\u0161anas rokturi","robots":{"index":"index","follow":"follow","max-snippet":"max-snippet:-1","max-image-preview":"max-image-preview:large","max-video-preview":"max-video-preview:-1"},"canonical":"https:\/\/kidsplay.lt\/lv\/products\/dvivietes-rogutes-su-stumimo-rankena\/","og_locale":"lv_LV","og_type":"article","og_title":"Dviviet\u0117s rogut\u0117s su st\u016bmimo rankena - KidsPlay","og_description":"Dviviet\u0117s rogut\u0117s su st\u016bmimo rankena","og_url":"https:\/\/kidsplay.lt\/lv\/products\/dvivietes-rogutes-su-stumimo-rankena\/","og_site_name":"KidsPlay","article_publisher":"https:\/\/www.facebook.com\/www.kidsplay.lt","article_modified_time":"2025-10-04T16:27:33+00:00","og_image":[{"width":875,"height":711,"url":"https:\/\/kidsplay.lt\/wp-content\/uploads\/2024\/10\/Ekrano-kopija-2024-10-29-225201.png","type":"image\/png"}],"twitter_card":"summary_large_image","twitter_misc":{"Est. reading time":"3 min\u016btes"},"schema":{"@context":"https:\/\/schema.org","@graph":[{"@type":"WebPage","@id":"https:\/\/kidsplay.lt\/produktas\/dvivietes-rogutes-su-stumimo-rankena\/","url":"https:\/\/kidsplay.lt\/produktas\/dvivietes-rogutes-su-stumimo-rankena\/","name":"Dviviet\u0117s rogut\u0117s su st\u016bmimo rankena - KidsPlay","isPartOf":{"@id":"https:\/\/kidsplay.lt\/#website"},"primaryImageOfPage":{"@id":"https:\/\/kidsplay.lt\/produktas\/dvivietes-rogutes-su-stumimo-rankena\/#primaryimage"},"image":{"@id":"https:\/\/kidsplay.lt\/produktas\/dvivietes-rogutes-su-stumimo-rankena\/#primaryimage"},"thumbnailUrl":"https:\/\/kidsplay.lt\/wp-content\/uploads\/2024\/10\/Ekrano-kopija-2024-10-29-225201.png","datePublished":"2024-10-29T20:56:08+00:00","dateModified":"2025-10-04T16:27:33+00:00","description":"Divviet\u012bgas ragavas ar stum\u0161anas rokturi","breadcrumb":{"@id":"https:\/\/kidsplay.lt\/produktas\/dvivietes-rogutes-su-stumimo-rankena\/#breadcrumb"},"inLanguage":"lv-LV","potentialAction":[{"@type":"ReadAction","target":["https:\/\/kidsplay.lt\/produktas\/dvivietes-rogutes-su-stumimo-rankena\/"]}]},{"@type":"ImageObject","inLanguage":"lv-LV","@id":"https:\/\/kidsplay.lt\/produktas\/dvivietes-rogutes-su-stumimo-rankena\/#primaryimage","url":"https:\/\/kidsplay.lt\/wp-content\/uploads\/2024\/10\/Ekrano-kopija-2024-10-29-225201.png","contentUrl":"https:\/\/kidsplay.lt\/wp-content\/uploads\/2024\/10\/Ekrano-kopija-2024-10-29-225201.png","width":875,"height":711},{"@type":"BreadcrumbList","@id":"https:\/\/kidsplay.lt\/produktas\/dvivietes-rogutes-su-stumimo-rankena\/#breadcrumb","itemListElement":[{"@type":"ListItem","position":1,"name":"Pagrindinis","item":"https:\/\/kidsplay.lt\/"},{"@type":"ListItem","position":2,"name":"Parduotuv\u0117","item":"https:\/\/kidsplay.lt\/parduotuve\/"},{"@type":"ListItem","position":3,"name":"Dviviet\u0117s rogut\u0117s su st\u016bmimo rankena"}]},{"@type":"WebSite","@id":"https:\/\/kidsplay.lt\/#website","url":"https:\/\/kidsplay.lt\/","name":"B\u0113rnu sp\u0113les.lv","description":"\u012evairios prek\u0117s vaikams","publisher":{"@id":"https:\/\/kidsplay.lt\/#organization"},"alternateName":"Kidsplay","potentialAction":[{"@type":"SearchAction","target":{"@type":"EntryPoint","urlTemplate":"https:\/\/kidsplay.lt\/?s={search_term_string}"},"query-input":{"@type":"PropertyValueSpecification","valueRequired":true,"valueName":"search_term_string"}}],"inLanguage":"lv-LV"},{"@type":"Organization","@id":"https:\/\/kidsplay.lt\/#organization","name":"B\u0113rnu sp\u0113le","url":"https:\/\/kidsplay.lt\/","logo":{"@type":"ImageObject","inLanguage":"lv-LV","@id":"https:\/\/kidsplay.lt\/#\/schema\/logo\/image\/","url":"https:\/\/kidsplay.lt\/wp-content\/uploads\/2023\/07\/kidsplay-logo.png","contentUrl":"https:\/\/kidsplay.lt\/wp-content\/uploads\/2023\/07\/kidsplay-logo.png","width":451,"height":98,"caption":"KidsPlay"},"image":{"@id":"https:\/\/kidsplay.lt\/#\/schema\/logo\/image\/"},"sameAs":["https:\/\/www.facebook.com\/www.kidsplay.lt"]}]}},"_links":{"self":[{"href":"https:\/\/kidsplay.lt\/lv\/wp-json\/wp\/v2\/product\/57585","targetHints":{"allow":["GET"]}}],"collection":[{"href":"https:\/\/kidsplay.lt\/lv\/wp-json\/wp\/v2\/product"}],"about":[{"href":"https:\/\/kidsplay.lt\/lv\/wp-json\/wp\/v2\/types\/product"}],"version-history":[{"count":2,"href":"https:\/\/kidsplay.lt\/lv\/wp-json\/wp\/v2\/product\/57585\/revisions"}],"predecessor-version":[{"id":74225,"href":"https:\/\/kidsplay.lt\/lv\/wp-json\/wp\/v2\/product\/57585\/revisions\/74225"}],"wp:featuredmedia":[{"embeddable":true,"href":"https:\/\/kidsplay.lt\/lv\/wp-json\/wp\/v2\/media\/57586"}],"wp:attachment":[{"href":"https:\/\/kidsplay.lt\/lv\/wp-json\/wp\/v2\/media?parent=57585"}],"wp:term":[{"taxonomy":"product_brand","embeddable":true,"href":"https:\/\/kidsplay.lt\/lv\/wp-json\/wp\/v2\/product_brand?post=57585"},{"taxonomy":"product_cat","embeddable":true,"href":"https:\/\/kidsplay.lt\/lv\/wp-json\/wp\/v2\/product_cat?post=57585"},{"taxonomy":"product_tag","embeddable":true,"href":"https:\/\/kidsplay.lt\/lv\/wp-json\/wp\/v2\/product_tag?post=57585"}],"curies":[{"name":"wp","href":"https:\/\/api.w.org\/{rel}","templated":true}]}}