{"id":59167,"date":"2024-11-20T11:52:31","date_gmt":"2024-11-20T09:52:31","guid":{"rendered":"https:\/\/kidsplay.lt\/?post_type=product&#038;p=59167"},"modified":"2025-12-24T10:43:27","modified_gmt":"2025-12-24T08:43:27","slug":"medine-namu-zaidimu-aikstele-3in1-laipiojimo-kopecios-montessori","status":"publish","type":"product","link":"https:\/\/kidsplay.lt\/lv\/products\/medine-namu-zaidimu-aikstele-3in1-laipiojimo-kopecios-montessori\/","title":{"rendered":"Medin\u0117 nam\u0173 \u017eaidim\u0173 aik\u0161tel\u0117 3in1 laipiojimo kop\u0117\u010dios Montessori"},"content":{"rendered":"<p>Techniniai duomenys<\/p>\n<p>Katalogo numeris: MAM27 WOODEN CLIMB<\/p>\n<p>Med\u017eiaga: fanera, buko mediena, pu\u0161ies mediena<\/p>\n<p>Maksimali apkrova: 50 kg<\/p>\n<p>Am\u017eius: 3 metai+<\/p>\n<p>Grynasis svoris: 8,2 kg<\/p>\n<p>Bendras svoris: 9,5 kg<\/p>\n<p>Kron\u0161teino matmenys: 38 x 14,5 cm<\/p>\n<p>Laipiojimo sienel\u0117s i\u0161matavimai: 80 x 32 cm<\/p>\n<p>Kop\u0117\u010di\u0173 plotis: 68,5 cm<\/p>\n<p>3 kop\u0117\u010di\u0173 reguliavimo lygiai: auk\u0161\u010diausias \u2013 ilgis. 71,5 cm x A 60 cm, vidutinio ilgio. 116 cm x A 33 cm, \u017eemiausia (plok\u0161\u010dia) &#8211; ilgis 127,5 cm x A 10 cm<\/p>\n<p>Rinkin\u012f sudaro: Picler variklio trikampis, ma\u017eas trikampis laikiklis, dvipus\u0117 lenta su laipiojimo ir kop\u0117\u010di\u0173 funkcija, m\u016bs\u0173 \u012fmon\u0117s kalendorius<\/p>\n<p>Medin\u0117, nam\u0173 \u017eaidim\u0173 aik\u0161tel\u0117 \u2013 kop\u0117\u010dios + laipiojimo sienel\u0117 + balansas balansavimui<\/p>\n<p><b><span>Medin\u0117 \u017eaidim\u0173 aik\u0161tel\u0117<\/span><\/b><span>\u00a0buvo sukurta siekiant suteikti ma\u017eyliams\u00a0<\/span><b><span>nepamir\u0161tam\u0173 \u012fsp\u016bd\u017ei\u0173<\/span><\/b><span>\u00a0un\u00a0<\/span><b><span>lavinti smulki\u0105j\u0105 motorik\u0105<\/span><\/b><span>\u00a0. Tai\u00a0<\/span><b><span>puiki pramoga<\/span><\/b><span>\u00a0jauniems laipiojimo adeptams ir nuotyki\u0173 ie\u0161kotojams!<\/span><\/p>\n<p><span>Pagrindin\u0117s savyb\u0117s:<\/span><\/p>\n<ul>\n<li><b><span>\u017daidim\u0173 aik\u0161tel\u0117<\/span><\/b><span>\u00a0apima\u00a0<\/span><b><span>\u201ePickler\u201c<\/span><\/b><span>\u00a0variklio trikamp\u012f, ma\u017e\u0105\u00a0<\/span><b><span>trikamp\u0119 atram\u0105<\/span><\/b><span>\u00a0un\u00a0<\/span><b><span>dvipus\u0119 lent\u0105<\/span><\/b><span>\u00a0su laipiojimo ir kop\u0117\u010di\u0173 funkcija<\/span><\/li>\n<li><span>Pagaminta i\u0161 auk\u0161\u010diausios kokyb\u0117s\u00a0<\/span><b><span>buko ir pu\u0161ies medienos r\u016b\u0161i\u0173<\/span><\/b><\/li>\n<li><b><span>Trikampes kop\u0117\u010dias galima nustatyti 3 b\u016bdais<\/span><\/b><span>\u00a0: auk\u0161tu trikampiu, \u017eemu trikampiu ir plok\u0161\u010diu<\/span><\/li>\n<li><b><span>Dvipus\u0117<\/span><\/b><span>\u00a0kop\u0117\u010di\u0173 svir\u010di\u0173 fiksavimo sistema neleid\u017eia joms susilankstyti, tod\u0117l u\u017etikrina visi\u0161k\u0105 saugum\u0105 ir naudojimo patogum\u0105<\/span><\/li>\n<li><b><span>Laipiojimo sienel\u0117s kampo nustatymas<\/span><\/b><span>\u00a0gali b\u016bti reguliuojamas atsi\u017evelgiant \u012f k\u016bdikio poreikius ir \u012fg\u016bd\u017eius<\/span><\/li>\n<li><b><span>Trikampis laikiklis<\/span><\/b><span>\u00a0\u2013 leid\u017eia pakelti laipiojimo sienel\u0119, o tai padidina sud\u0117tingumo lyg\u012f<\/span><\/li>\n<li><span>Laikiklis suteikia ir nauj\u0173 \u017eaidimo galimybi\u0173 \u2013 ant jo u\u017ed\u0117jus kop\u0117\u010dias,\u00a0sukuriamas\u00a0<\/span><b><span>puikus dizainas balansavimui .<\/span><\/b><\/li>\n<li><span><span>Ma\u017eesniems vaikams didelis trikampis puikiai pasitarnaus kaip\u00a0<\/span><\/span><b><span><span>namelis<\/span><\/span><\/b><span><span>\u00a0\u2013 tiesiog u\u017edenkite j\u012f antklode<\/span><\/span><\/li>\n<li><b><span><span>Strypai trikampyje yra itin stabil\u016bs<\/span><\/span><\/b><span><span>\u00a0ir nesisuka<\/span><\/span><\/li>\n<li><span><span>Fizinis aktyvumas aik\u0161t\u0117je\u00a0<\/span><\/span><b><span><span>palaiko motorini\u0173 \u012fg\u016bd\u017ei\u0173 vystym\u0105si<\/span><\/span><\/b><span><span>\u00a0, gerina motorin\u0119 koordinacij\u0105, gerina k\u016bno pad\u0117ties orientacijos poj\u016bt\u012f<\/span><\/span><\/li>\n<li><span><span>Rinkinys turi daug panaudojimo galimybi\u0173 \u2013\u00a0<\/span><\/span><b><span><span>lavina ma\u017eylio vaizduot\u0119<\/span><\/span><\/b><\/li>\n<li><span><span>Kiekviena \u017eaidim\u0173 aik\u0161tel\u0117s dalis buvo\u00a0<\/span><\/span><b><span><span>kruop\u0161\u010diai nu\u0161lifuota<\/span><\/span><\/b><span><span>\u00a0un\u00a0<\/span><\/span><b><span><span>i\u0161lyginta<\/span><\/span><\/b><\/li>\n<li><span><span>Vis\u0105 aik\u0161t\u0119 patogu laikyti, kop\u0117\u010dios susilanksto plok\u0161\u010diai<\/span><\/span><\/li>\n<li><span><span>Rinkinys skatina vaikus laisvai jud\u0117ti, savaranki\u0161kum\u0105,\u00a0<\/span><\/span><b><span><span>ugdo pasitik\u0117jim\u0105 savimi ir dr\u0105s\u0105<\/span><\/span><\/b><\/li>\n<li><span><span>Paprastas,\u00a0<\/span><\/span><b><span><span>minimalistinis dizainas ir formos<\/span><\/span><\/b><span><span>\u00a0bei\u00a0<\/span><\/span><b><span><span>didelis kiekis nat\u016bralaus med\u017eio<\/span><\/span><\/b><span><span>\u00a0puikiai tiks bet kurioje patalpoje<\/span><\/span><\/li>\n<li>Nuostabus trikampis \u2013 3 lygiai<\/li>\n<\/ul>\n<p>Piklerio trikampis, kuris yra \u017eaidim\u0173 aik\u0161tel\u0117s dalis, turi i\u0161skirtin\u0119 reik\u0161m\u0119 . Jis skirtas skatinti vaikus laisvai jud\u0117ti, lavinti savaranki\u0161kum\u0105 ir smulki\u0105j\u0105 motorik\u0105. M\u016bs\u0173 kop\u0117\u010dios turi 3 reguliavimo lygius .<\/p>\n<p>&nbsp;<\/p>\n<p>Plok\u0161\u010dias trikampis \u2013 tai nuostabus kli\u016b\u010di\u0173 ruo\u017eas arba tiltas. Lygiai nutiestas kop\u0117\u010dias taip pat galima atsiremti \u012f sien\u0105 ir u\u017elipti.<\/p>\n<p>\u017demas trikampis \u2013 Idealiai tinka ma\u017eiausiems vaikams. Ilgos, \u017eemos kop\u0117\u010dios skatina \u017eaisti.<\/p>\n<p>Auk\u0161tas trikampis \u2013 dr\u0105siems tyrin\u0117tojams!<\/p>\n<p>Ma\u017eiems ir ikimokyklinukams trikampis patiks ne tik kaip laipiojimo kop\u0117\u010dios, bet ir kaip namelis, kuriame gal\u0117s pasisl\u0117pti ir \u017eaisti . Tiesiog u\u017edenkite j\u012f antklode, kad sukurtum\u0117te puiki\u0105 sl\u0117ptuv\u0119!<\/p>\n<p>&nbsp;<\/p>\n<p>Dvipus\u0117 laipiojimo sienel\u0117<\/p>\n<p><span>Dvipus\u0117 lenta \u201edu viename\u201c, kuri yra ir kop\u0117\u010dios\u00a0<\/span><b><span>, ir kop\u0117\u010dios<\/span><\/b><span>\u00a0, suteikia dar daugiau pramog\u0173. Siena gali b\u016bti statoma bet kokiu kampu, pritaikytu vaiko am\u017eiui ir galimyb\u0117ms.<\/span><\/p>\n<p><b><span>Tai dar ne patogum\u0173 pabaiga!<\/span><\/b><\/p>\n<p><span>Komplekte yra\u00a0<\/span><b><span>trikampis laikiklis<\/span><\/b><span>\u00a0, kuris suteikia visi\u0161kai nauj\u0173 pramog\u0173 galimybi\u0173. Galime pakelti laipiojimo sienel\u0119 padidindami sud\u0117tingumo lyg\u012f arba sukurti\u00a0<\/span><b><span>puik\u0173 tilt\u0105<\/span><\/b><span>\u00a0!<\/span><\/p>\n<p><span>Balansas balansavimui<\/span><\/p>\n<p><span>\u017davi aik\u0161t\u0117 si\u016blo daug daugiau nei tiesiog laipiojimas. Tai nuotyki\u0173 ir \u012fvairov\u0117s kupina vieta, kurioje vaikai gali atrasti daugyb\u0119 linksmybi\u0173 ir veiklos form\u0173.\u00a0<\/span><b><span>Pasta\u010dius kop\u0117\u010dias ant nedidelio laikiklio,<\/span><\/b><span>\u00a0sukuriama unikali balansavimo strukt\u016bra. \u0160io tipo \u017eaidimai rei\u0161kia, kad vaikai turi i\u0161laikyti pusiausvyr\u0105 stov\u0117dami ant kop\u0117\u010di\u0173. Tai ne tik lavina j\u0173 motorik\u0105, bet ir lavina susikaupti bei koordinuoti.<\/span><\/p>\n<p><span>Minimalistinis dizainas<\/span><\/p>\n<p><span>D\u0117l savo\u00a0<\/span><b><span>paprast\u0173 form\u0173<\/span><\/b><span>\u00a0un\u00a0<\/span><b><span>nat\u016brali\u0173 spalv\u0173<\/span><\/b><span>\u00a0\u017eaidim\u0173 aik\u0161tel\u0117\u00a0<\/span><b><span>puikiai tiks bet kurioje patalpoje<\/span><\/b><span>\u00a0, sukurdama maloni\u0105 ir funkcionali\u0105 \u017eaidimo viet\u0105.\u00a0<\/span><b><span>Lyg\u016bs kra\u0161tai<\/span><\/b><span>\u00a0un\u00a0<\/span><b><span>poliruotas pavir\u0161ius<\/span><\/b><span>\u00a0u\u017etikrina\u00a0<\/span><b><span>visi\u0161k\u0105 saugum\u0105<\/span><\/b><span>\u00a0\u017eaidimo metu.<\/span><\/p>\n<p><span>Gaminys i\u0161bandytas pagal Europos saugos standarto EN 71-1:2014+A1:2018* reikalavimus.<\/span><\/p>\n<p><span>*EN 71-1:2014+A1:2018 (\u017daisl\u0173 sauga. 1 dalis. Mechanin\u0117s ir fizin\u0117s savyb\u0117s)<\/span><\/p>","protected":false},"excerpt":{"rendered":"<p>Medin\u0117 nam\u0173 \u017eaidim\u0173 aik\u0161tel\u0117 3in1 laipiojimo kop\u0117\u010dios Montessori<\/p>","protected":false},"featured_media":59168,"template":"","meta":{"_acf_changed":false,"_glsr_average":0,"_glsr_ranking":0,"_glsr_reviews":0},"product_brand":[],"product_cat":[674,254],"product_tag":[],"class_list":{"0":"post-59167","1":"product","2":"type-product","3":"status-publish","4":"has-post-thumbnail","6":"product_cat-namu-zaidimo-aiksteles","7":"product_cat-vaiko-kambarys","8":"\"style=\"background-color: #2ecc711c;\"","10":"first","11":"instock","12":"shipping-taxable","13":"purchasable","14":"product-type-simple"},"acf":[],"yoast_head":"<!-- This site is optimized with the Yoast SEO plugin v27.3 - https:\/\/yoast.com\/product\/yoast-seo-wordpress\/ -->\n<title>Medin\u0117 nam\u0173 \u017eaidim\u0173 aik\u0161tel\u0117 3in1 laipiojimo kop\u0117\u010dios Montessori - KidsPlay<\/title>\n<meta name=\"description\" content=\"Medin\u0117 nam\u0173 \u017eaidim\u0173 aik\u0161tel\u0117 3in1 laipiojimo kop\u0117\u010dios Montessori\" \/>\n<meta name=\"robots\" content=\"index, follow, max-snippet:-1, max-image-preview:large, max-video-preview:-1\" \/>\n<link rel=\"canonical\" href=\"https:\/\/kidsplay.lt\/lv\/products\/medine-namu-zaidimu-aikstele-3in1-laipiojimo-kopecios-montessori\/\" \/>\n<meta property=\"og:locale\" content=\"lv_LV\" \/>\n<meta property=\"og:type\" content=\"article\" \/>\n<meta property=\"og:title\" content=\"Medin\u0117 nam\u0173 \u017eaidim\u0173 aik\u0161tel\u0117 3in1 laipiojimo kop\u0117\u010dios Montessori - KidsPlay\" \/>\n<meta property=\"og:description\" content=\"Medin\u0117 nam\u0173 \u017eaidim\u0173 aik\u0161tel\u0117 3in1 laipiojimo kop\u0117\u010dios Montessori\" \/>\n<meta property=\"og:url\" content=\"https:\/\/kidsplay.lt\/lv\/products\/medine-namu-zaidimu-aikstele-3in1-laipiojimo-kopecios-montessori\/\" \/>\n<meta property=\"og:site_name\" content=\"KidsPlay\" \/>\n<meta property=\"article:publisher\" content=\"https:\/\/www.facebook.com\/www.kidsplay.lt\" \/>\n<meta property=\"article:modified_time\" content=\"2025-12-24T08:43:27+00:00\" \/>\n<meta property=\"og:image\" content=\"https:\/\/kidsplay.lt\/wp-content\/uploads\/2024\/11\/Screenshot_20241025_153756_Allegro.jpg\" \/>\n\t<meta property=\"og:image:width\" content=\"1080\" \/>\n\t<meta property=\"og:image:height\" content=\"1079\" \/>\n\t<meta property=\"og:image:type\" content=\"image\/jpeg\" \/>\n<meta name=\"twitter:card\" content=\"summary_large_image\" \/>\n<meta name=\"twitter:label1\" content=\"Est. reading time\" \/>\n\t<meta name=\"twitter:data1\" content=\"4 min\u016btes\" \/>\n<script type=\"application\/ld+json\" class=\"yoast-schema-graph\">{\"@context\":\"https:\\\/\\\/schema.org\",\"@graph\":[{\"@type\":\"WebPage\",\"@id\":\"https:\\\/\\\/kidsplay.lt\\\/produktas\\\/medine-namu-zaidimu-aikstele-3in1-laipiojimo-kopecios-montessori\\\/\",\"url\":\"https:\\\/\\\/kidsplay.lt\\\/produktas\\\/medine-namu-zaidimu-aikstele-3in1-laipiojimo-kopecios-montessori\\\/\",\"name\":\"Medin\u0117 nam\u0173 \u017eaidim\u0173 aik\u0161tel\u0117 3in1 laipiojimo kop\u0117\u010dios Montessori - KidsPlay\",\"isPartOf\":{\"@id\":\"https:\\\/\\\/kidsplay.lt\\\/#website\"},\"primaryImageOfPage\":{\"@id\":\"https:\\\/\\\/kidsplay.lt\\\/produktas\\\/medine-namu-zaidimu-aikstele-3in1-laipiojimo-kopecios-montessori\\\/#primaryimage\"},\"image\":{\"@id\":\"https:\\\/\\\/kidsplay.lt\\\/produktas\\\/medine-namu-zaidimu-aikstele-3in1-laipiojimo-kopecios-montessori\\\/#primaryimage\"},\"thumbnailUrl\":\"https:\\\/\\\/kidsplay.lt\\\/wp-content\\\/uploads\\\/2024\\\/11\\\/Screenshot_20241025_153756_Allegro.jpg\",\"datePublished\":\"2024-11-20T09:52:31+00:00\",\"dateModified\":\"2025-12-24T08:43:27+00:00\",\"description\":\"Medin\u0117 nam\u0173 \u017eaidim\u0173 aik\u0161tel\u0117 3in1 laipiojimo kop\u0117\u010dios Montessori\",\"breadcrumb\":{\"@id\":\"https:\\\/\\\/kidsplay.lt\\\/produktas\\\/medine-namu-zaidimu-aikstele-3in1-laipiojimo-kopecios-montessori\\\/#breadcrumb\"},\"inLanguage\":\"lv-LV\",\"potentialAction\":[{\"@type\":\"ReadAction\",\"target\":[\"https:\\\/\\\/kidsplay.lt\\\/produktas\\\/medine-namu-zaidimu-aikstele-3in1-laipiojimo-kopecios-montessori\\\/\"]}]},{\"@type\":\"ImageObject\",\"inLanguage\":\"lv-LV\",\"@id\":\"https:\\\/\\\/kidsplay.lt\\\/produktas\\\/medine-namu-zaidimu-aikstele-3in1-laipiojimo-kopecios-montessori\\\/#primaryimage\",\"url\":\"https:\\\/\\\/kidsplay.lt\\\/wp-content\\\/uploads\\\/2024\\\/11\\\/Screenshot_20241025_153756_Allegro.jpg\",\"contentUrl\":\"https:\\\/\\\/kidsplay.lt\\\/wp-content\\\/uploads\\\/2024\\\/11\\\/Screenshot_20241025_153756_Allegro.jpg\",\"width\":1080,\"height\":1079},{\"@type\":\"BreadcrumbList\",\"@id\":\"https:\\\/\\\/kidsplay.lt\\\/produktas\\\/medine-namu-zaidimu-aikstele-3in1-laipiojimo-kopecios-montessori\\\/#breadcrumb\",\"itemListElement\":[{\"@type\":\"ListItem\",\"position\":1,\"name\":\"Pagrindinis\",\"item\":\"https:\\\/\\\/kidsplay.lt\\\/\"},{\"@type\":\"ListItem\",\"position\":2,\"name\":\"Parduotuv\u0117\",\"item\":\"https:\\\/\\\/kidsplay.lt\\\/parduotuve\\\/\"},{\"@type\":\"ListItem\",\"position\":3,\"name\":\"Medin\u0117 nam\u0173 \u017eaidim\u0173 aik\u0161tel\u0117 3in1 laipiojimo kop\u0117\u010dios Montessori\"}]},{\"@type\":\"WebSite\",\"@id\":\"https:\\\/\\\/kidsplay.lt\\\/#website\",\"url\":\"https:\\\/\\\/kidsplay.lt\\\/\",\"name\":\"Kidsplay.lt\",\"description\":\"\u012evairios prek\u0117s vaikams\",\"publisher\":{\"@id\":\"https:\\\/\\\/kidsplay.lt\\\/#organization\"},\"alternateName\":\"Kidsplay\",\"potentialAction\":[{\"@type\":\"SearchAction\",\"target\":{\"@type\":\"EntryPoint\",\"urlTemplate\":\"https:\\\/\\\/kidsplay.lt\\\/?s={search_term_string}\"},\"query-input\":{\"@type\":\"PropertyValueSpecification\",\"valueRequired\":true,\"valueName\":\"search_term_string\"}}],\"inLanguage\":\"lv-LV\"},{\"@type\":\"Organization\",\"@id\":\"https:\\\/\\\/kidsplay.lt\\\/#organization\",\"name\":\"KidsPlay\",\"url\":\"https:\\\/\\\/kidsplay.lt\\\/\",\"logo\":{\"@type\":\"ImageObject\",\"inLanguage\":\"lv-LV\",\"@id\":\"https:\\\/\\\/kidsplay.lt\\\/#\\\/schema\\\/logo\\\/image\\\/\",\"url\":\"https:\\\/\\\/kidsplay.lt\\\/wp-content\\\/uploads\\\/2023\\\/07\\\/kidsplay-logo.png\",\"contentUrl\":\"https:\\\/\\\/kidsplay.lt\\\/wp-content\\\/uploads\\\/2023\\\/07\\\/kidsplay-logo.png\",\"width\":451,\"height\":98,\"caption\":\"KidsPlay\"},\"image\":{\"@id\":\"https:\\\/\\\/kidsplay.lt\\\/#\\\/schema\\\/logo\\\/image\\\/\"},\"sameAs\":[\"https:\\\/\\\/www.facebook.com\\\/www.kidsplay.lt\"]}]}<\/script>\n<!-- \/ Yoast SEO plugin. -->","yoast_head_json":{"title":"Medin\u0117 nam\u0173 \u017eaidim\u0173 aik\u0161tel\u0117 3in1 laipiojimo kop\u0117\u010dios Montessori - KidsPlay","description":"Medin\u0117 nam\u0173 \u017eaidim\u0173 aik\u0161tel\u0117 3in1 laipiojimo kop\u0117\u010dios Montessori","robots":{"index":"index","follow":"follow","max-snippet":"max-snippet:-1","max-image-preview":"max-image-preview:large","max-video-preview":"max-video-preview:-1"},"canonical":"https:\/\/kidsplay.lt\/lv\/products\/medine-namu-zaidimu-aikstele-3in1-laipiojimo-kopecios-montessori\/","og_locale":"lv_LV","og_type":"article","og_title":"Medin\u0117 nam\u0173 \u017eaidim\u0173 aik\u0161tel\u0117 3in1 laipiojimo kop\u0117\u010dios Montessori - KidsPlay","og_description":"Medin\u0117 nam\u0173 \u017eaidim\u0173 aik\u0161tel\u0117 3in1 laipiojimo kop\u0117\u010dios Montessori","og_url":"https:\/\/kidsplay.lt\/lv\/products\/medine-namu-zaidimu-aikstele-3in1-laipiojimo-kopecios-montessori\/","og_site_name":"KidsPlay","article_publisher":"https:\/\/www.facebook.com\/www.kidsplay.lt","article_modified_time":"2025-12-24T08:43:27+00:00","og_image":[{"width":1080,"height":1079,"url":"https:\/\/kidsplay.lt\/wp-content\/uploads\/2024\/11\/Screenshot_20241025_153756_Allegro.jpg","type":"image\/jpeg"}],"twitter_card":"summary_large_image","twitter_misc":{"Est. reading time":"4 min\u016btes"},"schema":{"@context":"https:\/\/schema.org","@graph":[{"@type":"WebPage","@id":"https:\/\/kidsplay.lt\/produktas\/medine-namu-zaidimu-aikstele-3in1-laipiojimo-kopecios-montessori\/","url":"https:\/\/kidsplay.lt\/produktas\/medine-namu-zaidimu-aikstele-3in1-laipiojimo-kopecios-montessori\/","name":"Medin\u0117 nam\u0173 \u017eaidim\u0173 aik\u0161tel\u0117 3in1 laipiojimo kop\u0117\u010dios Montessori - KidsPlay","isPartOf":{"@id":"https:\/\/kidsplay.lt\/#website"},"primaryImageOfPage":{"@id":"https:\/\/kidsplay.lt\/produktas\/medine-namu-zaidimu-aikstele-3in1-laipiojimo-kopecios-montessori\/#primaryimage"},"image":{"@id":"https:\/\/kidsplay.lt\/produktas\/medine-namu-zaidimu-aikstele-3in1-laipiojimo-kopecios-montessori\/#primaryimage"},"thumbnailUrl":"https:\/\/kidsplay.lt\/wp-content\/uploads\/2024\/11\/Screenshot_20241025_153756_Allegro.jpg","datePublished":"2024-11-20T09:52:31+00:00","dateModified":"2025-12-24T08:43:27+00:00","description":"Medin\u0117 nam\u0173 \u017eaidim\u0173 aik\u0161tel\u0117 3in1 laipiojimo kop\u0117\u010dios Montessori","breadcrumb":{"@id":"https:\/\/kidsplay.lt\/produktas\/medine-namu-zaidimu-aikstele-3in1-laipiojimo-kopecios-montessori\/#breadcrumb"},"inLanguage":"lv-LV","potentialAction":[{"@type":"ReadAction","target":["https:\/\/kidsplay.lt\/produktas\/medine-namu-zaidimu-aikstele-3in1-laipiojimo-kopecios-montessori\/"]}]},{"@type":"ImageObject","inLanguage":"lv-LV","@id":"https:\/\/kidsplay.lt\/produktas\/medine-namu-zaidimu-aikstele-3in1-laipiojimo-kopecios-montessori\/#primaryimage","url":"https:\/\/kidsplay.lt\/wp-content\/uploads\/2024\/11\/Screenshot_20241025_153756_Allegro.jpg","contentUrl":"https:\/\/kidsplay.lt\/wp-content\/uploads\/2024\/11\/Screenshot_20241025_153756_Allegro.jpg","width":1080,"height":1079},{"@type":"BreadcrumbList","@id":"https:\/\/kidsplay.lt\/produktas\/medine-namu-zaidimu-aikstele-3in1-laipiojimo-kopecios-montessori\/#breadcrumb","itemListElement":[{"@type":"ListItem","position":1,"name":"Pagrindinis","item":"https:\/\/kidsplay.lt\/"},{"@type":"ListItem","position":2,"name":"Parduotuv\u0117","item":"https:\/\/kidsplay.lt\/parduotuve\/"},{"@type":"ListItem","position":3,"name":"Medin\u0117 nam\u0173 \u017eaidim\u0173 aik\u0161tel\u0117 3in1 laipiojimo kop\u0117\u010dios Montessori"}]},{"@type":"WebSite","@id":"https:\/\/kidsplay.lt\/#website","url":"https:\/\/kidsplay.lt\/","name":"B\u0113rnu sp\u0113les.lv","description":"\u012evairios prek\u0117s vaikams","publisher":{"@id":"https:\/\/kidsplay.lt\/#organization"},"alternateName":"Kidsplay","potentialAction":[{"@type":"SearchAction","target":{"@type":"EntryPoint","urlTemplate":"https:\/\/kidsplay.lt\/?s={search_term_string}"},"query-input":{"@type":"PropertyValueSpecification","valueRequired":true,"valueName":"search_term_string"}}],"inLanguage":"lv-LV"},{"@type":"Organization","@id":"https:\/\/kidsplay.lt\/#organization","name":"B\u0113rnu sp\u0113le","url":"https:\/\/kidsplay.lt\/","logo":{"@type":"ImageObject","inLanguage":"lv-LV","@id":"https:\/\/kidsplay.lt\/#\/schema\/logo\/image\/","url":"https:\/\/kidsplay.lt\/wp-content\/uploads\/2023\/07\/kidsplay-logo.png","contentUrl":"https:\/\/kidsplay.lt\/wp-content\/uploads\/2023\/07\/kidsplay-logo.png","width":451,"height":98,"caption":"KidsPlay"},"image":{"@id":"https:\/\/kidsplay.lt\/#\/schema\/logo\/image\/"},"sameAs":["https:\/\/www.facebook.com\/www.kidsplay.lt"]}]}},"_links":{"self":[{"href":"https:\/\/kidsplay.lt\/lv\/wp-json\/wp\/v2\/product\/59167","targetHints":{"allow":["GET"]}}],"collection":[{"href":"https:\/\/kidsplay.lt\/lv\/wp-json\/wp\/v2\/product"}],"about":[{"href":"https:\/\/kidsplay.lt\/lv\/wp-json\/wp\/v2\/types\/product"}],"version-history":[{"count":2,"href":"https:\/\/kidsplay.lt\/lv\/wp-json\/wp\/v2\/product\/59167\/revisions"}],"predecessor-version":[{"id":74216,"href":"https:\/\/kidsplay.lt\/lv\/wp-json\/wp\/v2\/product\/59167\/revisions\/74216"}],"wp:featuredmedia":[{"embeddable":true,"href":"https:\/\/kidsplay.lt\/lv\/wp-json\/wp\/v2\/media\/59168"}],"wp:attachment":[{"href":"https:\/\/kidsplay.lt\/lv\/wp-json\/wp\/v2\/media?parent=59167"}],"wp:term":[{"taxonomy":"product_brand","embeddable":true,"href":"https:\/\/kidsplay.lt\/lv\/wp-json\/wp\/v2\/product_brand?post=59167"},{"taxonomy":"product_cat","embeddable":true,"href":"https:\/\/kidsplay.lt\/lv\/wp-json\/wp\/v2\/product_cat?post=59167"},{"taxonomy":"product_tag","embeddable":true,"href":"https:\/\/kidsplay.lt\/lv\/wp-json\/wp\/v2\/product_tag?post=59167"}],"curies":[{"name":"wp","href":"https:\/\/api.w.org\/{rel}","templated":true}]}}