{"id":59285,"date":"2024-11-22T17:42:37","date_gmt":"2024-11-22T15:42:37","guid":{"rendered":"https:\/\/kidsplay.lt\/?post_type=product&#038;p=59285"},"modified":"2025-12-24T10:45:36","modified_gmt":"2025-12-24T08:45:36","slug":"vandens-ir-smelio-deze-2","status":"publish","type":"product","link":"https:\/\/kidsplay.lt\/lv\/products\/vandens-ir-smelio-deze-2\/","title":{"rendered":"Vandens ir sm\u0117lio d\u0117\u017e\u0117"},"content":{"rendered":"<p>Kai vaikas pila vanden\u012f, jis daro tok\u012f judes\u012f, d\u0117l kurio valtys kanaluose juda. Vandens srov\u0119 kanale taip pat galima gauti pajudinus vandens rat\u0105. Puiki pramoga visiems vaikams, kurie m\u0117gsta pliu\u0161kentis vandenyje;<\/p>\n<p>&#8211; vaikams nuo 3 met\u0173<br \/>\n&#8211; dvi valtys<br \/>\n&#8211; trys persona\u017eai (Peppa, senelis ir krabas)<br \/>\n&#8211; didelis mar\u0161rutas su 47s elementais<br \/>\n&#8211; sk\u0117tis<br \/>\n&#8211; led\u0173 parduotuv\u0117<br \/>\n&#8211; \u0160vyturys<br \/>\n&#8211; ir daugelis kit\u0173<\/p>","protected":false},"excerpt":{"rendered":"<p>Vandens ir sm\u0117lio d\u0117\u017e\u0117<\/p>","protected":false},"featured_media":27665,"template":"","meta":{"_acf_changed":false,"_glsr_average":0,"_glsr_ranking":0,"_glsr_reviews":0},"product_brand":[],"product_cat":[395,229],"product_tag":[],"class_list":{"0":"post-59285","1":"product","2":"type-product","3":"status-publish","4":"has-post-thumbnail","6":"product_cat-vandens-ir-smelio-staliukai","7":"product_cat-zaislai-vaikams","8":"\"style=\"background-color: #2ecc711c;\"","10":"first","11":"instock","12":"purchasable","13":"product-type-simple"},"acf":[],"yoast_head":"<!-- This site is optimized with the Yoast SEO plugin v27.3 - https:\/\/yoast.com\/product\/yoast-seo-wordpress\/ -->\n<title>Vandens ir sm\u0117lio d\u0117\u017e\u0117 - KidsPlay<\/title>\n<meta name=\"description\" content=\"Rinkinys sujungia linksmybes vandenyje.\u00a0 Vaikas pildamas vanden\u012f pradeda jud\u0117ti valtys. Vandens srov\u0119 kanalas taip pat galima gauti srove.\" \/>\n<meta name=\"robots\" content=\"index, follow, max-snippet:-1, max-image-preview:large, max-video-preview:-1\" \/>\n<link rel=\"canonical\" href=\"https:\/\/kidsplay.lt\/lv\/products\/vandens-ir-smelio-deze-2\/\" \/>\n<meta property=\"og:locale\" content=\"lv_LV\" \/>\n<meta property=\"og:type\" content=\"article\" \/>\n<meta property=\"og:title\" content=\"Vandens ir sm\u0117lio d\u0117\u017e\u0117 - KidsPlay\" \/>\n<meta property=\"og:description\" content=\"Rinkinys sujungia linksmybes vandenyje.\u00a0 Vaikas pildamas vanden\u012f pradeda jud\u0117ti valtys. Vandens srov\u0119 kanalas taip pat galima gauti srove.\" \/>\n<meta property=\"og:url\" content=\"https:\/\/kidsplay.lt\/lv\/products\/vandens-ir-smelio-deze-2\/\" \/>\n<meta property=\"og:site_name\" content=\"KidsPlay\" \/>\n<meta property=\"article:publisher\" content=\"https:\/\/www.facebook.com\/www.kidsplay.lt\" \/>\n<meta property=\"article:modified_time\" content=\"2025-12-24T08:45:36+00:00\" \/>\n<meta property=\"og:image\" content=\"https:\/\/kidsplay.lt\/wp-content\/uploads\/2023\/08\/Vandens-ir-smelio-deze.jpg\" \/>\n\t<meta property=\"og:image:width\" content=\"2560\" \/>\n\t<meta property=\"og:image:height\" content=\"2560\" \/>\n\t<meta property=\"og:image:type\" content=\"image\/jpeg\" \/>\n<meta name=\"twitter:card\" content=\"summary_large_image\" \/>\n<meta name=\"twitter:label1\" content=\"Est. reading time\" \/>\n\t<meta name=\"twitter:data1\" content=\"1 min\u016bte\" \/>\n<script type=\"application\/ld+json\" class=\"yoast-schema-graph\">{\"@context\":\"https:\\\/\\\/schema.org\",\"@graph\":[{\"@type\":\"WebPage\",\"@id\":\"https:\\\/\\\/kidsplay.lt\\\/produktas\\\/vandens-ir-smelio-deze-2\\\/\",\"url\":\"https:\\\/\\\/kidsplay.lt\\\/produktas\\\/vandens-ir-smelio-deze-2\\\/\",\"name\":\"Vandens ir sm\u0117lio d\u0117\u017e\u0117 - KidsPlay\",\"isPartOf\":{\"@id\":\"https:\\\/\\\/kidsplay.lt\\\/#website\"},\"primaryImageOfPage\":{\"@id\":\"https:\\\/\\\/kidsplay.lt\\\/produktas\\\/vandens-ir-smelio-deze-2\\\/#primaryimage\"},\"image\":{\"@id\":\"https:\\\/\\\/kidsplay.lt\\\/produktas\\\/vandens-ir-smelio-deze-2\\\/#primaryimage\"},\"thumbnailUrl\":\"https:\\\/\\\/kidsplay.lt\\\/wp-content\\\/uploads\\\/2023\\\/08\\\/Vandens-ir-smelio-deze.jpg\",\"datePublished\":\"2024-11-22T15:42:37+00:00\",\"dateModified\":\"2025-12-24T08:45:36+00:00\",\"description\":\"Rinkinys sujungia linksmybes vandenyje.\u00a0 Vaikas pildamas vanden\u012f pradeda jud\u0117ti valtys. Vandens srov\u0119 kanalas taip pat galima gauti srove.\",\"breadcrumb\":{\"@id\":\"https:\\\/\\\/kidsplay.lt\\\/produktas\\\/vandens-ir-smelio-deze-2\\\/#breadcrumb\"},\"inLanguage\":\"lv-LV\",\"potentialAction\":[{\"@type\":\"ReadAction\",\"target\":[\"https:\\\/\\\/kidsplay.lt\\\/produktas\\\/vandens-ir-smelio-deze-2\\\/\"]}]},{\"@type\":\"ImageObject\",\"inLanguage\":\"lv-LV\",\"@id\":\"https:\\\/\\\/kidsplay.lt\\\/produktas\\\/vandens-ir-smelio-deze-2\\\/#primaryimage\",\"url\":\"https:\\\/\\\/kidsplay.lt\\\/wp-content\\\/uploads\\\/2023\\\/08\\\/Vandens-ir-smelio-deze.jpg\",\"contentUrl\":\"https:\\\/\\\/kidsplay.lt\\\/wp-content\\\/uploads\\\/2023\\\/08\\\/Vandens-ir-smelio-deze.jpg\",\"width\":2560,\"height\":2560,\"caption\":\"Vandens \u017eaidim\u0173 takelis \u2013 Peppa Pig\"},{\"@type\":\"BreadcrumbList\",\"@id\":\"https:\\\/\\\/kidsplay.lt\\\/produktas\\\/vandens-ir-smelio-deze-2\\\/#breadcrumb\",\"itemListElement\":[{\"@type\":\"ListItem\",\"position\":1,\"name\":\"Pagrindinis\",\"item\":\"https:\\\/\\\/kidsplay.lt\\\/\"},{\"@type\":\"ListItem\",\"position\":2,\"name\":\"Parduotuv\u0117\",\"item\":\"https:\\\/\\\/kidsplay.lt\\\/parduotuve\\\/\"},{\"@type\":\"ListItem\",\"position\":3,\"name\":\"Vandens ir sm\u0117lio d\u0117\u017e\u0117\"}]},{\"@type\":\"WebSite\",\"@id\":\"https:\\\/\\\/kidsplay.lt\\\/#website\",\"url\":\"https:\\\/\\\/kidsplay.lt\\\/\",\"name\":\"Kidsplay.lt\",\"description\":\"\u012evairios prek\u0117s vaikams\",\"publisher\":{\"@id\":\"https:\\\/\\\/kidsplay.lt\\\/#organization\"},\"alternateName\":\"Kidsplay\",\"potentialAction\":[{\"@type\":\"SearchAction\",\"target\":{\"@type\":\"EntryPoint\",\"urlTemplate\":\"https:\\\/\\\/kidsplay.lt\\\/?s={search_term_string}\"},\"query-input\":{\"@type\":\"PropertyValueSpecification\",\"valueRequired\":true,\"valueName\":\"search_term_string\"}}],\"inLanguage\":\"lv-LV\"},{\"@type\":\"Organization\",\"@id\":\"https:\\\/\\\/kidsplay.lt\\\/#organization\",\"name\":\"KidsPlay\",\"url\":\"https:\\\/\\\/kidsplay.lt\\\/\",\"logo\":{\"@type\":\"ImageObject\",\"inLanguage\":\"lv-LV\",\"@id\":\"https:\\\/\\\/kidsplay.lt\\\/#\\\/schema\\\/logo\\\/image\\\/\",\"url\":\"https:\\\/\\\/kidsplay.lt\\\/wp-content\\\/uploads\\\/2023\\\/07\\\/kidsplay-logo.png\",\"contentUrl\":\"https:\\\/\\\/kidsplay.lt\\\/wp-content\\\/uploads\\\/2023\\\/07\\\/kidsplay-logo.png\",\"width\":451,\"height\":98,\"caption\":\"KidsPlay\"},\"image\":{\"@id\":\"https:\\\/\\\/kidsplay.lt\\\/#\\\/schema\\\/logo\\\/image\\\/\"},\"sameAs\":[\"https:\\\/\\\/www.facebook.com\\\/www.kidsplay.lt\"]}]}<\/script>\n<!-- \/ Yoast SEO plugin. -->","yoast_head_json":{"title":"Vandens ir sm\u0117lio d\u0117\u017e\u0117 - KidsPlay","description":"Rinkinys sujungia linksmybes vandenyje.\u00a0 Vaikas pildamas vanden\u012f pradeda jud\u0117ti valtys. Vandens srov\u0119 kanalas taip pat galima gauti srove.","robots":{"index":"index","follow":"follow","max-snippet":"max-snippet:-1","max-image-preview":"max-image-preview:large","max-video-preview":"max-video-preview:-1"},"canonical":"https:\/\/kidsplay.lt\/lv\/products\/vandens-ir-smelio-deze-2\/","og_locale":"lv_LV","og_type":"article","og_title":"Vandens ir sm\u0117lio d\u0117\u017e\u0117 - KidsPlay","og_description":"Rinkinys sujungia linksmybes vandenyje.\u00a0 Vaikas pildamas vanden\u012f pradeda jud\u0117ti valtys. Vandens srov\u0119 kanalas taip pat galima gauti srove.","og_url":"https:\/\/kidsplay.lt\/lv\/products\/vandens-ir-smelio-deze-2\/","og_site_name":"KidsPlay","article_publisher":"https:\/\/www.facebook.com\/www.kidsplay.lt","article_modified_time":"2025-12-24T08:45:36+00:00","og_image":[{"width":2560,"height":2560,"url":"https:\/\/kidsplay.lt\/wp-content\/uploads\/2023\/08\/Vandens-ir-smelio-deze.jpg","type":"image\/jpeg"}],"twitter_card":"summary_large_image","twitter_misc":{"Est. reading time":"1 min\u016bte"},"schema":{"@context":"https:\/\/schema.org","@graph":[{"@type":"WebPage","@id":"https:\/\/kidsplay.lt\/produktas\/vandens-ir-smelio-deze-2\/","url":"https:\/\/kidsplay.lt\/produktas\/vandens-ir-smelio-deze-2\/","name":"Vandens ir sm\u0117lio d\u0117\u017e\u0117 - KidsPlay","isPartOf":{"@id":"https:\/\/kidsplay.lt\/#website"},"primaryImageOfPage":{"@id":"https:\/\/kidsplay.lt\/produktas\/vandens-ir-smelio-deze-2\/#primaryimage"},"image":{"@id":"https:\/\/kidsplay.lt\/produktas\/vandens-ir-smelio-deze-2\/#primaryimage"},"thumbnailUrl":"https:\/\/kidsplay.lt\/wp-content\/uploads\/2023\/08\/Vandens-ir-smelio-deze.jpg","datePublished":"2024-11-22T15:42:37+00:00","dateModified":"2025-12-24T08:45:36+00:00","description":"Rinkinys sujungia linksmybes vandenyje.\u00a0 Vaikas pildamas vanden\u012f pradeda jud\u0117ti valtys. Vandens srov\u0119 kanalas taip pat galima gauti srove.","breadcrumb":{"@id":"https:\/\/kidsplay.lt\/produktas\/vandens-ir-smelio-deze-2\/#breadcrumb"},"inLanguage":"lv-LV","potentialAction":[{"@type":"ReadAction","target":["https:\/\/kidsplay.lt\/produktas\/vandens-ir-smelio-deze-2\/"]}]},{"@type":"ImageObject","inLanguage":"lv-LV","@id":"https:\/\/kidsplay.lt\/produktas\/vandens-ir-smelio-deze-2\/#primaryimage","url":"https:\/\/kidsplay.lt\/wp-content\/uploads\/2023\/08\/Vandens-ir-smelio-deze.jpg","contentUrl":"https:\/\/kidsplay.lt\/wp-content\/uploads\/2023\/08\/Vandens-ir-smelio-deze.jpg","width":2560,"height":2560,"caption":"Vandens \u017eaidim\u0173 takelis \u2013 Peppa Pig"},{"@type":"BreadcrumbList","@id":"https:\/\/kidsplay.lt\/produktas\/vandens-ir-smelio-deze-2\/#breadcrumb","itemListElement":[{"@type":"ListItem","position":1,"name":"Pagrindinis","item":"https:\/\/kidsplay.lt\/"},{"@type":"ListItem","position":2,"name":"Parduotuv\u0117","item":"https:\/\/kidsplay.lt\/parduotuve\/"},{"@type":"ListItem","position":3,"name":"Vandens ir sm\u0117lio d\u0117\u017e\u0117"}]},{"@type":"WebSite","@id":"https:\/\/kidsplay.lt\/#website","url":"https:\/\/kidsplay.lt\/","name":"B\u0113rnu sp\u0113les.lv","description":"\u012evairios prek\u0117s vaikams","publisher":{"@id":"https:\/\/kidsplay.lt\/#organization"},"alternateName":"Kidsplay","potentialAction":[{"@type":"SearchAction","target":{"@type":"EntryPoint","urlTemplate":"https:\/\/kidsplay.lt\/?s={search_term_string}"},"query-input":{"@type":"PropertyValueSpecification","valueRequired":true,"valueName":"search_term_string"}}],"inLanguage":"lv-LV"},{"@type":"Organization","@id":"https:\/\/kidsplay.lt\/#organization","name":"B\u0113rnu sp\u0113le","url":"https:\/\/kidsplay.lt\/","logo":{"@type":"ImageObject","inLanguage":"lv-LV","@id":"https:\/\/kidsplay.lt\/#\/schema\/logo\/image\/","url":"https:\/\/kidsplay.lt\/wp-content\/uploads\/2023\/07\/kidsplay-logo.png","contentUrl":"https:\/\/kidsplay.lt\/wp-content\/uploads\/2023\/07\/kidsplay-logo.png","width":451,"height":98,"caption":"KidsPlay"},"image":{"@id":"https:\/\/kidsplay.lt\/#\/schema\/logo\/image\/"},"sameAs":["https:\/\/www.facebook.com\/www.kidsplay.lt"]}]}},"_links":{"self":[{"href":"https:\/\/kidsplay.lt\/lv\/wp-json\/wp\/v2\/product\/59285","targetHints":{"allow":["GET"]}}],"collection":[{"href":"https:\/\/kidsplay.lt\/lv\/wp-json\/wp\/v2\/product"}],"about":[{"href":"https:\/\/kidsplay.lt\/lv\/wp-json\/wp\/v2\/types\/product"}],"version-history":[{"count":3,"href":"https:\/\/kidsplay.lt\/lv\/wp-json\/wp\/v2\/product\/59285\/revisions"}],"predecessor-version":[{"id":74210,"href":"https:\/\/kidsplay.lt\/lv\/wp-json\/wp\/v2\/product\/59285\/revisions\/74210"}],"wp:featuredmedia":[{"embeddable":true,"href":"https:\/\/kidsplay.lt\/lv\/wp-json\/wp\/v2\/media\/27665"}],"wp:attachment":[{"href":"https:\/\/kidsplay.lt\/lv\/wp-json\/wp\/v2\/media?parent=59285"}],"wp:term":[{"taxonomy":"product_brand","embeddable":true,"href":"https:\/\/kidsplay.lt\/lv\/wp-json\/wp\/v2\/product_brand?post=59285"},{"taxonomy":"product_cat","embeddable":true,"href":"https:\/\/kidsplay.lt\/lv\/wp-json\/wp\/v2\/product_cat?post=59285"},{"taxonomy":"product_tag","embeddable":true,"href":"https:\/\/kidsplay.lt\/lv\/wp-json\/wp\/v2\/product_tag?post=59285"}],"curies":[{"name":"wp","href":"https:\/\/api.w.org\/{rel}","templated":true}]}}