{"id":59864,"date":"2024-12-09T13:17:18","date_gmt":"2024-12-09T11:17:18","guid":{"rendered":"https:\/\/kidsplay.lt\/?post_type=product&#038;p=59864"},"modified":"2025-12-24T10:46:01","modified_gmt":"2025-12-24T08:46:01","slug":"laipiojimo-ir-deliojimo-detales-susidedantys-i-kuba","status":"publish","type":"product","link":"https:\/\/kidsplay.lt\/lv\/products\/laipiojimo-ir-deliojimo-detales-susidedantys-i-kuba\/","title":{"rendered":"K\u0101p\u0161ana un gabalu sakrau\u0161ana, kas ietilpst kub\u0101"},"content":{"rendered":"<h1><span>\u2b50 Mink\u0161tos veli\u016brin\u0117s kalad\u0117l\u0117s formos KiddyMoon 9 vnt.<\/span><\/h1>\n<h2><span>\u2b50 KM-PKZV3-9<\/span><\/h2>\n<p><b><span>\u2b50 Mink\u0161tos kalad\u0117l\u0117s<\/span><\/b><span>\u00a0vaikams. Lavinkite savo vaiko vaizduot\u0119! Blokai gali b\u016bti i\u0161d\u0117styti bet kokioje strukt\u016broje, o tai daro didel\u0119 \u012ftak\u0105 reg\u0117jimo, lyt\u0117jimo ir motorin\u0117s koordinacijos vystymuisi. Gaminys skirtas \u017eaisti am\u017eiaus grup\u0117je\u00a0<\/span><b><span>nuo 2 met\u0173 am\u017eiaus<\/span><\/b><span>\u00a0.<\/span><\/p>\n<p><b><span>\u2b50<\/span><\/b><span>\u00a0Rinkin\u012f sudaro 9 skirting\u0173 form\u0173 porolono fig\u016br\u0117l\u0117s. D\u0117lion\u0117 teigiamai veikia vaiko vaizduot\u0117s ir k\u016brybi\u0161kumo ugdym\u0105.<\/span><\/p>\n<p><b><span>\u2b50<\/span><\/b><span> \u017daisdamas, stengdamasis pritaikyti ir i\u0161d\u0117lioti fig\u016bras, vaikas lavina login\u012f ir erdvin\u012f m\u0105stym\u0105. Blokus galima kloti ir lygiai, ir sukurti erdvines kiet\u0105sias med\u017eiagas, pvz.: galima statyti kub\u0105 (kub\u0105)\u00a0<\/span><\/p>\n<h2><span>\u2b50 I\u0161sami informacija apie produkt\u0105:<\/span><\/h2>\n<ul>\n<li><b><span>dydis<\/span><\/b><span>\u00a0&#8211; visas komplektas, susidedantis i\u0161 9 element\u0173 yra: 42 cm x 42 cm<\/span><\/li>\n<li><span>rinkinys turi \u012fvairi\u0173 form\u0173 mink\u0161t\u0173 kalad\u0117li\u0173<\/span><\/li>\n<li><span>galima ne\u017eymi trinkeli\u0173 deformacija kelion\u0117s metu. Po kurio laiko jie gr\u012f\u017eta \u012f tinkam\u0105 form\u0105<\/span><\/li>\n<\/ul>\n<p><b><span>\u2b50 D\u0117mesio!<\/span><\/b><span>\u00a0Kubeliai pagaminti i\u0161 mink\u0161to putplas\u010dio, kuris negarantuoja tinkamos atramos vaikui. Prie\u0161 duodami vaikui \u017eaislus, i\u0161imkite visus pakuot\u0117s elementus. \u017daidimas turi vykti pri\u017ei\u016brint suaugusiam.<\/span><\/p>\n<p><b><span>\u2b50<\/span><\/b><span>\u00a0Kubeliai turi nuimam\u0105 dangtel\u012f, kur\u012f galima lengvai nuvalyti esant ne\u0161varumams.<\/span><\/p>\n<p><b><span>\u2b50 Sud\u0117tis<\/span><\/b><span> : 80% medviln\u0117, 20% poliesteris.\u00a0<\/span><\/p>\n<p>&nbsp;<\/p>","protected":false},"excerpt":{"rendered":"<p>K\u0101p\u0161ana un gabalu sakrau\u0161ana, kas ietilpst kub\u0101<\/p>","protected":false},"featured_media":59865,"template":"","meta":{"_acf_changed":false,"_glsr_average":0,"_glsr_ranking":0,"_glsr_reviews":0},"product_brand":[],"product_cat":[674,254],"product_tag":[],"class_list":{"0":"post-59864","1":"product","2":"type-product","3":"status-publish","4":"has-post-thumbnail","6":"product_cat-namu-zaidimo-aiksteles","7":"product_cat-vaiko-kambarys","8":"\"style=\"background-color: #2ecc711c;\"","10":"first","11":"instock","12":"shipping-taxable","13":"purchasable","14":"product-type-simple"},"acf":[],"yoast_head":"<!-- This site is optimized with the Yoast SEO plugin v27.3 - https:\/\/yoast.com\/product\/yoast-seo-wordpress\/ -->\n<title>Laipiojimo ir d\u0117liojimo detal\u0117s susidedantys \u012f kub\u0105 - KidsPlay<\/title>\n<meta name=\"description\" content=\"Laipiojimo ir d\u0117liojimo detal\u0117s susidedantys \u012f kub\u0105\" \/>\n<meta name=\"robots\" content=\"index, follow, max-snippet:-1, max-image-preview:large, max-video-preview:-1\" \/>\n<link rel=\"canonical\" href=\"https:\/\/kidsplay.lt\/lv\/products\/laipiojimo-ir-deliojimo-detales-susidedantys-i-kuba\/\" \/>\n<meta property=\"og:locale\" content=\"lv_LV\" \/>\n<meta property=\"og:type\" content=\"article\" \/>\n<meta property=\"og:title\" content=\"Laipiojimo ir d\u0117liojimo detal\u0117s susidedantys \u012f kub\u0105 - KidsPlay\" \/>\n<meta property=\"og:description\" content=\"Laipiojimo ir d\u0117liojimo detal\u0117s susidedantys \u012f kub\u0105\" \/>\n<meta property=\"og:url\" content=\"https:\/\/kidsplay.lt\/lv\/products\/laipiojimo-ir-deliojimo-detales-susidedantys-i-kuba\/\" \/>\n<meta property=\"og:site_name\" content=\"KidsPlay\" \/>\n<meta property=\"article:publisher\" content=\"https:\/\/www.facebook.com\/www.kidsplay.lt\" \/>\n<meta property=\"article:modified_time\" content=\"2025-12-24T08:46:01+00:00\" \/>\n<meta property=\"og:image\" content=\"https:\/\/kidsplay.lt\/wp-content\/uploads\/2024\/12\/Screenshot_46.png\" \/>\n\t<meta property=\"og:image:width\" content=\"851\" \/>\n\t<meta property=\"og:image:height\" content=\"851\" \/>\n\t<meta property=\"og:image:type\" content=\"image\/png\" \/>\n<meta name=\"twitter:card\" content=\"summary_large_image\" \/>\n<meta name=\"twitter:label1\" content=\"Est. reading time\" \/>\n\t<meta name=\"twitter:data1\" content=\"2 min\u016btes\" \/>\n<script type=\"application\/ld+json\" class=\"yoast-schema-graph\">{\"@context\":\"https:\\\/\\\/schema.org\",\"@graph\":[{\"@type\":\"WebPage\",\"@id\":\"https:\\\/\\\/kidsplay.lt\\\/produktas\\\/laipiojimo-ir-deliojimo-detales-susidedantys-i-kuba\\\/\",\"url\":\"https:\\\/\\\/kidsplay.lt\\\/produktas\\\/laipiojimo-ir-deliojimo-detales-susidedantys-i-kuba\\\/\",\"name\":\"Laipiojimo ir d\u0117liojimo detal\u0117s susidedantys \u012f kub\u0105 - KidsPlay\",\"isPartOf\":{\"@id\":\"https:\\\/\\\/kidsplay.lt\\\/#website\"},\"primaryImageOfPage\":{\"@id\":\"https:\\\/\\\/kidsplay.lt\\\/produktas\\\/laipiojimo-ir-deliojimo-detales-susidedantys-i-kuba\\\/#primaryimage\"},\"image\":{\"@id\":\"https:\\\/\\\/kidsplay.lt\\\/produktas\\\/laipiojimo-ir-deliojimo-detales-susidedantys-i-kuba\\\/#primaryimage\"},\"thumbnailUrl\":\"https:\\\/\\\/kidsplay.lt\\\/wp-content\\\/uploads\\\/2024\\\/12\\\/Screenshot_46.png\",\"datePublished\":\"2024-12-09T11:17:18+00:00\",\"dateModified\":\"2025-12-24T08:46:01+00:00\",\"description\":\"Laipiojimo ir d\u0117liojimo detal\u0117s susidedantys \u012f kub\u0105\",\"breadcrumb\":{\"@id\":\"https:\\\/\\\/kidsplay.lt\\\/produktas\\\/laipiojimo-ir-deliojimo-detales-susidedantys-i-kuba\\\/#breadcrumb\"},\"inLanguage\":\"lv-LV\",\"potentialAction\":[{\"@type\":\"ReadAction\",\"target\":[\"https:\\\/\\\/kidsplay.lt\\\/produktas\\\/laipiojimo-ir-deliojimo-detales-susidedantys-i-kuba\\\/\"]}]},{\"@type\":\"ImageObject\",\"inLanguage\":\"lv-LV\",\"@id\":\"https:\\\/\\\/kidsplay.lt\\\/produktas\\\/laipiojimo-ir-deliojimo-detales-susidedantys-i-kuba\\\/#primaryimage\",\"url\":\"https:\\\/\\\/kidsplay.lt\\\/wp-content\\\/uploads\\\/2024\\\/12\\\/Screenshot_46.png\",\"contentUrl\":\"https:\\\/\\\/kidsplay.lt\\\/wp-content\\\/uploads\\\/2024\\\/12\\\/Screenshot_46.png\",\"width\":851,\"height\":851},{\"@type\":\"BreadcrumbList\",\"@id\":\"https:\\\/\\\/kidsplay.lt\\\/produktas\\\/laipiojimo-ir-deliojimo-detales-susidedantys-i-kuba\\\/#breadcrumb\",\"itemListElement\":[{\"@type\":\"ListItem\",\"position\":1,\"name\":\"Pagrindinis\",\"item\":\"https:\\\/\\\/kidsplay.lt\\\/\"},{\"@type\":\"ListItem\",\"position\":2,\"name\":\"Parduotuv\u0117\",\"item\":\"https:\\\/\\\/kidsplay.lt\\\/parduotuve\\\/\"},{\"@type\":\"ListItem\",\"position\":3,\"name\":\"Laipiojimo ir d\u0117liojimo detal\u0117s susidedantys \u012f kub\u0105\"}]},{\"@type\":\"WebSite\",\"@id\":\"https:\\\/\\\/kidsplay.lt\\\/#website\",\"url\":\"https:\\\/\\\/kidsplay.lt\\\/\",\"name\":\"Kidsplay.lt\",\"description\":\"\u012evairios prek\u0117s vaikams\",\"publisher\":{\"@id\":\"https:\\\/\\\/kidsplay.lt\\\/#organization\"},\"alternateName\":\"Kidsplay\",\"potentialAction\":[{\"@type\":\"SearchAction\",\"target\":{\"@type\":\"EntryPoint\",\"urlTemplate\":\"https:\\\/\\\/kidsplay.lt\\\/?s={search_term_string}\"},\"query-input\":{\"@type\":\"PropertyValueSpecification\",\"valueRequired\":true,\"valueName\":\"search_term_string\"}}],\"inLanguage\":\"lv-LV\"},{\"@type\":\"Organization\",\"@id\":\"https:\\\/\\\/kidsplay.lt\\\/#organization\",\"name\":\"KidsPlay\",\"url\":\"https:\\\/\\\/kidsplay.lt\\\/\",\"logo\":{\"@type\":\"ImageObject\",\"inLanguage\":\"lv-LV\",\"@id\":\"https:\\\/\\\/kidsplay.lt\\\/#\\\/schema\\\/logo\\\/image\\\/\",\"url\":\"https:\\\/\\\/kidsplay.lt\\\/wp-content\\\/uploads\\\/2023\\\/07\\\/kidsplay-logo.png\",\"contentUrl\":\"https:\\\/\\\/kidsplay.lt\\\/wp-content\\\/uploads\\\/2023\\\/07\\\/kidsplay-logo.png\",\"width\":451,\"height\":98,\"caption\":\"KidsPlay\"},\"image\":{\"@id\":\"https:\\\/\\\/kidsplay.lt\\\/#\\\/schema\\\/logo\\\/image\\\/\"},\"sameAs\":[\"https:\\\/\\\/www.facebook.com\\\/www.kidsplay.lt\"]}]}<\/script>\n<!-- \/ Yoast SEO plugin. -->","yoast_head_json":{"title":"Laipiojimo ir d\u0117liojimo detal\u0117s susidedantys \u012f kub\u0105 - KidsPlay","description":"K\u0101p\u0161ana un gabalu sakrau\u0161ana, kas ietilpst kub\u0101","robots":{"index":"index","follow":"follow","max-snippet":"max-snippet:-1","max-image-preview":"max-image-preview:large","max-video-preview":"max-video-preview:-1"},"canonical":"https:\/\/kidsplay.lt\/lv\/products\/laipiojimo-ir-deliojimo-detales-susidedantys-i-kuba\/","og_locale":"lv_LV","og_type":"article","og_title":"Laipiojimo ir d\u0117liojimo detal\u0117s susidedantys \u012f kub\u0105 - KidsPlay","og_description":"Laipiojimo ir d\u0117liojimo detal\u0117s susidedantys \u012f kub\u0105","og_url":"https:\/\/kidsplay.lt\/lv\/products\/laipiojimo-ir-deliojimo-detales-susidedantys-i-kuba\/","og_site_name":"KidsPlay","article_publisher":"https:\/\/www.facebook.com\/www.kidsplay.lt","article_modified_time":"2025-12-24T08:46:01+00:00","og_image":[{"width":851,"height":851,"url":"https:\/\/kidsplay.lt\/wp-content\/uploads\/2024\/12\/Screenshot_46.png","type":"image\/png"}],"twitter_card":"summary_large_image","twitter_misc":{"Est. reading time":"2 min\u016btes"},"schema":{"@context":"https:\/\/schema.org","@graph":[{"@type":"WebPage","@id":"https:\/\/kidsplay.lt\/produktas\/laipiojimo-ir-deliojimo-detales-susidedantys-i-kuba\/","url":"https:\/\/kidsplay.lt\/produktas\/laipiojimo-ir-deliojimo-detales-susidedantys-i-kuba\/","name":"Laipiojimo ir d\u0117liojimo detal\u0117s susidedantys \u012f kub\u0105 - KidsPlay","isPartOf":{"@id":"https:\/\/kidsplay.lt\/#website"},"primaryImageOfPage":{"@id":"https:\/\/kidsplay.lt\/produktas\/laipiojimo-ir-deliojimo-detales-susidedantys-i-kuba\/#primaryimage"},"image":{"@id":"https:\/\/kidsplay.lt\/produktas\/laipiojimo-ir-deliojimo-detales-susidedantys-i-kuba\/#primaryimage"},"thumbnailUrl":"https:\/\/kidsplay.lt\/wp-content\/uploads\/2024\/12\/Screenshot_46.png","datePublished":"2024-12-09T11:17:18+00:00","dateModified":"2025-12-24T08:46:01+00:00","description":"K\u0101p\u0161ana un gabalu sakrau\u0161ana, kas ietilpst kub\u0101","breadcrumb":{"@id":"https:\/\/kidsplay.lt\/produktas\/laipiojimo-ir-deliojimo-detales-susidedantys-i-kuba\/#breadcrumb"},"inLanguage":"lv-LV","potentialAction":[{"@type":"ReadAction","target":["https:\/\/kidsplay.lt\/produktas\/laipiojimo-ir-deliojimo-detales-susidedantys-i-kuba\/"]}]},{"@type":"ImageObject","inLanguage":"lv-LV","@id":"https:\/\/kidsplay.lt\/produktas\/laipiojimo-ir-deliojimo-detales-susidedantys-i-kuba\/#primaryimage","url":"https:\/\/kidsplay.lt\/wp-content\/uploads\/2024\/12\/Screenshot_46.png","contentUrl":"https:\/\/kidsplay.lt\/wp-content\/uploads\/2024\/12\/Screenshot_46.png","width":851,"height":851},{"@type":"BreadcrumbList","@id":"https:\/\/kidsplay.lt\/produktas\/laipiojimo-ir-deliojimo-detales-susidedantys-i-kuba\/#breadcrumb","itemListElement":[{"@type":"ListItem","position":1,"name":"Pagrindinis","item":"https:\/\/kidsplay.lt\/"},{"@type":"ListItem","position":2,"name":"Parduotuv\u0117","item":"https:\/\/kidsplay.lt\/parduotuve\/"},{"@type":"ListItem","position":3,"name":"Laipiojimo ir d\u0117liojimo detal\u0117s susidedantys \u012f kub\u0105"}]},{"@type":"WebSite","@id":"https:\/\/kidsplay.lt\/#website","url":"https:\/\/kidsplay.lt\/","name":"B\u0113rnu sp\u0113les.lv","description":"\u012evairios prek\u0117s vaikams","publisher":{"@id":"https:\/\/kidsplay.lt\/#organization"},"alternateName":"Kidsplay","potentialAction":[{"@type":"SearchAction","target":{"@type":"EntryPoint","urlTemplate":"https:\/\/kidsplay.lt\/?s={search_term_string}"},"query-input":{"@type":"PropertyValueSpecification","valueRequired":true,"valueName":"search_term_string"}}],"inLanguage":"lv-LV"},{"@type":"Organization","@id":"https:\/\/kidsplay.lt\/#organization","name":"B\u0113rnu sp\u0113le","url":"https:\/\/kidsplay.lt\/","logo":{"@type":"ImageObject","inLanguage":"lv-LV","@id":"https:\/\/kidsplay.lt\/#\/schema\/logo\/image\/","url":"https:\/\/kidsplay.lt\/wp-content\/uploads\/2023\/07\/kidsplay-logo.png","contentUrl":"https:\/\/kidsplay.lt\/wp-content\/uploads\/2023\/07\/kidsplay-logo.png","width":451,"height":98,"caption":"KidsPlay"},"image":{"@id":"https:\/\/kidsplay.lt\/#\/schema\/logo\/image\/"},"sameAs":["https:\/\/www.facebook.com\/www.kidsplay.lt"]}]}},"_links":{"self":[{"href":"https:\/\/kidsplay.lt\/lv\/wp-json\/wp\/v2\/product\/59864","targetHints":{"allow":["GET"]}}],"collection":[{"href":"https:\/\/kidsplay.lt\/lv\/wp-json\/wp\/v2\/product"}],"about":[{"href":"https:\/\/kidsplay.lt\/lv\/wp-json\/wp\/v2\/types\/product"}],"version-history":[{"count":2,"href":"https:\/\/kidsplay.lt\/lv\/wp-json\/wp\/v2\/product\/59864\/revisions"}],"predecessor-version":[{"id":74201,"href":"https:\/\/kidsplay.lt\/lv\/wp-json\/wp\/v2\/product\/59864\/revisions\/74201"}],"wp:featuredmedia":[{"embeddable":true,"href":"https:\/\/kidsplay.lt\/lv\/wp-json\/wp\/v2\/media\/59865"}],"wp:attachment":[{"href":"https:\/\/kidsplay.lt\/lv\/wp-json\/wp\/v2\/media?parent=59864"}],"wp:term":[{"taxonomy":"product_brand","embeddable":true,"href":"https:\/\/kidsplay.lt\/lv\/wp-json\/wp\/v2\/product_brand?post=59864"},{"taxonomy":"product_cat","embeddable":true,"href":"https:\/\/kidsplay.lt\/lv\/wp-json\/wp\/v2\/product_cat?post=59864"},{"taxonomy":"product_tag","embeddable":true,"href":"https:\/\/kidsplay.lt\/lv\/wp-json\/wp\/v2\/product_tag?post=59864"}],"curies":[{"name":"wp","href":"https:\/\/api.w.org\/{rel}","templated":true}]}}