{"id":60341,"date":"2025-02-16T18:18:34","date_gmt":"2025-02-16T16:18:34","guid":{"rendered":"https:\/\/kidsplay.lt\/?post_type=product&#038;p=60341"},"modified":"2025-10-04T19:53:55","modified_gmt":"2025-10-04T16:53:55","slug":"melyna-tipi-palapine","status":"publish","type":"product","link":"https:\/\/kidsplay.lt\/lv\/products\/melyna-tipi-palapine\/","title":{"rendered":"M\u0117lyna TIPI palapin\u0117"},"content":{"rendered":"<p><b><span>\u2705 \u012e komplekt\u0105 \u012feina:<\/span><\/b><\/p>\n<ul>\n<li><b><span>mediniai pagaliukai<\/span><\/b><\/li>\n<li><b><span>kilim\u0117lis<\/span><\/b><span>\u00a0115&#215;115 cm<\/span><\/li>\n<li><b><span>debes\u0173 pagalv\u0117l\u0117<\/span><\/b><span>\u00a0su Minky<\/span><\/li>\n<li><b><span>pagalv\u0117l\u0117<\/span><\/b><span>\u00a0jasiek<\/span><\/li>\n<li><b><span>pagalv\u0117l\u0117<\/span><\/b><span>\u00a0\u017evaig\u017ed\u0117<\/span><\/li>\n<li><b><span>Giranda<\/span><\/b><span>\u00a0i\u0161 vimpeli\u0173<\/span><\/li>\n<li><b><span>tritique<\/span><\/b><span> arba virvel\u0117 konstrukcijai suri\u0161ti<\/span><\/li>\n<\/ul>\n<p><b><span>\u2705 Matmenys:<\/span><\/b><\/p>\n<ul>\n<li><b><span>Palapin\u0117s auk\u0161tis\u00a0<\/span><\/b><b><span>po pastatymo<\/span><\/b><span>\u00a0: 150 cm<\/span><\/li>\n<li><b><span>Pagrindo plotis<\/span><\/b><span>\u00a0: 120\/120 cm<\/span><\/li>\n<\/ul>\n<p><b><span>\u2705Med\u017eiagos:<\/span><\/b><\/p>\n<ul>\n<li><b><span>U\u017evalkalas<\/span><\/b><span>\u00a0: 100% Oeko Tex sertifikuota medviln\u0117<\/span><\/li>\n<li><b><span>R\u0117mas<\/span><\/b><span>\u00a0: medinis<\/span><\/li>\n<li><b><span>Kilim\u0117lis<\/span><\/b><span> : poliesterio u\u017epildas + medvilninis apvadas su Oeko Tex sertifikatu\u00a0<\/span><\/li>\n<\/ul>\n<p><b><span>\u2705 PRIVALUMAI:<\/span><\/b><\/p>\n<ul>\n<li><b><span>Tipi palapin\u0117 yra puiki vieta<\/span><\/b><span>\u00a0j\u016bs\u0173 vaikui \u017eaisti.<\/span><\/li>\n<li><b><span>Jis veiks ne tik lauke ar terasoje<\/span><\/b><span>\u00a0, bet vis\u0173 pirma namuose.<\/span><\/li>\n<li><b><span>Palapin\u0117 yra lengva ir lengvai sulankstoma,<\/span><\/b><span>\u00a0tod\u0117l j\u0105 galima lengvai perkelti.<\/span><\/li>\n<li><b><span>Puiki vieta sl\u0117ptuv\u0117ms,<\/span><\/b><span>\u00a0popietiniam miegui ar kartu skaitymui pasak\u0173.<\/span><\/li>\n<li><b><span>Palapin\u0117, kaip viena i\u0161 nedaugelio rinkoje, turi pilnai u\u017edengt\u0105 \u012f\u0117jim\u0105 \u2013<\/span><\/b><span>\u00a0tai labai svarbus elementas m\u016bs\u0173 vaikams, nes d\u0117l to joje neatsiras n\u0117 vieno nekviesto sve\u010dio.<\/span><\/li>\n<li><b><span>Kiekvienoje palapin\u0117je yra langas<\/span><\/b><span> su nuleistomis roletais. Mink\u0161tas kilim\u0117lis izoliuoja grindis, o \u0161oniniai apkaustai leid\u017eia j\u012f sujungti su visa konstrukcija, tod\u0117l palapin\u0117 yra labai stabili ir nepraranda formos net intensyviai \u017eaid\u017eiant.\u00a0<\/span><\/li>\n<\/ul>\n<p>&nbsp;<\/p>","protected":false},"excerpt":{"rendered":"<p>M\u0117lyna TIPI palapin\u0117<\/p>","protected":false},"featured_media":60342,"template":"","meta":{"_acf_changed":false,"_glsr_average":0,"_glsr_ranking":0,"_glsr_reviews":0},"product_brand":[],"product_cat":[236],"product_tag":[],"class_list":{"0":"post-60341","1":"product","2":"type-product","3":"status-publish","4":"has-post-thumbnail","6":"product_cat-vaikiskos-palapines","7":"\"style=\"background-color: #2ecc711c;\"","9":"first","10":"instock","11":"shipping-taxable","12":"purchasable","13":"product-type-simple"},"acf":[],"yoast_head":"<!-- This site is optimized with the Yoast SEO plugin v27.3 - https:\/\/yoast.com\/product\/yoast-seo-wordpress\/ -->\n<title>M\u0117lyna TIPI palapin\u0117 - KidsPlay<\/title>\n<meta name=\"description\" content=\"M\u0117lyna TIPI palapin\u0117\" \/>\n<meta name=\"robots\" content=\"index, follow, max-snippet:-1, max-image-preview:large, max-video-preview:-1\" \/>\n<link rel=\"canonical\" href=\"https:\/\/kidsplay.lt\/lv\/products\/melyna-tipi-palapine\/\" \/>\n<meta property=\"og:locale\" content=\"lv_LV\" \/>\n<meta property=\"og:type\" content=\"article\" \/>\n<meta property=\"og:title\" content=\"M\u0117lyna TIPI palapin\u0117 - KidsPlay\" \/>\n<meta property=\"og:description\" content=\"M\u0117lyna TIPI palapin\u0117\" \/>\n<meta property=\"og:url\" content=\"https:\/\/kidsplay.lt\/lv\/products\/melyna-tipi-palapine\/\" \/>\n<meta property=\"og:site_name\" content=\"KidsPlay\" \/>\n<meta property=\"article:publisher\" content=\"https:\/\/www.facebook.com\/www.kidsplay.lt\" \/>\n<meta property=\"article:modified_time\" content=\"2025-10-04T16:53:55+00:00\" \/>\n<meta property=\"og:image\" content=\"https:\/\/kidsplay.lt\/wp-content\/uploads\/2025\/02\/Ekrano-kopija-2025-02-16-181246.png\" \/>\n\t<meta property=\"og:image:width\" content=\"782\" \/>\n\t<meta property=\"og:image:height\" content=\"790\" \/>\n\t<meta property=\"og:image:type\" content=\"image\/png\" \/>\n<meta name=\"twitter:card\" content=\"summary_large_image\" \/>\n<meta name=\"twitter:label1\" content=\"Est. reading time\" \/>\n\t<meta name=\"twitter:data1\" content=\"2 min\u016btes\" \/>\n<script type=\"application\/ld+json\" class=\"yoast-schema-graph\">{\"@context\":\"https:\\\/\\\/schema.org\",\"@graph\":[{\"@type\":\"WebPage\",\"@id\":\"https:\\\/\\\/kidsplay.lt\\\/produktas\\\/melyna-tipi-palapine\\\/\",\"url\":\"https:\\\/\\\/kidsplay.lt\\\/produktas\\\/melyna-tipi-palapine\\\/\",\"name\":\"M\u0117lyna TIPI palapin\u0117 - KidsPlay\",\"isPartOf\":{\"@id\":\"https:\\\/\\\/kidsplay.lt\\\/#website\"},\"primaryImageOfPage\":{\"@id\":\"https:\\\/\\\/kidsplay.lt\\\/produktas\\\/melyna-tipi-palapine\\\/#primaryimage\"},\"image\":{\"@id\":\"https:\\\/\\\/kidsplay.lt\\\/produktas\\\/melyna-tipi-palapine\\\/#primaryimage\"},\"thumbnailUrl\":\"https:\\\/\\\/kidsplay.lt\\\/wp-content\\\/uploads\\\/2025\\\/02\\\/Ekrano-kopija-2025-02-16-181246.png\",\"datePublished\":\"2025-02-16T16:18:34+00:00\",\"dateModified\":\"2025-10-04T16:53:55+00:00\",\"description\":\"M\u0117lyna TIPI palapin\u0117\",\"breadcrumb\":{\"@id\":\"https:\\\/\\\/kidsplay.lt\\\/produktas\\\/melyna-tipi-palapine\\\/#breadcrumb\"},\"inLanguage\":\"lv-LV\",\"potentialAction\":[{\"@type\":\"ReadAction\",\"target\":[\"https:\\\/\\\/kidsplay.lt\\\/produktas\\\/melyna-tipi-palapine\\\/\"]}]},{\"@type\":\"ImageObject\",\"inLanguage\":\"lv-LV\",\"@id\":\"https:\\\/\\\/kidsplay.lt\\\/produktas\\\/melyna-tipi-palapine\\\/#primaryimage\",\"url\":\"https:\\\/\\\/kidsplay.lt\\\/wp-content\\\/uploads\\\/2025\\\/02\\\/Ekrano-kopija-2025-02-16-181246.png\",\"contentUrl\":\"https:\\\/\\\/kidsplay.lt\\\/wp-content\\\/uploads\\\/2025\\\/02\\\/Ekrano-kopija-2025-02-16-181246.png\",\"width\":782,\"height\":790},{\"@type\":\"BreadcrumbList\",\"@id\":\"https:\\\/\\\/kidsplay.lt\\\/produktas\\\/melyna-tipi-palapine\\\/#breadcrumb\",\"itemListElement\":[{\"@type\":\"ListItem\",\"position\":1,\"name\":\"Pagrindinis\",\"item\":\"https:\\\/\\\/kidsplay.lt\\\/\"},{\"@type\":\"ListItem\",\"position\":2,\"name\":\"Parduotuv\u0117\",\"item\":\"https:\\\/\\\/kidsplay.lt\\\/parduotuve\\\/\"},{\"@type\":\"ListItem\",\"position\":3,\"name\":\"M\u0117lyna TIPI palapin\u0117\"}]},{\"@type\":\"WebSite\",\"@id\":\"https:\\\/\\\/kidsplay.lt\\\/#website\",\"url\":\"https:\\\/\\\/kidsplay.lt\\\/\",\"name\":\"Kidsplay.lt\",\"description\":\"\u012evairios prek\u0117s vaikams\",\"publisher\":{\"@id\":\"https:\\\/\\\/kidsplay.lt\\\/#organization\"},\"alternateName\":\"Kidsplay\",\"potentialAction\":[{\"@type\":\"SearchAction\",\"target\":{\"@type\":\"EntryPoint\",\"urlTemplate\":\"https:\\\/\\\/kidsplay.lt\\\/?s={search_term_string}\"},\"query-input\":{\"@type\":\"PropertyValueSpecification\",\"valueRequired\":true,\"valueName\":\"search_term_string\"}}],\"inLanguage\":\"lv-LV\"},{\"@type\":\"Organization\",\"@id\":\"https:\\\/\\\/kidsplay.lt\\\/#organization\",\"name\":\"KidsPlay\",\"url\":\"https:\\\/\\\/kidsplay.lt\\\/\",\"logo\":{\"@type\":\"ImageObject\",\"inLanguage\":\"lv-LV\",\"@id\":\"https:\\\/\\\/kidsplay.lt\\\/#\\\/schema\\\/logo\\\/image\\\/\",\"url\":\"https:\\\/\\\/kidsplay.lt\\\/wp-content\\\/uploads\\\/2023\\\/07\\\/kidsplay-logo.png\",\"contentUrl\":\"https:\\\/\\\/kidsplay.lt\\\/wp-content\\\/uploads\\\/2023\\\/07\\\/kidsplay-logo.png\",\"width\":451,\"height\":98,\"caption\":\"KidsPlay\"},\"image\":{\"@id\":\"https:\\\/\\\/kidsplay.lt\\\/#\\\/schema\\\/logo\\\/image\\\/\"},\"sameAs\":[\"https:\\\/\\\/www.facebook.com\\\/www.kidsplay.lt\"]}]}<\/script>\n<!-- \/ Yoast SEO plugin. -->","yoast_head_json":{"title":"M\u0117lyna TIPI palapin\u0117 - KidsPlay","description":"M\u0117lyna TIPI palapin\u0117","robots":{"index":"index","follow":"follow","max-snippet":"max-snippet:-1","max-image-preview":"max-image-preview:large","max-video-preview":"max-video-preview:-1"},"canonical":"https:\/\/kidsplay.lt\/lv\/products\/melyna-tipi-palapine\/","og_locale":"lv_LV","og_type":"article","og_title":"M\u0117lyna TIPI palapin\u0117 - KidsPlay","og_description":"M\u0117lyna TIPI palapin\u0117","og_url":"https:\/\/kidsplay.lt\/lv\/products\/melyna-tipi-palapine\/","og_site_name":"KidsPlay","article_publisher":"https:\/\/www.facebook.com\/www.kidsplay.lt","article_modified_time":"2025-10-04T16:53:55+00:00","og_image":[{"width":782,"height":790,"url":"https:\/\/kidsplay.lt\/wp-content\/uploads\/2025\/02\/Ekrano-kopija-2025-02-16-181246.png","type":"image\/png"}],"twitter_card":"summary_large_image","twitter_misc":{"Est. reading time":"2 min\u016btes"},"schema":{"@context":"https:\/\/schema.org","@graph":[{"@type":"WebPage","@id":"https:\/\/kidsplay.lt\/produktas\/melyna-tipi-palapine\/","url":"https:\/\/kidsplay.lt\/produktas\/melyna-tipi-palapine\/","name":"M\u0117lyna TIPI palapin\u0117 - KidsPlay","isPartOf":{"@id":"https:\/\/kidsplay.lt\/#website"},"primaryImageOfPage":{"@id":"https:\/\/kidsplay.lt\/produktas\/melyna-tipi-palapine\/#primaryimage"},"image":{"@id":"https:\/\/kidsplay.lt\/produktas\/melyna-tipi-palapine\/#primaryimage"},"thumbnailUrl":"https:\/\/kidsplay.lt\/wp-content\/uploads\/2025\/02\/Ekrano-kopija-2025-02-16-181246.png","datePublished":"2025-02-16T16:18:34+00:00","dateModified":"2025-10-04T16:53:55+00:00","description":"M\u0117lyna TIPI palapin\u0117","breadcrumb":{"@id":"https:\/\/kidsplay.lt\/produktas\/melyna-tipi-palapine\/#breadcrumb"},"inLanguage":"lv-LV","potentialAction":[{"@type":"ReadAction","target":["https:\/\/kidsplay.lt\/produktas\/melyna-tipi-palapine\/"]}]},{"@type":"ImageObject","inLanguage":"lv-LV","@id":"https:\/\/kidsplay.lt\/produktas\/melyna-tipi-palapine\/#primaryimage","url":"https:\/\/kidsplay.lt\/wp-content\/uploads\/2025\/02\/Ekrano-kopija-2025-02-16-181246.png","contentUrl":"https:\/\/kidsplay.lt\/wp-content\/uploads\/2025\/02\/Ekrano-kopija-2025-02-16-181246.png","width":782,"height":790},{"@type":"BreadcrumbList","@id":"https:\/\/kidsplay.lt\/produktas\/melyna-tipi-palapine\/#breadcrumb","itemListElement":[{"@type":"ListItem","position":1,"name":"Pagrindinis","item":"https:\/\/kidsplay.lt\/"},{"@type":"ListItem","position":2,"name":"Parduotuv\u0117","item":"https:\/\/kidsplay.lt\/parduotuve\/"},{"@type":"ListItem","position":3,"name":"M\u0117lyna TIPI palapin\u0117"}]},{"@type":"WebSite","@id":"https:\/\/kidsplay.lt\/#website","url":"https:\/\/kidsplay.lt\/","name":"B\u0113rnu sp\u0113les.lv","description":"\u012evairios prek\u0117s vaikams","publisher":{"@id":"https:\/\/kidsplay.lt\/#organization"},"alternateName":"Kidsplay","potentialAction":[{"@type":"SearchAction","target":{"@type":"EntryPoint","urlTemplate":"https:\/\/kidsplay.lt\/?s={search_term_string}"},"query-input":{"@type":"PropertyValueSpecification","valueRequired":true,"valueName":"search_term_string"}}],"inLanguage":"lv-LV"},{"@type":"Organization","@id":"https:\/\/kidsplay.lt\/#organization","name":"B\u0113rnu sp\u0113le","url":"https:\/\/kidsplay.lt\/","logo":{"@type":"ImageObject","inLanguage":"lv-LV","@id":"https:\/\/kidsplay.lt\/#\/schema\/logo\/image\/","url":"https:\/\/kidsplay.lt\/wp-content\/uploads\/2023\/07\/kidsplay-logo.png","contentUrl":"https:\/\/kidsplay.lt\/wp-content\/uploads\/2023\/07\/kidsplay-logo.png","width":451,"height":98,"caption":"KidsPlay"},"image":{"@id":"https:\/\/kidsplay.lt\/#\/schema\/logo\/image\/"},"sameAs":["https:\/\/www.facebook.com\/www.kidsplay.lt"]}]}},"_links":{"self":[{"href":"https:\/\/kidsplay.lt\/lv\/wp-json\/wp\/v2\/product\/60341","targetHints":{"allow":["GET"]}}],"collection":[{"href":"https:\/\/kidsplay.lt\/lv\/wp-json\/wp\/v2\/product"}],"about":[{"href":"https:\/\/kidsplay.lt\/lv\/wp-json\/wp\/v2\/types\/product"}],"version-history":[{"count":2,"href":"https:\/\/kidsplay.lt\/lv\/wp-json\/wp\/v2\/product\/60341\/revisions"}],"predecessor-version":[{"id":74193,"href":"https:\/\/kidsplay.lt\/lv\/wp-json\/wp\/v2\/product\/60341\/revisions\/74193"}],"wp:featuredmedia":[{"embeddable":true,"href":"https:\/\/kidsplay.lt\/lv\/wp-json\/wp\/v2\/media\/60342"}],"wp:attachment":[{"href":"https:\/\/kidsplay.lt\/lv\/wp-json\/wp\/v2\/media?parent=60341"}],"wp:term":[{"taxonomy":"product_brand","embeddable":true,"href":"https:\/\/kidsplay.lt\/lv\/wp-json\/wp\/v2\/product_brand?post=60341"},{"taxonomy":"product_cat","embeddable":true,"href":"https:\/\/kidsplay.lt\/lv\/wp-json\/wp\/v2\/product_cat?post=60341"},{"taxonomy":"product_tag","embeddable":true,"href":"https:\/\/kidsplay.lt\/lv\/wp-json\/wp\/v2\/product_tag?post=60341"}],"curies":[{"name":"wp","href":"https:\/\/api.w.org\/{rel}","templated":true}]}}