{"id":60678,"date":"2025-03-05T14:41:51","date_gmt":"2025-03-05T12:41:51","guid":{"rendered":"https:\/\/kidsplay.lt\/?post_type=product&#038;p=60678"},"modified":"2025-12-01T16:24:07","modified_gmt":"2025-12-01T14:24:07","slug":"vaikiska-sodo-namu-ciuozykla","status":"publish","type":"product","link":"https:\/\/kidsplay.lt\/lv\/products\/vaikiska-sodo-namu-ciuozykla\/","title":{"rendered":"B\u0113rnu d\u0101rza\/m\u0101jas slidkalni\u0146\u0161"},"content":{"rendered":"<p><b>Didel\u0117 \u010diuo\u017eykla puikiai tinka sodui ar butui<\/b><\/p>\n<p><b>Savyb\u0117s<\/b><\/p>\n<p>&#8211; Puikiai tinka sodui ar namams<\/p>\n<p>&#8211; Galima naudoti namuose su plastikiniu manie\u017eu ir kamuoliukais<\/p>\n<p>&#8211; Saug\u016bs kra\u0161tai<\/p>\n<p>-Turi storas sienas, tod\u0117l yra labai stabilus<\/p>\n<p>&#8211; Neslystan\u010dios kojos<\/p>\n<p>&#8211; Greitas surinkimas<\/p>\n<p>&#8211; Nebrai\u017eo grind\u0173<\/p>\n<p>&#8211; krep\u0161inio krep\u0161ys ir TELESKOPAS (kamuolys parduodamas atskirai)<\/p>\n<p>MATMENYS 70cm x 150cm x 85cm<\/p>\n<p>&nbsp;<\/p>","protected":false},"excerpt":{"rendered":"<p>Vaiki\u0161ka sodo \u010diuo\u017eykla nam\u0173 manie\u017eui<\/p>","protected":false},"featured_media":60679,"template":"","meta":{"_acf_changed":false,"_glsr_average":0,"_glsr_ranking":0,"_glsr_reviews":0},"product_brand":[],"product_cat":[674,254],"product_tag":[],"class_list":{"0":"post-60678","1":"product","2":"type-product","3":"status-publish","4":"has-post-thumbnail","6":"product_cat-namu-zaidimo-aiksteles","7":"product_cat-vaiko-kambarys","8":"\"style=\"background-color: #2ecc711c;\"","10":"first","11":"instock","12":"shipping-taxable","13":"purchasable","14":"product-type-simple"},"acf":[],"yoast_head":"<!-- This site is optimized with the Yoast SEO plugin v27.4 - https:\/\/yoast.com\/product\/yoast-seo-wordpress\/ -->\n<title>Vaiki\u0161ka sodo\/nam\u0173 \u010diuo\u017eykla - KidsPlay<\/title>\n<meta name=\"description\" content=\"Vaiki\u0161ka sodo \u010diuo\u017eykla nam\u0173 manie\u017eui\" \/>\n<meta name=\"robots\" content=\"index, follow, max-snippet:-1, max-image-preview:large, max-video-preview:-1\" \/>\n<link rel=\"canonical\" href=\"https:\/\/kidsplay.lt\/lv\/products\/vaikiska-sodo-namu-ciuozykla\/\" \/>\n<meta property=\"og:locale\" content=\"lv_LV\" \/>\n<meta property=\"og:type\" content=\"article\" \/>\n<meta property=\"og:title\" content=\"Vaiki\u0161ka sodo\/nam\u0173 \u010diuo\u017eykla - KidsPlay\" \/>\n<meta property=\"og:description\" content=\"Vaiki\u0161ka sodo \u010diuo\u017eykla nam\u0173 manie\u017eui\" \/>\n<meta property=\"og:url\" content=\"https:\/\/kidsplay.lt\/lv\/products\/vaikiska-sodo-namu-ciuozykla\/\" \/>\n<meta property=\"og:site_name\" content=\"KidsPlay\" \/>\n<meta property=\"article:publisher\" content=\"https:\/\/www.facebook.com\/www.kidsplay.lt\" \/>\n<meta property=\"article:modified_time\" content=\"2025-12-01T14:24:07+00:00\" \/>\n<meta property=\"og:image\" content=\"https:\/\/kidsplay.lt\/wp-content\/uploads\/2025\/03\/Screenshot_102.png\" \/>\n\t<meta property=\"og:image:width\" content=\"1036\" \/>\n\t<meta property=\"og:image:height\" content=\"767\" \/>\n\t<meta property=\"og:image:type\" content=\"image\/png\" \/>\n<meta name=\"twitter:card\" content=\"summary_large_image\" \/>\n<meta name=\"twitter:label1\" content=\"Est. reading time\" \/>\n\t<meta name=\"twitter:data1\" content=\"1 min\u016bte\" \/>\n<script type=\"application\/ld+json\" class=\"yoast-schema-graph\">{\"@context\":\"https:\\\/\\\/schema.org\",\"@graph\":[{\"@type\":\"WebPage\",\"@id\":\"https:\\\/\\\/kidsplay.lt\\\/produktas\\\/vaikiska-sodo-namu-ciuozykla\\\/\",\"url\":\"https:\\\/\\\/kidsplay.lt\\\/produktas\\\/vaikiska-sodo-namu-ciuozykla\\\/\",\"name\":\"Vaiki\u0161ka sodo\\\/nam\u0173 \u010diuo\u017eykla - KidsPlay\",\"isPartOf\":{\"@id\":\"https:\\\/\\\/kidsplay.lt\\\/#website\"},\"primaryImageOfPage\":{\"@id\":\"https:\\\/\\\/kidsplay.lt\\\/produktas\\\/vaikiska-sodo-namu-ciuozykla\\\/#primaryimage\"},\"image\":{\"@id\":\"https:\\\/\\\/kidsplay.lt\\\/produktas\\\/vaikiska-sodo-namu-ciuozykla\\\/#primaryimage\"},\"thumbnailUrl\":\"https:\\\/\\\/kidsplay.lt\\\/wp-content\\\/uploads\\\/2025\\\/03\\\/Screenshot_102.png\",\"datePublished\":\"2025-03-05T12:41:51+00:00\",\"dateModified\":\"2025-12-01T14:24:07+00:00\",\"description\":\"Vaiki\u0161ka sodo \u010diuo\u017eykla nam\u0173 manie\u017eui\",\"breadcrumb\":{\"@id\":\"https:\\\/\\\/kidsplay.lt\\\/produktas\\\/vaikiska-sodo-namu-ciuozykla\\\/#breadcrumb\"},\"inLanguage\":\"lv-LV\",\"potentialAction\":[{\"@type\":\"ReadAction\",\"target\":[\"https:\\\/\\\/kidsplay.lt\\\/produktas\\\/vaikiska-sodo-namu-ciuozykla\\\/\"]}]},{\"@type\":\"ImageObject\",\"inLanguage\":\"lv-LV\",\"@id\":\"https:\\\/\\\/kidsplay.lt\\\/produktas\\\/vaikiska-sodo-namu-ciuozykla\\\/#primaryimage\",\"url\":\"https:\\\/\\\/kidsplay.lt\\\/wp-content\\\/uploads\\\/2025\\\/03\\\/Screenshot_102.png\",\"contentUrl\":\"https:\\\/\\\/kidsplay.lt\\\/wp-content\\\/uploads\\\/2025\\\/03\\\/Screenshot_102.png\",\"width\":1036,\"height\":767},{\"@type\":\"BreadcrumbList\",\"@id\":\"https:\\\/\\\/kidsplay.lt\\\/produktas\\\/vaikiska-sodo-namu-ciuozykla\\\/#breadcrumb\",\"itemListElement\":[{\"@type\":\"ListItem\",\"position\":1,\"name\":\"Pagrindinis\",\"item\":\"https:\\\/\\\/kidsplay.lt\\\/\"},{\"@type\":\"ListItem\",\"position\":2,\"name\":\"Parduotuv\u0117\",\"item\":\"https:\\\/\\\/kidsplay.lt\\\/parduotuve\\\/\"},{\"@type\":\"ListItem\",\"position\":3,\"name\":\"Vaiki\u0161ka sodo\\\/nam\u0173 \u010diuo\u017eykla\"}]},{\"@type\":\"WebSite\",\"@id\":\"https:\\\/\\\/kidsplay.lt\\\/#website\",\"url\":\"https:\\\/\\\/kidsplay.lt\\\/\",\"name\":\"Kidsplay.lt\",\"description\":\"\u012evairios prek\u0117s vaikams\",\"publisher\":{\"@id\":\"https:\\\/\\\/kidsplay.lt\\\/#organization\"},\"alternateName\":\"Kidsplay\",\"potentialAction\":[{\"@type\":\"SearchAction\",\"target\":{\"@type\":\"EntryPoint\",\"urlTemplate\":\"https:\\\/\\\/kidsplay.lt\\\/?s={search_term_string}\"},\"query-input\":{\"@type\":\"PropertyValueSpecification\",\"valueRequired\":true,\"valueName\":\"search_term_string\"}}],\"inLanguage\":\"lv-LV\"},{\"@type\":\"Organization\",\"@id\":\"https:\\\/\\\/kidsplay.lt\\\/#organization\",\"name\":\"KidsPlay\",\"url\":\"https:\\\/\\\/kidsplay.lt\\\/\",\"logo\":{\"@type\":\"ImageObject\",\"inLanguage\":\"lv-LV\",\"@id\":\"https:\\\/\\\/kidsplay.lt\\\/#\\\/schema\\\/logo\\\/image\\\/\",\"url\":\"https:\\\/\\\/kidsplay.lt\\\/wp-content\\\/uploads\\\/2023\\\/07\\\/kidsplay-logo.png\",\"contentUrl\":\"https:\\\/\\\/kidsplay.lt\\\/wp-content\\\/uploads\\\/2023\\\/07\\\/kidsplay-logo.png\",\"width\":451,\"height\":98,\"caption\":\"KidsPlay\"},\"image\":{\"@id\":\"https:\\\/\\\/kidsplay.lt\\\/#\\\/schema\\\/logo\\\/image\\\/\"},\"sameAs\":[\"https:\\\/\\\/www.facebook.com\\\/www.kidsplay.lt\"]}]}<\/script>\n<!-- \/ Yoast SEO plugin. -->","yoast_head_json":{"title":"Vaiki\u0161ka sodo\/nam\u0173 \u010diuo\u017eykla - KidsPlay","description":"Vaiki\u0161ka sodo \u010diuo\u017eykla nam\u0173 manie\u017eui","robots":{"index":"index","follow":"follow","max-snippet":"max-snippet:-1","max-image-preview":"max-image-preview:large","max-video-preview":"max-video-preview:-1"},"canonical":"https:\/\/kidsplay.lt\/lv\/products\/vaikiska-sodo-namu-ciuozykla\/","og_locale":"lv_LV","og_type":"article","og_title":"Vaiki\u0161ka sodo\/nam\u0173 \u010diuo\u017eykla - KidsPlay","og_description":"Vaiki\u0161ka sodo \u010diuo\u017eykla nam\u0173 manie\u017eui","og_url":"https:\/\/kidsplay.lt\/lv\/products\/vaikiska-sodo-namu-ciuozykla\/","og_site_name":"KidsPlay","article_publisher":"https:\/\/www.facebook.com\/www.kidsplay.lt","article_modified_time":"2025-12-01T14:24:07+00:00","og_image":[{"width":1036,"height":767,"url":"https:\/\/kidsplay.lt\/wp-content\/uploads\/2025\/03\/Screenshot_102.png","type":"image\/png"}],"twitter_card":"summary_large_image","twitter_misc":{"Est. reading time":"1 min\u016bte"},"schema":{"@context":"https:\/\/schema.org","@graph":[{"@type":"WebPage","@id":"https:\/\/kidsplay.lt\/produktas\/vaikiska-sodo-namu-ciuozykla\/","url":"https:\/\/kidsplay.lt\/produktas\/vaikiska-sodo-namu-ciuozykla\/","name":"Vaiki\u0161ka sodo\/nam\u0173 \u010diuo\u017eykla - KidsPlay","isPartOf":{"@id":"https:\/\/kidsplay.lt\/#website"},"primaryImageOfPage":{"@id":"https:\/\/kidsplay.lt\/produktas\/vaikiska-sodo-namu-ciuozykla\/#primaryimage"},"image":{"@id":"https:\/\/kidsplay.lt\/produktas\/vaikiska-sodo-namu-ciuozykla\/#primaryimage"},"thumbnailUrl":"https:\/\/kidsplay.lt\/wp-content\/uploads\/2025\/03\/Screenshot_102.png","datePublished":"2025-03-05T12:41:51+00:00","dateModified":"2025-12-01T14:24:07+00:00","description":"Vaiki\u0161ka sodo \u010diuo\u017eykla nam\u0173 manie\u017eui","breadcrumb":{"@id":"https:\/\/kidsplay.lt\/produktas\/vaikiska-sodo-namu-ciuozykla\/#breadcrumb"},"inLanguage":"lv-LV","potentialAction":[{"@type":"ReadAction","target":["https:\/\/kidsplay.lt\/produktas\/vaikiska-sodo-namu-ciuozykla\/"]}]},{"@type":"ImageObject","inLanguage":"lv-LV","@id":"https:\/\/kidsplay.lt\/produktas\/vaikiska-sodo-namu-ciuozykla\/#primaryimage","url":"https:\/\/kidsplay.lt\/wp-content\/uploads\/2025\/03\/Screenshot_102.png","contentUrl":"https:\/\/kidsplay.lt\/wp-content\/uploads\/2025\/03\/Screenshot_102.png","width":1036,"height":767},{"@type":"BreadcrumbList","@id":"https:\/\/kidsplay.lt\/produktas\/vaikiska-sodo-namu-ciuozykla\/#breadcrumb","itemListElement":[{"@type":"ListItem","position":1,"name":"Pagrindinis","item":"https:\/\/kidsplay.lt\/"},{"@type":"ListItem","position":2,"name":"Parduotuv\u0117","item":"https:\/\/kidsplay.lt\/parduotuve\/"},{"@type":"ListItem","position":3,"name":"Vaiki\u0161ka sodo\/nam\u0173 \u010diuo\u017eykla"}]},{"@type":"WebSite","@id":"https:\/\/kidsplay.lt\/#website","url":"https:\/\/kidsplay.lt\/","name":"B\u0113rnu sp\u0113les.lv","description":"\u012evairios prek\u0117s vaikams","publisher":{"@id":"https:\/\/kidsplay.lt\/#organization"},"alternateName":"Kidsplay","potentialAction":[{"@type":"SearchAction","target":{"@type":"EntryPoint","urlTemplate":"https:\/\/kidsplay.lt\/?s={search_term_string}"},"query-input":{"@type":"PropertyValueSpecification","valueRequired":true,"valueName":"search_term_string"}}],"inLanguage":"lv-LV"},{"@type":"Organization","@id":"https:\/\/kidsplay.lt\/#organization","name":"B\u0113rnu sp\u0113le","url":"https:\/\/kidsplay.lt\/","logo":{"@type":"ImageObject","inLanguage":"lv-LV","@id":"https:\/\/kidsplay.lt\/#\/schema\/logo\/image\/","url":"https:\/\/kidsplay.lt\/wp-content\/uploads\/2023\/07\/kidsplay-logo.png","contentUrl":"https:\/\/kidsplay.lt\/wp-content\/uploads\/2023\/07\/kidsplay-logo.png","width":451,"height":98,"caption":"KidsPlay"},"image":{"@id":"https:\/\/kidsplay.lt\/#\/schema\/logo\/image\/"},"sameAs":["https:\/\/www.facebook.com\/www.kidsplay.lt"]}]}},"_links":{"self":[{"href":"https:\/\/kidsplay.lt\/lv\/wp-json\/wp\/v2\/product\/60678","targetHints":{"allow":["GET"]}}],"collection":[{"href":"https:\/\/kidsplay.lt\/lv\/wp-json\/wp\/v2\/product"}],"about":[{"href":"https:\/\/kidsplay.lt\/lv\/wp-json\/wp\/v2\/types\/product"}],"version-history":[{"count":3,"href":"https:\/\/kidsplay.lt\/lv\/wp-json\/wp\/v2\/product\/60678\/revisions"}],"predecessor-version":[{"id":81358,"href":"https:\/\/kidsplay.lt\/lv\/wp-json\/wp\/v2\/product\/60678\/revisions\/81358"}],"wp:featuredmedia":[{"embeddable":true,"href":"https:\/\/kidsplay.lt\/lv\/wp-json\/wp\/v2\/media\/60679"}],"wp:attachment":[{"href":"https:\/\/kidsplay.lt\/lv\/wp-json\/wp\/v2\/media?parent=60678"}],"wp:term":[{"taxonomy":"product_brand","embeddable":true,"href":"https:\/\/kidsplay.lt\/lv\/wp-json\/wp\/v2\/product_brand?post=60678"},{"taxonomy":"product_cat","embeddable":true,"href":"https:\/\/kidsplay.lt\/lv\/wp-json\/wp\/v2\/product_cat?post=60678"},{"taxonomy":"product_tag","embeddable":true,"href":"https:\/\/kidsplay.lt\/lv\/wp-json\/wp\/v2\/product_tag?post=60678"}],"curies":[{"name":"wp","href":"https:\/\/api.w.org\/{rel}","templated":true}]}}