{"id":60749,"date":"2025-03-06T09:21:14","date_gmt":"2025-03-06T07:21:14","guid":{"rendered":"https:\/\/kidsplay.lt\/?post_type=product&#038;p=60749"},"modified":"2026-04-19T09:58:33","modified_gmt":"2026-04-19T06:58:33","slug":"vaiku-kelioninis-lagaminas-ant-ratu-sedimas","status":"publish","type":"product","link":"https:\/\/kidsplay.lt\/lv\/products\/vaiku-kelioninis-lagaminas-ant-ratu-sedimas\/","title":{"rendered":"B\u0113rnu ce\u013cojumu koferis uz rite\u0146iem, s\u0113deklis"},"content":{"rendered":"<h1><span>Ce\u013cojumu p\u0101rn\u0113s\u0101t\u0101js b\u0113rniem uz rite\u0146iem, rokas bag\u0101\u017eai, Rider 3in1 Cabin Green\u00a0<\/span><\/h1>\n<p><b><span>Ra\u017eot\u0101js:<\/span><\/b><span>\u00a0Puli<\/span><\/p>\n<p><b><span>Simbols:<\/span><\/b><span>\u00a010920202<\/span><\/p>\n<p><b><span>EAN kods:<\/span><\/b><span>\u00a05906079621083<\/span><\/p>\n<ul>\n<li><b><span>Vecums:<\/span><\/b><span>\u00a0no 3 gadu vecuma<\/span><\/li>\n<li><b><span>Dzimums:<\/span><\/b><span>\u00a0z\u0113ni, meitenes<\/span><\/li>\n<li><b><span>CE:<\/span><\/b><span>\u00a0CE<\/span><\/li>\n<li><b><span>\u010cemod\u0101ns S\u0112D\u0112JO\u0160IEM RAKSTNIECIEM 3in1<\/span><\/b>\n<p><b><span>ZA\u013bAIS MOTOCIKLS<\/span><\/b><\/p>\n<p><b><span>\u010cemod\u0101na izm\u0113ri: 48 cm x 23 cm x 35 cm<\/span><\/b><\/p>\n<ul>\n<li><b><span>Atbilst rokas bag\u0101\u017eas izm\u0113riem!<\/span><\/b><\/li>\n<li><span>Tilpums aptuveni 20 l<\/span><\/li>\n<li><span>\u010cemod\u0101ns ir izgatavots no iztur\u012bgas, vieglas un bez smar\u017eas plastmasas<\/span><\/li>\n<li><span>Komplekt\u0101 ietilpst siksna, lai b\u0113rns var\u0113tu vilkt koferi aiz sevis vai ar\u012b j\u016bs var\u0113tu vilkt b\u0113rnu, s\u0113\u017eot uz kofera.<\/span><\/li>\n<li><span>Pla\u0161ais bag\u0101\u017eas nodal\u012bjums \u013cauj uzglab\u0101t liel\u0101ko da\u013cu iecien\u012bt\u0101ko rota\u013clietu vai svar\u012bg\u0101ko lietu ce\u013cojuma laik\u0101.<\/span><\/li>\n<li><span>Pateicoties rokturiem-rokturiem, j\u016bs var\u0113siet \u013coti viegli r\u012bkoties ar \u010demod\u0101nu<\/span><\/li>\n<li><span>Piln\u012bgi dro\u0161a rota\u013clieta b\u0113rniem no 3 gadu vecuma<\/span><\/li>\n<li><span>Aizsarg\u0101jo\u0161a aizdare \u010demod\u0101na iek\u0161pus\u0113 iesai\u0146otiem priek\u0161metiem<\/span><\/li>\n<li><span>\u010cemod\u0101na atv\u0113r\u0161ana ar 2 \u0101\u0137iem un sl\u0113dzen\u0113m<\/span><\/li>\n<li><span>Skaistas kr\u0101sas<\/span><\/li>\n<li><b><span>Lieliska izklaide visiem b\u0113rniem!<\/span><\/b>\n<p><span>Lielisks pirmais koferis j\u016bsu b\u0113rnam, kas \u012bpa\u0161i paredz\u0113ts \u0123imenes ce\u013cojumiem.\u00a0<\/span><b><span>\u010cemod\u0101ns atbilst rokas bag\u0101\u017eas standartiem gaisa ce\u013cojumiem<\/span><\/b><span>\u00a0. \u0122imenes br\u012bvdienas var b\u016bt v\u0113l jautr\u0101kas!\u00a0<\/span><b><span>Atvadieties no nogurdino\u0161iem braucieniem, asar\u0101m un dusmu l\u0113km\u0113m, jo tagad ir pieejams motocikla koferis!<\/span><\/b><span>\u00a0\u0160is ir koferis, uz kura\u00a0<\/span><b><span>Vai j\u016bsu b\u0113rns var braukt?<\/span><\/b><span>\u00a0. \u010cemod\u0101ns ir viegls, iztur\u012bgs un ietilp\u012bgs.<\/span><\/p>\n<p><span>\u010cemod\u0101ns ir \u013coti ietilp\u012bgs, t\u0101p\u0113c j\u016bsu b\u0113rns var \u0146emt l\u012bdzi rota\u013clietas, sp\u0113les, gr\u0101matas un papildu dr\u0113bes.\u00a0<\/span><b><span>Tam ir elast\u012bgas lentes \u0113rtai iesai\u0146o\u0161anai un lietu sak\u0101rtotai uztur\u0113\u0161anai \u010demod\u0101n\u0101.<\/span><\/b><span>\u00a0. Ir plecu siksna vai vilk\u0161anas meh\u0101nisms. Rokas tiek izmantotas tur\u0113\u0161anai. \u010cemod\u0101ns ir unik\u0101ls ce\u013cabiedrs j\u016bsu b\u0113rnam.<\/span><\/li>\n<li><span>\u010cemod\u0101ns ir\u00a0<\/span><b><span>piln\u012bb\u0101 funkcion\u0101ls un ietilp\u012bgs<\/span><\/b><span>\u00a0. Skaistas kr\u0101sas un ori\u0123in\u0101l\u0101 forma noteikti piesaist\u012bs b\u0113rnu uzman\u012bbu. Izgatavots no iztur\u012bgas un augstas kvalit\u0101tes plastmasas.\u00a0<\/span><b><span>Dro\u0161\u012bbas aizb\u012bd\u0146i ar sl\u0113dzeni<\/span><\/b><span>\u00a0\u013cauj aizv\u0113rt \u010demod\u0101nu un uzglab\u0101t rota\u013clietas vai citus d\u0101rgumus iek\u0161pus\u0113. Pateicoties lielajiem un iztur\u012bgajiem rite\u0146iem, b\u0113rns var viegli p\u0101rvietoties pa \u010demod\u0101nu.<\/span>\n<p><b><span>Att\u0113la att\u0113ls.\u00a0<\/span><\/b><b><span>Pied\u0101v\u0101jums sp\u0113k\u0101 za\u013cajam koferim<\/span><\/b><\/li>\n<li><b><span>\u010cemod\u0101nam ir tr\u012bs funkcijas vien\u0101 \u2014 j\u016bsu b\u0113rns var:<\/span><\/b>\n<ul>\n<li><b><span>1.<\/span><\/b><span>\u00a0Pa\u0161apr\u016bpes pakete, kas m\u0101ca atbild\u012bbu par person\u012bgaj\u0101m mant\u0101m.<\/span><\/li>\n<li><b><span>2.<\/span><\/b><span>\u00a0Pie\u0161\u0137iriet savam ce\u013cojumam pikantumu un atp\u016btieties, kad s\u0101p k\u0101jas, s\u0113\u017eot uz \u010demod\u0101na un braucot ar to.<\/span><\/li>\n<li><b><span>3.<\/span><\/b><span>\u00a0Tu s\u0113di uz kofera, un tavi vec\u0101ki velk tevi vai velk koferi tev aiz muguras.<\/span><\/li>\n<li><b><span>Maksim\u0101li pie\u013caujam\u0101 slodze:<\/span><\/b><span>\u00a035 kg<\/span>\n<p><b><span>\u010cemod\u0101na svars:<\/span><\/b><span>\u00a0aptuveni 2,4 kg<\/span><\/p>\n<p><b><span>Bag\u0101\u017eas nodal\u012bjuma ietilp\u012bba<\/span><\/b><span>\u00a0apm\u0113ram 20 litri;<\/span><\/p>\n<p><b><span>Izm\u0113ri (saloc\u012bt\u0101 kofer\u012b):<\/span><\/b><span>\u00a0Platums: 46 cm, augstums: 35 cm, dzi\u013cums: 23 cm<\/span><\/p>\n<p><b><span>Jauna prece, ori\u0123in\u0101laj\u0101 iepakojum\u0101.\u00a0<\/span><\/b><b><span>Lieliski piem\u0113rots d\u0101vanai!<\/span><\/b><\/li>\n<li><\/li>\n<\/ul>\n<\/li>\n<\/ul>\n<\/li>\n<\/ul>","protected":false},"excerpt":{"rendered":"<p>B\u0113rnu ce\u013cojumu koferis uz rite\u0146iem, s\u0113deklis<\/p>","protected":false},"featured_media":60750,"template":"","meta":{"_acf_changed":false,"_glsr_average":0,"_glsr_ranking":0,"_glsr_reviews":0},"product_brand":[],"product_cat":[335],"product_tag":[],"class_list":{"0":"post-60749","1":"product","2":"type-product","3":"status-publish","4":"has-post-thumbnail","6":"product_cat-kelionems","7":"\"style=\"background-color: #2ecc711c;\"","9":"first","10":"instock","11":"shipping-taxable","12":"purchasable","13":"product-type-simple"},"acf":[],"yoast_head":"<!-- This site is optimized with the Yoast SEO plugin v27.4 - https:\/\/yoast.com\/product\/yoast-seo-wordpress\/ -->\n<title>Vaik\u0173 kelioninis lagaminas ant rat\u0173, s\u0117dimas - KidsPlay<\/title>\n<meta name=\"description\" content=\"Vaik\u0173 kelioninis lagaminas ant rat\u0173, s\u0117dimas\" \/>\n<meta name=\"robots\" content=\"index, follow, max-snippet:-1, max-image-preview:large, max-video-preview:-1\" \/>\n<link rel=\"canonical\" href=\"https:\/\/kidsplay.lt\/lv\/products\/vaiku-kelioninis-lagaminas-ant-ratu-sedimas\/\" \/>\n<meta property=\"og:locale\" content=\"lv_LV\" \/>\n<meta property=\"og:type\" content=\"article\" \/>\n<meta property=\"og:title\" content=\"Vaik\u0173 kelioninis lagaminas ant rat\u0173, s\u0117dimas - KidsPlay\" \/>\n<meta property=\"og:description\" content=\"Vaik\u0173 kelioninis lagaminas ant rat\u0173, s\u0117dimas\" \/>\n<meta property=\"og:url\" content=\"https:\/\/kidsplay.lt\/lv\/products\/vaiku-kelioninis-lagaminas-ant-ratu-sedimas\/\" \/>\n<meta property=\"og:site_name\" content=\"KidsPlay\" \/>\n<meta property=\"article:publisher\" content=\"https:\/\/www.facebook.com\/www.kidsplay.lt\" \/>\n<meta property=\"article:modified_time\" content=\"2026-04-19T06:58:33+00:00\" \/>\n<meta property=\"og:image\" content=\"https:\/\/kidsplay.lt\/wp-content\/uploads\/2025\/03\/Screenshot_114.png\" \/>\n\t<meta property=\"og:image:width\" content=\"947\" \/>\n\t<meta property=\"og:image:height\" content=\"860\" \/>\n\t<meta property=\"og:image:type\" content=\"image\/png\" \/>\n<meta name=\"twitter:card\" content=\"summary_large_image\" \/>\n<meta name=\"twitter:label1\" content=\"Est. reading time\" \/>\n\t<meta name=\"twitter:data1\" content=\"3 min\u016btes\" \/>\n<script type=\"application\/ld+json\" class=\"yoast-schema-graph\">{\"@context\":\"https:\\\/\\\/schema.org\",\"@graph\":[{\"@type\":\"WebPage\",\"@id\":\"https:\\\/\\\/kidsplay.lt\\\/produktas\\\/vaiku-kelioninis-lagaminas-ant-ratu-sedimas\\\/\",\"url\":\"https:\\\/\\\/kidsplay.lt\\\/produktas\\\/vaiku-kelioninis-lagaminas-ant-ratu-sedimas\\\/\",\"name\":\"Vaik\u0173 kelioninis lagaminas ant rat\u0173, s\u0117dimas - KidsPlay\",\"isPartOf\":{\"@id\":\"https:\\\/\\\/kidsplay.lt\\\/#website\"},\"primaryImageOfPage\":{\"@id\":\"https:\\\/\\\/kidsplay.lt\\\/produktas\\\/vaiku-kelioninis-lagaminas-ant-ratu-sedimas\\\/#primaryimage\"},\"image\":{\"@id\":\"https:\\\/\\\/kidsplay.lt\\\/produktas\\\/vaiku-kelioninis-lagaminas-ant-ratu-sedimas\\\/#primaryimage\"},\"thumbnailUrl\":\"https:\\\/\\\/kidsplay.lt\\\/wp-content\\\/uploads\\\/2025\\\/03\\\/Screenshot_114.png\",\"datePublished\":\"2025-03-06T07:21:14+00:00\",\"dateModified\":\"2026-04-19T06:58:33+00:00\",\"description\":\"Vaik\u0173 kelioninis lagaminas ant rat\u0173, s\u0117dimas\",\"breadcrumb\":{\"@id\":\"https:\\\/\\\/kidsplay.lt\\\/produktas\\\/vaiku-kelioninis-lagaminas-ant-ratu-sedimas\\\/#breadcrumb\"},\"inLanguage\":\"lv-LV\",\"potentialAction\":[{\"@type\":\"ReadAction\",\"target\":[\"https:\\\/\\\/kidsplay.lt\\\/produktas\\\/vaiku-kelioninis-lagaminas-ant-ratu-sedimas\\\/\"]}]},{\"@type\":\"ImageObject\",\"inLanguage\":\"lv-LV\",\"@id\":\"https:\\\/\\\/kidsplay.lt\\\/produktas\\\/vaiku-kelioninis-lagaminas-ant-ratu-sedimas\\\/#primaryimage\",\"url\":\"https:\\\/\\\/kidsplay.lt\\\/wp-content\\\/uploads\\\/2025\\\/03\\\/Screenshot_114.png\",\"contentUrl\":\"https:\\\/\\\/kidsplay.lt\\\/wp-content\\\/uploads\\\/2025\\\/03\\\/Screenshot_114.png\",\"width\":947,\"height\":860},{\"@type\":\"BreadcrumbList\",\"@id\":\"https:\\\/\\\/kidsplay.lt\\\/produktas\\\/vaiku-kelioninis-lagaminas-ant-ratu-sedimas\\\/#breadcrumb\",\"itemListElement\":[{\"@type\":\"ListItem\",\"position\":1,\"name\":\"Pagrindinis\",\"item\":\"https:\\\/\\\/kidsplay.lt\\\/\"},{\"@type\":\"ListItem\",\"position\":2,\"name\":\"Parduotuv\u0117\",\"item\":\"https:\\\/\\\/kidsplay.lt\\\/parduotuve\\\/\"},{\"@type\":\"ListItem\",\"position\":3,\"name\":\"Vaik\u0173 kelioninis lagaminas ant rat\u0173, s\u0117dimas\"}]},{\"@type\":\"WebSite\",\"@id\":\"https:\\\/\\\/kidsplay.lt\\\/#website\",\"url\":\"https:\\\/\\\/kidsplay.lt\\\/\",\"name\":\"Kidsplay.lt\",\"description\":\"\u012evairios prek\u0117s vaikams\",\"publisher\":{\"@id\":\"https:\\\/\\\/kidsplay.lt\\\/#organization\"},\"alternateName\":\"Kidsplay\",\"potentialAction\":[{\"@type\":\"SearchAction\",\"target\":{\"@type\":\"EntryPoint\",\"urlTemplate\":\"https:\\\/\\\/kidsplay.lt\\\/?s={search_term_string}\"},\"query-input\":{\"@type\":\"PropertyValueSpecification\",\"valueRequired\":true,\"valueName\":\"search_term_string\"}}],\"inLanguage\":\"lv-LV\"},{\"@type\":\"Organization\",\"@id\":\"https:\\\/\\\/kidsplay.lt\\\/#organization\",\"name\":\"KidsPlay\",\"url\":\"https:\\\/\\\/kidsplay.lt\\\/\",\"logo\":{\"@type\":\"ImageObject\",\"inLanguage\":\"lv-LV\",\"@id\":\"https:\\\/\\\/kidsplay.lt\\\/#\\\/schema\\\/logo\\\/image\\\/\",\"url\":\"https:\\\/\\\/kidsplay.lt\\\/wp-content\\\/uploads\\\/2023\\\/07\\\/kidsplay-logo.png\",\"contentUrl\":\"https:\\\/\\\/kidsplay.lt\\\/wp-content\\\/uploads\\\/2023\\\/07\\\/kidsplay-logo.png\",\"width\":451,\"height\":98,\"caption\":\"KidsPlay\"},\"image\":{\"@id\":\"https:\\\/\\\/kidsplay.lt\\\/#\\\/schema\\\/logo\\\/image\\\/\"},\"sameAs\":[\"https:\\\/\\\/www.facebook.com\\\/www.kidsplay.lt\"]}]}<\/script>\n<!-- \/ Yoast SEO plugin. -->","yoast_head_json":{"title":"Vaik\u0173 kelioninis lagaminas ant rat\u0173, s\u0117dimas - KidsPlay","description":"B\u0113rnu ce\u013cojumu koferis uz rite\u0146iem, s\u0113deklis","robots":{"index":"index","follow":"follow","max-snippet":"max-snippet:-1","max-image-preview":"max-image-preview:large","max-video-preview":"max-video-preview:-1"},"canonical":"https:\/\/kidsplay.lt\/lv\/products\/vaiku-kelioninis-lagaminas-ant-ratu-sedimas\/","og_locale":"lv_LV","og_type":"article","og_title":"Vaik\u0173 kelioninis lagaminas ant rat\u0173, s\u0117dimas - KidsPlay","og_description":"Vaik\u0173 kelioninis lagaminas ant rat\u0173, s\u0117dimas","og_url":"https:\/\/kidsplay.lt\/lv\/products\/vaiku-kelioninis-lagaminas-ant-ratu-sedimas\/","og_site_name":"KidsPlay","article_publisher":"https:\/\/www.facebook.com\/www.kidsplay.lt","article_modified_time":"2026-04-19T06:58:33+00:00","og_image":[{"width":947,"height":860,"url":"https:\/\/kidsplay.lt\/wp-content\/uploads\/2025\/03\/Screenshot_114.png","type":"image\/png"}],"twitter_card":"summary_large_image","twitter_misc":{"Est. reading time":"3 min\u016btes"},"schema":{"@context":"https:\/\/schema.org","@graph":[{"@type":"WebPage","@id":"https:\/\/kidsplay.lt\/produktas\/vaiku-kelioninis-lagaminas-ant-ratu-sedimas\/","url":"https:\/\/kidsplay.lt\/produktas\/vaiku-kelioninis-lagaminas-ant-ratu-sedimas\/","name":"Vaik\u0173 kelioninis lagaminas ant rat\u0173, s\u0117dimas - KidsPlay","isPartOf":{"@id":"https:\/\/kidsplay.lt\/#website"},"primaryImageOfPage":{"@id":"https:\/\/kidsplay.lt\/produktas\/vaiku-kelioninis-lagaminas-ant-ratu-sedimas\/#primaryimage"},"image":{"@id":"https:\/\/kidsplay.lt\/produktas\/vaiku-kelioninis-lagaminas-ant-ratu-sedimas\/#primaryimage"},"thumbnailUrl":"https:\/\/kidsplay.lt\/wp-content\/uploads\/2025\/03\/Screenshot_114.png","datePublished":"2025-03-06T07:21:14+00:00","dateModified":"2026-04-19T06:58:33+00:00","description":"B\u0113rnu ce\u013cojumu koferis uz rite\u0146iem, s\u0113deklis","breadcrumb":{"@id":"https:\/\/kidsplay.lt\/produktas\/vaiku-kelioninis-lagaminas-ant-ratu-sedimas\/#breadcrumb"},"inLanguage":"lv-LV","potentialAction":[{"@type":"ReadAction","target":["https:\/\/kidsplay.lt\/produktas\/vaiku-kelioninis-lagaminas-ant-ratu-sedimas\/"]}]},{"@type":"ImageObject","inLanguage":"lv-LV","@id":"https:\/\/kidsplay.lt\/produktas\/vaiku-kelioninis-lagaminas-ant-ratu-sedimas\/#primaryimage","url":"https:\/\/kidsplay.lt\/wp-content\/uploads\/2025\/03\/Screenshot_114.png","contentUrl":"https:\/\/kidsplay.lt\/wp-content\/uploads\/2025\/03\/Screenshot_114.png","width":947,"height":860},{"@type":"BreadcrumbList","@id":"https:\/\/kidsplay.lt\/produktas\/vaiku-kelioninis-lagaminas-ant-ratu-sedimas\/#breadcrumb","itemListElement":[{"@type":"ListItem","position":1,"name":"Pagrindinis","item":"https:\/\/kidsplay.lt\/"},{"@type":"ListItem","position":2,"name":"Parduotuv\u0117","item":"https:\/\/kidsplay.lt\/parduotuve\/"},{"@type":"ListItem","position":3,"name":"Vaik\u0173 kelioninis lagaminas ant rat\u0173, s\u0117dimas"}]},{"@type":"WebSite","@id":"https:\/\/kidsplay.lt\/#website","url":"https:\/\/kidsplay.lt\/","name":"B\u0113rnu sp\u0113les.lv","description":"\u012evairios prek\u0117s vaikams","publisher":{"@id":"https:\/\/kidsplay.lt\/#organization"},"alternateName":"Kidsplay","potentialAction":[{"@type":"SearchAction","target":{"@type":"EntryPoint","urlTemplate":"https:\/\/kidsplay.lt\/?s={search_term_string}"},"query-input":{"@type":"PropertyValueSpecification","valueRequired":true,"valueName":"search_term_string"}}],"inLanguage":"lv-LV"},{"@type":"Organization","@id":"https:\/\/kidsplay.lt\/#organization","name":"B\u0113rnu sp\u0113le","url":"https:\/\/kidsplay.lt\/","logo":{"@type":"ImageObject","inLanguage":"lv-LV","@id":"https:\/\/kidsplay.lt\/#\/schema\/logo\/image\/","url":"https:\/\/kidsplay.lt\/wp-content\/uploads\/2023\/07\/kidsplay-logo.png","contentUrl":"https:\/\/kidsplay.lt\/wp-content\/uploads\/2023\/07\/kidsplay-logo.png","width":451,"height":98,"caption":"KidsPlay"},"image":{"@id":"https:\/\/kidsplay.lt\/#\/schema\/logo\/image\/"},"sameAs":["https:\/\/www.facebook.com\/www.kidsplay.lt"]}]}},"_links":{"self":[{"href":"https:\/\/kidsplay.lt\/lv\/wp-json\/wp\/v2\/product\/60749","targetHints":{"allow":["GET"]}}],"collection":[{"href":"https:\/\/kidsplay.lt\/lv\/wp-json\/wp\/v2\/product"}],"about":[{"href":"https:\/\/kidsplay.lt\/lv\/wp-json\/wp\/v2\/types\/product"}],"version-history":[{"count":3,"href":"https:\/\/kidsplay.lt\/lv\/wp-json\/wp\/v2\/product\/60749\/revisions"}],"predecessor-version":[{"id":74376,"href":"https:\/\/kidsplay.lt\/lv\/wp-json\/wp\/v2\/product\/60749\/revisions\/74376"}],"wp:featuredmedia":[{"embeddable":true,"href":"https:\/\/kidsplay.lt\/lv\/wp-json\/wp\/v2\/media\/60750"}],"wp:attachment":[{"href":"https:\/\/kidsplay.lt\/lv\/wp-json\/wp\/v2\/media?parent=60749"}],"wp:term":[{"taxonomy":"product_brand","embeddable":true,"href":"https:\/\/kidsplay.lt\/lv\/wp-json\/wp\/v2\/product_brand?post=60749"},{"taxonomy":"product_cat","embeddable":true,"href":"https:\/\/kidsplay.lt\/lv\/wp-json\/wp\/v2\/product_cat?post=60749"},{"taxonomy":"product_tag","embeddable":true,"href":"https:\/\/kidsplay.lt\/lv\/wp-json\/wp\/v2\/product_tag?post=60749"}],"curies":[{"name":"wp","href":"https:\/\/api.w.org\/{rel}","templated":true}]}}