{"id":60839,"date":"2025-03-07T09:19:12","date_gmt":"2025-03-07T07:19:12","guid":{"rendered":"https:\/\/kidsplay.lt\/?post_type=product&#038;p=60839"},"modified":"2026-01-27T08:53:18","modified_gmt":"2026-01-27T06:53:18","slug":"4in1-maitinimo-kedute-2","status":"publish","type":"product","link":"https:\/\/kidsplay.lt\/lv\/product\/4in1-maitinimo-kedute-2\/","title":{"rendered":"4in1 maitinimo k\u0117dut\u0117"},"content":{"rendered":"<p><b><span>Maitinimo k\u0117dut\u0117 4in1 HARMONY CINNAMONEK.<\/span><\/b><span>\u00a0B\u016bti t\u0117vais \u2013 kasdienis i\u0161\u0161\u016bkis, tod\u0117l suk\u016br\u0117me auk\u0161t\u0105 k\u0117dut\u0119 HARMONY CINNAMON, kuri palengvins J\u016bs\u0173 vaiko prie\u017ei\u016br\u0105. \u0160i naujovi\u0161ka, daugiafunkc\u0117 4in1 auk\u0161ta k\u0117dut\u0117 auga kartu su vaiku ir prisitaiko prie besikei\u010dian\u010di\u0173 jo poreiki\u0173. Naudojant keturis naudojimo b\u016bdus \u2013 nuo \u200b\u200bauk\u0161tos k\u0117d\u0117s su pad\u0117klu iki \u017eemos, laisvai stovin\u010dios k\u0117d\u0117s \u2013 kasdien\u0117 veikla tampa paprastesn\u0117 ir atima ma\u017eiau laiko. HARMONY CINNAMONEK bus j\u016bs\u0173 patikima atrama kiekviename j\u016bs\u0173 vaiko vystymosi etape.<\/span><\/p>\n<p><b><span>Specifikacija:<\/span><\/b><\/p>\n<ul>\n<li><b>4 naudojimo b\u016bdai: Auk\u0161ta k\u0117dut\u0117 su pad\u0117klu, auk\u0161ta k\u0117dut\u0117 prie stalo, \u017eema k\u0117dut\u0117 su pad\u0117klu ir \u017eema laisvai stovinti k\u0117d\u0117.<\/b><\/li>\n<li><b>4 konfig\u016bracij\u0173 k\u0117d\u0117 gali b\u016bti naudojama su ratukais arba be j\u0173.<\/b><\/li>\n<li><b>3 lygi\u0173 d\u0117klo reguliavimas: galima pritaikyti pagal vaiko ir t\u0117v\u0173 poreikius.<\/b><\/li>\n<li><b>5 ta\u0161k\u0173 saugos dir\u017eai: garantuoja visi\u0161k\u0105 stabilum\u0105 ir apsaug\u0105.<\/b><\/li>\n<li><b>Apsauga nuo \u017eingsni\u0173: Neleid\u017eia k\u016bdikiui paslysti.<\/b><\/li>\n<li><b>Ratai su u\u017eraktu \u2013 palengvina jud\u0117jim\u0105 ir u\u017etikrina saugum\u0105.<\/b><\/li>\n<li><b>Auk\u0161tos kokyb\u0117s med\u017eiagos: U\u017etikrinkite vaik\u0173 saugum\u0105, be BPA.<\/b><\/li>\n<li><b>Gaminys atitinka ES direktyv\u0173 reikalavimus.<\/b><\/li>\n<li><b>Auk\u0161ta k\u0117dut\u0117 su pad\u0117klu:<\/b>\u00a0ilgos kojos ir pad\u0117klas puikiai tinka maitinti prie stalo ar kitur.<\/li>\n<li><b>Auk\u0161ta k\u0117dut\u0117 pailginta iki stalo:<\/b>\u00a0Pad\u0117kl\u0105 galima lengvai i\u0161ardyti, tod\u0117l k\u0117dut\u0119 galite prid\u0117ti tiesiai prie stalo, kad vaikas gal\u0117t\u0173 valgyti kartu su t\u0117vais.<\/li>\n<li><b>\u017dema k\u0117d\u0117 su pad\u0117klu:<\/b>\u00a0trump\u0173 koj\u0173 dizainas ir pad\u0117klas su tvirtinimo kojoms galimybe padaro k\u0117d\u0119 patogi\u0105 ir funkcionali\u0105 vyresniems vaikams.<\/li>\n<li><b>\u017dema laisvai pastatoma auk\u0161ta k\u0117dut\u0117:<\/b>\u00a0Be pad\u0117klo ir dir\u017e\u0173, skirta savaranki\u0161kiems vyresniems vaikams.<\/li>\n<li>\n<div class=\"mpof_ki myre_zn myre_8v_l m389_6m_l\">\n<div class=\"mp4t_16_s mryx_16_s mr3m_1 mli2_1 mh85_56 mh85_0_l\">\n<div class=\"mgn2_16 _0d3bd_am0a-\">\n<h1>SAUGUMAS<\/h1>\n<\/div>\n<\/div>\n<\/div>\n<div class=\"mpof_ki myre_zn myre_8v_l m389_6m_l\">\n<div class=\"mp4t_16_s mryx_16_s mr3m_1 mli2_1 mh85_56 mh85_0_l\">\n<div class=\"mgn2_16 _0d3bd_am0a-\">\n<p><b>\u2b50<\/b>\u00a0HARMONY CINNAMON atitinka grie\u017etus saugos standartus\u00a0<b>EN 14988:2017+A1:2020.<\/b><\/p>\n<p>\u2b50CINNAMONEK k\u0117dut\u0117 turi\u00a0<b>5 ta\u0161k\u0173 dir\u017eus ir laipteli\u0173 apsaug\u0105<\/b>\u00a0, kuri u\u017etikrina visi\u0161k\u0105 vaiko apsaug\u0105 nuo nuslydimo nuo k\u0117dut\u0117s.<\/p>\n<p>\u2b50Plat\u016bs tarpai tarp koj\u0173 ir\u00a0<b>neslystantys chronometrai<\/b>\u00a0garantuoja visi\u0161k\u0105 stabilum\u0105 net ir intensyvi\u0173 judesi\u0173 metu.<\/p>\n<div class=\"mpof_ki myre_zn myre_8v_l m389_6m_l\">\n<div class=\"mp4t_16_s mryx_16_s mr3m_1 mli2_1 mh85_56 mh85_0_l\">\n<div class=\"mgn2_16 _0d3bd_am0a-\">\n<h1>MOBILUMAS \u012eVAIRIAUSUMAS IR NAUDOJIMO KOMFORTAS<\/h1>\n<\/div>\n<\/div>\n<\/div>\n<div class=\"mpof_ki myre_zn myre_8v_l m389_6m_l\">\n<div class=\"mp4t_16_s mryx_16_s mr3m_1 mli2_1 mh85_56 mh85_0_l\">\n<div class=\"mgn2_16 _0d3bd_am0a-\">\n<p>\u2b50CINNAMONEK k\u0117d\u0117je yra nuimami ratukai su u\u017eraktu, tod\u0117l patogu jud\u0117ti namuose.<\/p>\n<p>\u2b50Ratai u\u017etikrina laisv\u0105 jud\u0117jim\u0105 ant \u012fvairi\u0173 pavir\u0161i\u0173, toki\u0173 kaip virtuv\u0117, svetain\u0117, terasa ar sodas, tod\u0117l auk\u0161ta k\u0117dut\u0117 gali b\u016bti naudojama tiek viduje, tiek lauke.<\/p>\n<p>\u2b50Rat\u0173 u\u017erakto funkcija u\u017etikrina, kad k\u0117d\u0117 i\u0161liks stabili norimoje vietoje, o tai dar labiau padidina saugumo lyg\u012f.<\/p>\n<p>\u2b50CINNAMONEK k\u0117d\u0117s s\u0117dyn\u0117s apvalkalas sukurtas taip, kad j\u016bs\u0173 vaikui suteikt\u0173 maksimal\u0173 komfort\u0105 ir stabilum\u0105.<\/p>\n<p>\u2b50Saugos dir\u017eai pagaminti i\u0161 mink\u0161t\u0173, tankiai aust\u0173 juost\u0173, kurios \u0161velniai veikia jautri\u0105 k\u016bdikio od\u0105.<\/p>\n<p>\u2b50Apmu\u0161alai i\u0161 patvarios eko odos, papildomai pamink\u0161tinti porolonu, padidina naudojimo komfort\u0105<\/p>\n<div class=\"mpof_ki myre_zn myre_8v_l m389_6m_l\">\n<div class=\"mp4t_16_s mryx_16_s mr3m_1 mli2_1 mh85_56 mh85_0_l\">\n<div class=\"mgn2_16 _0d3bd_am0a-\">\n<h1>FUNKCIONALUMAS<\/h1>\n<\/div>\n<\/div>\n<\/div>\n<div class=\"mpof_ki myre_zn myre_8v_l m389_6m_l\">\n<div class=\"mp4t_16_s mryx_16_s mr3m_1 mli2_1 mh85_56 mh85_0_l\">\n<div class=\"mgn2_16 _0d3bd_am0a-\">\n<p>HARMONY CINNAMONEK k\u0117d\u0117 yra intuityvus ir daugiafunkcinis sprendimas. Auk\u0161ta k\u0117dut\u0117 leid\u017eia patogiai maitinti k\u016bdik\u012f stalo auk\u0161tyje, o d\u0117l nuimamo pad\u0117klo jas galima pastatyti tiesiai ant stalo, kad vaikas gal\u0117t\u0173 valgyti kartu su \u0161eima. \u017demos versijos puikiai veiks, kai vaikas prad\u0117s vaik\u0161\u010dioti savaranki\u0161kai.<\/p>\n<div class=\"mpof_ki myre_zn myre_8v_l m389_6m_l\">\n<div class=\"mp4t_16_s mryx_16_s mr3m_1 mli2_1 mh85_56 mh85_0_l\">\n<div class=\"mgn2_16 _0d3bd_am0a-\">\n<h1>DVIGUBAS D\u0116KLAS<\/h1>\n<\/div>\n<\/div>\n<\/div>\n<div class=\"mpof_ki myre_zn myre_8v_l m389_6m_l\">\n<div class=\"mp4t_16_s mryx_16_s mr3m_1 mli2_1 mh85_56 mh85_0_l\">\n<div class=\"mgn2_16 _0d3bd_am0a-\">\n<p><b>D\u0117l naujovi\u0161ko dvigubo pad\u0117klo sprendimo CINNAMONEK auk\u0161ta k\u0117dut\u0117 i\u0161siskiria i\u0161skirtiniu prakti\u0161kumu.<\/b><\/p>\n<p>\u2b50K\u0117d\u0117 turi i\u0161traukiam\u0105 3 pakop\u0173 pad\u0117kl\u0105.<\/p>\n<p>\u2b50I\u0161orinis pad\u0117klas gali b\u016bti greitai nuimamas, tod\u0117l j\u012f lengva i\u0161valyti po valgio.<\/p>\n<p>\u2b50Pagrindinis pad\u0117klas u\u017etikrina vaiko apsaug\u0105.<\/p>\n<p>\u2b50Pad\u0117klus galima visi\u0161kai i\u0161ardyti, tod\u0117l k\u0117dut\u0119 galima perkelti ant stalo, kad vaikas gal\u0117t\u0173 dalyvauti bendruose maitinimuose su \u0161eima.<\/p>\n<p>\u2b50Pad\u0117klus lengva valyti, juos galima plauti indaplov\u0117je, kad b\u016bt\u0173 patogu naudoti.<\/p>\n<div class=\"mpof_ki myre_zn myre_8v_l m389_6m_l\">\n<div class=\"mp4t_16_s mryx_16_s mr3m_1 mli2_1 mh85_56 mh85_0_l\">\n<div class=\"mgn2_16 _0d3bd_am0a-\">\n<p>\u2b50HARMONY CINNAMON CHAIR sukurta taip, kad j\u0105 b\u016bt\u0173 lengva pri\u017ei\u016br\u0117ti.<\/p>\n<p>\u2b50Estetikai ir higienai palaikyti rekomenduojama reguliariai valyti plastikinius elementus dr\u0117gna \u0161luoste.<\/p>\n<p>\u2b50Reik\u0117t\u0173 vengti chemini\u0173 ir korozini\u0173 med\u017eiag\u0173, kurios gali pa\u017eeisti med\u017eiag\u0105.<\/p>\n<\/div>\n<\/div>\n<\/div>\n<div class=\"mpof_ki myre_zn myre_8v_l m389_6m_l\">\n<div class=\"mp4t_16_s mryx_16_s mr3m_1 mli2_1 mh85_56 mh85_0_l\">\n<div class=\"mgn2_16 _0d3bd_am0a-\">\n<h1>PATOGUS LANKSTINIMAS<\/h1>\n<p><span>\u2b50K\u0117d\u0117 turi prakti\u0161k\u0105 sulankstymo sistem\u0105, leid\u017eian\u010di\u0105 lengvai laikyti nenaudojam\u0105.<\/span><\/p>\n<p><span>\u2b50Paspaudus s\u0117dyn\u0117s \u0161onuose esan\u010dius mygtukus, galima greitai sulenkti k\u0117d\u0117s kojeles.<\/span><\/p>\n<p><span>\u2b50Sulankstoma sistema veikia tiek auk\u0161toje, tiek \u017eemoje konfig\u016bracijoje.<\/span><\/p>\n<\/div>\n<\/div>\n<\/div>\n<\/div>\n<\/div>\n<\/div>\n<\/div>\n<\/div>\n<\/div>\n<\/div>\n<\/div>\n<\/div>\n<\/div>\n<\/div>\n<\/div>\n<\/li>\n<\/ul>","protected":false},"excerpt":{"rendered":"<p>4in1 maitinimo k\u0117dut\u0117<\/p>","protected":false},"featured_media":60831,"template":"","meta":{"_acf_changed":false,"_glsr_average":0,"_glsr_ranking":0,"_glsr_reviews":0},"product_brand":[],"product_cat":[259],"product_tag":[],"class_list":{"0":"post-60839","1":"product","2":"type-product","3":"status-publish","4":"has-post-thumbnail","6":"product_cat-maitinimo-kedutes","7":"\"style=\"background-color: #2ecc711c;\"","9":"first","10":"instock","11":"shipping-taxable","12":"purchasable","13":"product-type-simple"},"acf":[],"yoast_head":"<!-- This site is optimized with the Yoast SEO plugin v27.3 - https:\/\/yoast.com\/product\/yoast-seo-wordpress\/ -->\n<title>4in1 maitinimo k\u0117dut\u0117 - KidsPlay<\/title>\n<meta name=\"description\" content=\"4in1 maitinimo k\u0117dut\u0117\" \/>\n<meta name=\"robots\" content=\"index, follow, max-snippet:-1, max-image-preview:large, max-video-preview:-1\" \/>\n<link rel=\"canonical\" href=\"https:\/\/kidsplay.lt\/lv\/product\/4in1-maitinimo-kedute-2\/\" \/>\n<meta property=\"og:locale\" content=\"lv_LV\" \/>\n<meta property=\"og:type\" content=\"article\" \/>\n<meta property=\"og:title\" content=\"4in1 maitinimo k\u0117dut\u0117 - KidsPlay\" \/>\n<meta property=\"og:description\" content=\"4in1 maitinimo k\u0117dut\u0117\" \/>\n<meta property=\"og:url\" content=\"https:\/\/kidsplay.lt\/lv\/product\/4in1-maitinimo-kedute-2\/\" \/>\n<meta property=\"og:site_name\" content=\"KidsPlay\" \/>\n<meta property=\"article:publisher\" content=\"https:\/\/www.facebook.com\/www.kidsplay.lt\" \/>\n<meta property=\"article:modified_time\" content=\"2026-01-27T06:53:18+00:00\" \/>\n<meta property=\"og:image\" content=\"https:\/\/kidsplay.lt\/wp-content\/uploads\/2025\/03\/Screenshot_138.png\" \/>\n\t<meta property=\"og:image:width\" content=\"971\" \/>\n\t<meta property=\"og:image:height\" content=\"858\" \/>\n\t<meta property=\"og:image:type\" content=\"image\/png\" \/>\n<meta name=\"twitter:card\" content=\"summary_large_image\" \/>\n<meta name=\"twitter:label1\" content=\"Est. reading time\" \/>\n\t<meta name=\"twitter:data1\" content=\"4 min\u016btes\" \/>\n<script type=\"application\/ld+json\" class=\"yoast-schema-graph\">{\"@context\":\"https:\\\/\\\/schema.org\",\"@graph\":[{\"@type\":\"WebPage\",\"@id\":\"https:\\\/\\\/kidsplay.lt\\\/produktas\\\/4in1-maitinimo-kedute-2\\\/\",\"url\":\"https:\\\/\\\/kidsplay.lt\\\/produktas\\\/4in1-maitinimo-kedute-2\\\/\",\"name\":\"4in1 maitinimo k\u0117dut\u0117 - KidsPlay\",\"isPartOf\":{\"@id\":\"https:\\\/\\\/kidsplay.lt\\\/#website\"},\"primaryImageOfPage\":{\"@id\":\"https:\\\/\\\/kidsplay.lt\\\/produktas\\\/4in1-maitinimo-kedute-2\\\/#primaryimage\"},\"image\":{\"@id\":\"https:\\\/\\\/kidsplay.lt\\\/produktas\\\/4in1-maitinimo-kedute-2\\\/#primaryimage\"},\"thumbnailUrl\":\"https:\\\/\\\/kidsplay.lt\\\/wp-content\\\/uploads\\\/2025\\\/03\\\/Screenshot_138.png\",\"datePublished\":\"2025-03-07T07:19:12+00:00\",\"dateModified\":\"2026-01-27T06:53:18+00:00\",\"description\":\"4in1 maitinimo k\u0117dut\u0117\",\"breadcrumb\":{\"@id\":\"https:\\\/\\\/kidsplay.lt\\\/produktas\\\/4in1-maitinimo-kedute-2\\\/#breadcrumb\"},\"inLanguage\":\"lv-LV\",\"potentialAction\":[{\"@type\":\"ReadAction\",\"target\":[\"https:\\\/\\\/kidsplay.lt\\\/produktas\\\/4in1-maitinimo-kedute-2\\\/\"]}]},{\"@type\":\"ImageObject\",\"inLanguage\":\"lv-LV\",\"@id\":\"https:\\\/\\\/kidsplay.lt\\\/produktas\\\/4in1-maitinimo-kedute-2\\\/#primaryimage\",\"url\":\"https:\\\/\\\/kidsplay.lt\\\/wp-content\\\/uploads\\\/2025\\\/03\\\/Screenshot_138.png\",\"contentUrl\":\"https:\\\/\\\/kidsplay.lt\\\/wp-content\\\/uploads\\\/2025\\\/03\\\/Screenshot_138.png\",\"width\":971,\"height\":858},{\"@type\":\"BreadcrumbList\",\"@id\":\"https:\\\/\\\/kidsplay.lt\\\/produktas\\\/4in1-maitinimo-kedute-2\\\/#breadcrumb\",\"itemListElement\":[{\"@type\":\"ListItem\",\"position\":1,\"name\":\"Pagrindinis\",\"item\":\"https:\\\/\\\/kidsplay.lt\\\/\"},{\"@type\":\"ListItem\",\"position\":2,\"name\":\"Parduotuv\u0117\",\"item\":\"https:\\\/\\\/kidsplay.lt\\\/parduotuve\\\/\"},{\"@type\":\"ListItem\",\"position\":3,\"name\":\"4in1 maitinimo k\u0117dut\u0117\"}]},{\"@type\":\"WebSite\",\"@id\":\"https:\\\/\\\/kidsplay.lt\\\/#website\",\"url\":\"https:\\\/\\\/kidsplay.lt\\\/\",\"name\":\"Kidsplay.lt\",\"description\":\"\u012evairios prek\u0117s vaikams\",\"publisher\":{\"@id\":\"https:\\\/\\\/kidsplay.lt\\\/#organization\"},\"alternateName\":\"Kidsplay\",\"potentialAction\":[{\"@type\":\"SearchAction\",\"target\":{\"@type\":\"EntryPoint\",\"urlTemplate\":\"https:\\\/\\\/kidsplay.lt\\\/?s={search_term_string}\"},\"query-input\":{\"@type\":\"PropertyValueSpecification\",\"valueRequired\":true,\"valueName\":\"search_term_string\"}}],\"inLanguage\":\"lv-LV\"},{\"@type\":\"Organization\",\"@id\":\"https:\\\/\\\/kidsplay.lt\\\/#organization\",\"name\":\"KidsPlay\",\"url\":\"https:\\\/\\\/kidsplay.lt\\\/\",\"logo\":{\"@type\":\"ImageObject\",\"inLanguage\":\"lv-LV\",\"@id\":\"https:\\\/\\\/kidsplay.lt\\\/#\\\/schema\\\/logo\\\/image\\\/\",\"url\":\"https:\\\/\\\/kidsplay.lt\\\/wp-content\\\/uploads\\\/2023\\\/07\\\/kidsplay-logo.png\",\"contentUrl\":\"https:\\\/\\\/kidsplay.lt\\\/wp-content\\\/uploads\\\/2023\\\/07\\\/kidsplay-logo.png\",\"width\":451,\"height\":98,\"caption\":\"KidsPlay\"},\"image\":{\"@id\":\"https:\\\/\\\/kidsplay.lt\\\/#\\\/schema\\\/logo\\\/image\\\/\"},\"sameAs\":[\"https:\\\/\\\/www.facebook.com\\\/www.kidsplay.lt\"]}]}<\/script>\n<!-- \/ Yoast SEO plugin. -->","yoast_head_json":{"title":"4in1 maitinimo k\u0117dut\u0117 - KidsPlay","description":"4in1 maitinimo k\u0117dut\u0117","robots":{"index":"index","follow":"follow","max-snippet":"max-snippet:-1","max-image-preview":"max-image-preview:large","max-video-preview":"max-video-preview:-1"},"canonical":"https:\/\/kidsplay.lt\/lv\/product\/4in1-maitinimo-kedute-2\/","og_locale":"lv_LV","og_type":"article","og_title":"4in1 maitinimo k\u0117dut\u0117 - KidsPlay","og_description":"4in1 maitinimo k\u0117dut\u0117","og_url":"https:\/\/kidsplay.lt\/lv\/product\/4in1-maitinimo-kedute-2\/","og_site_name":"KidsPlay","article_publisher":"https:\/\/www.facebook.com\/www.kidsplay.lt","article_modified_time":"2026-01-27T06:53:18+00:00","og_image":[{"width":971,"height":858,"url":"https:\/\/kidsplay.lt\/wp-content\/uploads\/2025\/03\/Screenshot_138.png","type":"image\/png"}],"twitter_card":"summary_large_image","twitter_misc":{"Est. reading time":"4 min\u016btes"},"schema":{"@context":"https:\/\/schema.org","@graph":[{"@type":"WebPage","@id":"https:\/\/kidsplay.lt\/produktas\/4in1-maitinimo-kedute-2\/","url":"https:\/\/kidsplay.lt\/produktas\/4in1-maitinimo-kedute-2\/","name":"4in1 maitinimo k\u0117dut\u0117 - KidsPlay","isPartOf":{"@id":"https:\/\/kidsplay.lt\/#website"},"primaryImageOfPage":{"@id":"https:\/\/kidsplay.lt\/produktas\/4in1-maitinimo-kedute-2\/#primaryimage"},"image":{"@id":"https:\/\/kidsplay.lt\/produktas\/4in1-maitinimo-kedute-2\/#primaryimage"},"thumbnailUrl":"https:\/\/kidsplay.lt\/wp-content\/uploads\/2025\/03\/Screenshot_138.png","datePublished":"2025-03-07T07:19:12+00:00","dateModified":"2026-01-27T06:53:18+00:00","description":"4in1 maitinimo k\u0117dut\u0117","breadcrumb":{"@id":"https:\/\/kidsplay.lt\/produktas\/4in1-maitinimo-kedute-2\/#breadcrumb"},"inLanguage":"lv-LV","potentialAction":[{"@type":"ReadAction","target":["https:\/\/kidsplay.lt\/produktas\/4in1-maitinimo-kedute-2\/"]}]},{"@type":"ImageObject","inLanguage":"lv-LV","@id":"https:\/\/kidsplay.lt\/produktas\/4in1-maitinimo-kedute-2\/#primaryimage","url":"https:\/\/kidsplay.lt\/wp-content\/uploads\/2025\/03\/Screenshot_138.png","contentUrl":"https:\/\/kidsplay.lt\/wp-content\/uploads\/2025\/03\/Screenshot_138.png","width":971,"height":858},{"@type":"BreadcrumbList","@id":"https:\/\/kidsplay.lt\/produktas\/4in1-maitinimo-kedute-2\/#breadcrumb","itemListElement":[{"@type":"ListItem","position":1,"name":"Pagrindinis","item":"https:\/\/kidsplay.lt\/"},{"@type":"ListItem","position":2,"name":"Parduotuv\u0117","item":"https:\/\/kidsplay.lt\/parduotuve\/"},{"@type":"ListItem","position":3,"name":"4in1 maitinimo k\u0117dut\u0117"}]},{"@type":"WebSite","@id":"https:\/\/kidsplay.lt\/#website","url":"https:\/\/kidsplay.lt\/","name":"B\u0113rnu sp\u0113les.lv","description":"\u012evairios prek\u0117s vaikams","publisher":{"@id":"https:\/\/kidsplay.lt\/#organization"},"alternateName":"Kidsplay","potentialAction":[{"@type":"SearchAction","target":{"@type":"EntryPoint","urlTemplate":"https:\/\/kidsplay.lt\/?s={search_term_string}"},"query-input":{"@type":"PropertyValueSpecification","valueRequired":true,"valueName":"search_term_string"}}],"inLanguage":"lv-LV"},{"@type":"Organization","@id":"https:\/\/kidsplay.lt\/#organization","name":"B\u0113rnu sp\u0113le","url":"https:\/\/kidsplay.lt\/","logo":{"@type":"ImageObject","inLanguage":"lv-LV","@id":"https:\/\/kidsplay.lt\/#\/schema\/logo\/image\/","url":"https:\/\/kidsplay.lt\/wp-content\/uploads\/2023\/07\/kidsplay-logo.png","contentUrl":"https:\/\/kidsplay.lt\/wp-content\/uploads\/2023\/07\/kidsplay-logo.png","width":451,"height":98,"caption":"KidsPlay"},"image":{"@id":"https:\/\/kidsplay.lt\/#\/schema\/logo\/image\/"},"sameAs":["https:\/\/www.facebook.com\/www.kidsplay.lt"]}]}},"_links":{"self":[{"href":"https:\/\/kidsplay.lt\/lv\/wp-json\/wp\/v2\/product\/60839","targetHints":{"allow":["GET"]}}],"collection":[{"href":"https:\/\/kidsplay.lt\/lv\/wp-json\/wp\/v2\/product"}],"about":[{"href":"https:\/\/kidsplay.lt\/lv\/wp-json\/wp\/v2\/types\/product"}],"version-history":[{"count":2,"href":"https:\/\/kidsplay.lt\/lv\/wp-json\/wp\/v2\/product\/60839\/revisions"}],"predecessor-version":[{"id":74181,"href":"https:\/\/kidsplay.lt\/lv\/wp-json\/wp\/v2\/product\/60839\/revisions\/74181"}],"wp:featuredmedia":[{"embeddable":true,"href":"https:\/\/kidsplay.lt\/lv\/wp-json\/wp\/v2\/media\/60831"}],"wp:attachment":[{"href":"https:\/\/kidsplay.lt\/lv\/wp-json\/wp\/v2\/media?parent=60839"}],"wp:term":[{"taxonomy":"product_brand","embeddable":true,"href":"https:\/\/kidsplay.lt\/lv\/wp-json\/wp\/v2\/product_brand?post=60839"},{"taxonomy":"product_cat","embeddable":true,"href":"https:\/\/kidsplay.lt\/lv\/wp-json\/wp\/v2\/product_cat?post=60839"},{"taxonomy":"product_tag","embeddable":true,"href":"https:\/\/kidsplay.lt\/lv\/wp-json\/wp\/v2\/product_tag?post=60839"}],"curies":[{"name":"wp","href":"https:\/\/api.w.org\/{rel}","templated":true}]}}