{"id":61281,"date":"2025-06-22T08:24:03","date_gmt":"2025-06-22T05:24:03","guid":{"rendered":"https:\/\/kidsplay.lt\/?post_type=product&#038;p=61281"},"modified":"2026-02-11T10:15:21","modified_gmt":"2026-02-11T08:15:21","slug":"dvigubos-sodo-supynes-su-virvinemis-supynemis-ir-gandro-lizdas","status":"publish","type":"product","link":"https:\/\/kidsplay.lt\/lv\/products\/dvigubos-sodo-supynes-su-virvinemis-supynemis-ir-gandro-lizdas\/","title":{"rendered":"Divk\u0101r\u0161\u0101s d\u0101rza \u0161\u016bpoles ar virvju \u0161\u016bpol\u0113m un &quot;St\u0101r\u0137a ligzdu&quot;\u201e"},"content":{"rendered":"<div class=\"mp4t_16_s mryx_16_s mr3m_1 mli2_1 mh85_56 mh85_0_l\">\n<div class=\"mg9e_8 mj7a_8 mg9e_0_s mvrt_0_s mj7a_0_s mh36_0_s mzmg_6m munh_16_l m3h2_16_l\">\n<div class=\"mp4t_0 mryx_0 munh_56 m3h2_56\">\n<div class=\"mp7g_oh\"><img decoding=\"async\" class=\"msub_k4 mupj_5k mjru_k4 mse2_k4 mp7g_f6 mq1m_0 mj7u_0 m7er_k4 lazyloaded\" src=\"https:\/\/a.allegroimg.com\/original\/116e86\/5d27ced34e40b29d9d26f8539ed0\/Double-Garden-Swing-with-Rope-Frame-Seat-Stork-Nest-EAN-GTIN-5903981366132\" sizes=\"(min-width: 1200px) 560px, (min-width: 992px) 50vw, 100vw\" srcset=\"https:\/\/a.allegroimg.com\/s360\/116e86\/5d27ced34e40b29d9d26f8539ed0\/Double-Garden-Swing-with-Rope-Frame-Seat-Stork-Nest-EAN-GTIN-5903981366132 360w,https:\/\/a.allegroimg.com\/original\/116e86\/5d27ced34e40b29d9d26f8539ed0\/Double-Garden-Swing-with-Rope-Frame-Seat-Stork-Nest-EAN-GTIN-5903981366132 360w\" alt=\"Dvigubos sodo s\u016bpyn\u0117s su virv\u0117s r\u0117mu, s\u0117dyn\u0117 \u201eGandro lizdas\u201c, EAN (GTIN) 5903981366132\" width=\"360px\" data-src=\"https:\/\/a.allegroimg.com\/original\/116e86\/5d27ced34e40b29d9d26f8539ed0\/Double-Garden-Swing-with-Rope-Frame-Seat-Stork-Nest-EAN-GTIN-5903981366132\" data-srcset=\"https:\/\/a.allegroimg.com\/s360\/116e86\/5d27ced34e40b29d9d26f8539ed0\/Double-Garden-Swing-with-Rope-Frame-Seat-Stork-Nest-EAN-GTIN-5903981366132 360w,https:\/\/a.allegroimg.com\/original\/116e86\/5d27ced34e40b29d9d26f8539ed0\/Double-Garden-Swing-with-Rope-Frame-Seat-Stork-Nest-EAN-GTIN-5903981366132 360w\" \/><\/div>\n<\/div>\n<\/div>\n<\/div>\n<div class=\"mp4t_16_s mryx_16_s mr3m_1 mli2_1 mh85_56 mh85_0_l\">\n<div class=\"mgn2_16 _0d3bd_am0a-\">\n<h1>Auk\u0161\u010diausia kokyb\u0117 ir ilgaam\u017ei\u0161kumas!<\/h1>\n<h1>\u2705Dvigubos sodo s\u016bpyn\u0117s su r\u0117mu, 4 inkarais ir virv\u0117mis + s\u0117dyne ir gandro lizdu<\/h1>\n<p>Prek\u0117s \u017eenklas: Active Hobby<\/p>\n<p>Modelis: S\u016bpyni\u0173 stovas Prabangus<\/p>\n<p>Dvigubos sodo s\u016bpyn\u0117s suteiks nepakartojam\u0173 pramog\u0173 tiek vaikams, tiek suaugusiems.<\/p>\n<p><b>Viena m\u0117gstamiausi\u0173 vaik\u0173 veikl\u0173 \u2013 supyn\u0117s.<\/b><\/p>\n<p>Tvirtas metalinis m\u016bs\u0173 s\u016bpyni\u0173 r\u0117mas garantuoja j\u016bs\u0173 ma\u017eyliams valand\u0173 valandas\u00a0<b>saugi\u0173 \u017eaidim\u0173 lauke.<\/b><\/p>\n<h1>\u2705 Dvigub\u0173 s\u016bpyni\u0173 su \u201eActive Hobby\u201c r\u0117mu savyb\u0117s<\/h1>\n<p>\ud83c\udf40 skirtas\u00a0<b>2\u20133 \u017emon\u0117ms<\/b><\/p>\n<p>\ud83c\udf40 stabilus ir tvirtas \u2013 pagamintas\u00a0<b>i\u0161 tvirt\u0173 ir patvari\u0173,<\/b>\u00a0auk\u0161tos kokyb\u0117s med\u017eiag\u0173<\/p>\n<p>\ud83c\udf40\u00a0<b>didelis atsparumas<\/b>\u00a0vandeniui, oro s\u0105lygoms ir UV spinduliams<\/p>\n<p>\ud83c\udf40\u00a0<b>greitai d\u017ei\u016bstan\u010dios med\u017eiagos<\/b><\/p>\n<h1>\u2705Stabilus, sijomis sustiprintas r\u0117mas<\/h1>\n<p><b>Saugumas \u017eaid\u017eiant<\/b>\u00a0yra m\u016bs\u0173 prioritetas, tod\u0117l\u00a0<b>s\u016bpyni\u0173 stabilumas yra labai svarbus<\/b>\u00a0, ypa\u010d jei s\u016bpyn\u0117s skirtos vaikams.<\/p>\n<h2>Papildoma sija r\u0117mo vir\u0161utin\u0117s sijos ir \u0161on\u0173 stabilizavimui.<\/h2>\n<p>M\u016bs\u0173 unikalus sprendimas padaro\u00a0<b>s\u016bpynes atsparias j\u0117goms, veikian\u010dioms supimo metu.<\/b><\/p>\n<p>\ud83c\udf40\u00a0<b>tvirta A<\/b>\u00a0formos r\u0117mo konstrukcija<\/p>\n<p>\ud83c\udf40S\u016bpyn\u0117s auga kartu su vaikais (virvi\u0173 ilgis\u00a0<b>reguliuojamas nuo 0,8 iki 1,5 m)<\/b><\/p>\n<p>\ud83c\udf40 lengvas montavimas<\/p>\n<p>\ud83c\udf40Did\u017eiausia apkrova\u00a0<b>200 kg<\/b><\/p>\n<p>\ud83c\udf40modernus, spalvingas\u00a0<b>dizainas<\/b><\/p>\n<p>\ud83c\udf40 tinka\u00a0<b>vaikams nuo 3\u00a0<\/b><b>met\u0173<\/b><\/p>\n<h1>\u2705Kaip saugiai ir stabiliai pastatyti s\u016bpynes?<\/h1>\n<h2>\ud83c\udf40Pasirinkite tinkam\u0105 viet\u0105<\/h2>\n<p>&#8211; lygus pavir\u0161ius<\/p>\n<p>&#8211; venkite nuo\u017eulnaus reljefo<\/p>\n<p>&#8211; atstumas nuo kli\u016b\u010di\u0173 \u2013 bent 2 metrai nuo med\u017ei\u0173, sien\u0173, tvor\u0173 ir kt.<\/p>\n<p>&#8211; saul\u0117ta, bet ne visi\u0161kai be \u0161e\u0161\u0117lio vieta &#8211; kad vaikai vasar\u0105 neperkaist\u0173<\/p>\n<h2>\ud83c\udf40\u012ftvirtinkite inkarus specialiai paruo\u0161tose s\u016bpyni\u0173 pagrindo skyl\u0117se<\/h2>\n<h1>\u2705Specifikacijos<\/h1>\n<p>\ud83c\udf40matmenys:\u00a0<b>255 x 172 x 207 cm<\/b><\/p>\n<p>\ud83c\udf40med\u017eiagos: r\u0117mas &#8211;\u00a0<b>4 cinkuotos,<\/b>\u00a0da\u017eytos milteliniu b\u016bdu\u00a0<b>(50 mm, storis 2 mm)<\/b><\/p>\n<p>\ud83c\udf40s\u0117dyn\u0117:\u00a0<b>EVA<\/b>\u00a0plastikas<\/p>\n<p><b>\ud83c\udf40reguliuojamos virv\u0117s 0,8\u20131,5 m<\/b>\u00a0diapazone<b><\/b><\/p>\n<p>\ud83c\udf40r\u0117mo su 2 s\u016bpyn\u0117mis svoris &#8211;\u00a0<b>47 kg<\/b><\/p>\n<p>\ud83c\udf40 gandro lizdo skersmuo\u00a0<b>&#8211; 100 cm<\/b><\/p>\n<p><b>\ud83c\udf40<\/b>\u00a0\u017eali\u0173j\u0173 s\u016bpyni\u0173 skersmuo &#8211;\u00a0<b>43 cm<\/b><\/p>\n<p><b>\ud83c\udf40pridedami 4 tvirtinimo inkarai<\/b><\/p>\n<p><b>\ud83c\udf40 komplekte yra 4 stipr\u016bs karabinai<\/b><\/p>\n<h1>Auk\u0161tos kokyb\u0117s meistri\u0161kumas<\/h1>\n<p>Vaik\u0173 saugumui\u00a0<b>produktas atitinka visus saugos reikalavimus<\/b>\u00a0. Jis turi\u00a0<b>CE<\/b>\u00a0sertifikat\u0105.<\/p>\n<h1>\u2705 Gandro lizdas<\/h1>\n<p>Pagaminta i\u0161 tvirto plieno, metalin\u0117 cinkuota konstrukcija padengta\u00a0<b>mink\u0161ta apsaugine puta<\/b>\u00a0.<\/p>\n<p>10 mm storio nailono lynai\u00a0<b>pasi\u017eymi labai dideliu tvirtumu ir keliam\u0105ja galia iki 150 kg.<\/b>\u00a0S\u016bpyn\u0117s turi reguliuojamo ilgio lyn\u0105 ir turi metalinius ratukus tvirtinimui, tod\u0117l jas itin lengva sumontuoti.\u00a0<b>Tod\u0117l pakabinamas s\u016bpynes galima pritaikyti ir prie<\/b>\u00a0jauniausi\u0173 naudotoj\u0173 augimo. Tai leid\u017eia jiems lengviau saugiai \u012flipti ir i\u0161lipti i\u0161 s\u016bpyni\u0173.<\/p>\n<p>\ud83c\udf40\u00a0<b>Auk\u0161tos kokyb\u0117s s\u0117dyn\u0117s med\u017eiaga<\/b><\/p>\n<p>\ud83c\udf40\u00a0<b>Tvirtas plieninis r\u0117mas<\/b><\/p>\n<p>\ud83c\udf40 Maksimali apkrova iki\u00a0<b>150 kg<\/b><\/p>\n<p>\ud83c\udf40S\u0117dyn\u0117s \/ lizdo skersmuo\u00a0<b>100 cm<\/b><\/p>\n<p>\ud83c\udf40Pakabos auk\u0161tis reguliuojamas iki\u00a0<b>160 cm<\/b><\/p>\n<p>\ud83c\udf4010 mm virv\u0117s storis<\/p>\n<p>Virv\u0117s pagamintos i\u0161\u00a0<b>polietileno, o gandro s\u0117dyn\u0117 \u2013 i\u0161 auk\u0161tos kokyb\u0117s poliesterio<\/b>\u00a0, tod\u0117l visas daiktas\u00a0<b>atsparus oro s\u0105lygoms<\/b>\u00a0. D\u0117l to\u00a0<b>s\u016bpynes galima palikti lauke net ir nepalankiu oru.<\/b><\/p>\n<p>Tai taip pat ne\u012fkainojama priemon\u0117 saugiam \u017eaidimui ir motorin\u0117s energijos i\u0161krovai vaikams, kurie jos turi per daug.<\/p>\n<h1>\u2705S\u016bpyn\u0117s<\/h1>\n<p>\ud83c\udf40Pagaminta i\u0161 auk\u0161tos kokyb\u0117s plastiko, garantuoja ilgaam\u017ei\u0161kum\u0105 ir atsparum\u0105 oro s\u0105lygoms.<\/p>\n<p>\ud83c\udf40Did\u017eiausia apkrova yra 70 kg, o tai u\u017etikrina saugum\u0105 \u017eaidimo metu.<\/p>\n<p>\ud83c\udf40Reguliuojami virv\u0117s<\/p>\n<p>&nbsp;<\/p>\n<\/div>\n<\/div>","protected":false},"excerpt":{"rendered":"<p>Divk\u0101r\u0161\u0101s d\u0101rza \u0161\u016bpoles ar virvju \u0161\u016bpol\u0113m un &quot;St\u0101r\u0137a ligzdu&quot;\u201e<\/p>","protected":false},"featured_media":61282,"template":"","meta":{"_acf_changed":false,"_glsr_average":0,"_glsr_ranking":0,"_glsr_reviews":0},"product_brand":[],"product_cat":[233,232],"product_tag":[],"class_list":{"0":"post-61281","1":"product","2":"type-product","3":"status-publish","4":"has-post-thumbnail","6":"product_cat-lauko-pramogos","7":"product_cat-supynes","8":"\"style=\"background-color: #2ecc711c;\"","10":"first","11":"instock","12":"shipping-taxable","13":"purchasable","14":"product-type-simple"},"acf":[],"yoast_head":"<!-- This site is optimized with the Yoast SEO plugin v27.3 - https:\/\/yoast.com\/product\/yoast-seo-wordpress\/ -->\n<title>Dvigubos sodo s\u016bpyn\u0117s su virvin\u0117mis supyn\u0117mis ir \u201eGandro lizdas\u201c - KidsPlay<\/title>\n<meta name=\"description\" content=\"Dvigubos sodo s\u016bpyn\u0117s su virvin\u0117mis supyn\u0117mis ir \u201eGandro lizdas\u201c\" \/>\n<meta name=\"robots\" content=\"index, follow, max-snippet:-1, max-image-preview:large, max-video-preview:-1\" \/>\n<link rel=\"canonical\" href=\"https:\/\/kidsplay.lt\/lv\/products\/dvigubos-sodo-supynes-su-virvinemis-supynemis-ir-gandro-lizdas\/\" \/>\n<meta property=\"og:locale\" content=\"lv_LV\" \/>\n<meta property=\"og:type\" content=\"article\" \/>\n<meta property=\"og:title\" content=\"Dvigubos sodo s\u016bpyn\u0117s su virvin\u0117mis supyn\u0117mis ir \u201eGandro lizdas\u201c - KidsPlay\" \/>\n<meta property=\"og:description\" content=\"Dvigubos sodo s\u016bpyn\u0117s su virvin\u0117mis supyn\u0117mis ir \u201eGandro lizdas\u201c\" \/>\n<meta property=\"og:url\" content=\"https:\/\/kidsplay.lt\/lv\/products\/dvigubos-sodo-supynes-su-virvinemis-supynemis-ir-gandro-lizdas\/\" \/>\n<meta property=\"og:site_name\" content=\"KidsPlay\" \/>\n<meta property=\"article:publisher\" content=\"https:\/\/www.facebook.com\/www.kidsplay.lt\" \/>\n<meta property=\"article:modified_time\" content=\"2026-02-11T08:15:21+00:00\" \/>\n<meta property=\"og:image\" content=\"https:\/\/kidsplay.lt\/wp-content\/uploads\/2025\/06\/Ekrano-kopija-2025-06-22-081717.png\" \/>\n\t<meta property=\"og:image:width\" content=\"992\" \/>\n\t<meta property=\"og:image:height\" content=\"792\" \/>\n\t<meta property=\"og:image:type\" content=\"image\/png\" \/>\n<meta name=\"twitter:card\" content=\"summary_large_image\" \/>\n<meta name=\"twitter:label1\" content=\"Est. reading time\" \/>\n\t<meta name=\"twitter:data1\" content=\"3 min\u016btes\" \/>\n<script type=\"application\/ld+json\" class=\"yoast-schema-graph\">{\"@context\":\"https:\\\/\\\/schema.org\",\"@graph\":[{\"@type\":\"WebPage\",\"@id\":\"https:\\\/\\\/kidsplay.lt\\\/produktas\\\/dvigubos-sodo-supynes-su-virvinemis-supynemis-ir-gandro-lizdas\\\/\",\"url\":\"https:\\\/\\\/kidsplay.lt\\\/produktas\\\/dvigubos-sodo-supynes-su-virvinemis-supynemis-ir-gandro-lizdas\\\/\",\"name\":\"Dvigubos sodo s\u016bpyn\u0117s su virvin\u0117mis supyn\u0117mis ir \u201eGandro lizdas\u201c - KidsPlay\",\"isPartOf\":{\"@id\":\"https:\\\/\\\/kidsplay.lt\\\/#website\"},\"primaryImageOfPage\":{\"@id\":\"https:\\\/\\\/kidsplay.lt\\\/produktas\\\/dvigubos-sodo-supynes-su-virvinemis-supynemis-ir-gandro-lizdas\\\/#primaryimage\"},\"image\":{\"@id\":\"https:\\\/\\\/kidsplay.lt\\\/produktas\\\/dvigubos-sodo-supynes-su-virvinemis-supynemis-ir-gandro-lizdas\\\/#primaryimage\"},\"thumbnailUrl\":\"https:\\\/\\\/kidsplay.lt\\\/wp-content\\\/uploads\\\/2025\\\/06\\\/Ekrano-kopija-2025-06-22-081717.png\",\"datePublished\":\"2025-06-22T05:24:03+00:00\",\"dateModified\":\"2026-02-11T08:15:21+00:00\",\"description\":\"Dvigubos sodo s\u016bpyn\u0117s su virvin\u0117mis supyn\u0117mis ir \u201eGandro lizdas\u201c\",\"breadcrumb\":{\"@id\":\"https:\\\/\\\/kidsplay.lt\\\/produktas\\\/dvigubos-sodo-supynes-su-virvinemis-supynemis-ir-gandro-lizdas\\\/#breadcrumb\"},\"inLanguage\":\"lv-LV\",\"potentialAction\":[{\"@type\":\"ReadAction\",\"target\":[\"https:\\\/\\\/kidsplay.lt\\\/produktas\\\/dvigubos-sodo-supynes-su-virvinemis-supynemis-ir-gandro-lizdas\\\/\"]}]},{\"@type\":\"ImageObject\",\"inLanguage\":\"lv-LV\",\"@id\":\"https:\\\/\\\/kidsplay.lt\\\/produktas\\\/dvigubos-sodo-supynes-su-virvinemis-supynemis-ir-gandro-lizdas\\\/#primaryimage\",\"url\":\"https:\\\/\\\/kidsplay.lt\\\/wp-content\\\/uploads\\\/2025\\\/06\\\/Ekrano-kopija-2025-06-22-081717.png\",\"contentUrl\":\"https:\\\/\\\/kidsplay.lt\\\/wp-content\\\/uploads\\\/2025\\\/06\\\/Ekrano-kopija-2025-06-22-081717.png\",\"width\":992,\"height\":792},{\"@type\":\"BreadcrumbList\",\"@id\":\"https:\\\/\\\/kidsplay.lt\\\/produktas\\\/dvigubos-sodo-supynes-su-virvinemis-supynemis-ir-gandro-lizdas\\\/#breadcrumb\",\"itemListElement\":[{\"@type\":\"ListItem\",\"position\":1,\"name\":\"Pagrindinis\",\"item\":\"https:\\\/\\\/kidsplay.lt\\\/\"},{\"@type\":\"ListItem\",\"position\":2,\"name\":\"Parduotuv\u0117\",\"item\":\"https:\\\/\\\/kidsplay.lt\\\/parduotuve\\\/\"},{\"@type\":\"ListItem\",\"position\":3,\"name\":\"Dvigubos sodo s\u016bpyn\u0117s su virvin\u0117mis supyn\u0117mis ir \u201eGandro lizdas\u201c\"}]},{\"@type\":\"WebSite\",\"@id\":\"https:\\\/\\\/kidsplay.lt\\\/#website\",\"url\":\"https:\\\/\\\/kidsplay.lt\\\/\",\"name\":\"Kidsplay.lt\",\"description\":\"\u012evairios prek\u0117s vaikams\",\"publisher\":{\"@id\":\"https:\\\/\\\/kidsplay.lt\\\/#organization\"},\"alternateName\":\"Kidsplay\",\"potentialAction\":[{\"@type\":\"SearchAction\",\"target\":{\"@type\":\"EntryPoint\",\"urlTemplate\":\"https:\\\/\\\/kidsplay.lt\\\/?s={search_term_string}\"},\"query-input\":{\"@type\":\"PropertyValueSpecification\",\"valueRequired\":true,\"valueName\":\"search_term_string\"}}],\"inLanguage\":\"lv-LV\"},{\"@type\":\"Organization\",\"@id\":\"https:\\\/\\\/kidsplay.lt\\\/#organization\",\"name\":\"KidsPlay\",\"url\":\"https:\\\/\\\/kidsplay.lt\\\/\",\"logo\":{\"@type\":\"ImageObject\",\"inLanguage\":\"lv-LV\",\"@id\":\"https:\\\/\\\/kidsplay.lt\\\/#\\\/schema\\\/logo\\\/image\\\/\",\"url\":\"https:\\\/\\\/kidsplay.lt\\\/wp-content\\\/uploads\\\/2023\\\/07\\\/kidsplay-logo.png\",\"contentUrl\":\"https:\\\/\\\/kidsplay.lt\\\/wp-content\\\/uploads\\\/2023\\\/07\\\/kidsplay-logo.png\",\"width\":451,\"height\":98,\"caption\":\"KidsPlay\"},\"image\":{\"@id\":\"https:\\\/\\\/kidsplay.lt\\\/#\\\/schema\\\/logo\\\/image\\\/\"},\"sameAs\":[\"https:\\\/\\\/www.facebook.com\\\/www.kidsplay.lt\"]}]}<\/script>\n<!-- \/ Yoast SEO plugin. -->","yoast_head_json":{"title":"Dvigubos sodo s\u016bpyn\u0117s su virvin\u0117mis supyn\u0117mis ir \u201eGandro lizdas\u201c - KidsPlay","description":"Divk\u0101r\u0161\u0101s d\u0101rza \u0161\u016bpoles ar virvju \u0161\u016bpol\u0113m un &quot;St\u0101r\u0137a ligzdu&quot;\u201e","robots":{"index":"index","follow":"follow","max-snippet":"max-snippet:-1","max-image-preview":"max-image-preview:large","max-video-preview":"max-video-preview:-1"},"canonical":"https:\/\/kidsplay.lt\/lv\/products\/dvigubos-sodo-supynes-su-virvinemis-supynemis-ir-gandro-lizdas\/","og_locale":"lv_LV","og_type":"article","og_title":"Dvigubos sodo s\u016bpyn\u0117s su virvin\u0117mis supyn\u0117mis ir \u201eGandro lizdas\u201c - KidsPlay","og_description":"Dvigubos sodo s\u016bpyn\u0117s su virvin\u0117mis supyn\u0117mis ir \u201eGandro lizdas\u201c","og_url":"https:\/\/kidsplay.lt\/lv\/products\/dvigubos-sodo-supynes-su-virvinemis-supynemis-ir-gandro-lizdas\/","og_site_name":"KidsPlay","article_publisher":"https:\/\/www.facebook.com\/www.kidsplay.lt","article_modified_time":"2026-02-11T08:15:21+00:00","og_image":[{"width":992,"height":792,"url":"https:\/\/kidsplay.lt\/wp-content\/uploads\/2025\/06\/Ekrano-kopija-2025-06-22-081717.png","type":"image\/png"}],"twitter_card":"summary_large_image","twitter_misc":{"Est. reading time":"3 min\u016btes"},"schema":{"@context":"https:\/\/schema.org","@graph":[{"@type":"WebPage","@id":"https:\/\/kidsplay.lt\/produktas\/dvigubos-sodo-supynes-su-virvinemis-supynemis-ir-gandro-lizdas\/","url":"https:\/\/kidsplay.lt\/produktas\/dvigubos-sodo-supynes-su-virvinemis-supynemis-ir-gandro-lizdas\/","name":"Dvigubos sodo s\u016bpyn\u0117s su virvin\u0117mis supyn\u0117mis ir \u201eGandro lizdas\u201c - KidsPlay","isPartOf":{"@id":"https:\/\/kidsplay.lt\/#website"},"primaryImageOfPage":{"@id":"https:\/\/kidsplay.lt\/produktas\/dvigubos-sodo-supynes-su-virvinemis-supynemis-ir-gandro-lizdas\/#primaryimage"},"image":{"@id":"https:\/\/kidsplay.lt\/produktas\/dvigubos-sodo-supynes-su-virvinemis-supynemis-ir-gandro-lizdas\/#primaryimage"},"thumbnailUrl":"https:\/\/kidsplay.lt\/wp-content\/uploads\/2025\/06\/Ekrano-kopija-2025-06-22-081717.png","datePublished":"2025-06-22T05:24:03+00:00","dateModified":"2026-02-11T08:15:21+00:00","description":"Divk\u0101r\u0161\u0101s d\u0101rza \u0161\u016bpoles ar virvju \u0161\u016bpol\u0113m un &quot;St\u0101r\u0137a ligzdu&quot;\u201e","breadcrumb":{"@id":"https:\/\/kidsplay.lt\/produktas\/dvigubos-sodo-supynes-su-virvinemis-supynemis-ir-gandro-lizdas\/#breadcrumb"},"inLanguage":"lv-LV","potentialAction":[{"@type":"ReadAction","target":["https:\/\/kidsplay.lt\/produktas\/dvigubos-sodo-supynes-su-virvinemis-supynemis-ir-gandro-lizdas\/"]}]},{"@type":"ImageObject","inLanguage":"lv-LV","@id":"https:\/\/kidsplay.lt\/produktas\/dvigubos-sodo-supynes-su-virvinemis-supynemis-ir-gandro-lizdas\/#primaryimage","url":"https:\/\/kidsplay.lt\/wp-content\/uploads\/2025\/06\/Ekrano-kopija-2025-06-22-081717.png","contentUrl":"https:\/\/kidsplay.lt\/wp-content\/uploads\/2025\/06\/Ekrano-kopija-2025-06-22-081717.png","width":992,"height":792},{"@type":"BreadcrumbList","@id":"https:\/\/kidsplay.lt\/produktas\/dvigubos-sodo-supynes-su-virvinemis-supynemis-ir-gandro-lizdas\/#breadcrumb","itemListElement":[{"@type":"ListItem","position":1,"name":"Pagrindinis","item":"https:\/\/kidsplay.lt\/"},{"@type":"ListItem","position":2,"name":"Parduotuv\u0117","item":"https:\/\/kidsplay.lt\/parduotuve\/"},{"@type":"ListItem","position":3,"name":"Dvigubos sodo s\u016bpyn\u0117s su virvin\u0117mis supyn\u0117mis ir \u201eGandro lizdas\u201c"}]},{"@type":"WebSite","@id":"https:\/\/kidsplay.lt\/#website","url":"https:\/\/kidsplay.lt\/","name":"B\u0113rnu sp\u0113les.lv","description":"\u012evairios prek\u0117s vaikams","publisher":{"@id":"https:\/\/kidsplay.lt\/#organization"},"alternateName":"Kidsplay","potentialAction":[{"@type":"SearchAction","target":{"@type":"EntryPoint","urlTemplate":"https:\/\/kidsplay.lt\/?s={search_term_string}"},"query-input":{"@type":"PropertyValueSpecification","valueRequired":true,"valueName":"search_term_string"}}],"inLanguage":"lv-LV"},{"@type":"Organization","@id":"https:\/\/kidsplay.lt\/#organization","name":"B\u0113rnu sp\u0113le","url":"https:\/\/kidsplay.lt\/","logo":{"@type":"ImageObject","inLanguage":"lv-LV","@id":"https:\/\/kidsplay.lt\/#\/schema\/logo\/image\/","url":"https:\/\/kidsplay.lt\/wp-content\/uploads\/2023\/07\/kidsplay-logo.png","contentUrl":"https:\/\/kidsplay.lt\/wp-content\/uploads\/2023\/07\/kidsplay-logo.png","width":451,"height":98,"caption":"KidsPlay"},"image":{"@id":"https:\/\/kidsplay.lt\/#\/schema\/logo\/image\/"},"sameAs":["https:\/\/www.facebook.com\/www.kidsplay.lt"]}]}},"_links":{"self":[{"href":"https:\/\/kidsplay.lt\/lv\/wp-json\/wp\/v2\/product\/61281","targetHints":{"allow":["GET"]}}],"collection":[{"href":"https:\/\/kidsplay.lt\/lv\/wp-json\/wp\/v2\/product"}],"about":[{"href":"https:\/\/kidsplay.lt\/lv\/wp-json\/wp\/v2\/types\/product"}],"version-history":[{"count":7,"href":"https:\/\/kidsplay.lt\/lv\/wp-json\/wp\/v2\/product\/61281\/revisions"}],"predecessor-version":[{"id":83668,"href":"https:\/\/kidsplay.lt\/lv\/wp-json\/wp\/v2\/product\/61281\/revisions\/83668"}],"wp:featuredmedia":[{"embeddable":true,"href":"https:\/\/kidsplay.lt\/lv\/wp-json\/wp\/v2\/media\/61282"}],"wp:attachment":[{"href":"https:\/\/kidsplay.lt\/lv\/wp-json\/wp\/v2\/media?parent=61281"}],"wp:term":[{"taxonomy":"product_brand","embeddable":true,"href":"https:\/\/kidsplay.lt\/lv\/wp-json\/wp\/v2\/product_brand?post=61281"},{"taxonomy":"product_cat","embeddable":true,"href":"https:\/\/kidsplay.lt\/lv\/wp-json\/wp\/v2\/product_cat?post=61281"},{"taxonomy":"product_tag","embeddable":true,"href":"https:\/\/kidsplay.lt\/lv\/wp-json\/wp\/v2\/product_tag?post=61281"}],"curies":[{"name":"wp","href":"https:\/\/api.w.org\/{rel}","templated":true}]}}