{"id":61452,"date":"2025-07-25T13:57:54","date_gmt":"2025-07-25T10:57:54","guid":{"rendered":"https:\/\/kidsplay.lt\/?post_type=product&#038;p=61452"},"modified":"2026-02-24T13:28:40","modified_gmt":"2026-02-24T11:28:40","slug":"paw-patrol-sodo-namelis","status":"publish","type":"product","link":"https:\/\/kidsplay.lt\/lv\/product\/paw-patrol-sodo-namelis\/","title":{"rendered":"\u0136epu patru\u013cas d\u0101rza m\u0101ji\u0146a"},"content":{"rendered":"<ul>\n<li>Matmenys: 84 x 104 x 103 cm<\/li>\n<li>Pakuot\u0117s matmenys: 106,00 x 85,00 x 21,00 cm<\/li>\n<li>Svoris: 13,00 kg<\/li>\n<li>\u0160viesos efektai: Ne<\/li>\n<li>Garso efektai: Ne<\/li>\n<li>Am\u017eius: Nuo 2 met\u0173<\/li>\n<li><b>Namelis \u201ePaw Patrol\u201c .<\/b>\u00a0Baltas namelis, ant kurio pastebimi b\u016bdingi m\u0117lyni \u0161un\u0173 leten\u0173 p\u0117dsakai ir linksmi \u0161uniukai. Raudonas stogas su matomais \u010derpi\u0173 elementais ir keliais p\u0117dsakais. Namelis turi geltonas pusines \u012f\u0117jimo duris su \u201eLetena Patrulis\u201c logotipu ir m\u0117lyna apvaliu rankena. Ant sienos prie dur\u0173 matome pa\u0161to d\u0117\u017eut\u0119 ir imitacin\u012f varpel\u012f. Atidaromos, m\u0117lynos langin\u0117s su anga vir\u0161uje, kuri papildomai ap\u0161vie\u010dia vid\u0173, kai langai u\u017edaryti. I\u0161oriniai langai padengti spalvingu spaudiniu, vaizduojan\u010diu \u0161unis ir Ryder\u012f.Produkto sud\u0117tis ir savyb\u0117s:\n<ul>\n<li>\u017eaidim\u0173 namelis sode arba u\u017edarose erdv\u0117se<\/li>\n<li>\u0161tampavimas, imituojantis plastiko prigimt\u012f<\/li>\n<li>atidaromos langin\u0117s su atidarymu<\/li>\n<li>pusin\u0117s durys su apvalia rankena<\/li>\n<li>pa\u0161to d\u0117\u017eut\u0117<\/li>\n<li>imitacinis varpas<\/li>\n<li>tvirta, stabili namelio konstrukcija<\/li>\n<\/ul>\n<\/li>\n<\/ul>","protected":false},"excerpt":{"rendered":"<p>\u0136epu patru\u013cas d\u0101rza m\u0101ji\u0146a<\/p>","protected":false},"featured_media":61453,"template":"","meta":{"_acf_changed":false,"_glsr_average":0,"_glsr_ranking":0,"_glsr_reviews":0},"product_brand":[],"product_cat":[234],"product_tag":[],"class_list":{"0":"post-61452","1":"product","2":"type-product","3":"status-publish","4":"has-post-thumbnail","6":"product_cat-vaikiski-nameliai","7":"\"style=\"background-color: #2ecc711c;\"","9":"first","10":"instock","11":"shipping-taxable","12":"purchasable","13":"product-type-simple"},"acf":[],"yoast_head":"<!-- This site is optimized with the Yoast SEO plugin v27.3 - https:\/\/yoast.com\/product\/yoast-seo-wordpress\/ -->\n<title>Paw Patrol sodo namelis - KidsPlay<\/title>\n<meta name=\"description\" content=\"Paw Patrol sodo namelis\" \/>\n<meta name=\"robots\" content=\"index, follow, max-snippet:-1, max-image-preview:large, max-video-preview:-1\" \/>\n<link rel=\"canonical\" href=\"https:\/\/kidsplay.lt\/lv\/product\/paw-patrol-sodo-namelis\/\" \/>\n<meta property=\"og:locale\" content=\"lv_LV\" \/>\n<meta property=\"og:type\" content=\"article\" \/>\n<meta property=\"og:title\" content=\"Paw Patrol sodo namelis - KidsPlay\" \/>\n<meta property=\"og:description\" content=\"Paw Patrol sodo namelis\" \/>\n<meta property=\"og:url\" content=\"https:\/\/kidsplay.lt\/lv\/product\/paw-patrol-sodo-namelis\/\" \/>\n<meta property=\"og:site_name\" content=\"KidsPlay\" \/>\n<meta property=\"article:publisher\" content=\"https:\/\/www.facebook.com\/www.kidsplay.lt\" \/>\n<meta property=\"article:modified_time\" content=\"2026-02-24T11:28:40+00:00\" \/>\n<meta property=\"og:image\" content=\"https:\/\/kidsplay.lt\/wp-content\/uploads\/2025\/07\/Screenshot_9.png\" \/>\n\t<meta property=\"og:image:width\" content=\"566\" \/>\n\t<meta property=\"og:image:height\" content=\"490\" \/>\n\t<meta property=\"og:image:type\" content=\"image\/png\" \/>\n<meta name=\"twitter:card\" content=\"summary_large_image\" \/>\n<meta name=\"twitter:label1\" content=\"Est. reading time\" \/>\n\t<meta name=\"twitter:data1\" content=\"1 min\u016bte\" \/>\n<script type=\"application\/ld+json\" class=\"yoast-schema-graph\">{\"@context\":\"https:\\\/\\\/schema.org\",\"@graph\":[{\"@type\":\"WebPage\",\"@id\":\"https:\\\/\\\/kidsplay.lt\\\/produktas\\\/paw-patrol-sodo-namelis\\\/\",\"url\":\"https:\\\/\\\/kidsplay.lt\\\/produktas\\\/paw-patrol-sodo-namelis\\\/\",\"name\":\"Paw Patrol sodo namelis - KidsPlay\",\"isPartOf\":{\"@id\":\"https:\\\/\\\/kidsplay.lt\\\/#website\"},\"primaryImageOfPage\":{\"@id\":\"https:\\\/\\\/kidsplay.lt\\\/produktas\\\/paw-patrol-sodo-namelis\\\/#primaryimage\"},\"image\":{\"@id\":\"https:\\\/\\\/kidsplay.lt\\\/produktas\\\/paw-patrol-sodo-namelis\\\/#primaryimage\"},\"thumbnailUrl\":\"https:\\\/\\\/kidsplay.lt\\\/wp-content\\\/uploads\\\/2025\\\/07\\\/Screenshot_9.png\",\"datePublished\":\"2025-07-25T10:57:54+00:00\",\"dateModified\":\"2026-02-24T11:28:40+00:00\",\"description\":\"Paw Patrol sodo namelis\",\"breadcrumb\":{\"@id\":\"https:\\\/\\\/kidsplay.lt\\\/produktas\\\/paw-patrol-sodo-namelis\\\/#breadcrumb\"},\"inLanguage\":\"lv-LV\",\"potentialAction\":[{\"@type\":\"ReadAction\",\"target\":[\"https:\\\/\\\/kidsplay.lt\\\/produktas\\\/paw-patrol-sodo-namelis\\\/\"]}]},{\"@type\":\"ImageObject\",\"inLanguage\":\"lv-LV\",\"@id\":\"https:\\\/\\\/kidsplay.lt\\\/produktas\\\/paw-patrol-sodo-namelis\\\/#primaryimage\",\"url\":\"https:\\\/\\\/kidsplay.lt\\\/wp-content\\\/uploads\\\/2025\\\/07\\\/Screenshot_9.png\",\"contentUrl\":\"https:\\\/\\\/kidsplay.lt\\\/wp-content\\\/uploads\\\/2025\\\/07\\\/Screenshot_9.png\",\"width\":566,\"height\":490},{\"@type\":\"BreadcrumbList\",\"@id\":\"https:\\\/\\\/kidsplay.lt\\\/produktas\\\/paw-patrol-sodo-namelis\\\/#breadcrumb\",\"itemListElement\":[{\"@type\":\"ListItem\",\"position\":1,\"name\":\"Pagrindinis\",\"item\":\"https:\\\/\\\/kidsplay.lt\\\/\"},{\"@type\":\"ListItem\",\"position\":2,\"name\":\"Parduotuv\u0117\",\"item\":\"https:\\\/\\\/kidsplay.lt\\\/parduotuve\\\/\"},{\"@type\":\"ListItem\",\"position\":3,\"name\":\"Paw Patrol sodo namelis\"}]},{\"@type\":\"WebSite\",\"@id\":\"https:\\\/\\\/kidsplay.lt\\\/#website\",\"url\":\"https:\\\/\\\/kidsplay.lt\\\/\",\"name\":\"Kidsplay.lt\",\"description\":\"\u012evairios prek\u0117s vaikams\",\"publisher\":{\"@id\":\"https:\\\/\\\/kidsplay.lt\\\/#organization\"},\"alternateName\":\"Kidsplay\",\"potentialAction\":[{\"@type\":\"SearchAction\",\"target\":{\"@type\":\"EntryPoint\",\"urlTemplate\":\"https:\\\/\\\/kidsplay.lt\\\/?s={search_term_string}\"},\"query-input\":{\"@type\":\"PropertyValueSpecification\",\"valueRequired\":true,\"valueName\":\"search_term_string\"}}],\"inLanguage\":\"lv-LV\"},{\"@type\":\"Organization\",\"@id\":\"https:\\\/\\\/kidsplay.lt\\\/#organization\",\"name\":\"KidsPlay\",\"url\":\"https:\\\/\\\/kidsplay.lt\\\/\",\"logo\":{\"@type\":\"ImageObject\",\"inLanguage\":\"lv-LV\",\"@id\":\"https:\\\/\\\/kidsplay.lt\\\/#\\\/schema\\\/logo\\\/image\\\/\",\"url\":\"https:\\\/\\\/kidsplay.lt\\\/wp-content\\\/uploads\\\/2023\\\/07\\\/kidsplay-logo.png\",\"contentUrl\":\"https:\\\/\\\/kidsplay.lt\\\/wp-content\\\/uploads\\\/2023\\\/07\\\/kidsplay-logo.png\",\"width\":451,\"height\":98,\"caption\":\"KidsPlay\"},\"image\":{\"@id\":\"https:\\\/\\\/kidsplay.lt\\\/#\\\/schema\\\/logo\\\/image\\\/\"},\"sameAs\":[\"https:\\\/\\\/www.facebook.com\\\/www.kidsplay.lt\"]}]}<\/script>\n<!-- \/ Yoast SEO plugin. -->","yoast_head_json":{"title":"Paw Patrol sodo namelis - KidsPlay","description":"\u0136epu patru\u013cas d\u0101rza m\u0101ji\u0146a","robots":{"index":"index","follow":"follow","max-snippet":"max-snippet:-1","max-image-preview":"max-image-preview:large","max-video-preview":"max-video-preview:-1"},"canonical":"https:\/\/kidsplay.lt\/lv\/product\/paw-patrol-sodo-namelis\/","og_locale":"lv_LV","og_type":"article","og_title":"Paw Patrol sodo namelis - KidsPlay","og_description":"Paw Patrol sodo namelis","og_url":"https:\/\/kidsplay.lt\/lv\/product\/paw-patrol-sodo-namelis\/","og_site_name":"KidsPlay","article_publisher":"https:\/\/www.facebook.com\/www.kidsplay.lt","article_modified_time":"2026-02-24T11:28:40+00:00","og_image":[{"width":566,"height":490,"url":"https:\/\/kidsplay.lt\/wp-content\/uploads\/2025\/07\/Screenshot_9.png","type":"image\/png"}],"twitter_card":"summary_large_image","twitter_misc":{"Est. reading time":"1 min\u016bte"},"schema":{"@context":"https:\/\/schema.org","@graph":[{"@type":"WebPage","@id":"https:\/\/kidsplay.lt\/produktas\/paw-patrol-sodo-namelis\/","url":"https:\/\/kidsplay.lt\/produktas\/paw-patrol-sodo-namelis\/","name":"Paw Patrol sodo namelis - KidsPlay","isPartOf":{"@id":"https:\/\/kidsplay.lt\/#website"},"primaryImageOfPage":{"@id":"https:\/\/kidsplay.lt\/produktas\/paw-patrol-sodo-namelis\/#primaryimage"},"image":{"@id":"https:\/\/kidsplay.lt\/produktas\/paw-patrol-sodo-namelis\/#primaryimage"},"thumbnailUrl":"https:\/\/kidsplay.lt\/wp-content\/uploads\/2025\/07\/Screenshot_9.png","datePublished":"2025-07-25T10:57:54+00:00","dateModified":"2026-02-24T11:28:40+00:00","description":"\u0136epu patru\u013cas d\u0101rza m\u0101ji\u0146a","breadcrumb":{"@id":"https:\/\/kidsplay.lt\/produktas\/paw-patrol-sodo-namelis\/#breadcrumb"},"inLanguage":"lv-LV","potentialAction":[{"@type":"ReadAction","target":["https:\/\/kidsplay.lt\/produktas\/paw-patrol-sodo-namelis\/"]}]},{"@type":"ImageObject","inLanguage":"lv-LV","@id":"https:\/\/kidsplay.lt\/produktas\/paw-patrol-sodo-namelis\/#primaryimage","url":"https:\/\/kidsplay.lt\/wp-content\/uploads\/2025\/07\/Screenshot_9.png","contentUrl":"https:\/\/kidsplay.lt\/wp-content\/uploads\/2025\/07\/Screenshot_9.png","width":566,"height":490},{"@type":"BreadcrumbList","@id":"https:\/\/kidsplay.lt\/produktas\/paw-patrol-sodo-namelis\/#breadcrumb","itemListElement":[{"@type":"ListItem","position":1,"name":"Pagrindinis","item":"https:\/\/kidsplay.lt\/"},{"@type":"ListItem","position":2,"name":"Parduotuv\u0117","item":"https:\/\/kidsplay.lt\/parduotuve\/"},{"@type":"ListItem","position":3,"name":"Paw Patrol sodo namelis"}]},{"@type":"WebSite","@id":"https:\/\/kidsplay.lt\/#website","url":"https:\/\/kidsplay.lt\/","name":"B\u0113rnu sp\u0113les.lv","description":"\u012evairios prek\u0117s vaikams","publisher":{"@id":"https:\/\/kidsplay.lt\/#organization"},"alternateName":"Kidsplay","potentialAction":[{"@type":"SearchAction","target":{"@type":"EntryPoint","urlTemplate":"https:\/\/kidsplay.lt\/?s={search_term_string}"},"query-input":{"@type":"PropertyValueSpecification","valueRequired":true,"valueName":"search_term_string"}}],"inLanguage":"lv-LV"},{"@type":"Organization","@id":"https:\/\/kidsplay.lt\/#organization","name":"B\u0113rnu sp\u0113le","url":"https:\/\/kidsplay.lt\/","logo":{"@type":"ImageObject","inLanguage":"lv-LV","@id":"https:\/\/kidsplay.lt\/#\/schema\/logo\/image\/","url":"https:\/\/kidsplay.lt\/wp-content\/uploads\/2023\/07\/kidsplay-logo.png","contentUrl":"https:\/\/kidsplay.lt\/wp-content\/uploads\/2023\/07\/kidsplay-logo.png","width":451,"height":98,"caption":"KidsPlay"},"image":{"@id":"https:\/\/kidsplay.lt\/#\/schema\/logo\/image\/"},"sameAs":["https:\/\/www.facebook.com\/www.kidsplay.lt"]}]}},"_links":{"self":[{"href":"https:\/\/kidsplay.lt\/lv\/wp-json\/wp\/v2\/product\/61452","targetHints":{"allow":["GET"]}}],"collection":[{"href":"https:\/\/kidsplay.lt\/lv\/wp-json\/wp\/v2\/product"}],"about":[{"href":"https:\/\/kidsplay.lt\/lv\/wp-json\/wp\/v2\/types\/product"}],"version-history":[{"count":3,"href":"https:\/\/kidsplay.lt\/lv\/wp-json\/wp\/v2\/product\/61452\/revisions"}],"predecessor-version":[{"id":86865,"href":"https:\/\/kidsplay.lt\/lv\/wp-json\/wp\/v2\/product\/61452\/revisions\/86865"}],"wp:featuredmedia":[{"embeddable":true,"href":"https:\/\/kidsplay.lt\/lv\/wp-json\/wp\/v2\/media\/61453"}],"wp:attachment":[{"href":"https:\/\/kidsplay.lt\/lv\/wp-json\/wp\/v2\/media?parent=61452"}],"wp:term":[{"taxonomy":"product_brand","embeddable":true,"href":"https:\/\/kidsplay.lt\/lv\/wp-json\/wp\/v2\/product_brand?post=61452"},{"taxonomy":"product_cat","embeddable":true,"href":"https:\/\/kidsplay.lt\/lv\/wp-json\/wp\/v2\/product_cat?post=61452"},{"taxonomy":"product_tag","embeddable":true,"href":"https:\/\/kidsplay.lt\/lv\/wp-json\/wp\/v2\/product_tag?post=61452"}],"curies":[{"name":"wp","href":"https:\/\/api.w.org\/{rel}","templated":true}]}}