{"id":61488,"date":"2025-07-29T11:03:06","date_gmt":"2025-07-29T08:03:06","guid":{"rendered":"https:\/\/kidsplay.lt\/?post_type=product&#038;p=61488"},"modified":"2026-04-19T09:58:33","modified_gmt":"2026-04-19T06:58:33","slug":"zmogus-voras-spidermen-kuprine","status":"publish","type":"product","link":"https:\/\/kidsplay.lt\/lv\/products\/zmogus-voras-spidermen-kuprine\/","title":{"rendered":"Zirnek\u013ccilv\u0113ka Zirnek\u013ccilv\u0113ka mugursoma"},"content":{"rendered":"<div class=\"mpof_ki myre_zn myre_8v_l m389_6m_l\">\n<div class=\"mp4t_16_s mryx_16_s mr3m_1 mli2_1 mh85_56 mh85_0_l\">\n<div class=\"mgn2_16 _0d3bd_am0a-\">\n<h2><b><span dir=\"auto\">Apra\u0161ymas:<\/span><\/b><\/h2>\n<p><span dir=\"auto\">Mokyklin\u0117 kuprin\u0117. Vienas erdvus skyrius su vidiniu ki\u0161eniu. U\u017etraukiama ki\u0161en\u0117 priekyje. Dvi ki\u0161en\u0117s \u0161onuose: viena su tinkliniu audiniu, kita su u\u017etrauktuku. Ergonomi\u0161kos formos, standi nugar\u0117l\u0117. Patogios, i\u0161lenktos pe\u010di\u0173 ranken\u0117l\u0117s.<\/span><\/p>\n<h2><b><span dir=\"auto\">Raksturojums:<\/span><\/b><\/h2>\n<ul>\n<li><span dir=\"auto\">1 erdvus skyrius su skyriais<\/span><\/li>\n<li><span dir=\"auto\">u\u017etraukiama ki\u0161en\u0117 priekyje<\/span><\/li>\n<li><b><span dir=\"auto\">\u0160onuose yra papildomos ki\u0161en\u0117s, viena i\u0161 j\u0173 \u2013 tinklin\u0117 g\u0117rimui, o kita \u2013 u\u017etrauktuku.<\/span><\/b><\/li>\n<li><span dir=\"auto\">sustingimas nugaroje<\/span><\/li>\n<li><span dir=\"auto\">ergonomi\u0161ka forma<\/span><\/li>\n<li><b><span dir=\"auto\">mink\u0161ti, reguliuojami ir kont\u016bruoti pe\u010di\u0173 dir\u017eeliai, padedantys i\u0161laikyti taisykling\u0105 laikysen\u0105<\/span><\/b><\/li>\n<li><span dir=\"auto\">pamink\u0161tintas dugnas<\/span><\/li>\n<li><b><span dir=\"auto\">atspindintys elementai<\/span><\/b><\/li>\n<li><b><span dir=\"auto\">pagaminta i\u0161 med\u017eiagos, atsparios dilimui<\/span><\/b><\/li>\n<\/ul>\n<h2><b><span dir=\"auto\">Izm\u0113ri:<\/span><\/b><\/h2>\n<ul>\n<li><b><span dir=\"auto\">Auk\u0161tis: 41 cm<\/span><\/b><\/li>\n<li><span dir=\"auto\">Plotis: 27 cm<\/span><\/li>\n<li><span dir=\"auto\">gylis: 15 cm<\/span><\/li>\n<li><span dir=\"auto\">Svoris: 850 g<\/span><\/li>\n<\/ul>\n<\/div>\n<\/div>\n<\/div>\n<div class=\"mpof_ki myre_zn myre_8v_l m389_6m_l\">\n<div class=\"mp4t_16_s mryx_16_s mr3m_1 mli2_1 mh85_56 mh85_0_l\">\n<div class=\"mgn2_16 _0d3bd_am0a-\">\n<h1><span dir=\"auto\">Apie gamintoj\u0105<\/span><\/h1>\n<p><span dir=\"auto\">Prodiuseris:\u00a0<\/span><b><span dir=\"auto\">PASO<\/span><\/b><\/p>\n<p><b><span dir=\"auto\">\u201ePASO\u201c<\/span><\/b><span dir=\"auto\">\u00a0\u2013 Lenkijos gamintojas, rinkoje veikiantis jau daugiau nei 35 metus. Per \u0161\u012f laik\u0105 jis sukaup\u0117 patirties ir u\u017e\u0117m\u0117 lyderio pozicijas \u0161alyje. \u0160iuo metu \u201ePASO\u201c yra vienas pagrindini\u0173\u00a0<\/span><b><span dir=\"auto\">mokyklini\u0173 preki\u0173, krep\u0161i\u0173, kuprini\u0173, lagamin\u0173<\/span><\/b><span dir=\"auto\">\u00a0\u2013 visko, k\u0105 galite supakuoti \u2013 tiek\u0117j\u0173. Jie turi\u00a0<\/span><b><span dir=\"auto\">\u201eDisney\u201c (\u201e\u017dvaig\u017ed\u017ei\u0173 karai\u201c, \u201eLedo \u0161alis\u201c, \u201eRatai\u201c, \u201eMinnie Mouse\u201c), Rachael Hale, Barbie, Maui and Sons, \u201eStudio Pet&#8217;s\u201c, \u201eMarvel\u201c ir daugelio kit\u0173 licencijas.<\/span><\/b><\/p>\n<p><span dir=\"auto\">Produktai skirti skirtingoms am\u017eiaus grup\u0117ms, o d\u0117l didel\u0117s gamini\u0173 \u012fvairov\u0117s mokyklini\u0173 aksesuar\u0173 ir \u012ftais\u0173 su m\u0117gstamiausiais persona\u017eais kolekcionavimas tampa tikru malonumu.<\/span><\/p>\n<\/div>\n<\/div>\n<\/div>","protected":false},"excerpt":{"rendered":"<p>Zirnek\u013ccilv\u0113ka Zirnek\u013ccilv\u0113ka mugursoma<\/p>","protected":false},"featured_media":61489,"template":"","meta":{"_acf_changed":false,"_glsr_average":0,"_glsr_ranking":0,"_glsr_reviews":0},"product_brand":[],"product_cat":[342,343],"product_tag":[],"class_list":{"0":"post-61488","1":"product","2":"type-product","3":"status-publish","4":"has-post-thumbnail","6":"product_cat-kuprines","7":"product_cat-kuprines-pradinukams","8":"\"style=\"background-color: #2ecc711c;\"","10":"first","11":"instock","12":"shipping-taxable","13":"purchasable","14":"product-type-simple"},"acf":[],"yoast_head":"<!-- This site is optimized with the Yoast SEO plugin v27.4 - https:\/\/yoast.com\/product\/yoast-seo-wordpress\/ -->\n<title>\u017dmogus voras Spidermen kuprin\u0117 - KidsPlay<\/title>\n<meta name=\"description\" content=\"\u017dmogus voras Spidermen kuprin\u0117\" \/>\n<meta name=\"robots\" content=\"index, follow, max-snippet:-1, max-image-preview:large, max-video-preview:-1\" \/>\n<link rel=\"canonical\" href=\"https:\/\/kidsplay.lt\/lv\/products\/zmogus-voras-spidermen-kuprine\/\" \/>\n<meta property=\"og:locale\" content=\"lv_LV\" \/>\n<meta property=\"og:type\" content=\"article\" \/>\n<meta property=\"og:title\" content=\"\u017dmogus voras Spidermen kuprin\u0117 - KidsPlay\" \/>\n<meta property=\"og:description\" content=\"\u017dmogus voras Spidermen kuprin\u0117\" \/>\n<meta property=\"og:url\" content=\"https:\/\/kidsplay.lt\/lv\/products\/zmogus-voras-spidermen-kuprine\/\" \/>\n<meta property=\"og:site_name\" content=\"KidsPlay\" \/>\n<meta property=\"article:publisher\" content=\"https:\/\/www.facebook.com\/www.kidsplay.lt\" \/>\n<meta property=\"article:modified_time\" content=\"2026-04-19T06:58:33+00:00\" \/>\n<meta property=\"og:image\" content=\"https:\/\/kidsplay.lt\/wp-content\/uploads\/2025\/07\/Screenshot_23.png\" \/>\n\t<meta property=\"og:image:width\" content=\"518\" \/>\n\t<meta property=\"og:image:height\" content=\"553\" \/>\n\t<meta property=\"og:image:type\" content=\"image\/png\" \/>\n<meta name=\"twitter:card\" content=\"summary_large_image\" \/>\n<meta name=\"twitter:label1\" content=\"Est. reading time\" \/>\n\t<meta name=\"twitter:data1\" content=\"2 min\u016btes\" \/>\n<script type=\"application\/ld+json\" class=\"yoast-schema-graph\">{\"@context\":\"https:\\\/\\\/schema.org\",\"@graph\":[{\"@type\":\"WebPage\",\"@id\":\"https:\\\/\\\/kidsplay.lt\\\/produktas\\\/zmogus-voras-spidermen-kuprine\\\/\",\"url\":\"https:\\\/\\\/kidsplay.lt\\\/produktas\\\/zmogus-voras-spidermen-kuprine\\\/\",\"name\":\"\u017dmogus voras Spidermen kuprin\u0117 - KidsPlay\",\"isPartOf\":{\"@id\":\"https:\\\/\\\/kidsplay.lt\\\/#website\"},\"primaryImageOfPage\":{\"@id\":\"https:\\\/\\\/kidsplay.lt\\\/produktas\\\/zmogus-voras-spidermen-kuprine\\\/#primaryimage\"},\"image\":{\"@id\":\"https:\\\/\\\/kidsplay.lt\\\/produktas\\\/zmogus-voras-spidermen-kuprine\\\/#primaryimage\"},\"thumbnailUrl\":\"https:\\\/\\\/kidsplay.lt\\\/wp-content\\\/uploads\\\/2025\\\/07\\\/Screenshot_23.png\",\"datePublished\":\"2025-07-29T08:03:06+00:00\",\"dateModified\":\"2026-04-19T06:58:33+00:00\",\"description\":\"\u017dmogus voras Spidermen kuprin\u0117\",\"breadcrumb\":{\"@id\":\"https:\\\/\\\/kidsplay.lt\\\/produktas\\\/zmogus-voras-spidermen-kuprine\\\/#breadcrumb\"},\"inLanguage\":\"lv-LV\",\"potentialAction\":[{\"@type\":\"ReadAction\",\"target\":[\"https:\\\/\\\/kidsplay.lt\\\/produktas\\\/zmogus-voras-spidermen-kuprine\\\/\"]}]},{\"@type\":\"ImageObject\",\"inLanguage\":\"lv-LV\",\"@id\":\"https:\\\/\\\/kidsplay.lt\\\/produktas\\\/zmogus-voras-spidermen-kuprine\\\/#primaryimage\",\"url\":\"https:\\\/\\\/kidsplay.lt\\\/wp-content\\\/uploads\\\/2025\\\/07\\\/Screenshot_23.png\",\"contentUrl\":\"https:\\\/\\\/kidsplay.lt\\\/wp-content\\\/uploads\\\/2025\\\/07\\\/Screenshot_23.png\",\"width\":518,\"height\":553},{\"@type\":\"BreadcrumbList\",\"@id\":\"https:\\\/\\\/kidsplay.lt\\\/produktas\\\/zmogus-voras-spidermen-kuprine\\\/#breadcrumb\",\"itemListElement\":[{\"@type\":\"ListItem\",\"position\":1,\"name\":\"Pagrindinis\",\"item\":\"https:\\\/\\\/kidsplay.lt\\\/\"},{\"@type\":\"ListItem\",\"position\":2,\"name\":\"Parduotuv\u0117\",\"item\":\"https:\\\/\\\/kidsplay.lt\\\/parduotuve\\\/\"},{\"@type\":\"ListItem\",\"position\":3,\"name\":\"\u017dmogus voras Spidermen kuprin\u0117\"}]},{\"@type\":\"WebSite\",\"@id\":\"https:\\\/\\\/kidsplay.lt\\\/#website\",\"url\":\"https:\\\/\\\/kidsplay.lt\\\/\",\"name\":\"Kidsplay.lt\",\"description\":\"\u012evairios prek\u0117s vaikams\",\"publisher\":{\"@id\":\"https:\\\/\\\/kidsplay.lt\\\/#organization\"},\"alternateName\":\"Kidsplay\",\"potentialAction\":[{\"@type\":\"SearchAction\",\"target\":{\"@type\":\"EntryPoint\",\"urlTemplate\":\"https:\\\/\\\/kidsplay.lt\\\/?s={search_term_string}\"},\"query-input\":{\"@type\":\"PropertyValueSpecification\",\"valueRequired\":true,\"valueName\":\"search_term_string\"}}],\"inLanguage\":\"lv-LV\"},{\"@type\":\"Organization\",\"@id\":\"https:\\\/\\\/kidsplay.lt\\\/#organization\",\"name\":\"KidsPlay\",\"url\":\"https:\\\/\\\/kidsplay.lt\\\/\",\"logo\":{\"@type\":\"ImageObject\",\"inLanguage\":\"lv-LV\",\"@id\":\"https:\\\/\\\/kidsplay.lt\\\/#\\\/schema\\\/logo\\\/image\\\/\",\"url\":\"https:\\\/\\\/kidsplay.lt\\\/wp-content\\\/uploads\\\/2023\\\/07\\\/kidsplay-logo.png\",\"contentUrl\":\"https:\\\/\\\/kidsplay.lt\\\/wp-content\\\/uploads\\\/2023\\\/07\\\/kidsplay-logo.png\",\"width\":451,\"height\":98,\"caption\":\"KidsPlay\"},\"image\":{\"@id\":\"https:\\\/\\\/kidsplay.lt\\\/#\\\/schema\\\/logo\\\/image\\\/\"},\"sameAs\":[\"https:\\\/\\\/www.facebook.com\\\/www.kidsplay.lt\"]}]}<\/script>\n<!-- \/ Yoast SEO plugin. -->","yoast_head_json":{"title":"\u017dmogus voras Spidermen kuprin\u0117 - KidsPlay","description":"Zirnek\u013ccilv\u0113ka Zirnek\u013ccilv\u0113ka mugursoma","robots":{"index":"index","follow":"follow","max-snippet":"max-snippet:-1","max-image-preview":"max-image-preview:large","max-video-preview":"max-video-preview:-1"},"canonical":"https:\/\/kidsplay.lt\/lv\/products\/zmogus-voras-spidermen-kuprine\/","og_locale":"lv_LV","og_type":"article","og_title":"\u017dmogus voras Spidermen kuprin\u0117 - KidsPlay","og_description":"\u017dmogus voras Spidermen kuprin\u0117","og_url":"https:\/\/kidsplay.lt\/lv\/products\/zmogus-voras-spidermen-kuprine\/","og_site_name":"KidsPlay","article_publisher":"https:\/\/www.facebook.com\/www.kidsplay.lt","article_modified_time":"2026-04-19T06:58:33+00:00","og_image":[{"width":518,"height":553,"url":"https:\/\/kidsplay.lt\/wp-content\/uploads\/2025\/07\/Screenshot_23.png","type":"image\/png"}],"twitter_card":"summary_large_image","twitter_misc":{"Est. reading time":"2 min\u016btes"},"schema":{"@context":"https:\/\/schema.org","@graph":[{"@type":"WebPage","@id":"https:\/\/kidsplay.lt\/produktas\/zmogus-voras-spidermen-kuprine\/","url":"https:\/\/kidsplay.lt\/produktas\/zmogus-voras-spidermen-kuprine\/","name":"\u017dmogus voras Spidermen kuprin\u0117 - KidsPlay","isPartOf":{"@id":"https:\/\/kidsplay.lt\/#website"},"primaryImageOfPage":{"@id":"https:\/\/kidsplay.lt\/produktas\/zmogus-voras-spidermen-kuprine\/#primaryimage"},"image":{"@id":"https:\/\/kidsplay.lt\/produktas\/zmogus-voras-spidermen-kuprine\/#primaryimage"},"thumbnailUrl":"https:\/\/kidsplay.lt\/wp-content\/uploads\/2025\/07\/Screenshot_23.png","datePublished":"2025-07-29T08:03:06+00:00","dateModified":"2026-04-19T06:58:33+00:00","description":"Zirnek\u013ccilv\u0113ka Zirnek\u013ccilv\u0113ka mugursoma","breadcrumb":{"@id":"https:\/\/kidsplay.lt\/produktas\/zmogus-voras-spidermen-kuprine\/#breadcrumb"},"inLanguage":"lv-LV","potentialAction":[{"@type":"ReadAction","target":["https:\/\/kidsplay.lt\/produktas\/zmogus-voras-spidermen-kuprine\/"]}]},{"@type":"ImageObject","inLanguage":"lv-LV","@id":"https:\/\/kidsplay.lt\/produktas\/zmogus-voras-spidermen-kuprine\/#primaryimage","url":"https:\/\/kidsplay.lt\/wp-content\/uploads\/2025\/07\/Screenshot_23.png","contentUrl":"https:\/\/kidsplay.lt\/wp-content\/uploads\/2025\/07\/Screenshot_23.png","width":518,"height":553},{"@type":"BreadcrumbList","@id":"https:\/\/kidsplay.lt\/produktas\/zmogus-voras-spidermen-kuprine\/#breadcrumb","itemListElement":[{"@type":"ListItem","position":1,"name":"Pagrindinis","item":"https:\/\/kidsplay.lt\/"},{"@type":"ListItem","position":2,"name":"Parduotuv\u0117","item":"https:\/\/kidsplay.lt\/parduotuve\/"},{"@type":"ListItem","position":3,"name":"\u017dmogus voras Spidermen kuprin\u0117"}]},{"@type":"WebSite","@id":"https:\/\/kidsplay.lt\/#website","url":"https:\/\/kidsplay.lt\/","name":"B\u0113rnu sp\u0113les.lv","description":"\u012evairios prek\u0117s vaikams","publisher":{"@id":"https:\/\/kidsplay.lt\/#organization"},"alternateName":"Kidsplay","potentialAction":[{"@type":"SearchAction","target":{"@type":"EntryPoint","urlTemplate":"https:\/\/kidsplay.lt\/?s={search_term_string}"},"query-input":{"@type":"PropertyValueSpecification","valueRequired":true,"valueName":"search_term_string"}}],"inLanguage":"lv-LV"},{"@type":"Organization","@id":"https:\/\/kidsplay.lt\/#organization","name":"B\u0113rnu sp\u0113le","url":"https:\/\/kidsplay.lt\/","logo":{"@type":"ImageObject","inLanguage":"lv-LV","@id":"https:\/\/kidsplay.lt\/#\/schema\/logo\/image\/","url":"https:\/\/kidsplay.lt\/wp-content\/uploads\/2023\/07\/kidsplay-logo.png","contentUrl":"https:\/\/kidsplay.lt\/wp-content\/uploads\/2023\/07\/kidsplay-logo.png","width":451,"height":98,"caption":"KidsPlay"},"image":{"@id":"https:\/\/kidsplay.lt\/#\/schema\/logo\/image\/"},"sameAs":["https:\/\/www.facebook.com\/www.kidsplay.lt"]}]}},"_links":{"self":[{"href":"https:\/\/kidsplay.lt\/lv\/wp-json\/wp\/v2\/product\/61488","targetHints":{"allow":["GET"]}}],"collection":[{"href":"https:\/\/kidsplay.lt\/lv\/wp-json\/wp\/v2\/product"}],"about":[{"href":"https:\/\/kidsplay.lt\/lv\/wp-json\/wp\/v2\/types\/product"}],"version-history":[{"count":2,"href":"https:\/\/kidsplay.lt\/lv\/wp-json\/wp\/v2\/product\/61488\/revisions"}],"predecessor-version":[{"id":74175,"href":"https:\/\/kidsplay.lt\/lv\/wp-json\/wp\/v2\/product\/61488\/revisions\/74175"}],"wp:featuredmedia":[{"embeddable":true,"href":"https:\/\/kidsplay.lt\/lv\/wp-json\/wp\/v2\/media\/61489"}],"wp:attachment":[{"href":"https:\/\/kidsplay.lt\/lv\/wp-json\/wp\/v2\/media?parent=61488"}],"wp:term":[{"taxonomy":"product_brand","embeddable":true,"href":"https:\/\/kidsplay.lt\/lv\/wp-json\/wp\/v2\/product_brand?post=61488"},{"taxonomy":"product_cat","embeddable":true,"href":"https:\/\/kidsplay.lt\/lv\/wp-json\/wp\/v2\/product_cat?post=61488"},{"taxonomy":"product_tag","embeddable":true,"href":"https:\/\/kidsplay.lt\/lv\/wp-json\/wp\/v2\/product_tag?post=61488"}],"curies":[{"name":"wp","href":"https:\/\/api.w.org\/{rel}","templated":true}]}}