{"id":61494,"date":"2025-07-29T11:05:30","date_gmt":"2025-07-29T08:05:30","guid":{"rendered":"https:\/\/kidsplay.lt\/?post_type=product&#038;p=61494"},"modified":"2025-10-04T22:05:39","modified_gmt":"2025-10-04T19:05:39","slug":"minnie-mouse-kuprine","status":"publish","type":"product","link":"https:\/\/kidsplay.lt\/lv\/product\/minnie-mouse-kuprine\/","title":{"rendered":"Minnie Mouse kuprin\u0117"},"content":{"rendered":"<p><b><span dir=\"auto\">Mokyklin\u0117 kuprin\u0117 \u201ePaso\u201c<\/span><\/b><span dir=\"auto\">\u00a0. Ji turi\u00a0<\/span><b><span dir=\"auto\">vien\u0105 erdv\u0173 skyri\u0173<\/span><\/b><span dir=\"auto\">\u00a0, u\u017esegam\u0105 dvikryp\u010diu u\u017etrauktuku su\u00a0<\/span><b><span dir=\"auto\">dekoratyviniais trauktukais<\/span><\/b><span dir=\"auto\">\u00a0, palengvinan\u010diais u\u017edarym\u0105. Viduje yra\u00a0<\/span><b><span dir=\"auto\">pertvaros<\/span><\/b><span dir=\"auto\">\u00a0, kurios pad\u0117s j\u016bs\u0173 vaikui palaikyti tvark\u0105 tarp supakuot\u0173 daikt\u0173.\u00a0<\/span><b><span dir=\"auto\">Kuprin\u0117s priekyje yra funkcionali, u\u017etraukiama ki\u0161en\u0117.\u00a0<\/span><\/b><b><span dir=\"auto\">\u0160onuose yra dvi ki\u0161en\u0117s:<\/span><\/b><span dir=\"auto\">\u00a0viena i\u0161 tinklini\u0173, idealiai tinka vandens buteliukui ar buteliukui, kita u\u017etraukiama. Ergonomi\u0161kos\u00a0<\/span><b><span dir=\"auto\">formos, standi nugar\u0117l\u0117<\/span><\/b><span dir=\"auto\">\u00a0gerokai apkrauna ma\u017eojo \u0161eimininko stubur\u0105. Mink\u0161tos,\u00a0<\/span><b><span dir=\"auto\">reguliuojamos ir kont\u016bruotos petne\u0161os<\/span><\/b><span dir=\"auto\">\u00a0u\u017etikrina taisykling\u0105 ir sveik\u0105 j\u016bs\u0173 vaiko laikysen\u0105. Kuprin\u0117 turi\u00a0<\/span><b><span dir=\"auto\">stand\u0173 dugn\u0105<\/span><\/b><span dir=\"auto\">\u00a0un\u00a0<\/span><b><span dir=\"auto\">\u0161vies\u0105 atspindin\u010dius elementus.\u00a0<\/span><\/b><\/p>\n<p><span dir=\"auto\">\u2705 Matmenys 36x28x15 cm<\/span><\/p>\n<p><span dir=\"auto\">\u2705 Svoris: 900 gram\u0173<\/span><\/p>\n<p><span dir=\"auto\">\u2705 Poliesterio med\u017eiaga<\/span><\/p>\n<p><span dir=\"auto\">\u2705 PASO prek\u0117s \u017eenklas<\/span><\/p>\n<p>&nbsp;<\/p>","protected":false},"excerpt":{"rendered":"<p>Minnie Mouse kuprin\u0117<\/p>","protected":false},"featured_media":61495,"template":"","meta":{"_acf_changed":false,"_glsr_average":0,"_glsr_ranking":0,"_glsr_reviews":0},"product_brand":[],"product_cat":[342,343],"product_tag":[],"class_list":{"0":"post-61494","1":"product","2":"type-product","3":"status-publish","4":"has-post-thumbnail","6":"product_cat-kuprines","7":"product_cat-kuprines-pradinukams","8":"\"style=\"background-color: #2ecc711c;\"","10":"first","11":"instock","12":"shipping-taxable","13":"purchasable","14":"product-type-simple"},"acf":[],"yoast_head":"<!-- This site is optimized with the Yoast SEO plugin v27.3 - https:\/\/yoast.com\/product\/yoast-seo-wordpress\/ -->\n<title>Minnie Mouse kuprin\u0117 - KidsPlay<\/title>\n<meta name=\"description\" content=\"Minnie Mouse kuprin\u0117\" \/>\n<meta name=\"robots\" content=\"index, follow, max-snippet:-1, max-image-preview:large, max-video-preview:-1\" \/>\n<link rel=\"canonical\" href=\"https:\/\/kidsplay.lt\/lv\/product\/minnie-mouse-kuprine\/\" \/>\n<meta property=\"og:locale\" content=\"lv_LV\" \/>\n<meta property=\"og:type\" content=\"article\" \/>\n<meta property=\"og:title\" content=\"Minnie Mouse kuprin\u0117 - KidsPlay\" \/>\n<meta property=\"og:description\" content=\"Minnie Mouse kuprin\u0117\" \/>\n<meta property=\"og:url\" content=\"https:\/\/kidsplay.lt\/lv\/product\/minnie-mouse-kuprine\/\" \/>\n<meta property=\"og:site_name\" content=\"KidsPlay\" \/>\n<meta property=\"article:publisher\" content=\"https:\/\/www.facebook.com\/www.kidsplay.lt\" \/>\n<meta property=\"article:modified_time\" content=\"2025-10-04T19:05:39+00:00\" \/>\n<meta property=\"og:image\" content=\"https:\/\/kidsplay.lt\/wp-content\/uploads\/2025\/07\/Screenshot_27.png\" \/>\n\t<meta property=\"og:image:width\" content=\"549\" \/>\n\t<meta property=\"og:image:height\" content=\"523\" \/>\n\t<meta property=\"og:image:type\" content=\"image\/png\" \/>\n<meta name=\"twitter:card\" content=\"summary_large_image\" \/>\n<meta name=\"twitter:label1\" content=\"Est. reading time\" \/>\n\t<meta name=\"twitter:data1\" content=\"1 min\u016bte\" \/>\n<script type=\"application\/ld+json\" class=\"yoast-schema-graph\">{\"@context\":\"https:\\\/\\\/schema.org\",\"@graph\":[{\"@type\":\"WebPage\",\"@id\":\"https:\\\/\\\/kidsplay.lt\\\/produktas\\\/minnie-mouse-kuprine\\\/\",\"url\":\"https:\\\/\\\/kidsplay.lt\\\/produktas\\\/minnie-mouse-kuprine\\\/\",\"name\":\"Minnie Mouse kuprin\u0117 - KidsPlay\",\"isPartOf\":{\"@id\":\"https:\\\/\\\/kidsplay.lt\\\/#website\"},\"primaryImageOfPage\":{\"@id\":\"https:\\\/\\\/kidsplay.lt\\\/produktas\\\/minnie-mouse-kuprine\\\/#primaryimage\"},\"image\":{\"@id\":\"https:\\\/\\\/kidsplay.lt\\\/produktas\\\/minnie-mouse-kuprine\\\/#primaryimage\"},\"thumbnailUrl\":\"https:\\\/\\\/kidsplay.lt\\\/wp-content\\\/uploads\\\/2025\\\/07\\\/Screenshot_27.png\",\"datePublished\":\"2025-07-29T08:05:30+00:00\",\"dateModified\":\"2025-10-04T19:05:39+00:00\",\"description\":\"Minnie Mouse kuprin\u0117\",\"breadcrumb\":{\"@id\":\"https:\\\/\\\/kidsplay.lt\\\/produktas\\\/minnie-mouse-kuprine\\\/#breadcrumb\"},\"inLanguage\":\"lv-LV\",\"potentialAction\":[{\"@type\":\"ReadAction\",\"target\":[\"https:\\\/\\\/kidsplay.lt\\\/produktas\\\/minnie-mouse-kuprine\\\/\"]}]},{\"@type\":\"ImageObject\",\"inLanguage\":\"lv-LV\",\"@id\":\"https:\\\/\\\/kidsplay.lt\\\/produktas\\\/minnie-mouse-kuprine\\\/#primaryimage\",\"url\":\"https:\\\/\\\/kidsplay.lt\\\/wp-content\\\/uploads\\\/2025\\\/07\\\/Screenshot_27.png\",\"contentUrl\":\"https:\\\/\\\/kidsplay.lt\\\/wp-content\\\/uploads\\\/2025\\\/07\\\/Screenshot_27.png\",\"width\":549,\"height\":523},{\"@type\":\"BreadcrumbList\",\"@id\":\"https:\\\/\\\/kidsplay.lt\\\/produktas\\\/minnie-mouse-kuprine\\\/#breadcrumb\",\"itemListElement\":[{\"@type\":\"ListItem\",\"position\":1,\"name\":\"Pagrindinis\",\"item\":\"https:\\\/\\\/kidsplay.lt\\\/\"},{\"@type\":\"ListItem\",\"position\":2,\"name\":\"Parduotuv\u0117\",\"item\":\"https:\\\/\\\/kidsplay.lt\\\/parduotuve\\\/\"},{\"@type\":\"ListItem\",\"position\":3,\"name\":\"Minnie Mouse kuprin\u0117\"}]},{\"@type\":\"WebSite\",\"@id\":\"https:\\\/\\\/kidsplay.lt\\\/#website\",\"url\":\"https:\\\/\\\/kidsplay.lt\\\/\",\"name\":\"Kidsplay.lt\",\"description\":\"\u012evairios prek\u0117s vaikams\",\"publisher\":{\"@id\":\"https:\\\/\\\/kidsplay.lt\\\/#organization\"},\"alternateName\":\"Kidsplay\",\"potentialAction\":[{\"@type\":\"SearchAction\",\"target\":{\"@type\":\"EntryPoint\",\"urlTemplate\":\"https:\\\/\\\/kidsplay.lt\\\/?s={search_term_string}\"},\"query-input\":{\"@type\":\"PropertyValueSpecification\",\"valueRequired\":true,\"valueName\":\"search_term_string\"}}],\"inLanguage\":\"lv-LV\"},{\"@type\":\"Organization\",\"@id\":\"https:\\\/\\\/kidsplay.lt\\\/#organization\",\"name\":\"KidsPlay\",\"url\":\"https:\\\/\\\/kidsplay.lt\\\/\",\"logo\":{\"@type\":\"ImageObject\",\"inLanguage\":\"lv-LV\",\"@id\":\"https:\\\/\\\/kidsplay.lt\\\/#\\\/schema\\\/logo\\\/image\\\/\",\"url\":\"https:\\\/\\\/kidsplay.lt\\\/wp-content\\\/uploads\\\/2023\\\/07\\\/kidsplay-logo.png\",\"contentUrl\":\"https:\\\/\\\/kidsplay.lt\\\/wp-content\\\/uploads\\\/2023\\\/07\\\/kidsplay-logo.png\",\"width\":451,\"height\":98,\"caption\":\"KidsPlay\"},\"image\":{\"@id\":\"https:\\\/\\\/kidsplay.lt\\\/#\\\/schema\\\/logo\\\/image\\\/\"},\"sameAs\":[\"https:\\\/\\\/www.facebook.com\\\/www.kidsplay.lt\"]}]}<\/script>\n<!-- \/ Yoast SEO plugin. -->","yoast_head_json":{"title":"Minnie Mouse kuprin\u0117 - KidsPlay","description":"Minnie Mouse kuprin\u0117","robots":{"index":"index","follow":"follow","max-snippet":"max-snippet:-1","max-image-preview":"max-image-preview:large","max-video-preview":"max-video-preview:-1"},"canonical":"https:\/\/kidsplay.lt\/lv\/product\/minnie-mouse-kuprine\/","og_locale":"lv_LV","og_type":"article","og_title":"Minnie Mouse kuprin\u0117 - KidsPlay","og_description":"Minnie Mouse kuprin\u0117","og_url":"https:\/\/kidsplay.lt\/lv\/product\/minnie-mouse-kuprine\/","og_site_name":"KidsPlay","article_publisher":"https:\/\/www.facebook.com\/www.kidsplay.lt","article_modified_time":"2025-10-04T19:05:39+00:00","og_image":[{"width":549,"height":523,"url":"https:\/\/kidsplay.lt\/wp-content\/uploads\/2025\/07\/Screenshot_27.png","type":"image\/png"}],"twitter_card":"summary_large_image","twitter_misc":{"Est. reading time":"1 min\u016bte"},"schema":{"@context":"https:\/\/schema.org","@graph":[{"@type":"WebPage","@id":"https:\/\/kidsplay.lt\/produktas\/minnie-mouse-kuprine\/","url":"https:\/\/kidsplay.lt\/produktas\/minnie-mouse-kuprine\/","name":"Minnie Mouse kuprin\u0117 - KidsPlay","isPartOf":{"@id":"https:\/\/kidsplay.lt\/#website"},"primaryImageOfPage":{"@id":"https:\/\/kidsplay.lt\/produktas\/minnie-mouse-kuprine\/#primaryimage"},"image":{"@id":"https:\/\/kidsplay.lt\/produktas\/minnie-mouse-kuprine\/#primaryimage"},"thumbnailUrl":"https:\/\/kidsplay.lt\/wp-content\/uploads\/2025\/07\/Screenshot_27.png","datePublished":"2025-07-29T08:05:30+00:00","dateModified":"2025-10-04T19:05:39+00:00","description":"Minnie Mouse kuprin\u0117","breadcrumb":{"@id":"https:\/\/kidsplay.lt\/produktas\/minnie-mouse-kuprine\/#breadcrumb"},"inLanguage":"lv-LV","potentialAction":[{"@type":"ReadAction","target":["https:\/\/kidsplay.lt\/produktas\/minnie-mouse-kuprine\/"]}]},{"@type":"ImageObject","inLanguage":"lv-LV","@id":"https:\/\/kidsplay.lt\/produktas\/minnie-mouse-kuprine\/#primaryimage","url":"https:\/\/kidsplay.lt\/wp-content\/uploads\/2025\/07\/Screenshot_27.png","contentUrl":"https:\/\/kidsplay.lt\/wp-content\/uploads\/2025\/07\/Screenshot_27.png","width":549,"height":523},{"@type":"BreadcrumbList","@id":"https:\/\/kidsplay.lt\/produktas\/minnie-mouse-kuprine\/#breadcrumb","itemListElement":[{"@type":"ListItem","position":1,"name":"Pagrindinis","item":"https:\/\/kidsplay.lt\/"},{"@type":"ListItem","position":2,"name":"Parduotuv\u0117","item":"https:\/\/kidsplay.lt\/parduotuve\/"},{"@type":"ListItem","position":3,"name":"Minnie Mouse kuprin\u0117"}]},{"@type":"WebSite","@id":"https:\/\/kidsplay.lt\/#website","url":"https:\/\/kidsplay.lt\/","name":"B\u0113rnu sp\u0113les.lv","description":"\u012evairios prek\u0117s vaikams","publisher":{"@id":"https:\/\/kidsplay.lt\/#organization"},"alternateName":"Kidsplay","potentialAction":[{"@type":"SearchAction","target":{"@type":"EntryPoint","urlTemplate":"https:\/\/kidsplay.lt\/?s={search_term_string}"},"query-input":{"@type":"PropertyValueSpecification","valueRequired":true,"valueName":"search_term_string"}}],"inLanguage":"lv-LV"},{"@type":"Organization","@id":"https:\/\/kidsplay.lt\/#organization","name":"B\u0113rnu sp\u0113le","url":"https:\/\/kidsplay.lt\/","logo":{"@type":"ImageObject","inLanguage":"lv-LV","@id":"https:\/\/kidsplay.lt\/#\/schema\/logo\/image\/","url":"https:\/\/kidsplay.lt\/wp-content\/uploads\/2023\/07\/kidsplay-logo.png","contentUrl":"https:\/\/kidsplay.lt\/wp-content\/uploads\/2023\/07\/kidsplay-logo.png","width":451,"height":98,"caption":"KidsPlay"},"image":{"@id":"https:\/\/kidsplay.lt\/#\/schema\/logo\/image\/"},"sameAs":["https:\/\/www.facebook.com\/www.kidsplay.lt"]}]}},"_links":{"self":[{"href":"https:\/\/kidsplay.lt\/lv\/wp-json\/wp\/v2\/product\/61494","targetHints":{"allow":["GET"]}}],"collection":[{"href":"https:\/\/kidsplay.lt\/lv\/wp-json\/wp\/v2\/product"}],"about":[{"href":"https:\/\/kidsplay.lt\/lv\/wp-json\/wp\/v2\/types\/product"}],"version-history":[{"count":2,"href":"https:\/\/kidsplay.lt\/lv\/wp-json\/wp\/v2\/product\/61494\/revisions"}],"predecessor-version":[{"id":74174,"href":"https:\/\/kidsplay.lt\/lv\/wp-json\/wp\/v2\/product\/61494\/revisions\/74174"}],"wp:featuredmedia":[{"embeddable":true,"href":"https:\/\/kidsplay.lt\/lv\/wp-json\/wp\/v2\/media\/61495"}],"wp:attachment":[{"href":"https:\/\/kidsplay.lt\/lv\/wp-json\/wp\/v2\/media?parent=61494"}],"wp:term":[{"taxonomy":"product_brand","embeddable":true,"href":"https:\/\/kidsplay.lt\/lv\/wp-json\/wp\/v2\/product_brand?post=61494"},{"taxonomy":"product_cat","embeddable":true,"href":"https:\/\/kidsplay.lt\/lv\/wp-json\/wp\/v2\/product_cat?post=61494"},{"taxonomy":"product_tag","embeddable":true,"href":"https:\/\/kidsplay.lt\/lv\/wp-json\/wp\/v2\/product_tag?post=61494"}],"curies":[{"name":"wp","href":"https:\/\/api.w.org\/{rel}","templated":true}]}}