{"id":61501,"date":"2025-07-29T11:07:12","date_gmt":"2025-07-29T08:07:12","guid":{"rendered":"https:\/\/kidsplay.lt\/?post_type=product&#038;p=61501"},"modified":"2025-10-04T22:06:31","modified_gmt":"2025-10-04T19:06:31","slug":"hot-wheels-kuprine","status":"publish","type":"product","link":"https:\/\/kidsplay.lt\/lv\/products\/hot-wheels-kuprine\/","title":{"rendered":"Karsto rite\u0146u mugursoma"},"content":{"rendered":"<div class=\"mpof_ki myre_zn myre_8v_l m389_6m_l\">\n<div class=\"mp4t_16_s mryx_16_s mr3m_1 mli2_1 mh85_56 mh85_0_l\">\n<div class=\"mgn2_16 _0d3bd_am0a-\">\n<h1><span dir=\"auto\">Izm\u0113ri:<\/span><\/h1>\n<ul>\n<li><span dir=\"auto\">Auk\u0161tis: 35 cm<\/span><\/li>\n<li><span dir=\"auto\">Plotis: 29 cm<\/span><\/li>\n<li><span dir=\"auto\">gylis: 19 cm<\/span><\/li>\n<\/ul>\n<h1><span dir=\"auto\">Mai\u0161elio svoris: 1000 g<\/span><\/h1>\n<\/div>\n<\/div>\n<\/div>\n<div class=\"mpof_ki myre_zn myre_8v_l m389_6m_l\">\n<div class=\"mp4t_16_s mryx_16_s mr3m_1 mli2_1 mh85_56 mh85_0_l\">\n<div class=\"mgn2_16 _0d3bd_am0a-\">\n<h1><span dir=\"auto\">Funkcionalumas:<\/span><\/h1>\n<ul>\n<li><span dir=\"auto\">Auk\u0161\u010diausios kokyb\u0117s kase\u010di\u0173 krep\u0161ys\u00a0<\/span><b><span dir=\"auto\">ST MAJEWSKI,<\/span><\/b><span dir=\"auto\">\u00a0pagamintas i\u0161 auk\u0161\u010diausios kokyb\u0117s med\u017eiag\u0173<\/span><\/li>\n<li><span dir=\"auto\">Jis apr\u016bpintas vandeniui atspariu, lengvai plaunamu, stand\u017eiu dugnu<\/span><\/li>\n<li><span dir=\"auto\">Labai erdvus pagrindinis skyrius turi dvi savaime prisitaikan\u010dias pertvaros turinio at\u017evilgiu pertvaras<\/span><\/li>\n<li><span dir=\"auto\">Idealiai i\u0161lenkta kuprin\u0117s nugar\u0117l\u0117, \u0161velniai pamink\u0161tinta nugara ir auk\u0161\u010diausios kokyb\u0117s pagrindinio skyriaus standinimas ypatingu b\u016bdu apsaugo nuo laikysenos defekt\u0173.<\/span><\/li>\n<\/ul>\n<\/div>\n<\/div>\n<\/div>\n<div class=\"mpof_ki myre_zn myre_8v_l m389_6m_l\">\n<div class=\"mp4t_16_s mryx_16_s mr3m_1 mli2_1 mh85_56 mh85_0_l\">\n<div class=\"mgn2_16 _0d3bd_am0a-\">\n<ul>\n<li><span dir=\"auto\">Unikali\u00a0<\/span><b><span dir=\"auto\">VENTI STREAM<\/span><\/b><span dir=\"auto\">\u00a0oro srauto sistema u\u017etikrina puik\u0173 patogum\u0105 naudojant kuprin\u0119, nepriklausomai nuo oro s\u0105lyg\u0173. T\u016bkstan\u010diai ventiliacijos kanal\u0173 i\u0161leid\u017eia or\u0105 tarp vaiko nugaros ir kuprin\u0117s, tod\u0117l vartotojas neprakaituoja.<\/span><\/li>\n<li><span dir=\"auto\">Mink\u0161tos, patogios, pla\u010dios, profiliuotos pe\u010di\u0173 juostos su tikslios reguliavimo galimybe u\u017etikrina tolyg\u0173 svorio paskirstym\u0105 ant pe\u010di\u0173, tod\u0117l apsaugo nugaros raumenis nuo perkrovos.<\/span><\/li>\n<li><span dir=\"auto\">Krep\u0161io atvartas su u\u017etrauktuku<\/span><\/li>\n<\/ul>\n<\/div>\n<\/div>\n<\/div>\n<div class=\"mpof_ki myre_zn myre_8v_l m389_6m_l\">\n<div class=\"mp4t_16_s mryx_16_s mr3m_1 mli2_1 mh85_56 mh85_0_l\">\n<div class=\"mgn2_16 _0d3bd_am0a-\">\n<ul>\n<li><span dir=\"auto\">\u0160onin\u0117 tinklin\u0117 vandens buteliuko ki\u0161en\u0117<\/span><\/li>\n<li><span dir=\"auto\">Antra \u0161onin\u0117 u\u017etraukiama ki\u0161en\u0117<\/span><\/li>\n<li><span dir=\"auto\">Papildoma priekin\u0117 ki\u0161en\u0117 taip pat su u\u017etrauktuku<\/span><\/li>\n<li><span dir=\"auto\">Dekoratyvin\u0117s stumdomos rankenos<\/span><\/li>\n<li><span dir=\"auto\">Po rankin\u0117s atvartu yra vieta pamokos planui arba rankin\u0117s savininko duomenims<\/span><\/li>\n<\/ul>\n<\/div>\n<\/div>\n<\/div>\n<div class=\"mpof_ki myre_zn myre_8v_l m389_6m_l\">\n<div class=\"mp4t_16_s mryx_16_s mr3m_1 mli2_1 mh85_56 mh85_0_l\">\n<div class=\"mgn2_16 _0d3bd_am0a-\">\n<ul>\n<li><span dir=\"auto\">\u012erengta \u0161vies\u0105 atspindin\u010diais elementais, kad b\u016bt\u0173 u\u017etikrintas didesnis saugumas kelyje<\/span><\/li>\n<li><span dir=\"auto\">Produktas pagamintas i\u0161 sertifikuot\u0173 med\u017eiag\u0173, kuriose n\u0117ra alergen\u0173 ir kancerogen\u0173 pagal REACH reglament\u0105.<\/span><\/li>\n<li><span dir=\"auto\">Intensyvios, labai ry\u0161kios ir neblunkan\u010dios spalvos<\/span><\/li>\n<li><span dir=\"auto\">Super lengvas \u2013\u00a0<\/span><b><span dir=\"auto\">tik 1,00 kg<\/span><\/b><\/li>\n<li><b><span dir=\"auto\">Kolekcijoje gali b\u016bti ir kit\u0173 tekstil\u0117s gamini\u0173 su pasirinkta tema, \u012fskaitant kuprin\u0119, kuprin\u0119, penal\u0105, krep\u0161\u012f ir kt.<\/span><\/b><\/li>\n<\/ul>\n<\/div>\n<\/div>\n<\/div>","protected":false},"excerpt":{"rendered":"<p>Karsto rite\u0146u mugursoma<\/p>","protected":false},"featured_media":61502,"template":"","meta":{"_acf_changed":false,"_glsr_average":0,"_glsr_ranking":0,"_glsr_reviews":0},"product_brand":[],"product_cat":[342,343],"product_tag":[],"class_list":{"0":"post-61501","1":"product","2":"type-product","3":"status-publish","4":"has-post-thumbnail","6":"product_cat-kuprines","7":"product_cat-kuprines-pradinukams","8":"\"style=\"background-color: #2ecc711c;\"","10":"first","11":"instock","12":"shipping-taxable","13":"purchasable","14":"product-type-simple"},"acf":[],"yoast_head":"<!-- This site is optimized with the Yoast SEO plugin v27.3 - https:\/\/yoast.com\/product\/yoast-seo-wordpress\/ -->\n<title>Hot wheels kuprin\u0117 - KidsPlay<\/title>\n<meta name=\"description\" content=\"Hot wheels kuprin\u0117\" \/>\n<meta name=\"robots\" content=\"index, follow, max-snippet:-1, max-image-preview:large, max-video-preview:-1\" \/>\n<link rel=\"canonical\" href=\"https:\/\/kidsplay.lt\/lv\/products\/hot-wheels-kuprine\/\" \/>\n<meta property=\"og:locale\" content=\"lv_LV\" \/>\n<meta property=\"og:type\" content=\"article\" \/>\n<meta property=\"og:title\" content=\"Hot wheels kuprin\u0117 - KidsPlay\" \/>\n<meta property=\"og:description\" content=\"Hot wheels kuprin\u0117\" \/>\n<meta property=\"og:url\" content=\"https:\/\/kidsplay.lt\/lv\/products\/hot-wheels-kuprine\/\" \/>\n<meta property=\"og:site_name\" content=\"KidsPlay\" \/>\n<meta property=\"article:publisher\" content=\"https:\/\/www.facebook.com\/www.kidsplay.lt\" \/>\n<meta property=\"article:modified_time\" content=\"2025-10-04T19:06:31+00:00\" \/>\n<meta property=\"og:image\" content=\"https:\/\/kidsplay.lt\/wp-content\/uploads\/2025\/07\/Screenshot_32.png\" \/>\n\t<meta property=\"og:image:width\" content=\"566\" \/>\n\t<meta property=\"og:image:height\" content=\"561\" \/>\n\t<meta property=\"og:image:type\" content=\"image\/png\" \/>\n<meta name=\"twitter:card\" content=\"summary_large_image\" \/>\n<meta name=\"twitter:label1\" content=\"Est. reading time\" \/>\n\t<meta name=\"twitter:data1\" content=\"2 min\u016btes\" \/>\n<script type=\"application\/ld+json\" class=\"yoast-schema-graph\">{\"@context\":\"https:\\\/\\\/schema.org\",\"@graph\":[{\"@type\":\"WebPage\",\"@id\":\"https:\\\/\\\/kidsplay.lt\\\/produktas\\\/hot-wheels-kuprine\\\/\",\"url\":\"https:\\\/\\\/kidsplay.lt\\\/produktas\\\/hot-wheels-kuprine\\\/\",\"name\":\"Hot wheels kuprin\u0117 - KidsPlay\",\"isPartOf\":{\"@id\":\"https:\\\/\\\/kidsplay.lt\\\/#website\"},\"primaryImageOfPage\":{\"@id\":\"https:\\\/\\\/kidsplay.lt\\\/produktas\\\/hot-wheels-kuprine\\\/#primaryimage\"},\"image\":{\"@id\":\"https:\\\/\\\/kidsplay.lt\\\/produktas\\\/hot-wheels-kuprine\\\/#primaryimage\"},\"thumbnailUrl\":\"https:\\\/\\\/kidsplay.lt\\\/wp-content\\\/uploads\\\/2025\\\/07\\\/Screenshot_32.png\",\"datePublished\":\"2025-07-29T08:07:12+00:00\",\"dateModified\":\"2025-10-04T19:06:31+00:00\",\"description\":\"Hot wheels kuprin\u0117\",\"breadcrumb\":{\"@id\":\"https:\\\/\\\/kidsplay.lt\\\/produktas\\\/hot-wheels-kuprine\\\/#breadcrumb\"},\"inLanguage\":\"lv-LV\",\"potentialAction\":[{\"@type\":\"ReadAction\",\"target\":[\"https:\\\/\\\/kidsplay.lt\\\/produktas\\\/hot-wheels-kuprine\\\/\"]}]},{\"@type\":\"ImageObject\",\"inLanguage\":\"lv-LV\",\"@id\":\"https:\\\/\\\/kidsplay.lt\\\/produktas\\\/hot-wheels-kuprine\\\/#primaryimage\",\"url\":\"https:\\\/\\\/kidsplay.lt\\\/wp-content\\\/uploads\\\/2025\\\/07\\\/Screenshot_32.png\",\"contentUrl\":\"https:\\\/\\\/kidsplay.lt\\\/wp-content\\\/uploads\\\/2025\\\/07\\\/Screenshot_32.png\",\"width\":566,\"height\":561},{\"@type\":\"BreadcrumbList\",\"@id\":\"https:\\\/\\\/kidsplay.lt\\\/produktas\\\/hot-wheels-kuprine\\\/#breadcrumb\",\"itemListElement\":[{\"@type\":\"ListItem\",\"position\":1,\"name\":\"Pagrindinis\",\"item\":\"https:\\\/\\\/kidsplay.lt\\\/\"},{\"@type\":\"ListItem\",\"position\":2,\"name\":\"Parduotuv\u0117\",\"item\":\"https:\\\/\\\/kidsplay.lt\\\/parduotuve\\\/\"},{\"@type\":\"ListItem\",\"position\":3,\"name\":\"Hot wheels kuprin\u0117\"}]},{\"@type\":\"WebSite\",\"@id\":\"https:\\\/\\\/kidsplay.lt\\\/#website\",\"url\":\"https:\\\/\\\/kidsplay.lt\\\/\",\"name\":\"Kidsplay.lt\",\"description\":\"\u012evairios prek\u0117s vaikams\",\"publisher\":{\"@id\":\"https:\\\/\\\/kidsplay.lt\\\/#organization\"},\"alternateName\":\"Kidsplay\",\"potentialAction\":[{\"@type\":\"SearchAction\",\"target\":{\"@type\":\"EntryPoint\",\"urlTemplate\":\"https:\\\/\\\/kidsplay.lt\\\/?s={search_term_string}\"},\"query-input\":{\"@type\":\"PropertyValueSpecification\",\"valueRequired\":true,\"valueName\":\"search_term_string\"}}],\"inLanguage\":\"lv-LV\"},{\"@type\":\"Organization\",\"@id\":\"https:\\\/\\\/kidsplay.lt\\\/#organization\",\"name\":\"KidsPlay\",\"url\":\"https:\\\/\\\/kidsplay.lt\\\/\",\"logo\":{\"@type\":\"ImageObject\",\"inLanguage\":\"lv-LV\",\"@id\":\"https:\\\/\\\/kidsplay.lt\\\/#\\\/schema\\\/logo\\\/image\\\/\",\"url\":\"https:\\\/\\\/kidsplay.lt\\\/wp-content\\\/uploads\\\/2023\\\/07\\\/kidsplay-logo.png\",\"contentUrl\":\"https:\\\/\\\/kidsplay.lt\\\/wp-content\\\/uploads\\\/2023\\\/07\\\/kidsplay-logo.png\",\"width\":451,\"height\":98,\"caption\":\"KidsPlay\"},\"image\":{\"@id\":\"https:\\\/\\\/kidsplay.lt\\\/#\\\/schema\\\/logo\\\/image\\\/\"},\"sameAs\":[\"https:\\\/\\\/www.facebook.com\\\/www.kidsplay.lt\"]}]}<\/script>\n<!-- \/ Yoast SEO plugin. -->","yoast_head_json":{"title":"Hot wheels kuprin\u0117 - KidsPlay","description":"Karsto rite\u0146u mugursoma","robots":{"index":"index","follow":"follow","max-snippet":"max-snippet:-1","max-image-preview":"max-image-preview:large","max-video-preview":"max-video-preview:-1"},"canonical":"https:\/\/kidsplay.lt\/lv\/products\/hot-wheels-kuprine\/","og_locale":"lv_LV","og_type":"article","og_title":"Hot wheels kuprin\u0117 - KidsPlay","og_description":"Hot wheels kuprin\u0117","og_url":"https:\/\/kidsplay.lt\/lv\/products\/hot-wheels-kuprine\/","og_site_name":"KidsPlay","article_publisher":"https:\/\/www.facebook.com\/www.kidsplay.lt","article_modified_time":"2025-10-04T19:06:31+00:00","og_image":[{"width":566,"height":561,"url":"https:\/\/kidsplay.lt\/wp-content\/uploads\/2025\/07\/Screenshot_32.png","type":"image\/png"}],"twitter_card":"summary_large_image","twitter_misc":{"Est. reading time":"2 min\u016btes"},"schema":{"@context":"https:\/\/schema.org","@graph":[{"@type":"WebPage","@id":"https:\/\/kidsplay.lt\/produktas\/hot-wheels-kuprine\/","url":"https:\/\/kidsplay.lt\/produktas\/hot-wheels-kuprine\/","name":"Hot wheels kuprin\u0117 - KidsPlay","isPartOf":{"@id":"https:\/\/kidsplay.lt\/#website"},"primaryImageOfPage":{"@id":"https:\/\/kidsplay.lt\/produktas\/hot-wheels-kuprine\/#primaryimage"},"image":{"@id":"https:\/\/kidsplay.lt\/produktas\/hot-wheels-kuprine\/#primaryimage"},"thumbnailUrl":"https:\/\/kidsplay.lt\/wp-content\/uploads\/2025\/07\/Screenshot_32.png","datePublished":"2025-07-29T08:07:12+00:00","dateModified":"2025-10-04T19:06:31+00:00","description":"Karsto rite\u0146u mugursoma","breadcrumb":{"@id":"https:\/\/kidsplay.lt\/produktas\/hot-wheels-kuprine\/#breadcrumb"},"inLanguage":"lv-LV","potentialAction":[{"@type":"ReadAction","target":["https:\/\/kidsplay.lt\/produktas\/hot-wheels-kuprine\/"]}]},{"@type":"ImageObject","inLanguage":"lv-LV","@id":"https:\/\/kidsplay.lt\/produktas\/hot-wheels-kuprine\/#primaryimage","url":"https:\/\/kidsplay.lt\/wp-content\/uploads\/2025\/07\/Screenshot_32.png","contentUrl":"https:\/\/kidsplay.lt\/wp-content\/uploads\/2025\/07\/Screenshot_32.png","width":566,"height":561},{"@type":"BreadcrumbList","@id":"https:\/\/kidsplay.lt\/produktas\/hot-wheels-kuprine\/#breadcrumb","itemListElement":[{"@type":"ListItem","position":1,"name":"Pagrindinis","item":"https:\/\/kidsplay.lt\/"},{"@type":"ListItem","position":2,"name":"Parduotuv\u0117","item":"https:\/\/kidsplay.lt\/parduotuve\/"},{"@type":"ListItem","position":3,"name":"Hot wheels kuprin\u0117"}]},{"@type":"WebSite","@id":"https:\/\/kidsplay.lt\/#website","url":"https:\/\/kidsplay.lt\/","name":"B\u0113rnu sp\u0113les.lv","description":"\u012evairios prek\u0117s vaikams","publisher":{"@id":"https:\/\/kidsplay.lt\/#organization"},"alternateName":"Kidsplay","potentialAction":[{"@type":"SearchAction","target":{"@type":"EntryPoint","urlTemplate":"https:\/\/kidsplay.lt\/?s={search_term_string}"},"query-input":{"@type":"PropertyValueSpecification","valueRequired":true,"valueName":"search_term_string"}}],"inLanguage":"lv-LV"},{"@type":"Organization","@id":"https:\/\/kidsplay.lt\/#organization","name":"B\u0113rnu sp\u0113le","url":"https:\/\/kidsplay.lt\/","logo":{"@type":"ImageObject","inLanguage":"lv-LV","@id":"https:\/\/kidsplay.lt\/#\/schema\/logo\/image\/","url":"https:\/\/kidsplay.lt\/wp-content\/uploads\/2023\/07\/kidsplay-logo.png","contentUrl":"https:\/\/kidsplay.lt\/wp-content\/uploads\/2023\/07\/kidsplay-logo.png","width":451,"height":98,"caption":"KidsPlay"},"image":{"@id":"https:\/\/kidsplay.lt\/#\/schema\/logo\/image\/"},"sameAs":["https:\/\/www.facebook.com\/www.kidsplay.lt"]}]}},"_links":{"self":[{"href":"https:\/\/kidsplay.lt\/lv\/wp-json\/wp\/v2\/product\/61501","targetHints":{"allow":["GET"]}}],"collection":[{"href":"https:\/\/kidsplay.lt\/lv\/wp-json\/wp\/v2\/product"}],"about":[{"href":"https:\/\/kidsplay.lt\/lv\/wp-json\/wp\/v2\/types\/product"}],"version-history":[{"count":2,"href":"https:\/\/kidsplay.lt\/lv\/wp-json\/wp\/v2\/product\/61501\/revisions"}],"predecessor-version":[{"id":74173,"href":"https:\/\/kidsplay.lt\/lv\/wp-json\/wp\/v2\/product\/61501\/revisions\/74173"}],"wp:featuredmedia":[{"embeddable":true,"href":"https:\/\/kidsplay.lt\/lv\/wp-json\/wp\/v2\/media\/61502"}],"wp:attachment":[{"href":"https:\/\/kidsplay.lt\/lv\/wp-json\/wp\/v2\/media?parent=61501"}],"wp:term":[{"taxonomy":"product_brand","embeddable":true,"href":"https:\/\/kidsplay.lt\/lv\/wp-json\/wp\/v2\/product_brand?post=61501"},{"taxonomy":"product_cat","embeddable":true,"href":"https:\/\/kidsplay.lt\/lv\/wp-json\/wp\/v2\/product_cat?post=61501"},{"taxonomy":"product_tag","embeddable":true,"href":"https:\/\/kidsplay.lt\/lv\/wp-json\/wp\/v2\/product_tag?post=61501"}],"curies":[{"name":"wp","href":"https:\/\/api.w.org\/{rel}","templated":true}]}}