{"id":61597,"date":"2025-08-14T15:35:50","date_gmt":"2025-08-14T12:35:50","guid":{"rendered":"https:\/\/kidsplay.lt\/?post_type=product&#038;p=61597"},"modified":"2025-10-04T22:12:05","modified_gmt":"2025-10-04T19:12:05","slug":"interaktyvus-zaislas-kaciukas-su-pavadeliu","status":"publish","type":"product","link":"https:\/\/kidsplay.lt\/lv\/products\/interaktyvus-zaislas-kaciukas-su-pavadeliu\/","title":{"rendered":"Interakt\u012bvs rota\u013cu ka\u0137\u0113ns ar pavadu"},"content":{"rendered":"<div class=\"mpof_ki myre_zn myre_8v_l m389_6m_l\">\n<div class=\"mp4t_16_s mryx_16_s mr3m_1 mli2_1 mh85_56 mh85_0_l\">\n<div class=\"mgn2_16 _0d3bd_am0a-\">\n<h1><span dir=\"auto\">SMIKI Interaktyvus pliu\u0161inis \u017eaislas ka\u010diukui Daisy pavad\u0117liu<\/span><\/h1>\n<p><b><span dir=\"auto\">Gamintojas:<\/span><\/b><span dir=\"auto\">\u00a0Smiki<\/span><\/p>\n<p><span dir=\"auto\">Interaktyvus ka\u010diukas Smiki\u00a0<\/span><b><span dir=\"auto\">u\u017ekariaus kiekvienos mergait\u0117s \u0161ird\u012f<\/span><\/b><span dir=\"auto\">\u00a0!<\/span><\/p>\n<p><span dir=\"auto\">\u0160is p\u016bkuotas, \u017eavus draugas traukia d\u0117mes\u012f savo besi\u0161ypsan\u010diu veidu.<\/span><\/p>\n<p><span dir=\"auto\">Puikiai tinka glamon\u0117ti.<\/span><\/p>\n<p><span dir=\"auto\">Ka\u010diukas Smiki gali vaik\u0161\u010dioti ir skleisti garsus, elgdamasis kaip tikras gyv\u016bnas!<\/span><\/p>\n<\/div>\n<\/div>\n<\/div>\n<div class=\"mpof_ki myre_zn myre_8v_l m389_6m_l\">\n<div class=\"mp4t_16_s mryx_16_s mr3m_1 mli2_1 mh85_56 mh85_0_l\">\n<div class=\"mgn2_16 _0d3bd_am0a-\">\n<ul>\n<li><span dir=\"auto\">Ka\u010diukas dirba trimis re\u017eimais \u2013 vaik\u0161to, leid\u017eia garsus, ilsisi.<\/span><\/li>\n<li><span dir=\"auto\">Gyv\u016bnas juda pavad\u0117lio, turin\u010dio \u012fmontuot\u0105 re\u017eimo pasirinkimo mygtuk\u0105, d\u0117ka.<\/span><\/li>\n<li><span dir=\"auto\">Kat\u0117 maloni liesti ir mink\u0161ta, tod\u0117l gali b\u016bti naudojama kaip pliu\u0161inis \u017eaislas.<\/span><\/li>\n<li><span dir=\"auto\">\u017daislas yra puikus stimuliavimo \u0161altinis, kuris teigiamai paveiks vaiko vystym\u0105si.<\/span><\/li>\n<li><span dir=\"auto\">Am\u017eius: 3+.<\/span><\/li>\n<li><span dir=\"auto\">Auk\u0161tis: apie 25 cm.<\/span><\/li>\n<li><span dir=\"auto\">\u017daislui reikalingos baterijos: 4xAA (bandomosios baterijos pridedamos).<\/span><\/li>\n<\/ul>\n<\/div>\n<\/div>\n<div class=\"mp4t_16_s mryx_16_s mr3m_1 mli2_1 mh85_56 mh85_0_l\">\n<div class=\"mg9e_8 mj7a_8 mg9e_0_s mvrt_0_s mj7a_0_s mh36_0_s mzmg_6m munh_16_l m3h2_16_l\">\n<div class=\"mp4t_0 mryx_0 munh_56 m3h2_56\">\n<div class=\"mp7g_oh\"><button class=\"mg9e_0 mvrt_0 mj7a_0 mh36_0 mp4t_0 m3h2_0 mryx_0 munh_0 mqen_m6 mpof_z0 mx7m_0 m7er_k4 mse2_k4 msts_pt\" data-analytics-interaction=\"true\" data-analytics-interaction-label=\"zoomable-image-open\" aria-disabled=\"true\"><img decoding=\"async\" class=\"msub_k4 mupj_5k mjru_k4 mse2_k4 mp7g_f6 mq1m_0 mj7u_0 m7er_k4 mqen_m6 m31c_d8 m0ux_fp lazyloaded\" src=\"https:\/\/a.allegroimg.com\/original\/11b620\/d21b7dbe4553ac3398fdba90309b\/Interactive-plush-toy-Smiki-kitten-Daisy-black-Brand-Smiki\" sizes=\"(min-width: 1200px) 560px, (min-width: 992px) 50vw, 100vw\" srcset=\"https:\/\/a.allegroimg.com\/s360\/11b620\/d21b7dbe4553ac3398fdba90309b\/Interactive-plush-toy-Smiki-kitten-Daisy-black-Brand-Smiki 360w,https:\/\/a.allegroimg.com\/s720\/11b620\/d21b7dbe4553ac3398fdba90309b\/Interactive-plush-toy-Smiki-kitten-Daisy-black-Brand-Smiki 720w,https:\/\/a.allegroimg.com\/s1024\/11b620\/d21b7dbe4553ac3398fdba90309b\/Interactive-plush-toy-Smiki-kitten-Daisy-black-Brand-Smiki 900w,https:\/\/a.allegroimg.com\/original\/11b620\/d21b7dbe4553ac3398fdba90309b\/Interactive-plush-toy-Smiki-kitten-Daisy-black-Brand-Smiki 900w\" alt=\"Interaktyvus pliu\u0161inis \u017eaislas Smiki ka\u010diukas Daisy juodas\" width=\"900px\" data-srcset=\"\" \/><\/button><\/div>\n<\/div>\n<\/div>\n<\/div>\n<\/div>","protected":false},"excerpt":{"rendered":"<p>Interakt\u012bvs rota\u013cu ka\u0137\u0113ns ar pavadu<\/p>","protected":false},"featured_media":61598,"template":"","meta":{"_acf_changed":false,"_glsr_average":0,"_glsr_ranking":0,"_glsr_reviews":0},"product_brand":[],"product_cat":[388,229],"product_tag":[],"class_list":{"0":"post-61597","1":"product","2":"type-product","3":"status-publish","4":"has-post-thumbnail","6":"product_cat-edukaciniai-lavinamieji-zaislai","7":"product_cat-zaislai-vaikams","8":"\"style=\"background-color: #2ecc711c;\"","10":"first","11":"instock","12":"shipping-taxable","13":"purchasable","14":"product-type-simple"},"acf":[],"yoast_head":"<!-- This site is optimized with the Yoast SEO plugin v27.3 - https:\/\/yoast.com\/product\/yoast-seo-wordpress\/ -->\n<title>Interaktyvus \u017eaislas ka\u010diukas su pavad\u0117liu - KidsPlay<\/title>\n<meta name=\"description\" content=\"Interaktyvus \u017eaislas ka\u010diukas su pavad\u0117liu\" \/>\n<meta name=\"robots\" content=\"index, follow, max-snippet:-1, max-image-preview:large, max-video-preview:-1\" \/>\n<link rel=\"canonical\" href=\"https:\/\/kidsplay.lt\/lv\/products\/interaktyvus-zaislas-kaciukas-su-pavadeliu\/\" \/>\n<meta property=\"og:locale\" content=\"lv_LV\" \/>\n<meta property=\"og:type\" content=\"article\" \/>\n<meta property=\"og:title\" content=\"Interaktyvus \u017eaislas ka\u010diukas su pavad\u0117liu - KidsPlay\" \/>\n<meta property=\"og:description\" content=\"Interaktyvus \u017eaislas ka\u010diukas su pavad\u0117liu\" \/>\n<meta property=\"og:url\" content=\"https:\/\/kidsplay.lt\/lv\/products\/interaktyvus-zaislas-kaciukas-su-pavadeliu\/\" \/>\n<meta property=\"og:site_name\" content=\"KidsPlay\" \/>\n<meta property=\"article:publisher\" content=\"https:\/\/www.facebook.com\/www.kidsplay.lt\" \/>\n<meta property=\"article:modified_time\" content=\"2025-10-04T19:12:05+00:00\" \/>\n<meta property=\"og:image\" content=\"https:\/\/kidsplay.lt\/wp-content\/uploads\/2025\/08\/Screenshot_49.png\" \/>\n\t<meta property=\"og:image:width\" content=\"1106\" \/>\n\t<meta property=\"og:image:height\" content=\"720\" \/>\n\t<meta property=\"og:image:type\" content=\"image\/png\" \/>\n<meta name=\"twitter:card\" content=\"summary_large_image\" \/>\n<meta name=\"twitter:label1\" content=\"Est. reading time\" \/>\n\t<meta name=\"twitter:data1\" content=\"1 min\u016bte\" \/>\n<script type=\"application\/ld+json\" class=\"yoast-schema-graph\">{\"@context\":\"https:\\\/\\\/schema.org\",\"@graph\":[{\"@type\":\"WebPage\",\"@id\":\"https:\\\/\\\/kidsplay.lt\\\/produktas\\\/interaktyvus-zaislas-kaciukas-su-pavadeliu\\\/\",\"url\":\"https:\\\/\\\/kidsplay.lt\\\/produktas\\\/interaktyvus-zaislas-kaciukas-su-pavadeliu\\\/\",\"name\":\"Interaktyvus \u017eaislas ka\u010diukas su pavad\u0117liu - KidsPlay\",\"isPartOf\":{\"@id\":\"https:\\\/\\\/kidsplay.lt\\\/#website\"},\"primaryImageOfPage\":{\"@id\":\"https:\\\/\\\/kidsplay.lt\\\/produktas\\\/interaktyvus-zaislas-kaciukas-su-pavadeliu\\\/#primaryimage\"},\"image\":{\"@id\":\"https:\\\/\\\/kidsplay.lt\\\/produktas\\\/interaktyvus-zaislas-kaciukas-su-pavadeliu\\\/#primaryimage\"},\"thumbnailUrl\":\"https:\\\/\\\/kidsplay.lt\\\/wp-content\\\/uploads\\\/2025\\\/08\\\/Screenshot_49.png\",\"datePublished\":\"2025-08-14T12:35:50+00:00\",\"dateModified\":\"2025-10-04T19:12:05+00:00\",\"description\":\"Interaktyvus \u017eaislas ka\u010diukas su pavad\u0117liu\",\"breadcrumb\":{\"@id\":\"https:\\\/\\\/kidsplay.lt\\\/produktas\\\/interaktyvus-zaislas-kaciukas-su-pavadeliu\\\/#breadcrumb\"},\"inLanguage\":\"lv-LV\",\"potentialAction\":[{\"@type\":\"ReadAction\",\"target\":[\"https:\\\/\\\/kidsplay.lt\\\/produktas\\\/interaktyvus-zaislas-kaciukas-su-pavadeliu\\\/\"]}]},{\"@type\":\"ImageObject\",\"inLanguage\":\"lv-LV\",\"@id\":\"https:\\\/\\\/kidsplay.lt\\\/produktas\\\/interaktyvus-zaislas-kaciukas-su-pavadeliu\\\/#primaryimage\",\"url\":\"https:\\\/\\\/kidsplay.lt\\\/wp-content\\\/uploads\\\/2025\\\/08\\\/Screenshot_49.png\",\"contentUrl\":\"https:\\\/\\\/kidsplay.lt\\\/wp-content\\\/uploads\\\/2025\\\/08\\\/Screenshot_49.png\",\"width\":1106,\"height\":720},{\"@type\":\"BreadcrumbList\",\"@id\":\"https:\\\/\\\/kidsplay.lt\\\/produktas\\\/interaktyvus-zaislas-kaciukas-su-pavadeliu\\\/#breadcrumb\",\"itemListElement\":[{\"@type\":\"ListItem\",\"position\":1,\"name\":\"Pagrindinis\",\"item\":\"https:\\\/\\\/kidsplay.lt\\\/\"},{\"@type\":\"ListItem\",\"position\":2,\"name\":\"Parduotuv\u0117\",\"item\":\"https:\\\/\\\/kidsplay.lt\\\/parduotuve\\\/\"},{\"@type\":\"ListItem\",\"position\":3,\"name\":\"Interaktyvus \u017eaislas ka\u010diukas su pavad\u0117liu\"}]},{\"@type\":\"WebSite\",\"@id\":\"https:\\\/\\\/kidsplay.lt\\\/#website\",\"url\":\"https:\\\/\\\/kidsplay.lt\\\/\",\"name\":\"Kidsplay.lt\",\"description\":\"\u012evairios prek\u0117s vaikams\",\"publisher\":{\"@id\":\"https:\\\/\\\/kidsplay.lt\\\/#organization\"},\"alternateName\":\"Kidsplay\",\"potentialAction\":[{\"@type\":\"SearchAction\",\"target\":{\"@type\":\"EntryPoint\",\"urlTemplate\":\"https:\\\/\\\/kidsplay.lt\\\/?s={search_term_string}\"},\"query-input\":{\"@type\":\"PropertyValueSpecification\",\"valueRequired\":true,\"valueName\":\"search_term_string\"}}],\"inLanguage\":\"lv-LV\"},{\"@type\":\"Organization\",\"@id\":\"https:\\\/\\\/kidsplay.lt\\\/#organization\",\"name\":\"KidsPlay\",\"url\":\"https:\\\/\\\/kidsplay.lt\\\/\",\"logo\":{\"@type\":\"ImageObject\",\"inLanguage\":\"lv-LV\",\"@id\":\"https:\\\/\\\/kidsplay.lt\\\/#\\\/schema\\\/logo\\\/image\\\/\",\"url\":\"https:\\\/\\\/kidsplay.lt\\\/wp-content\\\/uploads\\\/2023\\\/07\\\/kidsplay-logo.png\",\"contentUrl\":\"https:\\\/\\\/kidsplay.lt\\\/wp-content\\\/uploads\\\/2023\\\/07\\\/kidsplay-logo.png\",\"width\":451,\"height\":98,\"caption\":\"KidsPlay\"},\"image\":{\"@id\":\"https:\\\/\\\/kidsplay.lt\\\/#\\\/schema\\\/logo\\\/image\\\/\"},\"sameAs\":[\"https:\\\/\\\/www.facebook.com\\\/www.kidsplay.lt\"]}]}<\/script>\n<!-- \/ Yoast SEO plugin. -->","yoast_head_json":{"title":"Interaktyvus \u017eaislas ka\u010diukas su pavad\u0117liu - KidsPlay","description":"Interakt\u012bvs rota\u013cu ka\u0137\u0113ns ar pavadu","robots":{"index":"index","follow":"follow","max-snippet":"max-snippet:-1","max-image-preview":"max-image-preview:large","max-video-preview":"max-video-preview:-1"},"canonical":"https:\/\/kidsplay.lt\/lv\/products\/interaktyvus-zaislas-kaciukas-su-pavadeliu\/","og_locale":"lv_LV","og_type":"article","og_title":"Interaktyvus \u017eaislas ka\u010diukas su pavad\u0117liu - KidsPlay","og_description":"Interaktyvus \u017eaislas ka\u010diukas su pavad\u0117liu","og_url":"https:\/\/kidsplay.lt\/lv\/products\/interaktyvus-zaislas-kaciukas-su-pavadeliu\/","og_site_name":"KidsPlay","article_publisher":"https:\/\/www.facebook.com\/www.kidsplay.lt","article_modified_time":"2025-10-04T19:12:05+00:00","og_image":[{"width":1106,"height":720,"url":"https:\/\/kidsplay.lt\/wp-content\/uploads\/2025\/08\/Screenshot_49.png","type":"image\/png"}],"twitter_card":"summary_large_image","twitter_misc":{"Est. reading time":"1 min\u016bte"},"schema":{"@context":"https:\/\/schema.org","@graph":[{"@type":"WebPage","@id":"https:\/\/kidsplay.lt\/produktas\/interaktyvus-zaislas-kaciukas-su-pavadeliu\/","url":"https:\/\/kidsplay.lt\/produktas\/interaktyvus-zaislas-kaciukas-su-pavadeliu\/","name":"Interaktyvus \u017eaislas ka\u010diukas su pavad\u0117liu - KidsPlay","isPartOf":{"@id":"https:\/\/kidsplay.lt\/#website"},"primaryImageOfPage":{"@id":"https:\/\/kidsplay.lt\/produktas\/interaktyvus-zaislas-kaciukas-su-pavadeliu\/#primaryimage"},"image":{"@id":"https:\/\/kidsplay.lt\/produktas\/interaktyvus-zaislas-kaciukas-su-pavadeliu\/#primaryimage"},"thumbnailUrl":"https:\/\/kidsplay.lt\/wp-content\/uploads\/2025\/08\/Screenshot_49.png","datePublished":"2025-08-14T12:35:50+00:00","dateModified":"2025-10-04T19:12:05+00:00","description":"Interakt\u012bvs rota\u013cu ka\u0137\u0113ns ar pavadu","breadcrumb":{"@id":"https:\/\/kidsplay.lt\/produktas\/interaktyvus-zaislas-kaciukas-su-pavadeliu\/#breadcrumb"},"inLanguage":"lv-LV","potentialAction":[{"@type":"ReadAction","target":["https:\/\/kidsplay.lt\/produktas\/interaktyvus-zaislas-kaciukas-su-pavadeliu\/"]}]},{"@type":"ImageObject","inLanguage":"lv-LV","@id":"https:\/\/kidsplay.lt\/produktas\/interaktyvus-zaislas-kaciukas-su-pavadeliu\/#primaryimage","url":"https:\/\/kidsplay.lt\/wp-content\/uploads\/2025\/08\/Screenshot_49.png","contentUrl":"https:\/\/kidsplay.lt\/wp-content\/uploads\/2025\/08\/Screenshot_49.png","width":1106,"height":720},{"@type":"BreadcrumbList","@id":"https:\/\/kidsplay.lt\/produktas\/interaktyvus-zaislas-kaciukas-su-pavadeliu\/#breadcrumb","itemListElement":[{"@type":"ListItem","position":1,"name":"Pagrindinis","item":"https:\/\/kidsplay.lt\/"},{"@type":"ListItem","position":2,"name":"Parduotuv\u0117","item":"https:\/\/kidsplay.lt\/parduotuve\/"},{"@type":"ListItem","position":3,"name":"Interaktyvus \u017eaislas ka\u010diukas su pavad\u0117liu"}]},{"@type":"WebSite","@id":"https:\/\/kidsplay.lt\/#website","url":"https:\/\/kidsplay.lt\/","name":"B\u0113rnu sp\u0113les.lv","description":"\u012evairios prek\u0117s vaikams","publisher":{"@id":"https:\/\/kidsplay.lt\/#organization"},"alternateName":"Kidsplay","potentialAction":[{"@type":"SearchAction","target":{"@type":"EntryPoint","urlTemplate":"https:\/\/kidsplay.lt\/?s={search_term_string}"},"query-input":{"@type":"PropertyValueSpecification","valueRequired":true,"valueName":"search_term_string"}}],"inLanguage":"lv-LV"},{"@type":"Organization","@id":"https:\/\/kidsplay.lt\/#organization","name":"B\u0113rnu sp\u0113le","url":"https:\/\/kidsplay.lt\/","logo":{"@type":"ImageObject","inLanguage":"lv-LV","@id":"https:\/\/kidsplay.lt\/#\/schema\/logo\/image\/","url":"https:\/\/kidsplay.lt\/wp-content\/uploads\/2023\/07\/kidsplay-logo.png","contentUrl":"https:\/\/kidsplay.lt\/wp-content\/uploads\/2023\/07\/kidsplay-logo.png","width":451,"height":98,"caption":"KidsPlay"},"image":{"@id":"https:\/\/kidsplay.lt\/#\/schema\/logo\/image\/"},"sameAs":["https:\/\/www.facebook.com\/www.kidsplay.lt"]}]}},"_links":{"self":[{"href":"https:\/\/kidsplay.lt\/lv\/wp-json\/wp\/v2\/product\/61597","targetHints":{"allow":["GET"]}}],"collection":[{"href":"https:\/\/kidsplay.lt\/lv\/wp-json\/wp\/v2\/product"}],"about":[{"href":"https:\/\/kidsplay.lt\/lv\/wp-json\/wp\/v2\/types\/product"}],"version-history":[{"count":3,"href":"https:\/\/kidsplay.lt\/lv\/wp-json\/wp\/v2\/product\/61597\/revisions"}],"predecessor-version":[{"id":74163,"href":"https:\/\/kidsplay.lt\/lv\/wp-json\/wp\/v2\/product\/61597\/revisions\/74163"}],"wp:featuredmedia":[{"embeddable":true,"href":"https:\/\/kidsplay.lt\/lv\/wp-json\/wp\/v2\/media\/61598"}],"wp:attachment":[{"href":"https:\/\/kidsplay.lt\/lv\/wp-json\/wp\/v2\/media?parent=61597"}],"wp:term":[{"taxonomy":"product_brand","embeddable":true,"href":"https:\/\/kidsplay.lt\/lv\/wp-json\/wp\/v2\/product_brand?post=61597"},{"taxonomy":"product_cat","embeddable":true,"href":"https:\/\/kidsplay.lt\/lv\/wp-json\/wp\/v2\/product_cat?post=61597"},{"taxonomy":"product_tag","embeddable":true,"href":"https:\/\/kidsplay.lt\/lv\/wp-json\/wp\/v2\/product_tag?post=61597"}],"curies":[{"name":"wp","href":"https:\/\/api.w.org\/{rel}","templated":true}]}}