{"id":61805,"date":"2025-09-16T11:19:29","date_gmt":"2025-09-16T08:19:29","guid":{"rendered":"https:\/\/kidsplay.lt\/?post_type=product&#038;p=61805"},"modified":"2025-12-29T18:32:03","modified_gmt":"2025-12-29T16:32:03","slug":"namu-laipiojimo-aikstele","status":"publish","type":"product","link":"https:\/\/kidsplay.lt\/lv\/products\/namu-laipiojimo-aikstele\/","title":{"rendered":"Nam\u0173 laipiojimo aik\u0161tel\u0117"},"content":{"rendered":"<div class=\"mpof_ki myre_zn myre_8v_l m389_6m_l\">\n<div class=\"mp4t_16_s mryx_16_s mr3m_1 mli2_1 mh85_56 mh85_0_l\">\n<div class=\"mgn2_16 _0d3bd_am0a-\">\n<h1><span dir=\"auto\">Mink\u0161ti putplas\u010dio kalad\u0117l\u0117s vaikams, spalvingos, Tyrin\u0117tojas &#8211; 6 elementai<\/span><\/h1>\n<p><span dir=\"auto\">D\u0117l fizinio ir intelektualinio vystymosi<\/span><\/p>\n<p><span dir=\"auto\">IGLU padeda kurti ir mokyti:<\/span><\/p>\n<ul>\n<li><span dir=\"auto\">Jud\u0117jimo ir motoriniai \u012fg\u016bd\u017eiai (ropojimas, laipiojimas)<\/span><\/li>\n<li><span dir=\"auto\">Formuoja ir lavina erdv\u0117s suvokim\u0105<\/span><\/li>\n<li><span dir=\"auto\">Pagerina motorikos koordinacijos \u012fg\u016bd\u017eius<\/span><\/li>\n<li><span dir=\"auto\">Padeda lavinti login\u012f m\u0105stym\u0105<\/span><\/li>\n<li><span dir=\"auto\">Padeda mokytis geometrini\u0173 form\u0173 ir spalv\u0173<\/span><\/li>\n<li><span dir=\"auto\">Lavina k\u016brybi\u0161kum\u0105 ir vaizduot\u0119<\/span><\/li>\n<li><span dir=\"auto\">Pagerina socialinius \u012fg\u016bd\u017eius<\/span><\/li>\n<\/ul>\n<\/div>\n<\/div>\n<\/div>\n<div class=\"mpof_ki myre_zn myre_8v_l m389_6m_l\">\n<div class=\"mp4t_16_s mryx_16_s mr3m_1 mli2_1 mh85_56 mh85_0_l\">\n<div class=\"mg9e_8 mj7a_8 mg9e_0_s mvrt_0_s mj7a_0_s mh36_0_s mzmg_6m munh_16_l m3h2_16_l\">\n<div class=\"mp4t_0 mryx_0 munh_56 m3h2_56\">\n<div class=\"mp7g_oh\"><button class=\"mg9e_0 mvrt_0 mj7a_0 mh36_0 mp4t_0 m3h2_0 mryx_0 munh_0 mqen_m6 mpof_z0 mx7m_0 m7er_k4 mse2_k4 msts_pt\" data-analytics-interaction=\"true\" data-analytics-interaction-label=\"zoomable-image-open\" aria-disabled=\"true\"><img decoding=\"async\" class=\"msub_k4 mupj_5k mjru_k4 mse2_k4 mp7g_f6 mq1m_0 mj7u_0 m7er_k4 mqen_m6 m31c_d8 m0ux_fp lazyloaded\" src=\"https:\/\/a.allegroimg.com\/original\/112000\/c55953354b169c4b1230f1b3aa06\" sizes=\"(min-width: 1200px) 560px, (min-width: 992px) 50vw, 100vw\" srcset=\"https:\/\/a.allegroimg.com\/s360\/112000\/c55953354b169c4b1230f1b3aa06 220w,https:\/\/a.allegroimg.com\/original\/112000\/c55953354b169c4b1230f1b3aa06 220w\" alt=\"\" width=\"220px\" data-srcset=\"\" \/><\/button><\/div>\n<\/div>\n<\/div>\n<\/div>\n<div class=\"mp4t_16_s mryx_16_s mr3m_1 mli2_1 mh85_56 mh85_0_l\">\n<div class=\"mgn2_16 _0d3bd_am0a-\">\n<p><span dir=\"auto\">Formas galima sujungti naudojant jungiam\u0105j\u0105 juost\u0105 (yra komplekte).<\/span><\/p>\n<p><span dir=\"auto\">Prid\u0117kite jungiam\u0105j\u0105 juost\u0105, kad kalad\u0117l\u0117s laikyt\u0173si kartu ir pailgint\u0173 \u017eaidimo laik\u0105.<\/span><\/p>\n<\/div>\n<\/div>\n<\/div>\n<div class=\"mpof_ki myre_zn myre_8v_l m389_6m_l\">\n<div class=\"mp4t_16_s mryx_16_s mr3m_1 mli2_1 mh85_56 mh85_0_l\">\n<div class=\"mg9e_8 mj7a_8 mg9e_0_s mvrt_0_s mj7a_0_s mh36_0_s mzmg_6m munh_16_l m3h2_16_l\">\n<div class=\"mp4t_0 mryx_0 munh_56 m3h2_56\">\n<div class=\"mp7g_oh\"><button class=\"mg9e_0 mvrt_0 mj7a_0 mh36_0 mp4t_0 m3h2_0 mryx_0 munh_0 mqen_m6 mpof_z0 mx7m_0 m7er_k4 mse2_k4 msts_pt\" data-analytics-interaction=\"true\" data-analytics-interaction-label=\"zoomable-image-open\" aria-disabled=\"true\"><img decoding=\"async\" class=\"msub_k4 mupj_5k mjru_k4 mse2_k4 mp7g_f6 mq1m_0 mj7u_0 m7er_k4 mqen_m6 m31c_d8 m0ux_fp lazyloaded\" src=\"https:\/\/a.allegroimg.com\/original\/11dfc9\/ad8af7f44c71bed9257c7875479f\/Home-square-toys-educational-foam-blocks-for-children-Explorer-6-el-Number-of-pieces-6\" sizes=\"(min-width: 1200px) 560px, (min-width: 992px) 50vw, 100vw\" srcset=\"https:\/\/a.allegroimg.com\/s360\/11dfc9\/ad8af7f44c71bed9257c7875479f\/Home-square-toys-educational-foam-blocks-for-children-Explorer-6-el-Number-of-pieces-6 359w,https:\/\/a.allegroimg.com\/s720\/11dfc9\/ad8af7f44c71bed9257c7875479f\/Home-square-toys-educational-foam-blocks-for-children-Explorer-6-el-Number-of-pieces-6 700w,https:\/\/a.allegroimg.com\/original\/11dfc9\/ad8af7f44c71bed9257c7875479f\/Home-square-toys-educational-foam-blocks-for-children-Explorer-6-el-Number-of-pieces-6 700w\" alt=\"Nam\u0173 kvadratiniai \u017eaislai lavinamieji putplas\u010dio blokeliai vaikams Tyrin\u0117tojas 6 el. Vienet\u0173 skai\u010dius 6\" width=\"700px\" data-srcset=\"\" \/><\/button><\/div>\n<\/div>\n<\/div>\n<\/div>\n<div class=\"mp4t_16_s mryx_16_s mr3m_1 mli2_1 mh85_56 mh85_0_l\">\n<div class=\"mg9e_8 mj7a_8 mg9e_0_s mvrt_0_s mj7a_0_s mh36_0_s mzmg_6m munh_16_l m3h2_16_l\">\n<div class=\"mp4t_0 mryx_0 munh_56 m3h2_56\">\n<div class=\"mp7g_oh\"><button class=\"mg9e_0 mvrt_0 mj7a_0 mh36_0 mp4t_0 m3h2_0 mryx_0 munh_0 mqen_m6 mpof_z0 mx7m_0 m7er_k4 mse2_k4 msts_pt\" data-analytics-interaction=\"true\" data-analytics-interaction-label=\"zoomable-image-open\" aria-disabled=\"true\"><img decoding=\"async\" class=\"msub_k4 mupj_5k mjru_k4 mse2_k4 mp7g_f6 mq1m_0 mj7u_0 m7er_k4 mqen_m6 m31c_d8 m0ux_fp lazyloaded\" src=\"https:\/\/a.allegroimg.com\/original\/1188ff\/91d275dc40b08e1fc493f5be6aa1\/Home-square-toys-educational-foam-blocks-for-children-Explorer-6-el-Brand-another\" sizes=\"(min-width: 1200px) 560px, (min-width: 992px) 50vw, 100vw\" srcset=\"https:\/\/a.allegroimg.com\/s360\/1188ff\/91d275dc40b08e1fc493f5be6aa1\/Home-square-toys-educational-foam-blocks-for-children-Explorer-6-el-Brand-another 360w,https:\/\/a.allegroimg.com\/s720\/1188ff\/91d275dc40b08e1fc493f5be6aa1\/Home-square-toys-educational-foam-blocks-for-children-Explorer-6-el-Brand-another 695w,https:\/\/a.allegroimg.com\/original\/1188ff\/91d275dc40b08e1fc493f5be6aa1\/Home-square-toys-educational-foam-blocks-for-children-Explorer-6-el-Brand-another 695w\" alt=\"Nam\u0173 kvadratiniai \u017eaislai edukaciniai putplas\u010dio blokeliai vaikams \u201eExplorer 6 el.\u201c Kitas prek\u0117s \u017eenklas\" width=\"695px\" data-srcset=\"\" \/><\/button><\/div>\n<\/div>\n<\/div>\n<\/div>\n<\/div>","protected":false},"excerpt":{"rendered":"<p>Nam\u0173 laipiojimo aik\u0161tel\u0117<\/p>","protected":false},"featured_media":61806,"template":"","meta":{"_acf_changed":false,"_glsr_average":0,"_glsr_ranking":0,"_glsr_reviews":0},"product_brand":[],"product_cat":[674,254],"product_tag":[],"class_list":{"0":"post-61805","1":"product","2":"type-product","3":"status-publish","4":"has-post-thumbnail","6":"product_cat-namu-zaidimo-aiksteles","7":"product_cat-vaiko-kambarys","8":"\"style=\"background-color: #2ecc711c;\"","10":"first","11":"instock","12":"sale","13":"shipping-taxable","14":"purchasable","15":"product-type-simple"},"acf":[],"yoast_head":"<!-- This site is optimized with the Yoast SEO plugin v27.3 - https:\/\/yoast.com\/product\/yoast-seo-wordpress\/ -->\n<title>Nam\u0173 laipiojimo aik\u0161tel\u0117 - KidsPlay<\/title>\n<meta name=\"description\" content=\"Nam\u0173 laipiojimo aik\u0161tel\u0117\" \/>\n<meta name=\"robots\" content=\"index, follow, max-snippet:-1, max-image-preview:large, max-video-preview:-1\" \/>\n<link rel=\"canonical\" href=\"https:\/\/kidsplay.lt\/lv\/products\/namu-laipiojimo-aikstele\/\" \/>\n<meta property=\"og:locale\" content=\"lv_LV\" \/>\n<meta property=\"og:type\" content=\"article\" \/>\n<meta property=\"og:title\" content=\"Nam\u0173 laipiojimo aik\u0161tel\u0117 - KidsPlay\" \/>\n<meta property=\"og:description\" content=\"Nam\u0173 laipiojimo aik\u0161tel\u0117\" \/>\n<meta property=\"og:url\" content=\"https:\/\/kidsplay.lt\/lv\/products\/namu-laipiojimo-aikstele\/\" \/>\n<meta property=\"og:site_name\" content=\"KidsPlay\" \/>\n<meta property=\"article:publisher\" content=\"https:\/\/www.facebook.com\/www.kidsplay.lt\" \/>\n<meta property=\"article:modified_time\" content=\"2025-12-29T16:32:03+00:00\" \/>\n<meta property=\"og:image\" content=\"https:\/\/kidsplay.lt\/wp-content\/uploads\/2025\/09\/Screenshot_99.png\" \/>\n\t<meta property=\"og:image:width\" content=\"1284\" \/>\n\t<meta property=\"og:image:height\" content=\"597\" \/>\n\t<meta property=\"og:image:type\" content=\"image\/png\" \/>\n<meta name=\"twitter:card\" content=\"summary_large_image\" \/>\n<meta name=\"twitter:label1\" content=\"Est. reading time\" \/>\n\t<meta name=\"twitter:data1\" content=\"2 min\u016btes\" \/>\n<script type=\"application\/ld+json\" class=\"yoast-schema-graph\">{\"@context\":\"https:\\\/\\\/schema.org\",\"@graph\":[{\"@type\":\"WebPage\",\"@id\":\"https:\\\/\\\/kidsplay.lt\\\/produktas\\\/namu-laipiojimo-aikstele\\\/\",\"url\":\"https:\\\/\\\/kidsplay.lt\\\/produktas\\\/namu-laipiojimo-aikstele\\\/\",\"name\":\"Nam\u0173 laipiojimo aik\u0161tel\u0117 - KidsPlay\",\"isPartOf\":{\"@id\":\"https:\\\/\\\/kidsplay.lt\\\/#website\"},\"primaryImageOfPage\":{\"@id\":\"https:\\\/\\\/kidsplay.lt\\\/produktas\\\/namu-laipiojimo-aikstele\\\/#primaryimage\"},\"image\":{\"@id\":\"https:\\\/\\\/kidsplay.lt\\\/produktas\\\/namu-laipiojimo-aikstele\\\/#primaryimage\"},\"thumbnailUrl\":\"https:\\\/\\\/kidsplay.lt\\\/wp-content\\\/uploads\\\/2025\\\/09\\\/Screenshot_99.png\",\"datePublished\":\"2025-09-16T08:19:29+00:00\",\"dateModified\":\"2025-12-29T16:32:03+00:00\",\"description\":\"Nam\u0173 laipiojimo aik\u0161tel\u0117\",\"breadcrumb\":{\"@id\":\"https:\\\/\\\/kidsplay.lt\\\/produktas\\\/namu-laipiojimo-aikstele\\\/#breadcrumb\"},\"inLanguage\":\"lv-LV\",\"potentialAction\":[{\"@type\":\"ReadAction\",\"target\":[\"https:\\\/\\\/kidsplay.lt\\\/produktas\\\/namu-laipiojimo-aikstele\\\/\"]}]},{\"@type\":\"ImageObject\",\"inLanguage\":\"lv-LV\",\"@id\":\"https:\\\/\\\/kidsplay.lt\\\/produktas\\\/namu-laipiojimo-aikstele\\\/#primaryimage\",\"url\":\"https:\\\/\\\/kidsplay.lt\\\/wp-content\\\/uploads\\\/2025\\\/09\\\/Screenshot_99.png\",\"contentUrl\":\"https:\\\/\\\/kidsplay.lt\\\/wp-content\\\/uploads\\\/2025\\\/09\\\/Screenshot_99.png\",\"width\":1284,\"height\":597},{\"@type\":\"BreadcrumbList\",\"@id\":\"https:\\\/\\\/kidsplay.lt\\\/produktas\\\/namu-laipiojimo-aikstele\\\/#breadcrumb\",\"itemListElement\":[{\"@type\":\"ListItem\",\"position\":1,\"name\":\"Pagrindinis\",\"item\":\"https:\\\/\\\/kidsplay.lt\\\/\"},{\"@type\":\"ListItem\",\"position\":2,\"name\":\"Parduotuv\u0117\",\"item\":\"https:\\\/\\\/kidsplay.lt\\\/parduotuve\\\/\"},{\"@type\":\"ListItem\",\"position\":3,\"name\":\"Nam\u0173 laipiojimo aik\u0161tel\u0117\"}]},{\"@type\":\"WebSite\",\"@id\":\"https:\\\/\\\/kidsplay.lt\\\/#website\",\"url\":\"https:\\\/\\\/kidsplay.lt\\\/\",\"name\":\"Kidsplay.lt\",\"description\":\"\u012evairios prek\u0117s vaikams\",\"publisher\":{\"@id\":\"https:\\\/\\\/kidsplay.lt\\\/#organization\"},\"alternateName\":\"Kidsplay\",\"potentialAction\":[{\"@type\":\"SearchAction\",\"target\":{\"@type\":\"EntryPoint\",\"urlTemplate\":\"https:\\\/\\\/kidsplay.lt\\\/?s={search_term_string}\"},\"query-input\":{\"@type\":\"PropertyValueSpecification\",\"valueRequired\":true,\"valueName\":\"search_term_string\"}}],\"inLanguage\":\"lv-LV\"},{\"@type\":\"Organization\",\"@id\":\"https:\\\/\\\/kidsplay.lt\\\/#organization\",\"name\":\"KidsPlay\",\"url\":\"https:\\\/\\\/kidsplay.lt\\\/\",\"logo\":{\"@type\":\"ImageObject\",\"inLanguage\":\"lv-LV\",\"@id\":\"https:\\\/\\\/kidsplay.lt\\\/#\\\/schema\\\/logo\\\/image\\\/\",\"url\":\"https:\\\/\\\/kidsplay.lt\\\/wp-content\\\/uploads\\\/2023\\\/07\\\/kidsplay-logo.png\",\"contentUrl\":\"https:\\\/\\\/kidsplay.lt\\\/wp-content\\\/uploads\\\/2023\\\/07\\\/kidsplay-logo.png\",\"width\":451,\"height\":98,\"caption\":\"KidsPlay\"},\"image\":{\"@id\":\"https:\\\/\\\/kidsplay.lt\\\/#\\\/schema\\\/logo\\\/image\\\/\"},\"sameAs\":[\"https:\\\/\\\/www.facebook.com\\\/www.kidsplay.lt\"]}]}<\/script>\n<!-- \/ Yoast SEO plugin. -->","yoast_head_json":{"title":"Nam\u0173 laipiojimo aik\u0161tel\u0117 - KidsPlay","description":"Nam\u0173 laipiojimo aik\u0161tel\u0117","robots":{"index":"index","follow":"follow","max-snippet":"max-snippet:-1","max-image-preview":"max-image-preview:large","max-video-preview":"max-video-preview:-1"},"canonical":"https:\/\/kidsplay.lt\/lv\/products\/namu-laipiojimo-aikstele\/","og_locale":"lv_LV","og_type":"article","og_title":"Nam\u0173 laipiojimo aik\u0161tel\u0117 - KidsPlay","og_description":"Nam\u0173 laipiojimo aik\u0161tel\u0117","og_url":"https:\/\/kidsplay.lt\/lv\/products\/namu-laipiojimo-aikstele\/","og_site_name":"KidsPlay","article_publisher":"https:\/\/www.facebook.com\/www.kidsplay.lt","article_modified_time":"2025-12-29T16:32:03+00:00","og_image":[{"width":1284,"height":597,"url":"https:\/\/kidsplay.lt\/wp-content\/uploads\/2025\/09\/Screenshot_99.png","type":"image\/png"}],"twitter_card":"summary_large_image","twitter_misc":{"Est. reading time":"2 min\u016btes"},"schema":{"@context":"https:\/\/schema.org","@graph":[{"@type":"WebPage","@id":"https:\/\/kidsplay.lt\/produktas\/namu-laipiojimo-aikstele\/","url":"https:\/\/kidsplay.lt\/produktas\/namu-laipiojimo-aikstele\/","name":"Nam\u0173 laipiojimo aik\u0161tel\u0117 - KidsPlay","isPartOf":{"@id":"https:\/\/kidsplay.lt\/#website"},"primaryImageOfPage":{"@id":"https:\/\/kidsplay.lt\/produktas\/namu-laipiojimo-aikstele\/#primaryimage"},"image":{"@id":"https:\/\/kidsplay.lt\/produktas\/namu-laipiojimo-aikstele\/#primaryimage"},"thumbnailUrl":"https:\/\/kidsplay.lt\/wp-content\/uploads\/2025\/09\/Screenshot_99.png","datePublished":"2025-09-16T08:19:29+00:00","dateModified":"2025-12-29T16:32:03+00:00","description":"Nam\u0173 laipiojimo aik\u0161tel\u0117","breadcrumb":{"@id":"https:\/\/kidsplay.lt\/produktas\/namu-laipiojimo-aikstele\/#breadcrumb"},"inLanguage":"lv-LV","potentialAction":[{"@type":"ReadAction","target":["https:\/\/kidsplay.lt\/produktas\/namu-laipiojimo-aikstele\/"]}]},{"@type":"ImageObject","inLanguage":"lv-LV","@id":"https:\/\/kidsplay.lt\/produktas\/namu-laipiojimo-aikstele\/#primaryimage","url":"https:\/\/kidsplay.lt\/wp-content\/uploads\/2025\/09\/Screenshot_99.png","contentUrl":"https:\/\/kidsplay.lt\/wp-content\/uploads\/2025\/09\/Screenshot_99.png","width":1284,"height":597},{"@type":"BreadcrumbList","@id":"https:\/\/kidsplay.lt\/produktas\/namu-laipiojimo-aikstele\/#breadcrumb","itemListElement":[{"@type":"ListItem","position":1,"name":"Pagrindinis","item":"https:\/\/kidsplay.lt\/"},{"@type":"ListItem","position":2,"name":"Parduotuv\u0117","item":"https:\/\/kidsplay.lt\/parduotuve\/"},{"@type":"ListItem","position":3,"name":"Nam\u0173 laipiojimo aik\u0161tel\u0117"}]},{"@type":"WebSite","@id":"https:\/\/kidsplay.lt\/#website","url":"https:\/\/kidsplay.lt\/","name":"B\u0113rnu sp\u0113les.lv","description":"\u012evairios prek\u0117s vaikams","publisher":{"@id":"https:\/\/kidsplay.lt\/#organization"},"alternateName":"Kidsplay","potentialAction":[{"@type":"SearchAction","target":{"@type":"EntryPoint","urlTemplate":"https:\/\/kidsplay.lt\/?s={search_term_string}"},"query-input":{"@type":"PropertyValueSpecification","valueRequired":true,"valueName":"search_term_string"}}],"inLanguage":"lv-LV"},{"@type":"Organization","@id":"https:\/\/kidsplay.lt\/#organization","name":"B\u0113rnu sp\u0113le","url":"https:\/\/kidsplay.lt\/","logo":{"@type":"ImageObject","inLanguage":"lv-LV","@id":"https:\/\/kidsplay.lt\/#\/schema\/logo\/image\/","url":"https:\/\/kidsplay.lt\/wp-content\/uploads\/2023\/07\/kidsplay-logo.png","contentUrl":"https:\/\/kidsplay.lt\/wp-content\/uploads\/2023\/07\/kidsplay-logo.png","width":451,"height":98,"caption":"KidsPlay"},"image":{"@id":"https:\/\/kidsplay.lt\/#\/schema\/logo\/image\/"},"sameAs":["https:\/\/www.facebook.com\/www.kidsplay.lt"]}]}},"_links":{"self":[{"href":"https:\/\/kidsplay.lt\/lv\/wp-json\/wp\/v2\/product\/61805","targetHints":{"allow":["GET"]}}],"collection":[{"href":"https:\/\/kidsplay.lt\/lv\/wp-json\/wp\/v2\/product"}],"about":[{"href":"https:\/\/kidsplay.lt\/lv\/wp-json\/wp\/v2\/types\/product"}],"version-history":[{"count":3,"href":"https:\/\/kidsplay.lt\/lv\/wp-json\/wp\/v2\/product\/61805\/revisions"}],"predecessor-version":[{"id":74158,"href":"https:\/\/kidsplay.lt\/lv\/wp-json\/wp\/v2\/product\/61805\/revisions\/74158"}],"wp:featuredmedia":[{"embeddable":true,"href":"https:\/\/kidsplay.lt\/lv\/wp-json\/wp\/v2\/media\/61806"}],"wp:attachment":[{"href":"https:\/\/kidsplay.lt\/lv\/wp-json\/wp\/v2\/media?parent=61805"}],"wp:term":[{"taxonomy":"product_brand","embeddable":true,"href":"https:\/\/kidsplay.lt\/lv\/wp-json\/wp\/v2\/product_brand?post=61805"},{"taxonomy":"product_cat","embeddable":true,"href":"https:\/\/kidsplay.lt\/lv\/wp-json\/wp\/v2\/product_cat?post=61805"},{"taxonomy":"product_tag","embeddable":true,"href":"https:\/\/kidsplay.lt\/lv\/wp-json\/wp\/v2\/product_tag?post=61805"}],"curies":[{"name":"wp","href":"https:\/\/api.w.org\/{rel}","templated":true}]}}