{"id":61818,"date":"2025-09-16T13:08:40","date_gmt":"2025-09-16T10:08:40","guid":{"rendered":"https:\/\/kidsplay.lt\/?post_type=product&#038;p=61818"},"modified":"2026-04-19T09:58:32","modified_gmt":"2026-04-19T06:58:32","slug":"hot-wheels-advento-kalendorius","status":"publish","type":"product","link":"https:\/\/kidsplay.lt\/lv\/products\/hot-wheels-advento-kalendorius\/","title":{"rendered":"\u201eKarsto rite\u0146u Adventes kalend\u0101rs"},"content":{"rendered":"<div class=\"mpof_ki myre_zn myre_8v_l m389_6m_l\">\n<div class=\"mp4t_16_s mryx_16_s mr3m_1 mli2_1 mh85_56 mh85_0_l\">\n<div class=\"mgn2_16 _0d3bd_am0a-\">\n<p><b><span dir=\"auto\">\u201eHot Wheels\u201c Advento kalendoriaus \u017eaidim\u0173 rinkinys JCB47<\/span><\/b><\/p>\n<p><span dir=\"auto\">Prad\u0117kite \u0161ventin\u0119 dvasi\u0105 su \u201eHot Wheels\u201c 2025 met\u0173 advento kalendoriumi. Kiekviename i\u0161 24 skyri\u0173 yra 1:64 mastelio \u017eaislinis automobilis arba aksesuaras, \u012fkv\u0117psiantis \u017eiemos nuotykiams. Rinkin\u012f i\u0161 viso sudaro 34 dalys: 10 automobili\u0173 (\u012fskaitant vien\u0105, esant\u012f tik \u0161iame rinkinyje), 10 dekoratyvini\u0173 segtuk\u0173 automobiliams pateikti ir 14 staigmen\u0173 suteikian\u010di\u0173 aksesuar\u0173, toki\u0173 kaip jetis ar meduolinis namelis, kurie praturtins pasakojamas istorijas. Spalvos ir dekoratyviniai elementai gali skirtis.<\/span><\/p>\n<\/div>\n<\/div>\n<div class=\"mp4t_16_s mryx_16_s mr3m_1 mli2_1 mh85_56 mh85_0_l\">\n<div class=\"mg9e_8 mj7a_8 mg9e_0_s mvrt_0_s mj7a_0_s mh36_0_s mzmg_6m munh_16_l m3h2_16_l\">\n<div class=\"mp4t_0 mryx_0 munh_56 m3h2_56\">\n<div class=\"mp7g_oh\"><button class=\"mg9e_0 mvrt_0 mj7a_0 mh36_0 mp4t_0 m3h2_0 mryx_0 munh_0 mqen_m6 mpof_z0 mx7m_0 m7er_k4 mse2_k4 msts_pt\" data-analytics-interaction=\"true\" data-analytics-interaction-label=\"zoomable-image-open\" aria-disabled=\"true\"><img decoding=\"async\" class=\"msub_k4 mupj_5k mjru_k4 mse2_k4 mp7g_f6 mq1m_0 mj7u_0 m7er_k4 mqen_m6 m31c_d8 m0ux_fp lazyloaded\" src=\"https:\/\/a.allegroimg.com\/original\/119ca4\/d573c08243dda982d09d3b7da1af\/Hot-Wheels-Advent-Calendar-Playset-JCB47\" sizes=\"(min-width: 1200px) 560px, (min-width: 992px) 50vw, 100vw\" srcset=\"https:\/\/a.allegroimg.com\/s360\/119ca4\/d573c08243dda982d09d3b7da1af\/Hot-Wheels-Advent-Calendar-Playset-JCB47 360w,https:\/\/a.allegroimg.com\/s720\/119ca4\/d573c08243dda982d09d3b7da1af\/Hot-Wheels-Advent-Calendar-Playset-JCB47 720w,https:\/\/a.allegroimg.com\/s1024\/119ca4\/d573c08243dda982d09d3b7da1af\/Hot-Wheels-Advent-Calendar-Playset-JCB47 1024w,https:\/\/a.allegroimg.com\/s1440\/119ca4\/d573c08243dda982d09d3b7da1af\/Hot-Wheels-Advent-Calendar-Playset-JCB47 1440w,https:\/\/a.allegroimg.com\/original\/119ca4\/d573c08243dda982d09d3b7da1af\/Hot-Wheels-Advent-Calendar-Playset-JCB47 2560w\" alt=\"\u201eHot Wheels\u201c Advento kalendoriaus \u017eaidim\u0173 rinkinys JCB47\" width=\"2560px\" data-srcset=\"\" \/><\/button><\/div>\n<\/div>\n<\/div>\n<\/div>\n<\/div>\n<div class=\"mpof_ki myre_zn myre_8v_l m389_6m_l\">\n<div class=\"mp4t_16_s mryx_16_s mr3m_1 mli2_1 mh85_56 mh85_0_l\">\n<div class=\"mg9e_8 mj7a_8 mg9e_0_s mvrt_0_s mj7a_0_s mh36_0_s mzmg_6m munh_16_l m3h2_16_l\">\n<div class=\"mp4t_0 mryx_0 munh_56 m3h2_56\">\n<div class=\"mp7g_oh\"><button class=\"mg9e_0 mvrt_0 mj7a_0 mh36_0 mp4t_0 m3h2_0 mryx_0 munh_0 mqen_m6 mpof_z0 mx7m_0 m7er_k4 mse2_k4 msts_pt\" data-analytics-interaction=\"true\" data-analytics-interaction-label=\"zoomable-image-open\" aria-disabled=\"true\"><img decoding=\"async\" class=\"msub_k4 mupj_5k mjru_k4 mse2_k4 mp7g_f6 mq1m_0 mj7u_0 m7er_k4 mqen_m6 m31c_d8 m0ux_fp lazyloaded\" src=\"https:\/\/a.allegroimg.com\/original\/111590\/cef97ffe465db1a5806ce8d888e1\/Hot-Wheels-Advent-Calendar-Playset-JCB47-EAN-GTIN-194735267262\" sizes=\"(min-width: 1200px) 560px, (min-width: 992px) 50vw, 100vw\" srcset=\"https:\/\/a.allegroimg.com\/s360\/111590\/cef97ffe465db1a5806ce8d888e1\/Hot-Wheels-Advent-Calendar-Playset-JCB47-EAN-GTIN-194735267262 359w,https:\/\/a.allegroimg.com\/s720\/111590\/cef97ffe465db1a5806ce8d888e1\/Hot-Wheels-Advent-Calendar-Playset-JCB47-EAN-GTIN-194735267262 719w,https:\/\/a.allegroimg.com\/s1024\/111590\/cef97ffe465db1a5806ce8d888e1\/Hot-Wheels-Advent-Calendar-Playset-JCB47-EAN-GTIN-194735267262 1023w,https:\/\/a.allegroimg.com\/s1440\/111590\/cef97ffe465db1a5806ce8d888e1\/Hot-Wheels-Advent-Calendar-Playset-JCB47-EAN-GTIN-194735267262 1439w,https:\/\/a.allegroimg.com\/original\/111590\/cef97ffe465db1a5806ce8d888e1\/Hot-Wheels-Advent-Calendar-Playset-JCB47-EAN-GTIN-194735267262 2559w\" alt=\"\u201eHot Wheels\u201c Advento kalendoriaus \u017eaidim\u0173 rinkinys JCB47 EAN (GTIN) 194735267262\" width=\"2559px\" data-srcset=\"\" \/><\/button><\/div>\n<\/div>\n<\/div>\n<\/div>\n<div class=\"mp4t_16_s mryx_16_s mr3m_1 mli2_1 mh85_56 mh85_0_l\">\n<div class=\"mgn2_16 _0d3bd_am0a-\">\n<p><span dir=\"auto\">\u0160v\u0119skite \u0161\u012f nepaprast\u0105 met\u0173 laik\u0105 su \u201eHot Wheels\u201c 2025 m. advento kalendoriumi su 24 laukian\u010diomis staigmenomis ir 10 dekoratyvini\u0173 segtuk\u0173!<\/span><\/p>\n<p><span dir=\"auto\">10 skyri\u0173 yra \u012fvairi\u0173 1:64 mastelio \u201eHot Wheels\u201c \u017eaislini\u0173 automobili\u0173, \u012fskaitant vien\u0105, esant\u012f tik \u0161iame rinkinyje.<\/span><\/p>\n<p><span dir=\"auto\">Likusiuose 14 slepiasi kiti aksesuarai, pavyzd\u017eiui, elnias ar rog\u0117s, kurie gali praturtinti kal\u0117dinius nuotykius.<\/span><\/p>\n<p><span dir=\"auto\">10 dekoratyvini\u0173 spaustuk\u0173 pagalba pakabinkite automobil\u012f ant Kal\u0117d\u0173 eglut\u0117s ir sukurkite \u0161ventines dekoracijas \u201eHot Wheels\u201c stiliumi.<\/span><\/p>\n<p><span dir=\"auto\">Su 34 detal\u0117mis suaug\u0119 kolekcininkai ir vaikai nuo 3 met\u0173 gali sukurti \u0161auni\u0105 \u0161ventin\u0119 atmosfer\u0105 su \u201eHot Wheels\u201c \u017eaislais!<\/span><\/p>\n<\/div>\n<\/div>\n<\/div>","protected":false},"excerpt":{"rendered":"<p>\u201eKarsto rite\u0146u Adventes kalend\u0101rs<\/p>","protected":false},"featured_media":61819,"template":"","meta":{"_acf_changed":false,"_glsr_average":0,"_glsr_ranking":0,"_glsr_reviews":0},"product_brand":[],"product_cat":[360,372],"product_tag":[],"class_list":{"0":"post-61818","1":"product","2":"type-product","3":"status-publish","4":"has-post-thumbnail","6":"product_cat-advento-kalendoriai","7":"product_cat-vaiku-sventems","8":"\"style=\"background-color: #2ecc711c;\"","10":"first","11":"instock","12":"sale","13":"shipping-taxable","14":"purchasable","15":"product-type-simple"},"acf":[],"yoast_head":"<!-- This site is optimized with the Yoast SEO plugin v27.4 - https:\/\/yoast.com\/product\/yoast-seo-wordpress\/ -->\n<title>\u201eHot Wheels\u201c Advento kalendorius - KidsPlay<\/title>\n<meta name=\"description\" content=\"\u201eHot Wheels\u201c Advento kalendorius\" \/>\n<meta name=\"robots\" content=\"index, follow, max-snippet:-1, max-image-preview:large, max-video-preview:-1\" \/>\n<link rel=\"canonical\" href=\"https:\/\/kidsplay.lt\/lv\/products\/hot-wheels-advento-kalendorius\/\" \/>\n<meta property=\"og:locale\" content=\"lv_LV\" \/>\n<meta property=\"og:type\" content=\"article\" \/>\n<meta property=\"og:title\" content=\"\u201eHot Wheels\u201c Advento kalendorius - KidsPlay\" \/>\n<meta property=\"og:description\" content=\"\u201eHot Wheels\u201c Advento kalendorius\" \/>\n<meta property=\"og:url\" content=\"https:\/\/kidsplay.lt\/lv\/products\/hot-wheels-advento-kalendorius\/\" \/>\n<meta property=\"og:site_name\" content=\"KidsPlay\" \/>\n<meta property=\"article:publisher\" content=\"https:\/\/www.facebook.com\/www.kidsplay.lt\" \/>\n<meta property=\"article:modified_time\" content=\"2026-04-19T06:58:32+00:00\" \/>\n<meta property=\"og:image\" content=\"https:\/\/kidsplay.lt\/wp-content\/uploads\/2025\/09\/Screenshot_108.png\" \/>\n\t<meta property=\"og:image:width\" content=\"926\" \/>\n\t<meta property=\"og:image:height\" content=\"658\" \/>\n\t<meta property=\"og:image:type\" content=\"image\/png\" \/>\n<meta name=\"twitter:card\" content=\"summary_large_image\" \/>\n<meta name=\"twitter:label1\" content=\"Est. reading time\" \/>\n\t<meta name=\"twitter:data1\" content=\"2 min\u016btes\" \/>\n<script type=\"application\/ld+json\" class=\"yoast-schema-graph\">{\"@context\":\"https:\\\/\\\/schema.org\",\"@graph\":[{\"@type\":\"WebPage\",\"@id\":\"https:\\\/\\\/kidsplay.lt\\\/produktas\\\/hot-wheels-advento-kalendorius\\\/\",\"url\":\"https:\\\/\\\/kidsplay.lt\\\/produktas\\\/hot-wheels-advento-kalendorius\\\/\",\"name\":\"\u201eHot Wheels\u201c Advento kalendorius - KidsPlay\",\"isPartOf\":{\"@id\":\"https:\\\/\\\/kidsplay.lt\\\/#website\"},\"primaryImageOfPage\":{\"@id\":\"https:\\\/\\\/kidsplay.lt\\\/produktas\\\/hot-wheels-advento-kalendorius\\\/#primaryimage\"},\"image\":{\"@id\":\"https:\\\/\\\/kidsplay.lt\\\/produktas\\\/hot-wheels-advento-kalendorius\\\/#primaryimage\"},\"thumbnailUrl\":\"https:\\\/\\\/kidsplay.lt\\\/wp-content\\\/uploads\\\/2025\\\/09\\\/Screenshot_108.png\",\"datePublished\":\"2025-09-16T10:08:40+00:00\",\"dateModified\":\"2026-04-19T06:58:32+00:00\",\"description\":\"\u201eHot Wheels\u201c Advento kalendorius\",\"breadcrumb\":{\"@id\":\"https:\\\/\\\/kidsplay.lt\\\/produktas\\\/hot-wheels-advento-kalendorius\\\/#breadcrumb\"},\"inLanguage\":\"lv-LV\",\"potentialAction\":[{\"@type\":\"ReadAction\",\"target\":[\"https:\\\/\\\/kidsplay.lt\\\/produktas\\\/hot-wheels-advento-kalendorius\\\/\"]}]},{\"@type\":\"ImageObject\",\"inLanguage\":\"lv-LV\",\"@id\":\"https:\\\/\\\/kidsplay.lt\\\/produktas\\\/hot-wheels-advento-kalendorius\\\/#primaryimage\",\"url\":\"https:\\\/\\\/kidsplay.lt\\\/wp-content\\\/uploads\\\/2025\\\/09\\\/Screenshot_108.png\",\"contentUrl\":\"https:\\\/\\\/kidsplay.lt\\\/wp-content\\\/uploads\\\/2025\\\/09\\\/Screenshot_108.png\",\"width\":926,\"height\":658},{\"@type\":\"BreadcrumbList\",\"@id\":\"https:\\\/\\\/kidsplay.lt\\\/produktas\\\/hot-wheels-advento-kalendorius\\\/#breadcrumb\",\"itemListElement\":[{\"@type\":\"ListItem\",\"position\":1,\"name\":\"Pagrindinis\",\"item\":\"https:\\\/\\\/kidsplay.lt\\\/\"},{\"@type\":\"ListItem\",\"position\":2,\"name\":\"Parduotuv\u0117\",\"item\":\"https:\\\/\\\/kidsplay.lt\\\/parduotuve\\\/\"},{\"@type\":\"ListItem\",\"position\":3,\"name\":\"\u201eHot Wheels\u201c Advento kalendorius\"}]},{\"@type\":\"WebSite\",\"@id\":\"https:\\\/\\\/kidsplay.lt\\\/#website\",\"url\":\"https:\\\/\\\/kidsplay.lt\\\/\",\"name\":\"Kidsplay.lt\",\"description\":\"\u012evairios prek\u0117s vaikams\",\"publisher\":{\"@id\":\"https:\\\/\\\/kidsplay.lt\\\/#organization\"},\"alternateName\":\"Kidsplay\",\"potentialAction\":[{\"@type\":\"SearchAction\",\"target\":{\"@type\":\"EntryPoint\",\"urlTemplate\":\"https:\\\/\\\/kidsplay.lt\\\/?s={search_term_string}\"},\"query-input\":{\"@type\":\"PropertyValueSpecification\",\"valueRequired\":true,\"valueName\":\"search_term_string\"}}],\"inLanguage\":\"lv-LV\"},{\"@type\":\"Organization\",\"@id\":\"https:\\\/\\\/kidsplay.lt\\\/#organization\",\"name\":\"KidsPlay\",\"url\":\"https:\\\/\\\/kidsplay.lt\\\/\",\"logo\":{\"@type\":\"ImageObject\",\"inLanguage\":\"lv-LV\",\"@id\":\"https:\\\/\\\/kidsplay.lt\\\/#\\\/schema\\\/logo\\\/image\\\/\",\"url\":\"https:\\\/\\\/kidsplay.lt\\\/wp-content\\\/uploads\\\/2023\\\/07\\\/kidsplay-logo.png\",\"contentUrl\":\"https:\\\/\\\/kidsplay.lt\\\/wp-content\\\/uploads\\\/2023\\\/07\\\/kidsplay-logo.png\",\"width\":451,\"height\":98,\"caption\":\"KidsPlay\"},\"image\":{\"@id\":\"https:\\\/\\\/kidsplay.lt\\\/#\\\/schema\\\/logo\\\/image\\\/\"},\"sameAs\":[\"https:\\\/\\\/www.facebook.com\\\/www.kidsplay.lt\"]}]}<\/script>\n<!-- \/ Yoast SEO plugin. -->","yoast_head_json":{"title":"\u201eHot Wheels\u201c Advento kalendorius - KidsPlay","description":"\u201eKarsto rite\u0146u Adventes kalend\u0101rs","robots":{"index":"index","follow":"follow","max-snippet":"max-snippet:-1","max-image-preview":"max-image-preview:large","max-video-preview":"max-video-preview:-1"},"canonical":"https:\/\/kidsplay.lt\/lv\/products\/hot-wheels-advento-kalendorius\/","og_locale":"lv_LV","og_type":"article","og_title":"\u201eHot Wheels\u201c Advento kalendorius - KidsPlay","og_description":"\u201eHot Wheels\u201c Advento kalendorius","og_url":"https:\/\/kidsplay.lt\/lv\/products\/hot-wheels-advento-kalendorius\/","og_site_name":"KidsPlay","article_publisher":"https:\/\/www.facebook.com\/www.kidsplay.lt","article_modified_time":"2026-04-19T06:58:32+00:00","og_image":[{"width":926,"height":658,"url":"https:\/\/kidsplay.lt\/wp-content\/uploads\/2025\/09\/Screenshot_108.png","type":"image\/png"}],"twitter_card":"summary_large_image","twitter_misc":{"Est. reading time":"2 min\u016btes"},"schema":{"@context":"https:\/\/schema.org","@graph":[{"@type":"WebPage","@id":"https:\/\/kidsplay.lt\/produktas\/hot-wheels-advento-kalendorius\/","url":"https:\/\/kidsplay.lt\/produktas\/hot-wheels-advento-kalendorius\/","name":"\u201eHot Wheels\u201c Advento kalendorius - KidsPlay","isPartOf":{"@id":"https:\/\/kidsplay.lt\/#website"},"primaryImageOfPage":{"@id":"https:\/\/kidsplay.lt\/produktas\/hot-wheels-advento-kalendorius\/#primaryimage"},"image":{"@id":"https:\/\/kidsplay.lt\/produktas\/hot-wheels-advento-kalendorius\/#primaryimage"},"thumbnailUrl":"https:\/\/kidsplay.lt\/wp-content\/uploads\/2025\/09\/Screenshot_108.png","datePublished":"2025-09-16T10:08:40+00:00","dateModified":"2026-04-19T06:58:32+00:00","description":"\u201eKarsto rite\u0146u Adventes kalend\u0101rs","breadcrumb":{"@id":"https:\/\/kidsplay.lt\/produktas\/hot-wheels-advento-kalendorius\/#breadcrumb"},"inLanguage":"lv-LV","potentialAction":[{"@type":"ReadAction","target":["https:\/\/kidsplay.lt\/produktas\/hot-wheels-advento-kalendorius\/"]}]},{"@type":"ImageObject","inLanguage":"lv-LV","@id":"https:\/\/kidsplay.lt\/produktas\/hot-wheels-advento-kalendorius\/#primaryimage","url":"https:\/\/kidsplay.lt\/wp-content\/uploads\/2025\/09\/Screenshot_108.png","contentUrl":"https:\/\/kidsplay.lt\/wp-content\/uploads\/2025\/09\/Screenshot_108.png","width":926,"height":658},{"@type":"BreadcrumbList","@id":"https:\/\/kidsplay.lt\/produktas\/hot-wheels-advento-kalendorius\/#breadcrumb","itemListElement":[{"@type":"ListItem","position":1,"name":"Pagrindinis","item":"https:\/\/kidsplay.lt\/"},{"@type":"ListItem","position":2,"name":"Parduotuv\u0117","item":"https:\/\/kidsplay.lt\/parduotuve\/"},{"@type":"ListItem","position":3,"name":"\u201eHot Wheels\u201c Advento kalendorius"}]},{"@type":"WebSite","@id":"https:\/\/kidsplay.lt\/#website","url":"https:\/\/kidsplay.lt\/","name":"B\u0113rnu sp\u0113les.lv","description":"\u012evairios prek\u0117s vaikams","publisher":{"@id":"https:\/\/kidsplay.lt\/#organization"},"alternateName":"Kidsplay","potentialAction":[{"@type":"SearchAction","target":{"@type":"EntryPoint","urlTemplate":"https:\/\/kidsplay.lt\/?s={search_term_string}"},"query-input":{"@type":"PropertyValueSpecification","valueRequired":true,"valueName":"search_term_string"}}],"inLanguage":"lv-LV"},{"@type":"Organization","@id":"https:\/\/kidsplay.lt\/#organization","name":"B\u0113rnu sp\u0113le","url":"https:\/\/kidsplay.lt\/","logo":{"@type":"ImageObject","inLanguage":"lv-LV","@id":"https:\/\/kidsplay.lt\/#\/schema\/logo\/image\/","url":"https:\/\/kidsplay.lt\/wp-content\/uploads\/2023\/07\/kidsplay-logo.png","contentUrl":"https:\/\/kidsplay.lt\/wp-content\/uploads\/2023\/07\/kidsplay-logo.png","width":451,"height":98,"caption":"KidsPlay"},"image":{"@id":"https:\/\/kidsplay.lt\/#\/schema\/logo\/image\/"},"sameAs":["https:\/\/www.facebook.com\/www.kidsplay.lt"]}]}},"_links":{"self":[{"href":"https:\/\/kidsplay.lt\/lv\/wp-json\/wp\/v2\/product\/61818","targetHints":{"allow":["GET"]}}],"collection":[{"href":"https:\/\/kidsplay.lt\/lv\/wp-json\/wp\/v2\/product"}],"about":[{"href":"https:\/\/kidsplay.lt\/lv\/wp-json\/wp\/v2\/types\/product"}],"version-history":[{"count":4,"href":"https:\/\/kidsplay.lt\/lv\/wp-json\/wp\/v2\/product\/61818\/revisions"}],"predecessor-version":[{"id":74382,"href":"https:\/\/kidsplay.lt\/lv\/wp-json\/wp\/v2\/product\/61818\/revisions\/74382"}],"wp:featuredmedia":[{"embeddable":true,"href":"https:\/\/kidsplay.lt\/lv\/wp-json\/wp\/v2\/media\/61819"}],"wp:attachment":[{"href":"https:\/\/kidsplay.lt\/lv\/wp-json\/wp\/v2\/media?parent=61818"}],"wp:term":[{"taxonomy":"product_brand","embeddable":true,"href":"https:\/\/kidsplay.lt\/lv\/wp-json\/wp\/v2\/product_brand?post=61818"},{"taxonomy":"product_cat","embeddable":true,"href":"https:\/\/kidsplay.lt\/lv\/wp-json\/wp\/v2\/product_cat?post=61818"},{"taxonomy":"product_tag","embeddable":true,"href":"https:\/\/kidsplay.lt\/lv\/wp-json\/wp\/v2\/product_tag?post=61818"}],"curies":[{"name":"wp","href":"https:\/\/api.w.org\/{rel}","templated":true}]}}