{"id":61825,"date":"2025-09-16T13:10:33","date_gmt":"2025-09-16T10:10:33","guid":{"rendered":"https:\/\/kidsplay.lt\/?post_type=product&#038;p=61825"},"modified":"2025-12-29T18:33:35","modified_gmt":"2025-12-29T16:33:35","slug":"advento-kalendorius-vaiku-kosmetika","status":"publish","type":"product","link":"https:\/\/kidsplay.lt\/lv\/products\/advento-kalendorius-vaiku-kosmetika\/","title":{"rendered":"Adventes kalend\u0101rs b\u0113rnu kosm\u0113tikai"},"content":{"rendered":"<div class=\"mpof_ki myre_zn myre_8v_l m389_6m_l\">\n<div class=\"mp4t_16_s mryx_16_s mr3m_1 mli2_1 mh85_56 mh85_0_l\">\n<div class=\"mgn2_16 _0d3bd_am0a-\">\n<h1><span dir=\"auto\">Clementoni Advento kalendoriaus vaik\u0173 kosmetikos rinkinys \u201eCrazy Chic\u201c 6+<\/span><\/h1>\n<p><b><span dir=\"auto\">\u201eClementoni Crazy Chic 2021\u201c advento kalendorius<\/span><\/b><span dir=\"auto\">\u00a0\u012fkvepia vaikus nuo \u0161e\u0161eri\u0173 met\u0173 kosmetikos aksesuarais, kurie ne tik suteiks tobul\u0105 \u0161ventin\u012f ir Nauj\u0173j\u0173 met\u0173 i\u0161vakari\u0173 \u012fvaizd\u012f.<\/span><\/p>\n<p><span dir=\"auto\">Atraskite mading\u0173 lipni\u0173 tatuiruotes, prabangius papuo\u0161alus, makia\u017e\u0105 ir kitus aksesuarus ir m\u0117gaukit\u0117s \u012fvairiapusi\u0161ku bei nuostabiu prie\u0161kal\u0117diniu laikotarpiu.<\/span><\/p>\n<p><b><span dir=\"auto\">Ie\u0161kote advento kalendoriaus mergaitei?<\/span><\/b><\/p>\n<p><span dir=\"auto\">\u2b50 Tuomet rekomenduojame \u0161\u012f \u201eClementoni Crazy Chic 2021 Advento kalendori\u0173\u201c. Kalendorius yra rausvos spalvos ir yra smagus b\u016bdas vaikams skai\u010diuoti iki \u0161ven\u010di\u0173. Ar j\u016bs\u0173 dukra m\u0117gsta da\u017eytis? Tuomet \u0161is kalendorius jus nustebins.<\/span><\/p>\n<p><span dir=\"auto\">\u2b50 Gra\u017eus advento kalendorius tobulame beproti\u0161kame stiliuje<\/span><\/p>\n<p><span dir=\"auto\">\u2b50 Kalendorius su langeliais, kuriuos galima atidaryti diena i\u0161 dienos ir kuriuose yra ypating\u0173 staigmen\u0173 \u2013 nuo \u200b\u200bmakia\u017eo iki papuo\u0161al\u0173, kad visada b\u016btum\u0117te \u201emadingi\u201c<\/span><\/p>\n<p><span dir=\"auto\">\u2b50 Papuo\u0161alai, makia\u017eas, tatuiruot\u0117s ir daugyb\u0117 kit\u0173 aksesuar\u0173, kuriuos galite atrasti kiekvien\u0105 dien\u0105 laukdami Kal\u0117d\u0173.<\/span><\/p>\n<p><span dir=\"auto\">\u2b50 D\u0117\u017eut\u0117 taip pat yra vertinga papuo\u0161al\u0173 d\u0117\u017eut\u0117, kurioje galite laikyti visus savo k\u016brinius.<\/span><\/p>\n<p><span dir=\"auto\">\u2b50 Nuostabi\u0173 efekt\u0173 rinkinys, pilnas pried\u0173 ir komponent\u0173, kurie k\u016brybi\u0161kai linksmins ma\u017eas mergaites.<\/span><\/p>\n<\/div>\n<\/div>\n<\/div>\n<div class=\"mpof_ki myre_zn myre_8v_l m389_6m_l\">\n<div class=\"mp4t_16_s mryx_16_s mr3m_1 mli2_1 mh85_56 mh85_0_l\">\n<div class=\"mg9e_8 mj7a_8 mg9e_0_s mvrt_0_s mj7a_0_s mh36_0_s mzmg_6m munh_16_l m3h2_16_l\">\n<div class=\"mp4t_0 mryx_0 munh_56 m3h2_56\">\n<div class=\"mp7g_oh\"><button class=\"mg9e_0 mvrt_0 mj7a_0 mh36_0 mp4t_0 m3h2_0 mryx_0 munh_0 mqen_m6 mpof_z0 mx7m_0 m7er_k4 mse2_k4 msts_pt\" data-analytics-interaction=\"true\" data-analytics-interaction-label=\"zoomable-image-open\" aria-disabled=\"true\"><img decoding=\"async\" class=\"msub_k4 mupj_5k mjru_k4 mse2_k4 mp7g_f6 mq1m_0 mj7u_0 m7er_k4 mqen_m6 m31c_d8 m0ux_fp lazyloaded\" src=\"https:\/\/a.allegroimg.com\/original\/11a2ba\/18e02d754b3a8cdb73a4ebea99dc\/Advent-Calendar-Children-s-Cosmetics-Set-Crazy-Chic-6-Clementoni-Brand-Clementoni\" sizes=\"(min-width: 1200px) 560px, (min-width: 992px) 50vw, 100vw\" srcset=\"https:\/\/a.allegroimg.com\/s360\/11a2ba\/18e02d754b3a8cdb73a4ebea99dc\/Advent-Calendar-Children-s-Cosmetics-Set-Crazy-Chic-6-Clementoni-Brand-Clementoni 360w,https:\/\/a.allegroimg.com\/s720\/11a2ba\/18e02d754b3a8cdb73a4ebea99dc\/Advent-Calendar-Children-s-Cosmetics-Set-Crazy-Chic-6-Clementoni-Brand-Clementoni 600w,https:\/\/a.allegroimg.com\/original\/11a2ba\/18e02d754b3a8cdb73a4ebea99dc\/Advent-Calendar-Children-s-Cosmetics-Set-Crazy-Chic-6-Clementoni-Brand-Clementoni 600w\" alt=\"Advento kalendoriaus vaik\u0173 kosmetikos rinkinys \u201eCrazy Chic\u201c 6+, \u201eClementoni\u201c prek\u0117s \u017eenklas, \u201eClementoni\u201c\" width=\"600px\" data-srcset=\"\" \/><\/button><\/div>\n<\/div>\n<\/div>\n<\/div>\n<div class=\"mp4t_16_s mryx_16_s mr3m_1 mli2_1 mh85_56 mh85_0_l\">\n<div class=\"mg9e_8 mj7a_8 mg9e_0_s mvrt_0_s mj7a_0_s mh36_0_s mzmg_6m munh_16_l m3h2_16_l\">\n<div class=\"mp4t_0 mryx_0 munh_56 m3h2_56\">\n<div class=\"mp7g_oh\"><button class=\"mg9e_0 mvrt_0 mj7a_0 mh36_0 mp4t_0 m3h2_0 mryx_0 munh_0 mqen_m6 mpof_z0 mx7m_0 m7er_k4 mse2_k4 msts_pt\" data-analytics-interaction=\"true\" data-analytics-interaction-label=\"zoomable-image-open\" aria-disabled=\"true\"><img decoding=\"async\" class=\"msub_k4 mupj_5k mjru_k4 mse2_k4 mp7g_f6 mq1m_0 mj7u_0 m7er_k4 mqen_m6 m31c_d8 m0ux_fp lazyloaded\" src=\"https:\/\/a.allegroimg.com\/original\/116cd5\/d510172b42cfb0aabbdf56e9d4ab\/Advent-Calendar-Children-s-Cosmetics-Set-Crazy-Chic-6-Clementoni-Kid-s-age-6-years\" sizes=\"(min-width: 1200px) 560px, (min-width: 992px) 50vw, 100vw\" srcset=\"https:\/\/a.allegroimg.com\/s360\/116cd5\/d510172b42cfb0aabbdf56e9d4ab\/Advent-Calendar-Children-s-Cosmetics-Set-Crazy-Chic-6-Clementoni-Kid-s-age-6-years 360w,https:\/\/a.allegroimg.com\/s720\/116cd5\/d510172b42cfb0aabbdf56e9d4ab\/Advent-Calendar-Children-s-Cosmetics-Set-Crazy-Chic-6-Clementoni-Kid-s-age-6-years 720w,https:\/\/a.allegroimg.com\/s1024\/116cd5\/d510172b42cfb0aabbdf56e9d4ab\/Advent-Calendar-Children-s-Cosmetics-Set-Crazy-Chic-6-Clementoni-Kid-s-age-6-years 857w,https:\/\/a.allegroimg.com\/original\/116cd5\/d510172b42cfb0aabbdf56e9d4ab\/Advent-Calendar-Children-s-Cosmetics-Set-Crazy-Chic-6-Clementoni-Kid-s-age-6-years 857w\" alt=\"Advento kalendoriaus vaik\u0173 kosmetikos rinkinys \u201eCrazy Chic\u201c 6+ Clementoni Vaikams nuo 6 met\u0173\" width=\"857px\" data-srcset=\"\" \/><\/button><\/div>\n<\/div>\n<\/div>\n<\/div>\n<\/div>\n<div class=\"mpof_ki myre_zn myre_8v_l m389_6m_l\">\n<div class=\"mp4t_16_s mryx_16_s mr3m_1 mli2_1 mh85_56 mh85_0_l\">\n<div class=\"mg9e_8 mj7a_8 mg9e_0_s mvrt_0_s mj7a_0_s mh36_0_s mzmg_6m munh_16_l m3h2_16_l\">\n<div class=\"mp4t_0 mryx_0 munh_56 m3h2_56\">\n<div class=\"mp7g_oh\"><button class=\"mg9e_0 mvrt_0 mj7a_0 mh36_0 mp4t_0 m3h2_0 mryx_0 munh_0 mqen_m6 mpof_z0 mx7m_0 m7er_k4 mse2_k4 msts_pt\" data-analytics-interaction=\"true\" data-analytics-interaction-label=\"zoomable-image-open\" aria-disabled=\"true\"><img decoding=\"async\" class=\"msub_k4 mupj_5k mjru_k4 mse2_k4 mp7g_f6 mq1m_0 mj7u_0 m7er_k4 mqen_m6 m31c_d8 m0ux_fp lazyloaded\" src=\"https:\/\/a.allegroimg.com\/original\/11dc0c\/0f97bab4419cb621ec7b66d57dec\/Advent-Calendar-Children-s-Cosmetics-Set-Crazy-Chic-6-Clementoni-Manufacturer-code-78797-CLM\" sizes=\"100vw\" srcset=\"https:\/\/a.allegroimg.com\/s360\/11dc0c\/0f97bab4419cb621ec7b66d57dec\/Advent-Calendar-Children-s-Cosmetics-Set-Crazy-Chic-6-Clementoni-Manufacturer-code-78797-CLM 360w,https:\/\/a.allegroimg.com\/s720\/11dc0c\/0f97bab4419cb621ec7b66d57dec\/Advent-Calendar-Children-s-Cosmetics-Set-Crazy-Chic-6-Clementoni-Manufacturer-code-78797-CLM 720w,https:\/\/a.allegroimg.com\/original\/11dc0c\/0f97bab4419cb621ec7b66d57dec\/Advent-Calendar-Children-s-Cosmetics-Set-Crazy-Chic-6-Clementoni-Manufacturer-code-78797-CLM 720w\" alt=\"Advento kalendoriaus vaik\u0173 kosmetikos rinkinys \u201eCrazy Chic\u201c 6+ Clementoni Gamintojo kodas 78797 CLM\" width=\"720px\" data-srcset=\"\" \/><\/button><\/div>\n<\/div>\n<\/div>\n<\/div>\n<\/div>","protected":false},"excerpt":{"rendered":"<p>Adventes kalend\u0101rs b\u0113rnu kosm\u0113tikai<\/p>","protected":false},"featured_media":61826,"template":"","meta":{"_acf_changed":false,"_glsr_average":0,"_glsr_ranking":0,"_glsr_reviews":0},"product_brand":[],"product_cat":[360,372],"product_tag":[],"class_list":{"0":"post-61825","1":"product","2":"type-product","3":"status-publish","4":"has-post-thumbnail","6":"product_cat-advento-kalendoriai","7":"product_cat-vaiku-sventems","8":"\"style=\"background-color: #2ecc711c;\"","10":"first","11":"instock","12":"shipping-taxable","13":"purchasable","14":"product-type-simple"},"acf":[],"yoast_head":"<!-- This site is optimized with the Yoast SEO plugin v27.3 - https:\/\/yoast.com\/product\/yoast-seo-wordpress\/ -->\n<title>Advento kalendorius vaik\u0173 kosmetika - KidsPlay<\/title>\n<meta name=\"description\" content=\"Advento kalendorius vaik\u0173 kosmetika\" \/>\n<meta name=\"robots\" content=\"index, follow, max-snippet:-1, max-image-preview:large, max-video-preview:-1\" \/>\n<link rel=\"canonical\" href=\"https:\/\/kidsplay.lt\/lv\/products\/advento-kalendorius-vaiku-kosmetika\/\" \/>\n<meta property=\"og:locale\" content=\"lv_LV\" \/>\n<meta property=\"og:type\" content=\"article\" \/>\n<meta property=\"og:title\" content=\"Advento kalendorius vaik\u0173 kosmetika - KidsPlay\" \/>\n<meta property=\"og:description\" content=\"Advento kalendorius vaik\u0173 kosmetika\" \/>\n<meta property=\"og:url\" content=\"https:\/\/kidsplay.lt\/lv\/products\/advento-kalendorius-vaiku-kosmetika\/\" \/>\n<meta property=\"og:site_name\" content=\"KidsPlay\" \/>\n<meta property=\"article:publisher\" content=\"https:\/\/www.facebook.com\/www.kidsplay.lt\" \/>\n<meta property=\"article:modified_time\" content=\"2025-12-29T16:33:35+00:00\" \/>\n<meta property=\"og:image\" content=\"https:\/\/kidsplay.lt\/wp-content\/uploads\/2025\/09\/Screenshot_113.png\" \/>\n\t<meta property=\"og:image:width\" content=\"698\" \/>\n\t<meta property=\"og:image:height\" content=\"487\" \/>\n\t<meta property=\"og:image:type\" content=\"image\/png\" \/>\n<meta name=\"twitter:card\" content=\"summary_large_image\" \/>\n<meta name=\"twitter:label1\" content=\"Est. reading time\" \/>\n\t<meta name=\"twitter:data1\" content=\"2 min\u016btes\" \/>\n<script type=\"application\/ld+json\" class=\"yoast-schema-graph\">{\"@context\":\"https:\\\/\\\/schema.org\",\"@graph\":[{\"@type\":\"WebPage\",\"@id\":\"https:\\\/\\\/kidsplay.lt\\\/produktas\\\/advento-kalendorius-vaiku-kosmetika\\\/\",\"url\":\"https:\\\/\\\/kidsplay.lt\\\/produktas\\\/advento-kalendorius-vaiku-kosmetika\\\/\",\"name\":\"Advento kalendorius vaik\u0173 kosmetika - KidsPlay\",\"isPartOf\":{\"@id\":\"https:\\\/\\\/kidsplay.lt\\\/#website\"},\"primaryImageOfPage\":{\"@id\":\"https:\\\/\\\/kidsplay.lt\\\/produktas\\\/advento-kalendorius-vaiku-kosmetika\\\/#primaryimage\"},\"image\":{\"@id\":\"https:\\\/\\\/kidsplay.lt\\\/produktas\\\/advento-kalendorius-vaiku-kosmetika\\\/#primaryimage\"},\"thumbnailUrl\":\"https:\\\/\\\/kidsplay.lt\\\/wp-content\\\/uploads\\\/2025\\\/09\\\/Screenshot_113.png\",\"datePublished\":\"2025-09-16T10:10:33+00:00\",\"dateModified\":\"2025-12-29T16:33:35+00:00\",\"description\":\"Advento kalendorius vaik\u0173 kosmetika\",\"breadcrumb\":{\"@id\":\"https:\\\/\\\/kidsplay.lt\\\/produktas\\\/advento-kalendorius-vaiku-kosmetika\\\/#breadcrumb\"},\"inLanguage\":\"lv-LV\",\"potentialAction\":[{\"@type\":\"ReadAction\",\"target\":[\"https:\\\/\\\/kidsplay.lt\\\/produktas\\\/advento-kalendorius-vaiku-kosmetika\\\/\"]}]},{\"@type\":\"ImageObject\",\"inLanguage\":\"lv-LV\",\"@id\":\"https:\\\/\\\/kidsplay.lt\\\/produktas\\\/advento-kalendorius-vaiku-kosmetika\\\/#primaryimage\",\"url\":\"https:\\\/\\\/kidsplay.lt\\\/wp-content\\\/uploads\\\/2025\\\/09\\\/Screenshot_113.png\",\"contentUrl\":\"https:\\\/\\\/kidsplay.lt\\\/wp-content\\\/uploads\\\/2025\\\/09\\\/Screenshot_113.png\",\"width\":698,\"height\":487},{\"@type\":\"BreadcrumbList\",\"@id\":\"https:\\\/\\\/kidsplay.lt\\\/produktas\\\/advento-kalendorius-vaiku-kosmetika\\\/#breadcrumb\",\"itemListElement\":[{\"@type\":\"ListItem\",\"position\":1,\"name\":\"Pagrindinis\",\"item\":\"https:\\\/\\\/kidsplay.lt\\\/\"},{\"@type\":\"ListItem\",\"position\":2,\"name\":\"Parduotuv\u0117\",\"item\":\"https:\\\/\\\/kidsplay.lt\\\/parduotuve\\\/\"},{\"@type\":\"ListItem\",\"position\":3,\"name\":\"Advento kalendorius vaik\u0173 kosmetika\"}]},{\"@type\":\"WebSite\",\"@id\":\"https:\\\/\\\/kidsplay.lt\\\/#website\",\"url\":\"https:\\\/\\\/kidsplay.lt\\\/\",\"name\":\"Kidsplay.lt\",\"description\":\"\u012evairios prek\u0117s vaikams\",\"publisher\":{\"@id\":\"https:\\\/\\\/kidsplay.lt\\\/#organization\"},\"alternateName\":\"Kidsplay\",\"potentialAction\":[{\"@type\":\"SearchAction\",\"target\":{\"@type\":\"EntryPoint\",\"urlTemplate\":\"https:\\\/\\\/kidsplay.lt\\\/?s={search_term_string}\"},\"query-input\":{\"@type\":\"PropertyValueSpecification\",\"valueRequired\":true,\"valueName\":\"search_term_string\"}}],\"inLanguage\":\"lv-LV\"},{\"@type\":\"Organization\",\"@id\":\"https:\\\/\\\/kidsplay.lt\\\/#organization\",\"name\":\"KidsPlay\",\"url\":\"https:\\\/\\\/kidsplay.lt\\\/\",\"logo\":{\"@type\":\"ImageObject\",\"inLanguage\":\"lv-LV\",\"@id\":\"https:\\\/\\\/kidsplay.lt\\\/#\\\/schema\\\/logo\\\/image\\\/\",\"url\":\"https:\\\/\\\/kidsplay.lt\\\/wp-content\\\/uploads\\\/2023\\\/07\\\/kidsplay-logo.png\",\"contentUrl\":\"https:\\\/\\\/kidsplay.lt\\\/wp-content\\\/uploads\\\/2023\\\/07\\\/kidsplay-logo.png\",\"width\":451,\"height\":98,\"caption\":\"KidsPlay\"},\"image\":{\"@id\":\"https:\\\/\\\/kidsplay.lt\\\/#\\\/schema\\\/logo\\\/image\\\/\"},\"sameAs\":[\"https:\\\/\\\/www.facebook.com\\\/www.kidsplay.lt\"]}]}<\/script>\n<!-- \/ Yoast SEO plugin. -->","yoast_head_json":{"title":"Advento kalendorius vaik\u0173 kosmetika - KidsPlay","description":"Adventes kalend\u0101rs b\u0113rnu kosm\u0113tikai","robots":{"index":"index","follow":"follow","max-snippet":"max-snippet:-1","max-image-preview":"max-image-preview:large","max-video-preview":"max-video-preview:-1"},"canonical":"https:\/\/kidsplay.lt\/lv\/products\/advento-kalendorius-vaiku-kosmetika\/","og_locale":"lv_LV","og_type":"article","og_title":"Advento kalendorius vaik\u0173 kosmetika - KidsPlay","og_description":"Advento kalendorius vaik\u0173 kosmetika","og_url":"https:\/\/kidsplay.lt\/lv\/products\/advento-kalendorius-vaiku-kosmetika\/","og_site_name":"KidsPlay","article_publisher":"https:\/\/www.facebook.com\/www.kidsplay.lt","article_modified_time":"2025-12-29T16:33:35+00:00","og_image":[{"width":698,"height":487,"url":"https:\/\/kidsplay.lt\/wp-content\/uploads\/2025\/09\/Screenshot_113.png","type":"image\/png"}],"twitter_card":"summary_large_image","twitter_misc":{"Est. reading time":"2 min\u016btes"},"schema":{"@context":"https:\/\/schema.org","@graph":[{"@type":"WebPage","@id":"https:\/\/kidsplay.lt\/produktas\/advento-kalendorius-vaiku-kosmetika\/","url":"https:\/\/kidsplay.lt\/produktas\/advento-kalendorius-vaiku-kosmetika\/","name":"Advento kalendorius vaik\u0173 kosmetika - KidsPlay","isPartOf":{"@id":"https:\/\/kidsplay.lt\/#website"},"primaryImageOfPage":{"@id":"https:\/\/kidsplay.lt\/produktas\/advento-kalendorius-vaiku-kosmetika\/#primaryimage"},"image":{"@id":"https:\/\/kidsplay.lt\/produktas\/advento-kalendorius-vaiku-kosmetika\/#primaryimage"},"thumbnailUrl":"https:\/\/kidsplay.lt\/wp-content\/uploads\/2025\/09\/Screenshot_113.png","datePublished":"2025-09-16T10:10:33+00:00","dateModified":"2025-12-29T16:33:35+00:00","description":"Adventes kalend\u0101rs b\u0113rnu kosm\u0113tikai","breadcrumb":{"@id":"https:\/\/kidsplay.lt\/produktas\/advento-kalendorius-vaiku-kosmetika\/#breadcrumb"},"inLanguage":"lv-LV","potentialAction":[{"@type":"ReadAction","target":["https:\/\/kidsplay.lt\/produktas\/advento-kalendorius-vaiku-kosmetika\/"]}]},{"@type":"ImageObject","inLanguage":"lv-LV","@id":"https:\/\/kidsplay.lt\/produktas\/advento-kalendorius-vaiku-kosmetika\/#primaryimage","url":"https:\/\/kidsplay.lt\/wp-content\/uploads\/2025\/09\/Screenshot_113.png","contentUrl":"https:\/\/kidsplay.lt\/wp-content\/uploads\/2025\/09\/Screenshot_113.png","width":698,"height":487},{"@type":"BreadcrumbList","@id":"https:\/\/kidsplay.lt\/produktas\/advento-kalendorius-vaiku-kosmetika\/#breadcrumb","itemListElement":[{"@type":"ListItem","position":1,"name":"Pagrindinis","item":"https:\/\/kidsplay.lt\/"},{"@type":"ListItem","position":2,"name":"Parduotuv\u0117","item":"https:\/\/kidsplay.lt\/parduotuve\/"},{"@type":"ListItem","position":3,"name":"Advento kalendorius vaik\u0173 kosmetika"}]},{"@type":"WebSite","@id":"https:\/\/kidsplay.lt\/#website","url":"https:\/\/kidsplay.lt\/","name":"B\u0113rnu sp\u0113les.lv","description":"\u012evairios prek\u0117s vaikams","publisher":{"@id":"https:\/\/kidsplay.lt\/#organization"},"alternateName":"Kidsplay","potentialAction":[{"@type":"SearchAction","target":{"@type":"EntryPoint","urlTemplate":"https:\/\/kidsplay.lt\/?s={search_term_string}"},"query-input":{"@type":"PropertyValueSpecification","valueRequired":true,"valueName":"search_term_string"}}],"inLanguage":"lv-LV"},{"@type":"Organization","@id":"https:\/\/kidsplay.lt\/#organization","name":"B\u0113rnu sp\u0113le","url":"https:\/\/kidsplay.lt\/","logo":{"@type":"ImageObject","inLanguage":"lv-LV","@id":"https:\/\/kidsplay.lt\/#\/schema\/logo\/image\/","url":"https:\/\/kidsplay.lt\/wp-content\/uploads\/2023\/07\/kidsplay-logo.png","contentUrl":"https:\/\/kidsplay.lt\/wp-content\/uploads\/2023\/07\/kidsplay-logo.png","width":451,"height":98,"caption":"KidsPlay"},"image":{"@id":"https:\/\/kidsplay.lt\/#\/schema\/logo\/image\/"},"sameAs":["https:\/\/www.facebook.com\/www.kidsplay.lt"]}]}},"_links":{"self":[{"href":"https:\/\/kidsplay.lt\/lv\/wp-json\/wp\/v2\/product\/61825","targetHints":{"allow":["GET"]}}],"collection":[{"href":"https:\/\/kidsplay.lt\/lv\/wp-json\/wp\/v2\/product"}],"about":[{"href":"https:\/\/kidsplay.lt\/lv\/wp-json\/wp\/v2\/types\/product"}],"version-history":[{"count":4,"href":"https:\/\/kidsplay.lt\/lv\/wp-json\/wp\/v2\/product\/61825\/revisions"}],"predecessor-version":[{"id":74383,"href":"https:\/\/kidsplay.lt\/lv\/wp-json\/wp\/v2\/product\/61825\/revisions\/74383"}],"wp:featuredmedia":[{"embeddable":true,"href":"https:\/\/kidsplay.lt\/lv\/wp-json\/wp\/v2\/media\/61826"}],"wp:attachment":[{"href":"https:\/\/kidsplay.lt\/lv\/wp-json\/wp\/v2\/media?parent=61825"}],"wp:term":[{"taxonomy":"product_brand","embeddable":true,"href":"https:\/\/kidsplay.lt\/lv\/wp-json\/wp\/v2\/product_brand?post=61825"},{"taxonomy":"product_cat","embeddable":true,"href":"https:\/\/kidsplay.lt\/lv\/wp-json\/wp\/v2\/product_cat?post=61825"},{"taxonomy":"product_tag","embeddable":true,"href":"https:\/\/kidsplay.lt\/lv\/wp-json\/wp\/v2\/product_tag?post=61825"}],"curies":[{"name":"wp","href":"https:\/\/api.w.org\/{rel}","templated":true}]}}