{"id":61836,"date":"2025-09-16T13:26:56","date_gmt":"2025-09-16T10:26:56","guid":{"rendered":"https:\/\/kidsplay.lt\/?post_type=product&#038;p=61836"},"modified":"2025-10-04T22:21:02","modified_gmt":"2025-10-04T19:21:02","slug":"interaktyvi-virtuve-su-42-elementais","status":"publish","type":"product","link":"https:\/\/kidsplay.lt\/lv\/products\/interaktyvi-virtuve-su-42-elementais\/","title":{"rendered":"Interaktyvi virtuv\u0117 su 42 elementais"},"content":{"rendered":"<div class=\"mpof_ki myre_zn myre_8v_l m389_6m_l\">\n<div class=\"mp4t_16_s mryx_16_s mr3m_1 mli2_1 mh85_56 mh85_0_l\">\n<div class=\"mgn2_16 _0d3bd_am0a-\">\n<h1><span dir=\"auto\">VIRTUV\u0116 VAIKAMS Interaktyv\u016bs puodai PORAMS Mai\u0161ytuvo degikliai &#8211; 42 vnt. rinkinys<\/span><\/h1>\n<\/div>\n<\/div>\n<\/div>\n<div class=\"mpof_ki myre_zn myre_8v_l m389_6m_l\">\n<div class=\"mp4t_16_s mryx_16_s mr3m_1 mli2_1 mh85_56 mh85_0_l\">\n<div class=\"mg9e_8 mj7a_8 mg9e_0_s mvrt_0_s mj7a_0_s mh36_0_s mzmg_6m munh_16_l m3h2_16_l\">\n<div class=\"mp4t_0 mryx_0 munh_56 m3h2_56\">\n<div class=\"mp7g_oh\"><button class=\"mg9e_0 mvrt_0 mj7a_0 mh36_0 mp4t_0 m3h2_0 mryx_0 munh_0 mqen_m6 mpof_z0 mx7m_0 m7er_k4 mse2_k4 msts_pt\" data-analytics-interaction=\"true\" data-analytics-interaction-label=\"zoomable-image-open\" aria-disabled=\"true\"><img decoding=\"async\" class=\"msub_k4 mupj_5k mjru_k4 mse2_k4 mp7g_f6 mq1m_0 mj7u_0 m7er_k4 mqen_m6 m31c_d8 m0ux_fp lazyloaded\" src=\"https:\/\/a.allegroimg.com\/original\/11f261\/744ff62c4d75a1793973d81d31b0\/KITCHEN-for-Children-interactive-COUPLE-Pots-FAUCET-BURNERS-Set-of-42\" sizes=\"(min-width: 1200px) 560px, (min-width: 992px) 50vw, 100vw\" srcset=\"https:\/\/a.allegroimg.com\/s360\/11f261\/744ff62c4d75a1793973d81d31b0\/KITCHEN-for-Children-interactive-COUPLE-Pots-FAUCET-BURNERS-Set-of-42 360w,https:\/\/a.allegroimg.com\/s720\/11f261\/744ff62c4d75a1793973d81d31b0\/KITCHEN-for-Children-interactive-COUPLE-Pots-FAUCET-BURNERS-Set-of-42 720w,https:\/\/a.allegroimg.com\/s1024\/11f261\/744ff62c4d75a1793973d81d31b0\/KITCHEN-for-Children-interactive-COUPLE-Pots-FAUCET-BURNERS-Set-of-42 1024w,https:\/\/a.allegroimg.com\/s1440\/11f261\/744ff62c4d75a1793973d81d31b0\/KITCHEN-for-Children-interactive-COUPLE-Pots-FAUCET-BURNERS-Set-of-42 1440w,https:\/\/a.allegroimg.com\/original\/11f261\/744ff62c4d75a1793973d81d31b0\/KITCHEN-for-Children-interactive-COUPLE-Pots-FAUCET-BURNERS-Set-of-42 2560w\" alt=\"VIRTUV\u0116 VAIKAMS Interaktyv\u016bs puodai PORAMS Mai\u0161ytuvo degikliai - 42 vnt. rinkinys\" width=\"2560px\" data-srcset=\"\" \/><\/button><\/div>\n<\/div>\n<\/div>\n<\/div>\n<div class=\"mp4t_16_s mryx_16_s mr3m_1 mli2_1 mh85_56 mh85_0_l\">\n<div class=\"mgn2_16 _0d3bd_am0a-\">\n<h1><span dir=\"auto\">\u2728Puiki dovana!<\/span><\/h1>\n<p><span dir=\"auto\">Atraskite kulinarinius nuotykius realizmo ir linksmybi\u0173 kupiname pasaulyje! \u0160i unikali virtuv\u0117 \u2013 puiki dovana ma\u017eiesiems vir\u0117jams, norintiems m\u0117gd\u017eioti suaugusiuosius ir lavinti savo vaizduot\u0119. Joje yra viskas, ko reikia tikroms kulinarin\u0117ms pramogoms prad\u0117ti. Rinkinyje yra iki\u00a0<\/span><b><span dir=\"auto\">42 pried\u0173<\/span><\/b><span dir=\"auto\">\u00a0, tad j\u016bs\u0173 ma\u017eylis gal\u0117s i\u0161 karto prad\u0117ti gaminti gard\u017eius patiekalus!<\/span><\/p>\n<h2><span dir=\"auto\">\u2728Techniniai duomenys:<\/span><\/h2>\n<ul>\n<li><b><span dir=\"auto\">Maitinimo \u0161altinis:\u00a0<\/span><\/b><b><span dir=\"auto\">3 AA 1,5 V<\/span><\/b><span dir=\"auto\">\u00a0baterijos (nepridedamos)<\/span><\/li>\n<li><b><span dir=\"auto\">Med\u017eiaga:\u00a0<\/span><\/b><b><span dir=\"auto\">auk\u0161tos kokyb\u0117s plastikas<\/span><\/b><\/li>\n<li><b><span dir=\"auto\">Vartotojo am\u017eius:\u00a0<\/span><\/b><b><span dir=\"auto\">nuo 3 met\u0173<\/span><\/b><\/li>\n<li><b><span dir=\"auto\">Virtuv\u0117s matmenys: [\u00a0<\/span><\/b><b><span dir=\"auto\">Auk\u0161tis:<\/span><\/b><span dir=\"auto\">\u00a063 cm \/\u00a0<\/span><b><span dir=\"auto\">Plotis:<\/span><\/b><span dir=\"auto\">\u00a045,5 cm \/\u00a0<\/span><b><span dir=\"auto\">Gylis:<\/span><\/b><span dir=\"auto\">\u00a022 cm]<\/span><\/li>\n<li><b><span dir=\"auto\">Pakuot\u0117s matmenys: [\u00a0<\/span><\/b><b><span dir=\"auto\">Plotis:<\/span><\/b><span dir=\"auto\">\u00a050 cm \/\u00a0<\/span><b><span dir=\"auto\">Auk\u0161tis:<\/span><\/b><span dir=\"auto\">\u00a035 cm \/\u00a0<\/span><b><span dir=\"auto\">Gylis:<\/span><\/b><span dir=\"auto\">\u00a014,5 cm]<\/span><\/li>\n<\/ul>\n<h2><span dir=\"auto\">\u2728Rinkinio sud\u0117tis:<\/span><\/h2>\n<ul>\n<li><b><span dir=\"auto\">Plastikin\u0117 virtuv\u0117<\/span><\/b><span dir=\"auto\">\u00a0su\u00a0<\/span><b><span dir=\"auto\">dviem degikliais\u00a0<\/span><\/b><b><span dir=\"auto\">,<\/span><\/b><span dir=\"auto\">\u00a0\u0161viesos\u00a0ir\u00a0<\/span><b><span dir=\"auto\">garso<\/span><\/b><span dir=\"auto\">\u00a0efektais<\/span><\/li>\n<li><b><span dir=\"auto\">Interaktyvus gaubtas<\/span><\/b><span dir=\"auto\">\u00a0su \u012fmontuota\u00a0<\/span><b><span dir=\"auto\">\u0161viesa<\/span><\/b><span dir=\"auto\">\u00a0ir\u00a0<\/span><b><span dir=\"auto\">garsu<\/span><\/b><\/li>\n<li><b><span dir=\"auto\">Veikianti kriaukl\u0117 su \u010diaupu<\/span><\/b><span dir=\"auto\">\u00a0, i\u0161 kurio teka\u00a0<\/span><b><span dir=\"auto\">vanduo<\/span><\/b><\/li>\n<li><b><span dir=\"auto\">Atidarykite \u0161aldytuv\u0105<\/span><\/b><span dir=\"auto\">\u00a0ir\u00a0<\/span><b><span dir=\"auto\">lentynas<\/span><\/b><\/li>\n<li><b><span dir=\"auto\">Kreidin\u0117 lenta<\/span><\/b><span dir=\"auto\">\u00a0su kreida ir kempine<\/span><\/li>\n<li><b><span dir=\"auto\">42 priedai<\/span><\/b><span dir=\"auto\">\u00a0:\u00a0<\/span><b><span dir=\"auto\">vaisiams<\/span><\/b><span dir=\"auto\">\u00a0,\u00a0<\/span><b><span dir=\"auto\">dar\u017eov\u0117ms<\/span><\/b><span dir=\"auto\">\u00a0,\u00a0<\/span><b><span dir=\"auto\">puodams<\/span><\/b><span dir=\"auto\">\u00a0,\u00a0<\/span><b><span dir=\"auto\">l\u0117k\u0161t\u0117ms<\/span><\/b><span dir=\"auto\">\u00a0,\u00a0<\/span><b><span dir=\"auto\">stalo \u012frankiams<\/span><\/b><\/li>\n<li><b><span dir=\"auto\">Besisukantis dar\u017eovi\u0173 krep\u0161elis<\/span><\/b><\/li>\n<li><b><span dir=\"auto\">Kabliukai stalo \u012frankiams ir puodams pakabinti<\/span><\/b><\/li>\n<li><b><span dir=\"auto\">I\u0161traukiama lentyna<\/span><\/b><\/li>\n<li><b><span dir=\"auto\">Ind\u0173 d\u017eiovykl\u0117<\/span><\/b><\/li>\n<li><b><span dir=\"auto\">Judan\u010dios degiklio ranken\u0117l\u0117s<\/span><\/b><\/li>\n<li><b><span dir=\"auto\">Vandens gar\u0173 poveikis<\/span><\/b><span dir=\"auto\">\u00a0i\u0161 degiklio<\/span><\/li>\n<\/ul>\n<\/div>\n<\/div>\n<\/div>\n<div class=\"mpof_ki myre_zn myre_8v_l m389_6m_l\">\n<div class=\"mp4t_16_s mryx_16_s mr3m_1 mli2_1 mh85_56 mh85_0_l\">\n<div class=\"mg9e_8 mj7a_8 mg9e_0_s mvrt_0_s mj7a_0_s mh36_0_s mzmg_6m munh_16_l m3h2_16_l\">\n<div class=\"mp4t_0 mryx_0 munh_56 m3h2_56\">\n<div class=\"mp7g_oh\"><button class=\"mg9e_0 mvrt_0 mj7a_0 mh36_0 mp4t_0 m3h2_0 mryx_0 munh_0 mqen_m6 mpof_z0 mx7m_0 m7er_k4 mse2_k4 msts_pt\" data-analytics-interaction=\"true\" data-analytics-interaction-label=\"zoomable-image-open\" aria-disabled=\"true\"><img decoding=\"async\" class=\"msub_k4 mupj_5k mjru_k4 mse2_k4 mp7g_f6 mq1m_0 mj7u_0 m7er_k4 mqen_m6 m31c_d8 m0ux_fp lazyloaded\" src=\"https:\/\/a.allegroimg.com\/original\/1162ea\/45703db646c597e34a8ccc4e11c8\/KITCHEN-for-Children-interactive-COUPLE-Pots-FAUCET-BURNERS-Set-of-42-Manufacturer-code-889-188\" sizes=\"(min-width: 1200px) 560px, (min-width: 992px) 50vw, 100vw\" srcset=\"https:\/\/a.allegroimg.com\/s360\/1162ea\/45703db646c597e34a8ccc4e11c8\/KITCHEN-for-Children-interactive-COUPLE-Pots-FAUCET-BURNERS-Set-of-42-Manufacturer-code-889-188 360w,https:\/\/a.allegroimg.com\/s720\/1162ea\/45703db646c597e34a8ccc4e11c8\/KITCHEN-for-Children-interactive-COUPLE-Pots-FAUCET-BURNERS-Set-of-42-Manufacturer-code-889-188 665w,https:\/\/a.allegroimg.com\/original\/1162ea\/45703db646c597e34a8ccc4e11c8\/KITCHEN-for-Children-interactive-COUPLE-Pots-FAUCET-BURNERS-Set-of-42-Manufacturer-code-889-188 665w\" alt=\"VIRTUV\u0116 VAIKAMS Interaktyv\u016bs POROS puodai Mai\u0161ytuvo degikliai - 42 vnt. rinkinys Gamintojo kodas 889-188\" width=\"665px\" data-srcset=\"\" \/><\/button><\/div>\n<\/div>\n<\/div>\n<\/div>\n<div class=\"mp4t_16_s mryx_16_s mr3m_1 mli2_1 mh85_56 mh85_0_l\">\n<div class=\"mgn2_16 _0d3bd_am0a-\">\n<h1><span dir=\"auto\">\u2728Svarbiausios virtuv\u0117s savyb\u0117s:<\/span><\/h1>\n<ul>\n<li><b><span dir=\"auto\">Kriaukl\u0117 su veikian\u010diu \u010diaupu:<\/span><\/b><span dir=\"auto\">\u00a0i\u0161 \u010diaupo tekantis vanduo leid\u017eia vaikams plauti indus ir vaisius, suteikdamas pramogoms realizmo.\u00a0<\/span><b><span dir=\"auto\">Mai\u0161ytuvas turi u\u017edar\u0105 sistem\u0105<\/span><\/b><span dir=\"auto\">\u00a0, tod\u0117l vanduo gr\u012f\u017eta \u012f kriaukl\u0119.<\/span><\/li>\n<li><b><span dir=\"auto\">Degikliai su garso ir \u0161viesos efektais:\u00a0<\/span><\/b><b><span dir=\"auto\">\u0161vie\u010diantys ir tikrovi\u0161kus gaminimo garsus skleid\u017eiantys degikliai<\/span><\/b><span dir=\"auto\">\u00a0leis j\u016bs\u0173 ma\u017eyliui pasijusti tikru vir\u0117ju!<\/span><\/li>\n<li><b><span dir=\"auto\">Interaktyvus gaubtas:\u00a0<\/span><\/b><b><span dir=\"auto\">jis skleid\u017eia garsus ir turi \u012fmontuot\u0105 \u0161vies\u0105<\/span><\/b><span dir=\"auto\">\u00a0, suteikian\u010di\u0105 dar daugiau realizmo \u017eaid\u017eiant.<\/span><\/li>\n<li><b><span dir=\"auto\">Gar\u0173 efektas:\u00a0<\/span><\/b><b><span dir=\"auto\">Degiklis sukuria tikr\u0105 gar\u0173 gar\u0105<\/span><\/b><span dir=\"auto\">\u00a0, tod\u0117l maisto gaminimas tampa dar \u012fdomesnis!<\/span><\/li>\n<li><b><span dir=\"auto\">Atidaromas \u0161aldytuvas ir lentynos:<\/span><\/b><span dir=\"auto\">\u00a0puikiai tinka laikyti priedus ir produktus, kuriuos j\u016bs\u0173 ma\u017eylis naudos gamindamas maist\u0105.<\/span><\/li>\n<li><b><span dir=\"auto\">Kreidin\u0117 lenta:\u00a0<\/span><\/b><b><span dir=\"auto\">ma\u017ea pie\u0161imo lenta<\/span><\/b><span dir=\"auto\">\u00a0, kurioje galite i\u0161saugoti pirkini\u0173 s\u0105ra\u0161\u0105 arba patiekal\u0173 receptus!<\/span><\/li>\n<li><b><span dir=\"auto\">42 priedai:\u00a0<\/span><\/b><b><span dir=\"auto\">vaisiai, dar\u017eov\u0117s, puodai, l\u0117k\u0161t\u0117s, stalo \u012frankiai<\/span><\/b><span dir=\"auto\">\u00a0\u2013 viskas, ko reikia norint paruo\u0161ti puikius patiekalus.<\/span><\/li>\n<li><b><span dir=\"auto\">Judan\u010dios ranken\u0117l\u0117s ir besisukantis dar\u017eovi\u0173 krep\u0161elis:<\/span><\/b><span dir=\"auto\">\u00a0funkcijos, kurios padidina \u017eaidimo interaktyvum\u0105.<\/span><\/li>\n<li><b><span dir=\"auto\">Garso ir \u0161viesos efektai:\u00a0<\/span><\/b><b><span dir=\"auto\">kepimas, burbuliavimas ir kiti virtuv\u0117s garsai<\/span><\/b><span dir=\"auto\">\u00a0\u2013 kaip tikroje virtuv\u0117je!<\/span><\/li>\n<\/ul>\n<\/div>\n<\/div>\n<\/div>\n<div class=\"mpof_ki myre_zn myre_8v_l m389_6m_l\">\n<div class=\"mp4t_16_s mryx_16_s mr3m_1 mli2_1 mh85_56 mh85_0_l\">\n<div class=\"mg9e_8 mj7a_8 mg9e_0_s mvrt_0_s mj7a_0_s mh36_0_s mzmg_6m munh_16_l m3h2_16_l\">\n<div class=\"mp4t_0 mryx_0 munh_56 m3h2_56\">\n<div class=\"mp7g_oh\"><button class=\"mg9e_0 mvrt_0 mj7a_0 mh36_0 mp4t_0 m3h2_0 mryx_0 munh_0 mqen_m6 mpof_z0 mx7m_0 m7er_k4 mse2_k4 msts_pt\" data-analytics-interaction=\"true\" data-analytics-interaction-label=\"zoomable-image-open\" aria-disabled=\"true\"><img decoding=\"async\" class=\"msub_k4 mupj_5k mjru_k4 mse2_k4 mp7g_f6 mq1m_0 mj7u_0 m7er_k4 mqen_m6 m31c_d8 m0ux_fp lazyloaded\" src=\"https:\/\/a.allegroimg.com\/original\/1173fa\/3037a2a9453f880ce9fe402f7f69\/KITCHEN-for-Children-interactive-COUPLE-Pots-FAUCET-BURNERS-Set-of-42-Series-Kuchnia-dziecieca\" sizes=\"(min-width: 1200px) 560px, (min-width: 992px) 50vw, 100vw\" srcset=\"https:\/\/a.allegroimg.com\/s360\/1173fa\/3037a2a9453f880ce9fe402f7f69\/KITCHEN-for-Children-interactive-COUPLE-Pots-FAUCET-BURNERS-Set-of-42-Series-Kuchnia-dziecieca 360w,https:\/\/a.allegroimg.com\/s720\/1173fa\/3037a2a9453f880ce9fe402f7f69\/KITCHEN-for-Children-interactive-COUPLE-Pots-FAUCET-BURNERS-Set-of-42-Series-Kuchnia-dziecieca 720w,https:\/\/a.allegroimg.com\/s1024\/1173fa\/3037a2a9453f880ce9fe402f7f69\/KITCHEN-for-Children-interactive-COUPLE-Pots-FAUCET-BURNERS-Set-of-42-Series-Kuchnia-dziecieca 1017w,https:\/\/a.allegroimg.com\/original\/1173fa\/3037a2a9453f880ce9fe402f7f69\/KITCHEN-for-Children-interactive-COUPLE-Pots-FAUCET-BURNERS-Set-of-42-Series-Kuchnia-dziecieca 1017w\" alt=\"KITCHEN for Children interaktyvi PORA Puodai MI\u0160YTUVO DEGIKLIAMS - 42 serijos rinkinys Kuchnia dzieci\u0119ca\" width=\"1017px\" data-srcset=\"\" \/><\/button><\/div>\n<\/div>\n<\/div>\n<\/div>\n<div class=\"mp4t_16_s mryx_16_s mr3m_1 mli2_1 mh85_56 mh85_0_l\">\n<div class=\"mgn2_16 _0d3bd_am0a-\">\n<h1><span dir=\"auto\">\u2728Plastikin\u0117s virtuv\u0117s funkcijos:<\/span><\/h1>\n<ul>\n<li><span dir=\"auto\">Jis skleid\u017eia tikrovi\u0161kus gaminimo garsus, tokius kaip kepimas, burbuliavimas ir mai\u0161ymas.<\/span><\/li>\n<li><span dir=\"auto\">Degikliai su \u0161viesos ir garso efektais.<\/span><\/li>\n<li><span dir=\"auto\">Gaminant gamina vandens garus \u2013 gar\u0173 efektas i\u0161 degiklio.<\/span><\/li>\n<li><span dir=\"auto\">Atidaromos ir u\u017erakinamos \u0161aldytuvo durel\u0117s ir spintel\u0117s priedams.<\/span><\/li>\n<li><span dir=\"auto\">Kreidin\u0117 lenta, puikiai tinkanti receptams ir pirkini\u0173 s\u0105ra\u0161ams saugoti.<\/span><\/li>\n<li><span dir=\"auto\">I\u0161 \u010diaupo tekantis vanduo vaikams suteikia tikr\u0105 potyr\u012f plaunant indus ir vaisius.<\/span><\/li>\n<\/ul>\n<\/div>\n<\/div>\n<\/div>\n<div class=\"mpof_ki myre_zn myre_8v_l m389_6m_l\">\n<div class=\"mp4t_16_s mryx_16_s mr3m_1 mli2_1 mh85_56 mh85_0_l\">\n<div class=\"mg9e_8 mj7a_8 mg9e_0_s mvrt_0_s mj7a_0_s mh36_0_s mzmg_6m munh_16_l m3h2_16_l\">\n<div class=\"mp4t_0 mryx_0 munh_56 m3h2_56\">\n<div class=\"mp7g_oh\"><button class=\"mg9e_0 mvrt_0 mj7a_0 mh36_0 mp4t_0 m3h2_0 mryx_0 munh_0 mqen_m6 mpof_z0 mx7m_0 m7er_k4 mse2_k4 msts_pt\" data-analytics-interaction=\"true\" data-analytics-interaction-label=\"zoomable-image-open\" aria-disabled=\"true\"><img decoding=\"async\" class=\"msub_k4 mupj_5k mjru_k4 mse2_k4 mp7g_f6 mq1m_0 mj7u_0 m7er_k4 mqen_m6 m31c_d8 m0ux_fp lazyloaded\" src=\"https:\/\/a.allegroimg.com\/original\/11f72a\/cbaa9ae443c18bd49c69c7a55e66\/KITCHEN-for-Children-interactive-COUPLE-Pots-FAUCET-BURNERS-Set-of-42-Kid-s-age-3-years\" sizes=\"(min-width: 1200px) 560px, (min-width: 992px) 50vw, 100vw\" srcset=\"https:\/\/a.allegroimg.com\/s360\/11f72a\/cbaa9ae443c18bd49c69c7a55e66\/KITCHEN-for-Children-interactive-COUPLE-Pots-FAUCET-BURNERS-Set-of-42-Kid-s-age-3-years 360w,https:\/\/a.allegroimg.com\/s720\/11f72a\/cbaa9ae443c18bd49c69c7a55e66\/KITCHEN-for-Children-interactive-COUPLE-Pots-FAUCET-BURNERS-Set-of-42-Kid-s-age-3-years 654w,https:\/\/a.allegroimg.com\/original\/11f72a\/cbaa9ae443c18bd49c69c7a55e66\/KITCHEN-for-Children-interactive-COUPLE-Pots-FAUCET-BURNERS-Set-of-42-Kid-s-age-3-years 654w\" alt=\"VIRTUV\u0116 VAIKAMS Interaktyv\u016bs POROS puodai Mai\u0161ytuvo degikliai - 42 vnt. rinkinys Vaikams nuo 3 met\u0173\" width=\"654px\" data-srcset=\"\" \/><\/button><\/div>\n<\/div>\n<\/div>\n<\/div>\n<div class=\"mp4t_16_s mryx_16_s mr3m_1 mli2_1 mh85_56 mh85_0_l\">\n<div class=\"mgn2_16 _0d3bd_am0a-\">\n<h1><span dir=\"auto\">\u2728Interaktyvios funkcijos:<\/span><\/h1>\n<ul>\n<li><b><span dir=\"auto\">Vandens \u010diaupas<\/span><\/b><span dir=\"auto\">\u00a0: \u017daid\u017eiant i\u0161 \u010diaupo tekantis tikras vanduo.<\/span><\/li>\n<li><b><span dir=\"auto\">Gar\u0173 efektas<\/span><\/b><span dir=\"auto\">\u00a0:\u00a0<\/span><b><span dir=\"auto\">degiklis generuoja tikrus garus<\/span><\/b><span dir=\"auto\">\u00a0, kurie suteikia maisto gaminimui tikrovi\u0161kumo.<\/span><\/li>\n<li><b><span dir=\"auto\">Virtuv\u0117s garsai<\/span><\/b><span dir=\"auto\">\u00a0:\u00a0<\/span><b><span dir=\"auto\">kepimas, burbuliavimas, virimas<\/span><\/b><span dir=\"auto\">\u00a0\u2013 kaip tikroje virtuv\u0117je!<\/span><\/li>\n<\/ul>\n<p><span dir=\"auto\">Rinkinyje yra\u00a0<\/span><b><span dir=\"auto\">viskas<\/span><\/b><span dir=\"auto\">\u00a0, ko j\u016bs\u0173 ma\u017eyliui reikia \u017eaid\u017eiant ma\u017e\u0105j\u012f vir\u0117j\u0105, skatinant k\u016brybi\u0161kum\u0105, lavinant smulki\u0105j\u0105 motorik\u0105 ir m\u0117gd\u017eiojant suaugusiuosius virtuv\u0117je. Tai\u00a0<\/span><b><span dir=\"auto\">puiki dovana<\/span><\/b><span dir=\"auto\">\u00a0, kuri suteiks j\u016bs\u0173 vaikui daug d\u017eiaugsmo, lavins jo \u012fg\u016bd\u017eius ir vaizduot\u0119!<\/span><\/p>\n<\/div>\n<\/div>\n<\/div>\n","protected":false},"excerpt":{"rendered":"<p>Interaktyvi virtuv\u0117 su 42 elementais<\/p>","protected":false},"featured_media":61837,"template":"","meta":{"_acf_changed":false,"_glsr_average":0,"_glsr_ranking":0,"_glsr_reviews":0},"product_brand":[],"product_cat":[399,282],"product_tag":[],"class_list":{"0":"post-61836","1":"product","2":"type-product","3":"status-publish","4":"has-post-thumbnail","6":"product_cat-vaidmenu-zaidimai-2","7":"product_cat-virtuves-reikmenys-vaidmenu-zaidimai","8":"\"style=\"background-color: #2ecc711c;\"","10":"first","11":"instock","12":"shipping-taxable","13":"purchasable","14":"product-type-simple"},"acf":[],"yoast_head":"<!-- This site is optimized with the Yoast SEO plugin v27.3 - https:\/\/yoast.com\/product\/yoast-seo-wordpress\/ -->\n<title>Interaktyvi virtuv\u0117 su 42 elementais - KidsPlay<\/title>\n<meta name=\"description\" content=\"Interaktyvi virtuv\u0117 su 42 elementais\" \/>\n<meta name=\"robots\" content=\"index, follow, max-snippet:-1, max-image-preview:large, max-video-preview:-1\" \/>\n<link rel=\"canonical\" href=\"https:\/\/kidsplay.lt\/lv\/products\/interaktyvi-virtuve-su-42-elementais\/\" \/>\n<meta property=\"og:locale\" content=\"lv_LV\" \/>\n<meta property=\"og:type\" content=\"article\" \/>\n<meta property=\"og:title\" content=\"Interaktyvi virtuv\u0117 su 42 elementais - KidsPlay\" \/>\n<meta property=\"og:description\" content=\"Interaktyvi virtuv\u0117 su 42 elementais\" \/>\n<meta property=\"og:url\" content=\"https:\/\/kidsplay.lt\/lv\/products\/interaktyvi-virtuve-su-42-elementais\/\" \/>\n<meta property=\"og:site_name\" content=\"KidsPlay\" \/>\n<meta property=\"article:publisher\" content=\"https:\/\/www.facebook.com\/www.kidsplay.lt\" \/>\n<meta property=\"article:modified_time\" content=\"2025-10-04T19:21:02+00:00\" \/>\n<meta property=\"og:image\" content=\"https:\/\/kidsplay.lt\/wp-content\/uploads\/2025\/09\/Screenshot_120.png\" \/>\n\t<meta property=\"og:image:width\" content=\"897\" \/>\n\t<meta property=\"og:image:height\" content=\"869\" \/>\n\t<meta property=\"og:image:type\" content=\"image\/png\" \/>\n<meta name=\"twitter:card\" content=\"summary_large_image\" \/>\n<meta name=\"twitter:label1\" content=\"Est. reading time\" \/>\n\t<meta name=\"twitter:data1\" content=\"4 min\u016btes\" \/>\n<script type=\"application\/ld+json\" class=\"yoast-schema-graph\">{\"@context\":\"https:\\\/\\\/schema.org\",\"@graph\":[{\"@type\":\"WebPage\",\"@id\":\"https:\\\/\\\/kidsplay.lt\\\/produktas\\\/interaktyvi-virtuve-su-42-elementais\\\/\",\"url\":\"https:\\\/\\\/kidsplay.lt\\\/produktas\\\/interaktyvi-virtuve-su-42-elementais\\\/\",\"name\":\"Interaktyvi virtuv\u0117 su 42 elementais - KidsPlay\",\"isPartOf\":{\"@id\":\"https:\\\/\\\/kidsplay.lt\\\/#website\"},\"primaryImageOfPage\":{\"@id\":\"https:\\\/\\\/kidsplay.lt\\\/produktas\\\/interaktyvi-virtuve-su-42-elementais\\\/#primaryimage\"},\"image\":{\"@id\":\"https:\\\/\\\/kidsplay.lt\\\/produktas\\\/interaktyvi-virtuve-su-42-elementais\\\/#primaryimage\"},\"thumbnailUrl\":\"https:\\\/\\\/kidsplay.lt\\\/wp-content\\\/uploads\\\/2025\\\/09\\\/Screenshot_120.png\",\"datePublished\":\"2025-09-16T10:26:56+00:00\",\"dateModified\":\"2025-10-04T19:21:02+00:00\",\"description\":\"Interaktyvi virtuv\u0117 su 42 elementais\",\"breadcrumb\":{\"@id\":\"https:\\\/\\\/kidsplay.lt\\\/produktas\\\/interaktyvi-virtuve-su-42-elementais\\\/#breadcrumb\"},\"inLanguage\":\"lv-LV\",\"potentialAction\":[{\"@type\":\"ReadAction\",\"target\":[\"https:\\\/\\\/kidsplay.lt\\\/produktas\\\/interaktyvi-virtuve-su-42-elementais\\\/\"]}]},{\"@type\":\"ImageObject\",\"inLanguage\":\"lv-LV\",\"@id\":\"https:\\\/\\\/kidsplay.lt\\\/produktas\\\/interaktyvi-virtuve-su-42-elementais\\\/#primaryimage\",\"url\":\"https:\\\/\\\/kidsplay.lt\\\/wp-content\\\/uploads\\\/2025\\\/09\\\/Screenshot_120.png\",\"contentUrl\":\"https:\\\/\\\/kidsplay.lt\\\/wp-content\\\/uploads\\\/2025\\\/09\\\/Screenshot_120.png\",\"width\":897,\"height\":869},{\"@type\":\"BreadcrumbList\",\"@id\":\"https:\\\/\\\/kidsplay.lt\\\/produktas\\\/interaktyvi-virtuve-su-42-elementais\\\/#breadcrumb\",\"itemListElement\":[{\"@type\":\"ListItem\",\"position\":1,\"name\":\"Pagrindinis\",\"item\":\"https:\\\/\\\/kidsplay.lt\\\/\"},{\"@type\":\"ListItem\",\"position\":2,\"name\":\"Parduotuv\u0117\",\"item\":\"https:\\\/\\\/kidsplay.lt\\\/parduotuve\\\/\"},{\"@type\":\"ListItem\",\"position\":3,\"name\":\"Interaktyvi virtuv\u0117 su 42 elementais\"}]},{\"@type\":\"WebSite\",\"@id\":\"https:\\\/\\\/kidsplay.lt\\\/#website\",\"url\":\"https:\\\/\\\/kidsplay.lt\\\/\",\"name\":\"Kidsplay.lt\",\"description\":\"\u012evairios prek\u0117s vaikams\",\"publisher\":{\"@id\":\"https:\\\/\\\/kidsplay.lt\\\/#organization\"},\"alternateName\":\"Kidsplay\",\"potentialAction\":[{\"@type\":\"SearchAction\",\"target\":{\"@type\":\"EntryPoint\",\"urlTemplate\":\"https:\\\/\\\/kidsplay.lt\\\/?s={search_term_string}\"},\"query-input\":{\"@type\":\"PropertyValueSpecification\",\"valueRequired\":true,\"valueName\":\"search_term_string\"}}],\"inLanguage\":\"lv-LV\"},{\"@type\":\"Organization\",\"@id\":\"https:\\\/\\\/kidsplay.lt\\\/#organization\",\"name\":\"KidsPlay\",\"url\":\"https:\\\/\\\/kidsplay.lt\\\/\",\"logo\":{\"@type\":\"ImageObject\",\"inLanguage\":\"lv-LV\",\"@id\":\"https:\\\/\\\/kidsplay.lt\\\/#\\\/schema\\\/logo\\\/image\\\/\",\"url\":\"https:\\\/\\\/kidsplay.lt\\\/wp-content\\\/uploads\\\/2023\\\/07\\\/kidsplay-logo.png\",\"contentUrl\":\"https:\\\/\\\/kidsplay.lt\\\/wp-content\\\/uploads\\\/2023\\\/07\\\/kidsplay-logo.png\",\"width\":451,\"height\":98,\"caption\":\"KidsPlay\"},\"image\":{\"@id\":\"https:\\\/\\\/kidsplay.lt\\\/#\\\/schema\\\/logo\\\/image\\\/\"},\"sameAs\":[\"https:\\\/\\\/www.facebook.com\\\/www.kidsplay.lt\"]}]}<\/script>\n<!-- \/ Yoast SEO plugin. -->","yoast_head_json":{"title":"Interaktyvi virtuv\u0117 su 42 elementais - KidsPlay","description":"Interaktyvi virtuv\u0117 su 42 elementais","robots":{"index":"index","follow":"follow","max-snippet":"max-snippet:-1","max-image-preview":"max-image-preview:large","max-video-preview":"max-video-preview:-1"},"canonical":"https:\/\/kidsplay.lt\/lv\/products\/interaktyvi-virtuve-su-42-elementais\/","og_locale":"lv_LV","og_type":"article","og_title":"Interaktyvi virtuv\u0117 su 42 elementais - KidsPlay","og_description":"Interaktyvi virtuv\u0117 su 42 elementais","og_url":"https:\/\/kidsplay.lt\/lv\/products\/interaktyvi-virtuve-su-42-elementais\/","og_site_name":"KidsPlay","article_publisher":"https:\/\/www.facebook.com\/www.kidsplay.lt","article_modified_time":"2025-10-04T19:21:02+00:00","og_image":[{"width":897,"height":869,"url":"https:\/\/kidsplay.lt\/wp-content\/uploads\/2025\/09\/Screenshot_120.png","type":"image\/png"}],"twitter_card":"summary_large_image","twitter_misc":{"Est. reading time":"4 min\u016btes"},"schema":{"@context":"https:\/\/schema.org","@graph":[{"@type":"WebPage","@id":"https:\/\/kidsplay.lt\/produktas\/interaktyvi-virtuve-su-42-elementais\/","url":"https:\/\/kidsplay.lt\/produktas\/interaktyvi-virtuve-su-42-elementais\/","name":"Interaktyvi virtuv\u0117 su 42 elementais - KidsPlay","isPartOf":{"@id":"https:\/\/kidsplay.lt\/#website"},"primaryImageOfPage":{"@id":"https:\/\/kidsplay.lt\/produktas\/interaktyvi-virtuve-su-42-elementais\/#primaryimage"},"image":{"@id":"https:\/\/kidsplay.lt\/produktas\/interaktyvi-virtuve-su-42-elementais\/#primaryimage"},"thumbnailUrl":"https:\/\/kidsplay.lt\/wp-content\/uploads\/2025\/09\/Screenshot_120.png","datePublished":"2025-09-16T10:26:56+00:00","dateModified":"2025-10-04T19:21:02+00:00","description":"Interaktyvi virtuv\u0117 su 42 elementais","breadcrumb":{"@id":"https:\/\/kidsplay.lt\/produktas\/interaktyvi-virtuve-su-42-elementais\/#breadcrumb"},"inLanguage":"lv-LV","potentialAction":[{"@type":"ReadAction","target":["https:\/\/kidsplay.lt\/produktas\/interaktyvi-virtuve-su-42-elementais\/"]}]},{"@type":"ImageObject","inLanguage":"lv-LV","@id":"https:\/\/kidsplay.lt\/produktas\/interaktyvi-virtuve-su-42-elementais\/#primaryimage","url":"https:\/\/kidsplay.lt\/wp-content\/uploads\/2025\/09\/Screenshot_120.png","contentUrl":"https:\/\/kidsplay.lt\/wp-content\/uploads\/2025\/09\/Screenshot_120.png","width":897,"height":869},{"@type":"BreadcrumbList","@id":"https:\/\/kidsplay.lt\/produktas\/interaktyvi-virtuve-su-42-elementais\/#breadcrumb","itemListElement":[{"@type":"ListItem","position":1,"name":"Pagrindinis","item":"https:\/\/kidsplay.lt\/"},{"@type":"ListItem","position":2,"name":"Parduotuv\u0117","item":"https:\/\/kidsplay.lt\/parduotuve\/"},{"@type":"ListItem","position":3,"name":"Interaktyvi virtuv\u0117 su 42 elementais"}]},{"@type":"WebSite","@id":"https:\/\/kidsplay.lt\/#website","url":"https:\/\/kidsplay.lt\/","name":"B\u0113rnu sp\u0113les.lv","description":"\u012evairios prek\u0117s vaikams","publisher":{"@id":"https:\/\/kidsplay.lt\/#organization"},"alternateName":"Kidsplay","potentialAction":[{"@type":"SearchAction","target":{"@type":"EntryPoint","urlTemplate":"https:\/\/kidsplay.lt\/?s={search_term_string}"},"query-input":{"@type":"PropertyValueSpecification","valueRequired":true,"valueName":"search_term_string"}}],"inLanguage":"lv-LV"},{"@type":"Organization","@id":"https:\/\/kidsplay.lt\/#organization","name":"B\u0113rnu sp\u0113le","url":"https:\/\/kidsplay.lt\/","logo":{"@type":"ImageObject","inLanguage":"lv-LV","@id":"https:\/\/kidsplay.lt\/#\/schema\/logo\/image\/","url":"https:\/\/kidsplay.lt\/wp-content\/uploads\/2023\/07\/kidsplay-logo.png","contentUrl":"https:\/\/kidsplay.lt\/wp-content\/uploads\/2023\/07\/kidsplay-logo.png","width":451,"height":98,"caption":"KidsPlay"},"image":{"@id":"https:\/\/kidsplay.lt\/#\/schema\/logo\/image\/"},"sameAs":["https:\/\/www.facebook.com\/www.kidsplay.lt"]}]}},"_links":{"self":[{"href":"https:\/\/kidsplay.lt\/lv\/wp-json\/wp\/v2\/product\/61836","targetHints":{"allow":["GET"]}}],"collection":[{"href":"https:\/\/kidsplay.lt\/lv\/wp-json\/wp\/v2\/product"}],"about":[{"href":"https:\/\/kidsplay.lt\/lv\/wp-json\/wp\/v2\/types\/product"}],"version-history":[{"count":4,"href":"https:\/\/kidsplay.lt\/lv\/wp-json\/wp\/v2\/product\/61836\/revisions"}],"predecessor-version":[{"id":74385,"href":"https:\/\/kidsplay.lt\/lv\/wp-json\/wp\/v2\/product\/61836\/revisions\/74385"}],"wp:featuredmedia":[{"embeddable":true,"href":"https:\/\/kidsplay.lt\/lv\/wp-json\/wp\/v2\/media\/61837"}],"wp:attachment":[{"href":"https:\/\/kidsplay.lt\/lv\/wp-json\/wp\/v2\/media?parent=61836"}],"wp:term":[{"taxonomy":"product_brand","embeddable":true,"href":"https:\/\/kidsplay.lt\/lv\/wp-json\/wp\/v2\/product_brand?post=61836"},{"taxonomy":"product_cat","embeddable":true,"href":"https:\/\/kidsplay.lt\/lv\/wp-json\/wp\/v2\/product_cat?post=61836"},{"taxonomy":"product_tag","embeddable":true,"href":"https:\/\/kidsplay.lt\/lv\/wp-json\/wp\/v2\/product_tag?post=61836"}],"curies":[{"name":"wp","href":"https:\/\/api.w.org\/{rel}","templated":true}]}}