{"id":61859,"date":"2025-09-16T17:16:15","date_gmt":"2025-09-16T14:16:15","guid":{"rendered":"https:\/\/kidsplay.lt\/?post_type=product&#038;p=61859"},"modified":"2025-10-04T22:24:41","modified_gmt":"2025-10-04T19:24:41","slug":"dideles-putplascio-kalades","status":"publish","type":"product","link":"https:\/\/kidsplay.lt\/lv\/products\/dideles-putplascio-kalades\/","title":{"rendered":"Lieli putu bloki"},"content":{"rendered":"<div class=\"mpof_ki myre_zn myre_8v_l m389_6m_l\">\n<div class=\"mp4t_16_s mryx_16_s mr3m_1 mli2_1 mh85_56 mh85_0_l\">\n<div class=\"mgn2_16 _0d3bd_am0a-\">\n<h1><span dir=\"auto\">11 dideli\u0173 putplas\u010dio kalad\u0117li\u0173 rinkinys \u017eaidimams, lop\u0161eliams, dar\u017eeliams (pastelin\u0117s spalvos<\/span><\/h1>\n<p><span dir=\"auto\">Pilies rinkin\u012f sudaro vienuolika skirting\u0173 spalv\u0173 putplas\u010dio kalad\u0117li\u0173.<\/span><\/p>\n<p><span dir=\"auto\">Putplas\u010dio blokeliai puikiai tinka vaik\u0173 dar\u017eeliams, vaik\u0173 dar\u017eeliams ir \u017eaisl\u0173 kambariams.<\/span><\/p>\n<p><span dir=\"auto\">Visi elementai yra saug\u016bs ir mink\u0161ti, juos galima naudoti tiek kuriant \u012fvairias savo konstrukcijas, tiek mank\u0161tai ar tiesiog s\u0117d\u0117jimui.<\/span><\/p>\n<p><span dir=\"auto\">U\u017epildas \u2013 T-21 apmu\u0161al\u0173 porolonas, turintis higienos sertifikat\u0105 ir didel\u012f atsparum\u0105 minkymui.<\/span><\/p>\n<p><span dir=\"auto\">Mink\u0161tos, padidinto tankio putos pasi\u017eymi dideliu elastingumu \u2013 pagerina pratim\u0173 efektyvum\u0105 ir daro \u017eaidim\u0105 saugesn\u012f.<\/span><\/p>\n<p><span dir=\"auto\">Apmu\u0161al\u0173 med\u017eiaga yra tvirta, patvari ir atspari dilimui, kuri\u0105 lengva valyti \u2013 tereikia nuvalyti ne\u0161varias vietas dr\u0117gnu skudur\u0117liu.<\/span><\/p>\n<p><span dir=\"auto\">Atskir\u0173 element\u0173 matmenys matomi nuotraukoje.<\/span><\/p>\n<\/div>\n<\/div>\n<div class=\"mp4t_16_s mryx_16_s mr3m_1 mli2_1 mh85_56 mh85_0_l\">\n<div class=\"mg9e_8 mj7a_8 mg9e_0_s mvrt_0_s mj7a_0_s mh36_0_s mzmg_6m munh_16_l m3h2_16_l\">\n<div class=\"mp4t_0 mryx_0 munh_56 m3h2_56\">\n<div class=\"mp7g_oh\"><button class=\"mg9e_0 mvrt_0 mj7a_0 mh36_0 mp4t_0 m3h2_0 mryx_0 munh_0 mqen_m6 mpof_z0 mx7m_0 m7er_k4 mse2_k4 msts_pt\" data-analytics-interaction=\"true\" data-analytics-interaction-label=\"zoomable-image-open\" aria-disabled=\"true\"><img decoding=\"async\" class=\"msub_k4 mupj_5k mjru_k4 mse2_k4 mp7g_f6 mq1m_0 mj7u_0 m7er_k4 mqen_m6 m31c_d8 m0ux_fp lazyloaded\" src=\"https:\/\/a.allegroimg.com\/original\/112dc3\/f809818747a29dbeb8dd12c5e9f6\/set-of-11-large-foam-blocks-for-play-nurseries-kindergartens-Pastel\" sizes=\"(min-width: 1200px) 560px, (min-width: 992px) 50vw, 100vw\" srcset=\"https:\/\/a.allegroimg.com\/s360\/112dc3\/f809818747a29dbeb8dd12c5e9f6\/set-of-11-large-foam-blocks-for-play-nurseries-kindergartens-Pastel 336w,https:\/\/a.allegroimg.com\/s720\/112dc3\/f809818747a29dbeb8dd12c5e9f6\/set-of-11-large-foam-blocks-for-play-nurseries-kindergartens-Pastel 672w,https:\/\/a.allegroimg.com\/s1024\/112dc3\/f809818747a29dbeb8dd12c5e9f6\/set-of-11-large-foam-blocks-for-play-nurseries-kindergartens-Pastel 956w,https:\/\/a.allegroimg.com\/s1440\/112dc3\/f809818747a29dbeb8dd12c5e9f6\/set-of-11-large-foam-blocks-for-play-nurseries-kindergartens-Pastel 1344w,https:\/\/a.allegroimg.com\/original\/112dc3\/f809818747a29dbeb8dd12c5e9f6\/set-of-11-large-foam-blocks-for-play-nurseries-kindergartens-Pastel 1494w\" alt=\"11 dideli\u0173 putplas\u010dio kalad\u0117li\u0173 rinkinys \u017eaidimams, lop\u0161eliams, dar\u017eeliams (pastelin\u0117s spalvos\" width=\"1494px\" data-srcset=\"\" \/><\/button><\/div>\n<\/div>\n<\/div>\n<\/div>\n<\/div>\n<div class=\"mpof_ki myre_zn myre_8v_l m389_6m_l\">\n<div class=\"mp4t_16_s mryx_16_s mr3m_1 mli2_1 mh85_56 mh85_0_l\">\n<div class=\"mg9e_8 mj7a_8 mg9e_0_s mvrt_0_s mj7a_0_s mh36_0_s mzmg_6m munh_16_l m3h2_16_l\">\n<div class=\"mp4t_0 mryx_0 munh_56 m3h2_56\">\n<div class=\"mp7g_oh\"><button class=\"mg9e_0 mvrt_0 mj7a_0 mh36_0 mp4t_0 m3h2_0 mryx_0 munh_0 mqen_m6 mpof_z0 mx7m_0 m7er_k4 mse2_k4 msts_pt\" data-analytics-interaction=\"true\" data-analytics-interaction-label=\"zoomable-image-open\" aria-disabled=\"true\"><img decoding=\"async\" class=\"msub_k4 mupj_5k mjru_k4 mse2_k4 mp7g_f6 mq1m_0 mj7u_0 m7er_k4 mqen_m6 m31c_d8 m0ux_fp lazyloaded\" src=\"https:\/\/a.allegroimg.com\/original\/116576\/eadc92e648c598082609948ae0db\/set-of-11-large-foam-blocks-for-play-nurseries-kindergartens-Pastel-Brand-another\" sizes=\"(min-width: 1200px) 560px, (min-width: 992px) 50vw, 100vw\" srcset=\"https:\/\/a.allegroimg.com\/s360\/116576\/eadc92e648c598082609948ae0db\/set-of-11-large-foam-blocks-for-play-nurseries-kindergartens-Pastel-Brand-another 360w,https:\/\/a.allegroimg.com\/s720\/116576\/eadc92e648c598082609948ae0db\/set-of-11-large-foam-blocks-for-play-nurseries-kindergartens-Pastel-Brand-another 720w,https:\/\/a.allegroimg.com\/s1024\/116576\/eadc92e648c598082609948ae0db\/set-of-11-large-foam-blocks-for-play-nurseries-kindergartens-Pastel-Brand-another 1024w,https:\/\/a.allegroimg.com\/s1440\/116576\/eadc92e648c598082609948ae0db\/set-of-11-large-foam-blocks-for-play-nurseries-kindergartens-Pastel-Brand-another 1440w,https:\/\/a.allegroimg.com\/original\/116576\/eadc92e648c598082609948ae0db\/set-of-11-large-foam-blocks-for-play-nurseries-kindergartens-Pastel-Brand-another 1800w\" alt=\"11 dideli\u0173 putplas\u010dio kalad\u0117li\u0173 rinkinys \u017eaidimams, lop\u0161eliams, dar\u017eeliams (kitas \u201ePastel Brand\u201c\" width=\"1800px\" data-srcset=\"\" \/><\/button><\/div>\n<\/div>\n<\/div>\n<\/div>\n<div class=\"mp4t_16_s mryx_16_s mr3m_1 mli2_1 mh85_56 mh85_0_l\">\n<div class=\"mg9e_8 mj7a_8 mg9e_0_s mvrt_0_s mj7a_0_s mh36_0_s mzmg_6m munh_16_l m3h2_16_l\">\n<div class=\"mp4t_0 mryx_0 munh_56 m3h2_56\">\n<div class=\"mp7g_oh\"><button class=\"mg9e_0 mvrt_0 mj7a_0 mh36_0 mp4t_0 m3h2_0 mryx_0 munh_0 mqen_m6 mpof_z0 mx7m_0 m7er_k4 mse2_k4 msts_pt\" data-analytics-interaction=\"true\" data-analytics-interaction-label=\"zoomable-image-open\" aria-disabled=\"true\"><img decoding=\"async\" class=\"msub_k4 mupj_5k mjru_k4 mse2_k4 mp7g_f6 mq1m_0 mj7u_0 m7er_k4 mqen_m6 m31c_d8 m0ux_fp lazyloaded\" src=\"https:\/\/a.allegroimg.com\/original\/11ba6b\/669a5f3f479397ddb82fc4238f6a\/set-of-11-large-foam-blocks-for-play-nurseries-kindergartens-Pastel-EAN-GTIN-5903163130858\" sizes=\"(min-width: 1200px) 560px, (min-width: 992px) 50vw, 100vw\" srcset=\"https:\/\/a.allegroimg.com\/s360\/11ba6b\/669a5f3f479397ddb82fc4238f6a\/set-of-11-large-foam-blocks-for-play-nurseries-kindergartens-Pastel-EAN-GTIN-5903163130858 360w,https:\/\/a.allegroimg.com\/s720\/11ba6b\/669a5f3f479397ddb82fc4238f6a\/set-of-11-large-foam-blocks-for-play-nurseries-kindergartens-Pastel-EAN-GTIN-5903163130858 720w,https:\/\/a.allegroimg.com\/s1024\/11ba6b\/669a5f3f479397ddb82fc4238f6a\/set-of-11-large-foam-blocks-for-play-nurseries-kindergartens-Pastel-EAN-GTIN-5903163130858 1024w,https:\/\/a.allegroimg.com\/s1440\/11ba6b\/669a5f3f479397ddb82fc4238f6a\/set-of-11-large-foam-blocks-for-play-nurseries-kindergartens-Pastel-EAN-GTIN-5903163130858 1440w,https:\/\/a.allegroimg.com\/original\/11ba6b\/669a5f3f479397ddb82fc4238f6a\/set-of-11-large-foam-blocks-for-play-nurseries-kindergartens-Pastel-EAN-GTIN-5903163130858 1800w\" alt=\"11 dideli\u0173 putplas\u010dio kalad\u0117li\u0173 rinkinys \u017eaidimams, lop\u0161eliams, dar\u017eeliams (pastelin\u0117s spalvos EAN (GTIN) 5903163130858\" width=\"1800px\" data-srcset=\"\" \/><\/button><\/div>\n<\/div>\n<\/div>\n<\/div>\n<\/div>\n<div class=\"mpof_ki myre_zn myre_8v_l m389_6m_l\">\n<div class=\"mp4t_16_s mryx_16_s mr3m_1 mli2_1 mh85_56 mh85_0_l\">\n<div class=\"mg9e_8 mj7a_8 mg9e_0_s mvrt_0_s mj7a_0_s mh36_0_s mzmg_6m munh_16_l m3h2_16_l\">\n<div class=\"mp4t_0 mryx_0 munh_56 m3h2_56\">\n<div class=\"mp7g_oh\"><button class=\"mg9e_0 mvrt_0 mj7a_0 mh36_0 mp4t_0 m3h2_0 mryx_0 munh_0 mqen_m6 mpof_z0 mx7m_0 m7er_k4 mse2_k4 msts_pt\" data-analytics-interaction=\"true\" data-analytics-interaction-label=\"zoomable-image-open\" aria-disabled=\"true\"><img decoding=\"async\" class=\"msub_k4 mupj_5k mjru_k4 mse2_k4 mp7g_f6 mq1m_0 mj7u_0 m7er_k4 mqen_m6 m31c_d8 m0ux_fp lazyloaded\" src=\"https:\/\/a.allegroimg.com\/original\/115c93\/dbdc318f4a66a53e7aad7096d0b7\/set-of-11-large-foam-blocks-for-play-nurseries-kindergartens-Pastel-Manufacturer-code-24225_1\" sizes=\"(min-width: 1200px) 560px, (min-width: 992px) 50vw, 100vw\" srcset=\"https:\/\/a.allegroimg.com\/s360\/115c93\/dbdc318f4a66a53e7aad7096d0b7\/set-of-11-large-foam-blocks-for-play-nurseries-kindergartens-Pastel-Manufacturer-code-24225_1 360w,https:\/\/a.allegroimg.com\/s720\/115c93\/dbdc318f4a66a53e7aad7096d0b7\/set-of-11-large-foam-blocks-for-play-nurseries-kindergartens-Pastel-Manufacturer-code-24225_1 720w,https:\/\/a.allegroimg.com\/s1024\/115c93\/dbdc318f4a66a53e7aad7096d0b7\/set-of-11-large-foam-blocks-for-play-nurseries-kindergartens-Pastel-Manufacturer-code-24225_1 1024w,https:\/\/a.allegroimg.com\/s1440\/115c93\/dbdc318f4a66a53e7aad7096d0b7\/set-of-11-large-foam-blocks-for-play-nurseries-kindergartens-Pastel-Manufacturer-code-24225_1 1440w,https:\/\/a.allegroimg.com\/original\/115c93\/dbdc318f4a66a53e7aad7096d0b7\/set-of-11-large-foam-blocks-for-play-nurseries-kindergartens-Pastel-Manufacturer-code-24225_1 1800w\" alt=\"11 dideli\u0173 putplas\u010dio kalad\u0117li\u0173 rinkinys \u017eaidimams, lop\u0161eliams, dar\u017eeliams (Pastel gamintojo kodas 24225_1\" width=\"1800px\" data-srcset=\"\" \/><\/button><\/div>\n<\/div>\n<\/div>\n<\/div>\n<div class=\"mp4t_16_s mryx_16_s mr3m_1 mli2_1 mh85_56 mh85_0_l\">\n<div class=\"mg9e_8 mj7a_8 mg9e_0_s mvrt_0_s mj7a_0_s mh36_0_s mzmg_6m munh_16_l m3h2_16_l\">\n<div class=\"mp4t_0 mryx_0 munh_56 m3h2_56\">\n<div class=\"mp7g_oh\"><button class=\"mg9e_0 mvrt_0 mj7a_0 mh36_0 mp4t_0 m3h2_0 mryx_0 munh_0 mqen_m6 mpof_z0 mx7m_0 m7er_k4 mse2_k4 msts_pt\" data-analytics-interaction=\"true\" data-analytics-interaction-label=\"zoomable-image-open\" aria-disabled=\"true\"><img decoding=\"async\" class=\"msub_k4 mupj_5k mjru_k4 mse2_k4 mp7g_f6 mq1m_0 mj7u_0 m7er_k4 mqen_m6 m31c_d8 m0ux_fp lazyloaded\" src=\"https:\/\/a.allegroimg.com\/original\/11777d\/5de5f81e4d158e710594cbd09c0f\/set-of-11-large-foam-blocks-for-play-nurseries-kindergartens-Pastel-Kid-s-age-9-months\" sizes=\"(min-width: 1200px) 560px, (min-width: 992px) 50vw, 100vw\" srcset=\"https:\/\/a.allegroimg.com\/s360\/11777d\/5de5f81e4d158e710594cbd09c0f\/set-of-11-large-foam-blocks-for-play-nurseries-kindergartens-Pastel-Kid-s-age-9-months 360w,https:\/\/a.allegroimg.com\/s720\/11777d\/5de5f81e4d158e710594cbd09c0f\/set-of-11-large-foam-blocks-for-play-nurseries-kindergartens-Pastel-Kid-s-age-9-months 720w,https:\/\/a.allegroimg.com\/s1024\/11777d\/5de5f81e4d158e710594cbd09c0f\/set-of-11-large-foam-blocks-for-play-nurseries-kindergartens-Pastel-Kid-s-age-9-months 1024w,https:\/\/a.allegroimg.com\/s1440\/11777d\/5de5f81e4d158e710594cbd09c0f\/set-of-11-large-foam-blocks-for-play-nurseries-kindergartens-Pastel-Kid-s-age-9-months 1440w,https:\/\/a.allegroimg.com\/original\/11777d\/5de5f81e4d158e710594cbd09c0f\/set-of-11-large-foam-blocks-for-play-nurseries-kindergartens-Pastel-Kid-s-age-9-months 1800w\" alt=\"11 dideli\u0173 putplas\u010dio kalad\u0117li\u0173 rinkinys \u017eaidimams, lop\u0161eliams, dar\u017eeliams (pastelin\u0117s spalvos, vaikams nuo 9 m\u0117nesi\u0173)\" width=\"1800px\" data-srcset=\"\" \/><\/button><\/div>\n<\/div>\n<\/div>\n<\/div>\n<\/div>\n<div class=\"mpof_ki myre_zn myre_8v_l m389_6m_l\">\n<div class=\"mp4t_16_s mryx_16_s mr3m_1 mli2_1 mh85_56 mh85_0_l\">\n<div class=\"mg9e_8 mj7a_8 mg9e_0_s mvrt_0_s mj7a_0_s mh36_0_s mzmg_6m munh_16_l m3h2_16_l\">\n<div class=\"mp4t_0 mryx_0 munh_56 m3h2_56\">\n<div class=\"mp7g_oh\"><button class=\"mg9e_0 mvrt_0 mj7a_0 mh36_0 mp4t_0 m3h2_0 mryx_0 munh_0 mqen_m6 mpof_z0 mx7m_0 m7er_k4 mse2_k4 msts_pt\" data-analytics-interaction=\"true\" data-analytics-interaction-label=\"zoomable-image-open\" aria-disabled=\"true\"><img decoding=\"async\" class=\"msub_k4 mupj_5k mjru_k4 mse2_k4 mp7g_f6 mq1m_0 mj7u_0 m7er_k4 mqen_m6 m31c_d8 m0ux_fp lazyloaded\" src=\"https:\/\/a.allegroimg.com\/original\/115d01\/87221f6a4045b41d80810534d4c6\/set-of-11-large-foam-blocks-for-play-nurseries-kindergartens-Pastel-Number-of-pieces-11\" sizes=\"100vw\" srcset=\"https:\/\/a.allegroimg.com\/s360\/115d01\/87221f6a4045b41d80810534d4c6\/set-of-11-large-foam-blocks-for-play-nurseries-kindergartens-Pastel-Number-of-pieces-11 360w,https:\/\/a.allegroimg.com\/s720\/115d01\/87221f6a4045b41d80810534d4c6\/set-of-11-large-foam-blocks-for-play-nurseries-kindergartens-Pastel-Number-of-pieces-11 720w,https:\/\/a.allegroimg.com\/s1024\/115d01\/87221f6a4045b41d80810534d4c6\/set-of-11-large-foam-blocks-for-play-nurseries-kindergartens-Pastel-Number-of-pieces-11 1024w,https:\/\/a.allegroimg.com\/s1440\/115d01\/87221f6a4045b41d80810534d4c6\/set-of-11-large-foam-blocks-for-play-nurseries-kindergartens-Pastel-Number-of-pieces-11 1440w,https:\/\/a.allegroimg.com\/original\/115d01\/87221f6a4045b41d80810534d4c6\/set-of-11-large-foam-blocks-for-play-nurseries-kindergartens-Pastel-Number-of-pieces-11 1709w\" alt=\"11 dideli\u0173 putplas\u010dio kalad\u0117li\u0173 rinkinys \u017eaidimams, lop\u0161eliams, dar\u017eeliams (pastelin\u0117s spalvos, vienet\u0173 skai\u010dius 11\" width=\"1709px\" data-srcset=\"\" \/><\/button><\/div>\n<\/div>\n<\/div>\n<\/div>\n<\/div>\n<div class=\"mpof_ki myre_zn myre_8v_l m389_6m_l\">\n<div class=\"mp4t_16_s mryx_16_s mr3m_1 mli2_1 mh85_56 mh85_0_l\">\n<div class=\"mgn2_16 _0d3bd_am0a-\">\n<h2><span dir=\"auto\">\u2b50 KOD\u0116L MUS?<\/span><\/h2>\n<ul>\n<li><b><span dir=\"auto\">Auk\u0161ta kokyb\u0117:<\/span><\/b><span dir=\"auto\">\u00a0M\u016bs\u0173 parduotuv\u0117je si\u016blomi produktai yra \u017einomi d\u0117l auk\u0161tos kokyb\u0117s gamybos, kuri garantuoja\u00a0<\/span><b><span dir=\"auto\">ilgaam\u017ei\u0161kum\u0105<\/span><\/b><span dir=\"auto\">\u00a0ir savo ruo\u017etu rei\u0161kia\u00a0klient\u0173\u00a0<\/span><b><span dir=\"auto\">pasitenkinim\u0105 .<\/span><\/b><\/li>\n<li><b><span dir=\"auto\">Platus pasirinkimas:<\/span><\/b><span dir=\"auto\">\u00a0M\u016bs\u0173 parduotuv\u0117je si\u016blomas platus produkt\u0173 pasirinkimas, tod\u0117l klientai gali rasti visk\u0105, ko jiems reikia, vienoje vietoje, o tai\u00a0<\/span><b><span dir=\"auto\">taupo laik\u0105<\/span><\/b><span dir=\"auto\">\u00a0ir pastangas ie\u0161kant!<\/span><\/li>\n<li><b><span dir=\"auto\">I\u0161skirtinis klient\u0173 aptarnavimas:<\/span><\/b><span dir=\"auto\">\u00a0M\u016bs\u0173 parduotuv\u0117s darbuotojai yra i\u0161manantys ir norintys pad\u0117ti, tod\u0117l apsipirkimo patirtis yra\u00a0<\/span><b><span dir=\"auto\">maloni<\/span><\/b><span dir=\"auto\">\u00a0un\u00a0<\/span><b><span dir=\"auto\">pasitenkinim\u0105 teikianti<\/span><\/b><span dir=\"auto\">\u00a0.<\/span><\/li>\n<li><b><span dir=\"auto\">Greitas pristatymas:<\/span><\/b><span dir=\"auto\">\u00a0Siekiame\u00a0<\/span><b><span dir=\"auto\">greito ir efektyvaus pristatymo<\/span><\/b><span dir=\"auto\">\u00a0, kad m\u016bs\u0173 klientai gal\u0117t\u0173 m\u0117gautis pirkiniais per kuo trumpesn\u012f laik\u0105.<\/span><\/li>\n<li><b><span dir=\"auto\">Konkurencingos kainos:<\/span><\/b><span dir=\"auto\">\u00a0Be auk\u0161tos kokyb\u0117s, m\u016bs\u0173 produktai yra\u00a0<\/span><b><span dir=\"auto\">prieinami<\/span><\/b><span dir=\"auto\">\u00a0platesniam\u00a0klient\u0173 ratui\u00a0<\/span><b><span dir=\"auto\">.<\/span><\/b><\/li>\n<\/ul>\n<\/div>\n<\/div>\n<\/div>","protected":false},"excerpt":{"rendered":"<p>Lieli putu bloki<\/p>","protected":false},"featured_media":61860,"template":"","meta":{"_acf_changed":false,"_glsr_average":0,"_glsr_ranking":0,"_glsr_reviews":0},"product_brand":[],"product_cat":[674,254],"product_tag":[],"class_list":{"0":"post-61859","1":"product","2":"type-product","3":"status-publish","4":"has-post-thumbnail","6":"product_cat-namu-zaidimo-aiksteles","7":"product_cat-vaiko-kambarys","8":"\"style=\"background-color: #2ecc711c;\"","10":"first","11":"instock","12":"shipping-taxable","13":"purchasable","14":"product-type-simple"},"acf":[],"yoast_head":"<!-- This site is optimized with the Yoast SEO plugin v27.3 - https:\/\/yoast.com\/product\/yoast-seo-wordpress\/ -->\n<title>Didel\u0117s putplas\u010dio kalad\u0117s - KidsPlay<\/title>\n<meta name=\"description\" content=\"Didel\u0117s putplas\u010dio kalad\u0117s\" \/>\n<meta name=\"robots\" content=\"index, follow, max-snippet:-1, max-image-preview:large, max-video-preview:-1\" \/>\n<link rel=\"canonical\" href=\"https:\/\/kidsplay.lt\/lv\/products\/dideles-putplascio-kalades\/\" \/>\n<meta property=\"og:locale\" content=\"lv_LV\" \/>\n<meta property=\"og:type\" content=\"article\" \/>\n<meta property=\"og:title\" content=\"Didel\u0117s putplas\u010dio kalad\u0117s - KidsPlay\" \/>\n<meta property=\"og:description\" content=\"Didel\u0117s putplas\u010dio kalad\u0117s\" \/>\n<meta property=\"og:url\" content=\"https:\/\/kidsplay.lt\/lv\/products\/dideles-putplascio-kalades\/\" \/>\n<meta property=\"og:site_name\" content=\"KidsPlay\" \/>\n<meta property=\"article:publisher\" content=\"https:\/\/www.facebook.com\/www.kidsplay.lt\" \/>\n<meta property=\"article:modified_time\" content=\"2025-10-04T19:24:41+00:00\" \/>\n<meta property=\"og:image\" content=\"https:\/\/kidsplay.lt\/wp-content\/uploads\/2025\/09\/Screenshot_146.png\" \/>\n\t<meta property=\"og:image:width\" content=\"687\" \/>\n\t<meta property=\"og:image:height\" content=\"561\" \/>\n\t<meta property=\"og:image:type\" content=\"image\/png\" \/>\n<meta name=\"twitter:card\" content=\"summary_large_image\" \/>\n<meta name=\"twitter:label1\" content=\"Est. reading time\" \/>\n\t<meta name=\"twitter:data1\" content=\"3 min\u016btes\" \/>\n<script type=\"application\/ld+json\" class=\"yoast-schema-graph\">{\"@context\":\"https:\\\/\\\/schema.org\",\"@graph\":[{\"@type\":\"WebPage\",\"@id\":\"https:\\\/\\\/kidsplay.lt\\\/produktas\\\/dideles-putplascio-kalades\\\/\",\"url\":\"https:\\\/\\\/kidsplay.lt\\\/produktas\\\/dideles-putplascio-kalades\\\/\",\"name\":\"Didel\u0117s putplas\u010dio kalad\u0117s - KidsPlay\",\"isPartOf\":{\"@id\":\"https:\\\/\\\/kidsplay.lt\\\/#website\"},\"primaryImageOfPage\":{\"@id\":\"https:\\\/\\\/kidsplay.lt\\\/produktas\\\/dideles-putplascio-kalades\\\/#primaryimage\"},\"image\":{\"@id\":\"https:\\\/\\\/kidsplay.lt\\\/produktas\\\/dideles-putplascio-kalades\\\/#primaryimage\"},\"thumbnailUrl\":\"https:\\\/\\\/kidsplay.lt\\\/wp-content\\\/uploads\\\/2025\\\/09\\\/Screenshot_146.png\",\"datePublished\":\"2025-09-16T14:16:15+00:00\",\"dateModified\":\"2025-10-04T19:24:41+00:00\",\"description\":\"Didel\u0117s putplas\u010dio kalad\u0117s\",\"breadcrumb\":{\"@id\":\"https:\\\/\\\/kidsplay.lt\\\/produktas\\\/dideles-putplascio-kalades\\\/#breadcrumb\"},\"inLanguage\":\"lv-LV\",\"potentialAction\":[{\"@type\":\"ReadAction\",\"target\":[\"https:\\\/\\\/kidsplay.lt\\\/produktas\\\/dideles-putplascio-kalades\\\/\"]}]},{\"@type\":\"ImageObject\",\"inLanguage\":\"lv-LV\",\"@id\":\"https:\\\/\\\/kidsplay.lt\\\/produktas\\\/dideles-putplascio-kalades\\\/#primaryimage\",\"url\":\"https:\\\/\\\/kidsplay.lt\\\/wp-content\\\/uploads\\\/2025\\\/09\\\/Screenshot_146.png\",\"contentUrl\":\"https:\\\/\\\/kidsplay.lt\\\/wp-content\\\/uploads\\\/2025\\\/09\\\/Screenshot_146.png\",\"width\":687,\"height\":561},{\"@type\":\"BreadcrumbList\",\"@id\":\"https:\\\/\\\/kidsplay.lt\\\/produktas\\\/dideles-putplascio-kalades\\\/#breadcrumb\",\"itemListElement\":[{\"@type\":\"ListItem\",\"position\":1,\"name\":\"Pagrindinis\",\"item\":\"https:\\\/\\\/kidsplay.lt\\\/\"},{\"@type\":\"ListItem\",\"position\":2,\"name\":\"Parduotuv\u0117\",\"item\":\"https:\\\/\\\/kidsplay.lt\\\/parduotuve\\\/\"},{\"@type\":\"ListItem\",\"position\":3,\"name\":\"Didel\u0117s putplas\u010dio kalad\u0117s\"}]},{\"@type\":\"WebSite\",\"@id\":\"https:\\\/\\\/kidsplay.lt\\\/#website\",\"url\":\"https:\\\/\\\/kidsplay.lt\\\/\",\"name\":\"Kidsplay.lt\",\"description\":\"\u012evairios prek\u0117s vaikams\",\"publisher\":{\"@id\":\"https:\\\/\\\/kidsplay.lt\\\/#organization\"},\"alternateName\":\"Kidsplay\",\"potentialAction\":[{\"@type\":\"SearchAction\",\"target\":{\"@type\":\"EntryPoint\",\"urlTemplate\":\"https:\\\/\\\/kidsplay.lt\\\/?s={search_term_string}\"},\"query-input\":{\"@type\":\"PropertyValueSpecification\",\"valueRequired\":true,\"valueName\":\"search_term_string\"}}],\"inLanguage\":\"lv-LV\"},{\"@type\":\"Organization\",\"@id\":\"https:\\\/\\\/kidsplay.lt\\\/#organization\",\"name\":\"KidsPlay\",\"url\":\"https:\\\/\\\/kidsplay.lt\\\/\",\"logo\":{\"@type\":\"ImageObject\",\"inLanguage\":\"lv-LV\",\"@id\":\"https:\\\/\\\/kidsplay.lt\\\/#\\\/schema\\\/logo\\\/image\\\/\",\"url\":\"https:\\\/\\\/kidsplay.lt\\\/wp-content\\\/uploads\\\/2023\\\/07\\\/kidsplay-logo.png\",\"contentUrl\":\"https:\\\/\\\/kidsplay.lt\\\/wp-content\\\/uploads\\\/2023\\\/07\\\/kidsplay-logo.png\",\"width\":451,\"height\":98,\"caption\":\"KidsPlay\"},\"image\":{\"@id\":\"https:\\\/\\\/kidsplay.lt\\\/#\\\/schema\\\/logo\\\/image\\\/\"},\"sameAs\":[\"https:\\\/\\\/www.facebook.com\\\/www.kidsplay.lt\"]}]}<\/script>\n<!-- \/ Yoast SEO plugin. -->","yoast_head_json":{"title":"Didel\u0117s putplas\u010dio kalad\u0117s - KidsPlay","description":"Lieli putu bloki","robots":{"index":"index","follow":"follow","max-snippet":"max-snippet:-1","max-image-preview":"max-image-preview:large","max-video-preview":"max-video-preview:-1"},"canonical":"https:\/\/kidsplay.lt\/lv\/products\/dideles-putplascio-kalades\/","og_locale":"lv_LV","og_type":"article","og_title":"Didel\u0117s putplas\u010dio kalad\u0117s - KidsPlay","og_description":"Didel\u0117s putplas\u010dio kalad\u0117s","og_url":"https:\/\/kidsplay.lt\/lv\/products\/dideles-putplascio-kalades\/","og_site_name":"KidsPlay","article_publisher":"https:\/\/www.facebook.com\/www.kidsplay.lt","article_modified_time":"2025-10-04T19:24:41+00:00","og_image":[{"width":687,"height":561,"url":"https:\/\/kidsplay.lt\/wp-content\/uploads\/2025\/09\/Screenshot_146.png","type":"image\/png"}],"twitter_card":"summary_large_image","twitter_misc":{"Est. reading time":"3 min\u016btes"},"schema":{"@context":"https:\/\/schema.org","@graph":[{"@type":"WebPage","@id":"https:\/\/kidsplay.lt\/produktas\/dideles-putplascio-kalades\/","url":"https:\/\/kidsplay.lt\/produktas\/dideles-putplascio-kalades\/","name":"Didel\u0117s putplas\u010dio kalad\u0117s - KidsPlay","isPartOf":{"@id":"https:\/\/kidsplay.lt\/#website"},"primaryImageOfPage":{"@id":"https:\/\/kidsplay.lt\/produktas\/dideles-putplascio-kalades\/#primaryimage"},"image":{"@id":"https:\/\/kidsplay.lt\/produktas\/dideles-putplascio-kalades\/#primaryimage"},"thumbnailUrl":"https:\/\/kidsplay.lt\/wp-content\/uploads\/2025\/09\/Screenshot_146.png","datePublished":"2025-09-16T14:16:15+00:00","dateModified":"2025-10-04T19:24:41+00:00","description":"Lieli putu bloki","breadcrumb":{"@id":"https:\/\/kidsplay.lt\/produktas\/dideles-putplascio-kalades\/#breadcrumb"},"inLanguage":"lv-LV","potentialAction":[{"@type":"ReadAction","target":["https:\/\/kidsplay.lt\/produktas\/dideles-putplascio-kalades\/"]}]},{"@type":"ImageObject","inLanguage":"lv-LV","@id":"https:\/\/kidsplay.lt\/produktas\/dideles-putplascio-kalades\/#primaryimage","url":"https:\/\/kidsplay.lt\/wp-content\/uploads\/2025\/09\/Screenshot_146.png","contentUrl":"https:\/\/kidsplay.lt\/wp-content\/uploads\/2025\/09\/Screenshot_146.png","width":687,"height":561},{"@type":"BreadcrumbList","@id":"https:\/\/kidsplay.lt\/produktas\/dideles-putplascio-kalades\/#breadcrumb","itemListElement":[{"@type":"ListItem","position":1,"name":"Pagrindinis","item":"https:\/\/kidsplay.lt\/"},{"@type":"ListItem","position":2,"name":"Parduotuv\u0117","item":"https:\/\/kidsplay.lt\/parduotuve\/"},{"@type":"ListItem","position":3,"name":"Didel\u0117s putplas\u010dio kalad\u0117s"}]},{"@type":"WebSite","@id":"https:\/\/kidsplay.lt\/#website","url":"https:\/\/kidsplay.lt\/","name":"B\u0113rnu sp\u0113les.lv","description":"\u012evairios prek\u0117s vaikams","publisher":{"@id":"https:\/\/kidsplay.lt\/#organization"},"alternateName":"Kidsplay","potentialAction":[{"@type":"SearchAction","target":{"@type":"EntryPoint","urlTemplate":"https:\/\/kidsplay.lt\/?s={search_term_string}"},"query-input":{"@type":"PropertyValueSpecification","valueRequired":true,"valueName":"search_term_string"}}],"inLanguage":"lv-LV"},{"@type":"Organization","@id":"https:\/\/kidsplay.lt\/#organization","name":"B\u0113rnu sp\u0113le","url":"https:\/\/kidsplay.lt\/","logo":{"@type":"ImageObject","inLanguage":"lv-LV","@id":"https:\/\/kidsplay.lt\/#\/schema\/logo\/image\/","url":"https:\/\/kidsplay.lt\/wp-content\/uploads\/2023\/07\/kidsplay-logo.png","contentUrl":"https:\/\/kidsplay.lt\/wp-content\/uploads\/2023\/07\/kidsplay-logo.png","width":451,"height":98,"caption":"KidsPlay"},"image":{"@id":"https:\/\/kidsplay.lt\/#\/schema\/logo\/image\/"},"sameAs":["https:\/\/www.facebook.com\/www.kidsplay.lt"]}]}},"_links":{"self":[{"href":"https:\/\/kidsplay.lt\/lv\/wp-json\/wp\/v2\/product\/61859","targetHints":{"allow":["GET"]}}],"collection":[{"href":"https:\/\/kidsplay.lt\/lv\/wp-json\/wp\/v2\/product"}],"about":[{"href":"https:\/\/kidsplay.lt\/lv\/wp-json\/wp\/v2\/types\/product"}],"version-history":[{"count":4,"href":"https:\/\/kidsplay.lt\/lv\/wp-json\/wp\/v2\/product\/61859\/revisions"}],"predecessor-version":[{"id":74386,"href":"https:\/\/kidsplay.lt\/lv\/wp-json\/wp\/v2\/product\/61859\/revisions\/74386"}],"wp:featuredmedia":[{"embeddable":true,"href":"https:\/\/kidsplay.lt\/lv\/wp-json\/wp\/v2\/media\/61860"}],"wp:attachment":[{"href":"https:\/\/kidsplay.lt\/lv\/wp-json\/wp\/v2\/media?parent=61859"}],"wp:term":[{"taxonomy":"product_brand","embeddable":true,"href":"https:\/\/kidsplay.lt\/lv\/wp-json\/wp\/v2\/product_brand?post=61859"},{"taxonomy":"product_cat","embeddable":true,"href":"https:\/\/kidsplay.lt\/lv\/wp-json\/wp\/v2\/product_cat?post=61859"},{"taxonomy":"product_tag","embeddable":true,"href":"https:\/\/kidsplay.lt\/lv\/wp-json\/wp\/v2\/product_tag?post=61859"}],"curies":[{"name":"wp","href":"https:\/\/api.w.org\/{rel}","templated":true}]}}