{"id":61867,"date":"2025-09-16T17:18:43","date_gmt":"2025-09-16T14:18:43","guid":{"rendered":"https:\/\/kidsplay.lt\/?post_type=product&#038;p=61867"},"modified":"2025-12-29T18:34:52","modified_gmt":"2025-12-29T16:34:52","slug":"dideli-statybiniai-blokai","status":"publish","type":"product","link":"https:\/\/kidsplay.lt\/lv\/products\/dideli-statybiniai-blokai\/","title":{"rendered":"Lieli celtniec\u012bbas bloki"},"content":{"rendered":"<div class=\"mpof_ki myre_zn myre_8v_l m389_6m_l\">\n<div class=\"mp4t_16_s mryx_16_s mr3m_1 mli2_1 mh85_56 mh85_0_l\">\n<div class=\"mgn2_16 _0d3bd_am0a-\">\n<p><b><span dir=\"auto\">STATYBINIAI BLOKAI<\/span><\/b><\/p>\n<p><span dir=\"auto\">Kalad\u0117li\u0173 rinkinys \u201eBRICKS\u201c, sudarytas i\u0161 33 element\u0173.<\/span><\/p>\n<p><span dir=\"auto\">Viso bloko matmenys: 31 x 15,5 x 9,5 cm<\/span><\/p>\n<p><span dir=\"auto\">Pus\u0117s plytos matmenys: 15,5 x 15,5 x 9,5 cm<\/span><\/p>\n<p><span dir=\"auto\">Lygaus bloko matmenys: 31 x 15,5 x 8 cm<\/span><\/p>\n<\/div>\n<\/div>\n<\/div>\n<div class=\"mpof_ki myre_zn myre_8v_l m389_6m_l\">\n<div class=\"mp4t_16_s mryx_16_s mr3m_1 mli2_1 mh85_56 mh85_0_l\">\n<div class=\"mg9e_8 mj7a_8 mg9e_0_s mvrt_0_s mj7a_0_s mh36_0_s mzmg_6m munh_16_l m3h2_16_l\">\n<div class=\"mp4t_0 mryx_0 munh_56 m3h2_56\">\n<div class=\"mp7g_oh\"><button class=\"mg9e_0 mvrt_0 mj7a_0 mh36_0 mp4t_0 m3h2_0 mryx_0 munh_0 mqen_m6 mpof_z0 mx7m_0 m7er_k4 mse2_k4 msts_pt\" data-analytics-interaction=\"true\" data-analytics-interaction-label=\"zoomable-image-open\" aria-disabled=\"true\"><img decoding=\"async\" class=\"msub_k4 mupj_5k mjru_k4 mse2_k4 mp7g_f6 mq1m_0 mj7u_0 m7er_k4 mqen_m6 m31c_d8 m0ux_fp lazyloaded\" src=\"https:\/\/4.allegroimg.com\/original\/03fde5\/6a972f7646508563745ed4f2e264\/BUILDING-BLOCKS-BRICS-THE-BIGGEST-BLOCKS-allegro-EAN-GTIN-5903033901304\" sizes=\"(min-width: 1200px) 560px, (min-width: 992px) 50vw, 100vw\" srcset=\"https:\/\/4.allegroimg.com\/s360\/03fde5\/6a972f7646508563745ed4f2e264\/BUILDING-BLOCKS-BRICS-THE-BIGGEST-BLOCKS-allegro-EAN-GTIN-5903033901304 360w,https:\/\/4.allegroimg.com\/s720\/03fde5\/6a972f7646508563745ed4f2e264\/BUILDING-BLOCKS-BRICS-THE-BIGGEST-BLOCKS-allegro-EAN-GTIN-5903033901304 720w,https:\/\/4.allegroimg.com\/s1024\/03fde5\/6a972f7646508563745ed4f2e264\/BUILDING-BLOCKS-BRICS-THE-BIGGEST-BLOCKS-allegro-EAN-GTIN-5903033901304 1024w,https:\/\/4.allegroimg.com\/s1440\/03fde5\/6a972f7646508563745ed4f2e264\/BUILDING-BLOCKS-BRICS-THE-BIGGEST-BLOCKS-allegro-EAN-GTIN-5903033901304 1109w,https:\/\/4.allegroimg.com\/original\/03fde5\/6a972f7646508563745ed4f2e264\/BUILDING-BLOCKS-BRICS-THE-BIGGEST-BLOCKS-allegro-EAN-GTIN-5903033901304 1109w\" alt=\"STATYBINIAI BRICS BLOKALAI DID\u017dIAUSI BLOKALAI allegro! EAN (GTIN) 5903033901304\" width=\"1109px\" data-srcset=\"\" \/><\/button><\/div>\n<\/div>\n<\/div>\n<\/div>\n<div class=\"mp4t_16_s mryx_16_s mr3m_1 mli2_1 mh85_56 mh85_0_l\">\n<div class=\"mg9e_8 mj7a_8 mg9e_0_s mvrt_0_s mj7a_0_s mh36_0_s mzmg_6m munh_16_l m3h2_16_l\">\n<div class=\"mp4t_0 mryx_0 munh_56 m3h2_56\">\n<div class=\"mp7g_oh\"><button class=\"mg9e_0 mvrt_0 mj7a_0 mh36_0 mp4t_0 m3h2_0 mryx_0 munh_0 mqen_m6 mpof_z0 mx7m_0 m7er_k4 mse2_k4 msts_pt\" data-analytics-interaction=\"true\" data-analytics-interaction-label=\"zoomable-image-open\" aria-disabled=\"true\"><img decoding=\"async\" class=\"msub_k4 mupj_5k mjru_k4 mse2_k4 mp7g_f6 mq1m_0 mj7u_0 m7er_k4 mqen_m6 m31c_d8 m0ux_fp lazyloaded\" src=\"https:\/\/e.allegroimg.com\/original\/036eba\/98c285b545ac92dd61be1646b0ce\/BUILDING-BLOCKS-BRICS-THE-BIGGEST-BLOCKS-allegro-Manufacturer-code-5906737901304\" sizes=\"(min-width: 1200px) 560px, (min-width: 992px) 50vw, 100vw\" srcset=\"https:\/\/e.allegroimg.com\/s360\/036eba\/98c285b545ac92dd61be1646b0ce\/BUILDING-BLOCKS-BRICS-THE-BIGGEST-BLOCKS-allegro-Manufacturer-code-5906737901304 360w,https:\/\/e.allegroimg.com\/s720\/036eba\/98c285b545ac92dd61be1646b0ce\/BUILDING-BLOCKS-BRICS-THE-BIGGEST-BLOCKS-allegro-Manufacturer-code-5906737901304 720w,https:\/\/e.allegroimg.com\/s1024\/036eba\/98c285b545ac92dd61be1646b0ce\/BUILDING-BLOCKS-BRICS-THE-BIGGEST-BLOCKS-allegro-Manufacturer-code-5906737901304 1024w,https:\/\/e.allegroimg.com\/s1440\/036eba\/98c285b545ac92dd61be1646b0ce\/BUILDING-BLOCKS-BRICS-THE-BIGGEST-BLOCKS-allegro-Manufacturer-code-5906737901304 1109w,https:\/\/e.allegroimg.com\/original\/036eba\/98c285b545ac92dd61be1646b0ce\/BUILDING-BLOCKS-BRICS-THE-BIGGEST-BLOCKS-allegro-Manufacturer-code-5906737901304 1109w\" alt=\"STATYBINIAI BRICS KALAD\u0116LIAI DID\u017dIAUSI KALAD\u0116LIAI allegro! Gamintojo kodas 5906737901304\" width=\"1109px\" data-srcset=\"\" \/><\/button><\/div>\n<\/div>\n<\/div>\n<\/div>\n<\/div>\n<div class=\"mpof_ki myre_zn myre_8v_l m389_6m_l\">\n<div class=\"mp4t_16_s mryx_16_s mr3m_1 mli2_1 mh85_56 mh85_0_l\">\n<div class=\"mg9e_8 mj7a_8 mg9e_0_s mvrt_0_s mj7a_0_s mh36_0_s mzmg_6m munh_16_l m3h2_16_l\">\n<div class=\"mp4t_0 mryx_0 munh_56 m3h2_56\">\n<div class=\"mp7g_oh\"><button class=\"mg9e_0 mvrt_0 mj7a_0 mh36_0 mp4t_0 m3h2_0 mryx_0 munh_0 mqen_m6 mpof_z0 mx7m_0 m7er_k4 mse2_k4 msts_pt\" data-analytics-interaction=\"true\" data-analytics-interaction-label=\"zoomable-image-open\" aria-disabled=\"true\"><img decoding=\"async\" class=\"msub_k4 mupj_5k mjru_k4 mse2_k4 mp7g_f6 mq1m_0 mj7u_0 m7er_k4 mqen_m6 m31c_d8 m0ux_fp lazyloaded\" src=\"https:\/\/d.allegroimg.com\/original\/03cf8d\/2e87384f47a8ac33c91517366c0d\/BUILDING-BLOCKS-BRICS-THE-BIGGEST-BLOCKS-allegro-Kind-set\" sizes=\"(min-width: 1200px) 560px, (min-width: 992px) 50vw, 100vw\" srcset=\"https:\/\/d.allegroimg.com\/s360\/03cf8d\/2e87384f47a8ac33c91517366c0d\/BUILDING-BLOCKS-BRICS-THE-BIGGEST-BLOCKS-allegro-Kind-set 360w,https:\/\/d.allegroimg.com\/s720\/03cf8d\/2e87384f47a8ac33c91517366c0d\/BUILDING-BLOCKS-BRICS-THE-BIGGEST-BLOCKS-allegro-Kind-set 720w,https:\/\/d.allegroimg.com\/s1024\/03cf8d\/2e87384f47a8ac33c91517366c0d\/BUILDING-BLOCKS-BRICS-THE-BIGGEST-BLOCKS-allegro-Kind-set 1024w,https:\/\/d.allegroimg.com\/s1440\/03cf8d\/2e87384f47a8ac33c91517366c0d\/BUILDING-BLOCKS-BRICS-THE-BIGGEST-BLOCKS-allegro-Kind-set 1440w,https:\/\/d.allegroimg.com\/original\/03cf8d\/2e87384f47a8ac33c91517366c0d\/BUILDING-BLOCKS-BRICS-THE-BIGGEST-BLOCKS-allegro-Kind-set 2142w\" alt=\"STATYBINIAI BRICS BLOKALAI DID\u017dIAUSI BLOKALAI allegro! Kind rinkinys\" width=\"2142px\" data-srcset=\"\" \/><\/button><\/div>\n<\/div>\n<\/div>\n<\/div>\n<div class=\"mp4t_16_s mryx_16_s mr3m_1 mli2_1 mh85_56 mh85_0_l\">\n<div class=\"mg9e_8 mj7a_8 mg9e_0_s mvrt_0_s mj7a_0_s mh36_0_s mzmg_6m munh_16_l m3h2_16_l\">\n<div class=\"mp4t_0 mryx_0 munh_56 m3h2_56\">\n<div class=\"mp7g_oh\"><button class=\"mg9e_0 mvrt_0 mj7a_0 mh36_0 mp4t_0 m3h2_0 mryx_0 munh_0 mqen_m6 mpof_z0 mx7m_0 m7er_k4 mse2_k4 msts_pt\" data-analytics-interaction=\"true\" data-analytics-interaction-label=\"zoomable-image-open\" aria-disabled=\"true\"><img decoding=\"async\" class=\"msub_k4 mupj_5k mjru_k4 mse2_k4 mp7g_f6 mq1m_0 mj7u_0 m7er_k4 mqen_m6 m31c_d8 m0ux_fp lazyloaded\" src=\"https:\/\/8.allegroimg.com\/original\/037818\/2239c35d47778bc759aa0a1a2488\/BUILDING-BLOCKS-BRICS-THE-BIGGEST-BLOCKS-allegro-Number-of-pieces-33\" sizes=\"(min-width: 1200px) 560px, (min-width: 992px) 50vw, 100vw\" srcset=\"https:\/\/8.allegroimg.com\/s360\/037818\/2239c35d47778bc759aa0a1a2488\/BUILDING-BLOCKS-BRICS-THE-BIGGEST-BLOCKS-allegro-Number-of-pieces-33 360w,https:\/\/8.allegroimg.com\/s720\/037818\/2239c35d47778bc759aa0a1a2488\/BUILDING-BLOCKS-BRICS-THE-BIGGEST-BLOCKS-allegro-Number-of-pieces-33 720w,https:\/\/8.allegroimg.com\/s1024\/037818\/2239c35d47778bc759aa0a1a2488\/BUILDING-BLOCKS-BRICS-THE-BIGGEST-BLOCKS-allegro-Number-of-pieces-33 1024w,https:\/\/8.allegroimg.com\/s1440\/037818\/2239c35d47778bc759aa0a1a2488\/BUILDING-BLOCKS-BRICS-THE-BIGGEST-BLOCKS-allegro-Number-of-pieces-33 1109w,https:\/\/8.allegroimg.com\/original\/037818\/2239c35d47778bc759aa0a1a2488\/BUILDING-BLOCKS-BRICS-THE-BIGGEST-BLOCKS-allegro-Number-of-pieces-33 1109w\" alt=\"STATYBINIAI BRICS KALAD\u0116LIAI DID\u017dIAUSI KALAD\u0116LIAI allegro! Detali\u0173 skai\u010dius 33\" width=\"1109px\" data-srcset=\"\" \/><\/button><\/div>\n<\/div>\n<\/div>\n<\/div>\n<\/div>\n<div class=\"mpof_ki myre_zn myre_8v_l m389_6m_l\">\n<div class=\"mp4t_16_s mryx_16_s mr3m_1 mli2_1 mh85_56 mh85_0_l\">\n<div class=\"mg9e_8 mj7a_8 mg9e_0_s mvrt_0_s mj7a_0_s mh36_0_s mzmg_6m munh_16_l m3h2_16_l\">\n<div class=\"mp4t_0 mryx_0 munh_56 m3h2_56\">\n<div class=\"mp7g_oh\"><button class=\"mg9e_0 mvrt_0 mj7a_0 mh36_0 mp4t_0 m3h2_0 mryx_0 munh_0 mqen_m6 mpof_z0 mx7m_0 m7er_k4 mse2_k4 msts_pt\" data-analytics-interaction=\"true\" data-analytics-interaction-label=\"zoomable-image-open\" aria-disabled=\"true\"><img decoding=\"async\" class=\"msub_k4 mupj_5k mjru_k4 mse2_k4 mp7g_f6 mq1m_0 mj7u_0 m7er_k4 mqen_m6 m31c_d8 m0ux_fp lazyloaded\" src=\"https:\/\/e.allegroimg.com\/original\/039d82\/ff6e0e4a42ed94729b5928d15b2e\/BUILDING-BLOCKS-BRICS-THE-BIGGEST-BLOCKS-allegro-Brand-Marioinex\" sizes=\"(min-width: 1200px) 560px, (min-width: 992px) 50vw, 100vw\" srcset=\"https:\/\/e.allegroimg.com\/s360\/039d82\/ff6e0e4a42ed94729b5928d15b2e\/BUILDING-BLOCKS-BRICS-THE-BIGGEST-BLOCKS-allegro-Brand-Marioinex 360w,https:\/\/e.allegroimg.com\/s720\/039d82\/ff6e0e4a42ed94729b5928d15b2e\/BUILDING-BLOCKS-BRICS-THE-BIGGEST-BLOCKS-allegro-Brand-Marioinex 720w,https:\/\/e.allegroimg.com\/s1024\/039d82\/ff6e0e4a42ed94729b5928d15b2e\/BUILDING-BLOCKS-BRICS-THE-BIGGEST-BLOCKS-allegro-Brand-Marioinex 1024w,https:\/\/e.allegroimg.com\/s1440\/039d82\/ff6e0e4a42ed94729b5928d15b2e\/BUILDING-BLOCKS-BRICS-THE-BIGGEST-BLOCKS-allegro-Brand-Marioinex 1109w,https:\/\/e.allegroimg.com\/original\/039d82\/ff6e0e4a42ed94729b5928d15b2e\/BUILDING-BLOCKS-BRICS-THE-BIGGEST-BLOCKS-allegro-Brand-Marioinex 1109w\" alt=\"STATYBINIAI BRICS BLOKALAI DID\u017dIAUSI BLOKALAI allegro! Prek\u0117s \u017eenklas Marioinex\" width=\"1109px\" data-srcset=\"\" \/><\/button><\/div>\n<\/div>\n<\/div>\n<\/div>\n<div class=\"mp4t_16_s mryx_16_s mr3m_1 mli2_1 mh85_56 mh85_0_l\">\n<div class=\"mg9e_8 mj7a_8 mg9e_0_s mvrt_0_s mj7a_0_s mh36_0_s mzmg_6m munh_16_l m3h2_16_l\">\n<div class=\"mp4t_0 mryx_0 munh_56 m3h2_56\">\n<div class=\"mp7g_oh\"><button class=\"mg9e_0 mvrt_0 mj7a_0 mh36_0 mp4t_0 m3h2_0 mryx_0 munh_0 mqen_m6 mpof_z0 mx7m_0 m7er_k4 mse2_k4 msts_pt\" data-analytics-interaction=\"true\" data-analytics-interaction-label=\"zoomable-image-open\" aria-disabled=\"true\"><img decoding=\"async\" class=\"msub_k4 mupj_5k mjru_k4 mse2_k4 mp7g_f6 mq1m_0 mj7u_0 m7er_k4 mqen_m6 m31c_d8 m0ux_fp lazyloaded\" src=\"https:\/\/5.allegroimg.com\/original\/0347fe\/a37a8d0f454a8841e5faa9858ea5\/BUILDING-BLOCKS-BRICS-THE-BIGGEST-BLOCKS-allegro-Minimum-kid-s-age-2\" sizes=\"(min-width: 1200px) 560px, (min-width: 992px) 50vw, 100vw\" srcset=\"https:\/\/5.allegroimg.com\/s360\/0347fe\/a37a8d0f454a8841e5faa9858ea5\/BUILDING-BLOCKS-BRICS-THE-BIGGEST-BLOCKS-allegro-Minimum-kid-s-age-2 262w,https:\/\/5.allegroimg.com\/s720\/0347fe\/a37a8d0f454a8841e5faa9858ea5\/BUILDING-BLOCKS-BRICS-THE-BIGGEST-BLOCKS-allegro-Minimum-kid-s-age-2 524w,https:\/\/5.allegroimg.com\/s1024\/0347fe\/a37a8d0f454a8841e5faa9858ea5\/BUILDING-BLOCKS-BRICS-THE-BIGGEST-BLOCKS-allegro-Minimum-kid-s-age-2 746w,https:\/\/5.allegroimg.com\/s1440\/0347fe\/a37a8d0f454a8841e5faa9858ea5\/BUILDING-BLOCKS-BRICS-THE-BIGGEST-BLOCKS-allegro-Minimum-kid-s-age-2 800w,https:\/\/5.allegroimg.com\/original\/0347fe\/a37a8d0f454a8841e5faa9858ea5\/BUILDING-BLOCKS-BRICS-THE-BIGGEST-BLOCKS-allegro-Minimum-kid-s-age-2 800w\" alt=\"STATYBIN\u0116S KALAD\u0116L\u0116S BRICS DID\u017dIAUSIOS KALAD\u0116L\u0116S allegro! Vaikams nuo 2 met\u0173\" width=\"800px\" data-srcset=\"\" \/><\/button><\/div>\n<\/div>\n<\/div>\n<\/div>\n<\/div>","protected":false},"excerpt":{"rendered":"<p>Lieli celtniec\u012bbas bloki<\/p>","protected":false},"featured_media":61868,"template":"","meta":{"_acf_changed":false,"_glsr_average":0,"_glsr_ranking":0,"_glsr_reviews":0},"product_brand":[],"product_cat":[673,229],"product_tag":[],"class_list":{"0":"post-61867","1":"product","2":"type-product","3":"status-publish","4":"has-post-thumbnail","6":"product_cat-ugdomosios-priemones","7":"product_cat-zaislai-vaikams","8":"\"style=\"background-color: #2ecc711c;\"","10":"first","11":"instock","12":"shipping-taxable","13":"purchasable","14":"product-type-simple"},"acf":[],"yoast_head":"<!-- This site is optimized with the Yoast SEO plugin v27.4 - https:\/\/yoast.com\/product\/yoast-seo-wordpress\/ -->\n<title>Dideli statybiniai blokai - KidsPlay<\/title>\n<meta name=\"description\" content=\"Dideli statybiniai blokai\" \/>\n<meta name=\"robots\" content=\"index, follow, max-snippet:-1, max-image-preview:large, max-video-preview:-1\" \/>\n<link rel=\"canonical\" href=\"https:\/\/kidsplay.lt\/lv\/products\/dideli-statybiniai-blokai\/\" \/>\n<meta property=\"og:locale\" content=\"lv_LV\" \/>\n<meta property=\"og:type\" content=\"article\" \/>\n<meta property=\"og:title\" content=\"Dideli statybiniai blokai - KidsPlay\" \/>\n<meta property=\"og:description\" content=\"Dideli statybiniai blokai\" \/>\n<meta property=\"og:url\" content=\"https:\/\/kidsplay.lt\/lv\/products\/dideli-statybiniai-blokai\/\" \/>\n<meta property=\"og:site_name\" content=\"KidsPlay\" \/>\n<meta property=\"article:publisher\" content=\"https:\/\/www.facebook.com\/www.kidsplay.lt\" \/>\n<meta property=\"article:modified_time\" content=\"2025-12-29T16:34:52+00:00\" \/>\n<meta property=\"og:image\" content=\"https:\/\/kidsplay.lt\/wp-content\/uploads\/2025\/09\/Screenshot_152.png\" \/>\n\t<meta property=\"og:image:width\" content=\"1230\" \/>\n\t<meta property=\"og:image:height\" content=\"855\" \/>\n\t<meta property=\"og:image:type\" content=\"image\/png\" \/>\n<meta name=\"twitter:card\" content=\"summary_large_image\" \/>\n<meta name=\"twitter:label1\" content=\"Est. reading time\" \/>\n\t<meta name=\"twitter:data1\" content=\"2 min\u016btes\" \/>\n<script type=\"application\/ld+json\" class=\"yoast-schema-graph\">{\"@context\":\"https:\\\/\\\/schema.org\",\"@graph\":[{\"@type\":\"WebPage\",\"@id\":\"https:\\\/\\\/kidsplay.lt\\\/produktas\\\/dideli-statybiniai-blokai\\\/\",\"url\":\"https:\\\/\\\/kidsplay.lt\\\/produktas\\\/dideli-statybiniai-blokai\\\/\",\"name\":\"Dideli statybiniai blokai - KidsPlay\",\"isPartOf\":{\"@id\":\"https:\\\/\\\/kidsplay.lt\\\/#website\"},\"primaryImageOfPage\":{\"@id\":\"https:\\\/\\\/kidsplay.lt\\\/produktas\\\/dideli-statybiniai-blokai\\\/#primaryimage\"},\"image\":{\"@id\":\"https:\\\/\\\/kidsplay.lt\\\/produktas\\\/dideli-statybiniai-blokai\\\/#primaryimage\"},\"thumbnailUrl\":\"https:\\\/\\\/kidsplay.lt\\\/wp-content\\\/uploads\\\/2025\\\/09\\\/Screenshot_152.png\",\"datePublished\":\"2025-09-16T14:18:43+00:00\",\"dateModified\":\"2025-12-29T16:34:52+00:00\",\"description\":\"Dideli statybiniai blokai\",\"breadcrumb\":{\"@id\":\"https:\\\/\\\/kidsplay.lt\\\/produktas\\\/dideli-statybiniai-blokai\\\/#breadcrumb\"},\"inLanguage\":\"lv-LV\",\"potentialAction\":[{\"@type\":\"ReadAction\",\"target\":[\"https:\\\/\\\/kidsplay.lt\\\/produktas\\\/dideli-statybiniai-blokai\\\/\"]}]},{\"@type\":\"ImageObject\",\"inLanguage\":\"lv-LV\",\"@id\":\"https:\\\/\\\/kidsplay.lt\\\/produktas\\\/dideli-statybiniai-blokai\\\/#primaryimage\",\"url\":\"https:\\\/\\\/kidsplay.lt\\\/wp-content\\\/uploads\\\/2025\\\/09\\\/Screenshot_152.png\",\"contentUrl\":\"https:\\\/\\\/kidsplay.lt\\\/wp-content\\\/uploads\\\/2025\\\/09\\\/Screenshot_152.png\",\"width\":1230,\"height\":855},{\"@type\":\"BreadcrumbList\",\"@id\":\"https:\\\/\\\/kidsplay.lt\\\/produktas\\\/dideli-statybiniai-blokai\\\/#breadcrumb\",\"itemListElement\":[{\"@type\":\"ListItem\",\"position\":1,\"name\":\"Pagrindinis\",\"item\":\"https:\\\/\\\/kidsplay.lt\\\/\"},{\"@type\":\"ListItem\",\"position\":2,\"name\":\"Parduotuv\u0117\",\"item\":\"https:\\\/\\\/kidsplay.lt\\\/parduotuve\\\/\"},{\"@type\":\"ListItem\",\"position\":3,\"name\":\"Dideli statybiniai blokai\"}]},{\"@type\":\"WebSite\",\"@id\":\"https:\\\/\\\/kidsplay.lt\\\/#website\",\"url\":\"https:\\\/\\\/kidsplay.lt\\\/\",\"name\":\"Kidsplay.lt\",\"description\":\"\u012evairios prek\u0117s vaikams\",\"publisher\":{\"@id\":\"https:\\\/\\\/kidsplay.lt\\\/#organization\"},\"alternateName\":\"Kidsplay\",\"potentialAction\":[{\"@type\":\"SearchAction\",\"target\":{\"@type\":\"EntryPoint\",\"urlTemplate\":\"https:\\\/\\\/kidsplay.lt\\\/?s={search_term_string}\"},\"query-input\":{\"@type\":\"PropertyValueSpecification\",\"valueRequired\":true,\"valueName\":\"search_term_string\"}}],\"inLanguage\":\"lv-LV\"},{\"@type\":\"Organization\",\"@id\":\"https:\\\/\\\/kidsplay.lt\\\/#organization\",\"name\":\"KidsPlay\",\"url\":\"https:\\\/\\\/kidsplay.lt\\\/\",\"logo\":{\"@type\":\"ImageObject\",\"inLanguage\":\"lv-LV\",\"@id\":\"https:\\\/\\\/kidsplay.lt\\\/#\\\/schema\\\/logo\\\/image\\\/\",\"url\":\"https:\\\/\\\/kidsplay.lt\\\/wp-content\\\/uploads\\\/2023\\\/07\\\/kidsplay-logo.png\",\"contentUrl\":\"https:\\\/\\\/kidsplay.lt\\\/wp-content\\\/uploads\\\/2023\\\/07\\\/kidsplay-logo.png\",\"width\":451,\"height\":98,\"caption\":\"KidsPlay\"},\"image\":{\"@id\":\"https:\\\/\\\/kidsplay.lt\\\/#\\\/schema\\\/logo\\\/image\\\/\"},\"sameAs\":[\"https:\\\/\\\/www.facebook.com\\\/www.kidsplay.lt\"]}]}<\/script>\n<!-- \/ Yoast SEO plugin. -->","yoast_head_json":{"title":"Dideli statybiniai blokai - KidsPlay","description":"Lieli celtniec\u012bbas bloki","robots":{"index":"index","follow":"follow","max-snippet":"max-snippet:-1","max-image-preview":"max-image-preview:large","max-video-preview":"max-video-preview:-1"},"canonical":"https:\/\/kidsplay.lt\/lv\/products\/dideli-statybiniai-blokai\/","og_locale":"lv_LV","og_type":"article","og_title":"Dideli statybiniai blokai - KidsPlay","og_description":"Dideli statybiniai blokai","og_url":"https:\/\/kidsplay.lt\/lv\/products\/dideli-statybiniai-blokai\/","og_site_name":"KidsPlay","article_publisher":"https:\/\/www.facebook.com\/www.kidsplay.lt","article_modified_time":"2025-12-29T16:34:52+00:00","og_image":[{"width":1230,"height":855,"url":"https:\/\/kidsplay.lt\/wp-content\/uploads\/2025\/09\/Screenshot_152.png","type":"image\/png"}],"twitter_card":"summary_large_image","twitter_misc":{"Est. reading time":"2 min\u016btes"},"schema":{"@context":"https:\/\/schema.org","@graph":[{"@type":"WebPage","@id":"https:\/\/kidsplay.lt\/produktas\/dideli-statybiniai-blokai\/","url":"https:\/\/kidsplay.lt\/produktas\/dideli-statybiniai-blokai\/","name":"Dideli statybiniai blokai - KidsPlay","isPartOf":{"@id":"https:\/\/kidsplay.lt\/#website"},"primaryImageOfPage":{"@id":"https:\/\/kidsplay.lt\/produktas\/dideli-statybiniai-blokai\/#primaryimage"},"image":{"@id":"https:\/\/kidsplay.lt\/produktas\/dideli-statybiniai-blokai\/#primaryimage"},"thumbnailUrl":"https:\/\/kidsplay.lt\/wp-content\/uploads\/2025\/09\/Screenshot_152.png","datePublished":"2025-09-16T14:18:43+00:00","dateModified":"2025-12-29T16:34:52+00:00","description":"Lieli celtniec\u012bbas bloki","breadcrumb":{"@id":"https:\/\/kidsplay.lt\/produktas\/dideli-statybiniai-blokai\/#breadcrumb"},"inLanguage":"lv-LV","potentialAction":[{"@type":"ReadAction","target":["https:\/\/kidsplay.lt\/produktas\/dideli-statybiniai-blokai\/"]}]},{"@type":"ImageObject","inLanguage":"lv-LV","@id":"https:\/\/kidsplay.lt\/produktas\/dideli-statybiniai-blokai\/#primaryimage","url":"https:\/\/kidsplay.lt\/wp-content\/uploads\/2025\/09\/Screenshot_152.png","contentUrl":"https:\/\/kidsplay.lt\/wp-content\/uploads\/2025\/09\/Screenshot_152.png","width":1230,"height":855},{"@type":"BreadcrumbList","@id":"https:\/\/kidsplay.lt\/produktas\/dideli-statybiniai-blokai\/#breadcrumb","itemListElement":[{"@type":"ListItem","position":1,"name":"Pagrindinis","item":"https:\/\/kidsplay.lt\/"},{"@type":"ListItem","position":2,"name":"Parduotuv\u0117","item":"https:\/\/kidsplay.lt\/parduotuve\/"},{"@type":"ListItem","position":3,"name":"Dideli statybiniai blokai"}]},{"@type":"WebSite","@id":"https:\/\/kidsplay.lt\/#website","url":"https:\/\/kidsplay.lt\/","name":"B\u0113rnu sp\u0113les.lv","description":"\u012evairios prek\u0117s vaikams","publisher":{"@id":"https:\/\/kidsplay.lt\/#organization"},"alternateName":"Kidsplay","potentialAction":[{"@type":"SearchAction","target":{"@type":"EntryPoint","urlTemplate":"https:\/\/kidsplay.lt\/?s={search_term_string}"},"query-input":{"@type":"PropertyValueSpecification","valueRequired":true,"valueName":"search_term_string"}}],"inLanguage":"lv-LV"},{"@type":"Organization","@id":"https:\/\/kidsplay.lt\/#organization","name":"B\u0113rnu sp\u0113le","url":"https:\/\/kidsplay.lt\/","logo":{"@type":"ImageObject","inLanguage":"lv-LV","@id":"https:\/\/kidsplay.lt\/#\/schema\/logo\/image\/","url":"https:\/\/kidsplay.lt\/wp-content\/uploads\/2023\/07\/kidsplay-logo.png","contentUrl":"https:\/\/kidsplay.lt\/wp-content\/uploads\/2023\/07\/kidsplay-logo.png","width":451,"height":98,"caption":"KidsPlay"},"image":{"@id":"https:\/\/kidsplay.lt\/#\/schema\/logo\/image\/"},"sameAs":["https:\/\/www.facebook.com\/www.kidsplay.lt"]}]}},"_links":{"self":[{"href":"https:\/\/kidsplay.lt\/lv\/wp-json\/wp\/v2\/product\/61867","targetHints":{"allow":["GET"]}}],"collection":[{"href":"https:\/\/kidsplay.lt\/lv\/wp-json\/wp\/v2\/product"}],"about":[{"href":"https:\/\/kidsplay.lt\/lv\/wp-json\/wp\/v2\/types\/product"}],"version-history":[{"count":5,"href":"https:\/\/kidsplay.lt\/lv\/wp-json\/wp\/v2\/product\/61867\/revisions"}],"predecessor-version":[{"id":81357,"href":"https:\/\/kidsplay.lt\/lv\/wp-json\/wp\/v2\/product\/61867\/revisions\/81357"}],"wp:featuredmedia":[{"embeddable":true,"href":"https:\/\/kidsplay.lt\/lv\/wp-json\/wp\/v2\/media\/61868"}],"wp:attachment":[{"href":"https:\/\/kidsplay.lt\/lv\/wp-json\/wp\/v2\/media?parent=61867"}],"wp:term":[{"taxonomy":"product_brand","embeddable":true,"href":"https:\/\/kidsplay.lt\/lv\/wp-json\/wp\/v2\/product_brand?post=61867"},{"taxonomy":"product_cat","embeddable":true,"href":"https:\/\/kidsplay.lt\/lv\/wp-json\/wp\/v2\/product_cat?post=61867"},{"taxonomy":"product_tag","embeddable":true,"href":"https:\/\/kidsplay.lt\/lv\/wp-json\/wp\/v2\/product_tag?post=61867"}],"curies":[{"name":"wp","href":"https:\/\/api.w.org\/{rel}","templated":true}]}}