{"id":63712,"date":"2025-09-21T18:54:26","date_gmt":"2025-09-21T15:54:26","guid":{"rendered":"https:\/\/kidsplay.lt\/?post_type=product&#038;p=63712"},"modified":"2025-12-29T18:38:24","modified_gmt":"2025-12-29T16:38:24","slug":"scootandride-vaziuojamasis-paspirtukas-2in1","status":"publish","type":"product","link":"https:\/\/kidsplay.lt\/lv\/products\/scootandride-vaziuojamasis-paspirtukas-2in1\/","title":{"rendered":"SCOOTANDRIDE 2in1 skrejritenis"},"content":{"rendered":"<div class=\"mpof_ki myre_zn myre_8v_l m389_6m_l\">\n<div class=\"mp4t_16_s mryx_16_s mr3m_1 mli2_1 mh85_56 mh85_0_l\">\n<div class=\"mgn2_16 _0d3bd_am0a-\">\n<h2><span dir=\"auto\">\u201eHighwaykick 1 2in1\u201c va\u017eiuojamasis paspirtukas ir paspirtukas, 1-5 met\u0173, ro\u017einis, SCOOTANDRIDE<\/span><\/h2>\n<\/div>\n<\/div>\n<\/div>\n<div class=\"mpof_ki myre_zn myre_8v_l m389_6m_l\">\n<div class=\"mp4t_16_s mryx_16_s mr3m_1 mli2_1 mh85_56 mh85_0_l\">\n<div class=\"mgn2_16 _0d3bd_am0a-\">\n<p><b><span dir=\"auto\">Highwaykick 1 Rose SCOOTANDRIDE<\/span><\/b><\/p>\n<p><span dir=\"auto\">\u201eHighwaykick 1\u201c \u2013 tai novatori\u0161kas paspirtukas su s\u0117dyne i\u0161 Austrijos prek\u0117s \u017eenklo \u201eSCOOT&amp;RIDE\u201c. Tai puikus sprendimas aktyviems vaikams, kuris \u201eauga\u201c kartu su jais.<\/span><\/p>\n<p><span dir=\"auto\">K\u0117dut\u0117s auk\u0161tis reguliuojamas, o \u017eemiausia jos pad\u0117tis pritaikyta prie pirmuosius \u017eingsnius \u017eengian\u010di\u0173 k\u016bdiki\u0173 \u016bgio ir yra 22,5 cm.<\/span><\/p>\n<p><span dir=\"auto\">Be \u012franki\u0173, vienu mygtuko paspaudimu, per kelias sekundes galite paversti transporto priemon\u0119 trira\u010diu paspirtuku \u2013 s\u0117dyn\u0117 pasisuka ir tampa priekiniu r\u0117mu. Tiesiog pajudinkite vair\u0105 (tvirtinamas spragtel\u0117jimu) ir esate pasiruo\u0161\u0119 va\u017eiuoti!<\/span><\/p>\n<p><span dir=\"auto\">Paspirtukas yra puikiai subalansuotas ir stabilus, patogus ir i\u0161skirtinai saugus. Jame \u012frengta patentuota, revoliucin\u0117 saugos pagalv\u0117li\u0173 sistema \u2013 speciali plati pagalv\u0117l\u0117 priekin\u0117s dalies apa\u010dioje, kuri neleid\u017eia paspirtukui apvirsti ant nelygaus pavir\u0161iaus ar u\u017estrigti ratui. Jos pad\u0117t\u012f taip pat galima reguliuoti prireikus. \u201eScoot &amp; Ride Highwaykick\u201c taps j\u016bs\u0173 vaiko \u017eaidim\u0173 draugu ilgus metus.<\/span><\/p>\n<p><span dir=\"auto\">\u201eScoot &amp; Ride\u201c lavina vaikus pusiausvyros ir vikrumo, ugdo pasitik\u0117jim\u0105 savimi ir gerina motorinius \u012fg\u016bd\u017eius. Svarbiausia, kad tai puiki pramoga valand\u0173 valandas.<\/span><\/p>\n<\/div>\n<\/div>\n<div class=\"mp4t_16_s mryx_16_s mr3m_1 mli2_1 mh85_56 mh85_0_l\">\n<div class=\"mg9e_8 mj7a_8 mg9e_0_s mvrt_0_s mj7a_0_s mh36_0_s mzmg_6m munh_16_l m3h2_16_l\">\n<div class=\"mp4t_0 mryx_0 munh_56 m3h2_56\">\n<div class=\"mp7g_oh\"><button class=\"mg9e_0 mvrt_0 mj7a_0 mh36_0 mp4t_0 m3h2_0 mryx_0 munh_0 mqen_m6 mpof_z0 mx7m_0 m7er_k4 mse2_k4 msts_pt\" data-analytics-interaction=\"true\" data-analytics-interaction-label=\"zoomable-image-open\" aria-disabled=\"true\"><img decoding=\"async\" class=\"msub_k4 mupj_5k mjru_k4 mse2_k4 mp7g_f6 mq1m_0 mj7u_0 m7er_k4 mqen_m6 m31c_d8 m0ux_fp lazyloaded\" src=\"https:\/\/a.allegroimg.com\/original\/11c362\/3342a38b435e9e3058c5f50b5102\/SCOOTANDRIDE-Highwaykick-1-Jezdzik-i-hulajnoga-2w1-ROSE-1-5-lat\" sizes=\"(min-width: 1200px) 560px, (min-width: 992px) 50vw, 100vw\" srcset=\"https:\/\/a.allegroimg.com\/s360\/11c362\/3342a38b435e9e3058c5f50b5102\/SCOOTANDRIDE-Highwaykick-1-Jezdzik-i-hulajnoga-2w1-ROSE-1-5-lat 359w,https:\/\/a.allegroimg.com\/s720\/11c362\/3342a38b435e9e3058c5f50b5102\/SCOOTANDRIDE-Highwaykick-1-Jezdzik-i-hulajnoga-2w1-ROSE-1-5-lat 670w,https:\/\/a.allegroimg.com\/original\/11c362\/3342a38b435e9e3058c5f50b5102\/SCOOTANDRIDE-Highwaykick-1-Jezdzik-i-hulajnoga-2w1-ROSE-1-5-lat 670w\" alt=\"SCOOTANDRIDE Highwaykick 1 va\u017eiuojamasis paspirtukas 2 viename ROSE 1-5 met\u0173 vaikams\" width=\"670px\" data-srcset=\"\" \/><\/button><\/div>\n<\/div>\n<\/div>\n<\/div>\n<\/div>\n<div class=\"mpof_ki myre_zn myre_8v_l m389_6m_l\">\n<div class=\"mp4t_16_s mryx_16_s mr3m_1 mli2_1 mh85_56 mh85_0_l\">\n<div class=\"mg9e_8 mj7a_8 mg9e_0_s mvrt_0_s mj7a_0_s mh36_0_s mzmg_6m munh_16_l m3h2_16_l\">\n<div class=\"mp4t_0 mryx_0 munh_56 m3h2_56\">\n<div class=\"mp7g_oh\"><button class=\"mg9e_0 mvrt_0 mj7a_0 mh36_0 mp4t_0 m3h2_0 mryx_0 munh_0 mqen_m6 mpof_z0 mx7m_0 m7er_k4 mse2_k4 msts_pt\" data-analytics-interaction=\"true\" data-analytics-interaction-label=\"zoomable-image-open\" aria-disabled=\"true\"><img decoding=\"async\" class=\"msub_k4 mupj_5k mjru_k4 mse2_k4 mp7g_f6 mq1m_0 mj7u_0 m7er_k4 mqen_m6 m31c_d8 m0ux_fp lazyloaded\" src=\"https:\/\/a.allegroimg.com\/original\/11552a\/a945a3484518a7c196d254f974cd\/SCOOTANDRIDE-Highwaykick-1-Jezdzik-i-hulajnoga-2w1-ROSE-1-5-lat-Rodzaj-trojkolowa\" sizes=\"(min-width: 1200px) 560px, (min-width: 992px) 50vw, 100vw\" srcset=\"https:\/\/a.allegroimg.com\/s360\/11552a\/a945a3484518a7c196d254f974cd\/SCOOTANDRIDE-Highwaykick-1-Jezdzik-i-hulajnoga-2w1-ROSE-1-5-lat-Rodzaj-trojkolowa 240w,https:\/\/a.allegroimg.com\/s720\/11552a\/a945a3484518a7c196d254f974cd\/SCOOTANDRIDE-Highwaykick-1-Jezdzik-i-hulajnoga-2w1-ROSE-1-5-lat-Rodzaj-trojkolowa 480w,https:\/\/a.allegroimg.com\/s1024\/11552a\/a945a3484518a7c196d254f974cd\/SCOOTANDRIDE-Highwaykick-1-Jezdzik-i-hulajnoga-2w1-ROSE-1-5-lat-Rodzaj-trojkolowa 683w,https:\/\/a.allegroimg.com\/s1440\/11552a\/a945a3484518a7c196d254f974cd\/SCOOTANDRIDE-Highwaykick-1-Jezdzik-i-hulajnoga-2w1-ROSE-1-5-lat-Rodzaj-trojkolowa 961w,https:\/\/a.allegroimg.com\/original\/11552a\/a945a3484518a7c196d254f974cd\/SCOOTANDRIDE-Highwaykick-1-Jezdzik-i-hulajnoga-2w1-ROSE-1-5-lat-Rodzaj-trojkolowa 1000w\" alt=\"SCOOTANDRIDE Highwaykick 1 Vaiki\u0161kas paspirtukas 2 viename ROSE 1-5 met\u0173 Tipas: triratis\" width=\"1000px\" data-srcset=\"\" \/><\/button><\/div>\n<\/div>\n<\/div>\n<\/div>\n<div class=\"mp4t_16_s mryx_16_s mr3m_1 mli2_1 mh85_56 mh85_0_l\">\n<div class=\"mgn2_16 _0d3bd_am0a-\">\n<p><b><span dir=\"auto\">Pagrindin\u0117s \u201eScoot &amp; Ride Highwaykick 1\u201c savyb\u0117s:<\/span><\/b><\/p>\n<ul>\n<li><span dir=\"auto\">greito funkcij\u0173 keitimo mechanizmas nenaudojant \u012franki\u0173<\/span><\/li>\n<li><span dir=\"auto\">du priekiniai ratai, pagaminti i\u0161 labai patvarios, sm\u016bgius sugerian\u010dios med\u017eiagos, u\u017etikrinan\u010dios stabilum\u0105 ir vairavimo komfort\u0105<\/span><\/li>\n<li><span dir=\"auto\">galinis ratas su sparnu ir lengvai naudojamu stabd\u017eiu<\/span><\/li>\n<li><span dir=\"auto\">patogi, mink\u0161ta, profiliuota s\u0117dyn\u0117<\/span><\/li>\n<li><span dir=\"auto\">neslystanti platforma<\/span><\/li>\n<li><span dir=\"auto\">patogus vairo tvirtinimas<\/span><\/li>\n<li><span dir=\"auto\">plieninis vairo r\u0117mas ir patogios rankenos, kurios neleid\u017eia rankenoms slysti<\/span><\/li>\n<li><span dir=\"auto\">tvirta konstrukcija<\/span><\/li>\n<li><span dir=\"auto\">patvarus, ilgaam\u017eis polipropileno r\u0117mas<\/span><\/li>\n<li><span dir=\"auto\">saugos pagalv\u0117li\u0173 sistema<\/span><\/li>\n<li><span dir=\"auto\">n\u0117ra a\u0161tri\u0173 briaun\u0173 ir kamp\u0173, kurie b\u016bt\u0173 pavojingi vaikams<\/span><\/li>\n<li><span dir=\"auto\">ak\u012f traukiantis, stilingas dizainas, \u012fskaitant patvar\u0173 logotip\u0105 priekyje ir ratlankius su para\u0161u<\/span><\/li>\n<li><span dir=\"auto\">galima \u012fsigyti \u012fvairi\u0173 mading\u0173 spalv\u0173<\/span><\/li>\n<\/ul>\n<p><b><span dir=\"auto\">\u201eScoot &amp; Ride Highwaykick 1\u201c specifikacijos:<\/span><\/b><\/p>\n<ul>\n<li><span dir=\"auto\">Rekomenduojamas vaiko am\u017eius: 1\u20135 metai<\/span><\/li>\n<li><span dir=\"auto\">Rekomenduojamas vaiko \u016bgis: 82\u2013118 cm<\/span><\/li>\n<li><span dir=\"auto\">Maksimali apkrova: 20 kg s\u0117dynei ir 50 kg su protektoriumi<\/span><\/li>\n<li><span dir=\"auto\">produkto svoris: 2,8 kg<\/span><\/li>\n<li><span dir=\"auto\">vairo auk\u0161\u010dio reguliavimas: 57\u201364 cm<\/span><\/li>\n<li><span dir=\"auto\">s\u0117dyn\u0117s auk\u0161\u010dio reguliavimas: 22,5\u201329 cm<\/span><\/li>\n<li><span dir=\"auto\">med\u017eiaga: aliuminis ir plastikas<\/span><\/li>\n<\/ul>\n<p><span dir=\"auto\">\u201eScoot &amp; Ride Highwaykick 1\u201c buvo sukurtas laikantis grie\u017et\u0173 tarptautini\u0173 saugos ir kokyb\u0117s standart\u0173.<\/span><\/p>\n<p><span dir=\"auto\">Supakuota \u012f kartonin\u0119 d\u0117\u017eut\u0119, tod\u0117l puikiai tinka kaip dovana.<\/span><\/p>\n<p><span dir=\"auto\">\u201eScoot &amp; Ride\u201c visame pasaulyje vertina tiek vaikai, tiek t\u0117vai. Ji yra laim\u0117jusi daugyb\u0119 presti\u017eini\u0173 apdovanojim\u0173 Lenkijoje ir tarptautiniu mastu, pripa\u017e\u012fstant jos vaikams skirt\u0173 gamini\u0173 naudingum\u0105, inovatyvum\u0105 ir saugum\u0105.<\/span><\/p>\n<\/div>\n<\/div>\n<\/div>\n<div class=\"mpof_ki myre_zn myre_8v_l m389_6m_l\">\n<div class=\"mp4t_16_s mryx_16_s mr3m_1 mli2_1 mh85_56 mh85_0_l\">\n<div class=\"mg9e_8 mj7a_8 mg9e_0_s mvrt_0_s mj7a_0_s mh36_0_s mzmg_6m munh_16_l m3h2_16_l\">\n<div class=\"mp4t_0 mryx_0 munh_56 m3h2_56\">\n<div class=\"mp7g_oh\"><button class=\"mg9e_0 mvrt_0 mj7a_0 mh36_0 mp4t_0 m3h2_0 mryx_0 munh_0 mqen_m6 mpof_z0 mx7m_0 m7er_k4 mse2_k4 msts_pt\" data-analytics-interaction=\"true\" data-analytics-interaction-label=\"zoomable-image-open\" aria-disabled=\"true\"><img decoding=\"async\" class=\"msub_k4 mupj_5k mjru_k4 mse2_k4 mp7g_f6 mq1m_0 mj7u_0 m7er_k4 mqen_m6 m31c_d8 m0ux_fp lazyloaded\" src=\"https:\/\/a.allegroimg.com\/original\/11e1cf\/ade551354bddb930affe753d33fd\/SCOOTANDRIDE-Highwaykick-1-Jezdzik-i-hulajnoga-2w1-ROSE-1-5-lat-EAN-GTIN-4897033962704\" sizes=\"(min-width: 1200px) 560px, (min-width: 992px) 50vw, 100vw\" srcset=\"https:\/\/a.allegroimg.com\/s360\/11e1cf\/ade551354bddb930affe753d33fd\/SCOOTANDRIDE-Highwaykick-1-Jezdzik-i-hulajnoga-2w1-ROSE-1-5-lat-EAN-GTIN-4897033962704 360w,https:\/\/a.allegroimg.com\/s720\/11e1cf\/ade551354bddb930affe753d33fd\/SCOOTANDRIDE-Highwaykick-1-Jezdzik-i-hulajnoga-2w1-ROSE-1-5-lat-EAN-GTIN-4897033962704 720w,https:\/\/a.allegroimg.com\/s1024\/11e1cf\/ade551354bddb930affe753d33fd\/SCOOTANDRIDE-Highwaykick-1-Jezdzik-i-hulajnoga-2w1-ROSE-1-5-lat-EAN-GTIN-4897033962704 1000w,https:\/\/a.allegroimg.com\/original\/11e1cf\/ade551354bddb930affe753d33fd\/SCOOTANDRIDE-Highwaykick-1-Jezdzik-i-hulajnoga-2w1-ROSE-1-5-lat-EAN-GTIN-4897033962704 1000w\" alt=\"SCOOTANDRIDE Highwaykick 1 va\u017eiuojamasis paspirtukas 2in1 ROSE 1-5 met\u0173 EAN (GTIN) 4897033962704\" width=\"1000px\" data-srcset=\"\" \/><\/button><\/div>\n<\/div>\n<\/div>\n<\/div>\n<div class=\"mp4t_16_s mryx_16_s mr3m_1 mli2_1 mh85_56 mh85_0_l\">\n<div class=\"mg9e_8 mj7a_8 mg9e_0_s mvrt_0_s mj7a_0_s mh36_0_s mzmg_6m munh_16_l m3h2_16_l\">\n<div class=\"mp4t_0 mryx_0 munh_56 m3h2_56\">\n<div class=\"mp7g_oh\"><button class=\"mg9e_0 mvrt_0 mj7a_0 mh36_0 mp4t_0 m3h2_0 mryx_0 munh_0 mqen_m6 mpof_z0 mx7m_0 m7er_k4 mse2_k4 msts_pt\" data-analytics-interaction=\"true\" data-analytics-interaction-label=\"zoomable-image-open\" aria-disabled=\"true\"><img decoding=\"async\" class=\"msub_k4 mupj_5k mjru_k4 mse2_k4 mp7g_f6 mq1m_0 mj7u_0 m7er_k4 mqen_m6 m31c_d8 m0ux_fp lazyloaded\" src=\"https:\/\/a.allegroimg.com\/original\/1151ad\/d60fa8464f4cad61a6ff718808ac\/SCOOTANDRIDE-Highwaykick-1-Jezdzik-i-hulajnoga-2w1-ROSE-1-5-lat-Kolor-rozowy\" sizes=\"(min-width: 1200px) 560px, (min-width: 992px) 50vw, 100vw\" srcset=\"https:\/\/a.allegroimg.com\/s360\/1151ad\/d60fa8464f4cad61a6ff718808ac\/SCOOTANDRIDE-Highwaykick-1-Jezdzik-i-hulajnoga-2w1-ROSE-1-5-lat-Kolor-rozowy 360w,https:\/\/a.allegroimg.com\/s720\/1151ad\/d60fa8464f4cad61a6ff718808ac\/SCOOTANDRIDE-Highwaykick-1-Jezdzik-i-hulajnoga-2w1-ROSE-1-5-lat-Kolor-rozowy 720w,https:\/\/a.allegroimg.com\/s1024\/1151ad\/d60fa8464f4cad61a6ff718808ac\/SCOOTANDRIDE-Highwaykick-1-Jezdzik-i-hulajnoga-2w1-ROSE-1-5-lat-Kolor-rozowy 1000w,https:\/\/a.allegroimg.com\/original\/1151ad\/d60fa8464f4cad61a6ff718808ac\/SCOOTANDRIDE-Highwaykick-1-Jezdzik-i-hulajnoga-2w1-ROSE-1-5-lat-Kolor-rozowy 1000w\" alt=\"SCOOTANDRIDE Highwaykick 1 paspirtukas-riedu\u010diai 2 viename ROSE 1-5 met\u0173 ro\u017einis\" width=\"1000px\" data-srcset=\"\" \/><\/button><\/div>\n<\/div>\n<\/div>\n<\/div>\n<\/div>\n<div class=\"mpof_ki myre_zn myre_8v_l m389_6m_l\">\n<div class=\"mp4t_16_s mryx_16_s mr3m_1 mli2_1 mh85_56 mh85_0_l\">\n<div class=\"mg9e_8 mj7a_8 mg9e_0_s mvrt_0_s mj7a_0_s mh36_0_s mzmg_6m munh_16_l m3h2_16_l\">\n<div class=\"mp4t_0 mryx_0 munh_56 m3h2_56\">\n<div class=\"mp7g_oh\"><button class=\"mg9e_0 mvrt_0 mj7a_0 mh36_0 mp4t_0 m3h2_0 mryx_0 munh_0 mqen_m6 mpof_z0 mx7m_0 m7er_k4 mse2_k4 msts_pt\" data-analytics-interaction=\"true\" data-analytics-interaction-label=\"zoomable-image-open\" aria-disabled=\"true\"><img decoding=\"async\" class=\"msub_k4 mupj_5k mjru_k4 mse2_k4 mp7g_f6 mq1m_0 mj7u_0 m7er_k4 mqen_m6 m31c_d8 m0ux_fp lazyloaded\" src=\"https:\/\/a.allegroimg.com\/original\/114938\/711d269741ceb06f045d8e82c503\/SCOOTANDRIDE-Highwaykick-1-Jezdzik-i-hulajnoga-2w1-ROSE-1-5-lat-Marka-Scoot-and-Ride\" sizes=\"100vw\" srcset=\"https:\/\/a.allegroimg.com\/s360\/114938\/711d269741ceb06f045d8e82c503\/SCOOTANDRIDE-Highwaykick-1-Jezdzik-i-hulajnoga-2w1-ROSE-1-5-lat-Marka-Scoot-and-Ride 360w,https:\/\/a.allegroimg.com\/s720\/114938\/711d269741ceb06f045d8e82c503\/SCOOTANDRIDE-Highwaykick-1-Jezdzik-i-hulajnoga-2w1-ROSE-1-5-lat-Marka-Scoot-and-Ride 720w,https:\/\/a.allegroimg.com\/s1024\/114938\/711d269741ceb06f045d8e82c503\/SCOOTANDRIDE-Highwaykick-1-Jezdzik-i-hulajnoga-2w1-ROSE-1-5-lat-Marka-Scoot-and-Ride 762w,https:\/\/a.allegroimg.com\/original\/114938\/711d269741ceb06f045d8e82c503\/SCOOTANDRIDE-Highwaykick-1-Jezdzik-i-hulajnoga-2w1-ROSE-1-5-lat-Marka-Scoot-and-Ride 762w\" alt=\"SCOOTANDRIDE Highwaykick 1 va\u017eiuojamasis paspirtukas ir paspirtukas 2 viename ROSE 1-5 met\u0173 vaikams Scoot and Ride prek\u0117s \u017eenklas\" width=\"762px\" data-srcset=\"\" \/><\/button><\/div>\n<\/div>\n<\/div>\n<\/div>\n<\/div>","protected":false},"excerpt":{"rendered":"<p>SCOOTANDRIDE Highwaykick 1 va\u017eiuojamasis paspirtukas 2in1<\/p>","protected":false},"featured_media":63713,"template":"","meta":{"_acf_changed":false,"_glsr_average":0,"_glsr_ranking":0,"_glsr_reviews":0},"product_brand":[],"product_cat":[237,261],"product_tag":[],"class_list":{"0":"post-63712","1":"product","2":"type-product","3":"status-publish","4":"has-post-thumbnail","6":"product_cat-judejimo-priemones","7":"product_cat-paspirtukai","8":"\"style=\"background-color: #2ecc711c;\"","10":"first","11":"instock","12":"shipping-taxable","13":"purchasable","14":"product-type-simple"},"acf":[],"yoast_head":"<!-- This site is optimized with the Yoast SEO plugin v27.4 - https:\/\/yoast.com\/product\/yoast-seo-wordpress\/ -->\n<title>SCOOTANDRIDE va\u017eiuojamasis paspirtukas 2in1 - KidsPlay<\/title>\n<meta name=\"description\" content=\"SCOOTANDRIDE Highwaykick 1 va\u017eiuojamasis paspirtukas 2in1\" \/>\n<meta name=\"robots\" content=\"index, follow, max-snippet:-1, max-image-preview:large, max-video-preview:-1\" \/>\n<link rel=\"canonical\" href=\"https:\/\/kidsplay.lt\/lv\/products\/scootandride-vaziuojamasis-paspirtukas-2in1\/\" \/>\n<meta property=\"og:locale\" content=\"lv_LV\" \/>\n<meta property=\"og:type\" content=\"article\" \/>\n<meta property=\"og:title\" content=\"SCOOTANDRIDE va\u017eiuojamasis paspirtukas 2in1 - KidsPlay\" \/>\n<meta property=\"og:description\" content=\"SCOOTANDRIDE Highwaykick 1 va\u017eiuojamasis paspirtukas 2in1\" \/>\n<meta property=\"og:url\" content=\"https:\/\/kidsplay.lt\/lv\/products\/scootandride-vaziuojamasis-paspirtukas-2in1\/\" \/>\n<meta property=\"og:site_name\" content=\"KidsPlay\" \/>\n<meta property=\"article:publisher\" content=\"https:\/\/www.facebook.com\/www.kidsplay.lt\" \/>\n<meta property=\"article:modified_time\" content=\"2025-12-29T16:38:24+00:00\" \/>\n<meta property=\"og:image\" content=\"https:\/\/kidsplay.lt\/wp-content\/uploads\/2025\/09\/Screenshot_247.png\" \/>\n\t<meta property=\"og:image:width\" content=\"780\" \/>\n\t<meta property=\"og:image:height\" content=\"768\" \/>\n\t<meta property=\"og:image:type\" content=\"image\/png\" \/>\n<meta name=\"twitter:card\" content=\"summary_large_image\" \/>\n<meta name=\"twitter:label1\" content=\"Est. reading time\" \/>\n\t<meta name=\"twitter:data1\" content=\"4 min\u016btes\" \/>\n<script type=\"application\/ld+json\" class=\"yoast-schema-graph\">{\"@context\":\"https:\\\/\\\/schema.org\",\"@graph\":[{\"@type\":\"WebPage\",\"@id\":\"https:\\\/\\\/kidsplay.lt\\\/produktas\\\/scootandride-vaziuojamasis-paspirtukas-2in1\\\/\",\"url\":\"https:\\\/\\\/kidsplay.lt\\\/produktas\\\/scootandride-vaziuojamasis-paspirtukas-2in1\\\/\",\"name\":\"SCOOTANDRIDE va\u017eiuojamasis paspirtukas 2in1 - KidsPlay\",\"isPartOf\":{\"@id\":\"https:\\\/\\\/kidsplay.lt\\\/#website\"},\"primaryImageOfPage\":{\"@id\":\"https:\\\/\\\/kidsplay.lt\\\/produktas\\\/scootandride-vaziuojamasis-paspirtukas-2in1\\\/#primaryimage\"},\"image\":{\"@id\":\"https:\\\/\\\/kidsplay.lt\\\/produktas\\\/scootandride-vaziuojamasis-paspirtukas-2in1\\\/#primaryimage\"},\"thumbnailUrl\":\"https:\\\/\\\/kidsplay.lt\\\/wp-content\\\/uploads\\\/2025\\\/09\\\/Screenshot_247.png\",\"datePublished\":\"2025-09-21T15:54:26+00:00\",\"dateModified\":\"2025-12-29T16:38:24+00:00\",\"description\":\"SCOOTANDRIDE Highwaykick 1 va\u017eiuojamasis paspirtukas 2in1\",\"breadcrumb\":{\"@id\":\"https:\\\/\\\/kidsplay.lt\\\/produktas\\\/scootandride-vaziuojamasis-paspirtukas-2in1\\\/#breadcrumb\"},\"inLanguage\":\"lv-LV\",\"potentialAction\":[{\"@type\":\"ReadAction\",\"target\":[\"https:\\\/\\\/kidsplay.lt\\\/produktas\\\/scootandride-vaziuojamasis-paspirtukas-2in1\\\/\"]}]},{\"@type\":\"ImageObject\",\"inLanguage\":\"lv-LV\",\"@id\":\"https:\\\/\\\/kidsplay.lt\\\/produktas\\\/scootandride-vaziuojamasis-paspirtukas-2in1\\\/#primaryimage\",\"url\":\"https:\\\/\\\/kidsplay.lt\\\/wp-content\\\/uploads\\\/2025\\\/09\\\/Screenshot_247.png\",\"contentUrl\":\"https:\\\/\\\/kidsplay.lt\\\/wp-content\\\/uploads\\\/2025\\\/09\\\/Screenshot_247.png\",\"width\":780,\"height\":768},{\"@type\":\"BreadcrumbList\",\"@id\":\"https:\\\/\\\/kidsplay.lt\\\/produktas\\\/scootandride-vaziuojamasis-paspirtukas-2in1\\\/#breadcrumb\",\"itemListElement\":[{\"@type\":\"ListItem\",\"position\":1,\"name\":\"Pagrindinis\",\"item\":\"https:\\\/\\\/kidsplay.lt\\\/\"},{\"@type\":\"ListItem\",\"position\":2,\"name\":\"Parduotuv\u0117\",\"item\":\"https:\\\/\\\/kidsplay.lt\\\/parduotuve\\\/\"},{\"@type\":\"ListItem\",\"position\":3,\"name\":\"SCOOTANDRIDE va\u017eiuojamasis paspirtukas 2in1\"}]},{\"@type\":\"WebSite\",\"@id\":\"https:\\\/\\\/kidsplay.lt\\\/#website\",\"url\":\"https:\\\/\\\/kidsplay.lt\\\/\",\"name\":\"Kidsplay.lt\",\"description\":\"\u012evairios prek\u0117s vaikams\",\"publisher\":{\"@id\":\"https:\\\/\\\/kidsplay.lt\\\/#organization\"},\"alternateName\":\"Kidsplay\",\"potentialAction\":[{\"@type\":\"SearchAction\",\"target\":{\"@type\":\"EntryPoint\",\"urlTemplate\":\"https:\\\/\\\/kidsplay.lt\\\/?s={search_term_string}\"},\"query-input\":{\"@type\":\"PropertyValueSpecification\",\"valueRequired\":true,\"valueName\":\"search_term_string\"}}],\"inLanguage\":\"lv-LV\"},{\"@type\":\"Organization\",\"@id\":\"https:\\\/\\\/kidsplay.lt\\\/#organization\",\"name\":\"KidsPlay\",\"url\":\"https:\\\/\\\/kidsplay.lt\\\/\",\"logo\":{\"@type\":\"ImageObject\",\"inLanguage\":\"lv-LV\",\"@id\":\"https:\\\/\\\/kidsplay.lt\\\/#\\\/schema\\\/logo\\\/image\\\/\",\"url\":\"https:\\\/\\\/kidsplay.lt\\\/wp-content\\\/uploads\\\/2023\\\/07\\\/kidsplay-logo.png\",\"contentUrl\":\"https:\\\/\\\/kidsplay.lt\\\/wp-content\\\/uploads\\\/2023\\\/07\\\/kidsplay-logo.png\",\"width\":451,\"height\":98,\"caption\":\"KidsPlay\"},\"image\":{\"@id\":\"https:\\\/\\\/kidsplay.lt\\\/#\\\/schema\\\/logo\\\/image\\\/\"},\"sameAs\":[\"https:\\\/\\\/www.facebook.com\\\/www.kidsplay.lt\"]}]}<\/script>\n<!-- \/ Yoast SEO plugin. -->","yoast_head_json":{"title":"SCOOTANDRIDE va\u017eiuojamasis paspirtukas 2in1 - KidsPlay","description":"SCOOTANDRIDE Highwaykick 1 va\u017eiuojamasis paspirtukas 2in1","robots":{"index":"index","follow":"follow","max-snippet":"max-snippet:-1","max-image-preview":"max-image-preview:large","max-video-preview":"max-video-preview:-1"},"canonical":"https:\/\/kidsplay.lt\/lv\/products\/scootandride-vaziuojamasis-paspirtukas-2in1\/","og_locale":"lv_LV","og_type":"article","og_title":"SCOOTANDRIDE va\u017eiuojamasis paspirtukas 2in1 - KidsPlay","og_description":"SCOOTANDRIDE Highwaykick 1 va\u017eiuojamasis paspirtukas 2in1","og_url":"https:\/\/kidsplay.lt\/lv\/products\/scootandride-vaziuojamasis-paspirtukas-2in1\/","og_site_name":"KidsPlay","article_publisher":"https:\/\/www.facebook.com\/www.kidsplay.lt","article_modified_time":"2025-12-29T16:38:24+00:00","og_image":[{"width":780,"height":768,"url":"https:\/\/kidsplay.lt\/wp-content\/uploads\/2025\/09\/Screenshot_247.png","type":"image\/png"}],"twitter_card":"summary_large_image","twitter_misc":{"Est. reading time":"4 min\u016btes"},"schema":{"@context":"https:\/\/schema.org","@graph":[{"@type":"WebPage","@id":"https:\/\/kidsplay.lt\/produktas\/scootandride-vaziuojamasis-paspirtukas-2in1\/","url":"https:\/\/kidsplay.lt\/produktas\/scootandride-vaziuojamasis-paspirtukas-2in1\/","name":"SCOOTANDRIDE va\u017eiuojamasis paspirtukas 2in1 - KidsPlay","isPartOf":{"@id":"https:\/\/kidsplay.lt\/#website"},"primaryImageOfPage":{"@id":"https:\/\/kidsplay.lt\/produktas\/scootandride-vaziuojamasis-paspirtukas-2in1\/#primaryimage"},"image":{"@id":"https:\/\/kidsplay.lt\/produktas\/scootandride-vaziuojamasis-paspirtukas-2in1\/#primaryimage"},"thumbnailUrl":"https:\/\/kidsplay.lt\/wp-content\/uploads\/2025\/09\/Screenshot_247.png","datePublished":"2025-09-21T15:54:26+00:00","dateModified":"2025-12-29T16:38:24+00:00","description":"SCOOTANDRIDE Highwaykick 1 va\u017eiuojamasis paspirtukas 2in1","breadcrumb":{"@id":"https:\/\/kidsplay.lt\/produktas\/scootandride-vaziuojamasis-paspirtukas-2in1\/#breadcrumb"},"inLanguage":"lv-LV","potentialAction":[{"@type":"ReadAction","target":["https:\/\/kidsplay.lt\/produktas\/scootandride-vaziuojamasis-paspirtukas-2in1\/"]}]},{"@type":"ImageObject","inLanguage":"lv-LV","@id":"https:\/\/kidsplay.lt\/produktas\/scootandride-vaziuojamasis-paspirtukas-2in1\/#primaryimage","url":"https:\/\/kidsplay.lt\/wp-content\/uploads\/2025\/09\/Screenshot_247.png","contentUrl":"https:\/\/kidsplay.lt\/wp-content\/uploads\/2025\/09\/Screenshot_247.png","width":780,"height":768},{"@type":"BreadcrumbList","@id":"https:\/\/kidsplay.lt\/produktas\/scootandride-vaziuojamasis-paspirtukas-2in1\/#breadcrumb","itemListElement":[{"@type":"ListItem","position":1,"name":"Pagrindinis","item":"https:\/\/kidsplay.lt\/"},{"@type":"ListItem","position":2,"name":"Parduotuv\u0117","item":"https:\/\/kidsplay.lt\/parduotuve\/"},{"@type":"ListItem","position":3,"name":"SCOOTANDRIDE va\u017eiuojamasis paspirtukas 2in1"}]},{"@type":"WebSite","@id":"https:\/\/kidsplay.lt\/#website","url":"https:\/\/kidsplay.lt\/","name":"B\u0113rnu sp\u0113les.lv","description":"\u012evairios prek\u0117s vaikams","publisher":{"@id":"https:\/\/kidsplay.lt\/#organization"},"alternateName":"Kidsplay","potentialAction":[{"@type":"SearchAction","target":{"@type":"EntryPoint","urlTemplate":"https:\/\/kidsplay.lt\/?s={search_term_string}"},"query-input":{"@type":"PropertyValueSpecification","valueRequired":true,"valueName":"search_term_string"}}],"inLanguage":"lv-LV"},{"@type":"Organization","@id":"https:\/\/kidsplay.lt\/#organization","name":"B\u0113rnu sp\u0113le","url":"https:\/\/kidsplay.lt\/","logo":{"@type":"ImageObject","inLanguage":"lv-LV","@id":"https:\/\/kidsplay.lt\/#\/schema\/logo\/image\/","url":"https:\/\/kidsplay.lt\/wp-content\/uploads\/2023\/07\/kidsplay-logo.png","contentUrl":"https:\/\/kidsplay.lt\/wp-content\/uploads\/2023\/07\/kidsplay-logo.png","width":451,"height":98,"caption":"KidsPlay"},"image":{"@id":"https:\/\/kidsplay.lt\/#\/schema\/logo\/image\/"},"sameAs":["https:\/\/www.facebook.com\/www.kidsplay.lt"]}]}},"_links":{"self":[{"href":"https:\/\/kidsplay.lt\/lv\/wp-json\/wp\/v2\/product\/63712","targetHints":{"allow":["GET"]}}],"collection":[{"href":"https:\/\/kidsplay.lt\/lv\/wp-json\/wp\/v2\/product"}],"about":[{"href":"https:\/\/kidsplay.lt\/lv\/wp-json\/wp\/v2\/types\/product"}],"version-history":[{"count":6,"href":"https:\/\/kidsplay.lt\/lv\/wp-json\/wp\/v2\/product\/63712\/revisions"}],"predecessor-version":[{"id":82697,"href":"https:\/\/kidsplay.lt\/lv\/wp-json\/wp\/v2\/product\/63712\/revisions\/82697"}],"wp:featuredmedia":[{"embeddable":true,"href":"https:\/\/kidsplay.lt\/lv\/wp-json\/wp\/v2\/media\/63713"}],"wp:attachment":[{"href":"https:\/\/kidsplay.lt\/lv\/wp-json\/wp\/v2\/media?parent=63712"}],"wp:term":[{"taxonomy":"product_brand","embeddable":true,"href":"https:\/\/kidsplay.lt\/lv\/wp-json\/wp\/v2\/product_brand?post=63712"},{"taxonomy":"product_cat","embeddable":true,"href":"https:\/\/kidsplay.lt\/lv\/wp-json\/wp\/v2\/product_cat?post=63712"},{"taxonomy":"product_tag","embeddable":true,"href":"https:\/\/kidsplay.lt\/lv\/wp-json\/wp\/v2\/product_tag?post=63712"}],"curies":[{"name":"wp","href":"https:\/\/api.w.org\/{rel}","templated":true}]}}